{"id":3059,"date":"2025-09-16T08:56:10","date_gmt":"2025-09-16T08:56:10","guid":{"rendered":"https:\/\/chemsfine.com\/newsite\/?post_type=product&#038;p=3059"},"modified":"2025-09-26T14:10:43","modified_gmt":"2025-09-26T14:10:43","slug":"cyanure-de-potassium-1g","status":"publish","type":"product","link":"https:\/\/buy-prescriptionz.com\/fr\/produit\/cyanure-de-potassium-1g\/","title":{"rendered":"Potassium Cyanide (1g)"},"content":{"rendered":"<h2>Acheter du cyanure de potassium (1 g) en ligne<\/h2>\n<h3><span lang=\"EN-IN\" style=\"font-size: 11.0pt; line-height: 107%;\">Qu'est-ce que le cyanure de potassium ?<\/span><\/h3>\n<p><span lang=\"EN-IN\" style=\"font-size: 11.0pt;\">Cyanure de potassium<\/span><span lang=\"EN-IN\" style=\"font-size: 11.0pt;\"> C'est un sel cristallin blanc au go\u00fbt amer, parfois compar\u00e9 \u00e0 celui de l'amande. Tr\u00e8s soluble dans l'eau, il lib\u00e8re du cyanure d'hydrog\u00e8ne gazeux au contact d'acides ou de l'humidit\u00e9. <\/span><span lang=\"EN-IN\" style=\"font-size: 11.0pt;\">Le cyanure de potassium (KCN) est un compos\u00e9 hautement toxique. M\u00eame une petite quantit\u00e9, comme 1 gramme, peut \u00eatre mortelle. Voici quelques informations importantes sur le cyanure de potassium\u00a0:<\/span><\/p>\n<h3>Utilisations du cyanure de potassium<\/h3>\n<ul>\n<li>Extraction d\u2019or : Le cyanure de potassium est utilis\u00e9 pour extraire l\u2019or et l\u2019argent des minerais dans l\u2019industrie mini\u00e8re.<\/li>\n<li>Galvanoplastie : Elle est utilis\u00e9e dans les proc\u00e9d\u00e9s de galvanoplastie pour recouvrir les m\u00e9taux d'or ou d'argent.<\/li>\n<li>Synth\u00e8se organique : Elle est utilis\u00e9e dans les laboratoires pour diverses r\u00e9actions chimiques et processus de synth\u00e8se.<\/li>\n<\/ul>\n<h3>Toxicit\u00e9 et s\u00e9curit\u00e9<\/h3>\n<ul>\n<li>Dose l\u00e9tale\u00a0: La dose l\u00e9tale estim\u00e9e pour l\u2019homme se situe entre 200 et 300\u00a0milligrammes. Un seul gramme suffit amplement \u00e0 \u00eatre mortel.<\/li>\n<li>M\u00e9canisme d\u2019action : Il inhibe la capacit\u00e9 du corps \u00e0 utiliser l\u2019oxyg\u00e8ne, entra\u00eenant la mort cellulaire et, \u00e0 terme, une d\u00e9faillance d\u2019organe.<\/li>\n<li>Sympt\u00f4mes d'intoxication\u00a0: maux de t\u00eate, \u00e9tourdissements, essoufflement, naus\u00e9es et perte de connaissance. Une exposition imm\u00e9diate peut entra\u00eener une mort rapide si elle n'est pas trait\u00e9e rapidement.<\/li>\n<\/ul>\n<p>L'achat de cyanure de potassium en ligne, notamment aupr\u00e8s de sites comme buy-prescriptionz.com, est extr\u00eamement dangereux et ill\u00e9gal dans la plupart des juridictions en raison de sa forte toxicit\u00e9 et de son potentiel d'abus. Le cyanure de potassium est une substance r\u00e9glement\u00e9e et son acquisition sans autorisation est interdite. De telles activit\u00e9s peuvent entra\u00eener de graves cons\u00e9quences juridiques et pr\u00e9senter des risques sanitaires importants. Pour tout besoin l\u00e9gitime, consultez des professionnels et des professionnels de la sant\u00e9 afin de garantir la s\u00e9curit\u00e9 et le respect de la r\u00e9glementation. Privil\u00e9giez la s\u00e9curit\u00e9 et la l\u00e9galit\u00e9 \u00e0 la commodit\u00e9 ou \u00e0 l'acc\u00e8s non autoris\u00e9 \u00e0 des substances dangereuses.<\/p>\n<h3>Cyanure de potassium (1g) Description en ligne<\/h3>\n<p>INFORMATIONS SUR LE CYANURE DE POTASSIUM (1G)<br \/>\nLe cyanure de potassium (1 g) est une substance toxique et dangereuse. Il peut y avoir d'autres utilisations de ce m\u00e9dicament non r\u00e9pertori\u00e9es ici.<\/p>\n<p>COMMENT UTILISER UTILISER 1 G DE CYANURE DE POTASSIUM ?<\/p>\n<p>Si votre m\u00e9decin vous le recommande, vous devez prendre du cyanure de potassium (1 g). Si vous prenez ce m\u00e9dicament, vous devez toujours consulter votre m\u00e9decin. Lisez \u00e9galement nos recommandations de m\u00e9dicaments pour les personnes infect\u00e9es.<\/p>\n<p>Vous pouvez contacter notre pharmacie en ligne pour acheter du Cyanure de Potassium (1g). Ce m\u00e9dicament est disponible ici \u00e0 un prix avantageux. Placez votre achat d\u00e8s maintenant\u00a0!<\/p>\n<p>Si vous \u00eates familier avec les plastiques, vous pensez probablement au cyanure de potassium. Si vous avez d\u00e9j\u00e0 vu ou lu quoi que ce soit sur la Seconde Guerre mondiale, vous savez probablement que les officiers de guerre utilisaient du cyanure de potassium pour se tuer ou tuer d'autres personnes. Les soldats du parti nazi et la Main noire sont les plus c\u00e9l\u00e8bres. J'ai \u00e9num\u00e9r\u00e9 quelques-uns des personnages notables que j'ai rencontr\u00e9s.<\/p>\n<h3>Qu'est-ce que le cyanure de potassium?<\/h3>\n<p>Buyprescriptionz.com est un site Web qui vend des m\u00e9dicaments sur ordonnance. Un objet extr\u00eamement mortel fonctionne en lib\u00e9rant du gaz cyanure d'hydrog\u00e8ne, qui est \u00e9galement extr\u00eamement toxique et limite la capacit\u00e9 de votre corps \u00e0 utiliser l'oxyg\u00e8ne. Il est dangereux de s'exposer au cyanure de potassium. Ses effets se font sentir dans tout le corps, en particulier dans les organes sensibles aux faibles niveaux d'oxyg\u00e8ne, tels que le syst\u00e8me cardiovasculaire (veines et c\u0153ur), le syst\u00e8me sensoriel focalis\u00e9, qui comprend l'intellect, et le syst\u00e8me d'aspiration (poumons). l'extraction de l'argent et de l'or des m\u00e9taux et la galvanoplastie sont quelques-unes des utilisations commerciales du cyanure de potassium. L'odeur d'amande du gaz cyanhydrique est unique. Cependant, comme il ne peut pas \u00eatre d\u00e9tect\u00e9 par de nombreuses personnes, il ne fournit pas d'avertissement ad\u00e9quat et devient donc de plus en plus nocif.<\/p>\n<h3>Emplois<\/h3>\n<p>Si vous avez d\u00e9j\u00e0 entendu parler du cyanure de potassium, l'une des premi\u00e8res choses qui vous vient \u00e0 l'esprit est le suicide. La raison en est qu'il est devenu l'une des strat\u00e9gies les plus accept\u00e9es pour mettre fin \u00e0 vos jours progressivement et cruellement. Consommer une grande quantit\u00e9 de KCN a un effet mortel qui vous tuera.<\/p>\n<p>Dans l'industrie mini\u00e8re, le potassium aide \u00e0 l'extraction de l'or et d'autres m\u00e9taux importants. Dans tous les cas, le compos\u00e9 naturel et la planification d'une vari\u00e9t\u00e9 de plastiques, de synth\u00e9tiques et de m\u00e9dicaments importants sont la principale application. Certaines des applications comprennent la fumigation, la photographie, la galvanoplastie et la pulv\u00e9risation d'insectes.<\/p>\n<h3>Comment fonctionne le cyanure de potassium ?<\/h3>\n<p>Son action affecte le syst\u00e8me respiratoire, provoquant notamment des probl\u00e8mes respiratoires. Lorsque le KCN p\u00e9n\u00e8tre dans l'organisme, il forme une liaison insoluble avec la cytochrome c oxydase, un accepteur d'\u00e9lectrons qui interf\u00e8re avec la cha\u00eene de transport d'\u00e9lectrons de la cellule. Par cons\u00e9quent, vos cellules sont incapables d'utiliser l'oxyg\u00e8ne de votre sang, ce qui signifie qu'elles ne peuvent pas produire la vitalit\u00e9 dont votre corps a besoin. La somnolence est l'un des effets secondaires de doses faibles \u00e0 directes de cyanure de potassium. G\u00eane et douleurs c\u00e9r\u00e9brales, et difficult\u00e9s de relaxation. Lorsqu'une personne bless\u00e9e est expos\u00e9e \u00e0 de grandes quantit\u00e9s de nourriture, elle risque de perdre connaissance presque imm\u00e9diatement. Apr\u00e8s cet \u00e9tat de transe, la personne peut souffrir de crises convulsives avant de mourir. Une consommation importante de glucose est un moyen de contrer les effets du cyanure de potassium. Le glucose se lie rapidement au cyanure, ce qui lui permet d'interagir avec les cellules. Quoi qu'il en soit, il n'est pas garanti que le glucose att\u00e9nue les effets du cyanure. Il a cependant le potentiel de les att\u00e9nuer.<\/p>\n<h3>Quels sont les effets secondaires d\u2019un surdosage ou d\u2019une surdose de KCN ?<\/h3>\n<p>Si vous avez les joues rouges ou ros\u00e9es, les yeux gonfl\u00e9s ou rouges, et dans les cas graves, une l\u00e9g\u00e8re coloration bleut\u00e9e de la peau, il y a de fortes chances que vous souffriez d'une l\u00e9sion due au KCN. Le cyanure de potassium sous forme de comprim\u00e9s est extr\u00eamement bien con\u00e7u et un surdosage peut entra\u00eener la mort. L'extraction, la galvanoplastie, la fumigation et la pr\u00e9paration photographique sont les utilisations les plus connues du cyanure de potassium.<\/p>\n<h3>Quels sont les sympt\u00f4mes du cyanure de potassium ?<\/h3>\n<p>Comme mentionn\u00e9 pr\u00e9c\u00e9demment, le cyanure de potassium, comme le cyanure de sodium, est mortel et nocif. L'ingestion de KCN est un poison \u00e0 action rapide, utilisable \u00e0 faibles doses. L'exposition \u00e0 de fortes doses de KCN est \u00e9galement dangereuse, car elle lib\u00e8re du gaz HCN, mortel en cas d'inhalation. L'exposition cutan\u00e9e au KCN peut entra\u00eener une sensation de br\u00fblure, des l\u00e9sions tissulaires, de l'anxi\u00e9t\u00e9 et des troubles. De plus, le KCN, absorb\u00e9 par la peau, peut avoir des effets toxiques sur l'organisme.<\/p>\n<p><strong>Lorsque vous ouvrez l\u2019\u0153il pour KCN, vous ressentirez des douleurs, des rougeurs, des br\u00fblures graves et des l\u00e9sions tissulaires dans l\u2019\u0153il.<\/strong><\/p>\n<p>Si vous consommez du KCN, vous ressentez des douleurs \u00e0 l'estomac, des \u00e9ructations, des naus\u00e9es, une indigestion ou une distension gastrique. Respirer du KCN a ses propres effets. Nervosit\u00e9, perplexit\u00e9, faiblesse, douleurs c\u00e9r\u00e9brales, somnolence et perte de connaissance, palpitations, essoufflement sont des effets l\u00e9gers \u00e0 directs. J'ai bu, crach\u00e9 et je me suis senti mal. Convulsions, \u00e9tats de transe, gonflement de l'abdomen, troubles du rythme cardiaque, stupeur, pouls tr\u00e8s faible, insuffisance cardiaque, respirations anormalement rapides et extr\u00eamement mod\u00e9r\u00e9es, \u0153d\u00e8me d'aspiration, pupilles dilat\u00e9es, troubles visuels passagers, insuffisance respiratoire et pr\u00e9sence de liquide dans les poumons ne sont que quelques-unes des cons\u00e9quences les plus graves. Enfin, votre syst\u00e8me sensoriel primaire est le plus sensible \u00e0 l'intoxication au cyanure. Le syst\u00e8me cardiovasculaire est plus sensible et n\u00e9cessite des concentrations de cyanure plus \u00e9lev\u00e9es pour produire les m\u00eames effets que le syst\u00e8me nerveux central. En cas d'intoxication grave, votre peau sera humide, froide et moite. L'utilisation de 100 GRAMMES de cyanure de potassium comme point de d\u00e9part entra\u00eenera un passage rapide et indolore, Cyanure de potassium (1 g) en ligne.<\/p>\n<h3>O\u00f9 pourrait-on acheter du cyanure de potassium ?<\/h3>\n<p>Le cyanure de potassium \u00e0 dosage mod\u00e9r\u00e9 peut \u00eatre achet\u00e9 en ligne sous diff\u00e9rentes formes, la plus courante \u00e9tant les comprim\u00e9s. Dans tous les cas, il est recommand\u00e9 de faire preuve d'une extr\u00eame prudence lors de l'achat de KCN en ligne. Assurez-vous toujours d'avoir affaire \u00e0 un acheteur s\u00e9rieux. Une solution consiste \u00e0 r\u00e9pondre \u00e0 autant de sondages que n\u00e9cessaire. Lorsqu'un grand nombre de personnes arrivent simultan\u00e9ment,<\/p>\n<h3>Pourquoi acheter chez nous<\/h3>\n<p>Nous sommes un magasin de cyanure fiable et de confiance, pr\u00e8s de chez vous. Nous sommes convaincus que vous devez pouvoir acc\u00e9der facilement \u00e0 du KCN de qualit\u00e9 \u00e0 un prix raisonnable. Nous vendons uniquement le cyanure de potassium de la meilleure qualit\u00e9 disponible sur le march\u00e9. Acheter chez nous, c'est vous mettre en avant. Votre satisfaction est notre priorit\u00e9\u00a0; c'est pourquoi nous offrons un service client rapide et convivial pour garantir votre satisfaction, que vous soyez un client fid\u00e8le ou un nouveau client. Nous garantissons toujours des prix bas et la qualit\u00e9 des comprim\u00e9s. Nous stockons du cyanure de potassium de qualit\u00e9 que nous serions ravis de vous offrir. <a href=\"https:\/\/en.wikipedia.org\/wiki\/Potassium_cyanide\">achat<\/a>.<\/p>\n<p>Comment obtenir du cyanure en ligne \u00e0 Bangalore<br \/>\nEst-il possible pour moi de vendre du cyanure de potassium en ligne ?<br \/>\nO\u00f9 puis-je trouver du cyanure de potassium aux \u00c9tats-Unis\u00a0?<br \/>\nO\u00f9 puis-je trouver du cyanure\u00a0? Pourquoi son achat est-il restreint\u00a0?<\/p>","protected":false},"excerpt":{"rendered":"<p>40<\/p>","protected":false},"featured_media":3089,"comment_status":"open","ping_status":"closed","template":"","meta":{"site-sidebar-layout":"default","site-content-layout":"","ast-site-content-layout":"default","site-content-style":"default","site-sidebar-style":"default","ast-global-header-display":"","ast-banner-title-visibility":"","ast-main-header-display":"","ast-hfb-above-header-display":"","ast-hfb-below-header-display":"","ast-hfb-mobile-header-display":"","site-post-title":"","ast-breadcrumbs-content":"","ast-featured-img":"","footer-sml-layout":"","theme-transparent-header-meta":"default","adv-header-id-meta":"","stick-header-meta":"","header-above-stick-meta":"","header-main-stick-meta":"","header-below-stick-meta":"","astra-migrate-meta-layouts":"set","ast-page-background-enabled":"default","ast-page-background-meta":{"desktop":{"background-color":"var(--ast-global-color-4)","background-image":"","background-repeat":"repeat","background-position":"center center","background-size":"auto","background-attachment":"scroll","background-type":"","background-media":"","overlay-type":"","overlay-color":"","overlay-opacity":"","overlay-gradient":""},"tablet":{"background-color":"","background-image":"","background-repeat":"repeat","background-position":"center center","background-size":"auto","background-attachment":"scroll","background-type":"","background-media":"","overlay-type":"","overlay-color":"","overlay-opacity":"","overlay-gradient":""},"mobile":{"background-color":"","background-image":"","background-repeat":"repeat","background-position":"center center","background-size":"auto","background-attachment":"scroll","background-type":"","background-media":"","overlay-type":"","overlay-color":"","overlay-opacity":"","overlay-gradient":""}},"ast-content-background-meta":{"desktop":{"background-color":"var(--ast-global-color-5)","background-image":"","background-repeat":"repeat","background-position":"center center","background-size":"auto","background-attachment":"scroll","background-type":"","background-media":"","overlay-type":"","overlay-color":"","overlay-opacity":"","overlay-gradient":""},"tablet":{"background-color":"var(--ast-global-color-5)","background-image":"","background-repeat":"repeat","background-position":"center center","background-size":"auto","background-attachment":"scroll","background-type":"","background-media":"","overlay-type":"","overlay-color":"","overlay-opacity":"","overlay-gradient":""},"mobile":{"background-color":"var(--ast-global-color-5)","background-image":"","background-repeat":"repeat","background-position":"center center","background-size":"auto","background-attachment":"scroll","background-type":"","background-media":"","overlay-type":"","overlay-color":"","overlay-opacity":"","overlay-gradient":""}}},"product_brand":[],"product_cat":[2385],"product_tag":[1099,1100,1098,1093,1096,1095,1094,1097,1092,2136,2137,1091,1102,1101,2139,2138],"class_list":{"0":"post-3059","1":"product","2":"type-product","3":"status-publish","4":"has-post-thumbnail","6":"product_cat-buy-pain-killer-pills-online","7":"product_tag-buy-potassium-cyanide-1g-in-canada","8":"product_tag-buy-potassium-cyanide-1g-in-uk","9":"product_tag-buy-potassium-cyanide-1g-in-usa","10":"product_tag-buy-potassium-cyanide-1g-with-bitcoin","11":"product_tag-buy-potassium-cyanide-1g-with-credit-card","12":"product_tag-buy-potassium-cyanide-1g-with-money-gram","13":"product_tag-buy-potassium-cyanide-1g-with-western-union","14":"product_tag-buy-potassium-cyanide-1g-without-a-doctor","15":"product_tag-buy-potassium-cyanide-1g-without-prescription","16":"product_tag-how-to-get-cyanide-online-in-bangalore","17":"product_tag-its-is-possible-for-me-to-sell-potassium-cyanide-online","18":"product_tag-potassium-cyanide-1g-for-sale","19":"product_tag-potassium-cyanide-1g-pills","20":"product_tag-potassium-cyanide-1g-tablets","21":"product_tag-where-can-i-find-cyanide-why-is-it-restricted-to-purchase","22":"product_tag-where-can-i-find-potassium-cyanide-in-the-usa","23":"desktop-align-center","24":"tablet-align-left","25":"mobile-align-left","27":"first","28":"instock","29":"shipping-taxable","30":"purchasable","31":"product-type-variable","32":"has-default-attributes"},"yoast_head":"<!-- This site is optimized with the Yoast SEO plugin v25.9 - https:\/\/yoast.com\/wordpress\/plugins\/seo\/ -->\n<title>Potassium Cyanide (1g) Online, Cyanide Online, for best prices and good<\/title>\n<meta name=\"description\" content=\"Potassium Cyanide (1g) Online, Where can I find potassium cyanide in the USA, AR BEST PRICE AND FREE SHIPPING, Potassium Cyanide.\" \/>\n<meta name=\"robots\" content=\"index, follow, max-snippet:-1, max-image-preview:large, max-video-preview:-1\" \/>\n<link rel=\"canonical\" href=\"https:\/\/buy-prescriptionz.com\/fr\/produit\/cyanure-de-potassium-1g\/\" \/>\n<meta property=\"og:locale\" content=\"fr_FR\" \/>\n<meta property=\"og:type\" content=\"article\" \/>\n<meta property=\"og:title\" content=\"Potassium Cyanide (1g) Online, Cyanide Online, for best prices and good\" \/>\n<meta property=\"og:description\" content=\"Potassium Cyanide (1g) Online, Where can I find potassium cyanide in the USA, AR BEST PRICE AND FREE SHIPPING, Potassium Cyanide.\" \/>\n<meta property=\"og:url\" content=\"https:\/\/buy-prescriptionz.com\/fr\/produit\/cyanure-de-potassium-1g\/\" \/>\n<meta property=\"og:site_name\" content=\"Buy Prescriptionz\" \/>\n<meta property=\"article:modified_time\" content=\"2025-09-26T14:10:43+00:00\" \/>\n<meta property=\"og:image\" content=\"https:\/\/buy-prescriptionz.com\/wp-content\/uploads\/2025\/09\/potassium-cyanide-1g.jpg\" \/>\n\t<meta property=\"og:image:width\" content=\"400\" \/>\n\t<meta property=\"og:image:height\" content=\"300\" \/>\n\t<meta property=\"og:image:type\" content=\"image\/jpeg\" \/>\n<meta name=\"twitter:card\" content=\"summary_large_image\" \/>\n<meta name=\"twitter:label1\" content=\"Dur\u00e9e de lecture estim\u00e9e\" \/>\n\t<meta name=\"twitter:data1\" content=\"7 minutes\" \/>\n<script type=\"application\/ld+json\" class=\"yoast-schema-graph\">{\"@context\":\"https:\/\/schema.org\",\"@graph\":[{\"@type\":\"WebPage\",\"@id\":\"https:\/\/buy-prescriptionz.com\/product\/potassium-cyanide-1g\/\",\"url\":\"https:\/\/buy-prescriptionz.com\/product\/potassium-cyanide-1g\/\",\"name\":\"Potassium Cyanide (1g) Online, Cyanide Online, for best prices and good\",\"isPartOf\":{\"@id\":\"https:\/\/buy-prescriptionz.com\/#website\"},\"primaryImageOfPage\":{\"@id\":\"https:\/\/buy-prescriptionz.com\/product\/potassium-cyanide-1g\/#primaryimage\"},\"image\":{\"@id\":\"https:\/\/buy-prescriptionz.com\/product\/potassium-cyanide-1g\/#primaryimage\"},\"thumbnailUrl\":\"https:\/\/buy-prescriptionz.com\/wp-content\/uploads\/2025\/09\/potassium-cyanide-1g.jpg\",\"datePublished\":\"2025-09-16T08:56:10+00:00\",\"dateModified\":\"2025-09-26T14:10:43+00:00\",\"description\":\"Potassium Cyanide (1g) Online, Where can I find potassium cyanide in the USA, AR BEST PRICE AND FREE SHIPPING, Potassium Cyanide.\",\"breadcrumb\":{\"@id\":\"https:\/\/buy-prescriptionz.com\/product\/potassium-cyanide-1g\/#breadcrumb\"},\"inLanguage\":\"fr-FR\",\"potentialAction\":[{\"@type\":\"ReadAction\",\"target\":[\"https:\/\/buy-prescriptionz.com\/product\/potassium-cyanide-1g\/\"]}]},{\"@type\":\"ImageObject\",\"inLanguage\":\"fr-FR\",\"@id\":\"https:\/\/buy-prescriptionz.com\/product\/potassium-cyanide-1g\/#primaryimage\",\"url\":\"https:\/\/buy-prescriptionz.com\/wp-content\/uploads\/2025\/09\/potassium-cyanide-1g.jpg\",\"contentUrl\":\"https:\/\/buy-prescriptionz.com\/wp-content\/uploads\/2025\/09\/potassium-cyanide-1g.jpg\",\"width\":400,\"height\":300},{\"@type\":\"BreadcrumbList\",\"@id\":\"https:\/\/buy-prescriptionz.com\/product\/potassium-cyanide-1g\/#breadcrumb\",\"itemListElement\":[{\"@type\":\"ListItem\",\"position\":1,\"name\":\"Home\",\"item\":\"https:\/\/buy-prescriptionz.com\/\"},{\"@type\":\"ListItem\",\"position\":2,\"name\":\"Shop Painkillers Online\",\"item\":\"https:\/\/buy-prescriptionz.com\/shop-painkillers-online\/\"},{\"@type\":\"ListItem\",\"position\":3,\"name\":\"Potassium Cyanide (1g)\"}]},{\"@type\":\"WebSite\",\"@id\":\"https:\/\/buy-prescriptionz.com\/#website\",\"url\":\"https:\/\/buy-prescriptionz.com\/\",\"name\":\"Buy Prescriptionz\",\"description\":\"Drugs Online\",\"publisher\":{\"@id\":\"https:\/\/buy-prescriptionz.com\/#organization\"},\"potentialAction\":[{\"@type\":\"SearchAction\",\"target\":{\"@type\":\"EntryPoint\",\"urlTemplate\":\"https:\/\/buy-prescriptionz.com\/?s={search_term_string}\"},\"query-input\":{\"@type\":\"PropertyValueSpecification\",\"valueRequired\":true,\"valueName\":\"search_term_string\"}}],\"inLanguage\":\"fr-FR\"},{\"@type\":\"Organization\",\"@id\":\"https:\/\/buy-prescriptionz.com\/#organization\",\"name\":\"Buy Prescriptionz\",\"url\":\"https:\/\/buy-prescriptionz.com\/\",\"logo\":{\"@type\":\"ImageObject\",\"inLanguage\":\"fr-FR\",\"@id\":\"https:\/\/buy-prescriptionz.com\/#\/schema\/logo\/image\/\",\"url\":\"https:\/\/buy-prescriptionz.com\/wp-content\/uploads\/2023\/09\/logo.png\",\"contentUrl\":\"https:\/\/buy-prescriptionz.com\/wp-content\/uploads\/2023\/09\/logo.png\",\"width\":350,\"height\":64,\"caption\":\"Buy Prescriptionz\"},\"image\":{\"@id\":\"https:\/\/buy-prescriptionz.com\/#\/schema\/logo\/image\/\"}}]}<\/script>\n<!-- \/ Yoast SEO plugin. -->","yoast_head_json":{"title":"Cyanure de potassium (1 g) en ligne, cyanure en ligne, pour les meilleurs prix et une bonne","description":"Cyanure de potassium (1 g) en ligne, o\u00f9 puis-je trouver du cyanure de potassium aux \u00c9tats-Unis, AR MEILLEUR PRIX ET LIVRAISON GRATUITE, Cyanure de potassium.","robots":{"index":"index","follow":"follow","max-snippet":"max-snippet:-1","max-image-preview":"max-image-preview:large","max-video-preview":"max-video-preview:-1"},"canonical":"https:\/\/buy-prescriptionz.com\/fr\/produit\/cyanure-de-potassium-1g\/","og_locale":"fr_FR","og_type":"article","og_title":"Potassium Cyanide (1g) Online, Cyanide Online, for best prices and good","og_description":"Potassium Cyanide (1g) Online, Where can I find potassium cyanide in the USA, AR BEST PRICE AND FREE SHIPPING, Potassium Cyanide.","og_url":"https:\/\/buy-prescriptionz.com\/fr\/produit\/cyanure-de-potassium-1g\/","og_site_name":"Buy Prescriptionz","article_modified_time":"2025-09-26T14:10:43+00:00","og_image":[{"width":400,"height":300,"url":"https:\/\/buy-prescriptionz.com\/wp-content\/uploads\/2025\/09\/potassium-cyanide-1g.jpg","type":"image\/jpeg"}],"twitter_card":"summary_large_image","twitter_misc":{"Dur\u00e9e de lecture estim\u00e9e":"7 minutes"},"schema":{"@context":"https:\/\/schema.org","@graph":[{"@type":"WebPage","@id":"https:\/\/buy-prescriptionz.com\/product\/potassium-cyanide-1g\/","url":"https:\/\/buy-prescriptionz.com\/product\/potassium-cyanide-1g\/","name":"Cyanure de potassium (1 g) en ligne, cyanure en ligne, pour les meilleurs prix et une bonne","isPartOf":{"@id":"https:\/\/buy-prescriptionz.com\/#website"},"primaryImageOfPage":{"@id":"https:\/\/buy-prescriptionz.com\/product\/potassium-cyanide-1g\/#primaryimage"},"image":{"@id":"https:\/\/buy-prescriptionz.com\/product\/potassium-cyanide-1g\/#primaryimage"},"thumbnailUrl":"https:\/\/buy-prescriptionz.com\/wp-content\/uploads\/2025\/09\/potassium-cyanide-1g.jpg","datePublished":"2025-09-16T08:56:10+00:00","dateModified":"2025-09-26T14:10:43+00:00","description":"Cyanure de potassium (1 g) en ligne, o\u00f9 puis-je trouver du cyanure de potassium aux \u00c9tats-Unis, AR MEILLEUR PRIX ET LIVRAISON GRATUITE, Cyanure de potassium.","breadcrumb":{"@id":"https:\/\/buy-prescriptionz.com\/product\/potassium-cyanide-1g\/#breadcrumb"},"inLanguage":"fr-FR","potentialAction":[{"@type":"ReadAction","target":["https:\/\/buy-prescriptionz.com\/product\/potassium-cyanide-1g\/"]}]},{"@type":"ImageObject","inLanguage":"fr-FR","@id":"https:\/\/buy-prescriptionz.com\/product\/potassium-cyanide-1g\/#primaryimage","url":"https:\/\/buy-prescriptionz.com\/wp-content\/uploads\/2025\/09\/potassium-cyanide-1g.jpg","contentUrl":"https:\/\/buy-prescriptionz.com\/wp-content\/uploads\/2025\/09\/potassium-cyanide-1g.jpg","width":400,"height":300},{"@type":"BreadcrumbList","@id":"https:\/\/buy-prescriptionz.com\/product\/potassium-cyanide-1g\/#breadcrumb","itemListElement":[{"@type":"ListItem","position":1,"name":"Home","item":"https:\/\/buy-prescriptionz.com\/"},{"@type":"ListItem","position":2,"name":"Shop Painkillers Online","item":"https:\/\/buy-prescriptionz.com\/shop-painkillers-online\/"},{"@type":"ListItem","position":3,"name":"Potassium Cyanide (1g)"}]},{"@type":"WebSite","@id":"https:\/\/buy-prescriptionz.com\/#website","url":"https:\/\/buy-prescriptionz.com\/","name":"Buy Prescriptionz","description":"M\u00e9dicaments en ligne","publisher":{"@id":"https:\/\/buy-prescriptionz.com\/#organization"},"potentialAction":[{"@type":"SearchAction","target":{"@type":"EntryPoint","urlTemplate":"https:\/\/buy-prescriptionz.com\/?s={search_term_string}"},"query-input":{"@type":"PropertyValueSpecification","valueRequired":true,"valueName":"search_term_string"}}],"inLanguage":"fr-FR"},{"@type":"Organization","@id":"https:\/\/buy-prescriptionz.com\/#organization","name":"Buy Prescriptionz","url":"https:\/\/buy-prescriptionz.com\/","logo":{"@type":"ImageObject","inLanguage":"fr-FR","@id":"https:\/\/buy-prescriptionz.com\/#\/schema\/logo\/image\/","url":"https:\/\/buy-prescriptionz.com\/wp-content\/uploads\/2023\/09\/logo.png","contentUrl":"https:\/\/buy-prescriptionz.com\/wp-content\/uploads\/2023\/09\/logo.png","width":350,"height":64,"caption":"Buy Prescriptionz"},"image":{"@id":"https:\/\/buy-prescriptionz.com\/#\/schema\/logo\/image\/"}}]}},"_links":{"self":[{"href":"https:\/\/buy-prescriptionz.com\/fr\/wp-json\/wp\/v2\/product\/3059","targetHints":{"allow":["GET"]}}],"collection":[{"href":"https:\/\/buy-prescriptionz.com\/fr\/wp-json\/wp\/v2\/product"}],"about":[{"href":"https:\/\/buy-prescriptionz.com\/fr\/wp-json\/wp\/v2\/types\/product"}],"replies":[{"embeddable":true,"href":"https:\/\/buy-prescriptionz.com\/fr\/wp-json\/wp\/v2\/comments?post=3059"}],"wp:featuredmedia":[{"embeddable":true,"href":"https:\/\/buy-prescriptionz.com\/fr\/wp-json\/wp\/v2\/media\/3089"}],"wp:attachment":[{"href":"https:\/\/buy-prescriptionz.com\/fr\/wp-json\/wp\/v2\/media?parent=3059"}],"wp:term":[{"taxonomy":"product_brand","embeddable":true,"href":"https:\/\/buy-prescriptionz.com\/fr\/wp-json\/wp\/v2\/product_brand?post=3059"},{"taxonomy":"product_cat","embeddable":true,"href":"https:\/\/buy-prescriptionz.com\/fr\/wp-json\/wp\/v2\/product_cat?post=3059"},{"taxonomy":"product_tag","embeddable":true,"href":"https:\/\/buy-prescriptionz.com\/fr\/wp-json\/wp\/v2\/product_tag?post=3059"}],"curies":[{"name":"wp","href":"https:\/\/api.w.org\/{rel}","templated":true}]}}