{"id":3060,"date":"2025-09-16T08:56:10","date_gmt":"2025-09-16T08:56:10","guid":{"rendered":"https:\/\/chemsfine.com\/newsite\/?post_type=product&#038;p=3060"},"modified":"2025-09-24T14:15:45","modified_gmt":"2025-09-24T14:15:45","slug":"acheter-oxycontin-online-3","status":"publish","type":"product","link":"https:\/\/buy-prescriptionz.com\/fr\/produit\/acheter-oxycontin-online-3\/","title":{"rendered":"Acheter de l'Oxycontin en ligne"},"content":{"rendered":"<h1>Acheter de l'Oxycontin en ligne<\/h1>\n<p>Ce m\u00e9dicament est utilis\u00e9 pour soulager les douleurs intenses et persistantes, comme celles caus\u00e9es par le cancer. L'oxycodone est un anesth\u00e9sique opio\u00efde, un type d'analg\u00e9sique. Son action sur le cerveau modifie la perception de la douleur. Vous ne devez prendre les formes les plus fortes de ce m\u00e9dicament (plus de 40 milligrammes par comprim\u00e9) que si vous avez pris r\u00e9guli\u00e8rement des doses mod\u00e9r\u00e9es \u00e0 \u00e9lev\u00e9es d'un analg\u00e9sique opio\u00efde. Si une personne ne prend pas r\u00e9guli\u00e8rement d'analg\u00e9siques, elle risque une overdose, voire le d\u00e9c\u00e8s. L'oxycodone \u00e0 lib\u00e9ration prolong\u00e9e ne doit pas \u00eatre utilis\u00e9e pour traiter les douleurs l\u00e9g\u00e8res ou celles qui disparaissent en quelques jours. Vous ne devez pas utiliser ce m\u00e9dicament \u00ab\u00a0au besoin\u00a0\u00bb ou seulement occasionnellement.<\/p>\n<h2>Acheter Oxycontin en ligne - La science de l'OxyCotin<\/h2>\n<p>La charge atomique de ce m\u00e9dicament a \u00e9t\u00e9 d\u00e9termin\u00e9e comme \u00e9tant de 315,364 g\/mol. La temp\u00e9rature d'entreposage prescrite pour les m\u00e9dicaments est soit la temp\u00e9rature ambiante, soit entre 20oC et 25oC. Pour conserver le m\u00e9dicament pendant une longue p\u00e9riode, il est recommand\u00e9 de le conserver \u00e0 basse temp\u00e9rature, soit \u00e0 - 20oC. On sait que la s\u00e9curit\u00e9 des particules de ce m\u00e9dicament est \u00e9quivalente ou sup\u00e9rieure \u00e0 quelques ann\u00e9es.<\/p>\n<p>Les recettes synth\u00e9tiques du sulfate de morphine sont C18H21NO4.<\/p>\n<h3>Quels types d\u2019oxycodone existe-t-il ?<\/h3>\n<p>L'oxycodone existe sous de nombreux noms, comme Endone, OxyContin et OxyNorm. Il existe diff\u00e9rentes formes et quantit\u00e9s, notamment\u00a0: suppositoires, comprim\u00e9s, pilules et boissons. Certaines pr\u00e9parations agissent imm\u00e9diatement. Certains m\u00e9dicaments \u00e0 lib\u00e9ration prolong\u00e9e agissent plus lentement, leur efficacit\u00e9 \u00e9tant donc prolong\u00e9e. La meilleure oxycodone ne peut \u00eatre obtenue que sur ordonnance.<\/p>\n<h3>Quels autres m\u00e9dicaments peuvent rendre l\u2019OxyContin moins efficace\u00a0?<\/h3>\n<p>Certains m\u00e9dicaments peuvent entra\u00eener des difficult\u00e9s respiratoires ou des sympt\u00f4mes de sevrage au d\u00e9but ou \u00e0 l'arr\u00eat de leur prise. Si vous prenez \u00e9galement un antibiotique, un antifongique, un m\u00e9dicament pour le c\u0153ur ou l'hypertension, un anticonvulsivant ou un m\u00e9dicament contre le VIH ou l'h\u00e9patite C, vous devez en informer votre m\u00e9decin.<\/p>\n<p>Si vous prenez ce m\u00e9dicament depuis longtemps ou en grande quantit\u00e9, son arr\u00eat brutal pourrait entra\u00eener des sympt\u00f4mes de sevrage. Votre m\u00e9decin pourra r\u00e9duire progressivement votre dose pour \u00e9viter les sympt\u00f4mes de sevrage. Pr\u00e9venez imm\u00e9diatement votre m\u00e9decin ou votre pharmacien si vous pr\u00e9sentez des signes de sevrage, tels qu'agitation, changements d'humeur (inqui\u00e9tude, troubles du sommeil ou pens\u00e9es suicidaires), larmoiements ou nez rouge, naus\u00e9es, diarrh\u00e9e, sueurs, douleurs musculaires ou changements brusques d'attitude. Vous pouvez facilement acheter ce m\u00e9dicament aupr\u00e8s de la meilleure pharmacie\u00a0: Buy-Prescriptionz.com.<\/p>\n<h3>Utilisation de l'OxyCotin<\/h3>\n<p>peut cr\u00e9er une d\u00e9pendance, m\u00eame \u00e0 des doses normales. Les patients doivent prendre ce m\u00e9dicament exactement comme le sp\u00e9cialiste l'a approuv\u00e9. Les patients ne doivent pas le transmettre \u00e0 d'autres personnes. L'abus de ce m\u00e9dicament peut entra\u00eener un surdosage, une fixation et m\u00eame des d\u00e9c\u00e8s, en particulier chez les enfants.<\/p>\n<p>La prise du m\u00e9dicament pendant la grossesse peut entra\u00eener des indications de sevrage p\u00e9rilleuses pour l'enfant \u00e0 na\u00eetre.<\/p>\n<p>Ne buvez pas d'alcool lorsque vous prenez ce m\u00e9dicament, car il peut provoquer des r\u00e9actions mortelles.<\/p>\n<p>Assurez-vous que vous \u00eates tol\u00e9rant \u00e0 l'OxyContin. De plus, ce m\u00e9dicament ne doit pas \u00eatre administr\u00e9 aux enfants de plus de 11 ans.<\/p>\n<p>Informez votre m\u00e9decin traitant de l'accompagnement pour garantir que ce m\u00e9dicament vous convient.<\/p>\n<p>Des ant\u00e9c\u00e9dents marqu\u00e9s par une tumeur c\u00e9r\u00e9brale, un traumatisme cr\u00e2nien ou des crises d'\u00e9pilepsie.<\/p>\n<p>Un pass\u00e9 marqu\u00e9 par l'asservissement \u00e0 l'alcool, la maltraitance s\u00e9dentaire ou l'instabilit\u00e9 psychologique.<\/p>\n<p>Infection des reins ou du foie<\/p>\n<p>Le probl\u00e8me du pancr\u00e9as, de la v\u00e9sicule biliaire ou de la thyro\u00efde.<\/p>\n<p>Si vous utilisez un produit apaisant<\/p>\n<p>Les clients doivent prendre note que l'utilisation \u00e0 long terme de l'OxyContin peut influencer la richesse des deux personnes. Il n'y a aucune r\u00e9alit\u00e9 bien \u00e9tablie que ces impacts sont perp\u00e9tuels.<\/p>\n<p>Il n'est pas conseill\u00e9 d'allaiter tout en prenant de l'OxyContin, car l'oxycodone peut passer dans le lait maternel et causer des probl\u00e8mes respiratoires ou des lenteurs chez l'enfant.<\/p>\n<h3>R\u00e9actions de l'OxyContin<\/h3>\n<p>Il faut rechercher une assistance th\u00e9rapeutique lorsque l'on constate un gonflement des l\u00e8vres, du visage, de la gorge ou de la langue et une difficult\u00e9 \u00e0 se d\u00e9tendre. La perte de conscience peut survenir si la respiration est excessivement faible. Quoi qu'il en soit, si cela se produit, la personne qui s'occupe du patient doit chercher \u00e0 obtenir une consid\u00e9ration th\u00e9rapeutique imm\u00e9diatement. Parmi les diff\u00e9rents signes, on peut citer l'identification des \u00e9tudiants, les effets secondaires anormaux tels que la perplexit\u00e9, l'absence de r\u00e8gles, l'obstruction grave, les probl\u00e8mes sexuels, les crises, les troubles de la vision, etc.<\/p>\n<p>Une autre r\u00e9action grave est l'indication d'un trouble de la s\u00e9rotonine, comme la perplexit\u00e9, le d\u00e9sarroi, la fi\u00e8vre, les douleurs thoraciques, la solidit\u00e9 musculaire, l'essoufflement, la transpiration, la difficult\u00e9 \u00e0 marcher et la sensation de fragilit\u00e9.<\/p>\n<p>Les personnes \u00e2g\u00e9es, \u00e9puis\u00e9es, handicap\u00e9es ou souffrant de malnutrition sont expos\u00e9es \u00e0 des sympt\u00f4mes mortels.<\/p>\n<h3>Dose d'oxycodone<\/h3>\n<p>La dose standard pour les adultes - la CR (d\u00e9charge contr\u00f4l\u00e9e) - est de 10 mg \u00e0 prendre comme une horloge. Pour les patients atteints de cancer et souffrant d'agonie, le CR est de 20 \u00e0 640 mg. La dose normale pr\u00e9sum\u00e9e est de 105 mg par jour. Quoi qu'il en soit, les patients atteints d'une tumeur maligne et souffrant d'une agonie incessante peuvent avoir besoin de doses \u00e9lev\u00e9es d'un type d'oxycodone \u00e0 d\u00e9charge rapide afin de renforcer la structure de d\u00e9charge contr\u00f4l\u00e9e.<\/p>\n<p>Dose g\u00e9riatrique r\u00e9guli\u00e8re - la d\u00e9charge rapide est de 2,5 mg comme une horloge \u00e0 prendre par voie orale. La dose recommand\u00e9e pour les patients souffrant d'une maladie et surveillant leur tourment est de 20 \u00e0 640 mg. La portion normale inexacte est de 105 mg pour chaque jour \u00e9galement. Une portion plus \u00e9lev\u00e9e est peut-\u00eatre donn\u00e9e au besoin aux patients atteints de croissance maligne qui en ont besoin.<\/p>\n<h3>Acheter OxyCotin en ligne<\/h3>\n<p>Il peut tr\u00e8s bien \u00eatre achet\u00e9 en ligne par le biais de notre boutique en ligne, car nous offrons des articles brillants aux personnes, aux analystes, aux magasins de tranquillit\u00e9 et \u00e0 chacun de nos clients \u00e0 des co\u00fbts d\u00e9risoires. Les \u00e9changes effectu\u00e9s sur notre site sont prot\u00e9g\u00e9s et s\u00e9curis\u00e9s.<\/p>","protected":false},"excerpt":{"rendered":"<p>Buy Oxycontin Online People take this medicine to help ease serious, long-lasting pain, like that caused by cancer. Oxycodone is an opioid anesthetic, which is a type of painkiller. What it does in the brain is change how your body feels and feels pain. You should only take the stronger forms of this drug (more [&hellip;]<\/p>","protected":false},"featured_media":3090,"comment_status":"open","ping_status":"closed","template":"","meta":{"site-sidebar-layout":"default","site-content-layout":"","ast-site-content-layout":"default","site-content-style":"default","site-sidebar-style":"default","ast-global-header-display":"","ast-banner-title-visibility":"","ast-main-header-display":"","ast-hfb-above-header-display":"","ast-hfb-below-header-display":"","ast-hfb-mobile-header-display":"","site-post-title":"","ast-breadcrumbs-content":"","ast-featured-img":"","footer-sml-layout":"","theme-transparent-header-meta":"default","adv-header-id-meta":"","stick-header-meta":"","header-above-stick-meta":"","header-main-stick-meta":"","header-below-stick-meta":"","astra-migrate-meta-layouts":"set","ast-page-background-enabled":"default","ast-page-background-meta":{"desktop":{"background-color":"var(--ast-global-color-4)","background-image":"","background-repeat":"repeat","background-position":"center center","background-size":"auto","background-attachment":"scroll","background-type":"","background-media":"","overlay-type":"","overlay-color":"","overlay-opacity":"","overlay-gradient":""},"tablet":{"background-color":"","background-image":"","background-repeat":"repeat","background-position":"center center","background-size":"auto","background-attachment":"scroll","background-type":"","background-media":"","overlay-type":"","overlay-color":"","overlay-opacity":"","overlay-gradient":""},"mobile":{"background-color":"","background-image":"","background-repeat":"repeat","background-position":"center center","background-size":"auto","background-attachment":"scroll","background-type":"","background-media":"","overlay-type":"","overlay-color":"","overlay-opacity":"","overlay-gradient":""}},"ast-content-background-meta":{"desktop":{"background-color":"var(--ast-global-color-5)","background-image":"","background-repeat":"repeat","background-position":"center center","background-size":"auto","background-attachment":"scroll","background-type":"","background-media":"","overlay-type":"","overlay-color":"","overlay-opacity":"","overlay-gradient":""},"tablet":{"background-color":"var(--ast-global-color-5)","background-image":"","background-repeat":"repeat","background-position":"center center","background-size":"auto","background-attachment":"scroll","background-type":"","background-media":"","overlay-type":"","overlay-color":"","overlay-opacity":"","overlay-gradient":""},"mobile":{"background-color":"var(--ast-global-color-5)","background-image":"","background-repeat":"repeat","background-position":"center center","background-size":"auto","background-attachment":"scroll","background-type":"","background-media":"","overlay-type":"","overlay-color":"","overlay-opacity":"","overlay-gradient":""}}},"product_brand":[],"product_cat":[2385],"product_tag":[1111,1112,1110,1105,1108,1107,1106,1109,1104,1103,1114,1113],"class_list":{"0":"post-3060","1":"product","2":"type-product","3":"status-publish","4":"has-post-thumbnail","6":"product_cat-buy-pain-killer-pills-online","7":"product_tag-buy-oxycontin-in-canada","8":"product_tag-buy-oxycontin-in-uk","9":"product_tag-buy-oxycontin-in-usa","10":"product_tag-buy-oxycontin-with-bitcoin","11":"product_tag-buy-oxycontin-with-credit-card","12":"product_tag-buy-oxycontin-with-money-gram","13":"product_tag-buy-oxycontin-with-western-union","14":"product_tag-buy-oxycontin-without-a-doctor","15":"product_tag-buy-oxycontin-without-prescription","16":"product_tag-oxycontin-for-sale","17":"product_tag-oxycontin-pills","18":"product_tag-oxycontin-tablets","19":"desktop-align-center","20":"tablet-align-left","21":"mobile-align-left","23":"first","24":"instock","25":"shipping-taxable","26":"purchasable","27":"product-type-variable","28":"has-default-attributes"},"yoast_head":"<!-- This site is optimized with the Yoast SEO plugin v25.9 - https:\/\/yoast.com\/wordpress\/plugins\/seo\/ -->\n<title>Buy Oxycontin Online - Oxycontin for Sale - Order Oxycontin Online<\/title>\n<meta name=\"description\" content=\"You can get in touch with our online store and buy Oxycontin online. We have Oxycontin for sale at cheap prices. Get yours at your place right away!\" \/>\n<meta name=\"robots\" content=\"index, follow, max-snippet:-1, max-image-preview:large, max-video-preview:-1\" \/>\n<link rel=\"canonical\" href=\"https:\/\/buy-prescriptionz.com\/fr\/produit\/acheter-oxycontin-online-3\/\" \/>\n<meta property=\"og:locale\" content=\"fr_FR\" \/>\n<meta property=\"og:type\" content=\"article\" \/>\n<meta property=\"og:title\" content=\"Buy Oxycontin Online - Oxycontin for Sale - Order Oxycontin Online\" \/>\n<meta property=\"og:description\" content=\"You can get in touch with our online store and buy Oxycontin online. We have Oxycontin for sale at cheap prices. Get yours at your place right away!\" \/>\n<meta property=\"og:url\" content=\"https:\/\/buy-prescriptionz.com\/fr\/produit\/acheter-oxycontin-online-3\/\" \/>\n<meta property=\"og:site_name\" content=\"Buy Prescriptionz\" \/>\n<meta property=\"article:modified_time\" content=\"2025-09-24T14:15:45+00:00\" \/>\n<meta property=\"og:image\" content=\"https:\/\/buy-prescriptionz.com\/wp-content\/uploads\/2025\/09\/oxycontin.jpg\" \/>\n\t<meta property=\"og:image:width\" content=\"400\" \/>\n\t<meta property=\"og:image:height\" content=\"300\" \/>\n\t<meta property=\"og:image:type\" content=\"image\/jpeg\" \/>\n<meta name=\"twitter:card\" content=\"summary_large_image\" \/>\n<meta name=\"twitter:label1\" content=\"Dur\u00e9e de lecture estim\u00e9e\" \/>\n\t<meta name=\"twitter:data1\" content=\"5 minutes\" \/>\n<script type=\"application\/ld+json\" class=\"yoast-schema-graph\">{\"@context\":\"https:\/\/schema.org\",\"@graph\":[{\"@type\":\"WebPage\",\"@id\":\"https:\/\/buy-prescriptionz.com\/product\/buy-oxycontin-online\/\",\"url\":\"https:\/\/buy-prescriptionz.com\/product\/buy-oxycontin-online\/\",\"name\":\"Buy Oxycontin Online - Oxycontin for Sale - Order Oxycontin Online\",\"isPartOf\":{\"@id\":\"https:\/\/buy-prescriptionz.com\/#website\"},\"primaryImageOfPage\":{\"@id\":\"https:\/\/buy-prescriptionz.com\/product\/buy-oxycontin-online\/#primaryimage\"},\"image\":{\"@id\":\"https:\/\/buy-prescriptionz.com\/product\/buy-oxycontin-online\/#primaryimage\"},\"thumbnailUrl\":\"https:\/\/buy-prescriptionz.com\/wp-content\/uploads\/2025\/09\/oxycontin.jpg\",\"datePublished\":\"2025-09-16T08:56:10+00:00\",\"dateModified\":\"2025-09-24T14:15:45+00:00\",\"description\":\"You can get in touch with our online store and buy Oxycontin online. We have Oxycontin for sale at cheap prices. Get yours at your place right away!\",\"breadcrumb\":{\"@id\":\"https:\/\/buy-prescriptionz.com\/product\/buy-oxycontin-online\/#breadcrumb\"},\"inLanguage\":\"fr-FR\",\"potentialAction\":[{\"@type\":\"ReadAction\",\"target\":[\"https:\/\/buy-prescriptionz.com\/product\/buy-oxycontin-online\/\"]}]},{\"@type\":\"ImageObject\",\"inLanguage\":\"fr-FR\",\"@id\":\"https:\/\/buy-prescriptionz.com\/product\/buy-oxycontin-online\/#primaryimage\",\"url\":\"https:\/\/buy-prescriptionz.com\/wp-content\/uploads\/2025\/09\/oxycontin.jpg\",\"contentUrl\":\"https:\/\/buy-prescriptionz.com\/wp-content\/uploads\/2025\/09\/oxycontin.jpg\",\"width\":400,\"height\":300},{\"@type\":\"BreadcrumbList\",\"@id\":\"https:\/\/buy-prescriptionz.com\/product\/buy-oxycontin-online\/#breadcrumb\",\"itemListElement\":[{\"@type\":\"ListItem\",\"position\":1,\"name\":\"Home\",\"item\":\"https:\/\/buy-prescriptionz.com\/\"},{\"@type\":\"ListItem\",\"position\":2,\"name\":\"Shop Painkillers Online\",\"item\":\"https:\/\/buy-prescriptionz.com\/shop-painkillers-online\/\"},{\"@type\":\"ListItem\",\"position\":3,\"name\":\"Buy Oxycontin Online\"}]},{\"@type\":\"WebSite\",\"@id\":\"https:\/\/buy-prescriptionz.com\/#website\",\"url\":\"https:\/\/buy-prescriptionz.com\/\",\"name\":\"Buy Prescriptionz\",\"description\":\"Drugs Online\",\"publisher\":{\"@id\":\"https:\/\/buy-prescriptionz.com\/#organization\"},\"potentialAction\":[{\"@type\":\"SearchAction\",\"target\":{\"@type\":\"EntryPoint\",\"urlTemplate\":\"https:\/\/buy-prescriptionz.com\/?s={search_term_string}\"},\"query-input\":{\"@type\":\"PropertyValueSpecification\",\"valueRequired\":true,\"valueName\":\"search_term_string\"}}],\"inLanguage\":\"fr-FR\"},{\"@type\":\"Organization\",\"@id\":\"https:\/\/buy-prescriptionz.com\/#organization\",\"name\":\"Buy Prescriptionz\",\"url\":\"https:\/\/buy-prescriptionz.com\/\",\"logo\":{\"@type\":\"ImageObject\",\"inLanguage\":\"fr-FR\",\"@id\":\"https:\/\/buy-prescriptionz.com\/#\/schema\/logo\/image\/\",\"url\":\"https:\/\/buy-prescriptionz.com\/wp-content\/uploads\/2023\/09\/logo.png\",\"contentUrl\":\"https:\/\/buy-prescriptionz.com\/wp-content\/uploads\/2023\/09\/logo.png\",\"width\":350,\"height\":64,\"caption\":\"Buy Prescriptionz\"},\"image\":{\"@id\":\"https:\/\/buy-prescriptionz.com\/#\/schema\/logo\/image\/\"}}]}<\/script>\n<!-- \/ Yoast SEO plugin. -->","yoast_head_json":{"title":"Achetez de l'Oxycontin en ligne\u00a0- Oxycontin \u00e0 vendre\u00a0- Commandez de l'Oxycontin en ligne","description":"Vous pouvez contacter notre boutique en ligne pour acheter de l'Oxycontin. Nous proposons de l'Oxycontin \u00e0 bas prix. Commandez-le chez vous d\u00e8s maintenant\u00a0!","robots":{"index":"index","follow":"follow","max-snippet":"max-snippet:-1","max-image-preview":"max-image-preview:large","max-video-preview":"max-video-preview:-1"},"canonical":"https:\/\/buy-prescriptionz.com\/fr\/produit\/acheter-oxycontin-online-3\/","og_locale":"fr_FR","og_type":"article","og_title":"Buy Oxycontin Online - Oxycontin for Sale - Order Oxycontin Online","og_description":"You can get in touch with our online store and buy Oxycontin online. We have Oxycontin for sale at cheap prices. Get yours at your place right away!","og_url":"https:\/\/buy-prescriptionz.com\/fr\/produit\/acheter-oxycontin-online-3\/","og_site_name":"Buy Prescriptionz","article_modified_time":"2025-09-24T14:15:45+00:00","og_image":[{"width":400,"height":300,"url":"https:\/\/buy-prescriptionz.com\/wp-content\/uploads\/2025\/09\/oxycontin.jpg","type":"image\/jpeg"}],"twitter_card":"summary_large_image","twitter_misc":{"Dur\u00e9e de lecture estim\u00e9e":"5 minutes"},"schema":{"@context":"https:\/\/schema.org","@graph":[{"@type":"WebPage","@id":"https:\/\/buy-prescriptionz.com\/product\/buy-oxycontin-online\/","url":"https:\/\/buy-prescriptionz.com\/product\/buy-oxycontin-online\/","name":"Achetez de l'Oxycontin en ligne\u00a0- Oxycontin \u00e0 vendre\u00a0- Commandez de l'Oxycontin en ligne","isPartOf":{"@id":"https:\/\/buy-prescriptionz.com\/#website"},"primaryImageOfPage":{"@id":"https:\/\/buy-prescriptionz.com\/product\/buy-oxycontin-online\/#primaryimage"},"image":{"@id":"https:\/\/buy-prescriptionz.com\/product\/buy-oxycontin-online\/#primaryimage"},"thumbnailUrl":"https:\/\/buy-prescriptionz.com\/wp-content\/uploads\/2025\/09\/oxycontin.jpg","datePublished":"2025-09-16T08:56:10+00:00","dateModified":"2025-09-24T14:15:45+00:00","description":"Vous pouvez contacter notre boutique en ligne pour acheter de l'Oxycontin. Nous proposons de l'Oxycontin \u00e0 bas prix. Commandez-le chez vous d\u00e8s maintenant\u00a0!","breadcrumb":{"@id":"https:\/\/buy-prescriptionz.com\/product\/buy-oxycontin-online\/#breadcrumb"},"inLanguage":"fr-FR","potentialAction":[{"@type":"ReadAction","target":["https:\/\/buy-prescriptionz.com\/product\/buy-oxycontin-online\/"]}]},{"@type":"ImageObject","inLanguage":"fr-FR","@id":"https:\/\/buy-prescriptionz.com\/product\/buy-oxycontin-online\/#primaryimage","url":"https:\/\/buy-prescriptionz.com\/wp-content\/uploads\/2025\/09\/oxycontin.jpg","contentUrl":"https:\/\/buy-prescriptionz.com\/wp-content\/uploads\/2025\/09\/oxycontin.jpg","width":400,"height":300},{"@type":"BreadcrumbList","@id":"https:\/\/buy-prescriptionz.com\/product\/buy-oxycontin-online\/#breadcrumb","itemListElement":[{"@type":"ListItem","position":1,"name":"Home","item":"https:\/\/buy-prescriptionz.com\/"},{"@type":"ListItem","position":2,"name":"Shop Painkillers Online","item":"https:\/\/buy-prescriptionz.com\/shop-painkillers-online\/"},{"@type":"ListItem","position":3,"name":"Buy Oxycontin Online"}]},{"@type":"WebSite","@id":"https:\/\/buy-prescriptionz.com\/#website","url":"https:\/\/buy-prescriptionz.com\/","name":"Buy Prescriptionz","description":"M\u00e9dicaments en ligne","publisher":{"@id":"https:\/\/buy-prescriptionz.com\/#organization"},"potentialAction":[{"@type":"SearchAction","target":{"@type":"EntryPoint","urlTemplate":"https:\/\/buy-prescriptionz.com\/?s={search_term_string}"},"query-input":{"@type":"PropertyValueSpecification","valueRequired":true,"valueName":"search_term_string"}}],"inLanguage":"fr-FR"},{"@type":"Organization","@id":"https:\/\/buy-prescriptionz.com\/#organization","name":"Buy Prescriptionz","url":"https:\/\/buy-prescriptionz.com\/","logo":{"@type":"ImageObject","inLanguage":"fr-FR","@id":"https:\/\/buy-prescriptionz.com\/#\/schema\/logo\/image\/","url":"https:\/\/buy-prescriptionz.com\/wp-content\/uploads\/2023\/09\/logo.png","contentUrl":"https:\/\/buy-prescriptionz.com\/wp-content\/uploads\/2023\/09\/logo.png","width":350,"height":64,"caption":"Buy Prescriptionz"},"image":{"@id":"https:\/\/buy-prescriptionz.com\/#\/schema\/logo\/image\/"}}]}},"_links":{"self":[{"href":"https:\/\/buy-prescriptionz.com\/fr\/wp-json\/wp\/v2\/product\/3060","targetHints":{"allow":["GET"]}}],"collection":[{"href":"https:\/\/buy-prescriptionz.com\/fr\/wp-json\/wp\/v2\/product"}],"about":[{"href":"https:\/\/buy-prescriptionz.com\/fr\/wp-json\/wp\/v2\/types\/product"}],"replies":[{"embeddable":true,"href":"https:\/\/buy-prescriptionz.com\/fr\/wp-json\/wp\/v2\/comments?post=3060"}],"wp:featuredmedia":[{"embeddable":true,"href":"https:\/\/buy-prescriptionz.com\/fr\/wp-json\/wp\/v2\/media\/3090"}],"wp:attachment":[{"href":"https:\/\/buy-prescriptionz.com\/fr\/wp-json\/wp\/v2\/media?parent=3060"}],"wp:term":[{"taxonomy":"product_brand","embeddable":true,"href":"https:\/\/buy-prescriptionz.com\/fr\/wp-json\/wp\/v2\/product_brand?post=3060"},{"taxonomy":"product_cat","embeddable":true,"href":"https:\/\/buy-prescriptionz.com\/fr\/wp-json\/wp\/v2\/product_cat?post=3060"},{"taxonomy":"product_tag","embeddable":true,"href":"https:\/\/buy-prescriptionz.com\/fr\/wp-json\/wp\/v2\/product_tag?post=3060"}],"curies":[{"name":"wp","href":"https:\/\/api.w.org\/{rel}","templated":true}]}}