{"id":3061,"date":"2025-09-16T08:56:10","date_gmt":"2025-09-16T08:56:10","guid":{"rendered":"https:\/\/chemsfine.com\/newsite\/?post_type=product&#038;p=3061"},"modified":"2025-09-24T14:12:05","modified_gmt":"2025-09-24T14:12:05","slug":"acheter-oxycodone-apap-wattson-labs-en-ligne","status":"publish","type":"product","link":"https:\/\/buy-prescriptionz.com\/fr\/produit\/acheter-oxycodone-apap-wattson-labs-en-ligne\/","title":{"rendered":"Acheter Oxycodone - Apap (Wattson Labs) en ligne"},"content":{"rendered":"<h2>Acheter Oxycodone - Apap (Wattson Labs) en ligne<\/h2>\n<h3>Achat d'Oxycodone en ligne-Achat d'Oxycodone - Apap (Wattson Labs) en ligne<\/h3>\n<p>Achetez de l'oxycodone \u2013 Apap (Wattson Labs) en ligne. Achetez de l'oxycodone en ligne ICI aupr\u00e8s de la meilleure pharmacie en ligne. Altruism Pharmacy est la meilleure pharmacie en ligne pour commander de l'oxycodone. L'oxycodone est un narcotique semi-synth\u00e9tique issu de la th\u00e9ba\u00efne, un alcalo\u00efde narcotique pr\u00e9sent dans le pavot de Perse et l'un des nombreux alcalo\u00efdes du pavot \u00e0 opium. C'est un analg\u00e9sique narcotique relativement puissant (par voie orale, g\u00e9n\u00e9ralement 1,5 fois plus intense que la morphine), g\u00e9n\u00e9ralement reconnu pour soulager les douleurs mod\u00e9r\u00e9es \u00e0 intenses. L'oxycodone est un narcotique agoniste pur dont l'action th\u00e9rapeutique principale est l'absence de douleur. D'autres substances de la classe des agonistes narcotiques comprennent notamment la morphine, l'hydromorphone, le fentanyl, la cod\u00e9ine et l'hydrocodone. Les effets pharmacologiques des agonistes narcotiques comprennent l'anxiolyse, l'extase, la relaxation, la d\u00e9pression respiratoire, l'obstruction, le myosis et la dissimulation des crises, ainsi que l'absence de douleur. Comme tous les analg\u00e9siques agonistes narcotiques purs, l'augmentation des doses entra\u00eene une aggravation de la douleur. Acheter de l'oxycodone \u2013 Apap (Wattson Labs) en ligne. Contrairement aux agonistes\/comparatifs combin\u00e9s ou aux analg\u00e9siques non narcotiques, o\u00f9 l'effet analg\u00e9sique atteint un seuil critique avec l'augmentation des doses, acheter de l'oxycodone en ligne pour soulager votre douleur mod\u00e9r\u00e9e ou intense.<\/p>\n<h3>Acheter de l'Oxycodone en ligne l\u00e9galement<\/h3>\n<p>Achetez de l'oxycodone \u2013 Apap (Wattson Labs) en ligne. Acheter de l'oxycodone en ligne l\u00e9galement est possible sur la boutique en ligne Buy-prescriptionz. Pour acheter de l'oxycodone en ligne sur Buy-prescriptionz, votre dosage doit \u00eatre adapt\u00e9 \u00e0 la gravit\u00e9 de la douleur et \u00e0 la r\u00e9action du patient. Il peut parfois \u00eatre n\u00e9cessaire de d\u00e9passer la dose standard prescrite ci-dessous.<\/p>\n<h3>Comment prendre de l'oxycodone\u00a0:<\/h3>\n<p>\u00c0 chaque renouvellement d'ordonnance ou pour chaque d\u00e9but de traitement par oxycodone\/ac\u00e9taminoph\u00e8ne, lisez la notice d'emballage fournie par votre pharmacien. Consultez votre m\u00e9decin ou votre pharmacien pour toute question.<\/p>\n<p>Prenez ce m\u00e9dicament par voie orale selon la prescription de votre m\u00e9decin. Ce m\u00e9dicament peut \u00eatre utilis\u00e9 pendant ou en dehors des repas. La prise de ce m\u00e9dicament avec les repas peut soulager les naus\u00e9es. Renseignez-vous aupr\u00e8s de votre m\u00e9decin ou pharmacien sur d'autres strat\u00e9gies pour r\u00e9duire les naus\u00e9es (par exemple, vous pouvez manger ou boire du jus de pamplemousse pendant que vous prenez ce m\u00e9dicament, puis \u00e9vitez de le faire. Le risque d'effets ind\u00e9sirables de ce m\u00e9dicament peut \u00eatre accru par le pamplemousse. Pendant une \u00e0 deux heures suppl\u00e9mentaires, en bougeant le moins possible la t\u00eate). Si votre m\u00e9decin ou pharmacien estime que des informations sont insuffisantes, consultez-le.<\/p>\n<p>Si vous prenez de l'oxycodone sous forme liquide, mesurez pr\u00e9cis\u00e9ment la dose recommand\u00e9e \u00e0 l'aide d'un doseur pharmaceutique. Une cuill\u00e8re \u00e0 mesurer peut ne pas vous donner le bon dosage\u00a0; \u00e9vitez donc d'en utiliser une. Votre \u00e9tat de sant\u00e9 et votre r\u00e9action au traitement d\u00e9termineront la dose. Ne prenez jamais plus de m\u00e9dicament que recommand\u00e9, ne le prenez jamais plus souvent et ne le prenez jamais plus longtemps que recommand\u00e9. Lorsque cela vous sera indiqu\u00e9, arr\u00eatez le traitement comme indiqu\u00e9.<\/p>\n<h3>(Mesure et administration)<\/h3>\n<p>Dans les cas de tourments progressivement graves ou chez les patients qui sont devenus tol\u00e9rants \u00e0 l'effet analg\u00e9sique des narcotiques. Si la douleur est constante, les analg\u00e9siques narcotiques doivent \u00eatre administr\u00e9s aux intervalles habituels d'un calendrier continu.<\/p>\n<h3>Achat de pilules d'oxycodone en ligne (EFFETS SECONDAIRES POSSIBLES)<\/h3>\n<p>Purchase Oxycodone Pills Online from Buy-prescriptionz Online store. This is the Best spot you can Buy Oxycodone Pills Online and have it conveyed to you in a couple of hours. Purchase Oxycodone Online from Our Pharmacy and furthermore know that it accompanies some symptoms, for example, ;<\/p>\n<p>Refroidissements<\/p>\n<p>sueurs froides<\/p>\n<p>perplexit\u00e9<\/p>\n<p>la d\u00e9tente p\u00e9nible ou p\u00e9nible<\/p>\n<p>malaise, \u00e9vanouissement ou d\u00e9concentration lors d'un lever soudain d'une position couch\u00e9e ou assise.<\/p>\n<p>fi\u00e8vre<\/p>\n<p>sensation de confort dans la poitrine<\/p>\n<p>secousse<\/p>\n<h3>Effets secondaires de l'oxycodone<\/h3>\n<p>La prise d'oxycodone peut entra\u00eener des sympt\u00f4mes tels que des \u00e9tourdissements, des vertiges, de la constipation, des naus\u00e9es ou de la somnolence. Apr\u00e8s un certain temps de traitement, certains de ces effets ind\u00e9sirables peuvent dispara\u00eetre. Pr\u00e9venez imm\u00e9diatement votre pharmacien ou votre m\u00e9decin si l'un de ces effets secondaires persiste ou s'aggrave. Consommez des fibres alimentaires, buvez suffisamment d'eau et faites de l'exercice pour \u00e9viter la constipation. De plus, vous pourriez avoir besoin d'un laxatif. Demandez \u00e0 votre pharmacien quel laxatif vous convient le mieux.<\/p>\n<p>Lorsque vous vous levez d'une position assise ou allong\u00e9e, proc\u00e9dez doucement pour r\u00e9duire le risque de vertiges et d'\u00e9tourdissements. N'oubliez pas que votre m\u00e9decin vous a recommand\u00e9 ce m\u00e9dicament car il estime qu'il vous sera plus b\u00e9n\u00e9fique qu'il n'entra\u00eenera d'effets secondaires. De nombreux utilisateurs de ce m\u00e9dicament ne signalent aucun effet ind\u00e9sirable significatif.<\/p>\n<p>Vous pouvez obtenir le meilleur oxycodone (APAP) en ligne sur buy-prescriptionz.com. Ce m\u00e9dicament renforce les effets de l'oxycodone, un analg\u00e9sique puissant, gr\u00e2ce au parac\u00e9tamol (APAP). En raison de son potentiel addictif et de ses effets ind\u00e9sirables, il est imp\u00e9ratif d'utiliser ce m\u00e9dicament sous surveillance m\u00e9dicale. Acheter dans la meilleure pharmacie garantit l'authenticit\u00e9 du produit. Consultez toujours un m\u00e9decin pour vous assurer que ce m\u00e9dicament vous convient, conna\u00eetre la dose ad\u00e9quate et conna\u00eetre les risques potentiels.<\/p>\n<h3>CONTRE-INDICATIONS<\/h3>\n<p>L'achat d'Oxycodone en ligne doit toutefois tenir compte des contre-indications suivantes. Les comprim\u00e9s ne doivent pas \u00eatre administr\u00e9s aux patients pr\u00e9sentant une sensibilit\u00e9 extr\u00eame connue \u00e0 l'oxycodone, \u00e0 l'ac\u00e9taminoph\u00e8ne ou \u00e0 tout autre composant de ce produit. L'oxycodone est contre-indiqu\u00e9e dans toutes les circonstances o\u00f9 les narcotiques sont contre-indiqu\u00e9s, notamment chez les patients souffrant d'insuffisance respiratoire importante (dans des environnements non surveill\u00e9s ou en l'absence d'\u00e9quipement de r\u00e9animation) et chez les patients souffrant d'asthme bronchique intense ou extr\u00eame ou d'hypercarbie. L'oxycodone est contre-indiqu\u00e9e en cas d'il\u00e9us handicap\u00e9 suspect\u00e9 ou av\u00e9r\u00e9.  Acheter Oxycodone - Apap (Wattson Labs) en ligne<\/p>","protected":false},"excerpt":{"rendered":"<p>Buy Oxycodone &#8211; Apap (Wattson Labs) Online Purchase Oxycodone Online-Buy Oxycodone &#8211; Apap (Wattson Labs) Online Buy Oxycodone &#8211; Apap (Wattson Labs) Online, Purchase Oxycodone Online HERE from the Best Online Pharmacy. Altruism Pharmacy is the Best Online Pharmacy to Order Oxycodone Online. Oxycodone is a semisynthetic narcotic blended from thebaine, a narcotic alkaloid found [&hellip;]<\/p>","protected":false},"featured_media":3091,"comment_status":"open","ping_status":"closed","template":"","meta":{"site-sidebar-layout":"default","site-content-layout":"","ast-site-content-layout":"default","site-content-style":"default","site-sidebar-style":"default","ast-global-header-display":"","ast-banner-title-visibility":"","ast-main-header-display":"","ast-hfb-above-header-display":"","ast-hfb-below-header-display":"","ast-hfb-mobile-header-display":"","site-post-title":"","ast-breadcrumbs-content":"","ast-featured-img":"","footer-sml-layout":"","theme-transparent-header-meta":"default","adv-header-id-meta":"","stick-header-meta":"","header-above-stick-meta":"","header-main-stick-meta":"","header-below-stick-meta":"","astra-migrate-meta-layouts":"set","ast-page-background-enabled":"default","ast-page-background-meta":{"desktop":{"background-color":"var(--ast-global-color-4)","background-image":"","background-repeat":"repeat","background-position":"center center","background-size":"auto","background-attachment":"scroll","background-type":"","background-media":"","overlay-type":"","overlay-color":"","overlay-opacity":"","overlay-gradient":""},"tablet":{"background-color":"","background-image":"","background-repeat":"repeat","background-position":"center center","background-size":"auto","background-attachment":"scroll","background-type":"","background-media":"","overlay-type":"","overlay-color":"","overlay-opacity":"","overlay-gradient":""},"mobile":{"background-color":"","background-image":"","background-repeat":"repeat","background-position":"center center","background-size":"auto","background-attachment":"scroll","background-type":"","background-media":"","overlay-type":"","overlay-color":"","overlay-opacity":"","overlay-gradient":""}},"ast-content-background-meta":{"desktop":{"background-color":"var(--ast-global-color-5)","background-image":"","background-repeat":"repeat","background-position":"center center","background-size":"auto","background-attachment":"scroll","background-type":"","background-media":"","overlay-type":"","overlay-color":"","overlay-opacity":"","overlay-gradient":""},"tablet":{"background-color":"var(--ast-global-color-5)","background-image":"","background-repeat":"repeat","background-position":"center center","background-size":"auto","background-attachment":"scroll","background-type":"","background-media":"","overlay-type":"","overlay-color":"","overlay-opacity":"","overlay-gradient":""},"mobile":{"background-color":"var(--ast-global-color-5)","background-image":"","background-repeat":"repeat","background-position":"center center","background-size":"auto","background-attachment":"scroll","background-type":"","background-media":"","overlay-type":"","overlay-color":"","overlay-opacity":"","overlay-gradient":""}}},"product_brand":[],"product_cat":[2385],"product_tag":[1123,1124,1122,1117,1120,1119,1118,1121,1116,1115,1126,1125],"class_list":{"0":"post-3061","1":"product","2":"type-product","3":"status-publish","4":"has-post-thumbnail","6":"product_cat-buy-pain-killer-pills-online","7":"product_tag-buy-oxycodone-apap-wattson-labs-in-canada","8":"product_tag-buy-oxycodone-apap-wattson-labs-in-uk","9":"product_tag-buy-oxycodone-apap-wattson-labs-in-usa","10":"product_tag-buy-oxycodone-apap-wattson-labs-with-bitcoin","11":"product_tag-buy-oxycodone-apap-wattson-labs-with-credit-card","12":"product_tag-buy-oxycodone-apap-wattson-labs-with-money-gram","13":"product_tag-buy-oxycodone-apap-wattson-labs-with-western-union","14":"product_tag-buy-oxycodone-apap-wattson-labs-without-a-doctor","15":"product_tag-buy-oxycodone-apap-wattson-labs-without-prescription","16":"product_tag-oxycodone-apap-wattson-labs-for-sale","17":"product_tag-oxycodone-apap-wattson-labs-pills","18":"product_tag-oxycodone-apap-wattson-labs-tablets","19":"desktop-align-center","20":"tablet-align-left","21":"mobile-align-left","23":"first","24":"instock","25":"shipping-taxable","26":"purchasable","27":"product-type-variable","28":"has-default-attributes"},"yoast_head":"<!-- This site is optimized with the Yoast SEO plugin v25.9 - https:\/\/yoast.com\/wordpress\/plugins\/seo\/ -->\n<title>Buy Oxycodone Apap (Physicians Tc.) Online - Oxycodone Apap (Physicians Tc.) for Sale<\/title>\n<meta name=\"description\" content=\"We are the leading store available with Oxycodone for sale. If you wish to buy Oxycodone Apap (Physicians Tc.), contact us right away and get the order delivered. Order Now!\" \/>\n<meta name=\"robots\" content=\"index, follow, max-snippet:-1, max-image-preview:large, max-video-preview:-1\" \/>\n<link rel=\"canonical\" href=\"https:\/\/buy-prescriptionz.com\/fr\/produit\/acheter-oxycodone-apap-wattson-labs-en-ligne\/\" \/>\n<meta property=\"og:locale\" content=\"fr_FR\" \/>\n<meta property=\"og:type\" content=\"article\" \/>\n<meta property=\"og:title\" content=\"Buy Oxycodone Apap (Physicians Tc.) Online - Oxycodone Apap (Physicians Tc.) for Sale\" \/>\n<meta property=\"og:description\" content=\"We are the leading store available with Oxycodone for sale. If you wish to buy Oxycodone Apap (Physicians Tc.), contact us right away and get the order delivered. Order Now!\" \/>\n<meta property=\"og:url\" content=\"https:\/\/buy-prescriptionz.com\/fr\/produit\/acheter-oxycodone-apap-wattson-labs-en-ligne\/\" \/>\n<meta property=\"og:site_name\" content=\"Buy Prescriptionz\" \/>\n<meta property=\"article:modified_time\" content=\"2025-09-24T14:12:05+00:00\" \/>\n<meta property=\"og:image\" content=\"https:\/\/buy-prescriptionz.com\/wp-content\/uploads\/2025\/09\/oxycodone-apap-wattson-labs.jpg\" \/>\n\t<meta property=\"og:image:width\" content=\"400\" \/>\n\t<meta property=\"og:image:height\" content=\"300\" \/>\n\t<meta property=\"og:image:type\" content=\"image\/jpeg\" \/>\n<meta name=\"twitter:card\" content=\"summary_large_image\" \/>\n<meta name=\"twitter:label1\" content=\"Dur\u00e9e de lecture estim\u00e9e\" \/>\n\t<meta name=\"twitter:data1\" content=\"5 minutes\" \/>\n<script type=\"application\/ld+json\" class=\"yoast-schema-graph\">{\"@context\":\"https:\/\/schema.org\",\"@graph\":[{\"@type\":\"WebPage\",\"@id\":\"https:\/\/buy-prescriptionz.com\/product\/buy-oxycodone-apap-wattson-labs-online\/\",\"url\":\"https:\/\/buy-prescriptionz.com\/product\/buy-oxycodone-apap-wattson-labs-online\/\",\"name\":\"Buy Oxycodone Apap (Physicians Tc.) Online - Oxycodone Apap (Physicians Tc.) for Sale\",\"isPartOf\":{\"@id\":\"https:\/\/buy-prescriptionz.com\/#website\"},\"primaryImageOfPage\":{\"@id\":\"https:\/\/buy-prescriptionz.com\/product\/buy-oxycodone-apap-wattson-labs-online\/#primaryimage\"},\"image\":{\"@id\":\"https:\/\/buy-prescriptionz.com\/product\/buy-oxycodone-apap-wattson-labs-online\/#primaryimage\"},\"thumbnailUrl\":\"https:\/\/buy-prescriptionz.com\/wp-content\/uploads\/2025\/09\/oxycodone-apap-wattson-labs.jpg\",\"datePublished\":\"2025-09-16T08:56:10+00:00\",\"dateModified\":\"2025-09-24T14:12:05+00:00\",\"description\":\"We are the leading store available with Oxycodone for sale. If you wish to buy Oxycodone Apap (Physicians Tc.), contact us right away and get the order delivered. Order Now!\",\"breadcrumb\":{\"@id\":\"https:\/\/buy-prescriptionz.com\/product\/buy-oxycodone-apap-wattson-labs-online\/#breadcrumb\"},\"inLanguage\":\"fr-FR\",\"potentialAction\":[{\"@type\":\"ReadAction\",\"target\":[\"https:\/\/buy-prescriptionz.com\/product\/buy-oxycodone-apap-wattson-labs-online\/\"]}]},{\"@type\":\"ImageObject\",\"inLanguage\":\"fr-FR\",\"@id\":\"https:\/\/buy-prescriptionz.com\/product\/buy-oxycodone-apap-wattson-labs-online\/#primaryimage\",\"url\":\"https:\/\/buy-prescriptionz.com\/wp-content\/uploads\/2025\/09\/oxycodone-apap-wattson-labs.jpg\",\"contentUrl\":\"https:\/\/buy-prescriptionz.com\/wp-content\/uploads\/2025\/09\/oxycodone-apap-wattson-labs.jpg\",\"width\":400,\"height\":300},{\"@type\":\"BreadcrumbList\",\"@id\":\"https:\/\/buy-prescriptionz.com\/product\/buy-oxycodone-apap-wattson-labs-online\/#breadcrumb\",\"itemListElement\":[{\"@type\":\"ListItem\",\"position\":1,\"name\":\"Home\",\"item\":\"https:\/\/buy-prescriptionz.com\/\"},{\"@type\":\"ListItem\",\"position\":2,\"name\":\"Shop Painkillers Online\",\"item\":\"https:\/\/buy-prescriptionz.com\/shop-painkillers-online\/\"},{\"@type\":\"ListItem\",\"position\":3,\"name\":\"Buy Oxycodone &#8211; Apap (Wattson Labs) Online\"}]},{\"@type\":\"WebSite\",\"@id\":\"https:\/\/buy-prescriptionz.com\/#website\",\"url\":\"https:\/\/buy-prescriptionz.com\/\",\"name\":\"Buy Prescriptionz\",\"description\":\"Drugs Online\",\"publisher\":{\"@id\":\"https:\/\/buy-prescriptionz.com\/#organization\"},\"potentialAction\":[{\"@type\":\"SearchAction\",\"target\":{\"@type\":\"EntryPoint\",\"urlTemplate\":\"https:\/\/buy-prescriptionz.com\/?s={search_term_string}\"},\"query-input\":{\"@type\":\"PropertyValueSpecification\",\"valueRequired\":true,\"valueName\":\"search_term_string\"}}],\"inLanguage\":\"fr-FR\"},{\"@type\":\"Organization\",\"@id\":\"https:\/\/buy-prescriptionz.com\/#organization\",\"name\":\"Buy Prescriptionz\",\"url\":\"https:\/\/buy-prescriptionz.com\/\",\"logo\":{\"@type\":\"ImageObject\",\"inLanguage\":\"fr-FR\",\"@id\":\"https:\/\/buy-prescriptionz.com\/#\/schema\/logo\/image\/\",\"url\":\"https:\/\/buy-prescriptionz.com\/wp-content\/uploads\/2023\/09\/logo.png\",\"contentUrl\":\"https:\/\/buy-prescriptionz.com\/wp-content\/uploads\/2023\/09\/logo.png\",\"width\":350,\"height\":64,\"caption\":\"Buy Prescriptionz\"},\"image\":{\"@id\":\"https:\/\/buy-prescriptionz.com\/#\/schema\/logo\/image\/\"}}]}<\/script>\n<!-- \/ Yoast SEO plugin. -->","yoast_head_json":{"title":"Achetez de l'Oxycodone Apap (Physicians Tc.) en ligne\u00a0- Oxycodone Apap (Physicians Tc.) \u00e0 vendre","description":"Nous sommes le principal magasin proposant de l'oxycodone. Si vous souhaitez acheter de l'Oxycodone Apap (Physicians Tc.), contactez-nous d\u00e8s maintenant et faites-vous livrer. Commandez d\u00e8s maintenant\u00a0!","robots":{"index":"index","follow":"follow","max-snippet":"max-snippet:-1","max-image-preview":"max-image-preview:large","max-video-preview":"max-video-preview:-1"},"canonical":"https:\/\/buy-prescriptionz.com\/fr\/produit\/acheter-oxycodone-apap-wattson-labs-en-ligne\/","og_locale":"fr_FR","og_type":"article","og_title":"Buy Oxycodone Apap (Physicians Tc.) Online - Oxycodone Apap (Physicians Tc.) for Sale","og_description":"We are the leading store available with Oxycodone for sale. If you wish to buy Oxycodone Apap (Physicians Tc.), contact us right away and get the order delivered. Order Now!","og_url":"https:\/\/buy-prescriptionz.com\/fr\/produit\/acheter-oxycodone-apap-wattson-labs-en-ligne\/","og_site_name":"Buy Prescriptionz","article_modified_time":"2025-09-24T14:12:05+00:00","og_image":[{"width":400,"height":300,"url":"https:\/\/buy-prescriptionz.com\/wp-content\/uploads\/2025\/09\/oxycodone-apap-wattson-labs.jpg","type":"image\/jpeg"}],"twitter_card":"summary_large_image","twitter_misc":{"Dur\u00e9e de lecture estim\u00e9e":"5 minutes"},"schema":{"@context":"https:\/\/schema.org","@graph":[{"@type":"WebPage","@id":"https:\/\/buy-prescriptionz.com\/product\/buy-oxycodone-apap-wattson-labs-online\/","url":"https:\/\/buy-prescriptionz.com\/product\/buy-oxycodone-apap-wattson-labs-online\/","name":"Achetez de l'Oxycodone Apap (Physicians Tc.) en ligne\u00a0- Oxycodone Apap (Physicians Tc.) \u00e0 vendre","isPartOf":{"@id":"https:\/\/buy-prescriptionz.com\/#website"},"primaryImageOfPage":{"@id":"https:\/\/buy-prescriptionz.com\/product\/buy-oxycodone-apap-wattson-labs-online\/#primaryimage"},"image":{"@id":"https:\/\/buy-prescriptionz.com\/product\/buy-oxycodone-apap-wattson-labs-online\/#primaryimage"},"thumbnailUrl":"https:\/\/buy-prescriptionz.com\/wp-content\/uploads\/2025\/09\/oxycodone-apap-wattson-labs.jpg","datePublished":"2025-09-16T08:56:10+00:00","dateModified":"2025-09-24T14:12:05+00:00","description":"Nous sommes le principal magasin proposant de l'oxycodone. Si vous souhaitez acheter de l'Oxycodone Apap (Physicians Tc.), contactez-nous d\u00e8s maintenant et faites-vous livrer. Commandez d\u00e8s maintenant\u00a0!","breadcrumb":{"@id":"https:\/\/buy-prescriptionz.com\/product\/buy-oxycodone-apap-wattson-labs-online\/#breadcrumb"},"inLanguage":"fr-FR","potentialAction":[{"@type":"ReadAction","target":["https:\/\/buy-prescriptionz.com\/product\/buy-oxycodone-apap-wattson-labs-online\/"]}]},{"@type":"ImageObject","inLanguage":"fr-FR","@id":"https:\/\/buy-prescriptionz.com\/product\/buy-oxycodone-apap-wattson-labs-online\/#primaryimage","url":"https:\/\/buy-prescriptionz.com\/wp-content\/uploads\/2025\/09\/oxycodone-apap-wattson-labs.jpg","contentUrl":"https:\/\/buy-prescriptionz.com\/wp-content\/uploads\/2025\/09\/oxycodone-apap-wattson-labs.jpg","width":400,"height":300},{"@type":"BreadcrumbList","@id":"https:\/\/buy-prescriptionz.com\/product\/buy-oxycodone-apap-wattson-labs-online\/#breadcrumb","itemListElement":[{"@type":"ListItem","position":1,"name":"Home","item":"https:\/\/buy-prescriptionz.com\/"},{"@type":"ListItem","position":2,"name":"Shop Painkillers Online","item":"https:\/\/buy-prescriptionz.com\/shop-painkillers-online\/"},{"@type":"ListItem","position":3,"name":"Buy Oxycodone &#8211; Apap (Wattson Labs) Online"}]},{"@type":"WebSite","@id":"https:\/\/buy-prescriptionz.com\/#website","url":"https:\/\/buy-prescriptionz.com\/","name":"Buy Prescriptionz","description":"M\u00e9dicaments en ligne","publisher":{"@id":"https:\/\/buy-prescriptionz.com\/#organization"},"potentialAction":[{"@type":"SearchAction","target":{"@type":"EntryPoint","urlTemplate":"https:\/\/buy-prescriptionz.com\/?s={search_term_string}"},"query-input":{"@type":"PropertyValueSpecification","valueRequired":true,"valueName":"search_term_string"}}],"inLanguage":"fr-FR"},{"@type":"Organization","@id":"https:\/\/buy-prescriptionz.com\/#organization","name":"Buy Prescriptionz","url":"https:\/\/buy-prescriptionz.com\/","logo":{"@type":"ImageObject","inLanguage":"fr-FR","@id":"https:\/\/buy-prescriptionz.com\/#\/schema\/logo\/image\/","url":"https:\/\/buy-prescriptionz.com\/wp-content\/uploads\/2023\/09\/logo.png","contentUrl":"https:\/\/buy-prescriptionz.com\/wp-content\/uploads\/2023\/09\/logo.png","width":350,"height":64,"caption":"Buy Prescriptionz"},"image":{"@id":"https:\/\/buy-prescriptionz.com\/#\/schema\/logo\/image\/"}}]}},"_links":{"self":[{"href":"https:\/\/buy-prescriptionz.com\/fr\/wp-json\/wp\/v2\/product\/3061","targetHints":{"allow":["GET"]}}],"collection":[{"href":"https:\/\/buy-prescriptionz.com\/fr\/wp-json\/wp\/v2\/product"}],"about":[{"href":"https:\/\/buy-prescriptionz.com\/fr\/wp-json\/wp\/v2\/types\/product"}],"replies":[{"embeddable":true,"href":"https:\/\/buy-prescriptionz.com\/fr\/wp-json\/wp\/v2\/comments?post=3061"}],"wp:featuredmedia":[{"embeddable":true,"href":"https:\/\/buy-prescriptionz.com\/fr\/wp-json\/wp\/v2\/media\/3091"}],"wp:attachment":[{"href":"https:\/\/buy-prescriptionz.com\/fr\/wp-json\/wp\/v2\/media?parent=3061"}],"wp:term":[{"taxonomy":"product_brand","embeddable":true,"href":"https:\/\/buy-prescriptionz.com\/fr\/wp-json\/wp\/v2\/product_brand?post=3061"},{"taxonomy":"product_cat","embeddable":true,"href":"https:\/\/buy-prescriptionz.com\/fr\/wp-json\/wp\/v2\/product_cat?post=3061"},{"taxonomy":"product_tag","embeddable":true,"href":"https:\/\/buy-prescriptionz.com\/fr\/wp-json\/wp\/v2\/product_tag?post=3061"}],"curies":[{"name":"wp","href":"https:\/\/api.w.org\/{rel}","templated":true}]}}