{"id":3062,"date":"2025-09-16T08:56:10","date_gmt":"2025-09-16T08:56:10","guid":{"rendered":"https:\/\/chemsfine.com\/newsite\/?post_type=product&#038;p=3062"},"modified":"2025-09-24T14:09:34","modified_gmt":"2025-09-24T14:09:34","slug":"acheter-oxycodone-apap-medecins-tc-en-ligne","status":"publish","type":"product","link":"https:\/\/buy-prescriptionz.com\/fr\/produit\/acheter-oxycodone-apap-medecins-tc-en-ligne\/","title":{"rendered":"Acheter Oxycodone - Apap (Physicians Tc.) en ligne"},"content":{"rendered":"<h2>Acheter Oxycodone - Apap (Physicians Tc.) en ligne<\/h2>\n<h3><strong>Acheter de l'oxycodone - Apap (Physicians Tc.) en ligne Oxycodone - m\u00e9dicaments contre les tourments \u00e0 moyen terme - achat d'oxycodone sur Internet<\/strong><\/h3>\n<p>Achat en ligne d'Oxycodone - Apap (Physicians Tc.),L'oxycodone est un narcotique semi-synth\u00e9tique orchestr\u00e9 \u00e0 partir de la th\u00e9ba\u00efne, un alcalo\u00efde narcotique du pavot de Perse, et l'un des nombreux alcalo\u00efdes pr\u00e9sents dans le pavot \u00e0 opium. Wikipedia<\/p>\n<h3>Chlorhydrate d'oxycodone.<\/h3>\n<p>Noms des substances : Chlorhydrate d'oxycodone ;<\/p>\n<p>Oxycodone Hcl ; 124-90-3 ; Oxycontin ; CHEBI:7859 ;<\/p>\n<p>Chlorhydrate de dihydrone.<\/p>\n<p>Acheter de l'Oxycodone en ligne l\u00e9galement est concevable ici \u00e0 Buyprescriptionz Opioid Online Store. Achetez de l'Oxycodone en ligne sur le site de Buyprescriptionz Opioid et vos mesures doivent \u00eatre \u00e9quilibr\u00e9es par la gravit\u00e9 de l'agonie et la r\u00e9action du patient. Il peut \u00eatre p\u00e9riodiquement important de d\u00e9passer la dose typique prescrite ci-dessous.<\/p>\n<p>Achetez de l'oxycodone en ligne sur la boutique en ligne Buy-prescriptionz Opioid. C'est le meilleur endroit pour acheter des pilules d'oxycodone en ligne et les recevoir en quelques heures. Achetez de l'oxycodone en ligne dans notre pharmacie et sachez qu'elle peut entra\u00eener des effets secondaires, comme des s\u00e9quelles.<\/p>\n<h3>Avantages et utilisations de l'oxycodone \u2013 APAP (Physicians Tc.)<\/h3>\n<h3>Gestion de la douleur<\/h3>\n<p>L'oxycodone (APAP), aussi appel\u00e9 Percocet, est une association m\u00e9dicamenteuse utilis\u00e9e pour soulager les douleurs mod\u00e9r\u00e9es \u00e0 intenses. Elle contient deux principes actifs\u00a0: l'oxycodone, un analg\u00e9sique opio\u00efde, et l'ac\u00e9taminoph\u00e8ne (APAP), un analg\u00e9sique non opio\u00efde. Ensemble, ils soulagent efficacement diverses affections, notamment les douleurs postop\u00e9ratoires, les blessures et les douleurs chroniques.<\/p>\n<h3>Soulagement efficace de la douleur<\/h3>\n<p>L'association d'oxycodone et de parac\u00e9tamol de la formule Oxycodone \u2013 APAP de Physicians Tc offre un puissant soulagement de la douleur. L'oxycodone agit en se liant aux r\u00e9cepteurs opio\u00efdes du cerveau et de la moelle \u00e9pini\u00e8re, r\u00e9duisant ainsi la perception de la douleur. Le parac\u00e9tamol renforce les effets analg\u00e9siques et peut \u00e9galement contribuer \u00e0 r\u00e9duire la fi\u00e8vre.<\/p>\n<h3>Soulagement \u00e0 action rapide<\/h3>\n<p>L'oxycodone APAP est reconnue pour son action rapide, procurant un soulagement rapide de la douleur. Elle est donc id\u00e9ale pour la prise en charge des \u00e9pisodes de douleur aigu\u00eb ou des acc\u00e8s douloureux paroxystiques chez les patients prenant d\u00e9j\u00e0 des opio\u00efdes \u00e0 action prolong\u00e9e.<\/p>\n<h3>Polyvalence dans la gestion de la douleur<\/h3>\n<p>Les m\u00e9decins prescrivent souvent l'oxycodone (APAP) pour un large \u00e9ventail de douleurs, notamment les douleurs musculosquelettiques, neuropathiques, canc\u00e9reuses et post-op\u00e9ratoires. Sa polyvalence en fait une option pr\u00e9cieuse pour la prise en charge de diff\u00e9rents types de douleur chez divers patients.<\/p>\n<h3>Am\u00e9lioration de la qualit\u00e9 de vie<\/h3>\n<p>Pour les personnes souffrant de douleurs intenses, l'oxycodone (APAP) peut am\u00e9liorer significativement leur qualit\u00e9 de vie en soulageant l'inconfort et en leur permettant d'accomplir leurs activit\u00e9s quotidiennes avec plus de facilit\u00e9. En soulageant efficacement la douleur, elle peut am\u00e9liorer le bien-\u00eatre g\u00e9n\u00e9ral et les capacit\u00e9s fonctionnelles.<\/p>\n<h3>Th\u00e9rapie combin\u00e9e<\/h3>\n<p>L'association d'oxycodone et d'ac\u00e9taminoph\u00e8ne dans la formule de Physicians Tc offre des effets synerg\u00e9tiques, permettant d'utiliser des doses plus faibles de chaque m\u00e9dicament tout en obtenant un contr\u00f4le optimal de la douleur. Cela minimise le risque d'effets secondaires associ\u00e9s aux traitements aux opio\u00efdes \u00e0 forte dose tout en maximisant les b\u00e9n\u00e9fices th\u00e9rapeutiques.<\/p>\n<h3>Dosage g\u00e9r\u00e9<\/h3>\n<p>L'Oxycodone (APAP) est disponible en diff\u00e9rentes concentrations, permettant des sch\u00e9mas posologiques personnalis\u00e9s pour r\u00e9pondre aux besoins de chaque patient. Cette flexibilit\u00e9 permet aux professionnels de sant\u00e9 d'ajuster la posologie en fonction de l'intensit\u00e9 de la douleur et de la r\u00e9ponse du patient au traitement. Si vous cherchez la meilleure pharmacie pour acheter de l'Oxycodone (APAP) ou tout autre m\u00e9dicament sur ordonnance, buy-prescriptionz.com est un excellent choix. S'engageant pour la qualit\u00e9, l'authenticit\u00e9 et la satisfaction client, buy-prescriptionz.com offre une exp\u00e9rience d'achat fluide et pratique.<\/p>\n<p>L'oxycodone peut provoquer des sympt\u00f4mes. Informez votre m\u00e9decin si l'un de ces effets secondaires est grave ou persiste\u00a0:<\/p>\n<p>.bouche s\u00e8che<\/p>\n<p>.tourments d'estomac<\/p>\n<p>.mollesse<\/p>\n<p>...........................<\/p>\n<p>.douleur c\u00e9r\u00e9brale<\/p>\n<p>.l'\u00e9tat d'esprit change<\/p>\n<p>Certains sympt\u00f4mes peuvent, dans certains cas, \u00eatre exceptionnellement graves. Si vous ressentez l'un de ces effets secondaires ou ceux mentionn\u00e9s dans la rubrique IMPORTANT<\/p>\n<p>.changements dans le rythme cardiaque<\/p>\n<p>.d\u00e9stabilisation, hallucinations (voir des diminutions ou entendre des voix qui n'existent pas), fi\u00e8vre, transpiration, perplexit\u00e9, battements de c\u0153ur rapides, frissons, secousses musculaires graves ou secousses, perte de coordination, maladie, vomissements ou rel\u00e2chement des intestins.<\/p>\n<p>.naus\u00e9es, vomissements, perte d'app\u00e9tit, manque d'\u00e9nergie ou instabilit\u00e9<\/p>\n<p>.incapacit\u00e9 \u00e0 avoir ou \u00e0 conserver une \u00e9rection<\/p>\n<p>.cycle mensuel sporadique<\/p>\n<p>.diminution du d\u00e9sir sexuel<\/p>\n<p>.tourmente de la poitrine<\/p>\n<p>.ruches<\/p>\n<p>.picotement<\/p>\n<p>.rash<\/p>\n<p>.un gonflement du visage, de la gorge, de la langue, des l\u00e8vres, des yeux, des mains, des pieds, des jambes ou du bas des jambes<\/p>\n<p>.s\u00e9cheresse<\/p>\n<p>.difficult\u00e9 \u00e0 respirer ou \u00e0 avaler<\/p>\n<p>.saisies<\/p>\n<p>...une paresse scandaleuse<\/p>\n<p>.l\u00e9g\u00e8ret\u00e9 lors des changements de position<\/p>\n<p>Si vous ressentez un sympt\u00f4me r\u00e9el, vous ou votre m\u00e9decin traitant pouvez envoyer un rapport au programme de d\u00e9claration des \u00e9v\u00e9nements Med Watch de la FDA (Food and Drug Administration) par t\u00e9l\u00e9phone (1-800-332-1088).<\/p>\n<p><strong>Acheter Oxycodone - Apap (Physicians Tc.) en ligne,Oxycodone peut provoquer des r\u00e9actions oppos\u00e9es. Appelez votre PCP si vous avez des probl\u00e8mes inhabituels pendant que vous prenez ce m\u00e9dicament.<\/strong><\/p>\n<p>La maltraitance des stup\u00e9fiants est un probl\u00e8me de s\u00e9curit\u00e9 ouvert important. Les adolescents et les jeunes adultes se procurent le plus souvent ces m\u00e9dicaments dans leur armoire \u00e0 pharmacie, o\u00f9 un autre membre de la famille les a soign\u00e9s.<\/p>\n<p>Tous les stup\u00e9fiants doivent \u00eatre rang\u00e9s dans leur emballage unique, dans un bureau verrouill\u00e9, une bo\u00eete \u00e0 cl\u00e9 ou un endroit o\u00f9 d'autres personnes ne peuvent y acc\u00e9der qu'au prix d'un effort consid\u00e9rable.<\/p>\n<p><strong>Notez prudemment quand et combien de m\u00e9dicaments vous prenez pour surveiller la quantit\u00e9 restante.<\/strong><\/p>\n<p>Si vous imaginez que quelqu'un a pris vos m\u00e9dicaments, contactez rapidement la police pour \u00e9tablir un rapport si cela est important.<\/p>\n<p>De nombreux groupes de personnes ont des programmes de r\u00e9cup\u00e9ration des m\u00e9dicaments. Adressez-vous \u00e0 votre sp\u00e9cialiste de la famille pour obtenir plus d'informations ou visitez le bureau de contr\u00f4le des d\u00e9tournements de la U.S. sedate Enforcement Administration pour en savoir plus. Vous pouvez \u00e9galement appeler l'organisme de gestion des d\u00e9chets le plus proche de chez vous pour savoir s'il existe un programme de r\u00e9cup\u00e9ration dans votre r\u00e9gion : oxycodone - ordonnances pour les tourments transport \u00e0 moyen terme - achat d'oxycodone sur Internet.<\/p>\n<p><strong>La pilule d'oxycodone s'accompagne souvent de directives concernant l'\u00e9limination des m\u00e9dicaments non utilis\u00e9s afin de contrer une utilisation inattendue ou une maltraitance ill\u00e9gale.<\/strong><\/p>\n<p>La FDA sugg\u00e8re de jeter continuellement les produits utilis\u00e9s et les autres produits contre l'agonie dans la poubelle. En effet, m\u00eame les produits utilis\u00e9s contiennent encore suffisamment de m\u00e9dicaments pour \u00eatre dangereux ou destructeurs pour les animaux domestiques, les enfants et les autres personnes ayant une faible r\u00e9sistance aux narcotiques. Pour jeter un m\u00e9dicament contre les tourments, il faut le chevaucher en parties \u00e9gales de fa\u00e7on \u00e0 ce que les c\u00f4t\u00e9s collants se rejoignent, puis tirer la chasse d'eau imm\u00e9diatement. Oxycodone - m\u00e9dicaments contre les tourments \u00e0 moyen terme - achat d'Oxycodone sur Internet.<\/p>\n<p>Si votre r\u00e9gion vous d\u00e9conseille de jeter les m\u00e9dicaments non utilis\u00e9s dans les toilettes, prenez les mesures suivantes<\/p>\n<p>Supprimez les informations individuelles de l'\u00e9tiquette de la solution et conservez l'ordonnance dans son support unique.<\/p>\n<p>Ajoutez de l'eau aux pilules fortes. De m\u00eame, ajoutez au support une substance non toxique et non app\u00e9tissante, par exemple des grains d'espresso ou de la liti\u00e8re pour chat.<\/p>\n<p>Scellez le support avec du ruban adh\u00e9sif et placez-le dans un deuxi\u00e8me compartiment ordinaire, puis mettez-le \u00e0 la poubelle.<\/p>\n<p>Si vous ne savez pas comment jeter le m\u00e9dicament, demandez \u00e0 votre m\u00e9decin traitant.<\/p>","protected":false},"excerpt":{"rendered":"<p>Buy Oxycodone &#8211; Apap (Physicians Tc.) Online Buy Oxycodone &#8211; Apap (Physicians Tc.) Online Oxycodone \u2013 torment drugs medium-term conveyance \u2013 purchase oxycodone on the web Buy Oxycodone &#8211; Apap (Physicians Tc.) Online, Oxycodone is a semisynthetic narcotic orchestrated from thebaine, a narcotic alkaloid in the Persian poppy, and one of the numerous alkaloids found [&hellip;]<\/p>","protected":false},"featured_media":3092,"comment_status":"open","ping_status":"closed","template":"","meta":{"site-sidebar-layout":"default","site-content-layout":"","ast-site-content-layout":"default","site-content-style":"default","site-sidebar-style":"default","ast-global-header-display":"","ast-banner-title-visibility":"","ast-main-header-display":"","ast-hfb-above-header-display":"","ast-hfb-below-header-display":"","ast-hfb-mobile-header-display":"","site-post-title":"","ast-breadcrumbs-content":"","ast-featured-img":"","footer-sml-layout":"","theme-transparent-header-meta":"default","adv-header-id-meta":"","stick-header-meta":"","header-above-stick-meta":"","header-main-stick-meta":"","header-below-stick-meta":"","astra-migrate-meta-layouts":"set","ast-page-background-enabled":"default","ast-page-background-meta":{"desktop":{"background-color":"var(--ast-global-color-4)","background-image":"","background-repeat":"repeat","background-position":"center center","background-size":"auto","background-attachment":"scroll","background-type":"","background-media":"","overlay-type":"","overlay-color":"","overlay-opacity":"","overlay-gradient":""},"tablet":{"background-color":"","background-image":"","background-repeat":"repeat","background-position":"center center","background-size":"auto","background-attachment":"scroll","background-type":"","background-media":"","overlay-type":"","overlay-color":"","overlay-opacity":"","overlay-gradient":""},"mobile":{"background-color":"","background-image":"","background-repeat":"repeat","background-position":"center center","background-size":"auto","background-attachment":"scroll","background-type":"","background-media":"","overlay-type":"","overlay-color":"","overlay-opacity":"","overlay-gradient":""}},"ast-content-background-meta":{"desktop":{"background-color":"var(--ast-global-color-5)","background-image":"","background-repeat":"repeat","background-position":"center center","background-size":"auto","background-attachment":"scroll","background-type":"","background-media":"","overlay-type":"","overlay-color":"","overlay-opacity":"","overlay-gradient":""},"tablet":{"background-color":"var(--ast-global-color-5)","background-image":"","background-repeat":"repeat","background-position":"center center","background-size":"auto","background-attachment":"scroll","background-type":"","background-media":"","overlay-type":"","overlay-color":"","overlay-opacity":"","overlay-gradient":""},"mobile":{"background-color":"var(--ast-global-color-5)","background-image":"","background-repeat":"repeat","background-position":"center center","background-size":"auto","background-attachment":"scroll","background-type":"","background-media":"","overlay-type":"","overlay-color":"","overlay-opacity":"","overlay-gradient":""}}},"product_brand":[],"product_cat":[2385],"product_tag":[1135,1136,1134,1129,1132,1131,1130,1133,1128,1127,1138,1137],"class_list":{"0":"post-3062","1":"product","2":"type-product","3":"status-publish","4":"has-post-thumbnail","6":"product_cat-buy-pain-killer-pills-online","7":"product_tag-buy-oxycodone-apap-physicians-tc-in-canada","8":"product_tag-buy-oxycodone-apap-physicians-tc-in-uk","9":"product_tag-buy-oxycodone-apap-physicians-tc-in-usa","10":"product_tag-buy-oxycodone-apap-physicians-tc-with-bitcoin","11":"product_tag-buy-oxycodone-apap-physicians-tc-with-credit-card","12":"product_tag-buy-oxycodone-apap-physicians-tc-with-money-gram","13":"product_tag-buy-oxycodone-apap-physicians-tc-with-western-union","14":"product_tag-buy-oxycodone-apap-physicians-tc-without-a-doctor","15":"product_tag-buy-oxycodone-apap-physicians-tc-without-prescription","16":"product_tag-oxycodone-apap-physicians-tc-for-sale","17":"product_tag-oxycodone-apap-physicians-tc-pills","18":"product_tag-oxycodone-apap-physicians-tc-tablets","19":"desktop-align-center","20":"tablet-align-left","21":"mobile-align-left","23":"first","24":"instock","25":"shipping-taxable","26":"purchasable","27":"product-type-variable","28":"has-default-attributes"},"yoast_head":"<!-- This site is optimized with the Yoast SEO plugin v25.9 - https:\/\/yoast.com\/wordpress\/plugins\/seo\/ -->\n<title>Buy Oxycodone Apap (Wattson Labs) Online - Oxycodone Apap (Wattson Labs) for Sale<\/title>\n<meta name=\"description\" content=\"If you wish to buy Oxycodone online, our online Buy-Prescriptionz store can help. We have Oxycodone for sale at the best rates here. Place your order and grab the latest deals today!\" \/>\n<meta name=\"robots\" content=\"index, follow, max-snippet:-1, max-image-preview:large, max-video-preview:-1\" \/>\n<link rel=\"canonical\" href=\"https:\/\/buy-prescriptionz.com\/fr\/produit\/acheter-oxycodone-apap-medecins-tc-en-ligne\/\" \/>\n<meta property=\"og:locale\" content=\"fr_FR\" \/>\n<meta property=\"og:type\" content=\"article\" \/>\n<meta property=\"og:title\" content=\"Buy Oxycodone Apap (Wattson Labs) Online - Oxycodone Apap (Wattson Labs) for Sale\" \/>\n<meta property=\"og:description\" content=\"If you wish to buy Oxycodone online, our online Buy-Prescriptionz store can help. We have Oxycodone for sale at the best rates here. Place your order and grab the latest deals today!\" \/>\n<meta property=\"og:url\" content=\"https:\/\/buy-prescriptionz.com\/fr\/produit\/acheter-oxycodone-apap-medecins-tc-en-ligne\/\" \/>\n<meta property=\"og:site_name\" content=\"Buy Prescriptionz\" \/>\n<meta property=\"article:modified_time\" content=\"2025-09-24T14:09:34+00:00\" \/>\n<meta property=\"og:image\" content=\"https:\/\/buy-prescriptionz.com\/wp-content\/uploads\/2025\/09\/oxycodone-apap-physicians-tc-.jpg\" \/>\n\t<meta property=\"og:image:width\" content=\"400\" \/>\n\t<meta property=\"og:image:height\" content=\"300\" \/>\n\t<meta property=\"og:image:type\" content=\"image\/jpeg\" \/>\n<meta name=\"twitter:card\" content=\"summary_large_image\" \/>\n<meta name=\"twitter:label1\" content=\"Dur\u00e9e de lecture estim\u00e9e\" \/>\n\t<meta name=\"twitter:data1\" content=\"5 minutes\" \/>\n<script type=\"application\/ld+json\" class=\"yoast-schema-graph\">{\"@context\":\"https:\/\/schema.org\",\"@graph\":[{\"@type\":\"WebPage\",\"@id\":\"https:\/\/buy-prescriptionz.com\/product\/buy-oxycodone-apap-physicians-tc-online\/\",\"url\":\"https:\/\/buy-prescriptionz.com\/product\/buy-oxycodone-apap-physicians-tc-online\/\",\"name\":\"Buy Oxycodone Apap (Wattson Labs) Online - Oxycodone Apap (Wattson Labs) for Sale\",\"isPartOf\":{\"@id\":\"https:\/\/buy-prescriptionz.com\/#website\"},\"primaryImageOfPage\":{\"@id\":\"https:\/\/buy-prescriptionz.com\/product\/buy-oxycodone-apap-physicians-tc-online\/#primaryimage\"},\"image\":{\"@id\":\"https:\/\/buy-prescriptionz.com\/product\/buy-oxycodone-apap-physicians-tc-online\/#primaryimage\"},\"thumbnailUrl\":\"https:\/\/buy-prescriptionz.com\/wp-content\/uploads\/2025\/09\/oxycodone-apap-physicians-tc-.jpg\",\"datePublished\":\"2025-09-16T08:56:10+00:00\",\"dateModified\":\"2025-09-24T14:09:34+00:00\",\"description\":\"If you wish to buy Oxycodone online, our online Buy-Prescriptionz store can help. We have Oxycodone for sale at the best rates here. Place your order and grab the latest deals today!\",\"breadcrumb\":{\"@id\":\"https:\/\/buy-prescriptionz.com\/product\/buy-oxycodone-apap-physicians-tc-online\/#breadcrumb\"},\"inLanguage\":\"fr-FR\",\"potentialAction\":[{\"@type\":\"ReadAction\",\"target\":[\"https:\/\/buy-prescriptionz.com\/product\/buy-oxycodone-apap-physicians-tc-online\/\"]}]},{\"@type\":\"ImageObject\",\"inLanguage\":\"fr-FR\",\"@id\":\"https:\/\/buy-prescriptionz.com\/product\/buy-oxycodone-apap-physicians-tc-online\/#primaryimage\",\"url\":\"https:\/\/buy-prescriptionz.com\/wp-content\/uploads\/2025\/09\/oxycodone-apap-physicians-tc-.jpg\",\"contentUrl\":\"https:\/\/buy-prescriptionz.com\/wp-content\/uploads\/2025\/09\/oxycodone-apap-physicians-tc-.jpg\",\"width\":400,\"height\":300},{\"@type\":\"BreadcrumbList\",\"@id\":\"https:\/\/buy-prescriptionz.com\/product\/buy-oxycodone-apap-physicians-tc-online\/#breadcrumb\",\"itemListElement\":[{\"@type\":\"ListItem\",\"position\":1,\"name\":\"Home\",\"item\":\"https:\/\/buy-prescriptionz.com\/\"},{\"@type\":\"ListItem\",\"position\":2,\"name\":\"Shop Painkillers Online\",\"item\":\"https:\/\/buy-prescriptionz.com\/shop-painkillers-online\/\"},{\"@type\":\"ListItem\",\"position\":3,\"name\":\"Buy Oxycodone &#8211; Apap (Physicians Tc.) Online\"}]},{\"@type\":\"WebSite\",\"@id\":\"https:\/\/buy-prescriptionz.com\/#website\",\"url\":\"https:\/\/buy-prescriptionz.com\/\",\"name\":\"Buy Prescriptionz\",\"description\":\"Drugs Online\",\"publisher\":{\"@id\":\"https:\/\/buy-prescriptionz.com\/#organization\"},\"potentialAction\":[{\"@type\":\"SearchAction\",\"target\":{\"@type\":\"EntryPoint\",\"urlTemplate\":\"https:\/\/buy-prescriptionz.com\/?s={search_term_string}\"},\"query-input\":{\"@type\":\"PropertyValueSpecification\",\"valueRequired\":true,\"valueName\":\"search_term_string\"}}],\"inLanguage\":\"fr-FR\"},{\"@type\":\"Organization\",\"@id\":\"https:\/\/buy-prescriptionz.com\/#organization\",\"name\":\"Buy Prescriptionz\",\"url\":\"https:\/\/buy-prescriptionz.com\/\",\"logo\":{\"@type\":\"ImageObject\",\"inLanguage\":\"fr-FR\",\"@id\":\"https:\/\/buy-prescriptionz.com\/#\/schema\/logo\/image\/\",\"url\":\"https:\/\/buy-prescriptionz.com\/wp-content\/uploads\/2023\/09\/logo.png\",\"contentUrl\":\"https:\/\/buy-prescriptionz.com\/wp-content\/uploads\/2023\/09\/logo.png\",\"width\":350,\"height\":64,\"caption\":\"Buy Prescriptionz\"},\"image\":{\"@id\":\"https:\/\/buy-prescriptionz.com\/#\/schema\/logo\/image\/\"}}]}<\/script>\n<!-- \/ Yoast SEO plugin. -->","yoast_head_json":{"title":"Achetez de l'Oxycodone Apap (Wattson Labs) en ligne\u00a0- Oxycodone Apap (Wattson Labs) \u00e0 vendre","description":"Si vous souhaitez acheter de l'oxycodone en ligne, notre boutique en ligne Buy-Prescriptionz est l\u00e0 pour vous aider. Nous proposons de l'oxycodone aux meilleurs prix. Passez commande d\u00e8s aujourd'hui et profitez des derni\u00e8res offres\u00a0!","robots":{"index":"index","follow":"follow","max-snippet":"max-snippet:-1","max-image-preview":"max-image-preview:large","max-video-preview":"max-video-preview:-1"},"canonical":"https:\/\/buy-prescriptionz.com\/fr\/produit\/acheter-oxycodone-apap-medecins-tc-en-ligne\/","og_locale":"fr_FR","og_type":"article","og_title":"Buy Oxycodone Apap (Wattson Labs) Online - Oxycodone Apap (Wattson Labs) for Sale","og_description":"If you wish to buy Oxycodone online, our online Buy-Prescriptionz store can help. We have Oxycodone for sale at the best rates here. Place your order and grab the latest deals today!","og_url":"https:\/\/buy-prescriptionz.com\/fr\/produit\/acheter-oxycodone-apap-medecins-tc-en-ligne\/","og_site_name":"Buy Prescriptionz","article_modified_time":"2025-09-24T14:09:34+00:00","og_image":[{"width":400,"height":300,"url":"https:\/\/buy-prescriptionz.com\/wp-content\/uploads\/2025\/09\/oxycodone-apap-physicians-tc-.jpg","type":"image\/jpeg"}],"twitter_card":"summary_large_image","twitter_misc":{"Dur\u00e9e de lecture estim\u00e9e":"5 minutes"},"schema":{"@context":"https:\/\/schema.org","@graph":[{"@type":"WebPage","@id":"https:\/\/buy-prescriptionz.com\/product\/buy-oxycodone-apap-physicians-tc-online\/","url":"https:\/\/buy-prescriptionz.com\/product\/buy-oxycodone-apap-physicians-tc-online\/","name":"Achetez de l'Oxycodone Apap (Wattson Labs) en ligne\u00a0- Oxycodone Apap (Wattson Labs) \u00e0 vendre","isPartOf":{"@id":"https:\/\/buy-prescriptionz.com\/#website"},"primaryImageOfPage":{"@id":"https:\/\/buy-prescriptionz.com\/product\/buy-oxycodone-apap-physicians-tc-online\/#primaryimage"},"image":{"@id":"https:\/\/buy-prescriptionz.com\/product\/buy-oxycodone-apap-physicians-tc-online\/#primaryimage"},"thumbnailUrl":"https:\/\/buy-prescriptionz.com\/wp-content\/uploads\/2025\/09\/oxycodone-apap-physicians-tc-.jpg","datePublished":"2025-09-16T08:56:10+00:00","dateModified":"2025-09-24T14:09:34+00:00","description":"Si vous souhaitez acheter de l'oxycodone en ligne, notre boutique en ligne Buy-Prescriptionz est l\u00e0 pour vous aider. Nous proposons de l'oxycodone aux meilleurs prix. Passez commande d\u00e8s aujourd'hui et profitez des derni\u00e8res offres\u00a0!","breadcrumb":{"@id":"https:\/\/buy-prescriptionz.com\/product\/buy-oxycodone-apap-physicians-tc-online\/#breadcrumb"},"inLanguage":"fr-FR","potentialAction":[{"@type":"ReadAction","target":["https:\/\/buy-prescriptionz.com\/product\/buy-oxycodone-apap-physicians-tc-online\/"]}]},{"@type":"ImageObject","inLanguage":"fr-FR","@id":"https:\/\/buy-prescriptionz.com\/product\/buy-oxycodone-apap-physicians-tc-online\/#primaryimage","url":"https:\/\/buy-prescriptionz.com\/wp-content\/uploads\/2025\/09\/oxycodone-apap-physicians-tc-.jpg","contentUrl":"https:\/\/buy-prescriptionz.com\/wp-content\/uploads\/2025\/09\/oxycodone-apap-physicians-tc-.jpg","width":400,"height":300},{"@type":"BreadcrumbList","@id":"https:\/\/buy-prescriptionz.com\/product\/buy-oxycodone-apap-physicians-tc-online\/#breadcrumb","itemListElement":[{"@type":"ListItem","position":1,"name":"Home","item":"https:\/\/buy-prescriptionz.com\/"},{"@type":"ListItem","position":2,"name":"Shop Painkillers Online","item":"https:\/\/buy-prescriptionz.com\/shop-painkillers-online\/"},{"@type":"ListItem","position":3,"name":"Buy Oxycodone &#8211; Apap (Physicians Tc.) Online"}]},{"@type":"WebSite","@id":"https:\/\/buy-prescriptionz.com\/#website","url":"https:\/\/buy-prescriptionz.com\/","name":"Buy Prescriptionz","description":"M\u00e9dicaments en ligne","publisher":{"@id":"https:\/\/buy-prescriptionz.com\/#organization"},"potentialAction":[{"@type":"SearchAction","target":{"@type":"EntryPoint","urlTemplate":"https:\/\/buy-prescriptionz.com\/?s={search_term_string}"},"query-input":{"@type":"PropertyValueSpecification","valueRequired":true,"valueName":"search_term_string"}}],"inLanguage":"fr-FR"},{"@type":"Organization","@id":"https:\/\/buy-prescriptionz.com\/#organization","name":"Buy Prescriptionz","url":"https:\/\/buy-prescriptionz.com\/","logo":{"@type":"ImageObject","inLanguage":"fr-FR","@id":"https:\/\/buy-prescriptionz.com\/#\/schema\/logo\/image\/","url":"https:\/\/buy-prescriptionz.com\/wp-content\/uploads\/2023\/09\/logo.png","contentUrl":"https:\/\/buy-prescriptionz.com\/wp-content\/uploads\/2023\/09\/logo.png","width":350,"height":64,"caption":"Buy Prescriptionz"},"image":{"@id":"https:\/\/buy-prescriptionz.com\/#\/schema\/logo\/image\/"}}]}},"_links":{"self":[{"href":"https:\/\/buy-prescriptionz.com\/fr\/wp-json\/wp\/v2\/product\/3062","targetHints":{"allow":["GET"]}}],"collection":[{"href":"https:\/\/buy-prescriptionz.com\/fr\/wp-json\/wp\/v2\/product"}],"about":[{"href":"https:\/\/buy-prescriptionz.com\/fr\/wp-json\/wp\/v2\/types\/product"}],"replies":[{"embeddable":true,"href":"https:\/\/buy-prescriptionz.com\/fr\/wp-json\/wp\/v2\/comments?post=3062"}],"wp:featuredmedia":[{"embeddable":true,"href":"https:\/\/buy-prescriptionz.com\/fr\/wp-json\/wp\/v2\/media\/3092"}],"wp:attachment":[{"href":"https:\/\/buy-prescriptionz.com\/fr\/wp-json\/wp\/v2\/media?parent=3062"}],"wp:term":[{"taxonomy":"product_brand","embeddable":true,"href":"https:\/\/buy-prescriptionz.com\/fr\/wp-json\/wp\/v2\/product_brand?post=3062"},{"taxonomy":"product_cat","embeddable":true,"href":"https:\/\/buy-prescriptionz.com\/fr\/wp-json\/wp\/v2\/product_cat?post=3062"},{"taxonomy":"product_tag","embeddable":true,"href":"https:\/\/buy-prescriptionz.com\/fr\/wp-json\/wp\/v2\/product_tag?post=3062"}],"curies":[{"name":"wp","href":"https:\/\/api.w.org\/{rel}","templated":true}]}}