{"id":3065,"date":"2025-09-16T08:56:10","date_gmt":"2025-09-16T08:56:10","guid":{"rendered":"https:\/\/chemsfine.com\/newsite\/?post_type=product&#038;p=3065"},"modified":"2025-09-24T06:50:48","modified_gmt":"2025-09-24T06:50:48","slug":"acheter-nitrazepam-nipam-en-ligne","status":"publish","type":"product","link":"https:\/\/buy-prescriptionz.com\/fr\/produit\/acheter-nitrazepam-nipam-en-ligne\/","title":{"rendered":"Acheter du Nitraz\u00e9pam (Nipam) en ligne"},"content":{"rendered":"<h2>Acheter du Nitraz\u00e9pam (Nipam) en ligne<\/h2>\n<h3>Acheter Nitrazepam (Nipam) en ligne Informations g\u00e9n\u00e9rales :<\/h3>\n<p>Acheter du nitraz\u00e9pam et du nipam en ligne. Le nitraz\u00e9pam est un s\u00e9datif utilis\u00e9 \u00e0 court terme pour favoriser le sommeil. Il appartient \u00e0 la famille des benzodiaz\u00e9pines. Il est principalement utilis\u00e9 dans les cas graves, invalidants ou provoquant une d\u00e9tresse extr\u00eame.<\/p>\n<p>Le prix du m\u00e9dicament pour acheter du Nitraz\u00e9pam 5 mg est bien inf\u00e9rieur \u00e0 son prix de vente au d\u00e9tail. Demandez une ordonnance m\u00e9dicale, facile \u00e0 obtenir, aupr\u00e8s d'un professionnel de sant\u00e9 l\u00e9gal et de confiance aux \u00c9tats-Unis. Le nitraz\u00e9pam peut provoquer une instabilit\u00e9, une paresse ou des troubles de la vision. Ces effets peuvent \u00eatre aggrav\u00e9s par la prise d'alcool ou de certains m\u00e9dicaments. Utilisez le nitraz\u00e9pam avec prudence. \u00c9vitez de conduire ou d'effectuer d'autres activit\u00e9s potentiellement dangereuses tant que vous ne savez pas comment vous r\u00e9agissez. Restez vigilant le lendemain matin apr\u00e8s avoir pris du nitraz\u00e9pam. \u00c9vitez de boire de l'alcool ou de prendre des m\u00e9dicaments susceptibles de provoquer une paresse (par exemple, des tranquillisants, des relaxants musculaires) pendant votre traitement\u00a0; cela pourrait aggraver leurs effets. Consultez votre pharmacien si vous avez des questions sur les m\u00e9dicaments susceptibles de provoquer de la somnolence. Des sympt\u00f4mes courants, tels que la confusion, l'instabilit\u00e9, les probl\u00e8mes de coordination et de m\u00e9moire, surviennent souvent dans l'heure qui suit la prise de nitraz\u00e9pam. Assurez-vous de prendre du nitraz\u00e9pam juste avant de vous coucher ou apr\u00e8s vous \u00eatre couch\u00e9. Cela att\u00e9nuera ces sympt\u00f4mes. Le nitraz\u00e9pam peut aggraver les coups de soleil. \u00c9vitez le soleil, les lampes solaires et les cabines de bronzage jusqu'\u00e0 ce que vous sachiez comment vous r\u00e9agissez au nitraz\u00e9pam. Utilisez une cr\u00e8me solaire ou portez des v\u00eatements de protection si vous restez \u00e0 l'ext\u00e9rieur pendant une dur\u00e9e prolong\u00e9e. Informez votre m\u00e9decin traitant ou votre dentiste que vous prenez du nitraz\u00e9pam avant tout traitement m\u00e9dical ou dentaire, soins d'urgence ou intervention m\u00e9dicale. Ce produit peut contenir de la tartrazine, un colorant pouvant provoquer une r\u00e9action allergique chez certains patients. Si vous avez d\u00e9j\u00e0 eu une r\u00e9action allergique \u00e0 la tartrazine (acheter-nitrazepam-nipam-en-ligne), v\u00e9rifiez si votre produit contient de la tartrazine. \u00c9vitez de d\u00e9passer la dose recommand\u00e9e et de l'utiliser plus longtemps que recommand\u00e9 sans consulter votre m\u00e9decin traitant. Vous pourriez ressentir des somnolences incommodantes pendant une ou deux nuits apr\u00e8s l'arr\u00eat du nitraz\u00e9pam. Si ces sympt\u00f4mes persistent, consultez votre m\u00e9decin traitant.<\/p>\n<h3>Achat de Nitraz\u00e9pam (Nipam) 5mg<\/h3>\n<p>Acheter Nitrazepam (Nipam) en ligne, Vous pouvez acheter Nitrazepam sur le web (Nipam) 5mg sollicitation ici, nous avons excellent Nitrazepam (Mogadon) 5mg pilules. acheter Nitrazepam (Nipam) 5mg en ligne sans m\u00e9dicament.<\/p>\n<p><strong>Acheter Nitrazepam (Nipam) 5mg en ligne par le meilleur site en ligne sans ordonnance.<\/strong><\/p>\n<p>Nitraz\u00e9pam (Nipam) 5mg<\/p>\n<p>Pilules de 5mg de nitraz\u00e9pam (Nipam) de premi\u00e8re qualit\u00e9<\/p>\n<p>Livraison globale<\/p>\n<p>Emballage prudent<\/p>\n<p>Support en direct<\/p>\n<p>Garantie de satisfaction 100%<\/p>\n<p><strong>Acheter Nitrazepam sur le web (Nipam) 5mg par le meilleur site en ligne sans ordonnance.<\/strong><\/p>\n<p>NOUS OFFRONS DES SERVICES OUTRE-MER EXP\u00c9DITION S\u00c9CURIS\u00c9E \u00c0 VOTRE PORTE !<\/p>\n<p>Vous pouvez effectuer le paiement par carte de cr\u00e9dit ou de d\u00e9bit.<\/p>\n<p>EMS\/USPS Express Discreet TrackAble Delivery Gamme globale.<\/p>\n<p>Nitrazepam (Nipam) 5mg est utilis\u00e9 pour l'administration des probl\u00e8mes de tension, l'aide transitoire des effets secondaires de la nervosit\u00e9 ou du malaise li\u00e9 \u00e0 la mis\u00e8re.buy-nitrazepam-nipam-online<\/p>\n<h3>\u00c0 propos du comprim\u00e9 Nipam 5 MG<\/h3>\n<p>Le comprim\u00e9 de Nipam 5 mg est un benzodiaz\u00e9pam hypnotique utilis\u00e9 pour traiter les spasmes infantiles et l'insomnie. Il est fortement d\u00e9conseill\u00e9 aux personnes souffrant de BPCO, d'allergies, d'hypertension oculaire ou de l\u00e9sions h\u00e9patiques graves. Ce m\u00e9dicament peut \u00e9galement soulager les troubles de l'humeur, les effets du sevrage alcoolique, les myorelaxants et les troubles convulsifs.<br \/>\n<strong><br \/>\n<\/strong>Le comprim\u00e9 de Nipam 5 mg est toujours prescrit aux femmes enceintes, m\u00eame s'il existe un risque pour l'enfant \u00e0 na\u00eetre s'il est pris pendant la grossesse. En effet, les b\u00e9n\u00e9fices potentiels l'emportent largement sur les risques.<\/p>\n<h3><strong>Comment faut-il prendre la quantit\u00e9 ?<\/strong><\/h3>\n<p>Si vous oubliez de prendre votre comprim\u00e9 de Nipam 5 mg, prenez-le d\u00e8s que vous vous en rendez compte. Si l'heure de la dose suivante est proche, ne prenez pas celle que vous avez oubli\u00e9e. Ne prenez pas deux doses \u00e0 la fois pour compenser celle que vous avez oubli\u00e9e.<\/p>\n<p><strong>Existe-t-il des instructions en cas de surdosage ?<\/strong><\/p>\n<p>Si vous pensez qu'une personne a fait une surdose, consultez un m\u00e9decin d'urgence ou appelez votre m\u00e9decin. Ces informations proviennent de la quantit\u00e9 de sel contenue dans le m\u00e9dicament. Ce m\u00e9dicament peut \u00eatre utilis\u00e9 et avoir des effets diff\u00e9rents selon les personnes. Avant de prendre ce m\u00e9dicament, consultez un psychiatre.<\/p>\n<p><strong>Informations importantes sur le comprim\u00e9 Nipam 5 MG <\/strong><\/p>\n<p>Combien de temps dure l'effet ?<\/p>\n<p>En g\u00e9n\u00e9ral, les effets de ce m\u00e9dicament durent entre 6 et 8 heures.<\/p>\n<p>Quand est-ce que le combat commence ?<\/p>\n<p>Vous pourrez constater que ce m\u00e9dicament agit dans 30 \u00e0 60 minutes.<\/p>\n<p>Y a-t-il des signes de grossesse ?<\/p>\n<p>Les femmes enceintes ne doivent pas prendre ce m\u00e9dicament. Le comprim\u00e9 de Nipam 5 mg traverse le placenta. Des cas de fentes labio-palatines ont \u00e9t\u00e9 signal\u00e9s, mais les donn\u00e9es les plus r\u00e9centes ne permettent pas d'\u00e9tablir un lien entre la consommation de drogue et ces fentes. D'autres anomalies cong\u00e9nitales ont \u00e9t\u00e9 signal\u00e9es, notamment des hernies inguinales, des malformations cardiaques, le spina-bifida, des dysmorphies faciales, des malformations squelettiques, et bien d'autres. Une hypotonie et des sympt\u00f4mes de sevrage ont \u00e9galement \u00e9t\u00e9 rapport\u00e9s apr\u00e8s une utilisation \u00e0 l'approche de l'accouchement.<\/p>\n<p>Est-ce que cela devient une habitude ?<\/p>\n<p>Une tendance \u00e0 former des habitudes a \u00e9t\u00e9 d\u00e9crite.<\/p>\n<p>Existe-t-il des conseils sur l\u2019allaitement ?<\/p>\n<p>Les femmes qui allaitent ne doivent pas prendre ce m\u00e9dicament. Le comprim\u00e9 de Nipam 5 mg peut passer dans le lait maternel.<\/p>\n<p>Est-ce que c'est s\u00e9curitaire de boire ?<\/p>\n<p>Les benzodiaz\u00e9pines ont \u00e9t\u00e9 associ\u00e9es \u00e0 une tristesse additive du SNC\u00a0; \u00e9vitez ou buvez moins d\u2019alcool.<\/p>\n<p>Puis-je conduire apr\u00e8s avoir pris ce m\u00e9dicament ?<\/p>\n<p>Ce m\u00e9dicament a des effets secondaires pouvant entra\u00eener des pertes de connaissance. Par cons\u00e9quent, le patient ne doit pas conduire s'il se sent mal, comme somnolent, \u00e9tourdi ou s'il a des troubles de la vue.<\/p>\n<p>Est-ce que cela change le fonctionnement des reins ?<\/p>\n<p>Ne peut pas \u00eatre dialys\u00e9 (0% \u00e0 5%) ; aucune quantit\u00e9 suppl\u00e9mentaire n\u2019est n\u00e9cessaire.<\/p>\n<p>Est-ce que cela change le fonctionnement du foie ?<\/p>\n<p>Ne le prenez pas si vous souffrez de cirrhose ou d\u2019une maladie grave ou aigu\u00eb du foie ; r\u00e9duisez la dose de moiti\u00e9.<\/p>\n<p>Si vous pensez qu'une personne a fait une surdose, consultez un m\u00e9decin d'urgence ou appelez votre m\u00e9decin. Ces informations proviennent de la quantit\u00e9 de sel contenue dans le m\u00e9dicament. Ce m\u00e9dicament peut \u00eatre utilis\u00e9 et avoir des effets diff\u00e9rents selon les personnes. Avant de prendre ce m\u00e9dicament, consultez un psychiatre.<\/p>\n<h3>Comment envoyer des liasses ?<\/h3>\n<p>Nous emballons les paquets avec pr\u00e9caution avec des papiers de tungst\u00e8ne et de carbone pour \u00e9viter de passer par les traditions des machines \u00e0 rayons X dans les terminaux d'avion. Les paquets sont parfaitement emball\u00e9s avec des papiers de b\u00e9n\u00e9diction de l'ext\u00e9rieur.<\/p>\n<h3>Comment cela peut-il fonctionner ?<\/h3>\n<p>Acheter Nitrazepam (Nipam) en ligne, Nitrazepam a une place avec un rassemblement de m\u00e9dicaments appel\u00e9s benzodiaz\u00e9pines. Il agit sur les r\u00e9cepteurs du cerveau (r\u00e9cepteurs GABA) en provoquant l'apparition d'un compos\u00e9 appel\u00e9 GABA (corrosif gamma amino butyrique). Le GABA est une substance inhibitrice importante du cerveau, associ\u00e9e \u00e0 la l\u00e9thargie et au contr\u00f4le des malaises et des crises.<\/p>\n<p>Le nitraz\u00e9pam agit en augmentant le mouvement du GABA, diminuant ainsi le fonctionnement de zones sp\u00e9cifiques de l'esprit. Ce r\u00e9sultat se traduit par de la langueur, une r\u00e9duction de la tension et un rel\u00e2chement des muscles.<\/p>\n<p>Le nitraz\u00e9pam est le plus souvent utilis\u00e9 pour traiter un trouble du sommeil. Il diminue le temps n\u00e9cessaire pour s'endormir et les r\u00e9veils nocturnes, tout en augmentant la somme globale du temps pass\u00e9 \u00e0 se reposer. Comme le nitraz\u00e9pam reste longtemps dynamique dans le corps, la fatigue peut survenir le jour suivant.buy-nitrazepam-nipam-online<\/p>\n<h3>Pourquoi le comprim\u00e9 Nipam 5 MG est-il utilis\u00e9 contre l'insomnie\u00a0?<\/h3>\n<p>Si vous pensez qu'une personne a fait une surdose, consultez un m\u00e9decin d'urgence ou appelez votre m\u00e9decin. Ces informations proviennent de la quantit\u00e9 de sel contenue dans le m\u00e9dicament. Ce m\u00e9dicament peut \u00eatre utilis\u00e9 et avoir des effets diff\u00e9rents selon les personnes. Avant de prendre ce m\u00e9dicament, consultez un psychiatre.<\/p>","protected":false},"excerpt":{"rendered":"<p>Buy Nitrazepam (Nipam) Online Buy Nitrazepam (Nipam) Online\u00a0General Information: buy-nitrazepam-nipam-online, Nitrazepam is a sedative medication which is used in the short-term to help people sleep. It belongs to a group of drugs called benzodiazepines. It is mostly used in cases which are severe, disabling or causing extreme distress The medicine cost on Buy Nitrazepam 5mg [&hellip;]<\/p>","protected":false},"featured_media":3095,"comment_status":"open","ping_status":"closed","template":"","meta":{"site-sidebar-layout":"default","site-content-layout":"","ast-site-content-layout":"default","site-content-style":"default","site-sidebar-style":"default","ast-global-header-display":"","ast-banner-title-visibility":"","ast-main-header-display":"","ast-hfb-above-header-display":"","ast-hfb-below-header-display":"","ast-hfb-mobile-header-display":"","site-post-title":"","ast-breadcrumbs-content":"","ast-featured-img":"","footer-sml-layout":"","theme-transparent-header-meta":"default","adv-header-id-meta":"","stick-header-meta":"","header-above-stick-meta":"","header-main-stick-meta":"","header-below-stick-meta":"","astra-migrate-meta-layouts":"set","ast-page-background-enabled":"default","ast-page-background-meta":{"desktop":{"background-color":"var(--ast-global-color-4)","background-image":"","background-repeat":"repeat","background-position":"center center","background-size":"auto","background-attachment":"scroll","background-type":"","background-media":"","overlay-type":"","overlay-color":"","overlay-opacity":"","overlay-gradient":""},"tablet":{"background-color":"","background-image":"","background-repeat":"repeat","background-position":"center center","background-size":"auto","background-attachment":"scroll","background-type":"","background-media":"","overlay-type":"","overlay-color":"","overlay-opacity":"","overlay-gradient":""},"mobile":{"background-color":"","background-image":"","background-repeat":"repeat","background-position":"center center","background-size":"auto","background-attachment":"scroll","background-type":"","background-media":"","overlay-type":"","overlay-color":"","overlay-opacity":"","overlay-gradient":""}},"ast-content-background-meta":{"desktop":{"background-color":"var(--ast-global-color-5)","background-image":"","background-repeat":"repeat","background-position":"center center","background-size":"auto","background-attachment":"scroll","background-type":"","background-media":"","overlay-type":"","overlay-color":"","overlay-opacity":"","overlay-gradient":""},"tablet":{"background-color":"var(--ast-global-color-5)","background-image":"","background-repeat":"repeat","background-position":"center center","background-size":"auto","background-attachment":"scroll","background-type":"","background-media":"","overlay-type":"","overlay-color":"","overlay-opacity":"","overlay-gradient":""},"mobile":{"background-color":"var(--ast-global-color-5)","background-image":"","background-repeat":"repeat","background-position":"center center","background-size":"auto","background-attachment":"scroll","background-type":"","background-media":"","overlay-type":"","overlay-color":"","overlay-opacity":"","overlay-gradient":""}}},"product_brand":[],"product_cat":[2385],"product_tag":[1087,1088,1086,1081,1084,1083,1082,1085,1080,1079,1090,1089],"class_list":{"0":"post-3065","1":"product","2":"type-product","3":"status-publish","4":"has-post-thumbnail","6":"product_cat-buy-pain-killer-pills-online","7":"product_tag-buy-nitrazeoam-nipam-in-canada","8":"product_tag-buy-nitrazeoam-nipam-in-uk","9":"product_tag-buy-nitrazeoam-nipam-in-usa","10":"product_tag-buy-nitrazeoam-nipam-with-bitcoin","11":"product_tag-buy-nitrazeoam-nipam-with-credit-card","12":"product_tag-buy-nitrazeoam-nipam-with-money-gram","13":"product_tag-buy-nitrazeoam-nipam-with-western-union","14":"product_tag-buy-nitrazeoam-nipam-without-a-doctor","15":"product_tag-buy-nitrazeoam-nipam-without-prescription","16":"product_tag-nitrazeoam-nipam-for-sale","17":"product_tag-nitrazeoam-nipam-pills","18":"product_tag-nitrazeoam-nipam-tablets","19":"desktop-align-center","20":"tablet-align-left","21":"mobile-align-left","23":"first","24":"instock","25":"shipping-taxable","26":"purchasable","27":"product-type-variable","28":"has-default-attributes"},"yoast_head":"<!-- This site is optimized with the Yoast SEO plugin v25.9 - https:\/\/yoast.com\/wordpress\/plugins\/seo\/ -->\n<title>Buy Nitrazepam (Nipam) Online - Sleeping Pills Vendor<\/title>\n<meta name=\"description\" content=\"Buy Nitrazepam (Nipam) Online, Nitrazepam-5-MG and there variants. Check for ... Nitrazepam 5 MG This composition has 44 Products ... NIPAM 5MG TAB\" \/>\n<meta name=\"robots\" content=\"index, follow, max-snippet:-1, max-image-preview:large, max-video-preview:-1\" \/>\n<link rel=\"canonical\" href=\"https:\/\/buy-prescriptionz.com\/fr\/produit\/acheter-nitrazepam-nipam-en-ligne\/\" \/>\n<meta property=\"og:locale\" content=\"fr_FR\" \/>\n<meta property=\"og:type\" content=\"article\" \/>\n<meta property=\"og:title\" content=\"Buy Nitrazepam (Nipam) Online - Sleeping Pills Vendor\" \/>\n<meta property=\"og:description\" content=\"Buy Nitrazepam (Nipam) Online, Nitrazepam-5-MG and there variants. Check for ... Nitrazepam 5 MG This composition has 44 Products ... NIPAM 5MG TAB\" \/>\n<meta property=\"og:url\" content=\"https:\/\/buy-prescriptionz.com\/fr\/produit\/acheter-nitrazepam-nipam-en-ligne\/\" \/>\n<meta property=\"og:site_name\" content=\"Buy Prescriptionz\" \/>\n<meta property=\"article:modified_time\" content=\"2025-09-24T06:50:48+00:00\" \/>\n<meta property=\"og:image\" content=\"https:\/\/buy-prescriptionz.com\/wp-content\/uploads\/2025\/09\/nitrazeoam-nipam.jpg\" \/>\n\t<meta property=\"og:image:width\" content=\"400\" \/>\n\t<meta property=\"og:image:height\" content=\"300\" \/>\n\t<meta property=\"og:image:type\" content=\"image\/jpeg\" \/>\n<meta name=\"twitter:card\" content=\"summary_large_image\" \/>\n<meta name=\"twitter:label1\" content=\"Dur\u00e9e de lecture estim\u00e9e\" \/>\n\t<meta name=\"twitter:data1\" content=\"6 minutes\" \/>\n<script type=\"application\/ld+json\" class=\"yoast-schema-graph\">{\"@context\":\"https:\/\/schema.org\",\"@graph\":[{\"@type\":\"WebPage\",\"@id\":\"https:\/\/buy-prescriptionz.com\/product\/buy-nitrazepam-nipam-online\/\",\"url\":\"https:\/\/buy-prescriptionz.com\/product\/buy-nitrazepam-nipam-online\/\",\"name\":\"Buy Nitrazepam (Nipam) Online - Sleeping Pills Vendor\",\"isPartOf\":{\"@id\":\"https:\/\/buy-prescriptionz.com\/#website\"},\"primaryImageOfPage\":{\"@id\":\"https:\/\/buy-prescriptionz.com\/product\/buy-nitrazepam-nipam-online\/#primaryimage\"},\"image\":{\"@id\":\"https:\/\/buy-prescriptionz.com\/product\/buy-nitrazepam-nipam-online\/#primaryimage\"},\"thumbnailUrl\":\"https:\/\/buy-prescriptionz.com\/wp-content\/uploads\/2025\/09\/nitrazeoam-nipam.jpg\",\"datePublished\":\"2025-09-16T08:56:10+00:00\",\"dateModified\":\"2025-09-24T06:50:48+00:00\",\"description\":\"Buy Nitrazepam (Nipam) Online, Nitrazepam-5-MG and there variants. Check for ... Nitrazepam 5 MG This composition has 44 Products ... NIPAM 5MG TAB\",\"breadcrumb\":{\"@id\":\"https:\/\/buy-prescriptionz.com\/product\/buy-nitrazepam-nipam-online\/#breadcrumb\"},\"inLanguage\":\"fr-FR\",\"potentialAction\":[{\"@type\":\"ReadAction\",\"target\":[\"https:\/\/buy-prescriptionz.com\/product\/buy-nitrazepam-nipam-online\/\"]}]},{\"@type\":\"ImageObject\",\"inLanguage\":\"fr-FR\",\"@id\":\"https:\/\/buy-prescriptionz.com\/product\/buy-nitrazepam-nipam-online\/#primaryimage\",\"url\":\"https:\/\/buy-prescriptionz.com\/wp-content\/uploads\/2025\/09\/nitrazeoam-nipam.jpg\",\"contentUrl\":\"https:\/\/buy-prescriptionz.com\/wp-content\/uploads\/2025\/09\/nitrazeoam-nipam.jpg\",\"width\":400,\"height\":300},{\"@type\":\"BreadcrumbList\",\"@id\":\"https:\/\/buy-prescriptionz.com\/product\/buy-nitrazepam-nipam-online\/#breadcrumb\",\"itemListElement\":[{\"@type\":\"ListItem\",\"position\":1,\"name\":\"Home\",\"item\":\"https:\/\/buy-prescriptionz.com\/\"},{\"@type\":\"ListItem\",\"position\":2,\"name\":\"Shop Painkillers Online\",\"item\":\"https:\/\/buy-prescriptionz.com\/shop-painkillers-online\/\"},{\"@type\":\"ListItem\",\"position\":3,\"name\":\"Buy Nitrazepam (Nipam) Online\"}]},{\"@type\":\"WebSite\",\"@id\":\"https:\/\/buy-prescriptionz.com\/#website\",\"url\":\"https:\/\/buy-prescriptionz.com\/\",\"name\":\"Buy Prescriptionz\",\"description\":\"Drugs Online\",\"publisher\":{\"@id\":\"https:\/\/buy-prescriptionz.com\/#organization\"},\"potentialAction\":[{\"@type\":\"SearchAction\",\"target\":{\"@type\":\"EntryPoint\",\"urlTemplate\":\"https:\/\/buy-prescriptionz.com\/?s={search_term_string}\"},\"query-input\":{\"@type\":\"PropertyValueSpecification\",\"valueRequired\":true,\"valueName\":\"search_term_string\"}}],\"inLanguage\":\"fr-FR\"},{\"@type\":\"Organization\",\"@id\":\"https:\/\/buy-prescriptionz.com\/#organization\",\"name\":\"Buy Prescriptionz\",\"url\":\"https:\/\/buy-prescriptionz.com\/\",\"logo\":{\"@type\":\"ImageObject\",\"inLanguage\":\"fr-FR\",\"@id\":\"https:\/\/buy-prescriptionz.com\/#\/schema\/logo\/image\/\",\"url\":\"https:\/\/buy-prescriptionz.com\/wp-content\/uploads\/2023\/09\/logo.png\",\"contentUrl\":\"https:\/\/buy-prescriptionz.com\/wp-content\/uploads\/2023\/09\/logo.png\",\"width\":350,\"height\":64,\"caption\":\"Buy Prescriptionz\"},\"image\":{\"@id\":\"https:\/\/buy-prescriptionz.com\/#\/schema\/logo\/image\/\"}}]}<\/script>\n<!-- \/ Yoast SEO plugin. -->","yoast_head_json":{"title":"Acheter Nitrazepam (Nipam) en ligne - Vendeur de somnif\u00e8res","description":"Acheter Nitrazepam (Nipam) en ligne, Nitrazepam-5-MG et ses variantes. V\u00e9rifiez pour ... Nitrazepam 5 MG Cette composition a 44 Produits ... NIPAM 5MG TAB","robots":{"index":"index","follow":"follow","max-snippet":"max-snippet:-1","max-image-preview":"max-image-preview:large","max-video-preview":"max-video-preview:-1"},"canonical":"https:\/\/buy-prescriptionz.com\/fr\/produit\/acheter-nitrazepam-nipam-en-ligne\/","og_locale":"fr_FR","og_type":"article","og_title":"Buy Nitrazepam (Nipam) Online - Sleeping Pills Vendor","og_description":"Buy Nitrazepam (Nipam) Online, Nitrazepam-5-MG and there variants. Check for ... Nitrazepam 5 MG This composition has 44 Products ... NIPAM 5MG TAB","og_url":"https:\/\/buy-prescriptionz.com\/fr\/produit\/acheter-nitrazepam-nipam-en-ligne\/","og_site_name":"Buy Prescriptionz","article_modified_time":"2025-09-24T06:50:48+00:00","og_image":[{"width":400,"height":300,"url":"https:\/\/buy-prescriptionz.com\/wp-content\/uploads\/2025\/09\/nitrazeoam-nipam.jpg","type":"image\/jpeg"}],"twitter_card":"summary_large_image","twitter_misc":{"Dur\u00e9e de lecture estim\u00e9e":"6 minutes"},"schema":{"@context":"https:\/\/schema.org","@graph":[{"@type":"WebPage","@id":"https:\/\/buy-prescriptionz.com\/product\/buy-nitrazepam-nipam-online\/","url":"https:\/\/buy-prescriptionz.com\/product\/buy-nitrazepam-nipam-online\/","name":"Acheter Nitrazepam (Nipam) en ligne - Vendeur de somnif\u00e8res","isPartOf":{"@id":"https:\/\/buy-prescriptionz.com\/#website"},"primaryImageOfPage":{"@id":"https:\/\/buy-prescriptionz.com\/product\/buy-nitrazepam-nipam-online\/#primaryimage"},"image":{"@id":"https:\/\/buy-prescriptionz.com\/product\/buy-nitrazepam-nipam-online\/#primaryimage"},"thumbnailUrl":"https:\/\/buy-prescriptionz.com\/wp-content\/uploads\/2025\/09\/nitrazeoam-nipam.jpg","datePublished":"2025-09-16T08:56:10+00:00","dateModified":"2025-09-24T06:50:48+00:00","description":"Acheter Nitrazepam (Nipam) en ligne, Nitrazepam-5-MG et ses variantes. V\u00e9rifiez pour ... Nitrazepam 5 MG Cette composition a 44 Produits ... NIPAM 5MG TAB","breadcrumb":{"@id":"https:\/\/buy-prescriptionz.com\/product\/buy-nitrazepam-nipam-online\/#breadcrumb"},"inLanguage":"fr-FR","potentialAction":[{"@type":"ReadAction","target":["https:\/\/buy-prescriptionz.com\/product\/buy-nitrazepam-nipam-online\/"]}]},{"@type":"ImageObject","inLanguage":"fr-FR","@id":"https:\/\/buy-prescriptionz.com\/product\/buy-nitrazepam-nipam-online\/#primaryimage","url":"https:\/\/buy-prescriptionz.com\/wp-content\/uploads\/2025\/09\/nitrazeoam-nipam.jpg","contentUrl":"https:\/\/buy-prescriptionz.com\/wp-content\/uploads\/2025\/09\/nitrazeoam-nipam.jpg","width":400,"height":300},{"@type":"BreadcrumbList","@id":"https:\/\/buy-prescriptionz.com\/product\/buy-nitrazepam-nipam-online\/#breadcrumb","itemListElement":[{"@type":"ListItem","position":1,"name":"Home","item":"https:\/\/buy-prescriptionz.com\/"},{"@type":"ListItem","position":2,"name":"Shop Painkillers Online","item":"https:\/\/buy-prescriptionz.com\/shop-painkillers-online\/"},{"@type":"ListItem","position":3,"name":"Buy Nitrazepam (Nipam) Online"}]},{"@type":"WebSite","@id":"https:\/\/buy-prescriptionz.com\/#website","url":"https:\/\/buy-prescriptionz.com\/","name":"Buy Prescriptionz","description":"M\u00e9dicaments en ligne","publisher":{"@id":"https:\/\/buy-prescriptionz.com\/#organization"},"potentialAction":[{"@type":"SearchAction","target":{"@type":"EntryPoint","urlTemplate":"https:\/\/buy-prescriptionz.com\/?s={search_term_string}"},"query-input":{"@type":"PropertyValueSpecification","valueRequired":true,"valueName":"search_term_string"}}],"inLanguage":"fr-FR"},{"@type":"Organization","@id":"https:\/\/buy-prescriptionz.com\/#organization","name":"Buy Prescriptionz","url":"https:\/\/buy-prescriptionz.com\/","logo":{"@type":"ImageObject","inLanguage":"fr-FR","@id":"https:\/\/buy-prescriptionz.com\/#\/schema\/logo\/image\/","url":"https:\/\/buy-prescriptionz.com\/wp-content\/uploads\/2023\/09\/logo.png","contentUrl":"https:\/\/buy-prescriptionz.com\/wp-content\/uploads\/2023\/09\/logo.png","width":350,"height":64,"caption":"Buy Prescriptionz"},"image":{"@id":"https:\/\/buy-prescriptionz.com\/#\/schema\/logo\/image\/"}}]}},"_links":{"self":[{"href":"https:\/\/buy-prescriptionz.com\/fr\/wp-json\/wp\/v2\/product\/3065","targetHints":{"allow":["GET"]}}],"collection":[{"href":"https:\/\/buy-prescriptionz.com\/fr\/wp-json\/wp\/v2\/product"}],"about":[{"href":"https:\/\/buy-prescriptionz.com\/fr\/wp-json\/wp\/v2\/types\/product"}],"replies":[{"embeddable":true,"href":"https:\/\/buy-prescriptionz.com\/fr\/wp-json\/wp\/v2\/comments?post=3065"}],"wp:featuredmedia":[{"embeddable":true,"href":"https:\/\/buy-prescriptionz.com\/fr\/wp-json\/wp\/v2\/media\/3095"}],"wp:attachment":[{"href":"https:\/\/buy-prescriptionz.com\/fr\/wp-json\/wp\/v2\/media?parent=3065"}],"wp:term":[{"taxonomy":"product_brand","embeddable":true,"href":"https:\/\/buy-prescriptionz.com\/fr\/wp-json\/wp\/v2\/product_brand?post=3065"},{"taxonomy":"product_cat","embeddable":true,"href":"https:\/\/buy-prescriptionz.com\/fr\/wp-json\/wp\/v2\/product_cat?post=3065"},{"taxonomy":"product_tag","embeddable":true,"href":"https:\/\/buy-prescriptionz.com\/fr\/wp-json\/wp\/v2\/product_tag?post=3065"}],"curies":[{"name":"wp","href":"https:\/\/api.w.org\/{rel}","templated":true}]}}