{"id":3066,"date":"2025-09-16T08:56:11","date_gmt":"2025-09-16T08:56:11","guid":{"rendered":"https:\/\/chemsfine.com\/newsite\/?post_type=product&#038;p=3066"},"modified":"2025-09-29T11:01:19","modified_gmt":"2025-09-29T11:01:19","slug":"acheter-mepron-produit-chimique-en-ligne","status":"publish","type":"product","link":"https:\/\/buy-prescriptionz.com\/fr\/produit\/acheter-mepron-produit-chimique-en-ligne\/","title":{"rendered":"Acheter Mepron Chemical en ligne"},"content":{"rendered":"<h2>Acheter Mepron Chemical en ligne<\/h2>\n<h3>Que fait le m\u00e9pron ?<\/h3>\n<p>Bien que certaines personnes ne puissent pas prendre de trim\u00e9thoprime-sulfam\u00e9thoxazole (TMP-SMX), le m\u00e9pron (atovaquone) est un m\u00e9dicament antiprotozoaire utilis\u00e9 pour traiter la pneumonie \u00e0 Pneumocystis carinii l\u00e9g\u00e8re \u00e0 mod\u00e9r\u00e9e. Il est \u00e9galement utilis\u00e9 pour \u00e9viter cette infection chez les personnes qui le peuvent.<\/p>\n<h3>Comment vous sentez-vous avec Mepron ?<\/h3>\n<p>Douleurs ou maux d'estomac, diarrh\u00e9e, constipation, maux de t\u00eate, fatigue, \u00e9tourdissements, douleurs musculaires, \u00e9ruption cutan\u00e9e, transpiration ou troubles du sommeil et incapacit\u00e9 \u00e0 s'endormir ou \u00e0 rester endormi. Si vous pr\u00e9sentez l'un des effets secondaires dangereux suivants, vous devez consulter imm\u00e9diatement un m\u00e9decin ou appeler le 911. Signes avant-coureurs oculaires tels qu'une perte de vision rapide, une vision trouble, une vision tunnel, une douleur ou un gonflement oculaire, ou la vision d'anneaux autour des lumi\u00e8res. Probl\u00e8mes cardiaques graves tels que des battements de c\u0153ur rapides, irr\u00e9guliers ou forts, des tremblements dans la poitrine, un essoufflement et une sensation rapide d'\u00e9tourdissement, d'\u00e9tourdissement ou d'\u00e9vanouissement. Avoir un violent mal de t\u00eate, \u00eatre confus, avoir des troubles de l'\u00e9locution, des bras ou des jambes faibles, des difficult\u00e9s \u00e0 marcher, perdre l'\u00e9quilibre, se sentir tremblant, avoir des muscles tr\u00e8s raides, une forte fi\u00e8vre, transpirer abondamment ou trembler. Il peut y avoir d'autres effets secondaires qui ne sont pas mentionn\u00e9s dans ce texte. Parlez \u00e0 votre m\u00e9decin si vous souhaitez en savoir plus sur les effets secondaires.<\/p>\n<h3>Quelle quantit\u00e9 de Mepron prendre ?<\/h3>\n<p>Le Mepron (atovaquone) est disponible en dosage de 750 mg d'atovaquone par cuill\u00e8re \u00e0 caf\u00e9 (5 ml). La dose est diff\u00e9rente pour les adultes et les enfants, et est d\u00e9termin\u00e9e par le m\u00e9decin qui le prescrit. N'oubliez pas que l'absence de prise de Mepron Suspension avec des aliments peut compromettre l'efficacit\u00e9 du traitement. Les personnes allergiques \u00e0 l'atovaquone ne doivent pas prendre ce m\u00e9dicament.<\/p>\n<p>Quels autres m\u00e9dicaments, substances ou compl\u00e9ments alimentaires sont compatibles avec le m\u00e9pron\u00a0? Le m\u00e9pron pourrait ne pas \u00eatre efficace avec certains m\u00e9dicaments, comme la rifabutine, la rifampicine, les anticoagulants ou les m\u00e9dicaments utilis\u00e9s pour traiter les crises d'\u00e9pilepsie.<\/p>\n<p>M\u00e9pron pendant la grossesse ou l'allaitement. Il n'existe pas suffisamment de donn\u00e9es sur l'utilisation du M\u00e9pron chez les femmes enceintes. Le M\u00e9pron ne doit \u00eatre utilis\u00e9 pendant la grossesse que si les b\u00e9n\u00e9fices potentiels sont sup\u00e9rieurs aux risques potentiels pour l'enfant \u00e0 na\u00eetre. On ignore si le M\u00e9pron passe dans le lait maternel. Consultez votre m\u00e9decin avant d'allaiter.<\/p>\n<p>Pour acheter du Mepron en toute confiance et en toute simplicit\u00e9, choisissez la meilleure pharmacie\u00a0: Buy-prescriptionz.com. Offrant un large choix de m\u00e9dicaments authentiques, des prix comp\u00e9titifs, des transactions s\u00e9curis\u00e9es et un excellent service client, Buy-prescriptionz.com vous garantit une exp\u00e9rience d'achat fluide et fiable. Rendez-vous sur Buy-prescriptionz.com d\u00e8s aujourd'hui pour obtenir vos ordonnances en toute confiance.<\/p>\n<h3>Informations essentielles sur le m\u00e9pron<\/h3>\n<p>Acheter du Mepron en ligne. La pneumonie \u00e0 Pneumocystis jiroveci est un type de pneumonie qui affecte les poumons. La croissance de Pneumocystis jiroveci provoque une contamination. Le Mepron, qu'il soit de marque ou conventionnel, contient de l'atovaquone en fines particules. Cela favorise une meilleure assimilation du m\u00e9dicament par rapport \u00e0 d'autres comprim\u00e9s. Il est utilis\u00e9 pour pr\u00e9venir et traiter la pneumonie \u00e0 Pneumocystis jiroveci. Le Mepron, qu'il soit de marque ou conventionnel, agit en inhibant la croissance des tumeurs de Pneumocystis jiroveci chez les patients atteints de VIH. Son utilisation peut \u00eatre recommand\u00e9e \u00e0 tout \u00e2ge, \u00e0 dose raisonnable. Ce m\u00e9dicament est \u00e9galement prescrit pour pr\u00e9venir la pneumonie \u00e0 Pneumocystis carinii chez les personnes intol\u00e9rantes au trim\u00e9thoprime-sulfam\u00e9thoxazole.<\/p>\n<h3>Protection\/Effets secondaires pour les hommes<\/h3>\n<p>Prenez du Mepron\/Atovaquone, marque d\u00e9pos\u00e9e ou non, avec un r\u00e9gime alimentaire. Cela am\u00e9liore la biodisponibilit\u00e9, ce qui signifie que la concentration du m\u00e9dicament dans l'organisme est importante lorsqu'il est pris avec un r\u00e9gime alimentaire. Votre m\u00e9decin traitant envisagera de vous administrer le m\u00e9dicament en perfusion si vous ne souhaitez pas le prendre avec un r\u00e9gime alimentaire. Ceci est essentiel pour am\u00e9liorer votre taux de croissance et votre survie. En cas d'infections bact\u00e9riennes ou virales, il est d\u00e9conseill\u00e9 d'utiliser ce m\u00e9dicament en continu. Consultez votre m\u00e9decin traitant si vous \u00eates enceinte. Un jugement professionnel est n\u00e9cessaire pour \u00e9valuer les avantages du traitement par Mepron par rapport au risque de pneumonie \u00e0 Pneumocystis jiroveci. Consultez votre m\u00e9decin traitant si vous devez prendre ce m\u00e9dicament pendant la grossesse. Informez votre m\u00e9decin traitant si vous souffrez d'infections h\u00e9patiques ou r\u00e9nales ou si vous prenez certains m\u00e9dicaments comme la rifabutine, la rifampicine, des m\u00e9dicaments contre les crises d'\u00e9pilepsie, etc. Les effets ind\u00e9sirables pouvant survenir pendant un traitement par Mepron\/Atovaquone, marque d\u00e9pos\u00e9e ou non, sont les suivants\u00a0: Blessures graves, naus\u00e9es, naus\u00e9es, instabilit\u00e9, malaises \u00e9tranges et taches blanches dans la gorge ou la bouche. Le Mepron, qu'il soit de marque ou non, peut \u00e9galement provoquer des r\u00e9actions mineures comme des naus\u00e9es, des diarrh\u00e9es, des troubles du sommeil, de la transpiration et de l\u00e9g\u00e8res \u00e9ruptions cutan\u00e9es.<\/p>\n<h3>Posologie du m\u00e9pron<\/h3>\n<p>La suspension de Mepron, de marque ou conventionnelle, est disponible en flacons. Pour une action pr\u00e9ventive, la dose recommand\u00e9e est de 10 ml une fois par jour, \u00e0 prendre avec les repas. En traitement, une suspension de 5 ml deux fois par jour, pendant 21 jours, est recommand\u00e9e. Les doses sont identiques pour les adultes et les adolescents de plus de 13 ans. Respectez un intervalle de temps \u00e9quivalent entre les deux prises au cours de la journ\u00e9e afin de maintenir une concentration constante du m\u00e9dicament dans l'organisme. Retirez la languette situ\u00e9e \u00e0 l'ouverture et d\u00e9chirez-la au niveau de l'encoche pour ouvrir le flacon. Agitez d\u00e9licatement le flacon avant utilisation. N'arr\u00eatez pas le traitement au milieu de la p\u00e9riode recommand\u00e9e. Nous proposons la suspension buvable de Mepron \u00e0 des doses de 750 mg\/5 ml. J'ai des r\u00e9sultats importants pendant cette p\u00e9riode prolong\u00e9e. Achetez Mepron sur Buyprescriptionz et profitez de prix r\u00e9duits.<\/p>","protected":false},"excerpt":{"rendered":"<p>Buy Mepron Chemical Online What does mepron do? While some people can&#8217;t take trimethoprim-sulfamethoxazole (TMP-SMX), mepron (atovaquone) is an antiprotozoal drug that is used to treat mild to moderate Pneumocystis carinii pneumonia, it is also used to avoid this infection in people who can. How does Mepron make you feel? stomach pain or upset, diarrhoea, [&hellip;]<\/p>","protected":false},"featured_media":3096,"comment_status":"open","ping_status":"closed","template":"","meta":{"site-sidebar-layout":"default","site-content-layout":"","ast-site-content-layout":"default","site-content-style":"default","site-sidebar-style":"default","ast-global-header-display":"","ast-banner-title-visibility":"","ast-main-header-display":"","ast-hfb-above-header-display":"","ast-hfb-below-header-display":"","ast-hfb-mobile-header-display":"","site-post-title":"","ast-breadcrumbs-content":"","ast-featured-img":"","footer-sml-layout":"","theme-transparent-header-meta":"default","adv-header-id-meta":"","stick-header-meta":"","header-above-stick-meta":"","header-main-stick-meta":"","header-below-stick-meta":"","astra-migrate-meta-layouts":"set","ast-page-background-enabled":"default","ast-page-background-meta":{"desktop":{"background-color":"var(--ast-global-color-4)","background-image":"","background-repeat":"repeat","background-position":"center center","background-size":"auto","background-attachment":"scroll","background-type":"","background-media":"","overlay-type":"","overlay-color":"","overlay-opacity":"","overlay-gradient":""},"tablet":{"background-color":"","background-image":"","background-repeat":"repeat","background-position":"center center","background-size":"auto","background-attachment":"scroll","background-type":"","background-media":"","overlay-type":"","overlay-color":"","overlay-opacity":"","overlay-gradient":""},"mobile":{"background-color":"","background-image":"","background-repeat":"repeat","background-position":"center center","background-size":"auto","background-attachment":"scroll","background-type":"","background-media":"","overlay-type":"","overlay-color":"","overlay-opacity":"","overlay-gradient":""}},"ast-content-background-meta":{"desktop":{"background-color":"var(--ast-global-color-5)","background-image":"","background-repeat":"repeat","background-position":"center center","background-size":"auto","background-attachment":"scroll","background-type":"","background-media":"","overlay-type":"","overlay-color":"","overlay-opacity":"","overlay-gradient":""},"tablet":{"background-color":"var(--ast-global-color-5)","background-image":"","background-repeat":"repeat","background-position":"center center","background-size":"auto","background-attachment":"scroll","background-type":"","background-media":"","overlay-type":"","overlay-color":"","overlay-opacity":"","overlay-gradient":""},"mobile":{"background-color":"var(--ast-global-color-5)","background-image":"","background-repeat":"repeat","background-position":"center center","background-size":"auto","background-attachment":"scroll","background-type":"","background-media":"","overlay-type":"","overlay-color":"","overlay-opacity":"","overlay-gradient":""}}},"product_brand":[],"product_cat":[2385],"product_tag":[1170,1171,1165,1168,1167,1166,1169,1164,1163,1173,1172],"class_list":{"0":"post-3066","1":"product","2":"type-product","3":"status-publish","4":"has-post-thumbnail","6":"product_cat-buy-pain-killer-pills-online","7":"product_tag-buy-mepron-chemical-name-atovaquone-in-canada","8":"product_tag-buy-mepron-chemical-name-atovaquone-in-uk","9":"product_tag-buy-mepron-chemical-name-atovaquone-with-bitcoin","10":"product_tag-buy-mepron-chemical-name-atovaquone-with-credit-card","11":"product_tag-buy-mepron-chemical-name-atovaquone-with-money-gram","12":"product_tag-buy-mepron-chemical-name-atovaquone-with-western-union","13":"product_tag-buy-mepron-chemical-name-atovaquone-without-a-doctor","14":"product_tag-buy-mepron-chemical-name-atovaquone-without-prescription","15":"product_tag-mepron-chemical-name-atovaquone-for-sale","16":"product_tag-mepron-chemical-name-atovaquone-pills","17":"product_tag-mepron-chemical-name-atovaquone-tablets","18":"desktop-align-center","19":"tablet-align-left","20":"mobile-align-left","22":"first","23":"instock","24":"shipping-taxable","25":"purchasable","26":"product-type-variable","27":"has-default-attributes"},"yoast_head":"<!-- This site is optimized with the Yoast SEO plugin v25.9 - https:\/\/yoast.com\/wordpress\/plugins\/seo\/ -->\n<title>Buy Mepron Chemical Online Buy Mepron Chemical Online-<\/title>\n<meta name=\"description\" content=\"Buy Mepron Chemical Online where you can buy Buy Mepron Chemical Online Online name-atovaquone at best prices with free shipping and home delivery\" \/>\n<meta name=\"robots\" content=\"index, follow, max-snippet:-1, max-image-preview:large, max-video-preview:-1\" \/>\n<link rel=\"canonical\" href=\"https:\/\/buy-prescriptionz.com\/fr\/produit\/acheter-mepron-produit-chimique-en-ligne\/\" \/>\n<meta property=\"og:locale\" content=\"fr_FR\" \/>\n<meta property=\"og:type\" content=\"article\" \/>\n<meta property=\"og:title\" content=\"Buy Mepron Chemical Online Buy Mepron Chemical Online-\" \/>\n<meta property=\"og:description\" content=\"Buy Mepron Chemical Online where you can buy Buy Mepron Chemical Online Online name-atovaquone at best prices with free shipping and home delivery\" \/>\n<meta property=\"og:url\" content=\"https:\/\/buy-prescriptionz.com\/fr\/produit\/acheter-mepron-produit-chimique-en-ligne\/\" \/>\n<meta property=\"og:site_name\" content=\"Buy Prescriptionz\" \/>\n<meta property=\"article:modified_time\" content=\"2025-09-29T11:01:19+00:00\" \/>\n<meta property=\"og:image\" content=\"https:\/\/buy-prescriptionz.com\/wp-content\/uploads\/2025\/09\/mepron-chemical-name-atovaquone.jpg\" \/>\n\t<meta property=\"og:image:width\" content=\"400\" \/>\n\t<meta property=\"og:image:height\" content=\"300\" \/>\n\t<meta property=\"og:image:type\" content=\"image\/jpeg\" \/>\n<meta name=\"twitter:card\" content=\"summary_large_image\" \/>\n<meta name=\"twitter:label1\" content=\"Dur\u00e9e de lecture estim\u00e9e\" \/>\n\t<meta name=\"twitter:data1\" content=\"4 minutes\" \/>\n<script type=\"application\/ld+json\" class=\"yoast-schema-graph\">{\"@context\":\"https:\/\/schema.org\",\"@graph\":[{\"@type\":\"WebPage\",\"@id\":\"https:\/\/buy-prescriptionz.com\/product\/buy-mepron-chemical-online\/\",\"url\":\"https:\/\/buy-prescriptionz.com\/product\/buy-mepron-chemical-online\/\",\"name\":\"Buy Mepron Chemical Online Buy Mepron Chemical Online-\",\"isPartOf\":{\"@id\":\"https:\/\/buy-prescriptionz.com\/#website\"},\"primaryImageOfPage\":{\"@id\":\"https:\/\/buy-prescriptionz.com\/product\/buy-mepron-chemical-online\/#primaryimage\"},\"image\":{\"@id\":\"https:\/\/buy-prescriptionz.com\/product\/buy-mepron-chemical-online\/#primaryimage\"},\"thumbnailUrl\":\"https:\/\/buy-prescriptionz.com\/wp-content\/uploads\/2025\/09\/mepron-chemical-name-atovaquone.jpg\",\"datePublished\":\"2025-09-16T08:56:11+00:00\",\"dateModified\":\"2025-09-29T11:01:19+00:00\",\"description\":\"Buy Mepron Chemical Online where you can buy Buy Mepron Chemical Online Online name-atovaquone at best prices with free shipping and home delivery\",\"breadcrumb\":{\"@id\":\"https:\/\/buy-prescriptionz.com\/product\/buy-mepron-chemical-online\/#breadcrumb\"},\"inLanguage\":\"fr-FR\",\"potentialAction\":[{\"@type\":\"ReadAction\",\"target\":[\"https:\/\/buy-prescriptionz.com\/product\/buy-mepron-chemical-online\/\"]}]},{\"@type\":\"ImageObject\",\"inLanguage\":\"fr-FR\",\"@id\":\"https:\/\/buy-prescriptionz.com\/product\/buy-mepron-chemical-online\/#primaryimage\",\"url\":\"https:\/\/buy-prescriptionz.com\/wp-content\/uploads\/2025\/09\/mepron-chemical-name-atovaquone.jpg\",\"contentUrl\":\"https:\/\/buy-prescriptionz.com\/wp-content\/uploads\/2025\/09\/mepron-chemical-name-atovaquone.jpg\",\"width\":400,\"height\":300},{\"@type\":\"BreadcrumbList\",\"@id\":\"https:\/\/buy-prescriptionz.com\/product\/buy-mepron-chemical-online\/#breadcrumb\",\"itemListElement\":[{\"@type\":\"ListItem\",\"position\":1,\"name\":\"Home\",\"item\":\"https:\/\/buy-prescriptionz.com\/\"},{\"@type\":\"ListItem\",\"position\":2,\"name\":\"Shop Painkillers Online\",\"item\":\"https:\/\/buy-prescriptionz.com\/shop-painkillers-online\/\"},{\"@type\":\"ListItem\",\"position\":3,\"name\":\"Buy Mepron Chemical Online\"}]},{\"@type\":\"WebSite\",\"@id\":\"https:\/\/buy-prescriptionz.com\/#website\",\"url\":\"https:\/\/buy-prescriptionz.com\/\",\"name\":\"Buy Prescriptionz\",\"description\":\"Drugs Online\",\"publisher\":{\"@id\":\"https:\/\/buy-prescriptionz.com\/#organization\"},\"potentialAction\":[{\"@type\":\"SearchAction\",\"target\":{\"@type\":\"EntryPoint\",\"urlTemplate\":\"https:\/\/buy-prescriptionz.com\/?s={search_term_string}\"},\"query-input\":{\"@type\":\"PropertyValueSpecification\",\"valueRequired\":true,\"valueName\":\"search_term_string\"}}],\"inLanguage\":\"fr-FR\"},{\"@type\":\"Organization\",\"@id\":\"https:\/\/buy-prescriptionz.com\/#organization\",\"name\":\"Buy Prescriptionz\",\"url\":\"https:\/\/buy-prescriptionz.com\/\",\"logo\":{\"@type\":\"ImageObject\",\"inLanguage\":\"fr-FR\",\"@id\":\"https:\/\/buy-prescriptionz.com\/#\/schema\/logo\/image\/\",\"url\":\"https:\/\/buy-prescriptionz.com\/wp-content\/uploads\/2023\/09\/logo.png\",\"contentUrl\":\"https:\/\/buy-prescriptionz.com\/wp-content\/uploads\/2023\/09\/logo.png\",\"width\":350,\"height\":64,\"caption\":\"Buy Prescriptionz\"},\"image\":{\"@id\":\"https:\/\/buy-prescriptionz.com\/#\/schema\/logo\/image\/\"}}]}<\/script>\n<!-- \/ Yoast SEO plugin. -->","yoast_head_json":{"title":"Achetez Mepron Chemical en ligne Achetez Mepron Chemical en ligne-","description":"Achetez Mepron Chemical en ligne o\u00f9 vous pouvez acheter Mepron Chemical en ligne en ligne nom-atovaquone aux meilleurs prix avec livraison gratuite et livraison \u00e0 domicile","robots":{"index":"index","follow":"follow","max-snippet":"max-snippet:-1","max-image-preview":"max-image-preview:large","max-video-preview":"max-video-preview:-1"},"canonical":"https:\/\/buy-prescriptionz.com\/fr\/produit\/acheter-mepron-produit-chimique-en-ligne\/","og_locale":"fr_FR","og_type":"article","og_title":"Buy Mepron Chemical Online Buy Mepron Chemical Online-","og_description":"Buy Mepron Chemical Online where you can buy Buy Mepron Chemical Online Online name-atovaquone at best prices with free shipping and home delivery","og_url":"https:\/\/buy-prescriptionz.com\/fr\/produit\/acheter-mepron-produit-chimique-en-ligne\/","og_site_name":"Buy Prescriptionz","article_modified_time":"2025-09-29T11:01:19+00:00","og_image":[{"width":400,"height":300,"url":"https:\/\/buy-prescriptionz.com\/wp-content\/uploads\/2025\/09\/mepron-chemical-name-atovaquone.jpg","type":"image\/jpeg"}],"twitter_card":"summary_large_image","twitter_misc":{"Dur\u00e9e de lecture estim\u00e9e":"4 minutes"},"schema":{"@context":"https:\/\/schema.org","@graph":[{"@type":"WebPage","@id":"https:\/\/buy-prescriptionz.com\/product\/buy-mepron-chemical-online\/","url":"https:\/\/buy-prescriptionz.com\/product\/buy-mepron-chemical-online\/","name":"Achetez Mepron Chemical en ligne Achetez Mepron Chemical en ligne-","isPartOf":{"@id":"https:\/\/buy-prescriptionz.com\/#website"},"primaryImageOfPage":{"@id":"https:\/\/buy-prescriptionz.com\/product\/buy-mepron-chemical-online\/#primaryimage"},"image":{"@id":"https:\/\/buy-prescriptionz.com\/product\/buy-mepron-chemical-online\/#primaryimage"},"thumbnailUrl":"https:\/\/buy-prescriptionz.com\/wp-content\/uploads\/2025\/09\/mepron-chemical-name-atovaquone.jpg","datePublished":"2025-09-16T08:56:11+00:00","dateModified":"2025-09-29T11:01:19+00:00","description":"Achetez Mepron Chemical en ligne o\u00f9 vous pouvez acheter Mepron Chemical en ligne en ligne nom-atovaquone aux meilleurs prix avec livraison gratuite et livraison \u00e0 domicile","breadcrumb":{"@id":"https:\/\/buy-prescriptionz.com\/product\/buy-mepron-chemical-online\/#breadcrumb"},"inLanguage":"fr-FR","potentialAction":[{"@type":"ReadAction","target":["https:\/\/buy-prescriptionz.com\/product\/buy-mepron-chemical-online\/"]}]},{"@type":"ImageObject","inLanguage":"fr-FR","@id":"https:\/\/buy-prescriptionz.com\/product\/buy-mepron-chemical-online\/#primaryimage","url":"https:\/\/buy-prescriptionz.com\/wp-content\/uploads\/2025\/09\/mepron-chemical-name-atovaquone.jpg","contentUrl":"https:\/\/buy-prescriptionz.com\/wp-content\/uploads\/2025\/09\/mepron-chemical-name-atovaquone.jpg","width":400,"height":300},{"@type":"BreadcrumbList","@id":"https:\/\/buy-prescriptionz.com\/product\/buy-mepron-chemical-online\/#breadcrumb","itemListElement":[{"@type":"ListItem","position":1,"name":"Home","item":"https:\/\/buy-prescriptionz.com\/"},{"@type":"ListItem","position":2,"name":"Shop Painkillers Online","item":"https:\/\/buy-prescriptionz.com\/shop-painkillers-online\/"},{"@type":"ListItem","position":3,"name":"Buy Mepron Chemical Online"}]},{"@type":"WebSite","@id":"https:\/\/buy-prescriptionz.com\/#website","url":"https:\/\/buy-prescriptionz.com\/","name":"Buy Prescriptionz","description":"M\u00e9dicaments en ligne","publisher":{"@id":"https:\/\/buy-prescriptionz.com\/#organization"},"potentialAction":[{"@type":"SearchAction","target":{"@type":"EntryPoint","urlTemplate":"https:\/\/buy-prescriptionz.com\/?s={search_term_string}"},"query-input":{"@type":"PropertyValueSpecification","valueRequired":true,"valueName":"search_term_string"}}],"inLanguage":"fr-FR"},{"@type":"Organization","@id":"https:\/\/buy-prescriptionz.com\/#organization","name":"Buy Prescriptionz","url":"https:\/\/buy-prescriptionz.com\/","logo":{"@type":"ImageObject","inLanguage":"fr-FR","@id":"https:\/\/buy-prescriptionz.com\/#\/schema\/logo\/image\/","url":"https:\/\/buy-prescriptionz.com\/wp-content\/uploads\/2023\/09\/logo.png","contentUrl":"https:\/\/buy-prescriptionz.com\/wp-content\/uploads\/2023\/09\/logo.png","width":350,"height":64,"caption":"Buy Prescriptionz"},"image":{"@id":"https:\/\/buy-prescriptionz.com\/#\/schema\/logo\/image\/"}}]}},"_links":{"self":[{"href":"https:\/\/buy-prescriptionz.com\/fr\/wp-json\/wp\/v2\/product\/3066","targetHints":{"allow":["GET"]}}],"collection":[{"href":"https:\/\/buy-prescriptionz.com\/fr\/wp-json\/wp\/v2\/product"}],"about":[{"href":"https:\/\/buy-prescriptionz.com\/fr\/wp-json\/wp\/v2\/types\/product"}],"replies":[{"embeddable":true,"href":"https:\/\/buy-prescriptionz.com\/fr\/wp-json\/wp\/v2\/comments?post=3066"}],"wp:featuredmedia":[{"embeddable":true,"href":"https:\/\/buy-prescriptionz.com\/fr\/wp-json\/wp\/v2\/media\/3096"}],"wp:attachment":[{"href":"https:\/\/buy-prescriptionz.com\/fr\/wp-json\/wp\/v2\/media?parent=3066"}],"wp:term":[{"taxonomy":"product_brand","embeddable":true,"href":"https:\/\/buy-prescriptionz.com\/fr\/wp-json\/wp\/v2\/product_brand?post=3066"},{"taxonomy":"product_cat","embeddable":true,"href":"https:\/\/buy-prescriptionz.com\/fr\/wp-json\/wp\/v2\/product_cat?post=3066"},{"taxonomy":"product_tag","embeddable":true,"href":"https:\/\/buy-prescriptionz.com\/fr\/wp-json\/wp\/v2\/product_tag?post=3066"}],"curies":[{"name":"wp","href":"https:\/\/api.w.org\/{rel}","templated":true}]}}