{"id":3068,"date":"2025-09-16T08:56:11","date_gmt":"2025-09-16T08:56:11","guid":{"rendered":"https:\/\/chemsfine.com\/newsite\/?post_type=product&#038;p=3068"},"modified":"2025-09-22T05:24:47","modified_gmt":"2025-09-22T05:24:47","slug":"acheter-ketaset-en-ligne","status":"publish","type":"product","link":"https:\/\/buy-prescriptionz.com\/fr\/produit\/acheter-ketaset-en-ligne\/","title":{"rendered":"Acheter Ketaset en ligne"},"content":{"rendered":"<h2>Acheter Ketaset en ligne<\/h2>\n<p>Achetez Ketaset en ligne. Ketaset est un m\u00e9dicament exceptionnel pour induire l'anesth\u00e9sie. Ce produit est utilis\u00e9 avant toute proc\u00e9dure th\u00e9rapeutique ou intervention m\u00e9dicale. Il peut \u00e9galement avoir d'autres utilisations qui ne sont pas mentionn\u00e9es ici.<\/p>\n<h3>Comment utiliser Ketaset ?<\/h3>\n<p>Le Ketaset est un produit injectable, il faut donc le faire p\u00e9n\u00e9trer dans vos muscles par une injection. Il est normalement utilis\u00e9 par les sp\u00e9cialistes pour rendre les patients l\u00e9thargiques afin qu'ils ne ressentent pas la douleur pendant une proc\u00e9dure m\u00e9dicale.<\/p>\n<p>Achetez Ketaset aux meilleurs prix accessibles sur notre pharmacie en ligne d\u00e8s aujourd'hui. Votre commande vous parviendra dans un bref d\u00e9lai. Offrez vos besoins d\u00e8s maintenant !<\/p>\n<h3>Acheter Ketaset en ligne<\/h3>\n<p>Le Ketaset est une substance contr\u00f4l\u00e9e dans le monde entier, ce qui fait qu'il n'est pas possible de l'acheter ouvertement sans une prescription appropri\u00e9e d'un m\u00e9decin. Il est donc pr\u00e9f\u00e9rable d'acheter le Ketaset en ligne par le biais de magasins en ligne standard plut\u00f4t que de l'acheter dans la rue, car c'est plus s\u00fbr et toutes les commandes pass\u00e9es sont discr\u00e8tes et prot\u00e9g\u00e9es par de fortes mesures de confidentialit\u00e9.<br \/>\nVous pouvez profiter de l'option d'achat de nos magasins en ligne car les commandes de Ketaset sont g\u00e9r\u00e9es discr\u00e8tement par notre magasin et le secret de ces commandes n'est jamais compromis en aucune circonstance.<\/p>\n<h3>Qu'est-ce que le Ketaset ?<\/h3>\n<p>Ketaset est l'un des nombreux noms de marque de la k\u00e9tamine, un m\u00e9dicament anesth\u00e9sique class\u00e9 dans diverses cat\u00e9gories telles que les antagonistes des r\u00e9cepteurs de la NDMA, les antid\u00e9presseurs, les anesth\u00e9siques et les hallucinog\u00e8nes. La liste des cat\u00e9gories de Ketaset montre qu'il est largement utilis\u00e9 \u00e0 des fins diverses, bien qu'il soit principalement utilis\u00e9 pour induire une anesth\u00e9sie.<br \/>\nChimie du Ketaset<br \/>\nLe nom UICPA du m\u00e9dicament est \"(RS)-2-(2-Chloroph\u00e9nyl)-2-(m\u00e9thyl amino) cyclohexanone\" tandis que le num\u00e9ro CAS du m\u00e9dicament est 6740-88-1. La formule mol\u00e9culaire du m\u00e9dicament est C13H16ClNO, tandis que le poids mol\u00e9culaire du c\u00e9taset est de 237,725 g\/mol.<br \/>\nLa responsabilit\u00e9 du m\u00e9dicament en mati\u00e8re de d\u00e9pendance est mod\u00e9r\u00e9e.<\/p>\n<h3>Utilisations du Ketaset<\/h3>\n<p>Les utilisations du ketaset sont vastes puisqu'il est utilis\u00e9 pour le traitement des \u00eatres humains et des animaux. Chez l'homme, le k\u00e9taset est utilis\u00e9 \u00e0 diverses fins, notamment pour induire une anesth\u00e9sie, comme antid\u00e9presseur et comme analg\u00e9sique. Lors de son administration, le ketaset provoque une s\u00e9dation et l'anesth\u00e9sie est induite chez les patients si une quantit\u00e9 importante de m\u00e9dicament a \u00e9t\u00e9 administr\u00e9e.<br \/>\nKetaset a des propri\u00e9t\u00e9s antid\u00e9pressives et est utilis\u00e9 pour provoquer des effets anti-anxi\u00e9t\u00e9 et de relaxation musculaire chez les patients gard\u00e9s dans les unit\u00e9s de soins intensifs. L'effet du m\u00e9dicament est tel qu'il n'affecte pas les fonctions c\u00e9r\u00e9brales et cardiaques lors de son administration.<br \/>\nCe m\u00e9dicament est \u00e9galement connu pour \u00eatre utilis\u00e9 pour la r\u00e9duction du stress et la relocalisation de la m\u00e9moire. Le Ketaset est \u00e9galement connu pour \u00eatre utilis\u00e9 par les gens \u00e0 des fins r\u00e9cr\u00e9atives car il peut produire des effets tels que l'inflation de l'ego, la suppression des \u00e9motions et le sentiment de sobri\u00e9t\u00e9.<br \/>\nCliquez ici pour acheter de la k\u00e9tamine en ligne<\/p>\n<h3>Effets du Ketaset<\/h3>\n<p>Les effets du ketaset sont physiques, psychologiques et subjectifs. Le ketaset provoque de l'agitation et des hallucinations lorsque le m\u00e9dicament s'estompe. L'hypertension art\u00e9rielle a \u00e9galement \u00e9t\u00e9 associ\u00e9e \u00e0 l'utilisation du ketaset.<br \/>\nCertains des autres effets caus\u00e9s par le c\u00e9taset sont de nature cardiovasculaire, gastro-intestinale et respiratoire. Les effets cardiovasculaires comprennent des modifications du syst\u00e8me nerveux. Les effets gastro-intestinaux comprennent les vomissements et les naus\u00e9es et ces effets sont g\u00e9n\u00e9ralement observ\u00e9s chez environ 25% des patients \u00e0 qui l'on a administr\u00e9 du k\u00e9taset \u00e0 des fins anesth\u00e9siques. Les effets respiratoires comprennent un effet bronchodilatateur, dans lequel la voie respiratoire perd sa friction et la r\u00e9sistance au flux d'air \u00e0 travers la voie respiratoire est diminu\u00e9e. Il en r\u00e9sulte une augmentation du flux d'air vers les poumons, ce qui peut \u00eatre dommageable dans les cas graves.<br \/>\nL'utilisation du m\u00e9dicament \u00e0 des fins r\u00e9cr\u00e9atives a \u00e9galement \u00e9t\u00e9 d\u00e9conseill\u00e9e car des d\u00e9c\u00e8s de personnes ayant utilis\u00e9 le ketaset sans conseils appropri\u00e9s ont \u00e9t\u00e9 enregistr\u00e9s dans le monde entier.<\/p>\n<h3>Ketaset Injection<\/h3>\n<p>La k\u00e9tamine ou l'injection de k\u00e9taset peuvent \u00eatre utilis\u00e9es pour induire une anesth\u00e9sie chez les patients. L'avantage de l'injection de ketaset est qu'elle pr\u00e9sente une plus grande marge de s\u00e9curit\u00e9 et un effet rapide.<br \/>\nCliquez ici pour acheter Focalin XR<\/p>\n<h3><strong>KETASET brief<\/strong><\/h3>\n<p>Chez les chats, KETASET peut \u00eatre utilis\u00e9 pour les maintenir immobiles ou comme seul anesth\u00e9sique lors d'interventions chirurgicales courtes, exploratoires ou mineures ne n\u00e9cessitant pas de rel\u00e2chement musculaire. Chez les singes subhumains, il peut \u00eatre utilis\u00e9 pour les maintenir immobiles.<\/p>\n<h3>Ketaset \u00e0 vendre<\/h3>\n<p>Notre boutique en ligne est l'une des principales sources de m\u00e9dicaments \u00e0 base de k\u00e9tamine et nous les exp\u00e9dions dans le monde entier gr\u00e2ce \u00e0 notre service d'exp\u00e9dition standard. Toutes les formes de k\u00e9tamine pure telles que Ketaset, ketalar, poudre etc. sont disponibles dans notre magasin en ligne.<\/p>\n<h3><strong>Posologie et administration<\/strong><\/h3>\n<p>Inject\u00e9 dans le muscle, KETASET est bien tol\u00e9r\u00e9 par les chats et les animaux non humains. Il n'est pas n\u00e9cessaire d'\u00eatre \u00e0 jeun avant de commencer la s\u00e9dation ou la restriction avec KETASET. Cependant, si vous vous pr\u00e9parez \u00e0 une intervention chirurgicale facultative, il est conseill\u00e9 d'\u00e9viter de manger pendant au moins six heures avant l'administration de KETASET.<\/p>\n<p>L'anesth\u00e9sie peut \u00eatre moins durable chez les chats qui n'ont pas encore atteint leur pleine croissance. Il est difficile de maintenir les nouveau-n\u00e9s de la sous-esp\u00e8ce subhumaine (\u00e2g\u00e9s de moins de 24 heures). Comme d'autres anesth\u00e9siques, l'effet de KETASET varie d'une personne \u00e0 l'autre, en fonction de la quantit\u00e9 administr\u00e9e, de l'\u00e9tat de sant\u00e9 g\u00e9n\u00e9ral et de l'\u00e2ge. De ce fait, il est impossible de donner une dose pr\u00e9cise.<\/p>\n<p><strong>D\u00e9tails de dosage<\/strong><\/p>\n<p>Pour les chats, une dose de 11 mg\/kg (5 mg\/lb) est sugg\u00e9r\u00e9e pour les ma\u00eetriser.<\/p>\n<p>Entre 22 et 33 mg\/kg (10 \u00e0 15 mg\/lb) est une bonne plage de doses pour l\u2019anesth\u00e9sie qui fonctionne bien pour les petites interventions chirurgicales ou diagnostiques qui ne n\u00e9cessitent pas de d\u00e9tendre les muscles.<\/p>","protected":false},"excerpt":{"rendered":"<p>Buy Ketaset Online Buy Ketaset Online ,Ketaset is an extraordinary medicine for inducing anaesthesia. This item is utilized just before any therapeutic methodology or medical procedure. There might likewise be different employments of this item that are not talked here. How To Use Ketaset? Ketaset is an injectable item, so bring this into your muscles [&hellip;]<\/p>","protected":false},"featured_media":3098,"comment_status":"open","ping_status":"closed","template":"","meta":{"site-sidebar-layout":"default","site-content-layout":"","ast-site-content-layout":"default","site-content-style":"default","site-sidebar-style":"default","ast-global-header-display":"","ast-banner-title-visibility":"","ast-main-header-display":"","ast-hfb-above-header-display":"","ast-hfb-below-header-display":"","ast-hfb-mobile-header-display":"","site-post-title":"","ast-breadcrumbs-content":"","ast-featured-img":"","footer-sml-layout":"","theme-transparent-header-meta":"default","adv-header-id-meta":"","stick-header-meta":"","header-above-stick-meta":"","header-main-stick-meta":"","header-below-stick-meta":"","astra-migrate-meta-layouts":"set","ast-page-background-enabled":"default","ast-page-background-meta":{"desktop":{"background-color":"var(--ast-global-color-4)","background-image":"","background-repeat":"repeat","background-position":"center center","background-size":"auto","background-attachment":"scroll","background-type":"","background-media":"","overlay-type":"","overlay-color":"","overlay-opacity":"","overlay-gradient":""},"tablet":{"background-color":"","background-image":"","background-repeat":"repeat","background-position":"center center","background-size":"auto","background-attachment":"scroll","background-type":"","background-media":"","overlay-type":"","overlay-color":"","overlay-opacity":"","overlay-gradient":""},"mobile":{"background-color":"","background-image":"","background-repeat":"repeat","background-position":"center center","background-size":"auto","background-attachment":"scroll","background-type":"","background-media":"","overlay-type":"","overlay-color":"","overlay-opacity":"","overlay-gradient":""}},"ast-content-background-meta":{"desktop":{"background-color":"var(--ast-global-color-5)","background-image":"","background-repeat":"repeat","background-position":"center center","background-size":"auto","background-attachment":"scroll","background-type":"","background-media":"","overlay-type":"","overlay-color":"","overlay-opacity":"","overlay-gradient":""},"tablet":{"background-color":"var(--ast-global-color-5)","background-image":"","background-repeat":"repeat","background-position":"center center","background-size":"auto","background-attachment":"scroll","background-type":"","background-media":"","overlay-type":"","overlay-color":"","overlay-opacity":"","overlay-gradient":""},"mobile":{"background-color":"var(--ast-global-color-5)","background-image":"","background-repeat":"repeat","background-position":"center center","background-size":"auto","background-attachment":"scroll","background-type":"","background-media":"","overlay-type":"","overlay-color":"","overlay-opacity":"","overlay-gradient":""}}},"product_brand":[],"product_cat":[2385],"product_tag":[1075,1076,1074,1069,1072,1071,1070,1073,1068,1067,1078,1077],"class_list":{"0":"post-3068","1":"product","2":"type-product","3":"status-publish","4":"has-post-thumbnail","6":"product_cat-buy-pain-killer-pills-online","7":"product_tag-buy-ketaset-in-canada","8":"product_tag-buy-ketaset-in-uk","9":"product_tag-buy-ketaset-in-usa","10":"product_tag-buy-ketaset-with-bitcoin","11":"product_tag-buy-ketaset-with-credit-card","12":"product_tag-buy-ketaset-with-money-gram","13":"product_tag-buy-ketaset-with-western-union","14":"product_tag-buy-ketaset-without-a-doctor","15":"product_tag-buy-ketaset-without-prescription","16":"product_tag-ketaset-for-sale","17":"product_tag-ketaset-pills","18":"product_tag-ketaset-tablets","19":"desktop-align-center","20":"tablet-align-left","21":"mobile-align-left","23":"first","24":"instock","25":"featured","26":"shipping-taxable","27":"purchasable","28":"product-type-variable","29":"has-default-attributes"},"yoast_head":"<!-- This site is optimized with the Yoast SEO plugin v25.9 - https:\/\/yoast.com\/wordpress\/plugins\/seo\/ -->\n<title>Buy Ketaset Online - Ketaset for Sale | Buy-Prescriptionz<\/title>\n<meta name=\"description\" content=\"Looking to buy Ketaset online at a reasonable price? Visit our reputable online chemical store and get Ketaset for sale today. Place an order now and get the best rate in our store.\" \/>\n<meta name=\"robots\" content=\"index, follow, max-snippet:-1, max-image-preview:large, max-video-preview:-1\" \/>\n<link rel=\"canonical\" href=\"https:\/\/buy-prescriptionz.com\/fr\/produit\/acheter-ketaset-en-ligne\/\" \/>\n<meta property=\"og:locale\" content=\"fr_FR\" \/>\n<meta property=\"og:type\" content=\"article\" \/>\n<meta property=\"og:title\" content=\"Buy Ketaset Online - Ketaset for Sale | Buy-Prescriptionz\" \/>\n<meta property=\"og:description\" content=\"Looking to buy Ketaset online at a reasonable price? Visit our reputable online chemical store and get Ketaset for sale today. Place an order now and get the best rate in our store.\" \/>\n<meta property=\"og:url\" content=\"https:\/\/buy-prescriptionz.com\/fr\/produit\/acheter-ketaset-en-ligne\/\" \/>\n<meta property=\"og:site_name\" content=\"Buy Prescriptionz\" \/>\n<meta property=\"article:modified_time\" content=\"2025-09-22T05:24:47+00:00\" \/>\n<meta property=\"og:image\" content=\"https:\/\/buy-prescriptionz.com\/wp-content\/uploads\/2025\/09\/ketaset.jpeg\" \/>\n\t<meta property=\"og:image:width\" content=\"400\" \/>\n\t<meta property=\"og:image:height\" content=\"300\" \/>\n\t<meta property=\"og:image:type\" content=\"image\/jpeg\" \/>\n<meta name=\"twitter:card\" content=\"summary_large_image\" \/>\n<meta name=\"twitter:label1\" content=\"Dur\u00e9e de lecture estim\u00e9e\" \/>\n\t<meta name=\"twitter:data1\" content=\"5 minutes\" \/>\n<script type=\"application\/ld+json\" class=\"yoast-schema-graph\">{\"@context\":\"https:\/\/schema.org\",\"@graph\":[{\"@type\":\"WebPage\",\"@id\":\"https:\/\/buy-prescriptionz.com\/product\/buy-ketaset-online\/\",\"url\":\"https:\/\/buy-prescriptionz.com\/product\/buy-ketaset-online\/\",\"name\":\"Buy Ketaset Online - Ketaset for Sale | Buy-Prescriptionz\",\"isPartOf\":{\"@id\":\"https:\/\/buy-prescriptionz.com\/#website\"},\"primaryImageOfPage\":{\"@id\":\"https:\/\/buy-prescriptionz.com\/product\/buy-ketaset-online\/#primaryimage\"},\"image\":{\"@id\":\"https:\/\/buy-prescriptionz.com\/product\/buy-ketaset-online\/#primaryimage\"},\"thumbnailUrl\":\"https:\/\/buy-prescriptionz.com\/wp-content\/uploads\/2025\/09\/ketaset.jpeg\",\"datePublished\":\"2025-09-16T08:56:11+00:00\",\"dateModified\":\"2025-09-22T05:24:47+00:00\",\"description\":\"Looking to buy Ketaset online at a reasonable price? Visit our reputable online chemical store and get Ketaset for sale today. Place an order now and get the best rate in our store.\",\"breadcrumb\":{\"@id\":\"https:\/\/buy-prescriptionz.com\/product\/buy-ketaset-online\/#breadcrumb\"},\"inLanguage\":\"fr-FR\",\"potentialAction\":[{\"@type\":\"ReadAction\",\"target\":[\"https:\/\/buy-prescriptionz.com\/product\/buy-ketaset-online\/\"]}]},{\"@type\":\"ImageObject\",\"inLanguage\":\"fr-FR\",\"@id\":\"https:\/\/buy-prescriptionz.com\/product\/buy-ketaset-online\/#primaryimage\",\"url\":\"https:\/\/buy-prescriptionz.com\/wp-content\/uploads\/2025\/09\/ketaset.jpeg\",\"contentUrl\":\"https:\/\/buy-prescriptionz.com\/wp-content\/uploads\/2025\/09\/ketaset.jpeg\",\"width\":400,\"height\":300},{\"@type\":\"BreadcrumbList\",\"@id\":\"https:\/\/buy-prescriptionz.com\/product\/buy-ketaset-online\/#breadcrumb\",\"itemListElement\":[{\"@type\":\"ListItem\",\"position\":1,\"name\":\"Home\",\"item\":\"https:\/\/buy-prescriptionz.com\/\"},{\"@type\":\"ListItem\",\"position\":2,\"name\":\"Shop Painkillers Online\",\"item\":\"https:\/\/buy-prescriptionz.com\/shop-painkillers-online\/\"},{\"@type\":\"ListItem\",\"position\":3,\"name\":\"Buy Ketaset Online\"}]},{\"@type\":\"WebSite\",\"@id\":\"https:\/\/buy-prescriptionz.com\/#website\",\"url\":\"https:\/\/buy-prescriptionz.com\/\",\"name\":\"Buy Prescriptionz\",\"description\":\"Drugs Online\",\"publisher\":{\"@id\":\"https:\/\/buy-prescriptionz.com\/#organization\"},\"potentialAction\":[{\"@type\":\"SearchAction\",\"target\":{\"@type\":\"EntryPoint\",\"urlTemplate\":\"https:\/\/buy-prescriptionz.com\/?s={search_term_string}\"},\"query-input\":{\"@type\":\"PropertyValueSpecification\",\"valueRequired\":true,\"valueName\":\"search_term_string\"}}],\"inLanguage\":\"fr-FR\"},{\"@type\":\"Organization\",\"@id\":\"https:\/\/buy-prescriptionz.com\/#organization\",\"name\":\"Buy Prescriptionz\",\"url\":\"https:\/\/buy-prescriptionz.com\/\",\"logo\":{\"@type\":\"ImageObject\",\"inLanguage\":\"fr-FR\",\"@id\":\"https:\/\/buy-prescriptionz.com\/#\/schema\/logo\/image\/\",\"url\":\"https:\/\/buy-prescriptionz.com\/wp-content\/uploads\/2023\/09\/logo.png\",\"contentUrl\":\"https:\/\/buy-prescriptionz.com\/wp-content\/uploads\/2023\/09\/logo.png\",\"width\":350,\"height\":64,\"caption\":\"Buy Prescriptionz\"},\"image\":{\"@id\":\"https:\/\/buy-prescriptionz.com\/#\/schema\/logo\/image\/\"}}]}<\/script>\n<!-- \/ Yoast SEO plugin. -->","yoast_head_json":{"title":"Acheter Ketaset en ligne - Ketaset \u00e0 vendre | Buy-Prescriptionz","description":"Vous cherchez \u00e0 acheter du Ketaset en ligne \u00e0 un prix raisonnable\u00a0? Visitez notre boutique en ligne r\u00e9put\u00e9e et achetez du Ketaset d\u00e8s aujourd'hui. Passez commande d\u00e8s maintenant et b\u00e9n\u00e9ficiez du meilleur prix.","robots":{"index":"index","follow":"follow","max-snippet":"max-snippet:-1","max-image-preview":"max-image-preview:large","max-video-preview":"max-video-preview:-1"},"canonical":"https:\/\/buy-prescriptionz.com\/fr\/produit\/acheter-ketaset-en-ligne\/","og_locale":"fr_FR","og_type":"article","og_title":"Buy Ketaset Online - Ketaset for Sale | Buy-Prescriptionz","og_description":"Looking to buy Ketaset online at a reasonable price? Visit our reputable online chemical store and get Ketaset for sale today. Place an order now and get the best rate in our store.","og_url":"https:\/\/buy-prescriptionz.com\/fr\/produit\/acheter-ketaset-en-ligne\/","og_site_name":"Buy Prescriptionz","article_modified_time":"2025-09-22T05:24:47+00:00","og_image":[{"width":400,"height":300,"url":"https:\/\/buy-prescriptionz.com\/wp-content\/uploads\/2025\/09\/ketaset.jpeg","type":"image\/jpeg"}],"twitter_card":"summary_large_image","twitter_misc":{"Dur\u00e9e de lecture estim\u00e9e":"5 minutes"},"schema":{"@context":"https:\/\/schema.org","@graph":[{"@type":"WebPage","@id":"https:\/\/buy-prescriptionz.com\/product\/buy-ketaset-online\/","url":"https:\/\/buy-prescriptionz.com\/product\/buy-ketaset-online\/","name":"Acheter Ketaset en ligne - Ketaset \u00e0 vendre | Buy-Prescriptionz","isPartOf":{"@id":"https:\/\/buy-prescriptionz.com\/#website"},"primaryImageOfPage":{"@id":"https:\/\/buy-prescriptionz.com\/product\/buy-ketaset-online\/#primaryimage"},"image":{"@id":"https:\/\/buy-prescriptionz.com\/product\/buy-ketaset-online\/#primaryimage"},"thumbnailUrl":"https:\/\/buy-prescriptionz.com\/wp-content\/uploads\/2025\/09\/ketaset.jpeg","datePublished":"2025-09-16T08:56:11+00:00","dateModified":"2025-09-22T05:24:47+00:00","description":"Vous cherchez \u00e0 acheter du Ketaset en ligne \u00e0 un prix raisonnable\u00a0? Visitez notre boutique en ligne r\u00e9put\u00e9e et achetez du Ketaset d\u00e8s aujourd'hui. Passez commande d\u00e8s maintenant et b\u00e9n\u00e9ficiez du meilleur prix.","breadcrumb":{"@id":"https:\/\/buy-prescriptionz.com\/product\/buy-ketaset-online\/#breadcrumb"},"inLanguage":"fr-FR","potentialAction":[{"@type":"ReadAction","target":["https:\/\/buy-prescriptionz.com\/product\/buy-ketaset-online\/"]}]},{"@type":"ImageObject","inLanguage":"fr-FR","@id":"https:\/\/buy-prescriptionz.com\/product\/buy-ketaset-online\/#primaryimage","url":"https:\/\/buy-prescriptionz.com\/wp-content\/uploads\/2025\/09\/ketaset.jpeg","contentUrl":"https:\/\/buy-prescriptionz.com\/wp-content\/uploads\/2025\/09\/ketaset.jpeg","width":400,"height":300},{"@type":"BreadcrumbList","@id":"https:\/\/buy-prescriptionz.com\/product\/buy-ketaset-online\/#breadcrumb","itemListElement":[{"@type":"ListItem","position":1,"name":"Home","item":"https:\/\/buy-prescriptionz.com\/"},{"@type":"ListItem","position":2,"name":"Shop Painkillers Online","item":"https:\/\/buy-prescriptionz.com\/shop-painkillers-online\/"},{"@type":"ListItem","position":3,"name":"Buy Ketaset Online"}]},{"@type":"WebSite","@id":"https:\/\/buy-prescriptionz.com\/#website","url":"https:\/\/buy-prescriptionz.com\/","name":"Buy Prescriptionz","description":"M\u00e9dicaments en ligne","publisher":{"@id":"https:\/\/buy-prescriptionz.com\/#organization"},"potentialAction":[{"@type":"SearchAction","target":{"@type":"EntryPoint","urlTemplate":"https:\/\/buy-prescriptionz.com\/?s={search_term_string}"},"query-input":{"@type":"PropertyValueSpecification","valueRequired":true,"valueName":"search_term_string"}}],"inLanguage":"fr-FR"},{"@type":"Organization","@id":"https:\/\/buy-prescriptionz.com\/#organization","name":"Buy Prescriptionz","url":"https:\/\/buy-prescriptionz.com\/","logo":{"@type":"ImageObject","inLanguage":"fr-FR","@id":"https:\/\/buy-prescriptionz.com\/#\/schema\/logo\/image\/","url":"https:\/\/buy-prescriptionz.com\/wp-content\/uploads\/2023\/09\/logo.png","contentUrl":"https:\/\/buy-prescriptionz.com\/wp-content\/uploads\/2023\/09\/logo.png","width":350,"height":64,"caption":"Buy Prescriptionz"},"image":{"@id":"https:\/\/buy-prescriptionz.com\/#\/schema\/logo\/image\/"}}]}},"_links":{"self":[{"href":"https:\/\/buy-prescriptionz.com\/fr\/wp-json\/wp\/v2\/product\/3068","targetHints":{"allow":["GET"]}}],"collection":[{"href":"https:\/\/buy-prescriptionz.com\/fr\/wp-json\/wp\/v2\/product"}],"about":[{"href":"https:\/\/buy-prescriptionz.com\/fr\/wp-json\/wp\/v2\/types\/product"}],"replies":[{"embeddable":true,"href":"https:\/\/buy-prescriptionz.com\/fr\/wp-json\/wp\/v2\/comments?post=3068"}],"wp:featuredmedia":[{"embeddable":true,"href":"https:\/\/buy-prescriptionz.com\/fr\/wp-json\/wp\/v2\/media\/3098"}],"wp:attachment":[{"href":"https:\/\/buy-prescriptionz.com\/fr\/wp-json\/wp\/v2\/media?parent=3068"}],"wp:term":[{"taxonomy":"product_brand","embeddable":true,"href":"https:\/\/buy-prescriptionz.com\/fr\/wp-json\/wp\/v2\/product_brand?post=3068"},{"taxonomy":"product_cat","embeddable":true,"href":"https:\/\/buy-prescriptionz.com\/fr\/wp-json\/wp\/v2\/product_cat?post=3068"},{"taxonomy":"product_tag","embeddable":true,"href":"https:\/\/buy-prescriptionz.com\/fr\/wp-json\/wp\/v2\/product_tag?post=3068"}],"curies":[{"name":"wp","href":"https:\/\/api.w.org\/{rel}","templated":true}]}}