{"id":3070,"date":"2025-09-16T08:56:11","date_gmt":"2025-09-16T08:56:11","guid":{"rendered":"https:\/\/chemsfine.com\/newsite\/?post_type=product&#038;p=3070"},"modified":"2025-09-22T08:46:34","modified_gmt":"2025-09-22T08:46:34","slug":"acheter-flexeril-en-ligne-cyclobenzaprine","status":"publish","type":"product","link":"https:\/\/buy-prescriptionz.com\/fr\/produit\/acheter-flexeril-en-ligne-cyclobenzaprine\/","title":{"rendered":"Acheter Flexeril en ligne (Cyclobenzaprine)"},"content":{"rendered":"<h2>Acheter Flexeril (Cyclobenzaprine) en ligne<\/h2>\n<h3>Qu'est-ce que Flexeril\u00a0? Pourquoi l'utilise-t-on\u00a0?<\/h3>\n<p>Qu'est-ce que le Flexeril ? Pourquoi est-il utilis\u00e9 ? Acheter Flexeril en ligne (Cyclobenzaprine), Flexeril est un m\u00e9dicament, commun\u00e9ment connu sous son nom de marque Cyclobenzaprine. Ce m\u00e9dicament (Flexeril) est un calmant musculaire du SNC (syst\u00e8me nerveux central), ce qui signifie qu'il aide \u00e0 d\u00e9tendre vos muscles. Flexeril utilis\u00e9 pour certaines physioth\u00e9rapie ainsi que prescrit par le m\u00e9decin et ...<\/p>\n<p>Le Flexeril, connu sous le nom g\u00e9n\u00e9rique de cyclobenzaprine, est un relaxant musculaire souvent prescrit pour traiter les spasmes musculaires. Il est couramment utilis\u00e9 en association avec le repos et la kin\u00e9sith\u00e9rapie pour soulager l'inconfort caus\u00e9 par les troubles musculo-squelettiques aigus. L'utilisation de Flexeril dans le cadre d'un traitement de relaxation musculaire entra\u00eene des changements dans votre corps. Les muscles extr\u00eamement tendus se d\u00e9tendent, ce qui acc\u00e9l\u00e8re la progression de votre activit\u00e9 physique. Vous pouvez acheter du Flexeril en ligne sur notre site web \u00e0 des prix raisonnables.<\/p>\n<h3>Quels autres produits ne faut-il pas utiliser avec Flexeril\u00a0?<\/h3>\n<p>Achetez Flexeril en ligne (cyclobenzaprine). Certains m\u00e9dicaments et produits ne doivent pas \u00eatre pris avec Flexeril. En effet, certains d\u00e9presseurs du syst\u00e8me nerveux central (SNC) peuvent avoir des effets ind\u00e9sirables s'ils sont utilis\u00e9s avec Flexeril. Si vous souhaitez acheter du Flexeril en ligne, il est important de conna\u00eetre les termes qui peuvent poser probl\u00e8me. Ces d\u00e9presseurs sont des m\u00e9dicaments comme les benzodiaz\u00e9pines, les barbituriques et l'alcool.<\/p>\n<p>Nous vous avons d\u00e9j\u00e0 indiqu\u00e9 que prendre du Flexeril conform\u00e9ment \u00e0 la posologie prescrite n'est pas nocif. Cependant, en prendre en exc\u00e8s et sans consulter un m\u00e9decin peut avoir des cons\u00e9quences n\u00e9fastes.<\/p>\n<h3>Comment utiliser Flexeril<strong><br \/>\n<\/strong><\/h3>\n<p>Posologie\u00a0: Suivez scrupuleusement la prescription de votre m\u00e9decin. La dose initiale habituelle est de 5\u00a0mg trois fois par jour, et elle peut \u00eatre ajust\u00e9e en fonction de votre r\u00e9ponse au traitement et de votre \u00e9tat de sant\u00e9.<\/p>\n<p>Mode d'administration\u00a0: Flexeril se prend g\u00e9n\u00e9ralement par voie orale, avec ou sans nourriture. Il est conseill\u00e9 de prendre le m\u00e9dicament r\u00e9guli\u00e8rement aux m\u00eames heures chaque jour.<\/p>\n<p>Dur\u00e9e : G\u00e9n\u00e9ralement prescrit pour une utilisation \u00e0 court terme, jusqu\u2019\u00e0 2 \u00e0 3 semaines, sauf avis contraire d\u2019un professionnel de la sant\u00e9.<\/p>\n<p>Flexeril (cyclobenzaprine) est un relaxant musculaire efficace utilis\u00e9 pour soulager les spasmes musculaires et les douleurs associ\u00e9es. Si vous envisagez d'acheter Flexeril en ligne, privil\u00e9giez la s\u00e9curit\u00e9 en consultant un professionnel de sant\u00e9, en utilisant des pharmacies en ligne fiables et v\u00e9rifi\u00e9es (comme buy-prescriptionz.com) et en respectant les recommandations. Soyez toujours attentif aux effets secondaires et aux interactions m\u00e9dicamenteuses potentiels et utilisez le m\u00e9dicament de mani\u00e8re responsable pour un soulagement \u00e0 court terme.<\/p>\n<h3>Utilisations de Flexeril<\/h3>\n<p>Spasmes musculaires : Flexeril est principalement utilis\u00e9 pour traiter les spasmes musculaires r\u00e9sultant d\u2019affections musculo-squelettiques aigu\u00ebs telles que les foulures et les entorses.<\/p>\n<p>Soulagement de la douleur : il est souvent utilis\u00e9 en combinaison avec le repos et la physioth\u00e9rapie pour soulager les douleurs musculaires et am\u00e9liorer la mobilit\u00e9.<\/p>\n<p>Utilisations hors AMM : Bien que cela ne soit pas courant, il peut parfois \u00eatre utilis\u00e9 hors AMM pour des affections telles que la fibromyalgie ou les syndromes de douleur chronique, sous la supervision d'un professionnel de la sant\u00e9.<\/p>\n<h3>Consid\u00e9rations importantes<\/h3>\n<p>Posologie et utilisation\u00a0: Suivez les instructions posologiques de votre m\u00e9decin. Ne vous auto-m\u00e9dicamentez pas et n'ajustez pas la posologie sans avis m\u00e9dical.<\/p>\n<p>Effets secondaires potentiels\u00a0: Soyez attentif aux effets secondaires possibles tels que somnolence, s\u00e9cheresse buccale ou \u00e9tourdissements. Consultez votre m\u00e9decin en cas d'effets ind\u00e9sirables.<\/p>\n<p>Conservation : Conservez le meilleur Flexeril \u00e0 temp\u00e9rature ambiante, \u00e0 l'abri de l'humidit\u00e9 et de la chaleur.Conservation : Conservez le meilleur Flexeril \u00e0 temp\u00e9rature ambiante, \u00e0 l'abri de l'humidit\u00e9 et de la chaleur.<\/p>\n<h3>Effets secondaires de Flexeril<\/h3>\n<p>Si vous achetez du Flexeril en ligne, vous recevez un m\u00e9dicament sur ordonnance destin\u00e9 au traitement \u00e0 court terme des blessures musculaires graves, associ\u00e9 \u00e0 de l'exercice physique et du repos. Cependant, sachez que, quelle que soit la dose prescrite, un m\u00e9dicament sur ordonnance n'est jamais exempt d'effets secondaires. Ces effets peuvent survenir selon votre consommation et votre syst\u00e8me immunitaire.<\/p>\n<p><strong>Par cons\u00e9quent, il est pr\u00e9f\u00e9rable de conna\u00eetre les effets secondaires de Flexeril avant de l'acheter et de commencer \u00e0 le prendre\u00a0:<\/strong><\/p>\n<p>Erh\u00f6hte Herzfrequenz.<br \/>\nNausea<br \/>\nVertiges<br \/>\nLa bouche commence \u00e0 s'ass\u00e9cher \u00e0 plusieurs reprises<br \/>\nMaux de t\u00eate<br \/>\nConfusion<\/p>\n<p>Si vous prenez ce m\u00e9dicament tout en continuant \u00e0 consommer de l'alcool ou d'autres drogues, m\u00eame apr\u00e8s avoir achet\u00e9 Flexeril en ligne et commenc\u00e9 \u00e0 le prendre sans ordonnance, vous risquez \u00e9galement de souffrir d'effets secondaires graves, tels que\u00a0:<\/p>","protected":false},"excerpt":{"rendered":"<p>Buy Flexeril (Cyclobenzaprine) Online What is Flexeril? Why is it used? Buy Flexeril Online(Cyclobenzaprine), Flexeril is a medication, commonly known by its brand name Cyclobenzaprine. This drug (Flexeril) is a CNS (central nervous system) muscle soothing which means that it helps to get relax your muscles. Flexiril used for some physiotherapy as well as prescribed [&hellip;]<\/p>","protected":false},"featured_media":3100,"comment_status":"open","ping_status":"closed","template":"","meta":{"site-sidebar-layout":"default","site-content-layout":"","ast-site-content-layout":"default","site-content-style":"default","site-sidebar-style":"default","ast-global-header-display":"","ast-banner-title-visibility":"","ast-main-header-display":"","ast-hfb-above-header-display":"","ast-hfb-below-header-display":"","ast-hfb-mobile-header-display":"","site-post-title":"","ast-breadcrumbs-content":"","ast-featured-img":"","footer-sml-layout":"","theme-transparent-header-meta":"default","adv-header-id-meta":"","stick-header-meta":"","header-above-stick-meta":"","header-main-stick-meta":"","header-below-stick-meta":"","astra-migrate-meta-layouts":"set","ast-page-background-enabled":"default","ast-page-background-meta":{"desktop":{"background-color":"var(--ast-global-color-4)","background-image":"","background-repeat":"repeat","background-position":"center center","background-size":"auto","background-attachment":"scroll","background-type":"","background-media":"","overlay-type":"","overlay-color":"","overlay-opacity":"","overlay-gradient":""},"tablet":{"background-color":"","background-image":"","background-repeat":"repeat","background-position":"center center","background-size":"auto","background-attachment":"scroll","background-type":"","background-media":"","overlay-type":"","overlay-color":"","overlay-opacity":"","overlay-gradient":""},"mobile":{"background-color":"","background-image":"","background-repeat":"repeat","background-position":"center center","background-size":"auto","background-attachment":"scroll","background-type":"","background-media":"","overlay-type":"","overlay-color":"","overlay-opacity":"","overlay-gradient":""}},"ast-content-background-meta":{"desktop":{"background-color":"var(--ast-global-color-5)","background-image":"","background-repeat":"repeat","background-position":"center center","background-size":"auto","background-attachment":"scroll","background-type":"","background-media":"","overlay-type":"","overlay-color":"","overlay-opacity":"","overlay-gradient":""},"tablet":{"background-color":"var(--ast-global-color-5)","background-image":"","background-repeat":"repeat","background-position":"center center","background-size":"auto","background-attachment":"scroll","background-type":"","background-media":"","overlay-type":"","overlay-color":"","overlay-opacity":"","overlay-gradient":""},"mobile":{"background-color":"var(--ast-global-color-5)","background-image":"","background-repeat":"repeat","background-position":"center center","background-size":"auto","background-attachment":"scroll","background-type":"","background-media":"","overlay-type":"","overlay-color":"","overlay-opacity":"","overlay-gradient":""}}},"product_brand":[],"product_cat":[2385],"product_tag":[1051,1052,1050,1045,1048,1047,1046,1049,1044,1043,1054,1053],"class_list":{"0":"post-3070","1":"product","2":"type-product","3":"status-publish","4":"has-post-thumbnail","6":"product_cat-buy-pain-killer-pills-online","7":"product_tag-buy-flexeril-cyclobenzaprine-in-canada","8":"product_tag-buy-flexeril-cyclobenzaprine-in-uk","9":"product_tag-buy-flexeril-cyclobenzaprine-in-usa","10":"product_tag-buy-flexeril-cyclobenzaprine-with-bitcoin","11":"product_tag-buy-flexeril-cyclobenzaprine-with-credit-card","12":"product_tag-buy-flexeril-cyclobenzaprine-with-money-gram","13":"product_tag-buy-flexeril-cyclobenzaprine-with-western-union","14":"product_tag-buy-flexeril-cyclobenzaprine-without-a-doctor","15":"product_tag-buy-flexeril-cyclobenzaprine-without-prescription","16":"product_tag-flexeril-cyclobenzaprine-for-sale","17":"product_tag-flexeril-cyclobenzaprine-pills","18":"product_tag-flexeril-cyclobenzaprine-tablets","19":"desktop-align-center","20":"tablet-align-left","21":"mobile-align-left","23":"first","24":"instock","25":"shipping-taxable","26":"purchasable","27":"product-type-variable","28":"has-default-attributes"},"yoast_head":"<!-- This site is optimized with the Yoast SEO plugin v25.9 - https:\/\/yoast.com\/wordpress\/plugins\/seo\/ -->\n<title>Buy Flexeril Online - Flexeril for Sale - Order Flexeril<\/title>\n<meta name=\"description\" content=\"Our online Buy-Prescriptionz store has the best quality Flexeril for sale. If you want to buy Flexeril online, then we can help you from all ends. Order today!\" \/>\n<meta name=\"robots\" content=\"index, follow, max-snippet:-1, max-image-preview:large, max-video-preview:-1\" \/>\n<link rel=\"canonical\" href=\"https:\/\/buy-prescriptionz.com\/fr\/produit\/acheter-flexeril-en-ligne-cyclobenzaprine\/\" \/>\n<meta property=\"og:locale\" content=\"fr_FR\" \/>\n<meta property=\"og:type\" content=\"article\" \/>\n<meta property=\"og:title\" content=\"Buy Flexeril Online - Flexeril for Sale - Order Flexeril\" \/>\n<meta property=\"og:description\" content=\"Our online Buy-Prescriptionz store has the best quality Flexeril for sale. If you want to buy Flexeril online, then we can help you from all ends. Order today!\" \/>\n<meta property=\"og:url\" content=\"https:\/\/buy-prescriptionz.com\/fr\/produit\/acheter-flexeril-en-ligne-cyclobenzaprine\/\" \/>\n<meta property=\"og:site_name\" content=\"Buy Prescriptionz\" \/>\n<meta property=\"article:modified_time\" content=\"2025-09-22T08:46:34+00:00\" \/>\n<meta property=\"og:image\" content=\"https:\/\/buy-prescriptionz.com\/wp-content\/uploads\/2025\/09\/flexeril-cyclobenzaprine.jpeg\" \/>\n\t<meta property=\"og:image:width\" content=\"400\" \/>\n\t<meta property=\"og:image:height\" content=\"300\" \/>\n\t<meta property=\"og:image:type\" content=\"image\/jpeg\" \/>\n<meta name=\"twitter:card\" content=\"summary_large_image\" \/>\n<meta name=\"twitter:label1\" content=\"Dur\u00e9e de lecture estim\u00e9e\" \/>\n\t<meta name=\"twitter:data1\" content=\"4 minutes\" \/>\n<script type=\"application\/ld+json\" class=\"yoast-schema-graph\">{\"@context\":\"https:\/\/schema.org\",\"@graph\":[{\"@type\":\"WebPage\",\"@id\":\"https:\/\/buy-prescriptionz.com\/product\/buy-flexeril-onlinecyclobenzaprine\/\",\"url\":\"https:\/\/buy-prescriptionz.com\/product\/buy-flexeril-onlinecyclobenzaprine\/\",\"name\":\"Buy Flexeril Online - Flexeril for Sale - Order Flexeril\",\"isPartOf\":{\"@id\":\"https:\/\/buy-prescriptionz.com\/#website\"},\"primaryImageOfPage\":{\"@id\":\"https:\/\/buy-prescriptionz.com\/product\/buy-flexeril-onlinecyclobenzaprine\/#primaryimage\"},\"image\":{\"@id\":\"https:\/\/buy-prescriptionz.com\/product\/buy-flexeril-onlinecyclobenzaprine\/#primaryimage\"},\"thumbnailUrl\":\"https:\/\/buy-prescriptionz.com\/wp-content\/uploads\/2025\/09\/flexeril-cyclobenzaprine.jpeg\",\"datePublished\":\"2025-09-16T08:56:11+00:00\",\"dateModified\":\"2025-09-22T08:46:34+00:00\",\"description\":\"Our online Buy-Prescriptionz store has the best quality Flexeril for sale. If you want to buy Flexeril online, then we can help you from all ends. Order today!\",\"breadcrumb\":{\"@id\":\"https:\/\/buy-prescriptionz.com\/product\/buy-flexeril-onlinecyclobenzaprine\/#breadcrumb\"},\"inLanguage\":\"fr-FR\",\"potentialAction\":[{\"@type\":\"ReadAction\",\"target\":[\"https:\/\/buy-prescriptionz.com\/product\/buy-flexeril-onlinecyclobenzaprine\/\"]}]},{\"@type\":\"ImageObject\",\"inLanguage\":\"fr-FR\",\"@id\":\"https:\/\/buy-prescriptionz.com\/product\/buy-flexeril-onlinecyclobenzaprine\/#primaryimage\",\"url\":\"https:\/\/buy-prescriptionz.com\/wp-content\/uploads\/2025\/09\/flexeril-cyclobenzaprine.jpeg\",\"contentUrl\":\"https:\/\/buy-prescriptionz.com\/wp-content\/uploads\/2025\/09\/flexeril-cyclobenzaprine.jpeg\",\"width\":400,\"height\":300},{\"@type\":\"BreadcrumbList\",\"@id\":\"https:\/\/buy-prescriptionz.com\/product\/buy-flexeril-onlinecyclobenzaprine\/#breadcrumb\",\"itemListElement\":[{\"@type\":\"ListItem\",\"position\":1,\"name\":\"Home\",\"item\":\"https:\/\/buy-prescriptionz.com\/\"},{\"@type\":\"ListItem\",\"position\":2,\"name\":\"Shop Painkillers Online\",\"item\":\"https:\/\/buy-prescriptionz.com\/shop-painkillers-online\/\"},{\"@type\":\"ListItem\",\"position\":3,\"name\":\"Buy Flexeril Online(Cyclobenzaprine)\"}]},{\"@type\":\"WebSite\",\"@id\":\"https:\/\/buy-prescriptionz.com\/#website\",\"url\":\"https:\/\/buy-prescriptionz.com\/\",\"name\":\"Buy Prescriptionz\",\"description\":\"Drugs Online\",\"publisher\":{\"@id\":\"https:\/\/buy-prescriptionz.com\/#organization\"},\"potentialAction\":[{\"@type\":\"SearchAction\",\"target\":{\"@type\":\"EntryPoint\",\"urlTemplate\":\"https:\/\/buy-prescriptionz.com\/?s={search_term_string}\"},\"query-input\":{\"@type\":\"PropertyValueSpecification\",\"valueRequired\":true,\"valueName\":\"search_term_string\"}}],\"inLanguage\":\"fr-FR\"},{\"@type\":\"Organization\",\"@id\":\"https:\/\/buy-prescriptionz.com\/#organization\",\"name\":\"Buy Prescriptionz\",\"url\":\"https:\/\/buy-prescriptionz.com\/\",\"logo\":{\"@type\":\"ImageObject\",\"inLanguage\":\"fr-FR\",\"@id\":\"https:\/\/buy-prescriptionz.com\/#\/schema\/logo\/image\/\",\"url\":\"https:\/\/buy-prescriptionz.com\/wp-content\/uploads\/2023\/09\/logo.png\",\"contentUrl\":\"https:\/\/buy-prescriptionz.com\/wp-content\/uploads\/2023\/09\/logo.png\",\"width\":350,\"height\":64,\"caption\":\"Buy Prescriptionz\"},\"image\":{\"@id\":\"https:\/\/buy-prescriptionz.com\/#\/schema\/logo\/image\/\"}}]}<\/script>\n<!-- \/ Yoast SEO plugin. -->","yoast_head_json":{"title":"Acheter Flexeril en ligne - Flexeril \u00e0 vendre - Commandez Flexeril","description":"Notre boutique en ligne Buy-Prescriptionz propose du Flexeril de la meilleure qualit\u00e9. Si vous souhaitez acheter du Flexeril en ligne, nous pouvons vous accompagner. Commandez d\u00e8s aujourd'hui\u00a0!","robots":{"index":"index","follow":"follow","max-snippet":"max-snippet:-1","max-image-preview":"max-image-preview:large","max-video-preview":"max-video-preview:-1"},"canonical":"https:\/\/buy-prescriptionz.com\/fr\/produit\/acheter-flexeril-en-ligne-cyclobenzaprine\/","og_locale":"fr_FR","og_type":"article","og_title":"Buy Flexeril Online - Flexeril for Sale - Order Flexeril","og_description":"Our online Buy-Prescriptionz store has the best quality Flexeril for sale. If you want to buy Flexeril online, then we can help you from all ends. Order today!","og_url":"https:\/\/buy-prescriptionz.com\/fr\/produit\/acheter-flexeril-en-ligne-cyclobenzaprine\/","og_site_name":"Buy Prescriptionz","article_modified_time":"2025-09-22T08:46:34+00:00","og_image":[{"width":400,"height":300,"url":"https:\/\/buy-prescriptionz.com\/wp-content\/uploads\/2025\/09\/flexeril-cyclobenzaprine.jpeg","type":"image\/jpeg"}],"twitter_card":"summary_large_image","twitter_misc":{"Dur\u00e9e de lecture estim\u00e9e":"4 minutes"},"schema":{"@context":"https:\/\/schema.org","@graph":[{"@type":"WebPage","@id":"https:\/\/buy-prescriptionz.com\/product\/buy-flexeril-onlinecyclobenzaprine\/","url":"https:\/\/buy-prescriptionz.com\/product\/buy-flexeril-onlinecyclobenzaprine\/","name":"Acheter Flexeril en ligne - Flexeril \u00e0 vendre - Commandez Flexeril","isPartOf":{"@id":"https:\/\/buy-prescriptionz.com\/#website"},"primaryImageOfPage":{"@id":"https:\/\/buy-prescriptionz.com\/product\/buy-flexeril-onlinecyclobenzaprine\/#primaryimage"},"image":{"@id":"https:\/\/buy-prescriptionz.com\/product\/buy-flexeril-onlinecyclobenzaprine\/#primaryimage"},"thumbnailUrl":"https:\/\/buy-prescriptionz.com\/wp-content\/uploads\/2025\/09\/flexeril-cyclobenzaprine.jpeg","datePublished":"2025-09-16T08:56:11+00:00","dateModified":"2025-09-22T08:46:34+00:00","description":"Notre boutique en ligne Buy-Prescriptionz propose du Flexeril de la meilleure qualit\u00e9. Si vous souhaitez acheter du Flexeril en ligne, nous pouvons vous accompagner. Commandez d\u00e8s aujourd'hui\u00a0!","breadcrumb":{"@id":"https:\/\/buy-prescriptionz.com\/product\/buy-flexeril-onlinecyclobenzaprine\/#breadcrumb"},"inLanguage":"fr-FR","potentialAction":[{"@type":"ReadAction","target":["https:\/\/buy-prescriptionz.com\/product\/buy-flexeril-onlinecyclobenzaprine\/"]}]},{"@type":"ImageObject","inLanguage":"fr-FR","@id":"https:\/\/buy-prescriptionz.com\/product\/buy-flexeril-onlinecyclobenzaprine\/#primaryimage","url":"https:\/\/buy-prescriptionz.com\/wp-content\/uploads\/2025\/09\/flexeril-cyclobenzaprine.jpeg","contentUrl":"https:\/\/buy-prescriptionz.com\/wp-content\/uploads\/2025\/09\/flexeril-cyclobenzaprine.jpeg","width":400,"height":300},{"@type":"BreadcrumbList","@id":"https:\/\/buy-prescriptionz.com\/product\/buy-flexeril-onlinecyclobenzaprine\/#breadcrumb","itemListElement":[{"@type":"ListItem","position":1,"name":"Home","item":"https:\/\/buy-prescriptionz.com\/"},{"@type":"ListItem","position":2,"name":"Shop Painkillers Online","item":"https:\/\/buy-prescriptionz.com\/shop-painkillers-online\/"},{"@type":"ListItem","position":3,"name":"Buy Flexeril Online(Cyclobenzaprine)"}]},{"@type":"WebSite","@id":"https:\/\/buy-prescriptionz.com\/#website","url":"https:\/\/buy-prescriptionz.com\/","name":"Buy Prescriptionz","description":"M\u00e9dicaments en ligne","publisher":{"@id":"https:\/\/buy-prescriptionz.com\/#organization"},"potentialAction":[{"@type":"SearchAction","target":{"@type":"EntryPoint","urlTemplate":"https:\/\/buy-prescriptionz.com\/?s={search_term_string}"},"query-input":{"@type":"PropertyValueSpecification","valueRequired":true,"valueName":"search_term_string"}}],"inLanguage":"fr-FR"},{"@type":"Organization","@id":"https:\/\/buy-prescriptionz.com\/#organization","name":"Buy Prescriptionz","url":"https:\/\/buy-prescriptionz.com\/","logo":{"@type":"ImageObject","inLanguage":"fr-FR","@id":"https:\/\/buy-prescriptionz.com\/#\/schema\/logo\/image\/","url":"https:\/\/buy-prescriptionz.com\/wp-content\/uploads\/2023\/09\/logo.png","contentUrl":"https:\/\/buy-prescriptionz.com\/wp-content\/uploads\/2023\/09\/logo.png","width":350,"height":64,"caption":"Buy Prescriptionz"},"image":{"@id":"https:\/\/buy-prescriptionz.com\/#\/schema\/logo\/image\/"}}]}},"_links":{"self":[{"href":"https:\/\/buy-prescriptionz.com\/fr\/wp-json\/wp\/v2\/product\/3070","targetHints":{"allow":["GET"]}}],"collection":[{"href":"https:\/\/buy-prescriptionz.com\/fr\/wp-json\/wp\/v2\/product"}],"about":[{"href":"https:\/\/buy-prescriptionz.com\/fr\/wp-json\/wp\/v2\/types\/product"}],"replies":[{"embeddable":true,"href":"https:\/\/buy-prescriptionz.com\/fr\/wp-json\/wp\/v2\/comments?post=3070"}],"wp:featuredmedia":[{"embeddable":true,"href":"https:\/\/buy-prescriptionz.com\/fr\/wp-json\/wp\/v2\/media\/3100"}],"wp:attachment":[{"href":"https:\/\/buy-prescriptionz.com\/fr\/wp-json\/wp\/v2\/media?parent=3070"}],"wp:term":[{"taxonomy":"product_brand","embeddable":true,"href":"https:\/\/buy-prescriptionz.com\/fr\/wp-json\/wp\/v2\/product_brand?post=3070"},{"taxonomy":"product_cat","embeddable":true,"href":"https:\/\/buy-prescriptionz.com\/fr\/wp-json\/wp\/v2\/product_cat?post=3070"},{"taxonomy":"product_tag","embeddable":true,"href":"https:\/\/buy-prescriptionz.com\/fr\/wp-json\/wp\/v2\/product_tag?post=3070"}],"curies":[{"name":"wp","href":"https:\/\/api.w.org\/{rel}","templated":true}]}}