{"id":3071,"date":"2025-09-16T08:56:11","date_gmt":"2025-09-16T08:56:11","guid":{"rendered":"https:\/\/chemsfine.com\/newsite\/?post_type=product&#038;p=3071"},"modified":"2025-09-21T12:21:54","modified_gmt":"2025-09-21T12:21:54","slug":"acheter-fioricet-butalbitol-en-ligne","status":"publish","type":"product","link":"https:\/\/buy-prescriptionz.com\/fr\/produit\/acheter-fioricet-butalbitol-en-ligne\/","title":{"rendered":"Acheter Fioricet (Butalbitol) en ligne"},"content":{"rendered":"<h2>Acheter Fioricet en ligne<\/h2>\n<p>Achetez du Fioricet (Butalbitol) en ligne. Aux \u00c9tats-Unis, les patients ayant besoin d'une ordonnance pour du Fioricet peuvent d\u00e9sormais l'acheter en ligne par carte de cr\u00e9dit. Acheter du Fioricet en ligne est beaucoup plus pratique. Aucune ordonnance pr\u00e9alable n'est requise pour commander du Fioricet en ligne via la pharmacie en ligne. Cette pharmacie est con\u00e7ue pour fournir des m\u00e9dicaments de haute qualit\u00e9 \u00e0 prix r\u00e9duit, sans les tracas d'un cabinet m\u00e9dical. Le Fioricet est l'un des nombreux m\u00e9dicaments qui ne n\u00e9cessitent pas de consultation m\u00e9dicale. Achetez du Fioricet (Butalbitol) en ligne. Ainsi, le patient n'a m\u00eame pas besoin de se d\u00e9placer pour obtenir le m\u00e9dicament dont il a besoin.<\/p>\n<p>Fioricet est une association m\u00e9dicamenteuse \u00e0 base de caf\u00e9ine, de parac\u00e9tamol et de butalbital. Il est administr\u00e9 par voie orale au besoin pour soulager les c\u00e9phal\u00e9es de tension, g\u00e9n\u00e9ralement toutes les 4 heures. Cependant, comme il peut cr\u00e9er une d\u00e9pendance et aggraver les maux de t\u00eate en cas d'utilisation trop r\u00e9guli\u00e8re, il n'est pas recommand\u00e9 comme premi\u00e8re alternative. Le meilleur Fioricet peut \u00e9galement entra\u00eener des effets ind\u00e9sirables, notamment des \u00e9tourdissements et de la somnolence. Il existe des m\u00e9dicaments et un sirop oral pour ce traitement.<\/p>\n<p>Le butalbital, la caf\u00e9ine et le parac\u00e9tamol sont tous pr\u00e9sents dans les comprim\u00e9s Fioricet. Le parac\u00e9tamol est un analg\u00e9sique et un antipyr\u00e9tique. Les barbituriques sont une classe de m\u00e9dicaments qui comprend le butalbital. Il soulage les spasmes musculaires caus\u00e9s par les c\u00e9phal\u00e9es de tension. La caf\u00e9ine est un stimulant du syst\u00e8me nerveux central. Pour augmenter le flux sanguin, elle soulage les spasmes musculaires des vaisseaux sanguins. Les personnes souffrant de c\u00e9phal\u00e9es de stress (caus\u00e9es par des tensions musculaires) prennent du Fioricet.<\/p>\n<p>Pour obtenir du Fioricet en ligne, un patient doit remplir un questionnaire. Ce questionnaire comporte plusieurs questions m\u00e9dicales et de sant\u00e9 auxquelles il doit r\u00e9pondre. Une fois rempli, le patient peut le soumettre \u00e0 la pharmacie en ligne. Le questionnaire est ensuite soumis \u00e0 l'un des nombreux m\u00e9decins agr\u00e9\u00e9s de la pharmacie en ligne. Ce m\u00e9decin examine le questionnaire et d\u00e9cide d'approuver ou non la commande. Si celle-ci est approuv\u00e9e, le patient peut acheter du Fioricet \u00e0 bas prix en ligne. Le m\u00e9decin envoie la prescription de Fioricet en ligne aux pharmaciens agr\u00e9\u00e9s, qui remplissent ensuite la commande et l'envoient \u00e0 l'adresse fournie par le patient. Achetez du Fioricet (Butalbitol) en ligne. Les commandes de m\u00e9dicaments sont g\u00e9n\u00e9ralement exp\u00e9di\u00e9es le lendemain, \u00e9vitant ainsi au patient d'attendre la r\u00e9ception du m\u00e9dicament.<\/p>\n<h3><strong>Acheter Fioricet (Butalbitol) en ligne<\/strong><\/h3>\n<p>Fioricet est une association m\u00e9dicamenteuse \u00e0 base de caf\u00e9ine, de parac\u00e9tamol et de butalbital. Il est administr\u00e9 par voie orale au besoin pour soulager les c\u00e9phal\u00e9es de tension, g\u00e9n\u00e9ralement toutes les 4 heures. Cependant, comme il peut cr\u00e9er une d\u00e9pendance et aggraver les maux de t\u00eate en cas d'utilisation trop r\u00e9guli\u00e8re, il n'est pas recommand\u00e9 comme premi\u00e8re alternative. Le meilleur Fioricet peut \u00e9galement entra\u00eener des effets ind\u00e9sirables, notamment des \u00e9tourdissements et de la somnolence. Il existe des m\u00e9dicaments et un sirop oral pour ce traitement.<\/p>\n<p>Le butalbital, la caf\u00e9ine et le parac\u00e9tamol sont tous pr\u00e9sents dans les comprim\u00e9s Fioricet. Le parac\u00e9tamol est un analg\u00e9sique et un antipyr\u00e9tique. Les barbituriques sont une classe de m\u00e9dicaments qui comprend le butalbital. Il soulage les spasmes musculaires caus\u00e9s par les c\u00e9phal\u00e9es de tension. La caf\u00e9ine est un stimulant du syst\u00e8me nerveux central. Pour augmenter le flux sanguin, elle soulage les spasmes musculaires des vaisseaux sanguins. Les personnes souffrant de c\u00e9phal\u00e9es de stress (caus\u00e9es par des tensions musculaires) prennent du Fioricet.<\/p>\n<p>Avertissements<\/p>\n<p>Si vous souffrez de porphyrie ou si vous avez r\u00e9cemment consomm\u00e9 de l\u2019alcool, des s\u00e9datifs, des tranquillisants ou d\u2019autres stup\u00e9fiants, vous ne devez pas utiliser Fioricet.<\/p>\n<p>Si vous avez pris un inhibiteur de la MAO au cours des 14 derniers jours, n'utilisez pas Fioricet. Il pourrait y avoir une interaction m\u00e9dicamenteuse dangereuse. L'isocarboxazide, le lin\u00e9zolide, le bleu de m\u00e9thyl\u00e8ne injectable, la ph\u00e9nelzine et la tranylcypromine sont des exemples d'inhibiteurs de la MAO.<\/p>\n<p>Ne prenez pas plus de Fioricet que ce qui est recommand\u00e9. Un surdosage en parac\u00e9tamol peut endommager votre foie, voire entra\u00eener la mort. Si vous pr\u00e9sentez l'un des sympt\u00f4mes suivants\u00a0: urines fonc\u00e9es, selles couleur argile, naus\u00e9es, g\u00eane abdominale, d\u00e9mangeaisons, manque d'app\u00e9tit ou jaunisse (jaunissement de la peau ou des yeux), consultez imm\u00e9diatement votre m\u00e9decin. Dans de rares cas, le parac\u00e9tamol peut provoquer une r\u00e9action cutan\u00e9e grave. Si votre peau devient rouge ou si vous pr\u00e9sentez une \u00e9ruption cutan\u00e9e qui br\u00fble et p\u00e8le, arr\u00eatez de prendre Fioricet et consultez imm\u00e9diatement votre m\u00e9decin.<\/p>\n<p>Fioricet est un m\u00e9dicament efficace pour soulager les c\u00e9phal\u00e9es de tension. Il associe parac\u00e9tamol, butalbital et caf\u00e9ine pour un soulagement complet de la douleur et une relaxation musculaire. En raison de ses effets secondaires potentiels et de la n\u00e9cessit\u00e9 d'un dosage appropri\u00e9, il doit \u00eatre utilis\u00e9 de mani\u00e8re responsable sous la supervision d'un professionnel de sant\u00e9. Pour un acc\u00e8s s\u00fbr et fiable \u00e0 Fioricet, pensez \u00e0 l'acheter dans la meilleure pharmacie. <a href=\"https:\/\/buy-prescriptionz.com\/fr\/\">buy-prescriptionz.com<\/a>Suivez toujours les conseils de votre professionnel de la sant\u00e9 et consultez-le pour toute question ou pr\u00e9occupation concernant son utilisation.<\/p>\n<h3>Avertissements<\/h3>\n<p>Si vous souffrez de porphyrie ou si vous avez r\u00e9cemment consomm\u00e9 de l\u2019alcool, des s\u00e9datifs, des tranquillisants ou d\u2019autres stup\u00e9fiants, vous ne devez pas utiliser Fioricet.<\/p>\n<p>Si vous avez pris un inhibiteur de la MAO au cours des 14 derniers jours, n'utilisez pas Fioricet. Il pourrait y avoir une interaction m\u00e9dicamenteuse dangereuse. L'isocarboxazide, le lin\u00e9zolide, le bleu de m\u00e9thyl\u00e8ne injectable, la ph\u00e9nelzine et la tranylcypromine sont des exemples d'inhibiteurs de la MAO.<\/p>\n<p>Ne prenez pas plus de Fioricet que ce qui est recommand\u00e9. Un surdosage en parac\u00e9tamol peut endommager votre foie, voire entra\u00eener la mort. Si vous pr\u00e9sentez l'un des sympt\u00f4mes suivants\u00a0: urines fonc\u00e9es, selles couleur argile, naus\u00e9es, g\u00eane abdominale, d\u00e9mangeaisons, manque d'app\u00e9tit ou jaunisse (jaunissement de la peau ou des yeux), consultez imm\u00e9diatement votre m\u00e9decin. Dans de rares cas, le parac\u00e9tamol peut provoquer une r\u00e9action cutan\u00e9e grave. Si votre peau devient rouge ou si vous pr\u00e9sentez une \u00e9ruption cutan\u00e9e qui br\u00fble et p\u00e8le, arr\u00eatez de prendre Fioricet et consultez imm\u00e9diatement votre m\u00e9decin.<\/p>\n<p>Fioricet est un m\u00e9dicament efficace pour soulager les c\u00e9phal\u00e9es de tension. Il associe parac\u00e9tamol, butalbital et caf\u00e9ine pour un soulagement complet de la douleur et une relaxation musculaire. En raison de ses effets secondaires potentiels et de la n\u00e9cessit\u00e9 d'un dosage appropri\u00e9, il doit \u00eatre utilis\u00e9 de mani\u00e8re responsable sous la supervision d'un professionnel de sant\u00e9. Pour un acc\u00e8s s\u00fbr et fiable \u00e0 Fioricet, pensez \u00e0 l'acheter dans la meilleure pharmacie. <a href=\"https:\/\/buy-prescriptionz.com\/fr\/\">Buy-Prescriptionz.com<\/a>Suivez toujours les conseils de votre professionnel de la sant\u00e9 et consultez-le pour toute question ou pr\u00e9occupation concernant son utilisation.<\/p>","protected":false},"excerpt":{"rendered":"<p>Buy Fioricet Online Buy Fioricet (Butalbitol) Online, Patients who need a prescription for Fioricet now have the opportunity to buy fioricet online with credit card in USA. Being able to buy online Fioricet is much more convenient to the patient. The patient does not need a prior prescription for a physician to be able to [&hellip;]<\/p>","protected":false},"featured_media":3101,"comment_status":"open","ping_status":"closed","template":"","meta":{"site-sidebar-layout":"default","site-content-layout":"","ast-site-content-layout":"default","site-content-style":"default","site-sidebar-style":"default","ast-global-header-display":"","ast-banner-title-visibility":"","ast-main-header-display":"","ast-hfb-above-header-display":"","ast-hfb-below-header-display":"","ast-hfb-mobile-header-display":"","site-post-title":"","ast-breadcrumbs-content":"","ast-featured-img":"","footer-sml-layout":"","theme-transparent-header-meta":"default","adv-header-id-meta":"","stick-header-meta":"","header-above-stick-meta":"","header-main-stick-meta":"","header-below-stick-meta":"","astra-migrate-meta-layouts":"set","ast-page-background-enabled":"default","ast-page-background-meta":{"desktop":{"background-color":"var(--ast-global-color-4)","background-image":"","background-repeat":"repeat","background-position":"center center","background-size":"auto","background-attachment":"scroll","background-type":"","background-media":"","overlay-type":"","overlay-color":"","overlay-opacity":"","overlay-gradient":""},"tablet":{"background-color":"","background-image":"","background-repeat":"repeat","background-position":"center center","background-size":"auto","background-attachment":"scroll","background-type":"","background-media":"","overlay-type":"","overlay-color":"","overlay-opacity":"","overlay-gradient":""},"mobile":{"background-color":"","background-image":"","background-repeat":"repeat","background-position":"center center","background-size":"auto","background-attachment":"scroll","background-type":"","background-media":"","overlay-type":"","overlay-color":"","overlay-opacity":"","overlay-gradient":""}},"ast-content-background-meta":{"desktop":{"background-color":"var(--ast-global-color-5)","background-image":"","background-repeat":"repeat","background-position":"center center","background-size":"auto","background-attachment":"scroll","background-type":"","background-media":"","overlay-type":"","overlay-color":"","overlay-opacity":"","overlay-gradient":""},"tablet":{"background-color":"var(--ast-global-color-5)","background-image":"","background-repeat":"repeat","background-position":"center center","background-size":"auto","background-attachment":"scroll","background-type":"","background-media":"","overlay-type":"","overlay-color":"","overlay-opacity":"","overlay-gradient":""},"mobile":{"background-color":"var(--ast-global-color-5)","background-image":"","background-repeat":"repeat","background-position":"center center","background-size":"auto","background-attachment":"scroll","background-type":"","background-media":"","overlay-type":"","overlay-color":"","overlay-opacity":"","overlay-gradient":""}}},"product_brand":[],"product_cat":[2385],"product_tag":[1039,1040,1038,1033,1036,1035,1034,1037,1032,1031,1042,1041],"class_list":{"0":"post-3071","1":"product","2":"type-product","3":"status-publish","4":"has-post-thumbnail","6":"product_cat-buy-pain-killer-pills-online","7":"product_tag-buy-fioricet-butalbitol-in-canada","8":"product_tag-buy-fioricet-butalbitol-in-uk","9":"product_tag-buy-fioricet-butalbitol-in-usa","10":"product_tag-buy-fioricet-butalbitol-with-bitcoin","11":"product_tag-buy-fioricet-butalbitol-with-credit-card","12":"product_tag-buy-fioricet-butalbitol-with-money-gram","13":"product_tag-buy-fioricet-butalbitol-with-western-union","14":"product_tag-buy-fioricet-butalbitol-without-a-doctor","15":"product_tag-buy-fioricet-butalbitol-without-prescription","16":"product_tag-fioricet-butalbitol-for-sale","17":"product_tag-fioricet-butalbitol-pills","18":"product_tag-fioricet-butalbitol-tablets","19":"desktop-align-center","20":"tablet-align-left","21":"mobile-align-left","23":"first","24":"instock","25":"shipping-taxable","26":"purchasable","27":"product-type-variable","28":"has-default-attributes"},"yoast_head":"<!-- This site is optimized with the Yoast SEO plugin v25.9 - https:\/\/yoast.com\/wordpress\/plugins\/seo\/ -->\n<title>Buy Fioricet (Butalbitol) Online , Online USA - Fioricet for Sale<\/title>\n<meta name=\"description\" content=\"Buy Fioricet (Butalbitol) Online at best price without doctor&#039;s prescription. Buy Fioricet (Butalbitol) Online, buy-prescriptionz.com ,\" \/>\n<meta name=\"robots\" content=\"index, follow, max-snippet:-1, max-image-preview:large, max-video-preview:-1\" \/>\n<link rel=\"canonical\" href=\"https:\/\/buy-prescriptionz.com\/fr\/produit\/acheter-fioricet-butalbitol-en-ligne\/\" \/>\n<meta property=\"og:locale\" content=\"fr_FR\" \/>\n<meta property=\"og:type\" content=\"article\" \/>\n<meta property=\"og:title\" content=\"Buy Fioricet (Butalbitol) Online , Online USA - Fioricet for Sale\" \/>\n<meta property=\"og:description\" content=\"Buy Fioricet (Butalbitol) Online at best price without doctor&#039;s prescription. Buy Fioricet (Butalbitol) Online, buy-prescriptionz.com ,\" \/>\n<meta property=\"og:url\" content=\"https:\/\/buy-prescriptionz.com\/fr\/produit\/acheter-fioricet-butalbitol-en-ligne\/\" \/>\n<meta property=\"og:site_name\" content=\"Buy Prescriptionz\" \/>\n<meta property=\"article:modified_time\" content=\"2025-09-21T12:21:54+00:00\" \/>\n<meta property=\"og:image\" content=\"https:\/\/buy-prescriptionz.com\/wp-content\/uploads\/2025\/09\/fioricet-butalbitol.jpg\" \/>\n\t<meta property=\"og:image:width\" content=\"400\" \/>\n\t<meta property=\"og:image:height\" content=\"300\" \/>\n\t<meta property=\"og:image:type\" content=\"image\/jpeg\" \/>\n<meta name=\"twitter:card\" content=\"summary_large_image\" \/>\n<meta name=\"twitter:label1\" content=\"Dur\u00e9e de lecture estim\u00e9e\" \/>\n\t<meta name=\"twitter:data1\" content=\"5 minutes\" \/>\n<script type=\"application\/ld+json\" class=\"yoast-schema-graph\">{\"@context\":\"https:\/\/schema.org\",\"@graph\":[{\"@type\":\"WebPage\",\"@id\":\"https:\/\/buy-prescriptionz.com\/product\/buy-fioricet-butalbitol-online\/\",\"url\":\"https:\/\/buy-prescriptionz.com\/product\/buy-fioricet-butalbitol-online\/\",\"name\":\"Buy Fioricet (Butalbitol) Online , Online USA - Fioricet for Sale\",\"isPartOf\":{\"@id\":\"https:\/\/buy-prescriptionz.com\/#website\"},\"primaryImageOfPage\":{\"@id\":\"https:\/\/buy-prescriptionz.com\/product\/buy-fioricet-butalbitol-online\/#primaryimage\"},\"image\":{\"@id\":\"https:\/\/buy-prescriptionz.com\/product\/buy-fioricet-butalbitol-online\/#primaryimage\"},\"thumbnailUrl\":\"https:\/\/buy-prescriptionz.com\/wp-content\/uploads\/2025\/09\/fioricet-butalbitol.jpg\",\"datePublished\":\"2025-09-16T08:56:11+00:00\",\"dateModified\":\"2025-09-21T12:21:54+00:00\",\"description\":\"Buy Fioricet (Butalbitol) Online at best price without doctor's prescription. Buy Fioricet (Butalbitol) Online, buy-prescriptionz.com ,\",\"breadcrumb\":{\"@id\":\"https:\/\/buy-prescriptionz.com\/product\/buy-fioricet-butalbitol-online\/#breadcrumb\"},\"inLanguage\":\"fr-FR\",\"potentialAction\":[{\"@type\":\"ReadAction\",\"target\":[\"https:\/\/buy-prescriptionz.com\/product\/buy-fioricet-butalbitol-online\/\"]}]},{\"@type\":\"ImageObject\",\"inLanguage\":\"fr-FR\",\"@id\":\"https:\/\/buy-prescriptionz.com\/product\/buy-fioricet-butalbitol-online\/#primaryimage\",\"url\":\"https:\/\/buy-prescriptionz.com\/wp-content\/uploads\/2025\/09\/fioricet-butalbitol.jpg\",\"contentUrl\":\"https:\/\/buy-prescriptionz.com\/wp-content\/uploads\/2025\/09\/fioricet-butalbitol.jpg\",\"width\":400,\"height\":300},{\"@type\":\"BreadcrumbList\",\"@id\":\"https:\/\/buy-prescriptionz.com\/product\/buy-fioricet-butalbitol-online\/#breadcrumb\",\"itemListElement\":[{\"@type\":\"ListItem\",\"position\":1,\"name\":\"Home\",\"item\":\"https:\/\/buy-prescriptionz.com\/\"},{\"@type\":\"ListItem\",\"position\":2,\"name\":\"Shop Painkillers Online\",\"item\":\"https:\/\/buy-prescriptionz.com\/shop-painkillers-online\/\"},{\"@type\":\"ListItem\",\"position\":3,\"name\":\"Buy Fioricet (Butalbitol) Online\"}]},{\"@type\":\"WebSite\",\"@id\":\"https:\/\/buy-prescriptionz.com\/#website\",\"url\":\"https:\/\/buy-prescriptionz.com\/\",\"name\":\"Buy Prescriptionz\",\"description\":\"Drugs Online\",\"publisher\":{\"@id\":\"https:\/\/buy-prescriptionz.com\/#organization\"},\"potentialAction\":[{\"@type\":\"SearchAction\",\"target\":{\"@type\":\"EntryPoint\",\"urlTemplate\":\"https:\/\/buy-prescriptionz.com\/?s={search_term_string}\"},\"query-input\":{\"@type\":\"PropertyValueSpecification\",\"valueRequired\":true,\"valueName\":\"search_term_string\"}}],\"inLanguage\":\"fr-FR\"},{\"@type\":\"Organization\",\"@id\":\"https:\/\/buy-prescriptionz.com\/#organization\",\"name\":\"Buy Prescriptionz\",\"url\":\"https:\/\/buy-prescriptionz.com\/\",\"logo\":{\"@type\":\"ImageObject\",\"inLanguage\":\"fr-FR\",\"@id\":\"https:\/\/buy-prescriptionz.com\/#\/schema\/logo\/image\/\",\"url\":\"https:\/\/buy-prescriptionz.com\/wp-content\/uploads\/2023\/09\/logo.png\",\"contentUrl\":\"https:\/\/buy-prescriptionz.com\/wp-content\/uploads\/2023\/09\/logo.png\",\"width\":350,\"height\":64,\"caption\":\"Buy Prescriptionz\"},\"image\":{\"@id\":\"https:\/\/buy-prescriptionz.com\/#\/schema\/logo\/image\/\"}}]}<\/script>\n<!-- \/ Yoast SEO plugin. -->","yoast_head_json":{"title":"Achetez du Fioricet (butalbitol) en ligne aux \u00c9tats-Unis\u00a0\u2013 Fioricet \u00e0 vendre","description":"Buy Fioricet (Butalbitol) Online at best price without doctor's prescription. Buy Fioricet (Butalbitol) Online, buy-prescriptionz.com ,","robots":{"index":"index","follow":"follow","max-snippet":"max-snippet:-1","max-image-preview":"max-image-preview:large","max-video-preview":"max-video-preview:-1"},"canonical":"https:\/\/buy-prescriptionz.com\/fr\/produit\/acheter-fioricet-butalbitol-en-ligne\/","og_locale":"fr_FR","og_type":"article","og_title":"Buy Fioricet (Butalbitol) Online , Online USA - Fioricet for Sale","og_description":"Buy Fioricet (Butalbitol) Online at best price without doctor's prescription. Buy Fioricet (Butalbitol) Online, buy-prescriptionz.com ,","og_url":"https:\/\/buy-prescriptionz.com\/fr\/produit\/acheter-fioricet-butalbitol-en-ligne\/","og_site_name":"Buy Prescriptionz","article_modified_time":"2025-09-21T12:21:54+00:00","og_image":[{"width":400,"height":300,"url":"https:\/\/buy-prescriptionz.com\/wp-content\/uploads\/2025\/09\/fioricet-butalbitol.jpg","type":"image\/jpeg"}],"twitter_card":"summary_large_image","twitter_misc":{"Dur\u00e9e de lecture estim\u00e9e":"5 minutes"},"schema":{"@context":"https:\/\/schema.org","@graph":[{"@type":"WebPage","@id":"https:\/\/buy-prescriptionz.com\/product\/buy-fioricet-butalbitol-online\/","url":"https:\/\/buy-prescriptionz.com\/product\/buy-fioricet-butalbitol-online\/","name":"Achetez du Fioricet (butalbitol) en ligne aux \u00c9tats-Unis\u00a0\u2013 Fioricet \u00e0 vendre","isPartOf":{"@id":"https:\/\/buy-prescriptionz.com\/#website"},"primaryImageOfPage":{"@id":"https:\/\/buy-prescriptionz.com\/product\/buy-fioricet-butalbitol-online\/#primaryimage"},"image":{"@id":"https:\/\/buy-prescriptionz.com\/product\/buy-fioricet-butalbitol-online\/#primaryimage"},"thumbnailUrl":"https:\/\/buy-prescriptionz.com\/wp-content\/uploads\/2025\/09\/fioricet-butalbitol.jpg","datePublished":"2025-09-16T08:56:11+00:00","dateModified":"2025-09-21T12:21:54+00:00","description":"Buy Fioricet (Butalbitol) Online at best price without doctor's prescription. Buy Fioricet (Butalbitol) Online, buy-prescriptionz.com ,","breadcrumb":{"@id":"https:\/\/buy-prescriptionz.com\/product\/buy-fioricet-butalbitol-online\/#breadcrumb"},"inLanguage":"fr-FR","potentialAction":[{"@type":"ReadAction","target":["https:\/\/buy-prescriptionz.com\/product\/buy-fioricet-butalbitol-online\/"]}]},{"@type":"ImageObject","inLanguage":"fr-FR","@id":"https:\/\/buy-prescriptionz.com\/product\/buy-fioricet-butalbitol-online\/#primaryimage","url":"https:\/\/buy-prescriptionz.com\/wp-content\/uploads\/2025\/09\/fioricet-butalbitol.jpg","contentUrl":"https:\/\/buy-prescriptionz.com\/wp-content\/uploads\/2025\/09\/fioricet-butalbitol.jpg","width":400,"height":300},{"@type":"BreadcrumbList","@id":"https:\/\/buy-prescriptionz.com\/product\/buy-fioricet-butalbitol-online\/#breadcrumb","itemListElement":[{"@type":"ListItem","position":1,"name":"Home","item":"https:\/\/buy-prescriptionz.com\/"},{"@type":"ListItem","position":2,"name":"Shop Painkillers Online","item":"https:\/\/buy-prescriptionz.com\/shop-painkillers-online\/"},{"@type":"ListItem","position":3,"name":"Buy Fioricet (Butalbitol) Online"}]},{"@type":"WebSite","@id":"https:\/\/buy-prescriptionz.com\/#website","url":"https:\/\/buy-prescriptionz.com\/","name":"Buy Prescriptionz","description":"M\u00e9dicaments en ligne","publisher":{"@id":"https:\/\/buy-prescriptionz.com\/#organization"},"potentialAction":[{"@type":"SearchAction","target":{"@type":"EntryPoint","urlTemplate":"https:\/\/buy-prescriptionz.com\/?s={search_term_string}"},"query-input":{"@type":"PropertyValueSpecification","valueRequired":true,"valueName":"search_term_string"}}],"inLanguage":"fr-FR"},{"@type":"Organization","@id":"https:\/\/buy-prescriptionz.com\/#organization","name":"Buy Prescriptionz","url":"https:\/\/buy-prescriptionz.com\/","logo":{"@type":"ImageObject","inLanguage":"fr-FR","@id":"https:\/\/buy-prescriptionz.com\/#\/schema\/logo\/image\/","url":"https:\/\/buy-prescriptionz.com\/wp-content\/uploads\/2023\/09\/logo.png","contentUrl":"https:\/\/buy-prescriptionz.com\/wp-content\/uploads\/2023\/09\/logo.png","width":350,"height":64,"caption":"Buy Prescriptionz"},"image":{"@id":"https:\/\/buy-prescriptionz.com\/#\/schema\/logo\/image\/"}}]}},"_links":{"self":[{"href":"https:\/\/buy-prescriptionz.com\/fr\/wp-json\/wp\/v2\/product\/3071","targetHints":{"allow":["GET"]}}],"collection":[{"href":"https:\/\/buy-prescriptionz.com\/fr\/wp-json\/wp\/v2\/product"}],"about":[{"href":"https:\/\/buy-prescriptionz.com\/fr\/wp-json\/wp\/v2\/types\/product"}],"replies":[{"embeddable":true,"href":"https:\/\/buy-prescriptionz.com\/fr\/wp-json\/wp\/v2\/comments?post=3071"}],"wp:featuredmedia":[{"embeddable":true,"href":"https:\/\/buy-prescriptionz.com\/fr\/wp-json\/wp\/v2\/media\/3101"}],"wp:attachment":[{"href":"https:\/\/buy-prescriptionz.com\/fr\/wp-json\/wp\/v2\/media?parent=3071"}],"wp:term":[{"taxonomy":"product_brand","embeddable":true,"href":"https:\/\/buy-prescriptionz.com\/fr\/wp-json\/wp\/v2\/product_brand?post=3071"},{"taxonomy":"product_cat","embeddable":true,"href":"https:\/\/buy-prescriptionz.com\/fr\/wp-json\/wp\/v2\/product_cat?post=3071"},{"taxonomy":"product_tag","embeddable":true,"href":"https:\/\/buy-prescriptionz.com\/fr\/wp-json\/wp\/v2\/product_tag?post=3071"}],"curies":[{"name":"wp","href":"https:\/\/api.w.org\/{rel}","templated":true}]}}