{"id":3102,"date":"2025-09-16T08:56:24","date_gmt":"2025-09-16T08:56:24","guid":{"rendered":"https:\/\/chemsfine.com\/newsite\/?post_type=product&#038;p=3102"},"modified":"2025-09-16T08:58:25","modified_gmt":"2025-09-16T08:58:25","slug":"acheter-dormicum-en-ligne","status":"publish","type":"product","link":"https:\/\/buy-prescriptionz.com\/fr\/produit\/acheter-dormicum-en-ligne\/","title":{"rendered":"Acheter Dormicum en ligne"},"content":{"rendered":"<h2>Acheter loir en ligne | loir \u00e0 vendre<\/h2>\n<p>Dormicum est un m\u00e9dicament qui contient l'ingr\u00e9dient actif midazolam. Il fait partie d'une classe de m\u00e9dicaments connus sous le nom de benzodiaz\u00e9pines. Il est utilis\u00e9 pour traiter l'insomnie et pour aider les patients \u00e0 se pr\u00e9parer \u00e0 une intervention chirurgicale. C'est un hypnotique \u00e0 action rapide avec une demi-vie biologique courte, et il existe en deux dosages (Dormicum 15mg et Dormicum 7,5mg). Les comprim\u00e9s ont r\u00e9ussi \u00e0 r\u00e9duire le temps d'endormissement dans de nombreux essais contr\u00f4l\u00e9s ainsi que dans le laboratoire du sommeil. Cela signifie qu'en prenant le bon dosage de Dormicum pour le sommeil, vous pouvez prolonger votre temps de sommeil sans compromettre votre sommeil paradoxal. Par cons\u00e9quent, l'efficacit\u00e9 du sommeil s'am\u00e9liore.<\/p>\n<p>Vous pouvez vous endormir dans les 20 minutes qui suivent la prise de Dormicum, et la dur\u00e9e de votre sommeil s'ajuste automatiquement pour correspondre \u00e0 vos habitudes de sommeil li\u00e9es \u00e0 votre \u00e2ge. Comme le midazolam, le principe actif de Dormicum, poss\u00e8de des caract\u00e9ristiques anxiolytiques, anticonvulsivantes, myorelaxantes et s\u00e9datives, vous ne remarquerez aucune alt\u00e9ration de vos performances au r\u00e9veil.<\/p>\n<h3>Dormicum en ligne<\/h3>\n<p>Acheter dormicum en ligne |dormicum en vente | dormicum , Le midazolam est un somnif\u00e8re \u00e0 d\u00e9but d'action rapide, \u00e0 demi-vie courte dans l'organisme et \u00e0 administration efficace, coh\u00e9rente et simple. Des \u00e9tudes cliniques et des tests de laboratoire ont \u00e9galement montr\u00e9 que DORMICUM abr\u00e8ge le d\u00e9but du sommeil et prolonge sa dur\u00e9e sans provoquer d'alt\u00e9rations quantitatives du sommeil paradoxal (REM). En g\u00e9n\u00e9ral, le d\u00e9lai entre la prise de Dormicum et l'endormissement est inf\u00e9rieur \u00e0 20 minutes, et le sommeil redevient normal apr\u00e8s cela. Le patient se sent rafra\u00eechi et repos\u00e9 \u00e0 son r\u00e9veil.<br \/>\nEnsuite, vous pouvez commander des comprim\u00e9s de Midazolam (Dormicum) 15mg en ligne chez nous ; nous avons des comprim\u00e9s de Midazolam (Dormicum) 15mg de haute qualit\u00e9. Sans ordonnance, achetez Midazolam (Dormicum) 15mg en ligne.<br \/>\nLe meilleur site en ligne sans ordonnance vend Midazolam (Lorazepam) 15mg.<br \/>\n15mg Midazolam (Dormicum)<br \/>\nMidazolam (Dormicum) 15mg Comprim\u00e9s de qualit\u00e9 sup\u00e9rieure<br \/>\nLivraison dans n'importe quel pays du monde<br \/>\nUn emballage discret<br \/>\nL'assistance est disponible 24 heures sur 24, 7 jours sur 7.<br \/>\nSatisfaction garantie du client 100%<br \/>\nAcheter Midazolam en ligne (Dormicum) 15mg par le meilleur site en ligne sans ordonnance.<\/p>\n<div>\n<div class=\"b_factrow\">Propofol<\/div>\n<\/div>\n<div>\n<div class=\"b_factrow\">Lorazepam<\/div>\n<\/div>\n<div>\n<div class=\"b_factrow\">Fentanyl<\/div>\n<\/div>\n<div>\n<div class=\"b_factrow\">Diazepam<\/div>\n<\/div>\n<div>\n<div class=\"b_factrow\">K\u00e9tamine<\/div>\n<div>\n<h3>Aper\u00e7u<\/h3>\n<p>Dormicum 15 mg est un m\u00e9dicament efficace pour le traitement \u00e0 court terme de l'insomnie s\u00e9v\u00e8re et de l'anxi\u00e9t\u00e9 avant une intervention chirurgicale. Il doit \u00eatre utilis\u00e9 sous surveillance m\u00e9dicale en raison de sa puissance et de ses effets secondaires potentiels.<\/p>\n<p>Le mal\u00e9ate de midazolam se trouve dans les comprim\u00e9s de Dormicum, tandis que le chlorhydrate de midazolam se trouve dans les ampoules.<br \/>\nEn tant qu'excipients, chaque ampoule contient \u00e9galement de l'hydroxyde de sodium, de l'acide chlorhydrique, du chlorure de sodium et de l'eau d'injection.<br \/>\nLe midazolam est la 8-chloro-6-(2-fluoroph\u00e9nyl)-1-m\u00e9thyl-4H-imidazo[1,5-a][1,4] benzodiaz\u00e9pine.<\/p>\n<h3><strong>Signes et utilisations <\/strong><\/h3>\n<p>Comprim\u00e9\u00a0: Comme somnif\u00e8re temporaire. Seuls les troubles graves entra\u00eenant un handicap ou une grande souffrance doivent \u00eatre trait\u00e9s par benzodiaz\u00e9pines. Avant une intervention chirurgicale ou un examen diagnostique, la s\u00e9dation est utilis\u00e9e en pr\u00e9m\u00e9dication.<br \/>\nAmpoule: Inducing conscious sedation, either with or without local anesthetic (IV injection), prior to diagnostic or therapeutic treatments.<br \/>\nPremedication prior to anesthetic induction (intranasal or rectal in youngsters).<br \/>\nInduction et entretien de l'anesth\u00e9sie : soit comme s\u00e9datif dans une anesth\u00e9sie mixte, comme une anesth\u00e9sie IV compl\u00e8te (injection IV, perfusion IV), soit comme m\u00e9dicament d'induction dans une anesth\u00e9sie par inhalation.<br \/>\nChez les jeunes, ataralg\u00e9sie associ\u00e9e \u00e0 la k\u00e9tamine (administration IM).<br \/>\ntraitement s\u00e9dat\u00e9 prolong\u00e9 dans les unit\u00e9s de soins intensifs (administr\u00e9 par voie intraveineuse en perfusion continue ou en injection en bolus).<\/p>\n<p>Pour une source fiable, pensez \u00e0 acheter du Dormicum 15 mg sur Buy-Prescriptionz.com. Ce m\u00e9dicament authentique est livr\u00e9 rapidement et b\u00e9n\u00e9ficie d'un excellent service client. Assurez-vous un traitement s\u00fbr et efficace en choisissant la meilleure pharmacie comme Buy-Prescriptionz.com.<\/p>\n<\/div>\n<\/div>\n<h2>Emplois<\/h2>\n<p>Ce m\u00e9dicament est utilis\u00e9 chez les enfants avant une m\u00e9thode ou une anesth\u00e9sie pour provoquer une somnolence, diminuer la tension et provoquer une distraction pendant l'op\u00e9ration ou la m\u00e9thode. Il doit \u00eatre utilis\u00e9 lorsque l'enfant est sous la surveillance d'un professionnel de la sant\u00e9. Le midazolam fait partie d'une classe de m\u00e9dicaments appel\u00e9s benzodiaz\u00e9pines, qui ont un effet calmant sur le cerveau et les nerfs (syst\u00e8me sensoriel focal). On pense qu'il agit en augmentant l'impact d'une certaine concoction r\u00e9guli\u00e8re (GABA) dans le cerveau. Cette pilule peut \u00e9galement \u00eatre utilis\u00e9e de mani\u00e8re fugace pour les probl\u00e8mes de sommeil (par exemple, difficult\u00e9 \u00e0 se reposer, \"peur de la nuit\").<\/p>\n<p><strong>NOUS OFFRONS DES SERVICES OUTRE-MER EXP\u00c9DITION S\u00c9CURIS\u00c9E \u00c0 VOTRE PORTE !<\/strong><\/p>\n<p>En outre, vous pouvez effectuer le paiement par carte de cr\u00e9dit ou de d\u00e9bit.<br \/>\nEMS\/USPS Express Discreet Trackable Delivery dans le monde entier.<br \/>\nComment envoyer des colis ?<br \/>\nDe plus, nous emballons soigneusement les colis avec du tungst\u00e8ne et des papiers carbone pour passer les machines \u00e0 rayons X des douanes dans les a\u00e9roports.<br \/>\nEnfin, vous pouvez<\/p>\n<p>Acheter Dormicum en ligne, vous pouvez acheter Dormicum 15mg en ligne ici sans repr\u00e9sentation \u00e0 un taux minable. Nous sommes la meilleure pharmacie solide en ligne des \u00c9tats-Unis.<\/p>\n<p>puis-je acheter du midazolam<br \/>\ndormicum o\u00f9 acheter<\/p>\n<h3>Pour vous d\u00e9tendre avant l'op\u00e9ration, prenez 15mg de Midazolam Domicum.<\/h3>\n<p><strong>Introduction<\/strong>:<\/p>\n<p>Dormicum Midazolam 15mg est un relaxant musculaire et un m\u00e9dicament apaisant utilis\u00e9 chez les enfants avant une intervention ou une anesth\u00e9sie pour favoriser l'endormissement, r\u00e9duire l'anxi\u00e9t\u00e9 et faire oublier l'op\u00e9ration ou l'intervention. C'est un m\u00e9dicament narcotique avec des caract\u00e9ristiques amn\u00e9siques. Ce m\u00e9dicament est unique dans ce groupe car ses effets sont brefs et imm\u00e9diats. Ce m\u00e9dicament unique peut \u00eatre utilis\u00e9 dans divers contextes biom\u00e9dicaux, notamment les proc\u00e9dures m\u00e9dicales cardiovasculaires, la dentisterie et les syst\u00e8mes endoscopiques. Il doit \u00eatre utilis\u00e9 pendant que le jeune est sous la surveillance d'un m\u00e9decin. Il n'est pas destin\u00e9 \u00e0 \u00eatre utilis\u00e9 \u00e0 la maison ou sur une longue p\u00e9riode de temps. Le midazolam appartient \u00e0 la classe des benzodiaz\u00e9pines, qui ont un effet calmant sur le cerveau et les nerfs, \u00e9galement appel\u00e9s syst\u00e8me nerveux central. On consid\u00e8re qu'il fonctionne en renfor\u00e7ant les effets d'une substance chimique naturelle dans le cerveau.<\/p>\n<p>&nbsp;<\/p>","protected":false},"excerpt":{"rendered":"<p><strong>Dormicum<\/strong>\u00a0(Midazolam) 7,5mg pilules\/comprim\u00e9s :\u00a0<strong>Dormicum<\/strong>\u00a0(Midazolam) est utilis\u00e9 avant une intervention chirurgicale ou certains types de chirurgie.\u00a0<strong>m\u00e9dical<\/strong>\u00a0tests pour vous rendre endormi, somnolent ou d\u00e9tendu. Appartient \u00e0 une classe de m\u00e9dicaments appel\u00e9s benzodiaz\u00e9pines. PRIX\/COMPRIM\u00c9.\u00a0<strong>Dormicum<\/strong>\u00a0(Midazolam) Quantit\u00e9 de 15 mg.<\/p>","protected":false},"featured_media":3132,"comment_status":"open","ping_status":"closed","template":"","meta":{"site-sidebar-layout":"default","site-content-layout":"","ast-site-content-layout":"default","site-content-style":"default","site-sidebar-style":"default","ast-global-header-display":"","ast-banner-title-visibility":"","ast-main-header-display":"","ast-hfb-above-header-display":"","ast-hfb-below-header-display":"","ast-hfb-mobile-header-display":"","site-post-title":"","ast-breadcrumbs-content":"","ast-featured-img":"","footer-sml-layout":"","theme-transparent-header-meta":"default","adv-header-id-meta":"","stick-header-meta":"","header-above-stick-meta":"","header-main-stick-meta":"","header-below-stick-meta":"","astra-migrate-meta-layouts":"","ast-page-background-enabled":"default","ast-page-background-meta":{"desktop":{"background-color":"var(--ast-global-color-4)","background-image":"","background-repeat":"repeat","background-position":"center center","background-size":"auto","background-attachment":"scroll","background-type":"","background-media":"","overlay-type":"","overlay-color":"","overlay-opacity":"","overlay-gradient":""},"tablet":{"background-color":"","background-image":"","background-repeat":"repeat","background-position":"center center","background-size":"auto","background-attachment":"scroll","background-type":"","background-media":"","overlay-type":"","overlay-color":"","overlay-opacity":"","overlay-gradient":""},"mobile":{"background-color":"","background-image":"","background-repeat":"repeat","background-position":"center center","background-size":"auto","background-attachment":"scroll","background-type":"","background-media":"","overlay-type":"","overlay-color":"","overlay-opacity":"","overlay-gradient":""}},"ast-content-background-meta":{"desktop":{"background-color":"var(--ast-global-color-5)","background-image":"","background-repeat":"repeat","background-position":"center center","background-size":"auto","background-attachment":"scroll","background-type":"","background-media":"","overlay-type":"","overlay-color":"","overlay-opacity":"","overlay-gradient":""},"tablet":{"background-color":"var(--ast-global-color-5)","background-image":"","background-repeat":"repeat","background-position":"center center","background-size":"auto","background-attachment":"scroll","background-type":"","background-media":"","overlay-type":"","overlay-color":"","overlay-opacity":"","overlay-gradient":""},"mobile":{"background-color":"var(--ast-global-color-5)","background-image":"","background-repeat":"repeat","background-position":"center center","background-size":"auto","background-attachment":"scroll","background-type":"","background-media":"","overlay-type":"","overlay-color":"","overlay-opacity":"","overlay-gradient":""}}},"product_brand":[],"product_cat":[2385],"product_tag":[2313,1015,1016,1014,1009,1012,1011,1010,1013,1008,2314,2312,1007,1018,1017],"class_list":{"0":"post-3102","1":"product","2":"type-product","3":"status-publish","4":"has-post-thumbnail","6":"product_cat-buy-pain-killer-pills-online","7":"product_tag-buy-dormicum","8":"product_tag-buy-dormicum-in-canada","9":"product_tag-buy-dormicum-in-uk","10":"product_tag-buy-dormicum-in-usa","11":"product_tag-buy-dormicum-with-bitcoin","12":"product_tag-buy-dormicum-with-credit-card","13":"product_tag-buy-dormicum-with-money-gram","14":"product_tag-buy-dormicum-with-western-union","15":"product_tag-buy-dormicum-without-a-doctor","16":"product_tag-buy-dormicum-without-prescription","17":"product_tag-dormicum-15mg-price","18":"product_tag-dormicum-15mg-sleeping-tablets","19":"product_tag-dormicum-for-sale","20":"product_tag-dormicum-pills","21":"product_tag-dormicum-tablets","22":"desktop-align-center","23":"tablet-align-left","24":"mobile-align-left","26":"first","27":"instock","28":"shipping-taxable","29":"purchasable","30":"product-type-variable","31":"has-default-attributes"},"yoast_head":"<!-- This site is optimized with the Yoast SEO plugin v25.9 - https:\/\/yoast.com\/wordpress\/plugins\/seo\/ -->\n<title>Buy Dormicum Online - Dormicum for Sale<\/title>\n<meta name=\"description\" content=\"If you want to buy Dormicum online, then visit our online store buy-prescriptionz. We have high-quality products like Dormicum for sale. Place your order now!\" \/>\n<meta name=\"robots\" content=\"index, follow, max-snippet:-1, max-image-preview:large, max-video-preview:-1\" \/>\n<link rel=\"canonical\" href=\"https:\/\/buy-prescriptionz.com\/fr\/produit\/acheter-dormicum-en-ligne\/\" \/>\n<meta property=\"og:locale\" content=\"fr_FR\" \/>\n<meta property=\"og:type\" content=\"article\" \/>\n<meta property=\"og:title\" content=\"Buy Dormicum Online - Dormicum for Sale\" \/>\n<meta property=\"og:description\" content=\"If you want to buy Dormicum online, then visit our online store buy-prescriptionz. We have high-quality products like Dormicum for sale. Place your order now!\" \/>\n<meta property=\"og:url\" content=\"https:\/\/buy-prescriptionz.com\/fr\/produit\/acheter-dormicum-en-ligne\/\" \/>\n<meta property=\"og:site_name\" content=\"Buy Prescriptionz\" \/>\n<meta property=\"article:modified_time\" content=\"2025-09-16T08:58:25+00:00\" \/>\n<meta property=\"og:image\" content=\"https:\/\/buy-prescriptionz.com\/wp-content\/uploads\/2025\/09\/dormicum.jpg\" \/>\n\t<meta property=\"og:image:width\" content=\"400\" \/>\n\t<meta property=\"og:image:height\" content=\"300\" \/>\n\t<meta property=\"og:image:type\" content=\"image\/jpeg\" \/>\n<meta name=\"twitter:card\" content=\"summary_large_image\" \/>\n<meta name=\"twitter:label1\" content=\"Dur\u00e9e de lecture estim\u00e9e\" \/>\n\t<meta name=\"twitter:data1\" content=\"5 minutes\" \/>\n<script type=\"application\/ld+json\" class=\"yoast-schema-graph\">{\"@context\":\"https:\/\/schema.org\",\"@graph\":[{\"@type\":\"WebPage\",\"@id\":\"https:\/\/buy-prescriptionz.com\/product\/buy-dormicum-online\/\",\"url\":\"https:\/\/buy-prescriptionz.com\/product\/buy-dormicum-online\/\",\"name\":\"Buy Dormicum Online - Dormicum for Sale\",\"isPartOf\":{\"@id\":\"https:\/\/buy-prescriptionz.com\/#website\"},\"primaryImageOfPage\":{\"@id\":\"https:\/\/buy-prescriptionz.com\/product\/buy-dormicum-online\/#primaryimage\"},\"image\":{\"@id\":\"https:\/\/buy-prescriptionz.com\/product\/buy-dormicum-online\/#primaryimage\"},\"thumbnailUrl\":\"https:\/\/buy-prescriptionz.com\/wp-content\/uploads\/2025\/09\/dormicum.jpg\",\"datePublished\":\"2025-09-16T08:56:24+00:00\",\"dateModified\":\"2025-09-16T08:58:25+00:00\",\"description\":\"If you want to buy Dormicum online, then visit our online store buy-prescriptionz. We have high-quality products like Dormicum for sale. Place your order now!\",\"breadcrumb\":{\"@id\":\"https:\/\/buy-prescriptionz.com\/product\/buy-dormicum-online\/#breadcrumb\"},\"inLanguage\":\"fr-FR\",\"potentialAction\":[{\"@type\":\"ReadAction\",\"target\":[\"https:\/\/buy-prescriptionz.com\/product\/buy-dormicum-online\/\"]}]},{\"@type\":\"ImageObject\",\"inLanguage\":\"fr-FR\",\"@id\":\"https:\/\/buy-prescriptionz.com\/product\/buy-dormicum-online\/#primaryimage\",\"url\":\"https:\/\/buy-prescriptionz.com\/wp-content\/uploads\/2025\/09\/dormicum.jpg\",\"contentUrl\":\"https:\/\/buy-prescriptionz.com\/wp-content\/uploads\/2025\/09\/dormicum.jpg\",\"width\":400,\"height\":300},{\"@type\":\"BreadcrumbList\",\"@id\":\"https:\/\/buy-prescriptionz.com\/product\/buy-dormicum-online\/#breadcrumb\",\"itemListElement\":[{\"@type\":\"ListItem\",\"position\":1,\"name\":\"Home\",\"item\":\"https:\/\/buy-prescriptionz.com\/\"},{\"@type\":\"ListItem\",\"position\":2,\"name\":\"Shop Painkillers Online\",\"item\":\"https:\/\/buy-prescriptionz.com\/shop-painkillers-online\/\"},{\"@type\":\"ListItem\",\"position\":3,\"name\":\"Buy Dormicum Online\"}]},{\"@type\":\"WebSite\",\"@id\":\"https:\/\/buy-prescriptionz.com\/#website\",\"url\":\"https:\/\/buy-prescriptionz.com\/\",\"name\":\"Buy Prescriptionz\",\"description\":\"Drugs Online\",\"publisher\":{\"@id\":\"https:\/\/buy-prescriptionz.com\/#organization\"},\"potentialAction\":[{\"@type\":\"SearchAction\",\"target\":{\"@type\":\"EntryPoint\",\"urlTemplate\":\"https:\/\/buy-prescriptionz.com\/?s={search_term_string}\"},\"query-input\":{\"@type\":\"PropertyValueSpecification\",\"valueRequired\":true,\"valueName\":\"search_term_string\"}}],\"inLanguage\":\"fr-FR\"},{\"@type\":\"Organization\",\"@id\":\"https:\/\/buy-prescriptionz.com\/#organization\",\"name\":\"Buy Prescriptionz\",\"url\":\"https:\/\/buy-prescriptionz.com\/\",\"logo\":{\"@type\":\"ImageObject\",\"inLanguage\":\"fr-FR\",\"@id\":\"https:\/\/buy-prescriptionz.com\/#\/schema\/logo\/image\/\",\"url\":\"https:\/\/buy-prescriptionz.com\/wp-content\/uploads\/2023\/09\/logo.png\",\"contentUrl\":\"https:\/\/buy-prescriptionz.com\/wp-content\/uploads\/2023\/09\/logo.png\",\"width\":350,\"height\":64,\"caption\":\"Buy Prescriptionz\"},\"image\":{\"@id\":\"https:\/\/buy-prescriptionz.com\/#\/schema\/logo\/image\/\"}}]}<\/script>\n<!-- \/ Yoast SEO plugin. -->","yoast_head_json":{"title":"Acheter Dormicum en ligne - Dormicum \u00e0 vendre","description":"Si vous souhaitez acheter du Dormicum en ligne, visitez notre boutique en ligne buy-prescriptionz. Nous proposons des produits de haute qualit\u00e9 comme le Dormicum. Commandez d\u00e8s maintenant\u00a0!","robots":{"index":"index","follow":"follow","max-snippet":"max-snippet:-1","max-image-preview":"max-image-preview:large","max-video-preview":"max-video-preview:-1"},"canonical":"https:\/\/buy-prescriptionz.com\/fr\/produit\/acheter-dormicum-en-ligne\/","og_locale":"fr_FR","og_type":"article","og_title":"Buy Dormicum Online - Dormicum for Sale","og_description":"If you want to buy Dormicum online, then visit our online store buy-prescriptionz. We have high-quality products like Dormicum for sale. Place your order now!","og_url":"https:\/\/buy-prescriptionz.com\/fr\/produit\/acheter-dormicum-en-ligne\/","og_site_name":"Buy Prescriptionz","article_modified_time":"2025-09-16T08:58:25+00:00","og_image":[{"width":400,"height":300,"url":"https:\/\/buy-prescriptionz.com\/wp-content\/uploads\/2025\/09\/dormicum.jpg","type":"image\/jpeg"}],"twitter_card":"summary_large_image","twitter_misc":{"Dur\u00e9e de lecture estim\u00e9e":"5 minutes"},"schema":{"@context":"https:\/\/schema.org","@graph":[{"@type":"WebPage","@id":"https:\/\/buy-prescriptionz.com\/product\/buy-dormicum-online\/","url":"https:\/\/buy-prescriptionz.com\/product\/buy-dormicum-online\/","name":"Acheter Dormicum en ligne - Dormicum \u00e0 vendre","isPartOf":{"@id":"https:\/\/buy-prescriptionz.com\/#website"},"primaryImageOfPage":{"@id":"https:\/\/buy-prescriptionz.com\/product\/buy-dormicum-online\/#primaryimage"},"image":{"@id":"https:\/\/buy-prescriptionz.com\/product\/buy-dormicum-online\/#primaryimage"},"thumbnailUrl":"https:\/\/buy-prescriptionz.com\/wp-content\/uploads\/2025\/09\/dormicum.jpg","datePublished":"2025-09-16T08:56:24+00:00","dateModified":"2025-09-16T08:58:25+00:00","description":"Si vous souhaitez acheter du Dormicum en ligne, visitez notre boutique en ligne buy-prescriptionz. Nous proposons des produits de haute qualit\u00e9 comme le Dormicum. Commandez d\u00e8s maintenant\u00a0!","breadcrumb":{"@id":"https:\/\/buy-prescriptionz.com\/product\/buy-dormicum-online\/#breadcrumb"},"inLanguage":"fr-FR","potentialAction":[{"@type":"ReadAction","target":["https:\/\/buy-prescriptionz.com\/product\/buy-dormicum-online\/"]}]},{"@type":"ImageObject","inLanguage":"fr-FR","@id":"https:\/\/buy-prescriptionz.com\/product\/buy-dormicum-online\/#primaryimage","url":"https:\/\/buy-prescriptionz.com\/wp-content\/uploads\/2025\/09\/dormicum.jpg","contentUrl":"https:\/\/buy-prescriptionz.com\/wp-content\/uploads\/2025\/09\/dormicum.jpg","width":400,"height":300},{"@type":"BreadcrumbList","@id":"https:\/\/buy-prescriptionz.com\/product\/buy-dormicum-online\/#breadcrumb","itemListElement":[{"@type":"ListItem","position":1,"name":"Home","item":"https:\/\/buy-prescriptionz.com\/"},{"@type":"ListItem","position":2,"name":"Shop Painkillers Online","item":"https:\/\/buy-prescriptionz.com\/shop-painkillers-online\/"},{"@type":"ListItem","position":3,"name":"Buy Dormicum Online"}]},{"@type":"WebSite","@id":"https:\/\/buy-prescriptionz.com\/#website","url":"https:\/\/buy-prescriptionz.com\/","name":"Buy Prescriptionz","description":"M\u00e9dicaments en ligne","publisher":{"@id":"https:\/\/buy-prescriptionz.com\/#organization"},"potentialAction":[{"@type":"SearchAction","target":{"@type":"EntryPoint","urlTemplate":"https:\/\/buy-prescriptionz.com\/?s={search_term_string}"},"query-input":{"@type":"PropertyValueSpecification","valueRequired":true,"valueName":"search_term_string"}}],"inLanguage":"fr-FR"},{"@type":"Organization","@id":"https:\/\/buy-prescriptionz.com\/#organization","name":"Buy Prescriptionz","url":"https:\/\/buy-prescriptionz.com\/","logo":{"@type":"ImageObject","inLanguage":"fr-FR","@id":"https:\/\/buy-prescriptionz.com\/#\/schema\/logo\/image\/","url":"https:\/\/buy-prescriptionz.com\/wp-content\/uploads\/2023\/09\/logo.png","contentUrl":"https:\/\/buy-prescriptionz.com\/wp-content\/uploads\/2023\/09\/logo.png","width":350,"height":64,"caption":"Buy Prescriptionz"},"image":{"@id":"https:\/\/buy-prescriptionz.com\/#\/schema\/logo\/image\/"}}]}},"_links":{"self":[{"href":"https:\/\/buy-prescriptionz.com\/fr\/wp-json\/wp\/v2\/product\/3102","targetHints":{"allow":["GET"]}}],"collection":[{"href":"https:\/\/buy-prescriptionz.com\/fr\/wp-json\/wp\/v2\/product"}],"about":[{"href":"https:\/\/buy-prescriptionz.com\/fr\/wp-json\/wp\/v2\/types\/product"}],"replies":[{"embeddable":true,"href":"https:\/\/buy-prescriptionz.com\/fr\/wp-json\/wp\/v2\/comments?post=3102"}],"wp:featuredmedia":[{"embeddable":true,"href":"https:\/\/buy-prescriptionz.com\/fr\/wp-json\/wp\/v2\/media\/3132"}],"wp:attachment":[{"href":"https:\/\/buy-prescriptionz.com\/fr\/wp-json\/wp\/v2\/media?parent=3102"}],"wp:term":[{"taxonomy":"product_brand","embeddable":true,"href":"https:\/\/buy-prescriptionz.com\/fr\/wp-json\/wp\/v2\/product_brand?post=3102"},{"taxonomy":"product_cat","embeddable":true,"href":"https:\/\/buy-prescriptionz.com\/fr\/wp-json\/wp\/v2\/product_cat?post=3102"},{"taxonomy":"product_tag","embeddable":true,"href":"https:\/\/buy-prescriptionz.com\/fr\/wp-json\/wp\/v2\/product_tag?post=3102"}],"curies":[{"name":"wp","href":"https:\/\/api.w.org\/{rel}","templated":true}]}}