{"id":3104,"date":"2025-09-16T08:56:25","date_gmt":"2025-09-16T08:56:25","guid":{"rendered":"https:\/\/chemsfine.com\/newsite\/?post_type=product&#038;p=3104"},"modified":"2025-09-22T04:59:59","modified_gmt":"2025-09-22T04:59:59","slug":"acheter-de-la-codeine-en-ligne","status":"publish","type":"product","link":"https:\/\/buy-prescriptionz.com\/fr\/produit\/acheter-de-la-codeine-en-ligne\/","title":{"rendered":"Acheter de la cod\u00e9ine en ligne"},"content":{"rendered":"<h2><strong>Acheter de la cod\u00e9ine en ligne<\/strong><\/h2>\n<p>Le sirop de cod\u00e9ine est un m\u00e9dicament utilis\u00e9 pour soulager les douleurs l\u00e9g\u00e8res \u00e0 mod\u00e9r\u00e9ment intenses et r\u00e9duire la toux. Il appartient \u00e0 une classe de m\u00e9dicaments appel\u00e9s opio\u00efdes, qui agissent en modifiant la r\u00e9action du cerveau et du syst\u00e8me nerveux \u00e0 la douleur et en supprimant le r\u00e9flexe de toux dans le cerveau.<\/p>\n<h3><strong>Achetez de la cod\u00e9ine en ligne PROMETHAZINE SIROP CONTRE LA TOUX \u00c0 LA COD\u00c9INE<\/strong><\/h3>\n<p>Achetez de la cod\u00e9ine en ligne et de la prom\u00e9thazine. Sirop de cod\u00e9ine en vente en ligne en toute s\u00e9curit\u00e9. Sirop de chlorhydrate de prom\u00e9thazine et de phosphate de cod\u00e9ine. La cod\u00e9ine est un narcotique. C'est un analg\u00e9sique et un antitussif. La prom\u00e9thazine est un antihistaminique. Elle bloque les effets de l'histamine, une substance chimique naturellement pr\u00e9sente dans l'organisme. Le sirop de cod\u00e9ine est un m\u00e9dicament utilis\u00e9 pour soulager les douleurs l\u00e9g\u00e8res \u00e0 mod\u00e9r\u00e9ment intenses et r\u00e9duire la toux. Il appartient \u00e0 la classe des opio\u00efdes, qui agissent en modifiant la r\u00e9action du cerveau et du syst\u00e8me nerveux \u00e0 la douleur et en supprimant le r\u00e9flexe de toux dans le cerveau.<\/p>\n<h3>Combinaison de m\u00e9dicaments<\/h3>\n<p>La cod\u00e9ine est souvent associ\u00e9e \u00e0 d'autres m\u00e9dicaments comme le parac\u00e9tamol (Tylenol) pour am\u00e9liorer le soulagement de la douleur. Cette association peut permettre une gestion plus efficace de la douleur dans des affections comme l'arthrite, les maux de dos et les douleurs post-op\u00e9ratoires.<\/p>\n<h3>Comment fonctionne le sirop de cod\u00e9ine<\/h3>\n<p>Soulagement de la douleur : la cod\u00e9ine se lie aux r\u00e9cepteurs opio\u00efdes du cerveau et de la moelle \u00e9pini\u00e8re, modifiant la perception de la douleur et procurant un soulagement.<\/p>\n<p>Suppression de la toux : Il diminue l\u2019activit\u00e9 dans la partie du cerveau qui d\u00e9clenche la toux, r\u00e9duisant ainsi l\u2019envie de tousser.<\/p>\n<h3>Utilisation et dosage<\/h3>\n<p>Posologie\u00a0: La posologie du sirop de cod\u00e9ine varie selon l\u2019\u00e9tat de sant\u00e9, l\u2019\u00e2ge et la r\u00e9ponse au traitement de chaque patient. Il est important de suivre la prescription du m\u00e9decin et de ne pas d\u00e9passer la dose recommand\u00e9e.<\/p>\n<p>Administration : Le sirop de cod\u00e9ine doit \u00eatre pris par voie orale, g\u00e9n\u00e9ralement avec un appareil de mesure pour assurer un dosage pr\u00e9cis.<\/p>\n<h3>Pr\u00e9cautions et effets secondaires<\/h3>\n<p>Effets secondaires courants : somnolence, \u00e9tourdissements, constipation, naus\u00e9es et vomissements.<\/p>\n<p>Effets secondaires graves\u00a0: Difficult\u00e9s respiratoires, somnolence intense, confusion et r\u00e9actions allergiques. Consultez un m\u00e9decin en cas d'effets secondaires graves.<\/p>\n<h3>Pr\u00e9cautions :<\/h3>\n<p>Risque d'addiction\u00a0: La cod\u00e9ine pr\u00e9sente un risque d'abus et de d\u00e9pendance. Elle doit \u00eatre utilis\u00e9e conform\u00e9ment \u00e0 la prescription d'un professionnel de sant\u00e9.<\/p>\n<p>Interactions : La cod\u00e9ine peut interagir avec d\u2019autres m\u00e9dicaments, il est donc essentiel d\u2019informer le m\u00e9decin de tous les m\u00e9dicaments que vous prenez.<\/p>\n<p>Grossesse et allaitement : La cod\u00e9ine doit \u00eatre utilis\u00e9e avec prudence pendant la grossesse et l\u2019allaitement, car elle peut affecter le b\u00e9b\u00e9.<\/p>\n<p>Le sirop de cod\u00e9ine est un m\u00e9dicament polyvalent qui soulage efficacement la douleur et la toux. Il permet notamment de soulager les douleurs l\u00e9g\u00e8res \u00e0 mod\u00e9r\u00e9es et les toux s\u00e8ches persistantes. Cependant, en raison de son potentiel d'effets secondaires et de d\u00e9pendance, il doit \u00eatre utilis\u00e9 de mani\u00e8re responsable et uniquement sur prescription m\u00e9dicale. Pour un acc\u00e8s s\u00fbr et fiable au sirop de cod\u00e9ine, pensez \u00e0 l'acheter dans une pharmacie de confiance comme <a href=\"https:\/\/buy-prescriptionz.com\/fr\/\">Buy-Prescriptionz.com<\/a>Suivez toujours les conseils de votre professionnel de la sant\u00e9 et consultez-le pour toute question ou pr\u00e9occupation concernant son utilisation.<\/p>","protected":false},"excerpt":{"rendered":"<p>Buy Codeine Online Codeine syrup is a medication used to relieve mild to moderately severe pain and to reduce coughing. It belongs to a class of drugs known as opioids, which work by altering the way the brain and nervous system respond to pain and by suppressing the cough reflex in the brain. Buy Codeine [&hellip;]<\/p>","protected":false},"featured_media":3134,"comment_status":"open","ping_status":"closed","template":"","meta":{"site-sidebar-layout":"default","site-content-layout":"","ast-site-content-layout":"default","site-content-style":"default","site-sidebar-style":"default","ast-global-header-display":"","ast-banner-title-visibility":"","ast-main-header-display":"","ast-hfb-above-header-display":"","ast-hfb-below-header-display":"","ast-hfb-mobile-header-display":"","site-post-title":"","ast-breadcrumbs-content":"","ast-featured-img":"","footer-sml-layout":"","theme-transparent-header-meta":"default","adv-header-id-meta":"","stick-header-meta":"","header-above-stick-meta":"","header-main-stick-meta":"","header-below-stick-meta":"","astra-migrate-meta-layouts":"set","ast-page-background-enabled":"default","ast-page-background-meta":{"desktop":{"background-color":"var(--ast-global-color-4)","background-image":"","background-repeat":"repeat","background-position":"center center","background-size":"auto","background-attachment":"scroll","background-type":"","background-media":"","overlay-type":"","overlay-color":"","overlay-opacity":"","overlay-gradient":""},"tablet":{"background-color":"","background-image":"","background-repeat":"repeat","background-position":"center center","background-size":"auto","background-attachment":"scroll","background-type":"","background-media":"","overlay-type":"","overlay-color":"","overlay-opacity":"","overlay-gradient":""},"mobile":{"background-color":"","background-image":"","background-repeat":"repeat","background-position":"center center","background-size":"auto","background-attachment":"scroll","background-type":"","background-media":"","overlay-type":"","overlay-color":"","overlay-opacity":"","overlay-gradient":""}},"ast-content-background-meta":{"desktop":{"background-color":"var(--ast-global-color-5)","background-image":"","background-repeat":"repeat","background-position":"center center","background-size":"auto","background-attachment":"scroll","background-type":"","background-media":"","overlay-type":"","overlay-color":"","overlay-opacity":"","overlay-gradient":""},"tablet":{"background-color":"var(--ast-global-color-5)","background-image":"","background-repeat":"repeat","background-position":"center center","background-size":"auto","background-attachment":"scroll","background-type":"","background-media":"","overlay-type":"","overlay-color":"","overlay-opacity":"","overlay-gradient":""},"mobile":{"background-color":"var(--ast-global-color-5)","background-image":"","background-repeat":"repeat","background-position":"center center","background-size":"auto","background-attachment":"scroll","background-type":"","background-media":"","overlay-type":"","overlay-color":"","overlay-opacity":"","overlay-gradient":""}}},"product_brand":[],"product_cat":[2385],"product_tag":[992,993,991,986,989,988,987,990,985,984,995,994],"class_list":{"0":"post-3104","1":"product","2":"type-product","3":"status-publish","4":"has-post-thumbnail","6":"product_cat-buy-pain-killer-pills-online","7":"product_tag-buy-codeine-in-canada","8":"product_tag-buy-codeine-in-uk","9":"product_tag-buy-codeine-in-usa","10":"product_tag-buy-codeine-with-bitcoin","11":"product_tag-buy-codeine-with-credit-card","12":"product_tag-buy-codeine-with-money-gram","13":"product_tag-buy-codeine-with-western-union","14":"product_tag-buy-codeine-without-a-doctor","15":"product_tag-buy-codeine-without-prescription","16":"product_tag-codeine-for-sale","17":"product_tag-codeine-pills","18":"product_tag-codeine-tablets","19":"desktop-align-center","20":"tablet-align-left","21":"mobile-align-left","23":"first","24":"instock","25":"shipping-taxable","26":"purchasable","27":"product-type-variable","28":"has-default-attributes"},"yoast_head":"<!-- This site is optimized with the Yoast SEO plugin v25.9 - https:\/\/yoast.com\/wordpress\/plugins\/seo\/ -->\n<title>Buy Codeine Online USA - Buy Codeine Online for Sale - Buy Prescriptionz<\/title>\n<meta name=\"description\" content=\"Buy Prescriptionz Buy Codeine Online from buypresciptionz.com pharmacy store where you can Buy Codeine Online at best price without doctor&#039;s prescription.\" \/>\n<meta name=\"robots\" content=\"index, follow, max-snippet:-1, max-image-preview:large, max-video-preview:-1\" \/>\n<link rel=\"canonical\" href=\"https:\/\/buy-prescriptionz.com\/fr\/produit\/acheter-de-la-codeine-en-ligne\/\" \/>\n<meta property=\"og:locale\" content=\"fr_FR\" \/>\n<meta property=\"og:type\" content=\"article\" \/>\n<meta property=\"og:title\" content=\"Buy Codeine Online USA - Buy Codeine Online for Sale - Buy Prescriptionz\" \/>\n<meta property=\"og:description\" content=\"Buy Prescriptionz Buy Codeine Online from buypresciptionz.com pharmacy store where you can Buy Codeine Online at best price without doctor&#039;s prescription.\" \/>\n<meta property=\"og:url\" content=\"https:\/\/buy-prescriptionz.com\/fr\/produit\/acheter-de-la-codeine-en-ligne\/\" \/>\n<meta property=\"og:site_name\" content=\"Buy Prescriptionz\" \/>\n<meta property=\"article:modified_time\" content=\"2025-09-22T04:59:59+00:00\" \/>\n<meta property=\"og:image\" content=\"https:\/\/buy-prescriptionz.com\/wp-content\/uploads\/2025\/09\/codeine.jpg\" \/>\n\t<meta property=\"og:image:width\" content=\"400\" \/>\n\t<meta property=\"og:image:height\" content=\"300\" \/>\n\t<meta property=\"og:image:type\" content=\"image\/jpeg\" \/>\n<meta name=\"twitter:card\" content=\"summary_large_image\" \/>\n<meta name=\"twitter:label1\" content=\"Dur\u00e9e de lecture estim\u00e9e\" \/>\n\t<meta name=\"twitter:data1\" content=\"3 minutes\" \/>\n<script type=\"application\/ld+json\" class=\"yoast-schema-graph\">{\"@context\":\"https:\/\/schema.org\",\"@graph\":[{\"@type\":\"WebPage\",\"@id\":\"https:\/\/buy-prescriptionz.com\/cs\/produkt\/koupit-kodein-online\/\",\"url\":\"https:\/\/buy-prescriptionz.com\/cs\/produkt\/koupit-kodein-online\/\",\"name\":\"Buy Codeine Online USA - Buy Codeine Online for Sale - Buy Prescriptionz\",\"isPartOf\":{\"@id\":\"https:\/\/buy-prescriptionz.com\/#website\"},\"primaryImageOfPage\":{\"@id\":\"https:\/\/buy-prescriptionz.com\/cs\/produkt\/koupit-kodein-online\/#primaryimage\"},\"image\":{\"@id\":\"https:\/\/buy-prescriptionz.com\/cs\/produkt\/koupit-kodein-online\/#primaryimage\"},\"thumbnailUrl\":\"https:\/\/buy-prescriptionz.com\/wp-content\/uploads\/2025\/09\/codeine.jpg\",\"datePublished\":\"2025-09-16T08:56:25+00:00\",\"dateModified\":\"2025-09-22T04:59:59+00:00\",\"description\":\"Buy Prescriptionz Buy Codeine Online from buypresciptionz.com pharmacy store where you can Buy Codeine Online at best price without doctor's prescription.\",\"breadcrumb\":{\"@id\":\"https:\/\/buy-prescriptionz.com\/cs\/produkt\/koupit-kodein-online\/#breadcrumb\"},\"inLanguage\":\"fr-FR\",\"potentialAction\":[{\"@type\":\"ReadAction\",\"target\":[\"https:\/\/buy-prescriptionz.com\/cs\/produkt\/koupit-kodein-online\/\"]}]},{\"@type\":\"ImageObject\",\"inLanguage\":\"fr-FR\",\"@id\":\"https:\/\/buy-prescriptionz.com\/cs\/produkt\/koupit-kodein-online\/#primaryimage\",\"url\":\"https:\/\/buy-prescriptionz.com\/wp-content\/uploads\/2025\/09\/codeine.jpg\",\"contentUrl\":\"https:\/\/buy-prescriptionz.com\/wp-content\/uploads\/2025\/09\/codeine.jpg\",\"width\":400,\"height\":300},{\"@type\":\"BreadcrumbList\",\"@id\":\"https:\/\/buy-prescriptionz.com\/cs\/produkt\/koupit-kodein-online\/#breadcrumb\",\"itemListElement\":[{\"@type\":\"ListItem\",\"position\":1,\"name\":\"Home\",\"item\":\"https:\/\/buy-prescriptionz.com\/\"},{\"@type\":\"ListItem\",\"position\":2,\"name\":\"Shop Painkillers Online\",\"item\":\"https:\/\/buy-prescriptionz.com\/shop-painkillers-online\/\"},{\"@type\":\"ListItem\",\"position\":3,\"name\":\"Buy Codeine Online\"}]},{\"@type\":\"WebSite\",\"@id\":\"https:\/\/buy-prescriptionz.com\/#website\",\"url\":\"https:\/\/buy-prescriptionz.com\/\",\"name\":\"Buy Prescriptionz\",\"description\":\"Drugs Online\",\"publisher\":{\"@id\":\"https:\/\/buy-prescriptionz.com\/#organization\"},\"potentialAction\":[{\"@type\":\"SearchAction\",\"target\":{\"@type\":\"EntryPoint\",\"urlTemplate\":\"https:\/\/buy-prescriptionz.com\/?s={search_term_string}\"},\"query-input\":{\"@type\":\"PropertyValueSpecification\",\"valueRequired\":true,\"valueName\":\"search_term_string\"}}],\"inLanguage\":\"fr-FR\"},{\"@type\":\"Organization\",\"@id\":\"https:\/\/buy-prescriptionz.com\/#organization\",\"name\":\"Buy Prescriptionz\",\"url\":\"https:\/\/buy-prescriptionz.com\/\",\"logo\":{\"@type\":\"ImageObject\",\"inLanguage\":\"fr-FR\",\"@id\":\"https:\/\/buy-prescriptionz.com\/#\/schema\/logo\/image\/\",\"url\":\"https:\/\/buy-prescriptionz.com\/wp-content\/uploads\/2023\/09\/logo.png\",\"contentUrl\":\"https:\/\/buy-prescriptionz.com\/wp-content\/uploads\/2023\/09\/logo.png\",\"width\":350,\"height\":64,\"caption\":\"Buy Prescriptionz\"},\"image\":{\"@id\":\"https:\/\/buy-prescriptionz.com\/#\/schema\/logo\/image\/\"}}]}<\/script>\n<!-- \/ Yoast SEO plugin. -->","yoast_head_json":{"title":"Acheter de la cod\u00e9ine en ligne aux \u00c9tats-Unis\u00a0- Acheter de la cod\u00e9ine en ligne \u00e0 vendre\u00a0- Acheter des ordonnances","description":"Buy Prescriptionz Buy Codeine Online from buypresciptionz.com pharmacy store where you can Buy Codeine Online at best price without doctor's prescription.","robots":{"index":"index","follow":"follow","max-snippet":"max-snippet:-1","max-image-preview":"max-image-preview:large","max-video-preview":"max-video-preview:-1"},"canonical":"https:\/\/buy-prescriptionz.com\/fr\/produit\/acheter-de-la-codeine-en-ligne\/","og_locale":"fr_FR","og_type":"article","og_title":"Buy Codeine Online USA - Buy Codeine Online for Sale - Buy Prescriptionz","og_description":"Buy Prescriptionz Buy Codeine Online from buypresciptionz.com pharmacy store where you can Buy Codeine Online at best price without doctor's prescription.","og_url":"https:\/\/buy-prescriptionz.com\/fr\/produit\/acheter-de-la-codeine-en-ligne\/","og_site_name":"Buy Prescriptionz","article_modified_time":"2025-09-22T04:59:59+00:00","og_image":[{"width":400,"height":300,"url":"https:\/\/buy-prescriptionz.com\/wp-content\/uploads\/2025\/09\/codeine.jpg","type":"image\/jpeg"}],"twitter_card":"summary_large_image","twitter_misc":{"Dur\u00e9e de lecture estim\u00e9e":"3 minutes"},"schema":{"@context":"https:\/\/schema.org","@graph":[{"@type":"WebPage","@id":"https:\/\/buy-prescriptionz.com\/cs\/produkt\/koupit-kodein-online\/","url":"https:\/\/buy-prescriptionz.com\/cs\/produkt\/koupit-kodein-online\/","name":"Acheter de la cod\u00e9ine en ligne aux \u00c9tats-Unis\u00a0- Acheter de la cod\u00e9ine en ligne \u00e0 vendre\u00a0- Acheter des ordonnances","isPartOf":{"@id":"https:\/\/buy-prescriptionz.com\/#website"},"primaryImageOfPage":{"@id":"https:\/\/buy-prescriptionz.com\/cs\/produkt\/koupit-kodein-online\/#primaryimage"},"image":{"@id":"https:\/\/buy-prescriptionz.com\/cs\/produkt\/koupit-kodein-online\/#primaryimage"},"thumbnailUrl":"https:\/\/buy-prescriptionz.com\/wp-content\/uploads\/2025\/09\/codeine.jpg","datePublished":"2025-09-16T08:56:25+00:00","dateModified":"2025-09-22T04:59:59+00:00","description":"Buy Prescriptionz Buy Codeine Online from buypresciptionz.com pharmacy store where you can Buy Codeine Online at best price without doctor's prescription.","breadcrumb":{"@id":"https:\/\/buy-prescriptionz.com\/cs\/produkt\/koupit-kodein-online\/#breadcrumb"},"inLanguage":"fr-FR","potentialAction":[{"@type":"ReadAction","target":["https:\/\/buy-prescriptionz.com\/cs\/produkt\/koupit-kodein-online\/"]}]},{"@type":"ImageObject","inLanguage":"fr-FR","@id":"https:\/\/buy-prescriptionz.com\/cs\/produkt\/koupit-kodein-online\/#primaryimage","url":"https:\/\/buy-prescriptionz.com\/wp-content\/uploads\/2025\/09\/codeine.jpg","contentUrl":"https:\/\/buy-prescriptionz.com\/wp-content\/uploads\/2025\/09\/codeine.jpg","width":400,"height":300},{"@type":"BreadcrumbList","@id":"https:\/\/buy-prescriptionz.com\/cs\/produkt\/koupit-kodein-online\/#breadcrumb","itemListElement":[{"@type":"ListItem","position":1,"name":"Home","item":"https:\/\/buy-prescriptionz.com\/"},{"@type":"ListItem","position":2,"name":"Shop Painkillers Online","item":"https:\/\/buy-prescriptionz.com\/shop-painkillers-online\/"},{"@type":"ListItem","position":3,"name":"Buy Codeine Online"}]},{"@type":"WebSite","@id":"https:\/\/buy-prescriptionz.com\/#website","url":"https:\/\/buy-prescriptionz.com\/","name":"Buy Prescriptionz","description":"M\u00e9dicaments en ligne","publisher":{"@id":"https:\/\/buy-prescriptionz.com\/#organization"},"potentialAction":[{"@type":"SearchAction","target":{"@type":"EntryPoint","urlTemplate":"https:\/\/buy-prescriptionz.com\/?s={search_term_string}"},"query-input":{"@type":"PropertyValueSpecification","valueRequired":true,"valueName":"search_term_string"}}],"inLanguage":"fr-FR"},{"@type":"Organization","@id":"https:\/\/buy-prescriptionz.com\/#organization","name":"Buy Prescriptionz","url":"https:\/\/buy-prescriptionz.com\/","logo":{"@type":"ImageObject","inLanguage":"fr-FR","@id":"https:\/\/buy-prescriptionz.com\/#\/schema\/logo\/image\/","url":"https:\/\/buy-prescriptionz.com\/wp-content\/uploads\/2023\/09\/logo.png","contentUrl":"https:\/\/buy-prescriptionz.com\/wp-content\/uploads\/2023\/09\/logo.png","width":350,"height":64,"caption":"Buy Prescriptionz"},"image":{"@id":"https:\/\/buy-prescriptionz.com\/#\/schema\/logo\/image\/"}}]}},"_links":{"self":[{"href":"https:\/\/buy-prescriptionz.com\/fr\/wp-json\/wp\/v2\/product\/3104","targetHints":{"allow":["GET"]}}],"collection":[{"href":"https:\/\/buy-prescriptionz.com\/fr\/wp-json\/wp\/v2\/product"}],"about":[{"href":"https:\/\/buy-prescriptionz.com\/fr\/wp-json\/wp\/v2\/types\/product"}],"replies":[{"embeddable":true,"href":"https:\/\/buy-prescriptionz.com\/fr\/wp-json\/wp\/v2\/comments?post=3104"}],"wp:featuredmedia":[{"embeddable":true,"href":"https:\/\/buy-prescriptionz.com\/fr\/wp-json\/wp\/v2\/media\/3134"}],"wp:attachment":[{"href":"https:\/\/buy-prescriptionz.com\/fr\/wp-json\/wp\/v2\/media?parent=3104"}],"wp:term":[{"taxonomy":"product_brand","embeddable":true,"href":"https:\/\/buy-prescriptionz.com\/fr\/wp-json\/wp\/v2\/product_brand?post=3104"},{"taxonomy":"product_cat","embeddable":true,"href":"https:\/\/buy-prescriptionz.com\/fr\/wp-json\/wp\/v2\/product_cat?post=3104"},{"taxonomy":"product_tag","embeddable":true,"href":"https:\/\/buy-prescriptionz.com\/fr\/wp-json\/wp\/v2\/product_tag?post=3104"}],"curies":[{"name":"wp","href":"https:\/\/api.w.org\/{rel}","templated":true}]}}