{"id":3111,"date":"2025-09-16T08:56:26","date_gmt":"2025-09-16T08:56:26","guid":{"rendered":"https:\/\/chemsfine.com\/newsite\/?post_type=product&#038;p=3111"},"modified":"2025-09-23T07:05:30","modified_gmt":"2025-09-23T07:05:30","slug":"acheter-des-comprimes-de-naproxene-en-ligne","status":"publish","type":"product","link":"https:\/\/buy-prescriptionz.com\/fr\/produit\/acheter-des-comprimes-de-naproxene-en-ligne\/","title":{"rendered":"Acheter des comprim\u00e9s de Naproxen en ligne"},"content":{"rendered":"<h2>Acheter des comprim\u00e9s de Naproxen en ligne<\/h2>\n<p>Acheter des comprim\u00e9s de Naproxen en ligne, Les comprim\u00e9s de Naproxen peuvent \u00eatre achet\u00e9s en ligne aupr\u00e8s d'une pharmacie r\u00e9put\u00e9e. Renouveler votre prescription de Naproxen est facile avec notre service de prescription priv\u00e9e en ligne. Il vous suffit de remplir notre questionnaire en ligne qui sera examin\u00e9 par notre m\u00e9decin en ligne. Si le Naproxen vous convient, notre m\u00e9decin en ligne r\u00e9digera pour vous une ordonnance que notre pharmacie ex\u00e9cutera. Tous les produits sont exp\u00e9di\u00e9s depuis notre entrep\u00f4t en France.<\/p>\n<p>Le naprox\u00e8ne est un analg\u00e9sique qui agit \u00e9galement comme un anti-inflammatoire. Il est souvent utilis\u00e9 pour soulager les douleurs articulaires, par exemple en cas de polyarthrite rhumato\u00efde, d'arthrose ou de goutte.<\/p>\n<p>Naproxen 250mg et Naproxen 500mg sont disponibles \u00e0 l'achat en ligne sur notre pharmacie en ligne. Si vous n'\u00eates pas s\u00fbr de la dose la plus appropri\u00e9e pour vous, notre m\u00e9decin en ligne peut d\u00e9terminer une dose ad\u00e9quate.<\/p>\n<h3>Comment fonctionne le Naproxen ?<\/h3>\n<p>Le naprox\u00e8ne appartient \u00e0 une classe de m\u00e9dicaments appel\u00e9s anti-inflammatoires non st\u00e9ro\u00efdiens (AINS). Ces m\u00e9dicaments sont utilis\u00e9s pour soulager la douleur et l'inflammation dans tout le corps.<\/p>\n<p>Le naprox\u00e8ne agit en inhibant une enzyme de votre organisme qui produit des substances appel\u00e9es prostaglandines. Les prostaglandines sont produites en r\u00e9ponse \u00e0 des l\u00e9sions tissulaires et provoquent des douleurs et des inflammations lorsqu'elles sont pr<a href=\"https:\/\/buy-prescriptionz.com\/fr\/\">e<\/a>sent.<\/p>\n<p>La synth\u00e8se des prostaglandines dans le corps est r\u00e9duite en bloquant une certaine enzyme appel\u00e9e cyclo-oxyg\u00e9nase (COX), ce qui r\u00e9duit la douleur et l'inflammation.<\/p>\n<p>Bien que vous puissiez vous sentir mieux dans l'heure qui suit la prise de naproxen, il peut falloir plusieurs jours pour atteindre une efficacit\u00e9 maximale s'il est pris quotidiennement.<\/p>\n<p>Vous cherchez un moyen pratique de g\u00e9rer la douleur et l'inflammation\u00a0? Les comprim\u00e9s de naprox\u00e8ne sont un choix populaire pour traiter des affections telles que l'arthrite, les douleurs musculaires et les crampes menstruelles. Sur buy-prescriptionz.com, nous proposons un moyen simple et s\u00e9curis\u00e9 d'acheter des comprim\u00e9s de naprox\u00e8ne en ligne.<\/p>\n<p><strong>Pourquoi choisir les comprim\u00e9s de Naprox\u00e8ne ?<\/strong><br \/>\nLe naprox\u00e8ne est un anti-inflammatoire non st\u00e9ro\u00efdien (AINS) qui aide \u00e0 r\u00e9duire l'inflammation et la douleur. Il est couramment utilis\u00e9 pour\u00a0:<br \/>\nSoulagement de l'arthrite<br \/>\nMuscle pain<br \/>\nMal au dos<br \/>\ncrampes menstruelles<br \/>\nMaux de t\u00eate<br \/>\nMal aux dents<\/p>\n<p>Avantages de l'achat de comprim\u00e9s de naprox\u00e8ne en ligne<br \/>\nCommodit\u00e9\u00a0: Acheter les meilleurs comprim\u00e9s de naprox\u00e8ne en ligne vous fait gagner du temps et vous \u00e9vite des tracas. Vous pouvez commander depuis chez vous et recevoir votre m\u00e9dicament directement chez vous.<\/p>\n<p>Processus de commande simplifi\u00e9\u00a0: Notre site web est convivial, vous permettant de trouver facilement le m\u00e9dicament dont vous avez besoin et de passer commande. Ajoutez simplement le produit souhait\u00e9 \u00e0 votre panier, finalisez le paiement et attendez votre livraison.<\/p>\n<p>Prix \u200b\u200bcomp\u00e9titifs\u00a0: Sur buy-prescriptionz.com, la meilleure pharmacie propose des comprim\u00e9s de naprox\u00e8ne \u00e0 des prix comp\u00e9titifs. Vous trouverez diff\u00e9rents dosages adapt\u00e9s \u00e0 vos besoins, \u00e0 des prix abordables.<\/p>\n<p>Informations d\u00e9taill\u00e9es sur le produit\u00a0: O\u00f9 puis-je acheter des comprim\u00e9s de naprox\u00e8ne\u00a0? Vous pouvez consulter les meilleures pharmacies en ligne, comme buy-prescriptionz.com, qui fournissent des informations compl\u00e8tes sur le produit, notamment la posologie, les effets secondaires et les instructions d'utilisation, pour vous aider \u00e0 prendre des d\u00e9cisions \u00e9clair\u00e9es.<\/p>\n<p>Discreet Packaging<\/p>\n<p>Votre vie priv\u00e9e est importante. Nous veillons \u00e0 ce que toutes les commandes soient exp\u00e9di\u00e9es dans un emballage discret, afin que vous puissiez recevoir vos m\u00e9dicaments sans g\u00eane ni regards indiscrets.<\/p>\n<p>Les pharmacies en ligne ont souvent un inventaire plus important que les magasins locaux, ce qui garantit que les meilleurs comprim\u00e9s de naprox\u00e8ne sont en stock lorsque vous en avez besoin, \u00e9vitant ainsi les retards dans votre traitement.<\/p>\n<p>24\/7 Availability<br \/>\nContrairement aux pharmacies traditionnelles, les pharmacies en ligne sont ouvertes 24 heures sur 24, 7 jours sur 7. Vous pouvez donc commander n'importe quand, m\u00eame en dehors des heures d'ouverture habituelles.<\/p>\n<h3 id=\"desc-content-2\" class=\"arrow-right-xs arrow-down-xs\">Comment dois-je prendre le Naproxen ?<\/h3>\n<p>Les comprim\u00e9s de naprox\u00e8ne se prennent deux fois par jour, avec ou apr\u00e8s un repas ou une collation. Chaque comprim\u00e9 doit \u00eatre pris avec un verre d'eau et aval\u00e9 entier.<\/p>\n<p>Prenez le moins de naprox\u00e8ne possible pendant la dur\u00e9e la plus courte possible. Lors de votre rendez-vous, notre m\u00e9decin en ligne vous prescrira la dose qui vous convient le mieux. Acheter des comprim\u00e9s de naprox\u00e8ne en ligne<\/p>\n<h3>Puis-je prendre du naprox\u00e8ne avec d\u2019autres m\u00e9dicaments\u00a0?<\/h3>\n<p>Vous ne devez pas utiliser le naprox\u00e8ne avec d\u2019autres analg\u00e9siques tels que l\u2019ibuprof\u00e8ne, mais vous pouvez le prendre avec de l\u2019ac\u00e9taminoph\u00e8ne ou un opio\u00efde en vente libre tel que le tramadol pendant une dur\u00e9e limit\u00e9e.<\/p>\n<p>En cas de doute sur les m\u00e9dicaments compatibles avec le naprox\u00e8ne, consultez votre m\u00e9decin ou votre pharmacien. Veuillez informer notre m\u00e9decin en ligne de tous les m\u00e9dicaments que vous prenez actuellement, y compris ceux prescrits par votre m\u00e9decin ou en vente libre, ainsi que les compl\u00e9ments alimentaires et les plantes m\u00e9dicinales, avant d'acheter du naprox\u00e8ne en ligne via notre service de prescription priv\u00e9.<\/p>\n<h2 id=\"desc-content-3\" class=\"arrow-right-xs arrow-down-xs\">Side effects and cautions<\/h2>\n<pre class=\"arrow-right-xs arrow-down-xs\">Le naprox\u00e8ne, comme tout autre m\u00e9dicament, peut entra\u00eener des effets ind\u00e9sirables. De plus, il peut \u00eatre adapt\u00e9 ou non \u00e0 votre situation. Avant de commander du naprox\u00e8ne aupr\u00e8s d'un m\u00e9decin, consultez votre m\u00e9decin pour vous assurer qu'il est sans danger pour vous.<\/pre>\n<p>Avant de commencer \u00e0 prendre du naprox\u00e8ne, assurez-vous de lire la notice d'emballage fournie avec votre ordonnance. Cette notice contient des informations importantes sur l'utilisation et la conservation du naprox\u00e8ne en toute s\u00e9curit\u00e9, la liste compl\u00e8te des effets secondaires, des ingr\u00e9dients et des contre-indications, ainsi que la conduite \u00e0 tenir en cas d'effet ind\u00e9sirable.<\/p>\n<p>Vous pouvez consulter la notice destin\u00e9e aux patients concernant le naprox\u00e8ne en ligne ici.<\/p>\n<h3>Qui ne devrait pas prendre de naprox\u00e8ne\u00a0?<\/h3>\n<p>Le naprox\u00e8ne ne convient pas \u00e0 tous. En cas de doute sur son innocuit\u00e9, consultez votre m\u00e9decin avant d'acheter du naprox\u00e8ne en ligne.<\/p>\n<p>Ne prenez pas de naprox\u00e8ne si vous\u00a0:<\/p>\n<ul>\n<li>\u00eates allergique \u00e0 l'aspirine ou \u00e0 d'autres AINS<\/li>\n<li>\u00eates allergique au naprox\u00e8ne ou \u00e0 l'un des autres ingr\u00e9dients mentionn\u00e9s dans la notice d'information destin\u00e9e aux patients<\/li>\n<li>a\u021bi avut dou\u0103 sau mai multe cazuri de ulcer peptic, s\u00e2ngerare sau perfora\u021bie a stomacului<\/li>\n<li>avez ou avez eu des ulc\u00e8res d'estomac, des ulc\u00e8res duod\u00e9naux, des saignements de l'estomac ou des intestins<\/li>\n<\/ul>\n<p>Si vous n\u2019\u00eates pas s\u00fbr que l\u2019un des cas ci-dessus s\u2019applique \u00e0 vous, parlez-en \u00e0 votre m\u00e9decin.<\/p>","protected":false},"excerpt":{"rendered":"<p>Buy Naproxen Tablets Online Buy Naproxen Tablets Online, Naproxen Tablets can be bought online from a reputable UK pharmacy. Renewing your Naproxen prescription is easy with our online private prescription service. Simply complete our online questionnaire which will be reviewed by our online doctor. If Naproxen is suitable for you, our online doctor will write [&hellip;]<\/p>","protected":false},"featured_media":3143,"comment_status":"open","ping_status":"closed","template":"","meta":{"site-sidebar-layout":"default","site-content-layout":"","ast-site-content-layout":"default","site-content-style":"default","site-sidebar-style":"default","ast-global-header-display":"","ast-banner-title-visibility":"","ast-main-header-display":"","ast-hfb-above-header-display":"","ast-hfb-below-header-display":"","ast-hfb-mobile-header-display":"","site-post-title":"","ast-breadcrumbs-content":"","ast-featured-img":"","footer-sml-layout":"","theme-transparent-header-meta":"default","adv-header-id-meta":"","stick-header-meta":"","header-above-stick-meta":"","header-main-stick-meta":"","header-below-stick-meta":"","astra-migrate-meta-layouts":"set","ast-page-background-enabled":"default","ast-page-background-meta":{"desktop":{"background-color":"var(--ast-global-color-4)","background-image":"","background-repeat":"repeat","background-position":"center center","background-size":"auto","background-attachment":"scroll","background-type":"","background-media":"","overlay-type":"","overlay-color":"","overlay-opacity":"","overlay-gradient":""},"tablet":{"background-color":"","background-image":"","background-repeat":"repeat","background-position":"center center","background-size":"auto","background-attachment":"scroll","background-type":"","background-media":"","overlay-type":"","overlay-color":"","overlay-opacity":"","overlay-gradient":""},"mobile":{"background-color":"","background-image":"","background-repeat":"repeat","background-position":"center center","background-size":"auto","background-attachment":"scroll","background-type":"","background-media":"","overlay-type":"","overlay-color":"","overlay-opacity":"","overlay-gradient":""}},"ast-content-background-meta":{"desktop":{"background-color":"var(--ast-global-color-5)","background-image":"","background-repeat":"repeat","background-position":"center center","background-size":"auto","background-attachment":"scroll","background-type":"","background-media":"","overlay-type":"","overlay-color":"","overlay-opacity":"","overlay-gradient":""},"tablet":{"background-color":"var(--ast-global-color-5)","background-image":"","background-repeat":"repeat","background-position":"center center","background-size":"auto","background-attachment":"scroll","background-type":"","background-media":"","overlay-type":"","overlay-color":"","overlay-opacity":"","overlay-gradient":""},"mobile":{"background-color":"var(--ast-global-color-5)","background-image":"","background-repeat":"repeat","background-position":"center center","background-size":"auto","background-attachment":"scroll","background-type":"","background-media":"","overlay-type":"","overlay-color":"","overlay-opacity":"","overlay-gradient":""}}},"product_brand":[],"product_cat":[15,2385,2146],"product_tag":[2268,2274,2267,2266,2277,2276,2272,2269,2275,2270,2278,2273,2271],"class_list":{"0":"post-3111","1":"product","2":"type-product","3":"status-publish","4":"has-post-thumbnail","6":"product_cat-buy-prescription-drugs","7":"product_cat-buy-pain-killer-pills-online","8":"product_cat-buy-cortamethasone-50ml-online","9":"product_tag-28-naproxen-500-mg-asda-naproxen","10":"product_tag-buy-naproxen-500-mg","11":"product_tag-buy-naproxen-boots","12":"product_tag-cheap-naproxen-500-mg","13":"product_tag-naproxen-220-mg","14":"product_tag-naproxen-500-mg-price","15":"product_tag-naproxen-500-mg-tablet-price","16":"product_tag-naproxen-amazon-uk","17":"product_tag-naproxen-for-sale","18":"product_tag-naproxen-price-uk","19":"product_tag-prescription-strength-naproxe","20":"product_tag-where-can-i-buy-naproxen","21":"product_tag-wockhardt-naproxen-500-mg","22":"desktop-align-center","23":"tablet-align-left","24":"mobile-align-left","26":"first","27":"instock","28":"shipping-taxable","29":"purchasable","30":"product-type-variable","31":"has-default-attributes"},"yoast_head":"<!-- This site is optimized with the Yoast SEO plugin v25.9 - https:\/\/yoast.com\/wordpress\/plugins\/seo\/ -->\n<title>Naproxen Tablets for Sale - Buy Naproxen Tablets Online<\/title>\n<meta name=\"description\" content=\"You can get Naproxen Tablets for sale at the best rates from our online store. We are here to help you buy Naproxen Tablets online. Connect with best store in town today!\" \/>\n<meta name=\"robots\" content=\"index, follow, max-snippet:-1, max-image-preview:large, max-video-preview:-1\" \/>\n<link rel=\"canonical\" href=\"https:\/\/buy-prescriptionz.com\/fr\/produit\/acheter-des-comprimes-de-naproxene-en-ligne\/\" \/>\n<meta property=\"og:locale\" content=\"fr_FR\" \/>\n<meta property=\"og:type\" content=\"article\" \/>\n<meta property=\"og:title\" content=\"Naproxen Tablets for Sale - Buy Naproxen Tablets Online\" \/>\n<meta property=\"og:description\" content=\"You can get Naproxen Tablets for sale at the best rates from our online store. We are here to help you buy Naproxen Tablets online. Connect with best store in town today!\" \/>\n<meta property=\"og:url\" content=\"https:\/\/buy-prescriptionz.com\/fr\/produit\/acheter-des-comprimes-de-naproxene-en-ligne\/\" \/>\n<meta property=\"og:site_name\" content=\"Buy Prescriptionz\" \/>\n<meta property=\"article:modified_time\" content=\"2025-09-23T07:05:30+00:00\" \/>\n<meta property=\"og:image\" content=\"https:\/\/buy-prescriptionz.com\/wp-content\/uploads\/2025\/09\/nnm.jpg\" \/>\n\t<meta property=\"og:image:width\" content=\"330\" \/>\n\t<meta property=\"og:image:height\" content=\"330\" \/>\n\t<meta property=\"og:image:type\" content=\"image\/jpeg\" \/>\n<meta name=\"twitter:card\" content=\"summary_large_image\" \/>\n<meta name=\"twitter:label1\" content=\"Dur\u00e9e de lecture estim\u00e9e\" \/>\n\t<meta name=\"twitter:data1\" content=\"4 minutes\" \/>\n<script type=\"application\/ld+json\" class=\"yoast-schema-graph\">{\"@context\":\"https:\/\/schema.org\",\"@graph\":[{\"@type\":\"WebPage\",\"@id\":\"https:\/\/buy-prescriptionz.com\/product\/buy-naproxen-tablets-online\/\",\"url\":\"https:\/\/buy-prescriptionz.com\/product\/buy-naproxen-tablets-online\/\",\"name\":\"Naproxen Tablets for Sale - Buy Naproxen Tablets Online\",\"isPartOf\":{\"@id\":\"https:\/\/buy-prescriptionz.com\/#website\"},\"primaryImageOfPage\":{\"@id\":\"https:\/\/buy-prescriptionz.com\/product\/buy-naproxen-tablets-online\/#primaryimage\"},\"image\":{\"@id\":\"https:\/\/buy-prescriptionz.com\/product\/buy-naproxen-tablets-online\/#primaryimage\"},\"thumbnailUrl\":\"https:\/\/buy-prescriptionz.com\/wp-content\/uploads\/2025\/09\/nnm.jpg\",\"datePublished\":\"2025-09-16T08:56:26+00:00\",\"dateModified\":\"2025-09-23T07:05:30+00:00\",\"description\":\"You can get Naproxen Tablets for sale at the best rates from our online store. We are here to help you buy Naproxen Tablets online. Connect with best store in town today!\",\"breadcrumb\":{\"@id\":\"https:\/\/buy-prescriptionz.com\/product\/buy-naproxen-tablets-online\/#breadcrumb\"},\"inLanguage\":\"fr-FR\",\"potentialAction\":[{\"@type\":\"ReadAction\",\"target\":[\"https:\/\/buy-prescriptionz.com\/product\/buy-naproxen-tablets-online\/\"]}]},{\"@type\":\"ImageObject\",\"inLanguage\":\"fr-FR\",\"@id\":\"https:\/\/buy-prescriptionz.com\/product\/buy-naproxen-tablets-online\/#primaryimage\",\"url\":\"https:\/\/buy-prescriptionz.com\/wp-content\/uploads\/2025\/09\/nnm.jpg\",\"contentUrl\":\"https:\/\/buy-prescriptionz.com\/wp-content\/uploads\/2025\/09\/nnm.jpg\",\"width\":330,\"height\":330},{\"@type\":\"BreadcrumbList\",\"@id\":\"https:\/\/buy-prescriptionz.com\/product\/buy-naproxen-tablets-online\/#breadcrumb\",\"itemListElement\":[{\"@type\":\"ListItem\",\"position\":1,\"name\":\"Home\",\"item\":\"https:\/\/buy-prescriptionz.com\/\"},{\"@type\":\"ListItem\",\"position\":2,\"name\":\"Shop Painkillers Online\",\"item\":\"https:\/\/buy-prescriptionz.com\/shop-painkillers-online\/\"},{\"@type\":\"ListItem\",\"position\":3,\"name\":\"Buy Naproxen Tablets Online\"}]},{\"@type\":\"WebSite\",\"@id\":\"https:\/\/buy-prescriptionz.com\/#website\",\"url\":\"https:\/\/buy-prescriptionz.com\/\",\"name\":\"Buy Prescriptionz\",\"description\":\"Drugs Online\",\"publisher\":{\"@id\":\"https:\/\/buy-prescriptionz.com\/#organization\"},\"potentialAction\":[{\"@type\":\"SearchAction\",\"target\":{\"@type\":\"EntryPoint\",\"urlTemplate\":\"https:\/\/buy-prescriptionz.com\/?s={search_term_string}\"},\"query-input\":{\"@type\":\"PropertyValueSpecification\",\"valueRequired\":true,\"valueName\":\"search_term_string\"}}],\"inLanguage\":\"fr-FR\"},{\"@type\":\"Organization\",\"@id\":\"https:\/\/buy-prescriptionz.com\/#organization\",\"name\":\"Buy Prescriptionz\",\"url\":\"https:\/\/buy-prescriptionz.com\/\",\"logo\":{\"@type\":\"ImageObject\",\"inLanguage\":\"fr-FR\",\"@id\":\"https:\/\/buy-prescriptionz.com\/#\/schema\/logo\/image\/\",\"url\":\"https:\/\/buy-prescriptionz.com\/wp-content\/uploads\/2023\/09\/logo.png\",\"contentUrl\":\"https:\/\/buy-prescriptionz.com\/wp-content\/uploads\/2023\/09\/logo.png\",\"width\":350,\"height\":64,\"caption\":\"Buy Prescriptionz\"},\"image\":{\"@id\":\"https:\/\/buy-prescriptionz.com\/#\/schema\/logo\/image\/\"}}]}<\/script>\n<!-- \/ Yoast SEO plugin. -->","yoast_head_json":{"title":"Comprim\u00e9s de naprox\u00e8ne \u00e0 vendre - Achetez des comprim\u00e9s de naprox\u00e8ne en ligne","description":"Vous pouvez acheter des comprim\u00e9s de naprox\u00e8ne aux meilleurs prix sur notre boutique en ligne. Nous sommes l\u00e0 pour vous aider \u00e0 acheter des comprim\u00e9s de naprox\u00e8ne en ligne. Contactez le meilleur magasin en ville d\u00e8s aujourd'hui\u00a0!","robots":{"index":"index","follow":"follow","max-snippet":"max-snippet:-1","max-image-preview":"max-image-preview:large","max-video-preview":"max-video-preview:-1"},"canonical":"https:\/\/buy-prescriptionz.com\/fr\/produit\/acheter-des-comprimes-de-naproxene-en-ligne\/","og_locale":"fr_FR","og_type":"article","og_title":"Naproxen Tablets for Sale - Buy Naproxen Tablets Online","og_description":"You can get Naproxen Tablets for sale at the best rates from our online store. We are here to help you buy Naproxen Tablets online. Connect with best store in town today!","og_url":"https:\/\/buy-prescriptionz.com\/fr\/produit\/acheter-des-comprimes-de-naproxene-en-ligne\/","og_site_name":"Buy Prescriptionz","article_modified_time":"2025-09-23T07:05:30+00:00","og_image":[{"width":330,"height":330,"url":"https:\/\/buy-prescriptionz.com\/wp-content\/uploads\/2025\/09\/nnm.jpg","type":"image\/jpeg"}],"twitter_card":"summary_large_image","twitter_misc":{"Dur\u00e9e de lecture estim\u00e9e":"4 minutes"},"schema":{"@context":"https:\/\/schema.org","@graph":[{"@type":"WebPage","@id":"https:\/\/buy-prescriptionz.com\/product\/buy-naproxen-tablets-online\/","url":"https:\/\/buy-prescriptionz.com\/product\/buy-naproxen-tablets-online\/","name":"Comprim\u00e9s de naprox\u00e8ne \u00e0 vendre - Achetez des comprim\u00e9s de naprox\u00e8ne en ligne","isPartOf":{"@id":"https:\/\/buy-prescriptionz.com\/#website"},"primaryImageOfPage":{"@id":"https:\/\/buy-prescriptionz.com\/product\/buy-naproxen-tablets-online\/#primaryimage"},"image":{"@id":"https:\/\/buy-prescriptionz.com\/product\/buy-naproxen-tablets-online\/#primaryimage"},"thumbnailUrl":"https:\/\/buy-prescriptionz.com\/wp-content\/uploads\/2025\/09\/nnm.jpg","datePublished":"2025-09-16T08:56:26+00:00","dateModified":"2025-09-23T07:05:30+00:00","description":"Vous pouvez acheter des comprim\u00e9s de naprox\u00e8ne aux meilleurs prix sur notre boutique en ligne. Nous sommes l\u00e0 pour vous aider \u00e0 acheter des comprim\u00e9s de naprox\u00e8ne en ligne. Contactez le meilleur magasin en ville d\u00e8s aujourd'hui\u00a0!","breadcrumb":{"@id":"https:\/\/buy-prescriptionz.com\/product\/buy-naproxen-tablets-online\/#breadcrumb"},"inLanguage":"fr-FR","potentialAction":[{"@type":"ReadAction","target":["https:\/\/buy-prescriptionz.com\/product\/buy-naproxen-tablets-online\/"]}]},{"@type":"ImageObject","inLanguage":"fr-FR","@id":"https:\/\/buy-prescriptionz.com\/product\/buy-naproxen-tablets-online\/#primaryimage","url":"https:\/\/buy-prescriptionz.com\/wp-content\/uploads\/2025\/09\/nnm.jpg","contentUrl":"https:\/\/buy-prescriptionz.com\/wp-content\/uploads\/2025\/09\/nnm.jpg","width":330,"height":330},{"@type":"BreadcrumbList","@id":"https:\/\/buy-prescriptionz.com\/product\/buy-naproxen-tablets-online\/#breadcrumb","itemListElement":[{"@type":"ListItem","position":1,"name":"Home","item":"https:\/\/buy-prescriptionz.com\/"},{"@type":"ListItem","position":2,"name":"Shop Painkillers Online","item":"https:\/\/buy-prescriptionz.com\/shop-painkillers-online\/"},{"@type":"ListItem","position":3,"name":"Buy Naproxen Tablets Online"}]},{"@type":"WebSite","@id":"https:\/\/buy-prescriptionz.com\/#website","url":"https:\/\/buy-prescriptionz.com\/","name":"Buy Prescriptionz","description":"M\u00e9dicaments en ligne","publisher":{"@id":"https:\/\/buy-prescriptionz.com\/#organization"},"potentialAction":[{"@type":"SearchAction","target":{"@type":"EntryPoint","urlTemplate":"https:\/\/buy-prescriptionz.com\/?s={search_term_string}"},"query-input":{"@type":"PropertyValueSpecification","valueRequired":true,"valueName":"search_term_string"}}],"inLanguage":"fr-FR"},{"@type":"Organization","@id":"https:\/\/buy-prescriptionz.com\/#organization","name":"Buy Prescriptionz","url":"https:\/\/buy-prescriptionz.com\/","logo":{"@type":"ImageObject","inLanguage":"fr-FR","@id":"https:\/\/buy-prescriptionz.com\/#\/schema\/logo\/image\/","url":"https:\/\/buy-prescriptionz.com\/wp-content\/uploads\/2023\/09\/logo.png","contentUrl":"https:\/\/buy-prescriptionz.com\/wp-content\/uploads\/2023\/09\/logo.png","width":350,"height":64,"caption":"Buy Prescriptionz"},"image":{"@id":"https:\/\/buy-prescriptionz.com\/#\/schema\/logo\/image\/"}}]}},"_links":{"self":[{"href":"https:\/\/buy-prescriptionz.com\/fr\/wp-json\/wp\/v2\/product\/3111","targetHints":{"allow":["GET"]}}],"collection":[{"href":"https:\/\/buy-prescriptionz.com\/fr\/wp-json\/wp\/v2\/product"}],"about":[{"href":"https:\/\/buy-prescriptionz.com\/fr\/wp-json\/wp\/v2\/types\/product"}],"replies":[{"embeddable":true,"href":"https:\/\/buy-prescriptionz.com\/fr\/wp-json\/wp\/v2\/comments?post=3111"}],"wp:featuredmedia":[{"embeddable":true,"href":"https:\/\/buy-prescriptionz.com\/fr\/wp-json\/wp\/v2\/media\/3143"}],"wp:attachment":[{"href":"https:\/\/buy-prescriptionz.com\/fr\/wp-json\/wp\/v2\/media?parent=3111"}],"wp:term":[{"taxonomy":"product_brand","embeddable":true,"href":"https:\/\/buy-prescriptionz.com\/fr\/wp-json\/wp\/v2\/product_brand?post=3111"},{"taxonomy":"product_cat","embeddable":true,"href":"https:\/\/buy-prescriptionz.com\/fr\/wp-json\/wp\/v2\/product_cat?post=3111"},{"taxonomy":"product_tag","embeddable":true,"href":"https:\/\/buy-prescriptionz.com\/fr\/wp-json\/wp\/v2\/product_tag?post=3111"}],"curies":[{"name":"wp","href":"https:\/\/api.w.org\/{rel}","templated":true}]}}