{"id":965,"date":"2019-04-12T17:48:19","date_gmt":"2019-04-12T17:48:19","guid":{"rendered":"https:\/\/buyprescriptionz.com\/?page_id=965"},"modified":"2019-04-12T17:52:15","modified_gmt":"2019-04-12T17:52:15","slug":"about-us","status":"publish","type":"page","link":"https:\/\/buy-prescriptionz.com\/hu\/about-us\/","title":{"rendered":"R\u00f3lunk"},"content":{"rendered":"<p style=\"text-align: justify;\">Buy Prescriptionz: Egy figyelemre m\u00e9lt\u00f3 gy\u00f3gyszer\u00e9szeti szervezet, amely Albanyban, NY 12223 (USA) tal\u00e1lhat\u00f3. Nagykeresked\u0151k, gy\u00e1rt\u00f3k, forgalmaz\u00f3k, keresked\u0151k, kiskeresked\u0151k \u00e9s export\u0151r\u00f6k vagyunk. \u00dczleti gyakorlatainkat alapvet\u0151en az Egyes\u00fclt \u00c1llamokban, Ausztr\u00e1li\u00e1ban, az Egyes\u00fclt Kir\u00e1lys\u00e1gban \u00e9s Eur\u00f3p\u00e1ban ir\u00e1ny\u00edtjuk.<\/p>\n<p style=\"text-align: justify;\">Ily m\u00f3don, ahogy ezekr\u0151l a gy\u00f3gyszerekr\u0151l vagy gy\u00f3gyszeripari term\u00e9kekr\u0151l besz\u00e9l\u00fcnk, ugyanolyan \u00e9rt\u00e9kesek, mint a vesz\u00e9lytelen.<\/p>\n<p style=\"text-align: justify;\">Az a megb\u00edzhat\u00f3 kapcsolat, amelyet \u00fcgyfeleinkt\u0151l \u00fczleti gyakorlatainkkal kiv\u00edvottunk, egyre ink\u00e1bb az \u00d6n Wellnesse fel\u00e9 visz el\u0151re. Ily m\u00f3don kiel\u00e9g\u00edtj\u00fck v\u00e1gyait.<\/p>\n<p style=\"text-align: justify;\">V\u00e1s\u00e1rl\u00e1s A Prescriptionz sz\u00edv\u00e9lyes k\u00f6rny\u00e9ket gy\u00e1rt, amely ter\u00e1pi\u00e1s gy\u00f3gyszerek sz\u00e9les sk\u00e1l\u00e1j\u00e1t sz\u00e1ll\u00edtja, teljes el\u0151vigy\u00e1zatoss\u00e1ggal. Mindenhol k\u00e9szen \u00e1llunk r\u00e1d, \u00e9s az \u00d6n eredm\u00e9nyek\u00e9nt itt vagyunk. \u00cdg\u00e9rj\u00fck, hogy minden term\u00e9k\u00fcnk v\u00e9dett, \u00e9s a min\u0151s\u00e9g rendben van.<\/p>\n<p style=\"text-align: justify;\"><strong>Els\u0151sorban az al\u00e1bbi term\u00e9kekkel foglalkozunk:<\/strong><\/p>\n<ul style=\"text-align: justify;\">\n<li>Anabolikus szteroidok<\/li>\n<li>V\u00e9nyk\u00f6teles gy\u00f3gyszerek<\/li>\n<li>Depressants and Anxiety<\/li>\n<li>Hallucinog\u00e9nek<\/li>\n<li>Marijuana and Hashish<\/li>\n<li>Opioidok<\/li>\n<li>Pills<\/li>\n<li>Stimul\u00e1nsok<\/li>\n<\/ul>\n<p style=\"text-align: justify;\">Adminisztr\u00e1ci\u00f3nk a vezet\u0151k s\u00falyosb\u00edt\u00e1sa, \u00e1tad\u00e1sa \u00fcgyint\u00e9z\u00e9s, valamint a gy\u00f3gyszerspecialista konferencia. Ami az \u00d6n j\u00f3l\u00e9t\u00e9t szolg\u00e1lja.<\/p>\n<p style=\"text-align: justify;\">A Buy Prescriptionz szervezet\u00fcnk egyen\u00e9rt\u00e9k\u0171 az \u00f6sszes nyitott ajt\u00f3val, f\u00fcggetlen\u00fcl att\u00f3l, hogy mi az \u00e1llapot, nem, j\u00f3l\u00e9ti \u00e1llapot, nyelv, vall\u00e1s, \u00e9letkor \u00e9s szexu\u00e1lis bemutatkoz\u00e1s. Bemutatjuk \u00d6nnel \u00e9s \u00e1ltal\u00e1ban az \u00d6n sz\u00e1m\u00e1ra.<\/p>\n<p style=\"text-align: justify;\">Munkat\u00e1rsaink a legjobb adminisztr\u00e1ci\u00f3t \u00e9s min\u0151s\u00e9get biztos\u00edtj\u00e1k \u00d6nnek. Ennek megfelel\u0151en az \u00d6n ig\u00e9nyeinek megfelel\u0151 munkaer\u0151t kapunk. Munkat\u00e1rsainkat \u00e1ltal\u00e1noss\u00e1gban el\u0151ny\u00f6sen \u00e9s friss\u00edtve k\u00e9sz\u00edtett\u00fck fel az \u00d6n sz\u00e1m\u00e1ra azzal a c\u00e9llal, hogy a legjobbat tudjuk ny\u00fajtani. Mi az \u00d6n idej\u00e9vel \u00e9s j\u00f3l\u00e9t\u00e9vel foglalkozunk, ez a sz\u00e1nd\u00e9kunk.<\/p>\n<p style=\"text-align: justify;\">C\u00e9lunk, hogy a legjobb min\u0151s\u00e9g\u0171 drog\u00e9ri\u00e1s kezel\u00e9st \u00e9s biztons\u00e1gos gy\u00f3gyszeres kezel\u00e9st k\u00f6zvet\u00edts\u00fcnk az \u00d6n nagyszer\u0171 j\u00f3l\u00e9ti c\u00e9ljaival. Hozz\u00e1\u00e9rt\u0151k vagyunk.<\/p>\n<p style=\"text-align: justify;\">Gondoskodunk arr\u00f3l, hogy \u00fcgyint\u00e9z\u00e9s\u00fcnk m\u00e9rt\u00e9ktart\u00f3 legyen, \u00e9s b\u00e1rmikor \u00e9s b\u00e1rhol v\u00e1s\u00e1rolhasson. Nem alkudunk a j\u00f3l\u00e9teddel.<\/p>\n<p style=\"text-align: justify;\">A k\u00f6zeli V\u00e1s\u00e1rl\u00e1s Prescriptionz h\u00e1l\u00f3zatunkkal kapcsolatban \u00e9rtse meg, hogy milyen elv\u00e1r\u00e1sai vannak a d\u00f6bbenetes megfontol\u00e1snak. Ezen a vonalon, hogy ne kelljen utazni vagy t\u00f6bbet \u00e9rdekl\u0151dni.<\/p>\n<p style=\"text-align: justify;\">Val\u00f3ban, m\u00e9g mi is azt gondoljuk, hogy a k\u00f6zeli h\u00e1l\u00f3zat sz\u00e1m\u00e1ra a drog\u00e9ri\u00e1ban gy\u00e1rtottuk ismerts\u00e9g\u00fcnket \u00e9s nev\u00fcnket.<\/p>\n<p style=\"text-align: justify;\">Hihetetlen er\u0151fesz\u00edt\u00e9seinkkel adminisztr\u00e1ci\u00f3nkat a legjobban tessz\u00fck az \u00d6n sz\u00e1m\u00e1ra.<\/p>\n<p style=\"text-align: justify;\">Az \u00d6n bizalma, a mi er\u0151fesz\u00edt\u00e9seink.<\/p>\n<p style=\"text-align: justify;\"><strong>B\u00c1RMILYEN TOV\u00c1BBI K\u00c9RD\u00c9S\u00c9RT VAGY R\u00c9SZLET\u00c9RT KAPCSOLATBAN IS KAPCSOLATOT KEREShet VEL\u00dcNK A k\u00f6vetkez\u0151 c\u00edmen:<\/strong><\/p>\n<p style=\"text-align: justify;\"><strong>C\u00edm:<\/strong> 115 Fire Access Road, Albany, NY 12223 (USA)<\/p>\n<p style=\"text-align: justify;\"><strong>E-mail:<\/strong> info@buy-prescriptionz.com<\/p>\n<p style=\"text-align: justify;\"><strong>H\u00edv\u00e1s\/WhatsApp:<\/strong> +1 (510) 972-3097<\/p>","protected":false},"excerpt":{"rendered":"<p>Buy Prescriptionz: A notable pharmaceutical organization that is set up in Albany, NY 12223 (USA). We are Wholesaler, Manufacturer, Distributor, Trader, Retailer, and Exporter. We fundamentally direct our business exercises in the USA, Australia, United Kingdom, and Europe. In this way, as we talk about these medications or pharmaceutical item they are valuable just as [&hellip;]<\/p>","protected":false},"author":1,"featured_media":0,"parent":0,"menu_order":0,"comment_status":"open","ping_status":"open","template":"","meta":{"site-sidebar-layout":"default","site-content-layout":"","ast-site-content-layout":"default","site-content-style":"default","site-sidebar-style":"default","ast-global-header-display":"","ast-banner-title-visibility":"","ast-main-header-display":"","ast-hfb-above-header-display":"","ast-hfb-below-header-display":"","ast-hfb-mobile-header-display":"","site-post-title":"","ast-breadcrumbs-content":"","ast-featured-img":"","footer-sml-layout":"","theme-transparent-header-meta":"","adv-header-id-meta":"","stick-header-meta":"","header-above-stick-meta":"","header-main-stick-meta":"","header-below-stick-meta":"","astra-migrate-meta-layouts":"default","ast-page-background-enabled":"default","ast-page-background-meta":{"desktop":{"background-color":"var(--ast-global-color-4)","background-image":"","background-repeat":"repeat","background-position":"center center","background-size":"auto","background-attachment":"scroll","background-type":"","background-media":"","overlay-type":"","overlay-color":"","overlay-opacity":"","overlay-gradient":""},"tablet":{"background-color":"","background-image":"","background-repeat":"repeat","background-position":"center center","background-size":"auto","background-attachment":"scroll","background-type":"","background-media":"","overlay-type":"","overlay-color":"","overlay-opacity":"","overlay-gradient":""},"mobile":{"background-color":"","background-image":"","background-repeat":"repeat","background-position":"center center","background-size":"auto","background-attachment":"scroll","background-type":"","background-media":"","overlay-type":"","overlay-color":"","overlay-opacity":"","overlay-gradient":""}},"ast-content-background-meta":{"desktop":{"background-color":"var(--ast-global-color-5)","background-image":"","background-repeat":"repeat","background-position":"center center","background-size":"auto","background-attachment":"scroll","background-type":"","background-media":"","overlay-type":"","overlay-color":"","overlay-opacity":"","overlay-gradient":""},"tablet":{"background-color":"var(--ast-global-color-5)","background-image":"","background-repeat":"repeat","background-position":"center center","background-size":"auto","background-attachment":"scroll","background-type":"","background-media":"","overlay-type":"","overlay-color":"","overlay-opacity":"","overlay-gradient":""},"mobile":{"background-color":"var(--ast-global-color-5)","background-image":"","background-repeat":"repeat","background-position":"center center","background-size":"auto","background-attachment":"scroll","background-type":"","background-media":"","overlay-type":"","overlay-color":"","overlay-opacity":"","overlay-gradient":""}},"footnotes":""},"class_list":["post-965","page","type-page","status-publish","hentry"],"yoast_head":"<!-- This site is optimized with the Yoast SEO plugin v25.9 - https:\/\/yoast.com\/wordpress\/plugins\/seo\/ -->\n<title>About us - Buy Prescriptionz<\/title>\n<meta name=\"robots\" content=\"index, follow, max-snippet:-1, max-image-preview:large, max-video-preview:-1\" \/>\n<link rel=\"canonical\" href=\"https:\/\/buy-prescriptionz.com\/hu\/about-us\/\" \/>\n<meta property=\"og:locale\" content=\"hu_HU\" \/>\n<meta property=\"og:type\" content=\"article\" \/>\n<meta property=\"og:title\" content=\"About us - Buy Prescriptionz\" \/>\n<meta property=\"og:description\" content=\"Buy Prescriptionz: A notable pharmaceutical organization that is set up in Albany, NY 12223 (USA). We are Wholesaler, Manufacturer, Distributor, Trader, Retailer, and Exporter. We fundamentally direct our business exercises in the USA, Australia, United Kingdom, and Europe. In this way, as we talk about these medications or pharmaceutical item they are valuable just as [&hellip;]\" \/>\n<meta property=\"og:url\" content=\"https:\/\/buy-prescriptionz.com\/hu\/about-us\/\" \/>\n<meta property=\"og:site_name\" content=\"Buy Prescriptionz\" \/>\n<meta property=\"article:modified_time\" content=\"2019-04-12T17:52:15+00:00\" \/>\n<meta name=\"twitter:card\" content=\"summary_large_image\" \/>\n<meta name=\"twitter:label1\" content=\"Becs\u00fclt olvas\u00e1si id\u0151\" \/>\n\t<meta name=\"twitter:data1\" content=\"2 perc\" \/>\n<script type=\"application\/ld+json\" class=\"yoast-schema-graph\">{\"@context\":\"https:\/\/schema.org\",\"@graph\":[{\"@type\":\"WebPage\",\"@id\":\"https:\/\/buy-prescriptionz.com\/about-us\/\",\"url\":\"https:\/\/buy-prescriptionz.com\/about-us\/\",\"name\":\"About us - Buy Prescriptionz\",\"isPartOf\":{\"@id\":\"https:\/\/buy-prescriptionz.com\/#website\"},\"datePublished\":\"2019-04-12T17:48:19+00:00\",\"dateModified\":\"2019-04-12T17:52:15+00:00\",\"breadcrumb\":{\"@id\":\"https:\/\/buy-prescriptionz.com\/about-us\/#breadcrumb\"},\"inLanguage\":\"hu\",\"potentialAction\":[{\"@type\":\"ReadAction\",\"target\":[\"https:\/\/buy-prescriptionz.com\/about-us\/\"]}]},{\"@type\":\"BreadcrumbList\",\"@id\":\"https:\/\/buy-prescriptionz.com\/about-us\/#breadcrumb\",\"itemListElement\":[{\"@type\":\"ListItem\",\"position\":1,\"name\":\"Home\",\"item\":\"https:\/\/buy-prescriptionz.com\/\"},{\"@type\":\"ListItem\",\"position\":2,\"name\":\"About us\"}]},{\"@type\":\"WebSite\",\"@id\":\"https:\/\/buy-prescriptionz.com\/#website\",\"url\":\"https:\/\/buy-prescriptionz.com\/\",\"name\":\"Buy Prescriptionz\",\"description\":\"Drugs Online\",\"publisher\":{\"@id\":\"https:\/\/buy-prescriptionz.com\/#organization\"},\"potentialAction\":[{\"@type\":\"SearchAction\",\"target\":{\"@type\":\"EntryPoint\",\"urlTemplate\":\"https:\/\/buy-prescriptionz.com\/?s={search_term_string}\"},\"query-input\":{\"@type\":\"PropertyValueSpecification\",\"valueRequired\":true,\"valueName\":\"search_term_string\"}}],\"inLanguage\":\"hu\"},{\"@type\":\"Organization\",\"@id\":\"https:\/\/buy-prescriptionz.com\/#organization\",\"name\":\"Buy Prescriptionz\",\"url\":\"https:\/\/buy-prescriptionz.com\/\",\"logo\":{\"@type\":\"ImageObject\",\"inLanguage\":\"hu\",\"@id\":\"https:\/\/buy-prescriptionz.com\/#\/schema\/logo\/image\/\",\"url\":\"https:\/\/buy-prescriptionz.com\/wp-content\/uploads\/2023\/09\/logo.png\",\"contentUrl\":\"https:\/\/buy-prescriptionz.com\/wp-content\/uploads\/2023\/09\/logo.png\",\"width\":350,\"height\":64,\"caption\":\"Buy Prescriptionz\"},\"image\":{\"@id\":\"https:\/\/buy-prescriptionz.com\/#\/schema\/logo\/image\/\"}}]}<\/script>\n<!-- \/ Yoast SEO plugin. -->","yoast_head_json":{"title":"About us - Buy Prescriptionz","robots":{"index":"index","follow":"follow","max-snippet":"max-snippet:-1","max-image-preview":"max-image-preview:large","max-video-preview":"max-video-preview:-1"},"canonical":"https:\/\/buy-prescriptionz.com\/hu\/about-us\/","og_locale":"hu_HU","og_type":"article","og_title":"About us - Buy Prescriptionz","og_description":"Buy Prescriptionz: A notable pharmaceutical organization that is set up in Albany, NY 12223 (USA). We are Wholesaler, Manufacturer, Distributor, Trader, Retailer, and Exporter. We fundamentally direct our business exercises in the USA, Australia, United Kingdom, and Europe. In this way, as we talk about these medications or pharmaceutical item they are valuable just as [&hellip;]","og_url":"https:\/\/buy-prescriptionz.com\/hu\/about-us\/","og_site_name":"Buy Prescriptionz","article_modified_time":"2019-04-12T17:52:15+00:00","twitter_card":"summary_large_image","twitter_misc":{"Becs\u00fclt olvas\u00e1si id\u0151":"2 perc"},"schema":{"@context":"https:\/\/schema.org","@graph":[{"@type":"WebPage","@id":"https:\/\/buy-prescriptionz.com\/about-us\/","url":"https:\/\/buy-prescriptionz.com\/about-us\/","name":"About us - Buy Prescriptionz","isPartOf":{"@id":"https:\/\/buy-prescriptionz.com\/#website"},"datePublished":"2019-04-12T17:48:19+00:00","dateModified":"2019-04-12T17:52:15+00:00","breadcrumb":{"@id":"https:\/\/buy-prescriptionz.com\/about-us\/#breadcrumb"},"inLanguage":"hu","potentialAction":[{"@type":"ReadAction","target":["https:\/\/buy-prescriptionz.com\/about-us\/"]}]},{"@type":"BreadcrumbList","@id":"https:\/\/buy-prescriptionz.com\/about-us\/#breadcrumb","itemListElement":[{"@type":"ListItem","position":1,"name":"Home","item":"https:\/\/buy-prescriptionz.com\/"},{"@type":"ListItem","position":2,"name":"About us"}]},{"@type":"WebSite","@id":"https:\/\/buy-prescriptionz.com\/#website","url":"https:\/\/buy-prescriptionz.com\/","name":"Buy Prescriptionz","description":"Online gy\u00f3gyszerek","publisher":{"@id":"https:\/\/buy-prescriptionz.com\/#organization"},"potentialAction":[{"@type":"SearchAction","target":{"@type":"EntryPoint","urlTemplate":"https:\/\/buy-prescriptionz.com\/?s={search_term_string}"},"query-input":{"@type":"PropertyValueSpecification","valueRequired":true,"valueName":"search_term_string"}}],"inLanguage":"hu"},{"@type":"Organization","@id":"https:\/\/buy-prescriptionz.com\/#organization","name":"Buy Prescriptionz","url":"https:\/\/buy-prescriptionz.com\/","logo":{"@type":"ImageObject","inLanguage":"hu","@id":"https:\/\/buy-prescriptionz.com\/#\/schema\/logo\/image\/","url":"https:\/\/buy-prescriptionz.com\/wp-content\/uploads\/2023\/09\/logo.png","contentUrl":"https:\/\/buy-prescriptionz.com\/wp-content\/uploads\/2023\/09\/logo.png","width":350,"height":64,"caption":"Buy Prescriptionz"},"image":{"@id":"https:\/\/buy-prescriptionz.com\/#\/schema\/logo\/image\/"}}]}},"_links":{"self":[{"href":"https:\/\/buy-prescriptionz.com\/hu\/wp-json\/wp\/v2\/pages\/965","targetHints":{"allow":["GET"]}}],"collection":[{"href":"https:\/\/buy-prescriptionz.com\/hu\/wp-json\/wp\/v2\/pages"}],"about":[{"href":"https:\/\/buy-prescriptionz.com\/hu\/wp-json\/wp\/v2\/types\/page"}],"author":[{"embeddable":true,"href":"https:\/\/buy-prescriptionz.com\/hu\/wp-json\/wp\/v2\/users\/1"}],"replies":[{"embeddable":true,"href":"https:\/\/buy-prescriptionz.com\/hu\/wp-json\/wp\/v2\/comments?post=965"}],"version-history":[{"count":0,"href":"https:\/\/buy-prescriptionz.com\/hu\/wp-json\/wp\/v2\/pages\/965\/revisions"}],"wp:attachment":[{"href":"https:\/\/buy-prescriptionz.com\/hu\/wp-json\/wp\/v2\/media?parent=965"}],"curies":[{"name":"wp","href":"https:\/\/api.w.org\/{rel}","templated":true}]}}