{"id":976,"date":"2019-05-08T05:42:12","date_gmt":"2019-05-08T05:42:12","guid":{"rendered":"https:\/\/buyprescriptionz.com\/?page_id=976"},"modified":"2019-05-08T05:42:12","modified_gmt":"2019-05-08T05:42:12","slug":"actavis-promethazine","status":"publish","type":"page","link":"https:\/\/buy-prescriptionz.com\/hu\/actavis-promethazine\/","title":{"rendered":"Actavis Promethazine"},"content":{"rendered":"<p style=\"text-align: justify;\"><strong>Actavis Promethazine online v\u00e1s\u00e1rl\u00e1sa\u00a0<\/strong>as<strong>\u00a0<\/strong>Promethazine with Codeine, a lila ital<\/p>\n<p style=\"text-align: justify;\">A Promethazine egy eredeti antihisztamin kapott. Haszn\u00e1lj\u00e1k t\u00fal\u00e9rz\u00e9kenys\u00e9g, nyugalmi zavarok \u00e9s h\u00e1nyinger kezel\u00e9s\u00e9re. Ez lehet a nyugtat\u00f3 egy\u00e9nek, akik feld\u00falt vagy szorong\u00f3. Sz\u00e1jon \u00e1t szirupk\u00e9nt, v\u00e9gb\u00e9lk\u00fapk\u00e9nt vagy izomba adott inf\u00fazi\u00f3val hozz\u00e1f\u00e9rhet\u0151. Most,\u00a0<strong>v\u00e1s\u00e1rolni Actavis Promethazine olcs\u00f3n\u00a0<\/strong>2-4 napon bel\u00fcl az \u00d6n hely\u00e9re sz\u00e1ll\u00edtjuk.<\/p>\n<h3 style=\"text-align: justify;\">Tudja T\u00f6rt\u00e9net v\u00e1s\u00e1rolni Actavis Promethazine<\/h3>\n<p style=\"text-align: justify;\">A prometazint az 1940-es \u00e9vekben a Rh\u00f4ne-Poulenc laborat\u00f3riumok kutat\u00f3inak csoportja k\u00e9sz\u00edtette. Ez egy hagyom\u00e1nyos gy\u00f3gyszer, \u00e9s vil\u00e1gszerte sz\u00e1mos m\u00e1rkan\u00e9v alatt el\u00e9rhet\u0151. A Buyprescriptionz.com oldalon megfizethet\u0151 \u00e1ron hozzuk vissza a piacra a kedvenc kever\u00e9ket, \u00e9s \u00d6n\u00a0<strong>Actavis Promethazine online rendel\u00e9se.<\/strong><\/p>\n<p style=\"text-align: justify;\">A kodein egy nyugtat\u00f3, amelyet f\u00e1jdalom \u00e9s hasmen\u00e9s kezel\u00e9s\u00e9re haszn\u00e1lnak. \u00c1ltal\u00e1ban intenz\u00edv f\u00e1jdalom enyh\u00edt\u00e9s\u00e9re haszn\u00e1lj\u00e1k. A paracetamollal (acetaminofen) vagy egy enyh\u00edt\u0151 nem szteroid gy\u00f3gyszerrel fokozza annak hasznosul\u00e1s\u00e1t fiatalok \u00e9s feln\u0151ttek \u00e9rzelmi \u00e9lm\u00e9nyeihez \u2013 Actavis<strong>\u00a0Prometazin elad\u00f3\u00a0<\/strong>a Buyprescriptionz.com oldalon hihetetlen \u00e1rakon \u00e9s \u00f6mlesztve.<\/p>\n<h3 style=\"text-align: justify;\">Az Actavis Promethazine Online t\u00f6rv\u00e9nyes besz\u00e1ll\u00edt\u00f3ja<\/h3>\n<p style=\"text-align: justify;\">A Buyprescriptionz.com palackonk\u00e9nt 5 ml-es kodeint tartalmaz\u00f3 lila italt vagy Actavis Promethazine-t sz\u00e1ll\u00edt vil\u00e1gszerte. tudsz\u00a0<strong>v\u00e1s\u00e1roljon Actavis Promethazine-t orvos n\u00e9lk\u00fcl\u00a0<\/strong>a Buyprescriptionz Online-Apotheke oldalon.<\/p>\n<p style=\"text-align: justify;\">Az \u00f6sszetev\u0151k r\u00e1\u00a0<strong>V\u00e1s\u00e1rl\u00e1s\u00a0<\/strong>nak,-nek\u00a0<strong>Actavis Promethazine online:<\/strong><\/p>\n<ul style=\"text-align: justify;\">\n<li>Prometazin-hidroklorid: 6,25 mg<\/li>\n<li>Kodein-foszf\u00e1t: 10 mg<\/li>\n<li>Alkohol: 7 sz\u00e1zal\u00e9k<\/li>\n<li>\u00c9rv\u00e9nyess\u00e9g: 2 \u00e9v<\/li>\n<li>El\u00e9rhet\u0151s\u00e9g: 1622-62-44 8 uncia (150 USD), 16 uncia (220 USD) \u00e9s 32 uncia (330 USD)<\/li>\n<\/ul>\n<p style=\"text-align: justify;\"><strong>Hogyan v\u00e1s\u00e1roljunk Actavis Promethazine-t online\u00a0<\/strong>\u00e9s\u00a0<strong>hol lehet online v\u00e1s\u00e1rolni\u00a0<\/strong>elfogadhat\u00f3 \u00e1ron ez j\u00e1r a fej\u00e9ben az oldal olvas\u00e1sa k\u00f6zben. Nos, n\u00e1lunk el\u00e9rhet\u0151 kedvenc lila italod\u00a0<strong>gyors \u00e9s biztons\u00e1gos sz\u00e1ll\u00edt\u00e1si szolg\u00e1ltat\u00e1s\u00a0<\/strong>ez is kb\u00a0<strong>v\u00e1s\u00e1rl\u00e1s diszkr\u00e9t csomagol\u00e1ssal.<\/strong><\/p>\n<p style=\"text-align: justify;\">Megvan a\u00a0<strong>gyors \u00e9s biztons\u00e1gos sz\u00e1ll\u00edt\u00e1si szolg\u00e1ltat\u00e1s\u00a0<\/strong>UPS-en, Express Delivery-n, FedEx-en \u00e9s EMS-en kereszt\u00fcl.\u00a0<strong>V\u00e1s\u00e1roljon recept n\u00e9lk\u00fcl\u00a0<\/strong>the<strong>\u00a0<\/strong>er\u0151s prometazin-hidroklorid, amely feh\u00e9rt\u0151l halv\u00e1nys\u00e1rg\u00e1ig terjed, minden c\u00e9lra illatmentes, krist\u00e1lyos por kodeinnel keverve. M\u00e9rs\u00e9kelt oxid\u00e1ci\u00f3t tartunk fenn. Hidroklorids\u00f3ja v\u00edzben oldhat\u00f3, \u00e9s bizonyos fokig l\u00fagban old\u00f3dik.<\/p>","protected":false},"excerpt":{"rendered":"<p>Buy Actavis Promethazine online\u00a0as\u00a0Promethazine with Codeine, the purple drink Promethazine is an original antihistamine obtained. It is in use to treat hypersensitivities, trouble resting, and nausea. It might be for quieting individuals who are upset or anxious. It is accessible by mouth as a syrup, as a rectal suppository, or by infusion into a muscle. [&hellip;]<\/p>","protected":false},"author":1,"featured_media":0,"parent":0,"menu_order":0,"comment_status":"open","ping_status":"open","template":"","meta":{"site-sidebar-layout":"default","site-content-layout":"","ast-site-content-layout":"default","site-content-style":"default","site-sidebar-style":"default","ast-global-header-display":"","ast-banner-title-visibility":"","ast-main-header-display":"","ast-hfb-above-header-display":"","ast-hfb-below-header-display":"","ast-hfb-mobile-header-display":"","site-post-title":"","ast-breadcrumbs-content":"","ast-featured-img":"","footer-sml-layout":"","theme-transparent-header-meta":"","adv-header-id-meta":"","stick-header-meta":"","header-above-stick-meta":"","header-main-stick-meta":"","header-below-stick-meta":"","astra-migrate-meta-layouts":"default","ast-page-background-enabled":"default","ast-page-background-meta":{"desktop":{"background-color":"var(--ast-global-color-4)","background-image":"","background-repeat":"repeat","background-position":"center center","background-size":"auto","background-attachment":"scroll","background-type":"","background-media":"","overlay-type":"","overlay-color":"","overlay-opacity":"","overlay-gradient":""},"tablet":{"background-color":"","background-image":"","background-repeat":"repeat","background-position":"center center","background-size":"auto","background-attachment":"scroll","background-type":"","background-media":"","overlay-type":"","overlay-color":"","overlay-opacity":"","overlay-gradient":""},"mobile":{"background-color":"","background-image":"","background-repeat":"repeat","background-position":"center center","background-size":"auto","background-attachment":"scroll","background-type":"","background-media":"","overlay-type":"","overlay-color":"","overlay-opacity":"","overlay-gradient":""}},"ast-content-background-meta":{"desktop":{"background-color":"var(--ast-global-color-5)","background-image":"","background-repeat":"repeat","background-position":"center center","background-size":"auto","background-attachment":"scroll","background-type":"","background-media":"","overlay-type":"","overlay-color":"","overlay-opacity":"","overlay-gradient":""},"tablet":{"background-color":"var(--ast-global-color-5)","background-image":"","background-repeat":"repeat","background-position":"center center","background-size":"auto","background-attachment":"scroll","background-type":"","background-media":"","overlay-type":"","overlay-color":"","overlay-opacity":"","overlay-gradient":""},"mobile":{"background-color":"var(--ast-global-color-5)","background-image":"","background-repeat":"repeat","background-position":"center center","background-size":"auto","background-attachment":"scroll","background-type":"","background-media":"","overlay-type":"","overlay-color":"","overlay-opacity":"","overlay-gradient":""}},"footnotes":""},"class_list":["post-976","page","type-page","status-publish","hentry"],"yoast_head":"<!-- This site is optimized with the Yoast SEO plugin v25.9 - https:\/\/yoast.com\/wordpress\/plugins\/seo\/ -->\n<title>Actavis Promethazine - Buy Prescriptionz<\/title>\n<meta name=\"robots\" content=\"index, follow, max-snippet:-1, max-image-preview:large, max-video-preview:-1\" \/>\n<link rel=\"canonical\" href=\"https:\/\/buy-prescriptionz.com\/hu\/actavis-promethazine\/\" \/>\n<meta property=\"og:locale\" content=\"hu_HU\" \/>\n<meta property=\"og:type\" content=\"article\" \/>\n<meta property=\"og:title\" content=\"Actavis Promethazine - Buy Prescriptionz\" \/>\n<meta property=\"og:description\" content=\"Buy Actavis Promethazine online\u00a0as\u00a0Promethazine with Codeine, the purple drink Promethazine is an original antihistamine obtained. It is in use to treat hypersensitivities, trouble resting, and nausea. It might be for quieting individuals who are upset or anxious. It is accessible by mouth as a syrup, as a rectal suppository, or by infusion into a muscle. [&hellip;]\" \/>\n<meta property=\"og:url\" content=\"https:\/\/buy-prescriptionz.com\/hu\/actavis-promethazine\/\" \/>\n<meta property=\"og:site_name\" content=\"Buy Prescriptionz\" \/>\n<meta name=\"twitter:card\" content=\"summary_large_image\" \/>\n<meta name=\"twitter:label1\" content=\"Becs\u00fclt olvas\u00e1si id\u0151\" \/>\n\t<meta name=\"twitter:data1\" content=\"2 perc\" \/>\n<script type=\"application\/ld+json\" class=\"yoast-schema-graph\">{\"@context\":\"https:\/\/schema.org\",\"@graph\":[{\"@type\":\"WebPage\",\"@id\":\"https:\/\/buy-prescriptionz.com\/actavis-promethazine\/\",\"url\":\"https:\/\/buy-prescriptionz.com\/actavis-promethazine\/\",\"name\":\"Actavis Promethazine - Buy Prescriptionz\",\"isPartOf\":{\"@id\":\"https:\/\/buy-prescriptionz.com\/#website\"},\"datePublished\":\"2019-05-08T05:42:12+00:00\",\"breadcrumb\":{\"@id\":\"https:\/\/buy-prescriptionz.com\/actavis-promethazine\/#breadcrumb\"},\"inLanguage\":\"hu\",\"potentialAction\":[{\"@type\":\"ReadAction\",\"target\":[\"https:\/\/buy-prescriptionz.com\/actavis-promethazine\/\"]}]},{\"@type\":\"BreadcrumbList\",\"@id\":\"https:\/\/buy-prescriptionz.com\/actavis-promethazine\/#breadcrumb\",\"itemListElement\":[{\"@type\":\"ListItem\",\"position\":1,\"name\":\"Home\",\"item\":\"https:\/\/buy-prescriptionz.com\/\"},{\"@type\":\"ListItem\",\"position\":2,\"name\":\"Actavis Promethazine\"}]},{\"@type\":\"WebSite\",\"@id\":\"https:\/\/buy-prescriptionz.com\/#website\",\"url\":\"https:\/\/buy-prescriptionz.com\/\",\"name\":\"Buy Prescriptionz\",\"description\":\"Drugs Online\",\"publisher\":{\"@id\":\"https:\/\/buy-prescriptionz.com\/#organization\"},\"potentialAction\":[{\"@type\":\"SearchAction\",\"target\":{\"@type\":\"EntryPoint\",\"urlTemplate\":\"https:\/\/buy-prescriptionz.com\/?s={search_term_string}\"},\"query-input\":{\"@type\":\"PropertyValueSpecification\",\"valueRequired\":true,\"valueName\":\"search_term_string\"}}],\"inLanguage\":\"hu\"},{\"@type\":\"Organization\",\"@id\":\"https:\/\/buy-prescriptionz.com\/#organization\",\"name\":\"Buy Prescriptionz\",\"url\":\"https:\/\/buy-prescriptionz.com\/\",\"logo\":{\"@type\":\"ImageObject\",\"inLanguage\":\"hu\",\"@id\":\"https:\/\/buy-prescriptionz.com\/#\/schema\/logo\/image\/\",\"url\":\"https:\/\/buy-prescriptionz.com\/wp-content\/uploads\/2023\/09\/logo.png\",\"contentUrl\":\"https:\/\/buy-prescriptionz.com\/wp-content\/uploads\/2023\/09\/logo.png\",\"width\":350,\"height\":64,\"caption\":\"Buy Prescriptionz\"},\"image\":{\"@id\":\"https:\/\/buy-prescriptionz.com\/#\/schema\/logo\/image\/\"}}]}<\/script>\n<!-- \/ Yoast SEO plugin. -->","yoast_head_json":{"title":"Actavis Promethazine - Buy Prescriptionz","robots":{"index":"index","follow":"follow","max-snippet":"max-snippet:-1","max-image-preview":"max-image-preview:large","max-video-preview":"max-video-preview:-1"},"canonical":"https:\/\/buy-prescriptionz.com\/hu\/actavis-promethazine\/","og_locale":"hu_HU","og_type":"article","og_title":"Actavis Promethazine - Buy Prescriptionz","og_description":"Buy Actavis Promethazine online\u00a0as\u00a0Promethazine with Codeine, the purple drink Promethazine is an original antihistamine obtained. It is in use to treat hypersensitivities, trouble resting, and nausea. It might be for quieting individuals who are upset or anxious. It is accessible by mouth as a syrup, as a rectal suppository, or by infusion into a muscle. [&hellip;]","og_url":"https:\/\/buy-prescriptionz.com\/hu\/actavis-promethazine\/","og_site_name":"Buy Prescriptionz","twitter_card":"summary_large_image","twitter_misc":{"Becs\u00fclt olvas\u00e1si id\u0151":"2 perc"},"schema":{"@context":"https:\/\/schema.org","@graph":[{"@type":"WebPage","@id":"https:\/\/buy-prescriptionz.com\/actavis-promethazine\/","url":"https:\/\/buy-prescriptionz.com\/actavis-promethazine\/","name":"Actavis Promethazine - Buy Prescriptionz","isPartOf":{"@id":"https:\/\/buy-prescriptionz.com\/#website"},"datePublished":"2019-05-08T05:42:12+00:00","breadcrumb":{"@id":"https:\/\/buy-prescriptionz.com\/actavis-promethazine\/#breadcrumb"},"inLanguage":"hu","potentialAction":[{"@type":"ReadAction","target":["https:\/\/buy-prescriptionz.com\/actavis-promethazine\/"]}]},{"@type":"BreadcrumbList","@id":"https:\/\/buy-prescriptionz.com\/actavis-promethazine\/#breadcrumb","itemListElement":[{"@type":"ListItem","position":1,"name":"Home","item":"https:\/\/buy-prescriptionz.com\/"},{"@type":"ListItem","position":2,"name":"Actavis Promethazine"}]},{"@type":"WebSite","@id":"https:\/\/buy-prescriptionz.com\/#website","url":"https:\/\/buy-prescriptionz.com\/","name":"Buy Prescriptionz","description":"Online gy\u00f3gyszerek","publisher":{"@id":"https:\/\/buy-prescriptionz.com\/#organization"},"potentialAction":[{"@type":"SearchAction","target":{"@type":"EntryPoint","urlTemplate":"https:\/\/buy-prescriptionz.com\/?s={search_term_string}"},"query-input":{"@type":"PropertyValueSpecification","valueRequired":true,"valueName":"search_term_string"}}],"inLanguage":"hu"},{"@type":"Organization","@id":"https:\/\/buy-prescriptionz.com\/#organization","name":"Buy Prescriptionz","url":"https:\/\/buy-prescriptionz.com\/","logo":{"@type":"ImageObject","inLanguage":"hu","@id":"https:\/\/buy-prescriptionz.com\/#\/schema\/logo\/image\/","url":"https:\/\/buy-prescriptionz.com\/wp-content\/uploads\/2023\/09\/logo.png","contentUrl":"https:\/\/buy-prescriptionz.com\/wp-content\/uploads\/2023\/09\/logo.png","width":350,"height":64,"caption":"Buy Prescriptionz"},"image":{"@id":"https:\/\/buy-prescriptionz.com\/#\/schema\/logo\/image\/"}}]}},"_links":{"self":[{"href":"https:\/\/buy-prescriptionz.com\/hu\/wp-json\/wp\/v2\/pages\/976","targetHints":{"allow":["GET"]}}],"collection":[{"href":"https:\/\/buy-prescriptionz.com\/hu\/wp-json\/wp\/v2\/pages"}],"about":[{"href":"https:\/\/buy-prescriptionz.com\/hu\/wp-json\/wp\/v2\/types\/page"}],"author":[{"embeddable":true,"href":"https:\/\/buy-prescriptionz.com\/hu\/wp-json\/wp\/v2\/users\/1"}],"replies":[{"embeddable":true,"href":"https:\/\/buy-prescriptionz.com\/hu\/wp-json\/wp\/v2\/comments?post=976"}],"version-history":[{"count":0,"href":"https:\/\/buy-prescriptionz.com\/hu\/wp-json\/wp\/v2\/pages\/976\/revisions"}],"wp:attachment":[{"href":"https:\/\/buy-prescriptionz.com\/hu\/wp-json\/wp\/v2\/media?parent=976"}],"curies":[{"name":"wp","href":"https:\/\/api.w.org\/{rel}","templated":true}]}}