{"id":978,"date":"2019-05-08T05:46:53","date_gmt":"2019-05-08T05:46:53","guid":{"rendered":"https:\/\/buyprescriptionz.com\/?page_id=978"},"modified":"2019-05-08T05:46:53","modified_gmt":"2019-05-08T05:46:53","slug":"ayurvedic-urea","status":"publish","type":"page","link":"https:\/\/buy-prescriptionz.com\/hu\/ayurvedic-urea\/","title":{"rendered":"Ayurv\u00e9dikus karbamid"},"content":{"rendered":"<h3 style=\"text-align: justify;\">Mi az ayurv\u00e9dikus karbamid a Buyprescriptionz gy\u00f3gyszert\u00e1rban?<\/h3>\n<p style=\"text-align: justify;\">Az \u00e1jurv\u00e9dikus karbamid a vil\u00e1gon el\u00e9rhet\u0151 leg\u00e1lis testmagass\u00e1gn\u00f6vel\u0151 gy\u00f3gyszer, amelynek nincs mell\u00e9khat\u00e1sa, de 16-40 \u00e9ves kor k\u00f6z\u00f6tt korl\u00e1tozottan alkalmazhat\u00f3. tudsz\u00a0<strong>buy Ayurvedic Urea online\u00a0<\/strong>folyad\u00e9kban \u00e9s porban, \u00e9s lehet, hogy nem lesz olcs\u00f3.<\/p>\n<p style=\"text-align: justify;\"><strong>Dhatrumurgasiniy: Var\u00e1zslatos gy\u00f3gyn\u00f6v\u00e9ny a Himal\u00e1j\u00e1b\u00f3l<\/strong><\/p>\n<p style=\"text-align: justify;\"><strong>V\u00e1s\u00e1roljon \u00e1jurv\u00e9dikus karbamidot\u00a0<\/strong>f\u0151 \u00f6sszetev\u0151je a m\u00e1gikus gy\u00f3gyn\u00f6v\u00e9ny. A le\u00edr\u00e1s szerint az egyik legritk\u00e1bb gy\u00f3gyn\u00f6v\u00e9ny, amely a Himal\u00e1ja s\u0171r\u0171 vadon\u00e1ban tal\u00e1lhat\u00f3 Nep\u00e1l k\u00f6rny\u00e9k\u00e9n, D\u00e9l-\u00c1zsi\u00e1ban. Nek\u00fcnk van\u00a0<strong>Ayurv\u00e9dikus karbamid online\u00a0<\/strong>megfizethet\u0151 \u00e1rakon.<\/p>\n<p style=\"text-align: justify;\"><strong>Ayurv\u00e9dikus karbamid elad\u00f3 t\u00f3l\u00a0<\/strong>D\u00e9l-\u00c1zsia var\u00e1zslatos haz\u00e1ja a gy\u00f3gyn\u00f6v\u00e9nyeknek \u00e9s a biodiverzit\u00e1snak, amely a legjobb a szemnek. A Dhatrumurgasiniy egy dr\u00e1ga gy\u00f3gyn\u00f6v\u00e9ny, amelyet tal\u00e1ltak, \u00e9s nem el\u00e9rhet\u0151, mint a s\u00e1fr\u00e1ny.\u00a0<strong>Hogyan v\u00e1s\u00e1rolhat ayurv\u00e9dikus karbamidot online,\u00a0<\/strong>ez egyszer\u0171, rendelje meg mennyis\u00e9g\u00e9t a buy-prescriptionz.com oldalon.<\/p>\n<p style=\"text-align: justify;\"><strong>M\u00e9rt\u00e9kek megszerz\u00e9se: Az \u00e1jurv\u00e9dikus karbamid f\u0151 \u00f6sszetev\u0151je<\/strong><\/p>\n<p style=\"text-align: justify;\">Lehet, hogy ez a legjobb megold\u00e1s az \u00d6n sz\u00e1m\u00e1ra\u00a0<strong>hol lehet \u00e1jurv\u00e9dikus karbamidot v\u00e1s\u00e1rolni online<\/strong>\u00a0az Ayurvedic Urea hivatalos besz\u00e1ll\u00edt\u00f3j\u00e1nak konszolid\u00e1lt er\u0151fesz\u00edt\u00e9s\u00e9vel a buy-prescriptionz.com oldalon. N\u00e1lunk megteheti\u00a0<strong>v\u00e1s\u00e1roljon \u00e1jurv\u00e9dikus karbamidot v\u00e9ny n\u00e9lk\u00fcl\u00a0<\/strong>\u00e9s<strong>\u00a0orvoshoz\u00a0<\/strong>b\u00e1rmilyen k\u00edv\u00e1nt mennyis\u00e9gben \u00e9s min\u0151s\u00e9gben.<\/p>\n<h3 style=\"text-align: justify;\">Hogyan m\u0171k\u00f6dik az \u00e1jurv\u00e9dikus karbamid online v\u00e1s\u00e1rl\u00e1skor?<\/h3>\n<p style=\"text-align: justify;\">Az \u00e1jurv\u00e9dikus karbamid \u00fagy m\u0171k\u00f6dik, hogy seg\u00edti a n\u00f6veked\u00e9si sejteket az emberi csontokban \u00e9s \u00faj sejtek k\u00e9pz\u0151d\u00e9s\u00e9t a csontokban.<\/p>\n<p style=\"text-align: justify;\">A f\u00f3kuszter\u00fcletek a ti\u00e9d\u00a0<strong>rendel\u00e9s\u00a0<\/strong>nak,-nek\u00a0<strong>Ayurv\u00e9dikus karbamid online<\/strong>\u00a0l\u00e1bak (max. 5 h\u00fcvelyk), gerincvel\u0151 (max. 3 h\u00fcvelyk) \u00e9s nyak (max. 1 h\u00fcvelyk).<\/p>\n<p style=\"text-align: justify;\"><strong>Az \u00e1jurv\u00e9dikus karbamid por, folyad\u00e9k \u00e9s gy\u00f3gyn\u00f6v\u00e9ny form\u00e1j\u00e1ban kaphat\u00f3, \u00e9s mikrob\u00e1kat tartalmaz, amelyek el\u0151seg\u00edtik a csontsejtek gyors l\u00e9trehoz\u00e1s\u00e1t. Ezek a mikrob\u00e1k a Dhatrumurgasiniy-val a k\u00f6vetkez\u0151 m\u00f3dokon v\u00e1ltoznak:<\/strong><\/p>\n<ul style=\"text-align: justify;\">\n<li>Konzervat\u00edv sz\u00f6vet<\/li>\n<li>szivacsos sz\u00f6vet<\/li>\n<li>Subchondralis sz\u00f6vet<\/li>\n<li>osteoblastos<\/li>\n<li>Osteoclast<\/li>\n<li>Osteocit\u00e1k<\/li>\n<li>Hematopoietikus<\/li>\n<\/ul>\n<p style=\"text-align: justify;\">Az a beviteli mennyis\u00e9g, amelyre \u00f6sszpontos\u00edtani kell \u00e9s teljes\u00edteni kell a kit\u0171z\u00f6tt c\u00e9lt\u00a0<strong>Ayurvedic Urea online v\u00e1s\u00e1rl\u00e1sa olcs\u00f3 \u00e1ron, diszkr\u00e9t csomagol\u00e1ssal\u00a0<\/strong>\u00e9s azzal<strong>\u00a0gyors \u00e9s biztons\u00e1gos sz\u00e1ll\u00edt\u00e1si szolg\u00e1ltat\u00e1s.<\/strong><\/p>\n<p style=\"text-align: justify;\"><strong>A gy\u00f3gyszert gyors \u00e9s biztons\u00e1gos h\u00e1zhozsz\u00e1ll\u00edt\u00e1ssal sz\u00e1ll\u00edtjuk az al\u00e1bbi mennyis\u00e9gben \u00e9s \u00e1ron:<\/strong><\/p>\n<ul>\n<li style=\"text-align: justify;\">2 h\u00fcvelyk (10 kg) = 1500 doll\u00e1r<\/li>\n<li style=\"text-align: justify;\">4 h\u00fcvelyk (25 kg) = 2500 doll\u00e1r<\/li>\n<li style=\"text-align: justify;\">6 h\u00fcvelyk (42 kg) = 4000 doll\u00e1r<\/li>\n<li style=\"text-align: justify;\">8 h\u00fcvelyk (56 kg) = 6000 doll\u00e1r<\/li>\n<\/ul>","protected":false},"excerpt":{"rendered":"<p>What is Ayurvedic Urea at Buyprescriptionz Pharmacy? Ayurvedic Urea is the legit height increasing medication available in the world that has no side-effects, but it has limited working on age from 16-40 years. You can\u00a0buy Ayurvedic Urea online\u00a0in liquid and powder, and it may not come cheap. Dhatrumurgasiniy: Magical Herb from the Himalayas Buy Ayurvedic [&hellip;]<\/p>","protected":false},"author":1,"featured_media":0,"parent":0,"menu_order":0,"comment_status":"open","ping_status":"open","template":"","meta":{"site-sidebar-layout":"default","site-content-layout":"","ast-site-content-layout":"default","site-content-style":"default","site-sidebar-style":"default","ast-global-header-display":"","ast-banner-title-visibility":"","ast-main-header-display":"","ast-hfb-above-header-display":"","ast-hfb-below-header-display":"","ast-hfb-mobile-header-display":"","site-post-title":"","ast-breadcrumbs-content":"","ast-featured-img":"","footer-sml-layout":"","theme-transparent-header-meta":"","adv-header-id-meta":"","stick-header-meta":"","header-above-stick-meta":"","header-main-stick-meta":"","header-below-stick-meta":"","astra-migrate-meta-layouts":"default","ast-page-background-enabled":"default","ast-page-background-meta":{"desktop":{"background-color":"var(--ast-global-color-4)","background-image":"","background-repeat":"repeat","background-position":"center center","background-size":"auto","background-attachment":"scroll","background-type":"","background-media":"","overlay-type":"","overlay-color":"","overlay-opacity":"","overlay-gradient":""},"tablet":{"background-color":"","background-image":"","background-repeat":"repeat","background-position":"center center","background-size":"auto","background-attachment":"scroll","background-type":"","background-media":"","overlay-type":"","overlay-color":"","overlay-opacity":"","overlay-gradient":""},"mobile":{"background-color":"","background-image":"","background-repeat":"repeat","background-position":"center center","background-size":"auto","background-attachment":"scroll","background-type":"","background-media":"","overlay-type":"","overlay-color":"","overlay-opacity":"","overlay-gradient":""}},"ast-content-background-meta":{"desktop":{"background-color":"var(--ast-global-color-5)","background-image":"","background-repeat":"repeat","background-position":"center center","background-size":"auto","background-attachment":"scroll","background-type":"","background-media":"","overlay-type":"","overlay-color":"","overlay-opacity":"","overlay-gradient":""},"tablet":{"background-color":"var(--ast-global-color-5)","background-image":"","background-repeat":"repeat","background-position":"center center","background-size":"auto","background-attachment":"scroll","background-type":"","background-media":"","overlay-type":"","overlay-color":"","overlay-opacity":"","overlay-gradient":""},"mobile":{"background-color":"var(--ast-global-color-5)","background-image":"","background-repeat":"repeat","background-position":"center center","background-size":"auto","background-attachment":"scroll","background-type":"","background-media":"","overlay-type":"","overlay-color":"","overlay-opacity":"","overlay-gradient":""}},"footnotes":""},"class_list":["post-978","page","type-page","status-publish","hentry"],"yoast_head":"<!-- This site is optimized with the Yoast SEO plugin v25.9 - https:\/\/yoast.com\/wordpress\/plugins\/seo\/ -->\n<title>Ayurvedic Urea - Buy Prescriptionz<\/title>\n<meta name=\"robots\" content=\"index, follow, max-snippet:-1, max-image-preview:large, max-video-preview:-1\" \/>\n<link rel=\"canonical\" href=\"https:\/\/buy-prescriptionz.com\/hu\/ayurvedic-urea\/\" \/>\n<meta property=\"og:locale\" content=\"hu_HU\" \/>\n<meta property=\"og:type\" content=\"article\" \/>\n<meta property=\"og:title\" content=\"Ayurvedic Urea - Buy Prescriptionz\" \/>\n<meta property=\"og:description\" content=\"What is Ayurvedic Urea at Buyprescriptionz Pharmacy? Ayurvedic Urea is the legit height increasing medication available in the world that has no side-effects, but it has limited working on age from 16-40 years. You can\u00a0buy Ayurvedic Urea online\u00a0in liquid and powder, and it may not come cheap. Dhatrumurgasiniy: Magical Herb from the Himalayas Buy Ayurvedic [&hellip;]\" \/>\n<meta property=\"og:url\" content=\"https:\/\/buy-prescriptionz.com\/hu\/ayurvedic-urea\/\" \/>\n<meta property=\"og:site_name\" content=\"Buy Prescriptionz\" \/>\n<meta name=\"twitter:card\" content=\"summary_large_image\" \/>\n<meta name=\"twitter:label1\" content=\"Becs\u00fclt olvas\u00e1si id\u0151\" \/>\n\t<meta name=\"twitter:data1\" content=\"2 perc\" \/>\n<script type=\"application\/ld+json\" class=\"yoast-schema-graph\">{\"@context\":\"https:\/\/schema.org\",\"@graph\":[{\"@type\":\"WebPage\",\"@id\":\"https:\/\/buy-prescriptionz.com\/ayurvedic-urea\/\",\"url\":\"https:\/\/buy-prescriptionz.com\/ayurvedic-urea\/\",\"name\":\"Ayurvedic Urea - Buy Prescriptionz\",\"isPartOf\":{\"@id\":\"https:\/\/buy-prescriptionz.com\/#website\"},\"datePublished\":\"2019-05-08T05:46:53+00:00\",\"breadcrumb\":{\"@id\":\"https:\/\/buy-prescriptionz.com\/ayurvedic-urea\/#breadcrumb\"},\"inLanguage\":\"hu\",\"potentialAction\":[{\"@type\":\"ReadAction\",\"target\":[\"https:\/\/buy-prescriptionz.com\/ayurvedic-urea\/\"]}]},{\"@type\":\"BreadcrumbList\",\"@id\":\"https:\/\/buy-prescriptionz.com\/ayurvedic-urea\/#breadcrumb\",\"itemListElement\":[{\"@type\":\"ListItem\",\"position\":1,\"name\":\"Home\",\"item\":\"https:\/\/buy-prescriptionz.com\/\"},{\"@type\":\"ListItem\",\"position\":2,\"name\":\"Ayurvedic Urea\"}]},{\"@type\":\"WebSite\",\"@id\":\"https:\/\/buy-prescriptionz.com\/#website\",\"url\":\"https:\/\/buy-prescriptionz.com\/\",\"name\":\"Buy Prescriptionz\",\"description\":\"Drugs Online\",\"publisher\":{\"@id\":\"https:\/\/buy-prescriptionz.com\/#organization\"},\"potentialAction\":[{\"@type\":\"SearchAction\",\"target\":{\"@type\":\"EntryPoint\",\"urlTemplate\":\"https:\/\/buy-prescriptionz.com\/?s={search_term_string}\"},\"query-input\":{\"@type\":\"PropertyValueSpecification\",\"valueRequired\":true,\"valueName\":\"search_term_string\"}}],\"inLanguage\":\"hu\"},{\"@type\":\"Organization\",\"@id\":\"https:\/\/buy-prescriptionz.com\/#organization\",\"name\":\"Buy Prescriptionz\",\"url\":\"https:\/\/buy-prescriptionz.com\/\",\"logo\":{\"@type\":\"ImageObject\",\"inLanguage\":\"hu\",\"@id\":\"https:\/\/buy-prescriptionz.com\/#\/schema\/logo\/image\/\",\"url\":\"https:\/\/buy-prescriptionz.com\/wp-content\/uploads\/2023\/09\/logo.png\",\"contentUrl\":\"https:\/\/buy-prescriptionz.com\/wp-content\/uploads\/2023\/09\/logo.png\",\"width\":350,\"height\":64,\"caption\":\"Buy Prescriptionz\"},\"image\":{\"@id\":\"https:\/\/buy-prescriptionz.com\/#\/schema\/logo\/image\/\"}}]}<\/script>\n<!-- \/ Yoast SEO plugin. -->","yoast_head_json":{"title":"Ayurvedic Urea - Buy Prescriptionz","robots":{"index":"index","follow":"follow","max-snippet":"max-snippet:-1","max-image-preview":"max-image-preview:large","max-video-preview":"max-video-preview:-1"},"canonical":"https:\/\/buy-prescriptionz.com\/hu\/ayurvedic-urea\/","og_locale":"hu_HU","og_type":"article","og_title":"Ayurvedic Urea - Buy Prescriptionz","og_description":"What is Ayurvedic Urea at Buyprescriptionz Pharmacy? Ayurvedic Urea is the legit height increasing medication available in the world that has no side-effects, but it has limited working on age from 16-40 years. You can\u00a0buy Ayurvedic Urea online\u00a0in liquid and powder, and it may not come cheap. Dhatrumurgasiniy: Magical Herb from the Himalayas Buy Ayurvedic [&hellip;]","og_url":"https:\/\/buy-prescriptionz.com\/hu\/ayurvedic-urea\/","og_site_name":"Buy Prescriptionz","twitter_card":"summary_large_image","twitter_misc":{"Becs\u00fclt olvas\u00e1si id\u0151":"2 perc"},"schema":{"@context":"https:\/\/schema.org","@graph":[{"@type":"WebPage","@id":"https:\/\/buy-prescriptionz.com\/ayurvedic-urea\/","url":"https:\/\/buy-prescriptionz.com\/ayurvedic-urea\/","name":"Ayurvedic Urea - Buy Prescriptionz","isPartOf":{"@id":"https:\/\/buy-prescriptionz.com\/#website"},"datePublished":"2019-05-08T05:46:53+00:00","breadcrumb":{"@id":"https:\/\/buy-prescriptionz.com\/ayurvedic-urea\/#breadcrumb"},"inLanguage":"hu","potentialAction":[{"@type":"ReadAction","target":["https:\/\/buy-prescriptionz.com\/ayurvedic-urea\/"]}]},{"@type":"BreadcrumbList","@id":"https:\/\/buy-prescriptionz.com\/ayurvedic-urea\/#breadcrumb","itemListElement":[{"@type":"ListItem","position":1,"name":"Home","item":"https:\/\/buy-prescriptionz.com\/"},{"@type":"ListItem","position":2,"name":"Ayurvedic Urea"}]},{"@type":"WebSite","@id":"https:\/\/buy-prescriptionz.com\/#website","url":"https:\/\/buy-prescriptionz.com\/","name":"Buy Prescriptionz","description":"Online gy\u00f3gyszerek","publisher":{"@id":"https:\/\/buy-prescriptionz.com\/#organization"},"potentialAction":[{"@type":"SearchAction","target":{"@type":"EntryPoint","urlTemplate":"https:\/\/buy-prescriptionz.com\/?s={search_term_string}"},"query-input":{"@type":"PropertyValueSpecification","valueRequired":true,"valueName":"search_term_string"}}],"inLanguage":"hu"},{"@type":"Organization","@id":"https:\/\/buy-prescriptionz.com\/#organization","name":"Buy Prescriptionz","url":"https:\/\/buy-prescriptionz.com\/","logo":{"@type":"ImageObject","inLanguage":"hu","@id":"https:\/\/buy-prescriptionz.com\/#\/schema\/logo\/image\/","url":"https:\/\/buy-prescriptionz.com\/wp-content\/uploads\/2023\/09\/logo.png","contentUrl":"https:\/\/buy-prescriptionz.com\/wp-content\/uploads\/2023\/09\/logo.png","width":350,"height":64,"caption":"Buy Prescriptionz"},"image":{"@id":"https:\/\/buy-prescriptionz.com\/#\/schema\/logo\/image\/"}}]}},"_links":{"self":[{"href":"https:\/\/buy-prescriptionz.com\/hu\/wp-json\/wp\/v2\/pages\/978","targetHints":{"allow":["GET"]}}],"collection":[{"href":"https:\/\/buy-prescriptionz.com\/hu\/wp-json\/wp\/v2\/pages"}],"about":[{"href":"https:\/\/buy-prescriptionz.com\/hu\/wp-json\/wp\/v2\/types\/page"}],"author":[{"embeddable":true,"href":"https:\/\/buy-prescriptionz.com\/hu\/wp-json\/wp\/v2\/users\/1"}],"replies":[{"embeddable":true,"href":"https:\/\/buy-prescriptionz.com\/hu\/wp-json\/wp\/v2\/comments?post=978"}],"version-history":[{"count":0,"href":"https:\/\/buy-prescriptionz.com\/hu\/wp-json\/wp\/v2\/pages\/978\/revisions"}],"wp:attachment":[{"href":"https:\/\/buy-prescriptionz.com\/hu\/wp-json\/wp\/v2\/media?parent=978"}],"curies":[{"name":"wp","href":"https:\/\/api.w.org\/{rel}","templated":true}]}}