{"id":980,"date":"2019-05-08T05:48:55","date_gmt":"2019-05-08T05:48:55","guid":{"rendered":"https:\/\/buyprescriptionz.com\/?page_id=980"},"modified":"2019-10-27T09:25:04","modified_gmt":"2019-10-27T09:25:04","slug":"nembutal-pentobarbital","status":"publish","type":"page","link":"https:\/\/buy-prescriptionz.com\/hu\/nembutal-pentobarbital\/","title":{"rendered":"Nembutal Pentobarbital"},"content":{"rendered":"<h3 style=\"text-align: justify;\">Mi\u00e9rt v\u00e1s\u00e1roljon Nembutal Pentobarbital online?<\/h3>\n<p style=\"text-align: justify;\">V\u00e1s\u00e1rl\u00e1s Nembutal pentobarbit\u00e1l online, Pentobarbit\u00e1l vagy pentobarbiton egy r\u00f6vid hat\u00e1s\u00fa barbitur\u00e1t. Nagy d\u00f3zisban a pentobarbit\u00e1l l\u00e9gz\u00e9selragad\u00e1st okoz. Az Abbott Pharmaceuticals Nembutal n\u00e9ven forgalmazza, amely 50 \u00e9s 100 mg-os kiszerel\u00e9sben kaphat\u00f3. <a href=\"https:\/\/de.wikipedia.org\/w\/index.php?sort=relevance&amp;search=Nembutal&amp;title=Spezial%3ASuche&amp;profile=advanced&amp;fulltext=1&amp;advancedSearch-current=%7B%7D&amp;ns0=1\">packaging<\/a>. A Buyprescriptionz.com,\u00a0<strong>v\u00e1s\u00e1rl\u00e1s Nembutal Pentobarbital online\u00a0<\/strong>a tov\u00e1bbi r\u00e9szletekr\u0151l \u00e9s a sz\u00e1ll\u00edt\u00e1si garanci\u00e1r\u00f3l chat-t\u00e1mogat\u00e1sunk seg\u00edts\u00e9g\u00e9vel.<\/p>\n<h3 style=\"text-align: justify;\" class=\"translation-block\">A Nembutal Pentobarbital orvosi \u00e9s rekre\u00e1ci\u00f3s felhaszn\u00e1l\u00e1sa online<\/h3>\n<p style=\"text-align: justify;\" class=\"translation-block\">Ezt a gy\u00f3gyszert alv\u00e1szavarra \u00edrj\u00e1k fel, \u00e9s a benzodiazepin gy\u00f3gyszercsoportb\u00f3l v\u00e1laszthat\u00f3. A Nembutalt s\u00e1rga kab\u00e1tk\u00e9nt is \u00e1rulj\u00e1k az utc\u00e1n, s\u00e1rga megjelen\u00e9se miatt. A Nembutal Pentobarbital orvos n\u00e9lk\u00fcl megv\u00e1s\u00e1rolhat\u00f3 a Buyprescriptionz.com nev\u0171 online gy\u00f3gyszert\u00e1rban.<\/p>\n<p style=\"text-align: justify;\" class=\"translation-block\">V\u00e1s\u00e1rl\u00e1s Nembutal Pentobarbital a pentobarbital k\u00f6z\u00f6s hat\u00e1sai a nyugtat\u00f3, alv\u00e1s-induk\u00e1l\u00f3 egy pillanatra, preaneszt\u00e9zia, alv\u00e1szavar, \u00e9s a g\u00f6rcsrohamok ellen\u0151rz\u00e9se v\u00e9szhelyzetekben. Pentobarbital a tabletta m\u00e1r nem gy\u00e1rtj\u00e1k, de injekci\u00f3s form\u00e1ban el\u00e9rhet\u0151, \u00e9s a tablett\u00e1k m\u00e9g mindig el\u00e9rhet\u0151 megb\u00edzhat\u00f3 besz\u00e1ll\u00edt\u00f3kkal a Buyprescriptionz.com-on. Teh\u00e1t most m\u00e1r tudja, hol v\u00e1s\u00e1rolhat Nembutal Pentobarbital online.<\/p>\n<p style=\"text-align: justify;\" class=\"translation-block\">\u00c9vek \u00f3ta \u00e1llatgy\u00f3gy\u00e1szati altat\u00f3szerk\u00e9nt haszn\u00e1lj\u00e1k. Ha \u00d6n \u00e1llatorvos-rajong\u00f3, a Buyprescriptionz.com oldalon v\u00e9ny n\u00e9lk\u00fcl rendelheti meg a Nembutal Pentobarbitalt.<\/p>\n<p style=\"text-align: justify;\" class=\"translation-block\">A pentobarbit\u00e1lt a Reye-rendelleness\u00e9gben, az agyk\u00e1rosod\u00e1sban \u00e9s az agyi iszk\u00e9mi\u00e1s betegekn\u00e9l a transzszer\u0171 \u00e1llapot elfogad\u00e1s\u00e1ban haszn\u00e1lj\u00e1k a koponya\u0171ri s\u00faly cs\u00f6kkent\u00e9s\u00e9re. A pentobarbit\u00e1l \u00e1ltal kiv\u00e1ltott transzszer\u0171 \u00e1llapotot s\u00falyos m\u00e1jk\u00e1rosod\u00e1sban szenved\u0151 betegekn\u00e9l a mannitolra tolj\u00e1k. A Nembutal Pentobarbital elad\u00f3 nagy t\u00e9telben rendelhet\u0151 n\u00e1lunk, gyors \u00e9s biztons\u00e1gos sz\u00e1ll\u00edt\u00e1si szolg\u00e1ltat\u00e1ssal.<\/p>\n<h3 style=\"text-align: justify;\">A nembutal pentobarbit\u00e1l farmakol\u00f3gi\u00e1ja \u00e9s hat\u00e1sai<\/h3>\n<p style=\"text-align: justify;\" class=\"translation-block\">A pentobarbit\u00e1l az amobarbit\u00e1l\u00e9t\u00f3l nem elt\u00e9r\u0151 strat\u00e9gi\u00e1kkal keveredik, a f\u0151 vegy\u00fclet az, hogy az \u03b1-etil-malon\u00e9szter alkilez\u00e9se 1-brom-3-metil-but\u00e1n helyett 2-bromopent\u00e1nnal t\u00f6rt\u00e9nik, \u00edgy pentobarbit\u00e1l keletkezik. Pr\u00f3b\u00e1lja meg megrendelni a tiszta Nembutal Pentobarbital online Buyprescriptionz.<\/p>\n<p style=\"text-align: justify;\" class=\"translation-block\">Hogyan v\u00e1s\u00e1rolhat Nembutal Pentobarbital online olcs\u00f3 \u00e1ron, diszkr\u00e9t csomagol\u00e1sban, gyors \u00e9s biztons\u00e1gos sz\u00e1ll\u00edt\u00e1si szolg\u00e1ltat\u00e1ssal? Megrendelheti a Buyprescriptionz.com oldalon, \u00e9s megtapasztalhatja a gy\u00f3gyszer legjobban kezelhet\u0151 hat\u00e1sait a r\u00e1szorul\u00f3 beteg sz\u00e1m\u00e1ra.<\/p>\n<p style=\"text-align: justify;\">A legelismertebb mell\u00e9khat\u00e1s az idegrendszer kezelhetetlen alv\u00e1sa. Antagonisztikus reakci\u00f3k, mint izgatotts\u00e1g, tan\u00e1cstalans\u00e1g, hiperkin\u00e9zia, ataxia, CNS cs\u00fcgged\u00e9s, rossz \u00e1lmok, aggodalom, nyugtalan\u00edt\u00f3 ment\u00e1lis befoly\u00e1s, fant\u00e1zi\u00e1l\u00e1s, alv\u00e1shi\u00e1ny, nyugtalans\u00e1g, borzong\u00e1s \u00e9s a gondolkod\u00e1s szab\u00e1lytalans\u00e1ga.<\/p>","protected":false},"excerpt":{"rendered":"<p>Why\u00a0buy Nembutal Pentobarbital online? Buy Nembutal pentobarbital online, Pentobarbital or pentobarbitone is a short-acting barbiturate. In high dosages, pentobarbital causes respiratory rapture. Abbott Pharmaceuticals sells it as Nembutal that\u2019s available in 50 and 100 mg packaging. At Buyprescriptionz.com,\u00a0purchase Nembutal Pentobarbital online\u00a0with the help of our chat support on more details and delivery assurance. Medical and [&hellip;]<\/p>","protected":false},"author":1,"featured_media":0,"parent":0,"menu_order":0,"comment_status":"open","ping_status":"open","template":"","meta":{"site-sidebar-layout":"default","site-content-layout":"","ast-site-content-layout":"default","site-content-style":"default","site-sidebar-style":"default","ast-global-header-display":"","ast-banner-title-visibility":"","ast-main-header-display":"","ast-hfb-above-header-display":"","ast-hfb-below-header-display":"","ast-hfb-mobile-header-display":"","site-post-title":"","ast-breadcrumbs-content":"","ast-featured-img":"","footer-sml-layout":"","theme-transparent-header-meta":"","adv-header-id-meta":"","stick-header-meta":"","header-above-stick-meta":"","header-main-stick-meta":"","header-below-stick-meta":"","astra-migrate-meta-layouts":"default","ast-page-background-enabled":"default","ast-page-background-meta":{"desktop":{"background-color":"var(--ast-global-color-4)","background-image":"","background-repeat":"repeat","background-position":"center center","background-size":"auto","background-attachment":"scroll","background-type":"","background-media":"","overlay-type":"","overlay-color":"","overlay-opacity":"","overlay-gradient":""},"tablet":{"background-color":"","background-image":"","background-repeat":"repeat","background-position":"center center","background-size":"auto","background-attachment":"scroll","background-type":"","background-media":"","overlay-type":"","overlay-color":"","overlay-opacity":"","overlay-gradient":""},"mobile":{"background-color":"","background-image":"","background-repeat":"repeat","background-position":"center center","background-size":"auto","background-attachment":"scroll","background-type":"","background-media":"","overlay-type":"","overlay-color":"","overlay-opacity":"","overlay-gradient":""}},"ast-content-background-meta":{"desktop":{"background-color":"var(--ast-global-color-5)","background-image":"","background-repeat":"repeat","background-position":"center center","background-size":"auto","background-attachment":"scroll","background-type":"","background-media":"","overlay-type":"","overlay-color":"","overlay-opacity":"","overlay-gradient":""},"tablet":{"background-color":"var(--ast-global-color-5)","background-image":"","background-repeat":"repeat","background-position":"center center","background-size":"auto","background-attachment":"scroll","background-type":"","background-media":"","overlay-type":"","overlay-color":"","overlay-opacity":"","overlay-gradient":""},"mobile":{"background-color":"var(--ast-global-color-5)","background-image":"","background-repeat":"repeat","background-position":"center center","background-size":"auto","background-attachment":"scroll","background-type":"","background-media":"","overlay-type":"","overlay-color":"","overlay-opacity":"","overlay-gradient":""}},"footnotes":""},"class_list":["post-980","page","type-page","status-publish","hentry"],"yoast_head":"<!-- This site is optimized with the Yoast SEO plugin v25.9 - https:\/\/yoast.com\/wordpress\/plugins\/seo\/ -->\n<title>Buy Nembutal pentobarbital online | Pentobarbital for sale<\/title>\n<meta name=\"description\" content=\"Buy Real Nembutal pentobarbital online,Buy Nembutal online and have it shipped to your home, We supply Nembutal sodium solution, Nembutal pill\" \/>\n<meta name=\"robots\" content=\"index, follow, max-snippet:-1, max-image-preview:large, max-video-preview:-1\" \/>\n<link rel=\"canonical\" href=\"https:\/\/buy-prescriptionz.com\/hu\/nembutal-pentobarbital\/\" \/>\n<meta property=\"og:locale\" content=\"hu_HU\" \/>\n<meta property=\"og:type\" content=\"article\" \/>\n<meta property=\"og:title\" content=\"Buy Nembutal pentobarbital online | Pentobarbital for sale\" \/>\n<meta property=\"og:description\" content=\"Buy Real Nembutal pentobarbital online,Buy Nembutal online and have it shipped to your home, We supply Nembutal sodium solution, Nembutal pill\" \/>\n<meta property=\"og:url\" content=\"https:\/\/buy-prescriptionz.com\/hu\/nembutal-pentobarbital\/\" \/>\n<meta property=\"og:site_name\" content=\"Buy Prescriptionz\" \/>\n<meta property=\"article:modified_time\" content=\"2019-10-27T09:25:04+00:00\" \/>\n<meta name=\"twitter:card\" content=\"summary_large_image\" \/>\n<meta name=\"twitter:label1\" content=\"Becs\u00fclt olvas\u00e1si id\u0151\" \/>\n\t<meta name=\"twitter:data1\" content=\"2 perc\" \/>\n<script type=\"application\/ld+json\" class=\"yoast-schema-graph\">{\"@context\":\"https:\/\/schema.org\",\"@graph\":[{\"@type\":\"WebPage\",\"@id\":\"https:\/\/buy-prescriptionz.com\/nembutal-pentobarbital\/\",\"url\":\"https:\/\/buy-prescriptionz.com\/nembutal-pentobarbital\/\",\"name\":\"Buy Nembutal pentobarbital online | Pentobarbital for sale\",\"isPartOf\":{\"@id\":\"https:\/\/buy-prescriptionz.com\/#website\"},\"datePublished\":\"2019-05-08T05:48:55+00:00\",\"dateModified\":\"2019-10-27T09:25:04+00:00\",\"description\":\"Buy Real Nembutal pentobarbital online,Buy Nembutal online and have it shipped to your home, We supply Nembutal sodium solution, Nembutal pill\",\"breadcrumb\":{\"@id\":\"https:\/\/buy-prescriptionz.com\/nembutal-pentobarbital\/#breadcrumb\"},\"inLanguage\":\"hu\",\"potentialAction\":[{\"@type\":\"ReadAction\",\"target\":[\"https:\/\/buy-prescriptionz.com\/nembutal-pentobarbital\/\"]}]},{\"@type\":\"BreadcrumbList\",\"@id\":\"https:\/\/buy-prescriptionz.com\/nembutal-pentobarbital\/#breadcrumb\",\"itemListElement\":[{\"@type\":\"ListItem\",\"position\":1,\"name\":\"Home\",\"item\":\"https:\/\/buy-prescriptionz.com\/\"},{\"@type\":\"ListItem\",\"position\":2,\"name\":\"Nembutal Pentobarbital\"}]},{\"@type\":\"WebSite\",\"@id\":\"https:\/\/buy-prescriptionz.com\/#website\",\"url\":\"https:\/\/buy-prescriptionz.com\/\",\"name\":\"Buy Prescriptionz\",\"description\":\"Drugs Online\",\"publisher\":{\"@id\":\"https:\/\/buy-prescriptionz.com\/#organization\"},\"potentialAction\":[{\"@type\":\"SearchAction\",\"target\":{\"@type\":\"EntryPoint\",\"urlTemplate\":\"https:\/\/buy-prescriptionz.com\/?s={search_term_string}\"},\"query-input\":{\"@type\":\"PropertyValueSpecification\",\"valueRequired\":true,\"valueName\":\"search_term_string\"}}],\"inLanguage\":\"hu\"},{\"@type\":\"Organization\",\"@id\":\"https:\/\/buy-prescriptionz.com\/#organization\",\"name\":\"Buy Prescriptionz\",\"url\":\"https:\/\/buy-prescriptionz.com\/\",\"logo\":{\"@type\":\"ImageObject\",\"inLanguage\":\"hu\",\"@id\":\"https:\/\/buy-prescriptionz.com\/#\/schema\/logo\/image\/\",\"url\":\"https:\/\/buy-prescriptionz.com\/wp-content\/uploads\/2023\/09\/logo.png\",\"contentUrl\":\"https:\/\/buy-prescriptionz.com\/wp-content\/uploads\/2023\/09\/logo.png\",\"width\":350,\"height\":64,\"caption\":\"Buy Prescriptionz\"},\"image\":{\"@id\":\"https:\/\/buy-prescriptionz.com\/#\/schema\/logo\/image\/\"}}]}<\/script>\n<!-- \/ Yoast SEO plugin. -->","yoast_head_json":{"title":"V\u00e1s\u00e1rl\u00e1s Nembutal pentobarbital online | Nembutal Pentobarbital elad\u00f3","description":"V\u00e1s\u00e1roljon val\u00f3di Nembutal pentobarbital online, V\u00e1s\u00e1roljon Nembutal online \u00e9s sz\u00e1ll\u00edttassa haza, Mi sz\u00e1ll\u00edtjuk Nembutal n\u00e1trium oldat, Nembutal pirula","robots":{"index":"index","follow":"follow","max-snippet":"max-snippet:-1","max-image-preview":"max-image-preview:large","max-video-preview":"max-video-preview:-1"},"canonical":"https:\/\/buy-prescriptionz.com\/hu\/nembutal-pentobarbital\/","og_locale":"hu_HU","og_type":"article","og_title":"Buy Nembutal pentobarbital online | Pentobarbital for sale","og_description":"Buy Real Nembutal pentobarbital online,Buy Nembutal online and have it shipped to your home, We supply Nembutal sodium solution, Nembutal pill","og_url":"https:\/\/buy-prescriptionz.com\/hu\/nembutal-pentobarbital\/","og_site_name":"Buy Prescriptionz","article_modified_time":"2019-10-27T09:25:04+00:00","twitter_card":"summary_large_image","twitter_misc":{"Becs\u00fclt olvas\u00e1si id\u0151":"2 perc"},"schema":{"@context":"https:\/\/schema.org","@graph":[{"@type":"WebPage","@id":"https:\/\/buy-prescriptionz.com\/nembutal-pentobarbital\/","url":"https:\/\/buy-prescriptionz.com\/nembutal-pentobarbital\/","name":"V\u00e1s\u00e1rl\u00e1s Nembutal pentobarbital online | Nembutal Pentobarbital elad\u00f3","isPartOf":{"@id":"https:\/\/buy-prescriptionz.com\/#website"},"datePublished":"2019-05-08T05:48:55+00:00","dateModified":"2019-10-27T09:25:04+00:00","description":"V\u00e1s\u00e1roljon val\u00f3di Nembutal pentobarbital online, V\u00e1s\u00e1roljon Nembutal online \u00e9s sz\u00e1ll\u00edttassa haza, Mi sz\u00e1ll\u00edtjuk Nembutal n\u00e1trium oldat, Nembutal pirula","breadcrumb":{"@id":"https:\/\/buy-prescriptionz.com\/nembutal-pentobarbital\/#breadcrumb"},"inLanguage":"hu","potentialAction":[{"@type":"ReadAction","target":["https:\/\/buy-prescriptionz.com\/nembutal-pentobarbital\/"]}]},{"@type":"BreadcrumbList","@id":"https:\/\/buy-prescriptionz.com\/nembutal-pentobarbital\/#breadcrumb","itemListElement":[{"@type":"ListItem","position":1,"name":"Home","item":"https:\/\/buy-prescriptionz.com\/"},{"@type":"ListItem","position":2,"name":"Nembutal Pentobarbital"}]},{"@type":"WebSite","@id":"https:\/\/buy-prescriptionz.com\/#website","url":"https:\/\/buy-prescriptionz.com\/","name":"Buy Prescriptionz","description":"Online gy\u00f3gyszerek","publisher":{"@id":"https:\/\/buy-prescriptionz.com\/#organization"},"potentialAction":[{"@type":"SearchAction","target":{"@type":"EntryPoint","urlTemplate":"https:\/\/buy-prescriptionz.com\/?s={search_term_string}"},"query-input":{"@type":"PropertyValueSpecification","valueRequired":true,"valueName":"search_term_string"}}],"inLanguage":"hu"},{"@type":"Organization","@id":"https:\/\/buy-prescriptionz.com\/#organization","name":"Buy Prescriptionz","url":"https:\/\/buy-prescriptionz.com\/","logo":{"@type":"ImageObject","inLanguage":"hu","@id":"https:\/\/buy-prescriptionz.com\/#\/schema\/logo\/image\/","url":"https:\/\/buy-prescriptionz.com\/wp-content\/uploads\/2023\/09\/logo.png","contentUrl":"https:\/\/buy-prescriptionz.com\/wp-content\/uploads\/2023\/09\/logo.png","width":350,"height":64,"caption":"Buy Prescriptionz"},"image":{"@id":"https:\/\/buy-prescriptionz.com\/#\/schema\/logo\/image\/"}}]}},"_links":{"self":[{"href":"https:\/\/buy-prescriptionz.com\/hu\/wp-json\/wp\/v2\/pages\/980","targetHints":{"allow":["GET"]}}],"collection":[{"href":"https:\/\/buy-prescriptionz.com\/hu\/wp-json\/wp\/v2\/pages"}],"about":[{"href":"https:\/\/buy-prescriptionz.com\/hu\/wp-json\/wp\/v2\/types\/page"}],"author":[{"embeddable":true,"href":"https:\/\/buy-prescriptionz.com\/hu\/wp-json\/wp\/v2\/users\/1"}],"replies":[{"embeddable":true,"href":"https:\/\/buy-prescriptionz.com\/hu\/wp-json\/wp\/v2\/comments?post=980"}],"version-history":[{"count":0,"href":"https:\/\/buy-prescriptionz.com\/hu\/wp-json\/wp\/v2\/pages\/980\/revisions"}],"wp:attachment":[{"href":"https:\/\/buy-prescriptionz.com\/hu\/wp-json\/wp\/v2\/media?parent=980"}],"curies":[{"name":"wp","href":"https:\/\/api.w.org\/{rel}","templated":true}]}}