{"id":986,"date":"2019-05-08T05:53:37","date_gmt":"2019-05-08T05:53:37","guid":{"rendered":"https:\/\/buyprescriptionz.com\/?page_id=986"},"modified":"2019-05-08T05:53:37","modified_gmt":"2019-05-08T05:53:37","slug":"payment","status":"publish","type":"page","link":"https:\/\/buy-prescriptionz.com\/hu\/payment\/","title":{"rendered":"Fizet\u00e9s"},"content":{"rendered":"<p style=\"text-align: justify;\">A Buyprescriptionz gy\u00f3gyszert\u00e1rban a fizet\u00e9si m\u00f3dok haszn\u00e1lata \u00e9s kivitelez\u00e9se egyszer\u0171. Mindig vannak fizet\u00e9si \u00e1tj\u00e1r\u00f3k friss\u00edt\u00e9sei, hogy biztons\u00e1goss\u00e1 \u00e9s n\u00e9vtelenn\u00e9 tegy\u00e9k a fizet\u00e9seket \u00fcgyfeleink sz\u00e1m\u00e1ra. T\u00f6bb lehet\u0151s\u00e9ggel b\u0151v\u00edtj\u00fck fizet\u00e9si m\u00f3dunkat, mert tudjuk, hogy az online fizet\u00e9snek k\u00e9nyelmesebbnek \u00e9s egyszer\u0171bbnek kell lennie, mint valaha.<\/p>\n<p style=\"text-align: justify;\">A Buyprescriptionz online gy\u00f3gyszert\u00e1r az a hely, ahol v\u00e9ny n\u00e9lk\u00fcl v\u00e1s\u00e1rolhat online gy\u00f3gyszereket orvos n\u00e9lk\u00fcl, b\u00e1rmikor \u00e9s b\u00e1rhol, amely alkalmas a rendel\u00e9s lead\u00e1s\u00e1ra. Jelenleg n\u00e9gy fizet\u00e9si \u00e1tj\u00e1r\u00f3r\u00f3l fogadunk kifizet\u00e9seket, ezek:<\/p>\n<h3 style=\"text-align: justify;\">nyugati \u00dani\u00f3<\/h3>\n<p style=\"text-align: justify;\">A Western Union egy glob\u00e1lis fizet\u00e9si szolg\u00e1ltat\u00e1s, amely a vil\u00e1g \u00f6sszes felsorolt \u200b\u200borsz\u00e1g\u00e1ban el\u00e9rhet\u0151. B\u00e1rmely Western Union \u00e1ruh\u00e1zba felkeresheti online gy\u00f3gyszerrendel\u00e9s\u00e9t, \u00e9s onnan k\u00fcldheti el a fizet\u00e9st. Vegye figyelembe, hogy az \u00f6sszeg Western Unionon kereszt\u00fcl t\u00f6rt\u00e9n\u0151 online elk\u00fcld\u00e9s\u00e9t nem t\u00e1mogatjuk. A megrendel\u00e9s ut\u00e1ni fizet\u00e9shez k\u00e9rj\u00fck, k\u00f6vesse az al\u00e1bbi fizet\u00e9si adatokat:<\/p>\n<p style=\"text-align: justify;\"><strong>N\u00e9v: P\u00e9lda<\/strong><\/p>\n<p style=\"text-align: justify;\"><strong>Orsz\u00e1g: USA<\/strong><\/p>\n<p style=\"text-align: justify;\"><strong>V\u00e1ros: Lake City<\/strong><\/p>\n<p style=\"text-align: justify;\"><strong>Ir\u00e1ny\u00edt\u00f3sz\u00e1m: 32055<\/strong><\/p>\n<p style=\"text-align: justify;\">\u00d6sszeg: Megrendel\u00e9s\u00e9nek \u00f6sszege<\/p>\n<h3 style=\"text-align: justify;\">Bitcoinok (10% kedvezm\u00e9ny)<\/h3>\n<p style=\"text-align: justify;\">Jelenleg \u00fagy \u00e9rezz\u00fck, hogy ez a n\u00e1lunk el\u00e9rhet\u0151 legjobb fizet\u00e9si lehet\u0151s\u00e9g. Magas szint\u0171 adatv\u00e9delmet \u00e9s biztons\u00e1got ny\u00fajt \u00fcgyfeleinknek, amikor online v\u00e1s\u00e1rolnak gy\u00f3gyszert. Fizethet Bitcoin Cash, Ethereum, LiteCoin \u00e9s DogeCoin seg\u00edts\u00e9g\u00e9vel. Vannak olyan webhelyek, amelyek online v\u00e1s\u00e1rolhatnak Bitcoint. Ezzel a fizet\u00e9si m\u00f3ddal pedig 10 sz\u00e1zal\u00e9k kedvezm\u00e9nyt kap.<\/p>\n<h3 style=\"text-align: justify;\">MoneyGram<\/h3>\n<p style=\"text-align: justify;\">A MoneyGram egy m\u00e1sik glob\u00e1lis fizet\u00e9si szolg\u00e1ltat\u00f3, amelyen kereszt\u00fcl elk\u00fcldheti nek\u00fcnk megrendel\u00e9s\u00e9t. B\u00e1rmelyik MoneyGram \u00fczletet felkereshet a k\u00f6rny\u00e9ken, \u00e9s diszkr\u00e9t csomagol\u00e1ssal elk\u00fcldheti nek\u00fcnk a rendel\u00e9s \u00f6sszeg\u00e9t. A fizet\u00e9si m\u00f3d tov\u00e1bbi r\u00e9szletei\u00e9rt k\u00e9rj\u00fck, k\u00fcldj\u00f6n nek\u00fcnk egy e-mailt a megrendel\u00e9s adataival: info@buy-prescriptionz.com. Ha \u00f6t percen bel\u00fcl nem kapja meg a MoneyGram fizet\u00e9si inform\u00e1ci\u00f3kat, ezt is k\u00f6z\u00f6lje vel\u00fcnk.<\/p>","protected":false},"excerpt":{"rendered":"<p>At Buyprescriptionz Pharmacy, payments modes are easy to use and make. There are always payment gateway upgrades to make payments secure and anonymous for our clients. We are adding more options to our payment methods because we know making a payment online should come handy and simple than ever. Buyprescriptionz online Pharmacy is where to [&hellip;]<\/p>","protected":false},"author":1,"featured_media":0,"parent":0,"menu_order":0,"comment_status":"open","ping_status":"open","template":"","meta":{"site-sidebar-layout":"default","site-content-layout":"","ast-site-content-layout":"default","site-content-style":"default","site-sidebar-style":"default","ast-global-header-display":"","ast-banner-title-visibility":"","ast-main-header-display":"","ast-hfb-above-header-display":"","ast-hfb-below-header-display":"","ast-hfb-mobile-header-display":"","site-post-title":"","ast-breadcrumbs-content":"","ast-featured-img":"","footer-sml-layout":"","theme-transparent-header-meta":"","adv-header-id-meta":"","stick-header-meta":"","header-above-stick-meta":"","header-main-stick-meta":"","header-below-stick-meta":"","astra-migrate-meta-layouts":"default","ast-page-background-enabled":"default","ast-page-background-meta":{"desktop":{"background-color":"var(--ast-global-color-4)","background-image":"","background-repeat":"repeat","background-position":"center center","background-size":"auto","background-attachment":"scroll","background-type":"","background-media":"","overlay-type":"","overlay-color":"","overlay-opacity":"","overlay-gradient":""},"tablet":{"background-color":"","background-image":"","background-repeat":"repeat","background-position":"center center","background-size":"auto","background-attachment":"scroll","background-type":"","background-media":"","overlay-type":"","overlay-color":"","overlay-opacity":"","overlay-gradient":""},"mobile":{"background-color":"","background-image":"","background-repeat":"repeat","background-position":"center center","background-size":"auto","background-attachment":"scroll","background-type":"","background-media":"","overlay-type":"","overlay-color":"","overlay-opacity":"","overlay-gradient":""}},"ast-content-background-meta":{"desktop":{"background-color":"var(--ast-global-color-5)","background-image":"","background-repeat":"repeat","background-position":"center center","background-size":"auto","background-attachment":"scroll","background-type":"","background-media":"","overlay-type":"","overlay-color":"","overlay-opacity":"","overlay-gradient":""},"tablet":{"background-color":"var(--ast-global-color-5)","background-image":"","background-repeat":"repeat","background-position":"center center","background-size":"auto","background-attachment":"scroll","background-type":"","background-media":"","overlay-type":"","overlay-color":"","overlay-opacity":"","overlay-gradient":""},"mobile":{"background-color":"var(--ast-global-color-5)","background-image":"","background-repeat":"repeat","background-position":"center center","background-size":"auto","background-attachment":"scroll","background-type":"","background-media":"","overlay-type":"","overlay-color":"","overlay-opacity":"","overlay-gradient":""}},"footnotes":""},"class_list":["post-986","page","type-page","status-publish","hentry"],"yoast_head":"<!-- This site is optimized with the Yoast SEO plugin v25.9 - https:\/\/yoast.com\/wordpress\/plugins\/seo\/ -->\n<title>Payment - Buy Prescriptionz<\/title>\n<meta name=\"robots\" content=\"index, follow, max-snippet:-1, max-image-preview:large, max-video-preview:-1\" \/>\n<link rel=\"canonical\" href=\"https:\/\/buy-prescriptionz.com\/hu\/payment\/\" \/>\n<meta property=\"og:locale\" content=\"hu_HU\" \/>\n<meta property=\"og:type\" content=\"article\" \/>\n<meta property=\"og:title\" content=\"Payment - Buy Prescriptionz\" \/>\n<meta property=\"og:description\" content=\"At Buyprescriptionz Pharmacy, payments modes are easy to use and make. There are always payment gateway upgrades to make payments secure and anonymous for our clients. We are adding more options to our payment methods because we know making a payment online should come handy and simple than ever. Buyprescriptionz online Pharmacy is where to [&hellip;]\" \/>\n<meta property=\"og:url\" content=\"https:\/\/buy-prescriptionz.com\/hu\/payment\/\" \/>\n<meta property=\"og:site_name\" content=\"Buy Prescriptionz\" \/>\n<meta name=\"twitter:card\" content=\"summary_large_image\" \/>\n<meta name=\"twitter:label1\" content=\"Becs\u00fclt olvas\u00e1si id\u0151\" \/>\n\t<meta name=\"twitter:data1\" content=\"1 perc\" \/>\n<script type=\"application\/ld+json\" class=\"yoast-schema-graph\">{\"@context\":\"https:\/\/schema.org\",\"@graph\":[{\"@type\":\"WebPage\",\"@id\":\"https:\/\/buy-prescriptionz.com\/payment\/\",\"url\":\"https:\/\/buy-prescriptionz.com\/payment\/\",\"name\":\"Payment - Buy Prescriptionz\",\"isPartOf\":{\"@id\":\"https:\/\/buy-prescriptionz.com\/#website\"},\"datePublished\":\"2019-05-08T05:53:37+00:00\",\"breadcrumb\":{\"@id\":\"https:\/\/buy-prescriptionz.com\/payment\/#breadcrumb\"},\"inLanguage\":\"hu\",\"potentialAction\":[{\"@type\":\"ReadAction\",\"target\":[\"https:\/\/buy-prescriptionz.com\/payment\/\"]}]},{\"@type\":\"BreadcrumbList\",\"@id\":\"https:\/\/buy-prescriptionz.com\/payment\/#breadcrumb\",\"itemListElement\":[{\"@type\":\"ListItem\",\"position\":1,\"name\":\"Home\",\"item\":\"https:\/\/buy-prescriptionz.com\/\"},{\"@type\":\"ListItem\",\"position\":2,\"name\":\"Payment\"}]},{\"@type\":\"WebSite\",\"@id\":\"https:\/\/buy-prescriptionz.com\/#website\",\"url\":\"https:\/\/buy-prescriptionz.com\/\",\"name\":\"Buy Prescriptionz\",\"description\":\"Drugs Online\",\"publisher\":{\"@id\":\"https:\/\/buy-prescriptionz.com\/#organization\"},\"potentialAction\":[{\"@type\":\"SearchAction\",\"target\":{\"@type\":\"EntryPoint\",\"urlTemplate\":\"https:\/\/buy-prescriptionz.com\/?s={search_term_string}\"},\"query-input\":{\"@type\":\"PropertyValueSpecification\",\"valueRequired\":true,\"valueName\":\"search_term_string\"}}],\"inLanguage\":\"hu\"},{\"@type\":\"Organization\",\"@id\":\"https:\/\/buy-prescriptionz.com\/#organization\",\"name\":\"Buy Prescriptionz\",\"url\":\"https:\/\/buy-prescriptionz.com\/\",\"logo\":{\"@type\":\"ImageObject\",\"inLanguage\":\"hu\",\"@id\":\"https:\/\/buy-prescriptionz.com\/#\/schema\/logo\/image\/\",\"url\":\"https:\/\/buy-prescriptionz.com\/wp-content\/uploads\/2023\/09\/logo.png\",\"contentUrl\":\"https:\/\/buy-prescriptionz.com\/wp-content\/uploads\/2023\/09\/logo.png\",\"width\":350,\"height\":64,\"caption\":\"Buy Prescriptionz\"},\"image\":{\"@id\":\"https:\/\/buy-prescriptionz.com\/#\/schema\/logo\/image\/\"}}]}<\/script>\n<!-- \/ Yoast SEO plugin. -->","yoast_head_json":{"title":"Payment - Buy Prescriptionz","robots":{"index":"index","follow":"follow","max-snippet":"max-snippet:-1","max-image-preview":"max-image-preview:large","max-video-preview":"max-video-preview:-1"},"canonical":"https:\/\/buy-prescriptionz.com\/hu\/payment\/","og_locale":"hu_HU","og_type":"article","og_title":"Payment - Buy Prescriptionz","og_description":"At Buyprescriptionz Pharmacy, payments modes are easy to use and make. There are always payment gateway upgrades to make payments secure and anonymous for our clients. We are adding more options to our payment methods because we know making a payment online should come handy and simple than ever. Buyprescriptionz online Pharmacy is where to [&hellip;]","og_url":"https:\/\/buy-prescriptionz.com\/hu\/payment\/","og_site_name":"Buy Prescriptionz","twitter_card":"summary_large_image","twitter_misc":{"Becs\u00fclt olvas\u00e1si id\u0151":"1 perc"},"schema":{"@context":"https:\/\/schema.org","@graph":[{"@type":"WebPage","@id":"https:\/\/buy-prescriptionz.com\/payment\/","url":"https:\/\/buy-prescriptionz.com\/payment\/","name":"Payment - Buy Prescriptionz","isPartOf":{"@id":"https:\/\/buy-prescriptionz.com\/#website"},"datePublished":"2019-05-08T05:53:37+00:00","breadcrumb":{"@id":"https:\/\/buy-prescriptionz.com\/payment\/#breadcrumb"},"inLanguage":"hu","potentialAction":[{"@type":"ReadAction","target":["https:\/\/buy-prescriptionz.com\/payment\/"]}]},{"@type":"BreadcrumbList","@id":"https:\/\/buy-prescriptionz.com\/payment\/#breadcrumb","itemListElement":[{"@type":"ListItem","position":1,"name":"Home","item":"https:\/\/buy-prescriptionz.com\/"},{"@type":"ListItem","position":2,"name":"Payment"}]},{"@type":"WebSite","@id":"https:\/\/buy-prescriptionz.com\/#website","url":"https:\/\/buy-prescriptionz.com\/","name":"Buy Prescriptionz","description":"Online gy\u00f3gyszerek","publisher":{"@id":"https:\/\/buy-prescriptionz.com\/#organization"},"potentialAction":[{"@type":"SearchAction","target":{"@type":"EntryPoint","urlTemplate":"https:\/\/buy-prescriptionz.com\/?s={search_term_string}"},"query-input":{"@type":"PropertyValueSpecification","valueRequired":true,"valueName":"search_term_string"}}],"inLanguage":"hu"},{"@type":"Organization","@id":"https:\/\/buy-prescriptionz.com\/#organization","name":"Buy Prescriptionz","url":"https:\/\/buy-prescriptionz.com\/","logo":{"@type":"ImageObject","inLanguage":"hu","@id":"https:\/\/buy-prescriptionz.com\/#\/schema\/logo\/image\/","url":"https:\/\/buy-prescriptionz.com\/wp-content\/uploads\/2023\/09\/logo.png","contentUrl":"https:\/\/buy-prescriptionz.com\/wp-content\/uploads\/2023\/09\/logo.png","width":350,"height":64,"caption":"Buy Prescriptionz"},"image":{"@id":"https:\/\/buy-prescriptionz.com\/#\/schema\/logo\/image\/"}}]}},"_links":{"self":[{"href":"https:\/\/buy-prescriptionz.com\/hu\/wp-json\/wp\/v2\/pages\/986","targetHints":{"allow":["GET"]}}],"collection":[{"href":"https:\/\/buy-prescriptionz.com\/hu\/wp-json\/wp\/v2\/pages"}],"about":[{"href":"https:\/\/buy-prescriptionz.com\/hu\/wp-json\/wp\/v2\/types\/page"}],"author":[{"embeddable":true,"href":"https:\/\/buy-prescriptionz.com\/hu\/wp-json\/wp\/v2\/users\/1"}],"replies":[{"embeddable":true,"href":"https:\/\/buy-prescriptionz.com\/hu\/wp-json\/wp\/v2\/comments?post=986"}],"version-history":[{"count":0,"href":"https:\/\/buy-prescriptionz.com\/hu\/wp-json\/wp\/v2\/pages\/986\/revisions"}],"wp:attachment":[{"href":"https:\/\/buy-prescriptionz.com\/hu\/wp-json\/wp\/v2\/media?parent=986"}],"curies":[{"name":"wp","href":"https:\/\/api.w.org\/{rel}","templated":true}]}}