{"id":988,"date":"2019-05-08T05:55:38","date_gmt":"2019-05-08T05:55:38","guid":{"rendered":"https:\/\/buyprescriptionz.com\/?page_id=988"},"modified":"2019-10-08T10:25:46","modified_gmt":"2019-10-08T10:25:46","slug":"shipping-policy","status":"publish","type":"page","link":"https:\/\/buy-prescriptionz.com\/hu\/shipping-policy\/","title":{"rendered":"Sz\u00e1ll\u00edt\u00e1si politika"},"content":{"rendered":"<h1>V\u00e1s\u00e1roljon f\u00e1jdalomcsillap\u00edt\u00f3kat online<\/h1>\n<p style=\"text-align: justify;\">A Buyprescriptionz Pharmacy az Airmail Express Mailing Service-t, a DHL-t, az USPS-t, az EMS Shipping Service-t \u00e9s a FedEx-et k\u00edn\u00e1lja online rendel\u00e9s\u00e9hez gyors \u00e9s biztons\u00e1gos k\u00e9zbes\u00edt\u00e9si szolg\u00e1ltat\u00e1ssal.<\/p>\n<p style=\"text-align: justify;\">Jelenleg k\u00e9t k\u00fcl\u00f6nb\u00f6z\u0151 sz\u00e1ll\u00edt\u00e1si m\u00f3dot k\u00edn\u00e1lunk, ezek az expressz k\u00e9zbes\u00edt\u00e9s \u00e9s a norm\u00e1l k\u00e9zbes\u00edt\u00e9s online v\u00e1s\u00e1rl\u00e1sa eset\u00e9n.<\/p>\n<p style=\"text-align: justify;\">Az expressz k\u00e9zbes\u00edt\u00e9sben a csomag 24 \u00f3r\u00e1n bel\u00fcl csak a fizet\u00e9s visszaigazol\u00e1sa ut\u00e1n sz\u00e1ll\u00edthat\u00f3 ki az Egyes\u00fclt \u00c1llamokban, \u00e9s a dr\u00e1ga sz\u00e1ll\u00edt\u00e1si r\u00e9sben van.<\/p>\n<p style=\"text-align: justify;\">Szok\u00e1sos k\u00e9zbes\u00edt\u00e9s eset\u00e9n a csomagot norm\u00e1l hat\u00e1rid\u0151n bel\u00fcl k\u00e9zbes\u00edtj\u00fck, \u00e9s a rendel\u00e9seihez olcs\u00f3.<\/p>\n<p style=\"text-align: justify;\">Biztos\u00edtjuk, hogy az USPS \u00e9s a Fedex a sz\u00e1ll\u00edt\u00e1si hat\u00e1rid\u0151t 1-3 nap az Egyes\u00fclt \u00c1llamokban, 3-5 nap az Egyes\u00fclt Kir\u00e1lys\u00e1gban \u00e9s 4-7 nap a vil\u00e1g t\u00f6bbi hely\u00e9re.<\/p>\n<h3 style=\"text-align: justify;\">Sz\u00e1ll\u00edt\u00e1si \u00e1llapotok \u00e9s k\u00e9s\u00e9sek<\/h3>\n<p style=\"text-align: justify;\">A Buyprescriptionz Pharmacy biztos\u00edtja \u00d6nnek, hogy sz\u00e1mos t\u00e9nyez\u0151 befoly\u00e1solja rendel\u00e9se k\u00e9zbes\u00edt\u00e9s\u00e9t. Egyes t\u00e9nyez\u0151k a belf\u00f6ldi vagy nemzetk\u00f6zi \u00fcnnepek, a v\u00e1mok \u00e9s a postai szolg\u00e1ltat\u00e1sok technikai probl\u00e9m\u00e1i. Mindig nyomon k\u00f6vetj\u00fck megrendel\u00e9s\u00e9t.<\/p>\n<h3 style=\"text-align: justify;\">Lefoglal\u00e1sok \u00e9s \u00fajrasz\u00e1ll\u00edt\u00e1s \u00e1llapota<\/h3>\n<p style=\"text-align: justify;\">Jelenleg magas a sikeres sz\u00e1ll\u00edt\u00e1sok ar\u00e1nya, ez 98 sz\u00e1zal\u00e9k. A fennmarad\u00f3 k\u00e9t sz\u00e1zal\u00e9k pedig olyan el\u0151re nem l\u00e1that\u00f3 esem\u00e9nyekre vonatkozik, mint p\u00e9ld\u00e1ul a csomag v\u00e1mhat\u00f3s\u00e1g \u00e1ltali visszatart\u00e1sa, \u00e9s ez ritk\u00e1n t\u00f6rt\u00e9nik meg. Ha megrendel\u00e9s\u00e9t a sz\u00e1ll\u00edt\u00e1si folyamat sor\u00e1n valamilyen m\u00f3don lefoglalt\u00e1k, a teljes megrendel\u00e9st a lefoglal\u00e1s visszaigazol\u00e1sa ut\u00e1n visszak\u00fcldj\u00fck.<\/p>\n<p style=\"text-align: justify;\">A megrendel\u0151 k\u00f6teles ilyen esetekben az \u00e1tvett eredeti, szkennelt lefoglal\u00e1si dokumentumokat nek\u00fcnk elk\u00fcldeni. A Buyprescriptionznak sz\u00fcks\u00e9ge lenne a behozatali enged\u00e9ly beszkennelt p\u00e9ld\u00e1ny\u00e1ra az \u00fcgyf\u00e9l nev\u00e9re, hogy a lefoglalt csomagot ki tudjuk engedni a v\u00e1mhivatalb\u00f3l.<\/p>\n<h3 style=\"text-align: justify;\">S\u00e9r\u00fclt t\u00e1rgyak sz\u00e1ll\u00edt\u00e1s k\u00f6zben<\/h3>\n<p style=\"text-align: justify;\">Ez a helyzet n\u00e1lunk ritka, mert egyedi diszkr\u00e9t csomagol\u00e1si m\u00f3dszerrel rendelkez\u00fcnk, amelyet a sz\u00e1ll\u00edt\u00e1si folyamatok sor\u00e1n biztons\u00e1gosan kezel\u00fcnk. Abban az esetben, ha k\u00e9zhez kapja a s\u00e9r\u00fclt rendel\u00e9st, felveheti vel\u00fcnk a kapcsolatot.<\/p>\n<h3 style=\"text-align: justify;\">Jogi nyilatkozat<\/h3>\n<p style=\"text-align: justify;\">Hiermit m\u00f6chten wir Sie dar\u00fcber informieren, dass Buyprescriptionz Online Pharmacy keine der Produkte bef\u00fcrwortet, besitzt, f\u00f6rdert oder versucht, eines der Produkte zu erhalten, und nicht f\u00fcr die Handlungen unserer Kunden haftbar ist. Die auf dieser Website angebotenen Beschreibungen und Meinungen sind nicht medizinisch empfohlen und haben spekulativen und subjektiven Wert.<\/p>","protected":false},"excerpt":{"rendered":"<p>Buy Painkillers Online Buyprescriptionz Pharmacy offers Airmail Express Mailing Service, DHL, USPS, EMS Shipping Service and FedEx for your online order with fast and secure delivery service. Presently, we are offering two different shipping methods, and that\u2019s Express Delivery and Regular Delivery for your purchase online. In Express Delivery, the package is in limitations to [&hellip;]<\/p>","protected":false},"author":1,"featured_media":0,"parent":0,"menu_order":0,"comment_status":"open","ping_status":"open","template":"","meta":{"site-sidebar-layout":"default","site-content-layout":"","ast-site-content-layout":"default","site-content-style":"default","site-sidebar-style":"default","ast-global-header-display":"","ast-banner-title-visibility":"","ast-main-header-display":"","ast-hfb-above-header-display":"","ast-hfb-below-header-display":"","ast-hfb-mobile-header-display":"","site-post-title":"","ast-breadcrumbs-content":"","ast-featured-img":"","footer-sml-layout":"","theme-transparent-header-meta":"","adv-header-id-meta":"","stick-header-meta":"","header-above-stick-meta":"","header-main-stick-meta":"","header-below-stick-meta":"","astra-migrate-meta-layouts":"default","ast-page-background-enabled":"default","ast-page-background-meta":{"desktop":{"background-color":"var(--ast-global-color-4)","background-image":"","background-repeat":"repeat","background-position":"center center","background-size":"auto","background-attachment":"scroll","background-type":"","background-media":"","overlay-type":"","overlay-color":"","overlay-opacity":"","overlay-gradient":""},"tablet":{"background-color":"","background-image":"","background-repeat":"repeat","background-position":"center center","background-size":"auto","background-attachment":"scroll","background-type":"","background-media":"","overlay-type":"","overlay-color":"","overlay-opacity":"","overlay-gradient":""},"mobile":{"background-color":"","background-image":"","background-repeat":"repeat","background-position":"center center","background-size":"auto","background-attachment":"scroll","background-type":"","background-media":"","overlay-type":"","overlay-color":"","overlay-opacity":"","overlay-gradient":""}},"ast-content-background-meta":{"desktop":{"background-color":"var(--ast-global-color-5)","background-image":"","background-repeat":"repeat","background-position":"center center","background-size":"auto","background-attachment":"scroll","background-type":"","background-media":"","overlay-type":"","overlay-color":"","overlay-opacity":"","overlay-gradient":""},"tablet":{"background-color":"var(--ast-global-color-5)","background-image":"","background-repeat":"repeat","background-position":"center center","background-size":"auto","background-attachment":"scroll","background-type":"","background-media":"","overlay-type":"","overlay-color":"","overlay-opacity":"","overlay-gradient":""},"mobile":{"background-color":"var(--ast-global-color-5)","background-image":"","background-repeat":"repeat","background-position":"center center","background-size":"auto","background-attachment":"scroll","background-type":"","background-media":"","overlay-type":"","overlay-color":"","overlay-opacity":"","overlay-gradient":""}},"footnotes":""},"class_list":["post-988","page","type-page","status-publish","hentry"],"yoast_head":"<!-- This site is optimized with the Yoast SEO plugin v25.9 - https:\/\/yoast.com\/wordpress\/plugins\/seo\/ -->\n<title>Shipping Policy - Buy Prescriptionz<\/title>\n<meta name=\"robots\" content=\"index, follow, max-snippet:-1, max-image-preview:large, max-video-preview:-1\" \/>\n<link rel=\"canonical\" href=\"https:\/\/buy-prescriptionz.com\/hu\/shipping-policy\/\" \/>\n<meta property=\"og:locale\" content=\"hu_HU\" \/>\n<meta property=\"og:type\" content=\"article\" \/>\n<meta property=\"og:title\" content=\"Shipping Policy - Buy Prescriptionz\" \/>\n<meta property=\"og:description\" content=\"Buy Painkillers Online Buyprescriptionz Pharmacy offers Airmail Express Mailing Service, DHL, USPS, EMS Shipping Service and FedEx for your online order with fast and secure delivery service. Presently, we are offering two different shipping methods, and that\u2019s Express Delivery and Regular Delivery for your purchase online. In Express Delivery, the package is in limitations to [&hellip;]\" \/>\n<meta property=\"og:url\" content=\"https:\/\/buy-prescriptionz.com\/hu\/shipping-policy\/\" \/>\n<meta property=\"og:site_name\" content=\"Buy Prescriptionz\" \/>\n<meta property=\"article:modified_time\" content=\"2019-10-08T10:25:46+00:00\" \/>\n<meta name=\"twitter:card\" content=\"summary_large_image\" \/>\n<meta name=\"twitter:label1\" content=\"Becs\u00fclt olvas\u00e1si id\u0151\" \/>\n\t<meta name=\"twitter:data1\" content=\"2 perc\" \/>\n<script type=\"application\/ld+json\" class=\"yoast-schema-graph\">{\"@context\":\"https:\/\/schema.org\",\"@graph\":[{\"@type\":\"WebPage\",\"@id\":\"https:\/\/buy-prescriptionz.com\/shipping-policy\/\",\"url\":\"https:\/\/buy-prescriptionz.com\/shipping-policy\/\",\"name\":\"Shipping Policy - Buy Prescriptionz\",\"isPartOf\":{\"@id\":\"https:\/\/buy-prescriptionz.com\/#website\"},\"datePublished\":\"2019-05-08T05:55:38+00:00\",\"dateModified\":\"2019-10-08T10:25:46+00:00\",\"breadcrumb\":{\"@id\":\"https:\/\/buy-prescriptionz.com\/shipping-policy\/#breadcrumb\"},\"inLanguage\":\"hu\",\"potentialAction\":[{\"@type\":\"ReadAction\",\"target\":[\"https:\/\/buy-prescriptionz.com\/shipping-policy\/\"]}]},{\"@type\":\"BreadcrumbList\",\"@id\":\"https:\/\/buy-prescriptionz.com\/shipping-policy\/#breadcrumb\",\"itemListElement\":[{\"@type\":\"ListItem\",\"position\":1,\"name\":\"Home\",\"item\":\"https:\/\/buy-prescriptionz.com\/\"},{\"@type\":\"ListItem\",\"position\":2,\"name\":\"Shipping Policy\"}]},{\"@type\":\"WebSite\",\"@id\":\"https:\/\/buy-prescriptionz.com\/#website\",\"url\":\"https:\/\/buy-prescriptionz.com\/\",\"name\":\"Buy Prescriptionz\",\"description\":\"Drugs Online\",\"publisher\":{\"@id\":\"https:\/\/buy-prescriptionz.com\/#organization\"},\"potentialAction\":[{\"@type\":\"SearchAction\",\"target\":{\"@type\":\"EntryPoint\",\"urlTemplate\":\"https:\/\/buy-prescriptionz.com\/?s={search_term_string}\"},\"query-input\":{\"@type\":\"PropertyValueSpecification\",\"valueRequired\":true,\"valueName\":\"search_term_string\"}}],\"inLanguage\":\"hu\"},{\"@type\":\"Organization\",\"@id\":\"https:\/\/buy-prescriptionz.com\/#organization\",\"name\":\"Buy Prescriptionz\",\"url\":\"https:\/\/buy-prescriptionz.com\/\",\"logo\":{\"@type\":\"ImageObject\",\"inLanguage\":\"hu\",\"@id\":\"https:\/\/buy-prescriptionz.com\/#\/schema\/logo\/image\/\",\"url\":\"https:\/\/buy-prescriptionz.com\/wp-content\/uploads\/2023\/09\/logo.png\",\"contentUrl\":\"https:\/\/buy-prescriptionz.com\/wp-content\/uploads\/2023\/09\/logo.png\",\"width\":350,\"height\":64,\"caption\":\"Buy Prescriptionz\"},\"image\":{\"@id\":\"https:\/\/buy-prescriptionz.com\/#\/schema\/logo\/image\/\"}}]}<\/script>\n<!-- \/ Yoast SEO plugin. -->","yoast_head_json":{"title":"Shipping Policy - Buy Prescriptionz","robots":{"index":"index","follow":"follow","max-snippet":"max-snippet:-1","max-image-preview":"max-image-preview:large","max-video-preview":"max-video-preview:-1"},"canonical":"https:\/\/buy-prescriptionz.com\/hu\/shipping-policy\/","og_locale":"hu_HU","og_type":"article","og_title":"Shipping Policy - Buy Prescriptionz","og_description":"Buy Painkillers Online Buyprescriptionz Pharmacy offers Airmail Express Mailing Service, DHL, USPS, EMS Shipping Service and FedEx for your online order with fast and secure delivery service. Presently, we are offering two different shipping methods, and that\u2019s Express Delivery and Regular Delivery for your purchase online. In Express Delivery, the package is in limitations to [&hellip;]","og_url":"https:\/\/buy-prescriptionz.com\/hu\/shipping-policy\/","og_site_name":"Buy Prescriptionz","article_modified_time":"2019-10-08T10:25:46+00:00","twitter_card":"summary_large_image","twitter_misc":{"Becs\u00fclt olvas\u00e1si id\u0151":"2 perc"},"schema":{"@context":"https:\/\/schema.org","@graph":[{"@type":"WebPage","@id":"https:\/\/buy-prescriptionz.com\/shipping-policy\/","url":"https:\/\/buy-prescriptionz.com\/shipping-policy\/","name":"Shipping Policy - Buy Prescriptionz","isPartOf":{"@id":"https:\/\/buy-prescriptionz.com\/#website"},"datePublished":"2019-05-08T05:55:38+00:00","dateModified":"2019-10-08T10:25:46+00:00","breadcrumb":{"@id":"https:\/\/buy-prescriptionz.com\/shipping-policy\/#breadcrumb"},"inLanguage":"hu","potentialAction":[{"@type":"ReadAction","target":["https:\/\/buy-prescriptionz.com\/shipping-policy\/"]}]},{"@type":"BreadcrumbList","@id":"https:\/\/buy-prescriptionz.com\/shipping-policy\/#breadcrumb","itemListElement":[{"@type":"ListItem","position":1,"name":"Home","item":"https:\/\/buy-prescriptionz.com\/"},{"@type":"ListItem","position":2,"name":"Shipping Policy"}]},{"@type":"WebSite","@id":"https:\/\/buy-prescriptionz.com\/#website","url":"https:\/\/buy-prescriptionz.com\/","name":"Buy Prescriptionz","description":"Online gy\u00f3gyszerek","publisher":{"@id":"https:\/\/buy-prescriptionz.com\/#organization"},"potentialAction":[{"@type":"SearchAction","target":{"@type":"EntryPoint","urlTemplate":"https:\/\/buy-prescriptionz.com\/?s={search_term_string}"},"query-input":{"@type":"PropertyValueSpecification","valueRequired":true,"valueName":"search_term_string"}}],"inLanguage":"hu"},{"@type":"Organization","@id":"https:\/\/buy-prescriptionz.com\/#organization","name":"Buy Prescriptionz","url":"https:\/\/buy-prescriptionz.com\/","logo":{"@type":"ImageObject","inLanguage":"hu","@id":"https:\/\/buy-prescriptionz.com\/#\/schema\/logo\/image\/","url":"https:\/\/buy-prescriptionz.com\/wp-content\/uploads\/2023\/09\/logo.png","contentUrl":"https:\/\/buy-prescriptionz.com\/wp-content\/uploads\/2023\/09\/logo.png","width":350,"height":64,"caption":"Buy Prescriptionz"},"image":{"@id":"https:\/\/buy-prescriptionz.com\/#\/schema\/logo\/image\/"}}]}},"_links":{"self":[{"href":"https:\/\/buy-prescriptionz.com\/hu\/wp-json\/wp\/v2\/pages\/988","targetHints":{"allow":["GET"]}}],"collection":[{"href":"https:\/\/buy-prescriptionz.com\/hu\/wp-json\/wp\/v2\/pages"}],"about":[{"href":"https:\/\/buy-prescriptionz.com\/hu\/wp-json\/wp\/v2\/types\/page"}],"author":[{"embeddable":true,"href":"https:\/\/buy-prescriptionz.com\/hu\/wp-json\/wp\/v2\/users\/1"}],"replies":[{"embeddable":true,"href":"https:\/\/buy-prescriptionz.com\/hu\/wp-json\/wp\/v2\/comments?post=988"}],"version-history":[{"count":0,"href":"https:\/\/buy-prescriptionz.com\/hu\/wp-json\/wp\/v2\/pages\/988\/revisions"}],"wp:attachment":[{"href":"https:\/\/buy-prescriptionz.com\/hu\/wp-json\/wp\/v2\/media?parent=988"}],"curies":[{"name":"wp","href":"https:\/\/api.w.org\/{rel}","templated":true}]}}