{"id":990,"date":"2019-05-08T05:58:35","date_gmt":"2019-05-08T05:58:35","guid":{"rendered":"https:\/\/buyprescriptionz.com\/?page_id=990"},"modified":"2019-05-08T05:59:04","modified_gmt":"2019-05-08T05:59:04","slug":"rendeles","status":"publish","type":"page","link":"https:\/\/buy-prescriptionz.com\/hu\/rendeles\/","title":{"rendered":"Megrendel\u00e9s lead\u00e1sa"},"content":{"rendered":"<p style=\"text-align: justify;\">At Buyprescriptionz.com, you can buy medication at an affordable price in four steps:<\/p>\n<h3 style=\"text-align: justify;\">1. Check your cart.<\/h3>\n<p style=\"text-align: justify;\">Check the medications and the quantity in your shopping cart. You have the option of medicines of including or excluding the quantity or medications by clicking on Update. Checked, now you&#8217;re going to the checkout.<\/p>\n<h3>2. Visit Ship, Bill and Pay screen.<\/h3>\n<p style=\"text-align: justify;\">Here, you will ensure you&#8217;re signed in to your account, or it does not matter if you are not. In case you&#8217;re not, you will get a prompt to sign in before proceeding to the Ship, Bill and Pay screen. With us, you can buy medications with discreet packaging and the best fast and secure shipping service.<\/p>\n<p style=\"text-align: justify;\">From this page, you can confirm and updates the details of your transportation, charging and including:<\/p>\n<ul style=\"text-align: justify;\">\n<li>Delivery Address<\/li>\n<li>Delivery Bearer<\/li>\n<li>Delivery Notes<\/li>\n<li>Billing Address<\/li>\n<li>Payment Type<\/li>\n<\/ul>\n<p style=\"text-align: justify;\">You may see the medication and quantity of order and pricing details. Then, you can click on the Review Order for the next step.<\/p>\n<h3>3. Review Your Request.<\/h3>\n<p style=\"text-align: justify;\">You will observe a detailed presentation of your order and your total cost, including delivery and other details. If you have to modify any of the data, click the Edit button to come back to the Ship, Bill and Pay page. Your order and other details are sent utilizing Secure Sockets Layer (SSL).<\/p>\n<h3>4. Get Receipt.<\/h3>\n<p style=\"text-align: justify;\">You will see the data submitted. This is your online receipt. On this page, you can see a printable form and email data. A duplicate of this data will be in your email account that\u2019s with of your account. You will receive your order shortly after we review it through our team and it will come through the fast and secure delivery service.<\/p>\n<p style=\"text-align: justify;\">You can also email us the following details to order the medications or products you wish to buy in the following format.<\/p>\n<ul style=\"text-align: justify;\">\n<li>Name of the medication\/product<\/li>\n<li>Quantity Required (Amount of pills or bottles your need)<\/li>\n<li>Delivery Address<\/li>\n<li>Contact Details<\/li>\n<\/ul>\n<p style=\"text-align: justify;\">After receiving your email, we will confirm the order with you and deliver it to the delivery address provided in the details.<\/p>","protected":false},"excerpt":{"rendered":"<p>At Buyprescriptionz.com, you can buy medication at an affordable price in four steps: 1. Check your cart. Check the medications and the quantity in your shopping cart. You have the option of medicines of including or excluding the quantity or medications by clicking on Update. Checked, now you&#8217;re going to the checkout. 2. Visit Ship, [&hellip;]<\/p>","protected":false},"author":1,"featured_media":0,"parent":0,"menu_order":0,"comment_status":"open","ping_status":"open","template":"","meta":{"site-sidebar-layout":"default","site-content-layout":"","ast-site-content-layout":"default","site-content-style":"default","site-sidebar-style":"default","ast-global-header-display":"","ast-banner-title-visibility":"","ast-main-header-display":"","ast-hfb-above-header-display":"","ast-hfb-below-header-display":"","ast-hfb-mobile-header-display":"","site-post-title":"","ast-breadcrumbs-content":"","ast-featured-img":"","footer-sml-layout":"","theme-transparent-header-meta":"","adv-header-id-meta":"","stick-header-meta":"","header-above-stick-meta":"","header-main-stick-meta":"","header-below-stick-meta":"","astra-migrate-meta-layouts":"default","ast-page-background-enabled":"default","ast-page-background-meta":{"desktop":{"background-color":"var(--ast-global-color-4)","background-image":"","background-repeat":"repeat","background-position":"center center","background-size":"auto","background-attachment":"scroll","background-type":"","background-media":"","overlay-type":"","overlay-color":"","overlay-opacity":"","overlay-gradient":""},"tablet":{"background-color":"","background-image":"","background-repeat":"repeat","background-position":"center center","background-size":"auto","background-attachment":"scroll","background-type":"","background-media":"","overlay-type":"","overlay-color":"","overlay-opacity":"","overlay-gradient":""},"mobile":{"background-color":"","background-image":"","background-repeat":"repeat","background-position":"center center","background-size":"auto","background-attachment":"scroll","background-type":"","background-media":"","overlay-type":"","overlay-color":"","overlay-opacity":"","overlay-gradient":""}},"ast-content-background-meta":{"desktop":{"background-color":"var(--ast-global-color-5)","background-image":"","background-repeat":"repeat","background-position":"center center","background-size":"auto","background-attachment":"scroll","background-type":"","background-media":"","overlay-type":"","overlay-color":"","overlay-opacity":"","overlay-gradient":""},"tablet":{"background-color":"var(--ast-global-color-5)","background-image":"","background-repeat":"repeat","background-position":"center center","background-size":"auto","background-attachment":"scroll","background-type":"","background-media":"","overlay-type":"","overlay-color":"","overlay-opacity":"","overlay-gradient":""},"mobile":{"background-color":"var(--ast-global-color-5)","background-image":"","background-repeat":"repeat","background-position":"center center","background-size":"auto","background-attachment":"scroll","background-type":"","background-media":"","overlay-type":"","overlay-color":"","overlay-opacity":"","overlay-gradient":""}},"footnotes":""},"class_list":["post-990","page","type-page","status-publish","hentry"],"yoast_head":"<!-- This site is optimized with the Yoast SEO plugin v25.9 - https:\/\/yoast.com\/wordpress\/plugins\/seo\/ -->\n<title>Place An Order - Buy Prescriptionz<\/title>\n<meta name=\"robots\" content=\"index, follow, max-snippet:-1, max-image-preview:large, max-video-preview:-1\" \/>\n<link rel=\"canonical\" href=\"https:\/\/buy-prescriptionz.com\/hu\/rendeles\/\" \/>\n<meta property=\"og:locale\" content=\"hu_HU\" \/>\n<meta property=\"og:type\" content=\"article\" \/>\n<meta property=\"og:title\" content=\"Place An Order - Buy Prescriptionz\" \/>\n<meta property=\"og:description\" content=\"At Buyprescriptionz.com, you can buy medication at an affordable price in four steps: 1. Check your cart. Check the medications and the quantity in your shopping cart. You have the option of medicines of including or excluding the quantity or medications by clicking on Update. Checked, now you&#8217;re going to the checkout. 2. Visit Ship, [&hellip;]\" \/>\n<meta property=\"og:url\" content=\"https:\/\/buy-prescriptionz.com\/hu\/rendeles\/\" \/>\n<meta property=\"og:site_name\" content=\"Buy Prescriptionz\" \/>\n<meta property=\"article:modified_time\" content=\"2019-05-08T05:59:04+00:00\" \/>\n<meta name=\"twitter:card\" content=\"summary_large_image\" \/>\n<meta name=\"twitter:label1\" content=\"Becs\u00fclt olvas\u00e1si id\u0151\" \/>\n\t<meta name=\"twitter:data1\" content=\"2 perc\" \/>\n<script type=\"application\/ld+json\" class=\"yoast-schema-graph\">{\"@context\":\"https:\/\/schema.org\",\"@graph\":[{\"@type\":\"WebPage\",\"@id\":\"https:\/\/buy-prescriptionz.com\/order\/\",\"url\":\"https:\/\/buy-prescriptionz.com\/order\/\",\"name\":\"Place An Order - Buy Prescriptionz\",\"isPartOf\":{\"@id\":\"https:\/\/buy-prescriptionz.com\/#website\"},\"datePublished\":\"2019-05-08T05:58:35+00:00\",\"dateModified\":\"2019-05-08T05:59:04+00:00\",\"breadcrumb\":{\"@id\":\"https:\/\/buy-prescriptionz.com\/order\/#breadcrumb\"},\"inLanguage\":\"hu\",\"potentialAction\":[{\"@type\":\"ReadAction\",\"target\":[\"https:\/\/buy-prescriptionz.com\/order\/\"]}]},{\"@type\":\"BreadcrumbList\",\"@id\":\"https:\/\/buy-prescriptionz.com\/order\/#breadcrumb\",\"itemListElement\":[{\"@type\":\"ListItem\",\"position\":1,\"name\":\"Home\",\"item\":\"https:\/\/buy-prescriptionz.com\/\"},{\"@type\":\"ListItem\",\"position\":2,\"name\":\"Place An Order\"}]},{\"@type\":\"WebSite\",\"@id\":\"https:\/\/buy-prescriptionz.com\/#website\",\"url\":\"https:\/\/buy-prescriptionz.com\/\",\"name\":\"Buy Prescriptionz\",\"description\":\"Drugs Online\",\"publisher\":{\"@id\":\"https:\/\/buy-prescriptionz.com\/#organization\"},\"potentialAction\":[{\"@type\":\"SearchAction\",\"target\":{\"@type\":\"EntryPoint\",\"urlTemplate\":\"https:\/\/buy-prescriptionz.com\/?s={search_term_string}\"},\"query-input\":{\"@type\":\"PropertyValueSpecification\",\"valueRequired\":true,\"valueName\":\"search_term_string\"}}],\"inLanguage\":\"hu\"},{\"@type\":\"Organization\",\"@id\":\"https:\/\/buy-prescriptionz.com\/#organization\",\"name\":\"Buy Prescriptionz\",\"url\":\"https:\/\/buy-prescriptionz.com\/\",\"logo\":{\"@type\":\"ImageObject\",\"inLanguage\":\"hu\",\"@id\":\"https:\/\/buy-prescriptionz.com\/#\/schema\/logo\/image\/\",\"url\":\"https:\/\/buy-prescriptionz.com\/wp-content\/uploads\/2023\/09\/logo.png\",\"contentUrl\":\"https:\/\/buy-prescriptionz.com\/wp-content\/uploads\/2023\/09\/logo.png\",\"width\":350,\"height\":64,\"caption\":\"Buy Prescriptionz\"},\"image\":{\"@id\":\"https:\/\/buy-prescriptionz.com\/#\/schema\/logo\/image\/\"}}]}<\/script>\n<!-- \/ Yoast SEO plugin. -->","yoast_head_json":{"title":"Place An Order - Buy Prescriptionz","robots":{"index":"index","follow":"follow","max-snippet":"max-snippet:-1","max-image-preview":"max-image-preview:large","max-video-preview":"max-video-preview:-1"},"canonical":"https:\/\/buy-prescriptionz.com\/hu\/rendeles\/","og_locale":"hu_HU","og_type":"article","og_title":"Place An Order - Buy Prescriptionz","og_description":"At Buyprescriptionz.com, you can buy medication at an affordable price in four steps: 1. Check your cart. Check the medications and the quantity in your shopping cart. You have the option of medicines of including or excluding the quantity or medications by clicking on Update. Checked, now you&#8217;re going to the checkout. 2. Visit Ship, [&hellip;]","og_url":"https:\/\/buy-prescriptionz.com\/hu\/rendeles\/","og_site_name":"Buy Prescriptionz","article_modified_time":"2019-05-08T05:59:04+00:00","twitter_card":"summary_large_image","twitter_misc":{"Becs\u00fclt olvas\u00e1si id\u0151":"2 perc"},"schema":{"@context":"https:\/\/schema.org","@graph":[{"@type":"WebPage","@id":"https:\/\/buy-prescriptionz.com\/order\/","url":"https:\/\/buy-prescriptionz.com\/order\/","name":"Place An Order - Buy Prescriptionz","isPartOf":{"@id":"https:\/\/buy-prescriptionz.com\/#website"},"datePublished":"2019-05-08T05:58:35+00:00","dateModified":"2019-05-08T05:59:04+00:00","breadcrumb":{"@id":"https:\/\/buy-prescriptionz.com\/order\/#breadcrumb"},"inLanguage":"hu","potentialAction":[{"@type":"ReadAction","target":["https:\/\/buy-prescriptionz.com\/order\/"]}]},{"@type":"BreadcrumbList","@id":"https:\/\/buy-prescriptionz.com\/order\/#breadcrumb","itemListElement":[{"@type":"ListItem","position":1,"name":"Home","item":"https:\/\/buy-prescriptionz.com\/"},{"@type":"ListItem","position":2,"name":"Place An Order"}]},{"@type":"WebSite","@id":"https:\/\/buy-prescriptionz.com\/#website","url":"https:\/\/buy-prescriptionz.com\/","name":"Buy Prescriptionz","description":"Online gy\u00f3gyszerek","publisher":{"@id":"https:\/\/buy-prescriptionz.com\/#organization"},"potentialAction":[{"@type":"SearchAction","target":{"@type":"EntryPoint","urlTemplate":"https:\/\/buy-prescriptionz.com\/?s={search_term_string}"},"query-input":{"@type":"PropertyValueSpecification","valueRequired":true,"valueName":"search_term_string"}}],"inLanguage":"hu"},{"@type":"Organization","@id":"https:\/\/buy-prescriptionz.com\/#organization","name":"Buy Prescriptionz","url":"https:\/\/buy-prescriptionz.com\/","logo":{"@type":"ImageObject","inLanguage":"hu","@id":"https:\/\/buy-prescriptionz.com\/#\/schema\/logo\/image\/","url":"https:\/\/buy-prescriptionz.com\/wp-content\/uploads\/2023\/09\/logo.png","contentUrl":"https:\/\/buy-prescriptionz.com\/wp-content\/uploads\/2023\/09\/logo.png","width":350,"height":64,"caption":"Buy Prescriptionz"},"image":{"@id":"https:\/\/buy-prescriptionz.com\/#\/schema\/logo\/image\/"}}]}},"_links":{"self":[{"href":"https:\/\/buy-prescriptionz.com\/hu\/wp-json\/wp\/v2\/pages\/990","targetHints":{"allow":["GET"]}}],"collection":[{"href":"https:\/\/buy-prescriptionz.com\/hu\/wp-json\/wp\/v2\/pages"}],"about":[{"href":"https:\/\/buy-prescriptionz.com\/hu\/wp-json\/wp\/v2\/types\/page"}],"author":[{"embeddable":true,"href":"https:\/\/buy-prescriptionz.com\/hu\/wp-json\/wp\/v2\/users\/1"}],"replies":[{"embeddable":true,"href":"https:\/\/buy-prescriptionz.com\/hu\/wp-json\/wp\/v2\/comments?post=990"}],"version-history":[{"count":0,"href":"https:\/\/buy-prescriptionz.com\/hu\/wp-json\/wp\/v2\/pages\/990\/revisions"}],"wp:attachment":[{"href":"https:\/\/buy-prescriptionz.com\/hu\/wp-json\/wp\/v2\/media?parent=990"}],"curies":[{"name":"wp","href":"https:\/\/api.w.org\/{rel}","templated":true}]}}