{"id":2932,"date":"2025-09-16T08:55:28","date_gmt":"2025-09-16T08:55:28","guid":{"rendered":"https:\/\/chemsfine.com\/newsite\/?post_type=product&#038;p=2932"},"modified":"2025-09-22T05:12:55","modified_gmt":"2025-09-22T05:12:55","slug":"flunitrazepam-online-vasarlas","status":"publish","type":"product","link":"https:\/\/buy-prescriptionz.com\/hu\/term%c3%a9k\/flunitrazepam-online-vasarlas\/","title":{"rendered":"Flunitrazepam online v\u00e1s\u00e1rl\u00e1sa"},"content":{"rendered":"<h2>flunitrazepam hol lehet megv\u00e1s\u00e1rolni \/ flunitrazepam elad\u00f3<\/h2>\n<p>A flunitrazep\u00e1m, m\u00e1s n\u00e9ven Rohypnol n\u00e9ven is ismert, egy k\u00f6zepes hat\u00e1s\u00fa benzodiazepin, amelyet egyes orsz\u00e1gokban s\u00falyos \u00e1lmatlans\u00e1g kezel\u00e9s\u00e9re haszn\u00e1lnak, kevesebb orsz\u00e1gban pedig az altat\u00e1s korai szakasz\u00e1ban.<\/p>\n<p><strong>Flunitrazepam: Understanding Its Uses and Dosage<\/strong><\/p>\n<p>A flunitrazepam, k\u00f6zismert nev\u00e9n Rohypnol, a benzodiazepin gy\u00f3gyszerek oszt\u00e1ly\u00e1ba tartozik. Els\u0151sorban nyugtat\u00f3 \u00e9s altat\u00f3 hat\u00e1sa miatt \u00edrj\u00e1k fel, \u00edgy hasznos s\u00falyos \u00e1lmatlans\u00e1g kezel\u00e9s\u00e9ben \u00e9s \u00e9rz\u00e9stelen\u00edt\u00e9s el\u0151tti gy\u00f3gyszerk\u00e9nt. \u00cdme egy r\u00e9szletes \u00e1ttekint\u00e9s az el\u0151nyeir\u0151l, az aj\u00e1nlott adagol\u00e1sr\u00f3l \u00e9s az \u00f3vint\u00e9zked\u00e9sekr\u0151l.<\/p>\n<h3>A flunitrazep\u00e1m el\u0151nyei<\/h3>\n<ol>\n<li>\u00c1lmatlans\u00e1g kezel\u00e9se: A flunitrazepam rendk\u00edv\u00fcl hat\u00e9kony az alv\u00e1s el\u0151seg\u00edt\u00e9s\u00e9ben s\u00falyos \u00e1lmatlans\u00e1gban szenved\u0151kn\u00e9l, k\u00fcl\u00f6n\u00f6sen akkor, ha m\u00e1s gy\u00f3gyszerek hat\u00e1stalannak bizonyultak.<\/li>\n<li>Szorong\u00e1sold\u00e1s: Enyh\u00edti a szorong\u00e1st \u00e9s az akut izgatotts\u00e1got a k\u00f6zponti idegrendszerre gyakorolt \u200b\u200bnyugtat\u00f3 hat\u00e1sa miatt.<\/li>\n<li>Izomlaz\u00edt\u00e1s: A gy\u00f3gyszer seg\u00edt az izmok ellaz\u00edt\u00e1s\u00e1ban, ami el\u0151ny\u00f6s lehet izomg\u00f6rcs\u00f6kkel vagy fesz\u00fclts\u00e9ggel j\u00e1r\u00f3 \u00e1llapotok eset\u00e9n.<\/li>\n<\/ol>\n<h3>Adagol\u00e1si tan\u00e1csok<\/h3>\n<p>A Flunitrazepam legjobb adagol\u00e1sa a beteg \u00e9letkor\u00e1t\u00f3l, eg\u00e9szs\u00e9gi \u00e1llapot\u00e1t\u00f3l \u00e9s a kezel\u00e9sre adott v\u00e1lasz\u00e1t\u00f3l f\u00fcgg. \u00c1lmatlans\u00e1g eset\u00e9n jellemz\u0151en lefekv\u00e9s el\u0151tt 0,5 mg-1 mg kezd\u0151 adag aj\u00e1nlott, amelyet fokozatosan, orvosi fel\u00fcgyelet mellett kell m\u00f3dos\u00edtani. A lehets\u00e9ges mell\u00e9khat\u00e1sok vagy f\u00fcgg\u0151s\u00e9g elker\u00fcl\u00e9se \u00e9rdek\u00e9ben elengedhetetlen az el\u0151\u00edrt adagol\u00e1s betart\u00e1sa.<\/p>\n<h3>\u00d3vint\u00e9zked\u00e9sek \u00e9s mell\u00e9khat\u00e1sok<\/h3>\n<ul>\n<li>F\u00fcgg\u0151s\u00e9g kock\u00e1zata: A flunitrazep\u00e1m f\u00fcgg\u0151s\u00e9get okozhat, ha hossz\u00fa t\u00e1von vagy az el\u0151\u00edrtn\u00e1l nagyobb adagokban alkalmazz\u00e1k.<\/li>\n<li>L\u00e9gz\u00e9sdepresszi\u00f3: L\u00e9gz\u00e9sdepresszi\u00f3t okozhat, k\u00fcl\u00f6n\u00f6sen m\u00e1s k\u00f6zponti idegrendszeri depressz\u00e1nsokkal kombin\u00e1lva.<\/li>\n<li>Mem\u00f3riak\u00e1rosod\u00e1s: Egyesekn\u00e9l mem\u00f3riak\u00e1rosod\u00e1s vagy koncentr\u00e1ci\u00f3s neh\u00e9zs\u00e9g jelentkezhet, k\u00fcl\u00f6n\u00f6sen hosszan tart\u00f3 haszn\u00e1lat eset\u00e9n.<\/li>\n<\/ul>\n<p>Ha \u00d6nnek vagy ismer\u0151s\u00e9nek Flunitrazepamot \u00edrtak fel, elengedhetetlen a gy\u00f3gyszerek biztons\u00e1gos \u00e9s megb\u00edzhat\u00f3 el\u00e9rhet\u0151s\u00e9ge. Az egyik legjobb gy\u00f3gyszert\u00e1r \u2013 <a href=\"https:\/\/buy-prescriptionz.com\/hu\/\">Buy-prescriptionz.com<\/a> k\u00e9nyelmes online platformot k\u00edn\u00e1l a Flunitrazepam \u00e9s m\u00e1s v\u00e9nyk\u00f6teles gy\u00f3gyszerek egyszer\u0171 megv\u00e1s\u00e1rl\u00e1s\u00e1hoz. Mindig konzult\u00e1ljon eg\u00e9szs\u00e9g\u00fcgyi szolg\u00e1ltat\u00f3j\u00e1val, miel\u0151tt b\u00e1rmilyen \u00faj gy\u00f3gyszeres kezel\u00e9st elkezdene, hogy megbizonyosodjon arr\u00f3l, hogy az megfelel-e az \u00d6n eg\u00e9szs\u00e9g\u00fcgyi sz\u00fcks\u00e9gleteinek.<\/p>\n<h3 style=\"text-align: justify;\">Rohypnol 2 mg elad\u00f3 \u00e1lmatlans\u00e1g eset\u00e9n a buy-prescriptionz.com oldalon.<\/h3>\n<p style=\"text-align: justify;\">A flunitrazep\u00e1m vagy rohipnol egy akt\u00edv benzodiazepin hat\u00f3anyag, amely s\u00falyos alv\u00e1szavarok kezel\u00e9s\u00e9re \u00e9s altat\u00e1sban val\u00f3 alkalmaz\u00e1sra szolg\u00e1l. V\u00e1s\u00e1rl\u00e1s Rohypnol 2 mg online k\u00fcl\u00f6nb\u00f6z\u0151 hipnotikumok, \u00e9s flunitrazepam az aj\u00e1nl\u00e1sban, mint \u00e1tmeneti el\u0151felt\u00e9tel vagy azok \u00e1ltal, akik egy alv\u00e1szavar s\u00fcrg\u0151s alapon.<\/p>\n<h3 style=\"text-align: justify;\">Rohypnol 2 mg online sz\u00e1jon \u00e1t t\u00f6rt\u00e9n\u0151 alkalmaz\u00e1sra vagy injekci\u00f3 form\u00e1j\u00e1ban t\u00f6rt\u00e9n\u0151 alkalmaz\u00e1sra<\/h3>\n<p style=\"text-align: justify;\">A flunitrazep\u00e1m els\u0151dleges farmakol\u00f3giai hat\u00e1sai a GABA n\u00f6veked\u00e9se a k\u00fcl\u00f6nb\u00f6z\u0151 GABA-receptorokon. M\u00edg a flunitrazep\u00e1m 80% sz\u00e1jon \u00e1t t\u00f6rt\u00e9n\u0151 alkalmaz\u00e1sra, injekci\u00f3s szerkezetben a biol\u00f3giai hozz\u00e1f\u00e9rhet\u0151s\u00e9g 50%. A Rohypnol 2 mg-ot a buy-prescriptionz.com oldalon v\u00e1s\u00e1rolhatja meg sz\u00e1jon \u00e1t vagy injekci\u00f3 form\u00e1j\u00e1ban, gyors \u00e9s biztons\u00e1gos sz\u00e1ll\u00edt\u00e1si szolg\u00e1ltat\u00e1ssal.<\/p>\n<p style=\"text-align: justify;\">A flunitrazep\u00e1m lipofil, \u00e9s oxidat\u00edv \u00faton kereszt\u00fcl hepatikusan hasznosul. A vegy\u00fclet CYP3A4 az els\u0151dleges kataliz\u00e1tor az 1. f\u00e1zis\u00fa lebont\u00e1s\u00e1ban a hum\u00e1n m\u00e1j mikrosz\u00f3m\u00e1kban. A flunitrazep\u00e1m k\u00fcl\u00f6nb\u00f6z\u0151 benzodiazepinekkel egy\u00fctt gy\u00f3gyszerf\u00fcgg\u0151s\u00e9get \u00e9s benzodiazepin megvon\u00e1si szindr\u00f3m\u00e1t id\u00e9zhet el\u0151.<\/p>\n<h3 style=\"text-align: justify;\">V\u00e1s\u00e1rl\u00e1s Rohypnol 2 mg orvos n\u00e9lk\u00fcl, hogy n\u00f6velje az alv\u00e1s min\u0151s\u00e9g\u00e9t<\/h3>\n<p style=\"text-align: justify;\">A benzodiazepin hat\u00e1sa <a href=\"https:\/\/buy-prescriptionz.com\/hu\/\">gy\u00f3gyszerek<\/a> a delta-hull\u00e1mokra, \u00e9s nem avatkozhat be a benzodiazepin-receptorokba. Rendeljen Rohypnol 2 mg online \u00e9s m\u00e1s benzodiazepinek, amelyek seg\u00edt\u0151 k\u00e9zz\u00e9 v\u00e1lnak a pihen\u00e9s min\u0151s\u00e9g\u00e9ben. A ciproheptadin jobb lehet a benzodiazepinekn\u00e9l az alv\u00e1szavar kezel\u00e9s\u00e9ben, mivel seg\u00edti az EEG-vizsg\u00e1latokt\u00f3l f\u00fcgg\u0151 pihen\u00e9s min\u0151s\u00e9g\u00e9t.<\/p>\n<h3 style=\"text-align: justify;\">V\u00e1s\u00e1rl\u00e1s Rohypnol 2 mg diszkr\u00e9t csomagol\u00e1sban<\/h3>\n<p style=\"text-align: justify;\">V\u00e1s\u00e1rl\u00e1s Rohypnol 2 mg v\u00e9ny n\u00e9lk\u00fcl, amely bizonyos emberekn\u00e9l megd\u00f6bbent\u0151 reakci\u00f3t okozhat, ami olyan jeleket okozhat, mint idegess\u00e9g, er\u0151ltetetts\u00e9g, zavarts\u00e1g, tan\u00e1cstalans\u00e1g, g\u00e1tl\u00e1stalans\u00e1g, motiv\u00e1ci\u00f3veszt\u00e9s, g\u00fcgy\u00f6g\u00e9s, rosszindulat\u00fa viselked\u00e9s, s\u0151t, ak\u00e1r g\u00f6rcsrohamok is.<\/p>\n<h3 style=\"text-align: justify;\">Hogyan lehet megv\u00e1s\u00e1rolni Rohypnol 2 mg online Hypotonia eset\u00e9n<\/h3>\n<p style=\"text-align: justify;\">A benzodiazepinek, mint a flunitrazep\u00e1m, k\u00e9s\u0151i terhess\u00e9gben t\u00f6rt\u00e9n\u0151 alkalmaz\u00e1sa, k\u00fcl\u00f6n\u00f6sen nagy d\u00f3zisokban, hipot\u00f3ni\u00e1t, m\u00e1s n\u00e9ven csecsem\u0151szindr\u00f3m\u00e1t eredm\u00e9nyezhet. A buy-prescriptionz.com hol lehet v\u00e1s\u00e1rolni Rohypnol 2 mg online gyors \u00e9s biztons\u00e1gos sz\u00e1ll\u00edt\u00e1si szolg\u00e1ltat\u00e1s.<\/p>\n<p style=\"text-align: justify;\">A Rohypnol 2 mg online v\u00e1s\u00e1rl\u00e1s\u00e1val seg\u00edthetsz valakinek a k\u00f6rnyezetedben, aki r\u00e1szorul, \u00e9s a Rohypnol 2 mg-ot is olcs\u00f3n megv\u00e1s\u00e1rolhatod. Ez gyeng\u00edti a pszichomotoros k\u00e9pess\u00e9geket, mint a k\u00fcl\u00f6nb\u00f6z\u0151 benzodiazepinek \u00e9s a nem benzodiazepin hipnotiz\u00e1l\u00f3 gy\u00f3gyszerek; az es\u00e9sek \u00e9s a cs\u00edp\u0151reped\u00e9sek szok\u00e1sosak a haszn\u00e1lat sor\u00e1n. A szeszes italokkal val\u00f3 kevered\u00e9s kiterjeszti ezeket az \u00e9lm\u00e9nyeket, hogy er\u0151sen koncentr\u00e1ltak legyenek<a href=\"https:\/\/www.probeautyaesthetics.com\/\">.<\/a><\/p>\n<h5><strong>Benzodiazepinek<\/strong><\/h5>\n<p><strong>Benzodiazepinek - Mik ezek?<\/strong><br \/>\nEzenk\u00edv\u00fcl ezt a gy\u00f3gyszercsoportot nyugtat\u00f3knak \u00e9s nyugtat\u00f3knak is nevezik. Val\u00f3sz\u00edn\u0171leg a legismertebbek a diazep\u00e1m (Valium m\u00e1rkan\u00e9v) \u00e9s a nitrazep\u00e1m (Mogadon). A benzodiazepinek k\u00e9t oszt\u00e1lyba sorolhat\u00f3k: anxiolitikusok (szorong\u00e1s enyh\u00edt\u00e9s\u00e9re haszn\u00e1lj\u00e1k) \u00e9s hipnotikusok (\u00e1lmatlans\u00e1g kezel\u00e9s\u00e9re). B\u00e1r a benzodiazepinek sz\u00e1mos betegs\u00e9g kezel\u00e9s\u00e9re hasznosak, nem ide\u00e1lisak rutinszer\u0171 \"altat\u00f3k\u00e9nt\" vagy a depresszi\u00f3 hat\u00e9kony kezel\u00e9s\u00e9re a k\u00e1ros hat\u00e1saik \u00e9s a f\u00fcgg\u0151s\u00e9g vesz\u00e9lye miatt (l\u00e1sd al\u00e1bb).<\/p>\n<h5><strong>Mi a benzodiazepinek hat\u00e1smechanizmusa?<\/strong><\/h5>\n<p>A benzodiazepinek \u00fagy m\u0171k\u00f6dnek, hogy cs\u00f6kkentik az agy retikul\u00e1ris aktiv\u00e1l\u00f3 rendszer n\u00e9ven ismert ter\u00fclet\u00e9t, amely az agy aktivit\u00e1si szintj\u00e9t szab\u00e1lyozza. Ezt \u00fagy \u00e9rik el, hogy fokozz\u00e1k a gamma-aminovajsav (GABA) nev\u0171 molekula hat\u00e1s\u00e1t, amely r\u00e9szt vesz az agyban az idegi jel\u00e1tvitel lass\u00edt\u00e1s\u00e1ban.<\/p>\n<h5><strong>Milyen c\u00e9lt szolg\u00e1lnak?<\/strong><\/h5>\n<p>B\u00e1r minden benzodiazepin hasonl\u00f3 hat\u00e1ssal van az agyra, egyesek hat\u00e9konyabban nyugtatj\u00e1k annak aktivit\u00e1s\u00e1t, mint m\u00e1sok, \u00edgy egyes gy\u00f3gyszerek ide\u00e1lisabbak a szorong\u00e1s kezel\u00e9s\u00e9re, m\u00e1sok pedig az \u00e1lmatlans\u00e1g kezel\u00e9s\u00e9re. Ezenk\u00edv\u00fcl a benzodiazepineket haszn\u00e1lj\u00e1k az altat\u00e1sban, valamint az epilepszia \u00e9s az izomg\u00f6rcs\u00f6k kezel\u00e9s\u00e9ben. Ezenk\u00edv\u00fcl adhat\u00f3k azoknak, akiknek m\u00e1ni\u00e1s epiz\u00f3djuk van - ez egy olyan ment\u00e1lis \u00e1llapot, amelyet t\u00falzott aktivit\u00e1s \u00e9s hosszan tart\u00f3 alv\u00e1shi\u00e1nyos id\u0151szakok jellemeznek.<\/p>\n<p><strong>gamma-hidroxi-vajsav<\/strong><br \/>\n<strong>Nitrazepam<\/strong><br \/>\n<strong>Triazolam<\/strong><br \/>\n<strong>Brotizolam<\/strong><br \/>\n<strong>Ketamin<\/strong><br \/>\n<strong>Hipnotikus<\/strong><br \/>\n<strong>Diazepam<\/strong><\/p>","protected":false},"excerpt":{"rendered":"<p style=\"text-align: justify;\">A flunitrazep\u00e1m, m\u00e1s n\u00e9ven Rohypnol n\u00e9ven is ismert, egy k\u00f6zepes hat\u00e1s\u00fa benzodiazepin, amelyet egyes orsz\u00e1gokban s\u00falyos \u00e1lmatlans\u00e1g kezel\u00e9s\u00e9re haszn\u00e1lnak, kevesebb orsz\u00e1gban pedig az altat\u00e1s korai szakasz\u00e1ban.<br \/>\nUtcanevek: Rohypnol (randev\u00fa elleni k\u00e1b\u00edt\u00f3szer): forget-me tabletta, mexik\u00f3i v\u00e1lium, R2, roach, Roche, roofies, roofinol, rope, rophies<\/p>\n<p>&nbsp;<\/p>","protected":false},"featured_media":2962,"comment_status":"open","ping_status":"closed","template":"","meta":{"site-sidebar-layout":"default","site-content-layout":"","ast-site-content-layout":"default","site-content-style":"default","site-sidebar-style":"default","ast-global-header-display":"","ast-banner-title-visibility":"","ast-main-header-display":"","ast-hfb-above-header-display":"","ast-hfb-below-header-display":"","ast-hfb-mobile-header-display":"","site-post-title":"","ast-breadcrumbs-content":"","ast-featured-img":"","footer-sml-layout":"","theme-transparent-header-meta":"default","adv-header-id-meta":"","stick-header-meta":"","header-above-stick-meta":"","header-main-stick-meta":"","header-below-stick-meta":"","astra-migrate-meta-layouts":"set","ast-page-background-enabled":"default","ast-page-background-meta":{"desktop":{"background-color":"var(--ast-global-color-4)","background-image":"","background-repeat":"repeat","background-position":"center center","background-size":"auto","background-attachment":"scroll","background-type":"","background-media":"","overlay-type":"","overlay-color":"","overlay-opacity":"","overlay-gradient":""},"tablet":{"background-color":"","background-image":"","background-repeat":"repeat","background-position":"center center","background-size":"auto","background-attachment":"scroll","background-type":"","background-media":"","overlay-type":"","overlay-color":"","overlay-opacity":"","overlay-gradient":""},"mobile":{"background-color":"","background-image":"","background-repeat":"repeat","background-position":"center center","background-size":"auto","background-attachment":"scroll","background-type":"","background-media":"","overlay-type":"","overlay-color":"","overlay-opacity":"","overlay-gradient":""}},"ast-content-background-meta":{"desktop":{"background-color":"var(--ast-global-color-5)","background-image":"","background-repeat":"repeat","background-position":"center center","background-size":"auto","background-attachment":"scroll","background-type":"","background-media":"","overlay-type":"","overlay-color":"","overlay-opacity":"","overlay-gradient":""},"tablet":{"background-color":"var(--ast-global-color-5)","background-image":"","background-repeat":"repeat","background-position":"center center","background-size":"auto","background-attachment":"scroll","background-type":"","background-media":"","overlay-type":"","overlay-color":"","overlay-opacity":"","overlay-gradient":""},"mobile":{"background-color":"var(--ast-global-color-5)","background-image":"","background-repeat":"repeat","background-position":"center center","background-size":"auto","background-attachment":"scroll","background-type":"","background-media":"","overlay-type":"","overlay-color":"","overlay-opacity":"","overlay-gradient":""}}},"product_brand":[],"product_cat":[15],"product_tag":[2035,2036,2034,2029,2032,2031,2030,2033,2028,2027,2037],"class_list":{"0":"post-2932","1":"product","2":"type-product","3":"status-publish","4":"has-post-thumbnail","6":"product_cat-buy-prescription-drugs","7":"product_tag-buy-flunitrazepam-in-canada","8":"product_tag-buy-flunitrazepam-in-uk","9":"product_tag-buy-flunitrazepam-in-usa","10":"product_tag-buy-flunitrazepam-with-bitcoin","11":"product_tag-buy-flunitrazepam-with-credit-card","12":"product_tag-buy-flunitrazepam-with-money-gram","13":"product_tag-buy-flunitrazepam-with-western-union","14":"product_tag-buy-flunitrazepam-without-a-doctor","15":"product_tag-buy-flunitrazepam-without-prescription","16":"product_tag-flunitrazepam-for-sale","17":"product_tag-flunitrazepam-tablets","18":"desktop-align-center","19":"tablet-align-left","20":"mobile-align-left","22":"first","23":"instock","24":"shipping-taxable","25":"purchasable","26":"product-type-variable"},"yoast_head":"<!-- This site is optimized with the Yoast SEO plugin v25.9 - https:\/\/yoast.com\/wordpress\/plugins\/seo\/ -->\n<title>Buy Flunitrazepam | Online Rohypnol (Flunitrazepam) |<\/title>\n<meta name=\"description\" content=\"Buy Flunitrazepam online from Buy Prescription. Flunitrazepam or Rohypnol helps you to treat severe insomnia and in fewer too. Flunitrazepam sale\" \/>\n<meta name=\"robots\" content=\"index, follow, max-snippet:-1, max-image-preview:large, max-video-preview:-1\" \/>\n<link rel=\"canonical\" href=\"https:\/\/buy-prescriptionz.com\/hu\/term\u00e9k\/flunitrazepam-online-vasarlas\/\" \/>\n<meta property=\"og:locale\" content=\"hu_HU\" \/>\n<meta property=\"og:type\" content=\"article\" \/>\n<meta property=\"og:title\" content=\"Buy Flunitrazepam | Online Rohypnol (Flunitrazepam) |\" \/>\n<meta property=\"og:description\" content=\"Buy Flunitrazepam online from Buy Prescription. Flunitrazepam or Rohypnol helps you to treat severe insomnia and in fewer too. Flunitrazepam sale\" \/>\n<meta property=\"og:url\" content=\"https:\/\/buy-prescriptionz.com\/hu\/term\u00e9k\/flunitrazepam-online-vasarlas\/\" \/>\n<meta property=\"og:site_name\" content=\"Buy Prescriptionz\" \/>\n<meta property=\"article:modified_time\" content=\"2025-09-22T05:12:55+00:00\" \/>\n<meta property=\"og:image\" content=\"https:\/\/buy-prescriptionz.com\/wp-content\/uploads\/2025\/09\/Rohypnol.jpg\" \/>\n\t<meta property=\"og:image:width\" content=\"645\" \/>\n\t<meta property=\"og:image:height\" content=\"363\" \/>\n\t<meta property=\"og:image:type\" content=\"image\/jpeg\" \/>\n<meta name=\"twitter:card\" content=\"summary_large_image\" \/>\n<meta name=\"twitter:label1\" content=\"Becs\u00fclt olvas\u00e1si id\u0151\" \/>\n\t<meta name=\"twitter:data1\" content=\"5 perc\" \/>\n<script type=\"application\/ld+json\" class=\"yoast-schema-graph\">{\"@context\":\"https:\/\/schema.org\",\"@graph\":[{\"@type\":\"WebPage\",\"@id\":\"https:\/\/buy-prescriptionz.com\/product\/buy-flunitrazepam-online\/\",\"url\":\"https:\/\/buy-prescriptionz.com\/product\/buy-flunitrazepam-online\/\",\"name\":\"Buy Flunitrazepam | Online Rohypnol (Flunitrazepam) |\",\"isPartOf\":{\"@id\":\"https:\/\/buy-prescriptionz.com\/#website\"},\"primaryImageOfPage\":{\"@id\":\"https:\/\/buy-prescriptionz.com\/product\/buy-flunitrazepam-online\/#primaryimage\"},\"image\":{\"@id\":\"https:\/\/buy-prescriptionz.com\/product\/buy-flunitrazepam-online\/#primaryimage\"},\"thumbnailUrl\":\"https:\/\/buy-prescriptionz.com\/wp-content\/uploads\/2025\/09\/Rohypnol.jpg\",\"datePublished\":\"2025-09-16T08:55:28+00:00\",\"dateModified\":\"2025-09-22T05:12:55+00:00\",\"description\":\"Buy Flunitrazepam online from Buy Prescription. Flunitrazepam or Rohypnol helps you to treat severe insomnia and in fewer too. Flunitrazepam sale\",\"breadcrumb\":{\"@id\":\"https:\/\/buy-prescriptionz.com\/product\/buy-flunitrazepam-online\/#breadcrumb\"},\"inLanguage\":\"hu\",\"potentialAction\":[{\"@type\":\"ReadAction\",\"target\":[\"https:\/\/buy-prescriptionz.com\/product\/buy-flunitrazepam-online\/\"]}]},{\"@type\":\"ImageObject\",\"inLanguage\":\"hu\",\"@id\":\"https:\/\/buy-prescriptionz.com\/product\/buy-flunitrazepam-online\/#primaryimage\",\"url\":\"https:\/\/buy-prescriptionz.com\/wp-content\/uploads\/2025\/09\/Rohypnol.jpg\",\"contentUrl\":\"https:\/\/buy-prescriptionz.com\/wp-content\/uploads\/2025\/09\/Rohypnol.jpg\",\"width\":645,\"height\":363},{\"@type\":\"BreadcrumbList\",\"@id\":\"https:\/\/buy-prescriptionz.com\/product\/buy-flunitrazepam-online\/#breadcrumb\",\"itemListElement\":[{\"@type\":\"ListItem\",\"position\":1,\"name\":\"Home\",\"item\":\"https:\/\/buy-prescriptionz.com\/\"},{\"@type\":\"ListItem\",\"position\":2,\"name\":\"Shop Painkillers Online\",\"item\":\"https:\/\/buy-prescriptionz.com\/shop-painkillers-online\/\"},{\"@type\":\"ListItem\",\"position\":3,\"name\":\"Buy Flunitrazepam Online\"}]},{\"@type\":\"WebSite\",\"@id\":\"https:\/\/buy-prescriptionz.com\/#website\",\"url\":\"https:\/\/buy-prescriptionz.com\/\",\"name\":\"Buy Prescriptionz\",\"description\":\"Drugs Online\",\"publisher\":{\"@id\":\"https:\/\/buy-prescriptionz.com\/#organization\"},\"potentialAction\":[{\"@type\":\"SearchAction\",\"target\":{\"@type\":\"EntryPoint\",\"urlTemplate\":\"https:\/\/buy-prescriptionz.com\/?s={search_term_string}\"},\"query-input\":{\"@type\":\"PropertyValueSpecification\",\"valueRequired\":true,\"valueName\":\"search_term_string\"}}],\"inLanguage\":\"hu\"},{\"@type\":\"Organization\",\"@id\":\"https:\/\/buy-prescriptionz.com\/#organization\",\"name\":\"Buy Prescriptionz\",\"url\":\"https:\/\/buy-prescriptionz.com\/\",\"logo\":{\"@type\":\"ImageObject\",\"inLanguage\":\"hu\",\"@id\":\"https:\/\/buy-prescriptionz.com\/#\/schema\/logo\/image\/\",\"url\":\"https:\/\/buy-prescriptionz.com\/wp-content\/uploads\/2023\/09\/logo.png\",\"contentUrl\":\"https:\/\/buy-prescriptionz.com\/wp-content\/uploads\/2023\/09\/logo.png\",\"width\":350,\"height\":64,\"caption\":\"Buy Prescriptionz\"},\"image\":{\"@id\":\"https:\/\/buy-prescriptionz.com\/#\/schema\/logo\/image\/\"}}]}<\/script>\n<!-- \/ Yoast SEO plugin. -->","yoast_head_json":{"title":"Flunitrazep\u00e1m v\u00e1s\u00e1rl\u00e1s | Online Rohypnol (Flunitrazep\u00e1m) |","description":"V\u00e1s\u00e1rl\u00e1s Flunitrazepam online a Buy Prescription. Flunitrazepam vagy Rohypnol seg\u00edt kezelni a s\u00falyos \u00e1lmatlans\u00e1g \u00e9s kevesebb is. Flunitrazepam elad\u00e1s","robots":{"index":"index","follow":"follow","max-snippet":"max-snippet:-1","max-image-preview":"max-image-preview:large","max-video-preview":"max-video-preview:-1"},"canonical":"https:\/\/buy-prescriptionz.com\/hu\/term\u00e9k\/flunitrazepam-online-vasarlas\/","og_locale":"hu_HU","og_type":"article","og_title":"Buy Flunitrazepam | Online Rohypnol (Flunitrazepam) |","og_description":"Buy Flunitrazepam online from Buy Prescription. Flunitrazepam or Rohypnol helps you to treat severe insomnia and in fewer too. Flunitrazepam sale","og_url":"https:\/\/buy-prescriptionz.com\/hu\/term\u00e9k\/flunitrazepam-online-vasarlas\/","og_site_name":"Buy Prescriptionz","article_modified_time":"2025-09-22T05:12:55+00:00","og_image":[{"width":645,"height":363,"url":"https:\/\/buy-prescriptionz.com\/wp-content\/uploads\/2025\/09\/Rohypnol.jpg","type":"image\/jpeg"}],"twitter_card":"summary_large_image","twitter_misc":{"Becs\u00fclt olvas\u00e1si id\u0151":"5 perc"},"schema":{"@context":"https:\/\/schema.org","@graph":[{"@type":"WebPage","@id":"https:\/\/buy-prescriptionz.com\/product\/buy-flunitrazepam-online\/","url":"https:\/\/buy-prescriptionz.com\/product\/buy-flunitrazepam-online\/","name":"Flunitrazep\u00e1m v\u00e1s\u00e1rl\u00e1s | Online Rohypnol (Flunitrazep\u00e1m) |","isPartOf":{"@id":"https:\/\/buy-prescriptionz.com\/#website"},"primaryImageOfPage":{"@id":"https:\/\/buy-prescriptionz.com\/product\/buy-flunitrazepam-online\/#primaryimage"},"image":{"@id":"https:\/\/buy-prescriptionz.com\/product\/buy-flunitrazepam-online\/#primaryimage"},"thumbnailUrl":"https:\/\/buy-prescriptionz.com\/wp-content\/uploads\/2025\/09\/Rohypnol.jpg","datePublished":"2025-09-16T08:55:28+00:00","dateModified":"2025-09-22T05:12:55+00:00","description":"V\u00e1s\u00e1rl\u00e1s Flunitrazepam online a Buy Prescription. Flunitrazepam vagy Rohypnol seg\u00edt kezelni a s\u00falyos \u00e1lmatlans\u00e1g \u00e9s kevesebb is. Flunitrazepam elad\u00e1s","breadcrumb":{"@id":"https:\/\/buy-prescriptionz.com\/product\/buy-flunitrazepam-online\/#breadcrumb"},"inLanguage":"hu","potentialAction":[{"@type":"ReadAction","target":["https:\/\/buy-prescriptionz.com\/product\/buy-flunitrazepam-online\/"]}]},{"@type":"ImageObject","inLanguage":"hu","@id":"https:\/\/buy-prescriptionz.com\/product\/buy-flunitrazepam-online\/#primaryimage","url":"https:\/\/buy-prescriptionz.com\/wp-content\/uploads\/2025\/09\/Rohypnol.jpg","contentUrl":"https:\/\/buy-prescriptionz.com\/wp-content\/uploads\/2025\/09\/Rohypnol.jpg","width":645,"height":363},{"@type":"BreadcrumbList","@id":"https:\/\/buy-prescriptionz.com\/product\/buy-flunitrazepam-online\/#breadcrumb","itemListElement":[{"@type":"ListItem","position":1,"name":"Home","item":"https:\/\/buy-prescriptionz.com\/"},{"@type":"ListItem","position":2,"name":"Shop Painkillers Online","item":"https:\/\/buy-prescriptionz.com\/shop-painkillers-online\/"},{"@type":"ListItem","position":3,"name":"Buy Flunitrazepam Online"}]},{"@type":"WebSite","@id":"https:\/\/buy-prescriptionz.com\/#website","url":"https:\/\/buy-prescriptionz.com\/","name":"Buy Prescriptionz","description":"Online gy\u00f3gyszerek","publisher":{"@id":"https:\/\/buy-prescriptionz.com\/#organization"},"potentialAction":[{"@type":"SearchAction","target":{"@type":"EntryPoint","urlTemplate":"https:\/\/buy-prescriptionz.com\/?s={search_term_string}"},"query-input":{"@type":"PropertyValueSpecification","valueRequired":true,"valueName":"search_term_string"}}],"inLanguage":"hu"},{"@type":"Organization","@id":"https:\/\/buy-prescriptionz.com\/#organization","name":"Buy Prescriptionz","url":"https:\/\/buy-prescriptionz.com\/","logo":{"@type":"ImageObject","inLanguage":"hu","@id":"https:\/\/buy-prescriptionz.com\/#\/schema\/logo\/image\/","url":"https:\/\/buy-prescriptionz.com\/wp-content\/uploads\/2023\/09\/logo.png","contentUrl":"https:\/\/buy-prescriptionz.com\/wp-content\/uploads\/2023\/09\/logo.png","width":350,"height":64,"caption":"Buy Prescriptionz"},"image":{"@id":"https:\/\/buy-prescriptionz.com\/#\/schema\/logo\/image\/"}}]}},"_links":{"self":[{"href":"https:\/\/buy-prescriptionz.com\/hu\/wp-json\/wp\/v2\/product\/2932","targetHints":{"allow":["GET"]}}],"collection":[{"href":"https:\/\/buy-prescriptionz.com\/hu\/wp-json\/wp\/v2\/product"}],"about":[{"href":"https:\/\/buy-prescriptionz.com\/hu\/wp-json\/wp\/v2\/types\/product"}],"replies":[{"embeddable":true,"href":"https:\/\/buy-prescriptionz.com\/hu\/wp-json\/wp\/v2\/comments?post=2932"}],"wp:featuredmedia":[{"embeddable":true,"href":"https:\/\/buy-prescriptionz.com\/hu\/wp-json\/wp\/v2\/media\/2962"}],"wp:attachment":[{"href":"https:\/\/buy-prescriptionz.com\/hu\/wp-json\/wp\/v2\/media?parent=2932"}],"wp:term":[{"taxonomy":"product_brand","embeddable":true,"href":"https:\/\/buy-prescriptionz.com\/hu\/wp-json\/wp\/v2\/product_brand?post=2932"},{"taxonomy":"product_cat","embeddable":true,"href":"https:\/\/buy-prescriptionz.com\/hu\/wp-json\/wp\/v2\/product_cat?post=2932"},{"taxonomy":"product_tag","embeddable":true,"href":"https:\/\/buy-prescriptionz.com\/hu\/wp-json\/wp\/v2\/product_tag?post=2932"}],"curies":[{"name":"wp","href":"https:\/\/api.w.org\/{rel}","templated":true}]}}