{"id":2937,"date":"2025-09-16T08:55:28","date_gmt":"2025-09-16T08:55:28","guid":{"rendered":"https:\/\/chemsfine.com\/newsite\/?post_type=product&#038;p=2937"},"modified":"2025-09-25T06:22:00","modified_gmt":"2025-09-25T06:22:00","slug":"pcp-es-analogok-online-vasarlasa","status":"publish","type":"product","link":"https:\/\/buy-prescriptionz.com\/hu\/term%c3%a9k\/pcp-es-analogok-online-vasarlasa\/","title":{"rendered":"V\u00e1s\u00e1rl\u00e1s Pcp \u00e9s anal\u00f3gok online"},"content":{"rendered":"<div>\n<h2>V\u00e1s\u00e1rl\u00e1s PCP Online - V\u00e1s\u00e1rl\u00e1s Shrooms | Phencyclidine elad\u00f3<\/h2>\n<\/div>\n<p class=\"text-justify\">V\u00e1s\u00e1roljon PCP-t online \u00e9s anal\u00f3gokat online. A fenciklidin (PCP), ismertebb nev\u00e9n angyalpor, egy pszichoakt\u00edv szer, amelyet az Egyes\u00fclt \u00c1llamokban I. jegyz\u00e9kbe vett vegy\u00fcletk\u00e9nt szab\u00e1lyoznak.1 A 4-metoxi PCP a PCP anal\u00f3gja, amelyet a k\u00f6zelm\u00faltban kereskedelmi forgalomba hoztak diz\u00e1jnerdrogk\u00e9nt.2 Els\u0151sorban a \u03c3-2 receptorhoz k\u00f6t\u0151dik (Ki = 143 nM), \u00e9s kev\u00e9sb\u00e9 gyeng\u00e9n az NMDA receptorhoz \u00e9s a szerotonin transzporterhez (Kis = 404, illetve 844 nM).3 A vegy\u00fclet toxikol\u00f3giai tulajdons\u00e1gait nem jelentett\u00e9k. Ez a term\u00e9k t\u00f6rv\u00e9nysz\u00e9ki \u00e9s kutat\u00e1si c\u00e9lokra szolg\u00e1l.<\/p>\n<h3>Mi a PCP V\u00e1s\u00e1rl\u00e1s PCP \u00e9s anal\u00f3gok online, Hol lehet rendelni PCP online?<\/h3>\n<p>A fenciklidin (PCP) egy tudatm\u00f3dos\u00edt\u00f3 szer, amely hallucin\u00e1ci\u00f3khoz (a szem\u00e9ly val\u00f3s\u00e1g\u00e9rz\u00e9kel\u00e9s\u00e9nek m\u00e9lyrehat\u00f3 torzul\u00e1s\u00e1hoz) vezethet. Diszociat\u00edv drognak sz\u00e1m\u00edt, amely a l\u00e1tv\u00e1ny, a sz\u00ednek, a hangok, az \u00e9n \u00e9s a k\u00f6rnyezet torzul\u00e1s\u00e1hoz vezet. A PCP-t az 1950-es \u00e9vekben fejlesztett\u00e9k ki intrav\u00e9n\u00e1s \u00e9rz\u00e9stelen\u00edt\u0151k\u00e9nt, de a s\u00falyos neurotoxikus mell\u00e9khat\u00e1sok miatt a hum\u00e1n orvosi felhaszn\u00e1l\u00e1sra t\u00f6rt\u00e9n\u0151 fejleszt\u00e9s\u00e9t le\u00e1ll\u00edtott\u00e1k. Helyette kifejlesztett\u00e9k a ketamint (Ketalar), egy m\u0171t\u00e9tekhez \u00e9s f\u00e1jdalmas elj\u00e1r\u00e1sokhoz haszn\u00e1lt \u00e9rz\u00e9stelen\u00edt\u0151t, amely szerkezetileg hasonl\u00f3 a PCP-hez.<\/p>\n<p>A PCP legtiszt\u00e1bb form\u00e1j\u00e1ban feh\u00e9r krist\u00e1lyos por, amely k\u00f6nnyen old\u00f3dik v\u00edzben vagy alkoholban, \u00e9s jellegzetes keser\u0171 k\u00e9miai \u00edze van. Az illeg\u00e1lis k\u00e1b\u00edt\u00f3szerpiacon a PCP sz\u00e1mos szennyez\u0151 anyagot tartalmaz, amelyek hat\u00e1s\u00e1ra sz\u00edne a vil\u00e1gosbarn\u00e1t\u00f3l a s\u00f6t\u00e9tebb barn\u00e1ig terjed, \u00e9s \u00e1llaga porszer\u0171 vagy gumiszer\u0171.<\/p>\n<p><strong>PCP \u00e9s anal\u00f3gok: El\u0151ny\u00f6k, Haszn\u00e1lat \u00e9s Adagol\u00e1s Meg\u00e9rt\u00e9se<\/strong><\/p>\n<p>A fenciklidin, k\u00f6zismert nev\u00e9n PCP, \u00e9s anal\u00f3gjai er\u0151s pszichoakt\u00edv anyagok, amelyek intenz\u00edv hat\u00e1suk miatt h\u00edvt\u00e1k fel magukra a figyelmet az elm\u00e9re \u00e9s a testre. B\u00e1r eredetileg \u00e9rz\u00e9stelen\u00edt\u0151k\u00e9nt fejlesztett\u00e9k ki \u0151ket, ma m\u00e1r gyakrabban fordulnak el\u0151 rekre\u00e1ci\u00f3s drogokk\u00e9nt. El\u0151nyeik, haszn\u00e1lati mint\u00e1ik \u00e9s megfelel\u0151 adagol\u00e1suk meg\u00e9rt\u00e9se kulcsfontoss\u00e1g\u00fa mindazok sz\u00e1m\u00e1ra, akiket \u00e9rdekel a hat\u00e1suk felt\u00e1r\u00e1sa.<\/p>\n<h3>A PCP \u00e9s anal\u00f3gjainak el\u0151nyei<\/h3>\n<p>A legjobb PCP \u00e9s anal\u00f3gjai els\u0151sorban hallucinog\u00e9n \u00e9s disszociat\u00edv hat\u00e1saikr\u00f3l ismertek. A felhaszn\u00e1l\u00f3k gyakran sz\u00e1molnak be a k\u00f6vetkez\u0151kr\u0151l:<\/p>\n<ul>\n<li>Intenz\u00edv hallucin\u00e1ci\u00f3k: A vizu\u00e1lis \u00e9s hall\u00e1si hallucin\u00e1ci\u00f3k gyakoriak, amelyek gyakran az \u00e9rz\u00e9kel\u00e9s m\u00e9lyrehat\u00f3 megv\u00e1ltoz\u00e1s\u00e1hoz vezetnek.<\/li>\n<li>Euf\u00f3ria \u00e9s megv\u00e1ltozott tudat\u00e1llapotok: Sok fogyaszt\u00f3 az \u00e1ltaluk kiv\u00e1ltott euf\u00f3rikus \u00e9s disszociat\u00edv \u00e1llapotok miatt keresi ezeket az anyagokat.<\/li>\n<li>F\u00e1jdalomcsillap\u00edt\u00e1s: Orvosi k\u00f6rnyezetben a PCP-t egykor f\u00e1jdalomcsillap\u00edt\u00f3 tulajdons\u00e1gai miatt haszn\u00e1lt\u00e1k, b\u00e1r ebben az \u00f6sszef\u00fcgg\u00e9sben ma m\u00e1r ritka.<\/li>\n<\/ul>\n<h3>Haszn\u00e1lati mint\u00e1k<\/h3>\n<p>A PCP \u00e9s anal\u00f3gjainak rekre\u00e1ci\u00f3s c\u00e9l\u00fa haszn\u00e1lata sz\u00e9les sk\u00e1l\u00e1n mozog, az egy\u00e9nek jellemz\u0151en sz\u00e1jon \u00e1t, elsz\u00edv\u00e1ssal vagy injekci\u00f3 form\u00e1j\u00e1ban fogyasztj\u00e1k \u0151ket. A hat\u00e1sok gyorsan jelentkeznek, \u00e9s az adagt\u00f3l \u00e9s az alkalmaz\u00e1s m\u00f3dj\u00e1t\u00f3l f\u00fcgg\u0151en t\u00f6bb \u00f3r\u00e1n \u00e1t is eltarthatnak. Er\u0151s hat\u00e1suk miatt ezeket az anyagokat gyakran ellen\u0151rz\u00f6tt k\u00f6rnyezetben vagy olyan k\u00f6r\u00fclm\u00e9nyek k\u00f6z\u00f6tt haszn\u00e1lj\u00e1k, amelyek el\u0151seg\u00edtik er\u0151s pszichol\u00f3giai hat\u00e1suk kezel\u00e9s\u00e9t.<\/p>\n<h3>Adagol\u00e1si \u00fatmutat\u00f3<\/h3>\n<p>A PCP \u00e9s anal\u00f3gjainak d\u00f3zisai nagym\u00e9rt\u00e9kben v\u00e1ltoz\u00f3ak, \u00e9s olyan t\u00e9nyez\u0151kt\u0151l f\u00fcggenek, mint a tisztas\u00e1g, az egy\u00e9ni tolerancia \u00e9s a k\u00edv\u00e1nt hat\u00e1sok. A tipikus rekre\u00e1ci\u00f3s d\u00f3zisok 5-10 milligramm k\u00f6z\u00f6tt mozognak, de kisz\u00e1m\u00edthatatlan jelleg\u00fck miatt mindig \u00f3vatoss\u00e1g aj\u00e1nlott. A magasabb d\u00f3zisok s\u00falyos m\u00e9rgez\u00e9shez, hallucin\u00e1ci\u00f3khoz \u00e9s potenci\u00e1lisan vesz\u00e9lyes viselked\u00e9shez vezethetnek.<\/p>\n<p>A PCP \u00e9s anal\u00f3gjainak el\u0151nyeinek, haszn\u00e1lati szok\u00e1sainak \u00e9s megfelel\u0151 adagol\u00e1s\u00e1nak meg\u00e9rt\u00e9se elengedhetetlen a fogyaszt\u00e1ssal j\u00e1r\u00f3 kock\u00e1zatok minimaliz\u00e1l\u00e1sa \u00e9rdek\u00e9ben. Ak\u00e1r rekre\u00e1ci\u00f3s, ak\u00e1r k\u00eds\u00e9rleti c\u00e9lb\u00f3l haszn\u00e1lj\u00e1k, a biztons\u00e1g \u00e9s a felel\u0151ss\u00e9gteljes haszn\u00e1lat biztos\u00edt\u00e1s\u00e1nak priorit\u00e1snak kell lennie. Azok sz\u00e1m\u00e1ra, akik \u00e9rdekl\u0151dnek ezen anyagok tov\u00e1bbi felfedez\u00e9se vagy gy\u00f3gyszer\u00e9szeti term\u00e9keket keresnek, l\u00e1togassa meg a legjobb gy\u00f3gyszert\u00e1rakat.\u00a0 <a href=\"https:\/\/buy-prescriptionz.com\/hu\/\">buy-prescriptionz.com<\/a> a lehet\u0151s\u00e9gek \u00e9s \u00fatmutat\u00e1sok sz\u00e9les sk\u00e1l\u00e1j\u00e1\u00e9rt.<\/p>\n<h4>Milyen hat\u00e1ssal van a PCP az agyra?<\/h4>\n<p>Farmakol\u00f3giai szempontb\u00f3l a PCP nem kompetit\u00edv NMDA (N-metil-D-aszpart\u00e1t) receptor antagonista \u00e9s glutam\u00e1t receptor antagonista, de m\u00e1s receptorhelyekkel is k\u00f6lcs\u00f6nhat\u00e1sba l\u00e9p, \u00e9s hat\u00e1ssal lehet a dopamin, opioid \u00e9s nikotin receptorokra.<\/p>\n<h5>Hogyan haszn\u00e1lj\u00e1k a PCP-t?<\/h5>\n<p>A doh\u00e1nyz\u00e1s a leggyakoribb \u00fatvonal a szabadid\u0151s haszn\u00e1lat eset\u00e9n. A PCP foly\u00e9kony form\u00e1ja val\u00f3j\u00e1ban PCP-b\u00e1zis, amelyet gyakran \u00e9terben, egy nagyon gy\u00fal\u00e9kony old\u00f3szerben oldanak fel. A doh\u00e1nyz\u00e1s sor\u00e1n a PCP-t \u00e1ltal\u00e1ban leveles anyagokra, p\u00e9ld\u00e1ul ment\u00e1ra, petrezselyemre, oreg\u00e1n\u00f3ra vagy marihu\u00e1n\u00e1ra permetezik. A PCP-t be is lehet injekci\u00f3zni. A PCP hat\u00e1sa 4-6 \u00f3r\u00e1n kereszt\u00fcl tarthat.<\/p>\n<h5>Milyen hat\u00e1sai vannak a szabadid\u0151s PCP-haszn\u00e1latnak?<\/h5>\n<p>Sokan \u00fagy v\u00e9lik, hogy a PCP az egyik legvesz\u00e9lyesebb vissza\u00e9l\u00e9si drog. A m\u00e9rs\u00e9kelt mennyis\u00e9g\u0171 PCP gyakran azt okozza, hogy a haszn\u00e1l\u00f3k lev\u00e1ltottnak, t\u00e1vols\u00e1gtart\u00f3nak \u00e9s a k\u00f6rnyezet\u00fckt\u0151l elidegenedettnek \u00e9rzik magukat.<\/p>\n<ul>\n<li>A v\u00e9gtagok zsibbad\u00e1sa, a besz\u00e9d elmos\u00f3d\u00e1sa \u00e9s a koordin\u00e1ci\u00f3 elveszt\u00e9se az er\u0151 \u00e9s a sebezhetetlens\u00e9g \u00e9rz\u00e9s\u00e9vel j\u00e1rhat egy\u00fctt.<\/li>\n<li>Az \u00fcres tekintet, a gyors \u00e9s \u00f6nk\u00e9ntelen szemmozg\u00e1sok \u00e9s a t\u00falzott j\u00e1r\u00e1s a megfigyelhet\u0151 hat\u00e1sok k\u00f6z\u00e9 tartoznak.<\/li>\n<li>Hallucin\u00e1ci\u00f3k, k\u00e9ptorzul\u00e1s, s\u00falyos hangulatzavarok \u00e9s amn\u00e9zia is el\u0151fordulhat.<\/li>\n<li>Akut szorong\u00e1s \u00e9s a k\u00f6zelg\u0151 v\u00e9gzet \u00e9rz\u00e9se, paranoia, er\u0151szakos ellens\u00e9gesked\u00e9s, a skizofr\u00e9ni\u00e1t\u00f3l megk\u00fcl\u00f6nb\u00f6ztethetetlen pszich\u00f3zisok.<\/li>\n<\/ul>\n<p>Az alacsony \u00e9s k\u00f6zepes d\u00f3zis\u00fa PCP \u00e9lettani hat\u00e1sai a k\u00f6vetkez\u0151k:<\/p>\n<ul>\n<li>a l\u00e9gz\u00e9ssz\u00e1m enyhe n\u00f6veked\u00e9se<\/li>\n<li>a v\u00e9rnyom\u00e1s \u00e9s a pulzussz\u00e1m emelked\u00e9se<\/li>\n<li>sek\u00e9ly l\u00e9gz\u00e9s<\/li>\n<li>kipirul\u00e1s \u00e9s heves izzad\u00e1s l\u00e9p fel.<\/li>\n<\/ul>\n<p>Az alacsony \u00e9s k\u00f6zepes d\u00f3zis\u00fa PCP \u00e9lettani hat\u00e1sai a k\u00f6vetkez\u0151k:<\/p>\n<ul>\n<li>a v\u00e9rnyom\u00e1s, a pulzussz\u00e1m \u00e9s a l\u00e9gz\u00e9s cs\u00f6kken\u00e9se.<\/li>\n<li>h\u00e1nyinger, h\u00e1ny\u00e1s<\/li>\n<li>hom\u00e1lyos l\u00e1t\u00e1s<\/li>\n<li>a szemek fel-le villog\u00e1sa<\/li>\n<li>ny\u00e1ladz\u00f3<\/li>\n<li>egyens\u00falyveszt\u00e9s \u00e9s sz\u00e9d\u00fcl\u00e9s<\/li>\n<li>er\u0151szak, \u00f6ngyilkoss\u00e1g<\/li>\n<\/ul>\n<p>A PCP nagy d\u00f3zisai g\u00f6rcs\u00f6ket, k\u00f3m\u00e1t \u00e9s hal\u00e1lt is okozhatnak (gyakran v\u00e9letlen s\u00e9r\u00fcl\u00e9s vagy \u00f6ngyilkoss\u00e1g miatt PCP-m\u00e9rgez\u00e9s sor\u00e1n). A nagy d\u00f3zisok pszichol\u00f3giai hat\u00e1sai k\u00f6z\u00e9 tartoznak a t\u00e9veszm\u00e9k \u00e9s hallucin\u00e1ci\u00f3k. A felhaszn\u00e1l\u00f3k gyakran \"trip\"-k\u00e9nt emlegetik a hallucinog\u00e9nek okozta \u00e9lm\u00e9nyeket, vagy a kellemetlen \u00e9lm\u00e9nyt \"rossz trip\"-nek nevezik.<\/p>\n<h2>Lehet f\u00fcgg\u0151v\u00e9 v\u00e1lni a PCP-t\u0151l?<\/h2>\n<p>A PCP f\u00fcgg\u0151s\u00e9get okoz, \u00e9s haszn\u00e1lata gyakran pszichol\u00f3giai f\u00fcgg\u0151s\u00e9ghez, s\u00f3v\u00e1rg\u00e1shoz \u00e9s k\u00e9nyszeres PCP-keres\u0151 magatart\u00e1shoz vezet. A PCP-t r\u00e9g\u00f3ta haszn\u00e1l\u00f3k a k\u00f6vetkez\u0151 t\u00fcnetekr\u0151l sz\u00e1molnak be:<\/p>\n<ul>\n<li>mem\u00f3riazavar<\/li>\n<li>besz\u00e9d- \u00e9s tanul\u00e1si neh\u00e9zs\u00e9gek<\/li>\n<li>depresszi\u00f3<\/li>\n<li>fogy\u00e1s, amely a PCP-haszn\u00e1lat abbahagy\u00e1sa ut\u00e1n ak\u00e1r egy \u00e9vvel is fenn\u00e1llhat.<\/li>\n<\/ul>\n<p>A PCP nyugtat\u00f3 hat\u00e1s\u00fa, \u00e9s m\u00e1s k\u00f6zponti idegrendszeri depressz\u00e1nsokkal, p\u00e9ld\u00e1ul alkohollal \u00e9s benzodiazepinekkel val\u00f3 k\u00f6lcs\u00f6nhat\u00e1s k\u00f3m\u00e1hoz vagy v\u00e9letlen t\u00faladagol\u00e1shoz vezethet. Sok PCP-haszn\u00e1l\u00f3t a PCP kellemetlen pszichol\u00f3giai hat\u00e1sai miatt vagy t\u00faladagol\u00e1s miatt visznek a s\u00fcrg\u0151ss\u00e9gi oszt\u00e1lyokra. A k\u00f3rh\u00e1zi vagy fogvatart\u00e1si k\u00f6rnyezetben gyakran v\u00e1lnak er\u0151szakoss\u00e1 vagy \u00f6ngyilkos hajlam\u00fav\u00e1, \u00e9s nagyon vesz\u00e9lyesek \u00f6nmagukra \u00e9s m\u00e1sokra. Nyugodt k\u00f6rnyezetben kell tartani \u0151ket, \u00e9s nem szabad \u0151ket egyed\u00fcl hagyni.PCP \u00e9s anal\u00f3gok online v\u00e1s\u00e1rl\u00e1sa<\/p>\n<h2>Hogyan kezelj\u00fck a PCP-f\u00fcgg\u0151s\u00e9get?<\/h2>\n<p>Azok, akik abbahagyj\u00e1k a PCP folyamatos haszn\u00e1lat\u00e1t, gyakori elvon\u00e1si t\u00fcnetekk\u00e9nt k\u00e1b\u00edt\u00f3szer ut\u00e1ni s\u00f3v\u00e1rg\u00e1st, fokozott \u00e9tv\u00e1gyat, fejf\u00e1j\u00e1st, \u00e1lmoss\u00e1got, depresszi\u00f3t \u00e9s izzad\u00e1st tapasztalnak. Mik\u00f6zben tanulm\u00e1nyok vizsg\u00e1lj\u00e1k a PCP-f\u00fcgg\u0151s\u00e9g gy\u00f3gyszeres kezel\u00e9s\u00e9nek lehet\u0151s\u00e9geit, a PCP-vel val\u00f3 vissza\u00e9l\u00e9s \u00e9s a PCP-f\u00fcgg\u0151s\u00e9g kezel\u00e9s\u00e9re nincsenek specifikusan j\u00f3v\u00e1hagyott kezel\u00e9sek. A betegeknek k\u00f3rh\u00e1zi kezel\u00e9sre \u00e9s viselked\u00e9si kezel\u00e9sekre lehet sz\u00fcks\u00e9g\u00fck a PCP-vel val\u00f3 vissza\u00e9l\u00e9ssel kapcsolatos probl\u00e9m\u00e1k kezel\u00e9se \u00e9rdek\u00e9ben.<\/p>","protected":false},"excerpt":{"rendered":"<p>A fenciklidin, m\u00e1s n\u00e9ven angyalpor, egy tudatm\u00f3dos\u00edt\u00f3 hat\u00e1sa miatt haszn\u00e1lt drog. A PCP hallucin\u00e1ci\u00f3kat, hangok torz \u00e9szlel\u00e9s\u00e9t \u00e9s er\u0151szakos viselked\u00e9st okozhat.<br \/>\nUtcanevek: Fenciklidin: angyalpor, cs\u00f3nak, diszn\u00f3, szerelem cs\u00f3nak, b\u00e9ke pirula<\/p>","protected":false},"featured_media":2967,"comment_status":"open","ping_status":"closed","template":"","meta":{"site-sidebar-layout":"default","site-content-layout":"","ast-site-content-layout":"default","site-content-style":"default","site-sidebar-style":"default","ast-global-header-display":"","ast-banner-title-visibility":"","ast-main-header-display":"","ast-hfb-above-header-display":"","ast-hfb-below-header-display":"","ast-hfb-mobile-header-display":"","site-post-title":"","ast-breadcrumbs-content":"","ast-featured-img":"","footer-sml-layout":"","theme-transparent-header-meta":"default","adv-header-id-meta":"","stick-header-meta":"","header-above-stick-meta":"","header-main-stick-meta":"","header-below-stick-meta":"","astra-migrate-meta-layouts":"set","ast-page-background-enabled":"default","ast-page-background-meta":{"desktop":{"background-color":"var(--ast-global-color-4)","background-image":"","background-repeat":"repeat","background-position":"center center","background-size":"auto","background-attachment":"scroll","background-type":"","background-media":"","overlay-type":"","overlay-color":"","overlay-opacity":"","overlay-gradient":""},"tablet":{"background-color":"","background-image":"","background-repeat":"repeat","background-position":"center center","background-size":"auto","background-attachment":"scroll","background-type":"","background-media":"","overlay-type":"","overlay-color":"","overlay-opacity":"","overlay-gradient":""},"mobile":{"background-color":"","background-image":"","background-repeat":"repeat","background-position":"center center","background-size":"auto","background-attachment":"scroll","background-type":"","background-media":"","overlay-type":"","overlay-color":"","overlay-opacity":"","overlay-gradient":""}},"ast-content-background-meta":{"desktop":{"background-color":"var(--ast-global-color-5)","background-image":"","background-repeat":"repeat","background-position":"center center","background-size":"auto","background-attachment":"scroll","background-type":"","background-media":"","overlay-type":"","overlay-color":"","overlay-opacity":"","overlay-gradient":""},"tablet":{"background-color":"var(--ast-global-color-5)","background-image":"","background-repeat":"repeat","background-position":"center center","background-size":"auto","background-attachment":"scroll","background-type":"","background-media":"","overlay-type":"","overlay-color":"","overlay-opacity":"","overlay-gradient":""},"mobile":{"background-color":"var(--ast-global-color-5)","background-image":"","background-repeat":"repeat","background-position":"center center","background-size":"auto","background-attachment":"scroll","background-type":"","background-media":"","overlay-type":"","overlay-color":"","overlay-opacity":"","overlay-gradient":""}}},"product_brand":[],"product_cat":[15],"product_tag":[1980,1981,1979,1974,1977,1976,1975,1978,1973,1972,1982],"class_list":{"0":"post-2937","1":"product","2":"type-product","3":"status-publish","4":"has-post-thumbnail","6":"product_cat-buy-prescription-drugs","7":"product_tag-buy-pcp-and-analogs-in-canada","8":"product_tag-buy-pcp-and-analogs-in-uk","9":"product_tag-buy-pcp-and-analogs-in-usa","10":"product_tag-buy-pcp-and-analogs-with-bitcoin","11":"product_tag-buy-pcp-and-analogs-with-credit-card","12":"product_tag-buy-pcp-and-analogs-with-money-gram","13":"product_tag-buy-pcp-and-analogs-with-western-union","14":"product_tag-buy-pcp-and-analogs-without-a-doctor","15":"product_tag-buy-pcp-and-analogs-without-prescription","16":"product_tag-pcp-and-analogs-for-sale","17":"product_tag-pcp-and-analogs-tablets","18":"desktop-align-center","19":"tablet-align-left","20":"mobile-align-left","22":"first","23":"instock","24":"shipping-taxable","25":"purchasable","26":"product-type-variable","27":"has-default-attributes"},"yoast_head":"<!-- This site is optimized with the Yoast SEO plugin v25.9 - https:\/\/yoast.com\/wordpress\/plugins\/seo\/ -->\n<title>Buy PCP and Analogs Online, Where to buy PCP online,Phencyclidine<\/title>\n<meta name=\"description\" content=\"Buy PCP online and Analogs online from Where to buy PCP online. Phencyclidine For Sale, Buy PCP Powder Online\" \/>\n<meta name=\"robots\" content=\"index, follow, max-snippet:-1, max-image-preview:large, max-video-preview:-1\" \/>\n<link rel=\"canonical\" href=\"https:\/\/buy-prescriptionz.com\/hu\/term\u00e9k\/pcp-es-analogok-online-vasarlasa\/\" \/>\n<meta property=\"og:locale\" content=\"hu_HU\" \/>\n<meta property=\"og:type\" content=\"article\" \/>\n<meta property=\"og:title\" content=\"Buy PCP and Analogs Online, Where to buy PCP online,Phencyclidine\" \/>\n<meta property=\"og:description\" content=\"Buy PCP online and Analogs online from Where to buy PCP online. Phencyclidine For Sale, Buy PCP Powder Online\" \/>\n<meta property=\"og:url\" content=\"https:\/\/buy-prescriptionz.com\/hu\/term\u00e9k\/pcp-es-analogok-online-vasarlasa\/\" \/>\n<meta property=\"og:site_name\" content=\"Buy Prescriptionz\" \/>\n<meta property=\"article:modified_time\" content=\"2025-09-25T06:22:00+00:00\" \/>\n<meta property=\"og:image\" content=\"https:\/\/buy-prescriptionz.com\/wp-content\/uploads\/2025\/09\/PCP.jpg\" \/>\n\t<meta property=\"og:image:width\" content=\"640\" \/>\n\t<meta property=\"og:image:height\" content=\"360\" \/>\n\t<meta property=\"og:image:type\" content=\"image\/jpeg\" \/>\n<meta name=\"twitter:card\" content=\"summary_large_image\" \/>\n<meta name=\"twitter:label1\" content=\"Becs\u00fclt olvas\u00e1si id\u0151\" \/>\n\t<meta name=\"twitter:data1\" content=\"6 perc\" \/>\n<script type=\"application\/ld+json\" class=\"yoast-schema-graph\">{\"@context\":\"https:\/\/schema.org\",\"@graph\":[{\"@type\":\"WebPage\",\"@id\":\"https:\/\/buy-prescriptionz.com\/product\/buy-pcp-and-analogs-online\/\",\"url\":\"https:\/\/buy-prescriptionz.com\/product\/buy-pcp-and-analogs-online\/\",\"name\":\"Buy PCP and Analogs Online, Where to buy PCP online,Phencyclidine\",\"isPartOf\":{\"@id\":\"https:\/\/buy-prescriptionz.com\/#website\"},\"primaryImageOfPage\":{\"@id\":\"https:\/\/buy-prescriptionz.com\/product\/buy-pcp-and-analogs-online\/#primaryimage\"},\"image\":{\"@id\":\"https:\/\/buy-prescriptionz.com\/product\/buy-pcp-and-analogs-online\/#primaryimage\"},\"thumbnailUrl\":\"https:\/\/buy-prescriptionz.com\/wp-content\/uploads\/2025\/09\/PCP.jpg\",\"datePublished\":\"2025-09-16T08:55:28+00:00\",\"dateModified\":\"2025-09-25T06:22:00+00:00\",\"description\":\"Buy PCP online and Analogs online from Where to buy PCP online. Phencyclidine For Sale, Buy PCP Powder Online\",\"breadcrumb\":{\"@id\":\"https:\/\/buy-prescriptionz.com\/product\/buy-pcp-and-analogs-online\/#breadcrumb\"},\"inLanguage\":\"hu\",\"potentialAction\":[{\"@type\":\"ReadAction\",\"target\":[\"https:\/\/buy-prescriptionz.com\/product\/buy-pcp-and-analogs-online\/\"]}]},{\"@type\":\"ImageObject\",\"inLanguage\":\"hu\",\"@id\":\"https:\/\/buy-prescriptionz.com\/product\/buy-pcp-and-analogs-online\/#primaryimage\",\"url\":\"https:\/\/buy-prescriptionz.com\/wp-content\/uploads\/2025\/09\/PCP.jpg\",\"contentUrl\":\"https:\/\/buy-prescriptionz.com\/wp-content\/uploads\/2025\/09\/PCP.jpg\",\"width\":640,\"height\":360},{\"@type\":\"BreadcrumbList\",\"@id\":\"https:\/\/buy-prescriptionz.com\/product\/buy-pcp-and-analogs-online\/#breadcrumb\",\"itemListElement\":[{\"@type\":\"ListItem\",\"position\":1,\"name\":\"Home\",\"item\":\"https:\/\/buy-prescriptionz.com\/\"},{\"@type\":\"ListItem\",\"position\":2,\"name\":\"Shop Painkillers Online\",\"item\":\"https:\/\/buy-prescriptionz.com\/shop-painkillers-online\/\"},{\"@type\":\"ListItem\",\"position\":3,\"name\":\"Buy Pcp and Analogs Online\"}]},{\"@type\":\"WebSite\",\"@id\":\"https:\/\/buy-prescriptionz.com\/#website\",\"url\":\"https:\/\/buy-prescriptionz.com\/\",\"name\":\"Buy Prescriptionz\",\"description\":\"Drugs Online\",\"publisher\":{\"@id\":\"https:\/\/buy-prescriptionz.com\/#organization\"},\"potentialAction\":[{\"@type\":\"SearchAction\",\"target\":{\"@type\":\"EntryPoint\",\"urlTemplate\":\"https:\/\/buy-prescriptionz.com\/?s={search_term_string}\"},\"query-input\":{\"@type\":\"PropertyValueSpecification\",\"valueRequired\":true,\"valueName\":\"search_term_string\"}}],\"inLanguage\":\"hu\"},{\"@type\":\"Organization\",\"@id\":\"https:\/\/buy-prescriptionz.com\/#organization\",\"name\":\"Buy Prescriptionz\",\"url\":\"https:\/\/buy-prescriptionz.com\/\",\"logo\":{\"@type\":\"ImageObject\",\"inLanguage\":\"hu\",\"@id\":\"https:\/\/buy-prescriptionz.com\/#\/schema\/logo\/image\/\",\"url\":\"https:\/\/buy-prescriptionz.com\/wp-content\/uploads\/2023\/09\/logo.png\",\"contentUrl\":\"https:\/\/buy-prescriptionz.com\/wp-content\/uploads\/2023\/09\/logo.png\",\"width\":350,\"height\":64,\"caption\":\"Buy Prescriptionz\"},\"image\":{\"@id\":\"https:\/\/buy-prescriptionz.com\/#\/schema\/logo\/image\/\"}}]}<\/script>\n<!-- \/ Yoast SEO plugin. -->","yoast_head_json":{"title":"V\u00e1s\u00e1rl\u00e1s PCP \u00e9s anal\u00f3gok Online, Hol lehet v\u00e1s\u00e1rolni PCP online, Phencyclidine","description":"V\u00e1s\u00e1rl\u00e1s PCP online \u00e9s anal\u00f3gok online a Hol lehet v\u00e1s\u00e1rolni PCP online. Phencyclidine elad\u00f3, V\u00e1s\u00e1rl\u00e1s PCP por online","robots":{"index":"index","follow":"follow","max-snippet":"max-snippet:-1","max-image-preview":"max-image-preview:large","max-video-preview":"max-video-preview:-1"},"canonical":"https:\/\/buy-prescriptionz.com\/hu\/term\u00e9k\/pcp-es-analogok-online-vasarlasa\/","og_locale":"hu_HU","og_type":"article","og_title":"Buy PCP and Analogs Online, Where to buy PCP online,Phencyclidine","og_description":"Buy PCP online and Analogs online from Where to buy PCP online. Phencyclidine For Sale, Buy PCP Powder Online","og_url":"https:\/\/buy-prescriptionz.com\/hu\/term\u00e9k\/pcp-es-analogok-online-vasarlasa\/","og_site_name":"Buy Prescriptionz","article_modified_time":"2025-09-25T06:22:00+00:00","og_image":[{"width":640,"height":360,"url":"https:\/\/buy-prescriptionz.com\/wp-content\/uploads\/2025\/09\/PCP.jpg","type":"image\/jpeg"}],"twitter_card":"summary_large_image","twitter_misc":{"Becs\u00fclt olvas\u00e1si id\u0151":"6 perc"},"schema":{"@context":"https:\/\/schema.org","@graph":[{"@type":"WebPage","@id":"https:\/\/buy-prescriptionz.com\/product\/buy-pcp-and-analogs-online\/","url":"https:\/\/buy-prescriptionz.com\/product\/buy-pcp-and-analogs-online\/","name":"V\u00e1s\u00e1rl\u00e1s PCP \u00e9s anal\u00f3gok Online, Hol lehet v\u00e1s\u00e1rolni PCP online, Phencyclidine","isPartOf":{"@id":"https:\/\/buy-prescriptionz.com\/#website"},"primaryImageOfPage":{"@id":"https:\/\/buy-prescriptionz.com\/product\/buy-pcp-and-analogs-online\/#primaryimage"},"image":{"@id":"https:\/\/buy-prescriptionz.com\/product\/buy-pcp-and-analogs-online\/#primaryimage"},"thumbnailUrl":"https:\/\/buy-prescriptionz.com\/wp-content\/uploads\/2025\/09\/PCP.jpg","datePublished":"2025-09-16T08:55:28+00:00","dateModified":"2025-09-25T06:22:00+00:00","description":"V\u00e1s\u00e1rl\u00e1s PCP online \u00e9s anal\u00f3gok online a Hol lehet v\u00e1s\u00e1rolni PCP online. Phencyclidine elad\u00f3, V\u00e1s\u00e1rl\u00e1s PCP por online","breadcrumb":{"@id":"https:\/\/buy-prescriptionz.com\/product\/buy-pcp-and-analogs-online\/#breadcrumb"},"inLanguage":"hu","potentialAction":[{"@type":"ReadAction","target":["https:\/\/buy-prescriptionz.com\/product\/buy-pcp-and-analogs-online\/"]}]},{"@type":"ImageObject","inLanguage":"hu","@id":"https:\/\/buy-prescriptionz.com\/product\/buy-pcp-and-analogs-online\/#primaryimage","url":"https:\/\/buy-prescriptionz.com\/wp-content\/uploads\/2025\/09\/PCP.jpg","contentUrl":"https:\/\/buy-prescriptionz.com\/wp-content\/uploads\/2025\/09\/PCP.jpg","width":640,"height":360},{"@type":"BreadcrumbList","@id":"https:\/\/buy-prescriptionz.com\/product\/buy-pcp-and-analogs-online\/#breadcrumb","itemListElement":[{"@type":"ListItem","position":1,"name":"Home","item":"https:\/\/buy-prescriptionz.com\/"},{"@type":"ListItem","position":2,"name":"Shop Painkillers Online","item":"https:\/\/buy-prescriptionz.com\/shop-painkillers-online\/"},{"@type":"ListItem","position":3,"name":"Buy Pcp and Analogs Online"}]},{"@type":"WebSite","@id":"https:\/\/buy-prescriptionz.com\/#website","url":"https:\/\/buy-prescriptionz.com\/","name":"Buy Prescriptionz","description":"Online gy\u00f3gyszerek","publisher":{"@id":"https:\/\/buy-prescriptionz.com\/#organization"},"potentialAction":[{"@type":"SearchAction","target":{"@type":"EntryPoint","urlTemplate":"https:\/\/buy-prescriptionz.com\/?s={search_term_string}"},"query-input":{"@type":"PropertyValueSpecification","valueRequired":true,"valueName":"search_term_string"}}],"inLanguage":"hu"},{"@type":"Organization","@id":"https:\/\/buy-prescriptionz.com\/#organization","name":"Buy Prescriptionz","url":"https:\/\/buy-prescriptionz.com\/","logo":{"@type":"ImageObject","inLanguage":"hu","@id":"https:\/\/buy-prescriptionz.com\/#\/schema\/logo\/image\/","url":"https:\/\/buy-prescriptionz.com\/wp-content\/uploads\/2023\/09\/logo.png","contentUrl":"https:\/\/buy-prescriptionz.com\/wp-content\/uploads\/2023\/09\/logo.png","width":350,"height":64,"caption":"Buy Prescriptionz"},"image":{"@id":"https:\/\/buy-prescriptionz.com\/#\/schema\/logo\/image\/"}}]}},"_links":{"self":[{"href":"https:\/\/buy-prescriptionz.com\/hu\/wp-json\/wp\/v2\/product\/2937","targetHints":{"allow":["GET"]}}],"collection":[{"href":"https:\/\/buy-prescriptionz.com\/hu\/wp-json\/wp\/v2\/product"}],"about":[{"href":"https:\/\/buy-prescriptionz.com\/hu\/wp-json\/wp\/v2\/types\/product"}],"replies":[{"embeddable":true,"href":"https:\/\/buy-prescriptionz.com\/hu\/wp-json\/wp\/v2\/comments?post=2937"}],"wp:featuredmedia":[{"embeddable":true,"href":"https:\/\/buy-prescriptionz.com\/hu\/wp-json\/wp\/v2\/media\/2967"}],"wp:attachment":[{"href":"https:\/\/buy-prescriptionz.com\/hu\/wp-json\/wp\/v2\/media?parent=2937"}],"wp:term":[{"taxonomy":"product_brand","embeddable":true,"href":"https:\/\/buy-prescriptionz.com\/hu\/wp-json\/wp\/v2\/product_brand?post=2937"},{"taxonomy":"product_cat","embeddable":true,"href":"https:\/\/buy-prescriptionz.com\/hu\/wp-json\/wp\/v2\/product_cat?post=2937"},{"taxonomy":"product_tag","embeddable":true,"href":"https:\/\/buy-prescriptionz.com\/hu\/wp-json\/wp\/v2\/product_tag?post=2937"}],"curies":[{"name":"wp","href":"https:\/\/api.w.org\/{rel}","templated":true}]}}