{"id":2941,"date":"2025-09-16T08:55:29","date_gmt":"2025-09-16T08:55:29","guid":{"rendered":"https:\/\/chemsfine.com\/newsite\/?post_type=product&#038;p=2941"},"modified":"2025-09-20T05:00:36","modified_gmt":"2025-09-20T05:00:36","slug":"anabolikus-szteroidok-online-vasarlasa","status":"publish","type":"product","link":"https:\/\/buy-prescriptionz.com\/hu\/term%c3%a9k\/anabolikus-szteroidok-online-vasarlasa\/","title":{"rendered":"V\u00e1s\u00e1roljon anabolikus szteroidokat online"},"content":{"rendered":"<h2 style=\"text-align: justify;\">V\u00c1S\u00c1ROLNI ANABOLIKUS SZTEROIDOK ONLINE V\u00c1S\u00c1ROLNI PRESCRITION ONLINE A LEGJOBB \u00c1RON<\/h2>\n<p style=\"text-align: justify;\">Az anabolikus szteroidok sz\u00e1jon \u00e1t bevitt, szintetikus gy\u00f3gyszerek, amelyek a tesztoszteronhoz hasonl\u00f3an hatnak. A nemi szervek n\u00f6veked\u00e9s\u00e9t \u00e9s fejl\u0151d\u00e9s\u00e9t, m\u00e1sodlagos nemi jellegzetess\u00e9geket, valamint az izmok m\u00e9ret\u00e9nek \u00e9s erej\u00e9nek n\u00f6veked\u00e9s\u00e9t okozz\u00e1k.<\/p>\n<h3 style=\"text-align: justify;\">AZ ANABOLIKUS SZTEROIDOK JELLEMZ\u0150I<\/h3>\n<p style=\"text-align: justify;\">Az anabolikus szteroidok m\u00e1s t\u00edpus\u00fa sz\u00f6vetek, k\u00fcl\u00f6n\u00f6sen a csontok \u00e9s az emberi test izomzat\u00e1nak n\u00f6veked\u00e9s\u00e9t serkentik.<\/p>\n<h3 style=\"text-align: justify;\">AZ ANABOLIKUS SZTEROIDOK \u00c1LTAL\u00c1NOS \u00d3VINT\u00c9ZKED\u00c9SEI<\/h3>\n<p style=\"text-align: justify;\">Kezel\u0151orvos\u00e1nak rendszeres l\u00e1togat\u00e1sok alkalm\u00e1val ellen\u0151riznie kell az \u00d6n \u00e1llapot\u00e1t, hogy megbizonyosodjon arr\u00f3l, hogy ez a gy\u00f3gyszer nem okoz-e nemk\u00edv\u00e1natos hat\u00e1sokat.<br \/>\nHa gyermeke ezt a gy\u00f3gyszert szedi, fontos, hogy az orvos 6 havonta r\u00f6ntgenfelv\u00e9teleket k\u00e9sz\u00edtsen, hogy ellen\u0151rizze gyermeke csontn\u00f6veked\u00e9s\u00e9t \u00e9s magass\u00e1g\u00e1t. Az anabolikus szteroidok befoly\u00e1solhatj\u00e1k a norm\u00e1lis csontn\u00f6veked\u00e9st.<\/p>\n<p style=\"text-align: justify;\"><strong>Cukorbetegek sz\u00e1m\u00e1ra:<\/strong><\/p>\n<p style=\"text-align: justify;\">Ez a gy\u00f3gyszer befoly\u00e1solhatja a v\u00e9rcukorszintet. Ha v\u00e1ltoz\u00e1st \u00e9szlel a v\u00e9r- vagy vizeletcukorszint-vizsg\u00e1latokban, vagy ha b\u00e1rmilyen k\u00e9rd\u00e9se van, forduljon kezel\u0151orvos\u00e1hoz.<\/p>\n<p>Az anabolikus szteroidok a tesztoszteron szintetikus v\u00e1ltozatai, egy olyan hormon\u00e9, amely el\u0151seg\u00edti az izomn\u00f6veked\u00e9st \u00e9s fokozza a f\u00e9rfias tulajdons\u00e1gokat. Sz\u00e9les k\u00f6rben haszn\u00e1lj\u00e1k \u0151ket az orvostudom\u00e1nyban olyan \u00e1llapotok kezel\u00e9s\u00e9re, mint a k\u00e9sleltetett pubert\u00e1s \u00e9s a betegs\u00e9gek okozta izomveszt\u00e9s. Ugyanakkor vitatott is a sportban \u00e9s a test\u00e9p\u00edt\u00e9sben val\u00f3 helytelen haszn\u00e1latuk miatt.<\/p>\n<h3>Az anabolikus szteroidok el\u0151nyei<\/h3>\n<ol>\n<li><strong>Muscle Growth:<\/strong> Az anabolikus szteroidok serkentik a feh\u00e9rjeszint\u00e9zist, ami izomt\u00f6meg- \u00e9s er\u0151n\u00f6veked\u00e9shez vezet.<\/li>\n<li><strong>Enhanced Performance:<\/strong> A sportol\u00f3k szteroidokat haszn\u00e1lnak a teljes\u00edtm\u00e9ny jav\u00edt\u00e1s\u00e1ra az \u00e1ll\u00f3k\u00e9pess\u00e9g n\u00f6vel\u00e9s\u00e9vel \u00e9s az edz\u00e9sek k\u00f6z\u00f6tti regener\u00e1l\u00f3d\u00e1si id\u0151 cs\u00f6kkent\u00e9s\u00e9vel.<\/li>\n<li><strong>Medical Uses:<\/strong> Izomsorvad\u00e1sos betegs\u00e9gek, p\u00e9ld\u00e1ul HIV\/AIDS kezel\u00e9s\u00e9re \u00e9s s\u00falyos \u00e9g\u00e9si s\u00e9r\u00fcl\u00e9sek ut\u00e1ni fel\u00e9p\u00fcl\u00e9s el\u0151seg\u00edt\u00e9s\u00e9re \u00edrj\u00e1k fel \u0151ket.<\/li>\n<\/ol>\n<h3>Haszn\u00e1lat<\/h3>\n<p>Az anabolikus szteroidok sz\u00e1jon \u00e1t vagy injekci\u00f3ban is bevehet\u0151k, a hat\u00e1s id\u0151tartama v\u00e1ltoz\u00f3:<\/p>\n<ul>\n<li><strong>Oral Steroids:<\/strong> Gyors eredm\u00e9nyt adnak, de jobban megterhelik a m\u00e1jat.<\/li>\n<li><strong>Injekci\u00f3s szteroidok:<\/strong> Hosszabb ideig tart\u00f3 hat\u00e1sok, kisebb m\u00e1jterhel\u00e9ssel.<\/li>\n<\/ul>\n<h3>Aj\u00e1nlott adagok<\/h3>\n<p>Az adagol\u00e1s a szteroid t\u00edpus\u00e1t\u00f3l, a felhaszn\u00e1l\u00f3i \u00e9lm\u00e9nyt\u0151l \u00e9s a c\u00e9lokt\u00f3l f\u00fcgg\u0151en v\u00e1ltozik:<\/p>\n<ul>\n<li><strong>Kezd\u0151k:<\/strong> Kezdje alacsony d\u00f3zisokkal a tolerancia felm\u00e9r\u00e9se \u00e9s a mell\u00e9khat\u00e1sok cs\u00f6kkent\u00e9se \u00e9rdek\u00e9ben.<\/li>\n<li><strong>Tapasztalt felhaszn\u00e1l\u00f3k:<\/strong> A hat\u00e9konys\u00e1g fenntart\u00e1sa \u00e9rdek\u00e9ben fokozatosan n\u00f6velje az adagot, gyakran ciklikusan be- \u00e9s kikapcsolva a tolerancia megel\u0151z\u00e9se \u00e9s az eg\u00e9szs\u00e9g\u00fcgyi kock\u00e1zatok kezel\u00e9se \u00e9rdek\u00e9ben.<\/li>\n<\/ul>\n<p>B\u00e1r az anabolikus szteroidok gy\u00f3gy\u00e1szati \u200b\u200b\u200b\u200bc\u00e9l\u00fa felhaszn\u00e1l\u00e1ssal \u00e9s teljes\u00edtm\u00e9nyn\u00f6vel\u00e9ssel j\u00e1rnak, k\u00f6r\u00fcltekint\u0151 m\u00e9rlegel\u00e9st ig\u00e9nyelnek a lehets\u00e9ges mell\u00e9khat\u00e1sok, p\u00e9ld\u00e1ul a m\u00e1jk\u00e1rosod\u00e1s, a sz\u00edv- \u00e9s \u00e9rrendszeri probl\u00e9m\u00e1k \u00e9s a hormon\u00e1lis egyens\u00falyhi\u00e1ny miatt. A megfelel\u0151 fel\u00fcgyelet \u00e9s az aj\u00e1nlott adagok betart\u00e1sa elengedhetetlen a kock\u00e1zatok cs\u00f6kkent\u00e9se \u00e9rdek\u00e9ben.<\/p>\n<p>Gy\u00f3gyszer\u00e9szeti min\u0151s\u00e9g\u0171 szteroidokhoz \u00e9s kapcsol\u00f3d\u00f3 term\u00e9kekhez val\u00f3 megb\u00edzhat\u00f3 hozz\u00e1f\u00e9r\u00e9s\u00e9rt a legjobb gy\u00f3gyszert\u00e1rban <a href=\"http:\/\/buy-prescriptionz.com\/hu\/\">buy-prescriptionz.com<\/a>Biztons\u00e1gos \u00e9s hat\u00e9kony gy\u00f3gyszerek sz\u00e9les v\u00e1laszt\u00e9k\u00e1t k\u00edn\u00e1lj\u00e1k, biztos\u00edtva a min\u0151s\u00e9get \u00e9s az \u00fcgyfelek el\u00e9gedetts\u00e9g\u00e9t. Ak\u00e1r orvosi ig\u00e9nyekr\u0151l, ak\u00e1r teljes\u00edtm\u00e9nyfokoz\u00e1sr\u00f3l van sz\u00f3, b\u00edzzon term\u00e9keikben, hogy biztons\u00e1gosan \u00e9s hat\u00e9konyan kiel\u00e9g\u00edtik az \u00d6n ig\u00e9nyeit.<\/p>\n<h3 style=\"text-align: justify;\">TUDNIA KELL AZ ANABOLIKUS SZTEROIDOK MELL\u00c9KHAT\u00c1SAIR\u00d3L<\/h3>\n<p style=\"text-align: justify;\"><strong>Az anabolikus szteroidok sz\u00e1mos mell\u00e9khat\u00e1ssal rendelkeznek, mivel a tesztoszteron sz\u00e1mos hat\u00e1ssal van a szervezetben. A mell\u00e9khat\u00e1sok hossz\u00fa list\u00e1ja a k\u00f6vetkez\u0151ket tartalmazza:<\/strong><\/p>\n<p style=\"text-align: justify;\">- A her\u00e9k zsugorod\u00e1sa<br \/>\n- Mellnagyobbod\u00e1s (gynecomastia)<br \/>\n- Alacsony spermiumsz\u00e1m<br \/>\n- Fokozott hajn\u00f6veked\u00e9s<br \/>\n- Er\u0151szak<br \/>\n- Agresszi\u00f3<br \/>\n- M\u00e1jbetegs\u00e9g \u00e9s m\u00e1jr\u00e1k is el\u0151fordulhat.<br \/>\nMI T\u00d6RT\u00c9NIK, HA T\u00daLADAGOLJUK?<\/p>\n<p style=\"text-align: justify;\">Az anabolikus szteroidok l\u00e9nyeg\u00e9ben a tesztoszteron laborat\u00f3riumban el\u0151\u00e1ll\u00edtott anal\u00f3gjai, \u00e9s hasonl\u00f3an m\u0171k\u00f6dnek, mint a hormon a szervezet\u00fcnkben. B\u00e1r lehets\u00e9ges, hogy azonnali t\u00faladagol\u00e1st tapasztalni az anabolikus szteroidok gyakran m\u00e1sk\u00e9pp nyilv\u00e1nulnak meg.<\/p>\n<p style=\"text-align: justify;\">- Vese-\/m\u00e1jk\u00e1rosod\u00e1s.<br \/>\n- Emelkedett v\u00e9rnyom\u00e1s.<br \/>\n- Megnagyobbodott sz\u00edv.<br \/>\n- Jelent\u0151s hangulatingadoz\u00e1s.<br \/>\n- Agresszi\u00f3 \u00e9s ingerl\u00e9kenys\u00e9g.<br \/>\n- T\u00e9veszm\u00e9k.<br \/>\n- A fiatal felhaszn\u00e1l\u00f3k n\u00f6veked\u00e9si zavara.<\/p>\n<h3 style=\"text-align: justify;\">TEGY\u00dcK FEL, HOGY KIHAGYTAD A D\u00d3ZIST?<\/h3>\n<p style=\"text-align: justify;\">- Ha a kihagyott adag id\u0151pontj\u00e1hoz k\u00f6zel veszi \u00e9szre, akkor vegyen be egy adagot.<br \/>\n- Ha ezt a k\u00f6vetkez\u0151 adagol\u00e1s id\u0151pontj\u00e1hoz k\u00f6zel veszi \u00e9szre, akkor hagyja ki a kihagyott adagot. Csak vegye be a k\u00f6vetkez\u0151t.<br \/>\n- Ne vegyen be egyszerre k\u00e9t adagot, mert ez t\u00faladagol\u00e1shoz vezethet.<\/p>\n<h3 style=\"text-align: justify;\">T\u00c1ROLJA A SZTEROIDOKAT<\/h3>\n<p style=\"text-align: justify;\">T\u00e1rolja az anabolikus szteroidokat \u00e1ltal\u00e1nos szobah\u0151m\u00e9rs\u00e9kleten, \u00e9s tartsa t\u00e1vol a gyermekekt\u0151l.<\/p>\n<h3 style=\"text-align: justify;\">HOL LEHET ONLINE ANABOLIKUS SZTEROIDOKAT V\u00c1S\u00c1ROLNI?<\/h3>\n<p style=\"text-align: justify;\">Szerezze be az anabolikus szteroidokat a Buyprescriptionz-t\u0151l, \u00e9s tartsa a test\u00e9t sokkal jobban. Rendeljen most!<\/p>","protected":false},"excerpt":{"rendered":"<p>Az anabolikus szteroidok, m\u00e1s n\u00e9ven anabolikus-androg\u00e9n szteroidok (AAS), olyan szteroid androg\u00e9nek, amelyek k\u00f6z\u00e9 tartoznak a term\u00e9szetes androg\u00e9nek, mint a tesztoszteron, valamint a szintetikus androg\u00e9nek, amelyek szerkezetileg rokonok \u00e9s a tesztoszteronhoz hasonl\u00f3 hat\u00e1s\u00faak.<br \/>\nUtcanevek: Anadrol, Oxandrin, Durabolin, Depo-Testosterone, Equipoise: roids, juice, gym candy, pumperek.<\/p>","protected":false},"featured_media":2971,"comment_status":"open","ping_status":"closed","template":"","meta":{"site-sidebar-layout":"default","site-content-layout":"","ast-site-content-layout":"default","site-content-style":"default","site-sidebar-style":"default","ast-global-header-display":"","ast-banner-title-visibility":"","ast-main-header-display":"","ast-hfb-above-header-display":"","ast-hfb-below-header-display":"","ast-hfb-mobile-header-display":"","site-post-title":"","ast-breadcrumbs-content":"","ast-featured-img":"","footer-sml-layout":"","theme-transparent-header-meta":"default","adv-header-id-meta":"","stick-header-meta":"","header-above-stick-meta":"","header-main-stick-meta":"","header-below-stick-meta":"","astra-migrate-meta-layouts":"set","ast-page-background-enabled":"default","ast-page-background-meta":{"desktop":{"background-color":"var(--ast-global-color-4)","background-image":"","background-repeat":"repeat","background-position":"center center","background-size":"auto","background-attachment":"scroll","background-type":"","background-media":"","overlay-type":"","overlay-color":"","overlay-opacity":"","overlay-gradient":""},"tablet":{"background-color":"","background-image":"","background-repeat":"repeat","background-position":"center center","background-size":"auto","background-attachment":"scroll","background-type":"","background-media":"","overlay-type":"","overlay-color":"","overlay-opacity":"","overlay-gradient":""},"mobile":{"background-color":"","background-image":"","background-repeat":"repeat","background-position":"center center","background-size":"auto","background-attachment":"scroll","background-type":"","background-media":"","overlay-type":"","overlay-color":"","overlay-opacity":"","overlay-gradient":""}},"ast-content-background-meta":{"desktop":{"background-color":"var(--ast-global-color-5)","background-image":"","background-repeat":"repeat","background-position":"center center","background-size":"auto","background-attachment":"scroll","background-type":"","background-media":"","overlay-type":"","overlay-color":"","overlay-opacity":"","overlay-gradient":""},"tablet":{"background-color":"var(--ast-global-color-5)","background-image":"","background-repeat":"repeat","background-position":"center center","background-size":"auto","background-attachment":"scroll","background-type":"","background-media":"","overlay-type":"","overlay-color":"","overlay-opacity":"","overlay-gradient":""},"mobile":{"background-color":"var(--ast-global-color-5)","background-image":"","background-repeat":"repeat","background-position":"center center","background-size":"auto","background-attachment":"scroll","background-type":"","background-media":"","overlay-type":"","overlay-color":"","overlay-opacity":"","overlay-gradient":""}}},"product_brand":[],"product_cat":[15],"product_tag":[1938,1928,1936,1937,1935,1930,1933,1932,1931,1934,1929],"class_list":{"0":"post-2941","1":"product","2":"type-product","3":"status-publish","4":"has-post-thumbnail","6":"product_cat-buy-prescription-drugs","7":"product_tag-anabolic-steroids","8":"product_tag-anabolic-steroids-for-sale","9":"product_tag-buy-anabolic-steroids-in-canada","10":"product_tag-buy-anabolic-steroids-in-uk","11":"product_tag-buy-anabolic-steroids-in-usa","12":"product_tag-buy-anabolic-steroids-with-bitcoin","13":"product_tag-buy-anabolic-steroids-with-credit-card","14":"product_tag-buy-anabolic-steroids-with-money-gram","15":"product_tag-buy-anabolic-steroids-with-western-union","16":"product_tag-buy-anabolic-steroids-without-a-doctor","17":"product_tag-buy-anabolic-steroids-without-prescription","18":"desktop-align-center","19":"tablet-align-left","20":"mobile-align-left","22":"first","23":"instock","24":"shipping-taxable","25":"purchasable","26":"product-type-variable","27":"has-default-attributes"},"yoast_head":"<!-- This site is optimized with the Yoast SEO plugin v25.9 - https:\/\/yoast.com\/wordpress\/plugins\/seo\/ -->\n<title>Buy Anabolic Steroids Online - Anabolic Steroids for Sale | BuyPrescriptionz<\/title>\n<meta name=\"description\" content=\"You can buy Anabolic Steroids online without any prescription from an online pharmacy store buy-prescriptionz.com. Order Now with Free &amp; Secure Shipping!\" \/>\n<meta name=\"robots\" content=\"index, follow, max-snippet:-1, max-image-preview:large, max-video-preview:-1\" \/>\n<link rel=\"canonical\" href=\"https:\/\/buy-prescriptionz.com\/hu\/term\u00e9k\/anabolikus-szteroidok-online-vasarlasa\/\" \/>\n<meta property=\"og:locale\" content=\"hu_HU\" \/>\n<meta property=\"og:type\" content=\"article\" \/>\n<meta property=\"og:title\" content=\"Buy Anabolic Steroids Online - Anabolic Steroids for Sale | BuyPrescriptionz\" \/>\n<meta property=\"og:description\" content=\"You can buy Anabolic Steroids online without any prescription from an online pharmacy store buy-prescriptionz.com. Order Now with Free &amp; Secure Shipping!\" \/>\n<meta property=\"og:url\" content=\"https:\/\/buy-prescriptionz.com\/hu\/term\u00e9k\/anabolikus-szteroidok-online-vasarlasa\/\" \/>\n<meta property=\"og:site_name\" content=\"Buy Prescriptionz\" \/>\n<meta property=\"article:modified_time\" content=\"2025-09-20T05:00:36+00:00\" \/>\n<meta property=\"og:image\" content=\"https:\/\/buy-prescriptionz.com\/wp-content\/uploads\/2025\/09\/anabolic-steroids.jpg\" \/>\n\t<meta property=\"og:image:width\" content=\"400\" \/>\n\t<meta property=\"og:image:height\" content=\"300\" \/>\n\t<meta property=\"og:image:type\" content=\"image\/jpeg\" \/>\n<meta name=\"twitter:card\" content=\"summary_large_image\" \/>\n<meta name=\"twitter:label1\" content=\"Becs\u00fclt olvas\u00e1si id\u0151\" \/>\n\t<meta name=\"twitter:data1\" content=\"4 perc\" \/>\n<script type=\"application\/ld+json\" class=\"yoast-schema-graph\">{\"@context\":\"https:\/\/schema.org\",\"@graph\":[{\"@type\":\"WebPage\",\"@id\":\"https:\/\/buy-prescriptionz.com\/product\/buy-anabolic-steroids-online\/\",\"url\":\"https:\/\/buy-prescriptionz.com\/product\/buy-anabolic-steroids-online\/\",\"name\":\"Buy Anabolic Steroids Online - Anabolic Steroids for Sale | BuyPrescriptionz\",\"isPartOf\":{\"@id\":\"https:\/\/buy-prescriptionz.com\/#website\"},\"primaryImageOfPage\":{\"@id\":\"https:\/\/buy-prescriptionz.com\/product\/buy-anabolic-steroids-online\/#primaryimage\"},\"image\":{\"@id\":\"https:\/\/buy-prescriptionz.com\/product\/buy-anabolic-steroids-online\/#primaryimage\"},\"thumbnailUrl\":\"https:\/\/buy-prescriptionz.com\/wp-content\/uploads\/2025\/09\/anabolic-steroids.jpg\",\"datePublished\":\"2025-09-16T08:55:29+00:00\",\"dateModified\":\"2025-09-20T05:00:36+00:00\",\"description\":\"You can buy Anabolic Steroids online without any prescription from an online pharmacy store buy-prescriptionz.com. Order Now with Free & Secure Shipping!\",\"breadcrumb\":{\"@id\":\"https:\/\/buy-prescriptionz.com\/product\/buy-anabolic-steroids-online\/#breadcrumb\"},\"inLanguage\":\"hu\",\"potentialAction\":[{\"@type\":\"ReadAction\",\"target\":[\"https:\/\/buy-prescriptionz.com\/product\/buy-anabolic-steroids-online\/\"]}]},{\"@type\":\"ImageObject\",\"inLanguage\":\"hu\",\"@id\":\"https:\/\/buy-prescriptionz.com\/product\/buy-anabolic-steroids-online\/#primaryimage\",\"url\":\"https:\/\/buy-prescriptionz.com\/wp-content\/uploads\/2025\/09\/anabolic-steroids.jpg\",\"contentUrl\":\"https:\/\/buy-prescriptionz.com\/wp-content\/uploads\/2025\/09\/anabolic-steroids.jpg\",\"width\":400,\"height\":300},{\"@type\":\"BreadcrumbList\",\"@id\":\"https:\/\/buy-prescriptionz.com\/product\/buy-anabolic-steroids-online\/#breadcrumb\",\"itemListElement\":[{\"@type\":\"ListItem\",\"position\":1,\"name\":\"Home\",\"item\":\"https:\/\/buy-prescriptionz.com\/\"},{\"@type\":\"ListItem\",\"position\":2,\"name\":\"Shop Painkillers Online\",\"item\":\"https:\/\/buy-prescriptionz.com\/shop-painkillers-online\/\"},{\"@type\":\"ListItem\",\"position\":3,\"name\":\"Buy Anabolic Steroids Online\"}]},{\"@type\":\"WebSite\",\"@id\":\"https:\/\/buy-prescriptionz.com\/#website\",\"url\":\"https:\/\/buy-prescriptionz.com\/\",\"name\":\"Buy Prescriptionz\",\"description\":\"Drugs Online\",\"publisher\":{\"@id\":\"https:\/\/buy-prescriptionz.com\/#organization\"},\"potentialAction\":[{\"@type\":\"SearchAction\",\"target\":{\"@type\":\"EntryPoint\",\"urlTemplate\":\"https:\/\/buy-prescriptionz.com\/?s={search_term_string}\"},\"query-input\":{\"@type\":\"PropertyValueSpecification\",\"valueRequired\":true,\"valueName\":\"search_term_string\"}}],\"inLanguage\":\"hu\"},{\"@type\":\"Organization\",\"@id\":\"https:\/\/buy-prescriptionz.com\/#organization\",\"name\":\"Buy Prescriptionz\",\"url\":\"https:\/\/buy-prescriptionz.com\/\",\"logo\":{\"@type\":\"ImageObject\",\"inLanguage\":\"hu\",\"@id\":\"https:\/\/buy-prescriptionz.com\/#\/schema\/logo\/image\/\",\"url\":\"https:\/\/buy-prescriptionz.com\/wp-content\/uploads\/2023\/09\/logo.png\",\"contentUrl\":\"https:\/\/buy-prescriptionz.com\/wp-content\/uploads\/2023\/09\/logo.png\",\"width\":350,\"height\":64,\"caption\":\"Buy Prescriptionz\"},\"image\":{\"@id\":\"https:\/\/buy-prescriptionz.com\/#\/schema\/logo\/image\/\"}}]}<\/script>\n<!-- \/ Yoast SEO plugin. -->","yoast_head_json":{"title":"V\u00e1s\u00e1rl\u00e1s anabolikus szteroidok online - Anabolikus szteroidok elad\u00f3 | BuyPrescriptionz","description":"V\u00e1s\u00e1rolhat anabolikus szteroidokat online recept n\u00e9lk\u00fcl egy online gy\u00f3gyszert\u00e1rban Buyprescriptionz.com. Rendeljen most ingyenes \u00e9s biztons\u00e1gos sz\u00e1ll\u00edt\u00e1ssal!","robots":{"index":"index","follow":"follow","max-snippet":"max-snippet:-1","max-image-preview":"max-image-preview:large","max-video-preview":"max-video-preview:-1"},"canonical":"https:\/\/buy-prescriptionz.com\/hu\/term\u00e9k\/anabolikus-szteroidok-online-vasarlasa\/","og_locale":"hu_HU","og_type":"article","og_title":"Buy Anabolic Steroids Online - Anabolic Steroids for Sale | BuyPrescriptionz","og_description":"You can buy Anabolic Steroids online without any prescription from an online pharmacy store buy-prescriptionz.com. Order Now with Free & Secure Shipping!","og_url":"https:\/\/buy-prescriptionz.com\/hu\/term\u00e9k\/anabolikus-szteroidok-online-vasarlasa\/","og_site_name":"Buy Prescriptionz","article_modified_time":"2025-09-20T05:00:36+00:00","og_image":[{"width":400,"height":300,"url":"https:\/\/buy-prescriptionz.com\/wp-content\/uploads\/2025\/09\/anabolic-steroids.jpg","type":"image\/jpeg"}],"twitter_card":"summary_large_image","twitter_misc":{"Becs\u00fclt olvas\u00e1si id\u0151":"4 perc"},"schema":{"@context":"https:\/\/schema.org","@graph":[{"@type":"WebPage","@id":"https:\/\/buy-prescriptionz.com\/product\/buy-anabolic-steroids-online\/","url":"https:\/\/buy-prescriptionz.com\/product\/buy-anabolic-steroids-online\/","name":"V\u00e1s\u00e1rl\u00e1s anabolikus szteroidok online - Anabolikus szteroidok elad\u00f3 | BuyPrescriptionz","isPartOf":{"@id":"https:\/\/buy-prescriptionz.com\/#website"},"primaryImageOfPage":{"@id":"https:\/\/buy-prescriptionz.com\/product\/buy-anabolic-steroids-online\/#primaryimage"},"image":{"@id":"https:\/\/buy-prescriptionz.com\/product\/buy-anabolic-steroids-online\/#primaryimage"},"thumbnailUrl":"https:\/\/buy-prescriptionz.com\/wp-content\/uploads\/2025\/09\/anabolic-steroids.jpg","datePublished":"2025-09-16T08:55:29+00:00","dateModified":"2025-09-20T05:00:36+00:00","description":"V\u00e1s\u00e1rolhat anabolikus szteroidokat online recept n\u00e9lk\u00fcl egy online gy\u00f3gyszert\u00e1rban Buyprescriptionz.com. Rendeljen most ingyenes \u00e9s biztons\u00e1gos sz\u00e1ll\u00edt\u00e1ssal!","breadcrumb":{"@id":"https:\/\/buy-prescriptionz.com\/product\/buy-anabolic-steroids-online\/#breadcrumb"},"inLanguage":"hu","potentialAction":[{"@type":"ReadAction","target":["https:\/\/buy-prescriptionz.com\/product\/buy-anabolic-steroids-online\/"]}]},{"@type":"ImageObject","inLanguage":"hu","@id":"https:\/\/buy-prescriptionz.com\/product\/buy-anabolic-steroids-online\/#primaryimage","url":"https:\/\/buy-prescriptionz.com\/wp-content\/uploads\/2025\/09\/anabolic-steroids.jpg","contentUrl":"https:\/\/buy-prescriptionz.com\/wp-content\/uploads\/2025\/09\/anabolic-steroids.jpg","width":400,"height":300},{"@type":"BreadcrumbList","@id":"https:\/\/buy-prescriptionz.com\/product\/buy-anabolic-steroids-online\/#breadcrumb","itemListElement":[{"@type":"ListItem","position":1,"name":"Home","item":"https:\/\/buy-prescriptionz.com\/"},{"@type":"ListItem","position":2,"name":"Shop Painkillers Online","item":"https:\/\/buy-prescriptionz.com\/shop-painkillers-online\/"},{"@type":"ListItem","position":3,"name":"Buy Anabolic Steroids Online"}]},{"@type":"WebSite","@id":"https:\/\/buy-prescriptionz.com\/#website","url":"https:\/\/buy-prescriptionz.com\/","name":"Buy Prescriptionz","description":"Online gy\u00f3gyszerek","publisher":{"@id":"https:\/\/buy-prescriptionz.com\/#organization"},"potentialAction":[{"@type":"SearchAction","target":{"@type":"EntryPoint","urlTemplate":"https:\/\/buy-prescriptionz.com\/?s={search_term_string}"},"query-input":{"@type":"PropertyValueSpecification","valueRequired":true,"valueName":"search_term_string"}}],"inLanguage":"hu"},{"@type":"Organization","@id":"https:\/\/buy-prescriptionz.com\/#organization","name":"Buy Prescriptionz","url":"https:\/\/buy-prescriptionz.com\/","logo":{"@type":"ImageObject","inLanguage":"hu","@id":"https:\/\/buy-prescriptionz.com\/#\/schema\/logo\/image\/","url":"https:\/\/buy-prescriptionz.com\/wp-content\/uploads\/2023\/09\/logo.png","contentUrl":"https:\/\/buy-prescriptionz.com\/wp-content\/uploads\/2023\/09\/logo.png","width":350,"height":64,"caption":"Buy Prescriptionz"},"image":{"@id":"https:\/\/buy-prescriptionz.com\/#\/schema\/logo\/image\/"}}]}},"_links":{"self":[{"href":"https:\/\/buy-prescriptionz.com\/hu\/wp-json\/wp\/v2\/product\/2941","targetHints":{"allow":["GET"]}}],"collection":[{"href":"https:\/\/buy-prescriptionz.com\/hu\/wp-json\/wp\/v2\/product"}],"about":[{"href":"https:\/\/buy-prescriptionz.com\/hu\/wp-json\/wp\/v2\/types\/product"}],"replies":[{"embeddable":true,"href":"https:\/\/buy-prescriptionz.com\/hu\/wp-json\/wp\/v2\/comments?post=2941"}],"wp:featuredmedia":[{"embeddable":true,"href":"https:\/\/buy-prescriptionz.com\/hu\/wp-json\/wp\/v2\/media\/2971"}],"wp:attachment":[{"href":"https:\/\/buy-prescriptionz.com\/hu\/wp-json\/wp\/v2\/media?parent=2941"}],"wp:term":[{"taxonomy":"product_brand","embeddable":true,"href":"https:\/\/buy-prescriptionz.com\/hu\/wp-json\/wp\/v2\/product_brand?post=2941"},{"taxonomy":"product_cat","embeddable":true,"href":"https:\/\/buy-prescriptionz.com\/hu\/wp-json\/wp\/v2\/product_cat?post=2941"},{"taxonomy":"product_tag","embeddable":true,"href":"https:\/\/buy-prescriptionz.com\/hu\/wp-json\/wp\/v2\/product_tag?post=2941"}],"curies":[{"name":"wp","href":"https:\/\/api.w.org\/{rel}","templated":true}]}}