{"id":2943,"date":"2025-09-16T08:55:29","date_gmt":"2025-09-16T08:55:29","guid":{"rendered":"https:\/\/chemsfine.com\/newsite\/?post_type=product&#038;p=2943"},"modified":"2025-09-23T14:06:48","modified_gmt":"2025-09-23T14:06:48","slug":"nembutal-tablettak-online-vasarlas","status":"publish","type":"product","link":"https:\/\/buy-prescriptionz.com\/hu\/term%c3%a9k\/nembutal-tablettak-online-vasarlas\/","title":{"rendered":"V\u00e1s\u00e1rl\u00e1s Nembutal tablett\u00e1k Online"},"content":{"rendered":"<h2>NEMBUTAL TABLETT\u00c1K V\u00c1S\u00c1RL\u00c1SA<\/h2>\n<p>NEMBUTAL-Tabletten kob; Nembutal-Natrium-L\u00f6sung (Pentobarbital-Natrium-Injektion) ist eine sterile L\u00f6sung zur intraven\u00f6sen oder intramuskul\u00e4ren Injektion. Jeder ml enth\u00e4lt 50 mg Pentobarbital-Natrium in einem Tr\u00e4ger aus 40 % Propylenglykol, 10 % Alkohol und Wasser f\u00fcr Injektionszwecke (auf das Volumen auff\u00fcllen). Der pH-Wert wird mit Salzs\u00e4ure und\/oder Natriumhydroxid auf ca. 9,5 eingestellt. Nembutal-Natrium ist ein kurzwirksames Barbiturat, chemisch bezeichnet als Natrium-5-ethyl-5-(1-methylbutyl)barbiturat.<\/p>\n<p>A n\u00e1triums\u00f3 feh\u00e9r, enyh\u00e9n keser\u0171 por form\u00e1j\u00e1ban fordul el\u0151, amely v\u00edzben \u00e9s alkoholban j\u00f3l old\u00f3dik, de benzolban \u00e9s \u00e9terben gyakorlatilag oldhatatlan. A barbitur\u00e1tok a k\u00f6zponti idegrendszer minden szint\u0171 hangulatv\u00e1ltoz\u00e1s\u00e1t k\u00e9pesek kiv\u00e1ltani, az izgalmi \u00e1llapott\u00f3l az enyhe szed\u00e1ci\u00f3n \u00e1t a hipn\u00f3zisig \u00e9s a m\u00e9ly k\u00f3m\u00e1ig. A t\u00faladagol\u00e1s hal\u00e1lt okozhat. El\u00e9g magas ter\u00e1pi\u00e1s d\u00f3zisokban a barbitur\u00e1tok altat\u00e1st okoznak. A barbitur\u00e1tok elnyomj\u00e1k az \u00e9rz\u00e9kszervet, cs\u00f6kkentik a motoros aktivit\u00e1st, megv\u00e1ltoztatj\u00e1k a kisagy m\u0171k\u00f6d\u00e9s\u00e9t, \u00e9s \u00e1lmoss\u00e1got, szed\u00e1ci\u00f3t \u00e9s hipn\u00f3zist okoznak.<\/p>\n<p>A barbitur\u00e1tok \u00e1ltal kiv\u00e1ltott alv\u00e1s k\u00fcl\u00f6nb\u00f6zik a fiziol\u00f3gi\u00e1s alv\u00e1st\u00f3l. Alv\u00e1slaborat\u00f3riumi vizsg\u00e1latok kimutatt\u00e1k, hogy a barbitur\u00e1tok cs\u00f6kkentik az alv\u00e1s gyors szemmozg\u00e1sos (REM) f\u00e1zis\u00e1ban vagy \u00e1lmod\u00e1si szakasz\u00e1ban t\u00f6lt\u00f6tt id\u0151t. Emellett a III. \u00e9s IV. alv\u00e1si szakasz is cs\u00f6kken. A rendszeresen alkalmazott barbitur\u00e1tok hirtelen abbahagy\u00e1sa ut\u00e1n a betegek jelent\u0151sen megn\u00f6vekedett \u00e1lmokat, r\u00e9m\u00e1lmokat \u00e9s\/vagy \u00e1lmatlans\u00e1got tapasztalhatnak. Ez\u00e9rt aj\u00e1nlott egyetlen ter\u00e1pi\u00e1s adag 5 vagy 6 nap alatti elhagy\u00e1sa a REM-visszapattan\u00e1s \u00e9s az alv\u00e1szavarok cs\u00f6kkent\u00e9se \u00e9rdek\u00e9ben, amelyek hozz\u00e1j\u00e1rulnak a gy\u00f3gyszerelvon\u00e1si szindr\u00f3m\u00e1hoz (p\u00e9ld\u00e1ul az adag cs\u00f6kkent\u00e9se napi 3-r\u00f3l 2 adagra 1 h\u00e9tig).<\/p>\n<p class=\"p1\"><span class=\"s1\">V\u00e1s\u00e1roljon olcs\u00f3 f\u00e1jdalomcsillap\u00edt\u00f3k online, Lortab v\u00e1s\u00e1rolni online, rendel\u00e9s f\u00e1jdalomcsillap\u00edt\u00f3k online, rendel\u00e9s f\u00e1jdalomcsillap\u00edt\u00f3k online. V\u00e1s\u00e1rl\u00e1s f\u00e1jdalomcsillap\u00edt\u00f3k online v\u00e9ny n\u00e9lk\u00fcl,\u00a0<\/span>A barbitur\u00e1tok nem szelekt\u00edv k\u00f6zponti idegrendszeri depressz\u00e1nsok, amelyeket els\u0151sorban nyugtat\u00f3k\u00e9nt, altat\u00f3k\u00e9nt \u00e9s g\u00f6rcsold\u00f3k\u00e9nt alkalmaznak szubhipnotikus d\u00f3zisokban. A barbitur\u00e1tok \u00e9s n\u00e1triums\u00f3ik a Sz\u00f6vets\u00e9gi Ellen\u0151rz\u00f6tt Anyagokr\u00f3l Sz\u00f3l\u00f3 T\u00f6rv\u00e9ny (Federal Controlled Substances Act) hat\u00e1lya al\u00e1 tartoznak (l\u00e1sd a \u201eK\u00e1b\u00edt\u00f3szerrel val\u00f3 vissza\u00e9l\u00e9s \u00e9s f\u00fcgg\u0151s\u00e9g\u201d r\u00e9szt). Az amobarbit\u00e1l, pentobarbit\u00e1l, fenobarbit\u00e1l \u00e9s szekobarbit\u00e1l n\u00e1triums\u00f3i steril parenter\u00e1lis oldatok form\u00e1j\u00e1ban kaphat\u00f3k. A barbitur\u00e1tok szubsztitu\u00e1lt pirimidin-sz\u00e1rmaz\u00e9kok, amelyekben az ezekre a gy\u00f3gyszerekre jellemz\u0151 alapszerkezet a barbitursav, egy olyan anyag, amelynek nincs k\u00f6zponti idegrendszeri (KIR) aktivit\u00e1sa. A k\u00f6zponti idegrendszeri aktivit\u00e1st a pirimidingy\u0171r\u0171n alkil-, alkenil- vagy arilcsoportok szubsztitu\u00e1l\u00e1s\u00e1val \u00e9rik el.<\/p>\n<h3>Nembutal tablett\u00e1k<\/h3>\n<p>A Nembutal, m\u00e1s n\u00e9ven pentobarbit\u00e1l, egy gy\u00f3gyszer, amelyet k\u00fcl\u00f6nf\u00e9le c\u00e9lokra haszn\u00e1lnak, bele\u00e9rtve az altat\u00e1st \u00e9s a rohamok kezel\u00e9s\u00e9t. \u00cdme egy r\u00e9szletes \u00e1ttekint\u00e9s az el\u0151nyeir\u0151l, haszn\u00e1lat\u00e1r\u00f3l \u00e9s adagol\u00e1s\u00e1r\u00f3l:<\/p>\n<h3>A Nembutal tablett\u00e1k el\u0151nyei<\/h3>\n<ul>\n<li>Nyugtat\u00f3 tulajdons\u00e1gok: \u00c1lmoss\u00e1got \u00e9s relax\u00e1ci\u00f3t okoz, \u00edgy hasznos az \u00e1lmatlans\u00e1g vagy a szorong\u00e1s kezel\u00e9s\u00e9re m\u0171t\u00e9tek el\u0151tt.<\/li>\n<li>G\u00f6rcsg\u00e1tl\u00f3 hat\u00e1sok: A Nembutal seg\u00edt kontroll\u00e1lni a rohamokat olyan \u00e1llapotokban, mint az epilepszia.<\/li>\n<li>Eutan\u00e1zia: N\u00e9ha az \u00e1llatorvosi gyakorlatban alkalmazz\u00e1k hum\u00e1nus eutan\u00e1zi\u00e1ra.<\/li>\n<\/ul>\n<h3>Nembutal tablett\u00e1k haszn\u00e1lata<\/h3>\n<ul>\n<li>\u00c1lmatlans\u00e1g \u00e9s szorong\u00e1s: Sz\u00e1jon \u00e1t, lefekv\u00e9s el\u0151tt szed\u00e1ci\u00f3 c\u00e9lj\u00e1b\u00f3l.<\/li>\n<li>G\u00f6rcsroham-csillap\u00edt\u00e1s: Intrav\u00e9n\u00e1s alkalmaz\u00e1s a rohamok gyors \u00e9s hat\u00e9kony kezel\u00e9s\u00e9re.<\/li>\n<li>Eutan\u00e1zia: Szigor\u00fa orvosi fel\u00fcgyelet mellett, hum\u00e1nus eutan\u00e1zi\u00e1val v\u00e9gezhet\u0151.<\/li>\n<\/ul>\n<h3>Adagol\u00e1si \u00fatmutat\u00f3<\/h3>\n<ul>\n<li>\u00c1lmatlans\u00e1g: \u00c1ltal\u00e1ban 50-100 mg sz\u00e1jon \u00e1t, lefekv\u00e9s el\u0151tt.<\/li>\n<li>G\u00f6rcsrohamok: Az intrav\u00e9n\u00e1s d\u00f3zisok 100-200 mg k\u00f6z\u00f6tt mozognak, a v\u00e1laszreakci\u00f3 alapj\u00e1n m\u00f3dos\u00edtva.<\/li>\n<li>Eutan\u00e1zia: Magasabb d\u00f3zisokban, szigor\u00fa orvosi fel\u00fcgyelet mellett adhat\u00f3 be.<\/li>\n<\/ul>\n<p>A Nembutal tablett\u00e1k nyugtat\u00f3, g\u00f6rcsold\u00f3 \u00e9s altat\u00f3 tulajdons\u00e1gaik miatt \u00e9rt\u00e9kesek. Enyh\u00fcl\u00e9st ny\u00fajtanak \u00e1lmatlans\u00e1g, szorong\u00e1s, rohamok eset\u00e9n, \u00e9s b\u00e9k\u00e9s lehet\u0151s\u00e9get k\u00edn\u00e1lnak a h\u00e1zi\u00e1llatok \u00e9let\u00e9nek v\u00e9g\u00e9re. A Nembutal \u00e9s egy\u00e9b gy\u00f3gyszer\u00e9szeti ig\u00e9nyek megb\u00edzhat\u00f3 el\u00e9r\u00e9s\u00e9hez jelentkezzen be online a legjobb gy\u00f3gyszert\u00e1rba. <a href=\"http:\/\/buy-prescriptionz.com\/hu\/\">buy-prescriptionz.com<\/a>.<\/p>\n<h3>HOV\u00c1:<\/h3>\n<ul class=\"tagchecklist\" role=\"list\">\n<li><button id=\"product_tag-check-num-0\" class=\"ntdelbutton\" type=\"button\"><span class=\"screen-reader-text\">Remove term: best quality Nembutal pills online<\/span><\/button>\u00a0legjobb min\u0151s\u00e9g\u0171 Nembutal tablett\u00e1k online<\/li>\n<li><button id=\"product_tag-check-num-1\" class=\"ntdelbutton\" type=\"button\"><span class=\"screen-reader-text\">Remove term: Buy Nembutal pills online<\/span><\/button>\u00a0Nembutal tablett\u00e1k v\u00e1s\u00e1rl\u00e1sa online<\/li>\n<li><button id=\"product_tag-check-num-2\" class=\"ntdelbutton\" type=\"button\"><span class=\"screen-reader-text\">Remove term: cheap Nembutal pills online<\/span><\/button>\u00a0olcs\u00f3 Nembutal tablett\u00e1k online<\/li>\n<li><button id=\"product_tag-check-num-3\" class=\"ntdelbutton\" type=\"button\"><span class=\"screen-reader-text\">Remove term: free shipping Nembutal pills online<\/span><\/button>\u00a0ingyenes sz\u00e1ll\u00edt\u00e1s Nembutal tablett\u00e1k online<\/li>\n<li><button id=\"product_tag-check-num-4\" class=\"ntdelbutton\" type=\"button\"><span class=\"screen-reader-text\">Remove term: genuine supplies Nembutal pills online<\/span><\/button>\u00a0eredeti kell\u00e9kek Nembutal tablett\u00e1k online<\/li>\n<li><button id=\"product_tag-check-num-5\" class=\"ntdelbutton\" type=\"button\"><span class=\"screen-reader-text\">Remove term: how to buy Nembutal pills online<\/span><\/button>\u00a0Hogyan v\u00e1s\u00e1roljunk Nembutal tablett\u00e1kat online?<\/li>\n<li><button id=\"product_tag-check-num-6\" class=\"ntdelbutton\" type=\"button\"><span class=\"screen-reader-text\">Remove term: purchase Nembutal pills online<\/span><\/button>\u00a0Nembutal tablett\u00e1k v\u00e1s\u00e1rl\u00e1sa online<\/li>\n<li><button id=\"product_tag-check-num-7\" class=\"ntdelbutton\" type=\"button\"><span class=\"screen-reader-text\">Remove term: reliable Nembutal pills online<\/span><\/button>\u00a0megb\u00edzhat\u00f3 Nembutal tablett\u00e1k online<\/li>\n<li><button id=\"product_tag-check-num-8\" class=\"ntdelbutton\" type=\"button\"><span class=\"screen-reader-text\">Remove term: where to buy Nembutal pills online<\/span><\/button>\u00a0Hol lehet Nembutal tablett\u00e1kat v\u00e1s\u00e1rolni online?<\/li>\n<li><button id=\"product_tag-check-num-9\" class=\"ntdelbutton\" type=\"button\"><span class=\"screen-reader-text\">Remove term: wholesale price Nembutal pills online<\/span><\/button>\u00a0nagykereskedelmi \u00e1r Nembutal tablett\u00e1k online<\/li>\n<\/ul>","protected":false},"excerpt":{"rendered":"<p>BUY NEMBUTAL PILLS BUY NEMBUTAL PILLS; Nembutal Sodium Solution (pentobarbital sodium injection) is a sterile solution for intravenous or intramuscular injection. Each mL contains pentobarbital sodium 50 mg, in a vehicle of propylene glycol, 40%, alcohol, 10% and water for injection, to volume. The pH is adjusted to approximately 9.5 with hydrochloric acid and\/or sodium [&hellip;]<\/p>","protected":false},"featured_media":2973,"comment_status":"open","ping_status":"closed","template":"","meta":{"site-sidebar-layout":"default","site-content-layout":"","ast-site-content-layout":"default","site-content-style":"default","site-sidebar-style":"default","ast-global-header-display":"","ast-banner-title-visibility":"","ast-main-header-display":"","ast-hfb-above-header-display":"","ast-hfb-below-header-display":"","ast-hfb-mobile-header-display":"","site-post-title":"","ast-breadcrumbs-content":"","ast-featured-img":"","footer-sml-layout":"","theme-transparent-header-meta":"default","adv-header-id-meta":"","stick-header-meta":"","header-above-stick-meta":"","header-main-stick-meta":"","header-below-stick-meta":"","astra-migrate-meta-layouts":"set","ast-page-background-enabled":"default","ast-page-background-meta":{"desktop":{"background-color":"var(--ast-global-color-4)","background-image":"","background-repeat":"repeat","background-position":"center center","background-size":"auto","background-attachment":"scroll","background-type":"","background-media":"","overlay-type":"","overlay-color":"","overlay-opacity":"","overlay-gradient":""},"tablet":{"background-color":"","background-image":"","background-repeat":"repeat","background-position":"center center","background-size":"auto","background-attachment":"scroll","background-type":"","background-media":"","overlay-type":"","overlay-color":"","overlay-opacity":"","overlay-gradient":""},"mobile":{"background-color":"","background-image":"","background-repeat":"repeat","background-position":"center center","background-size":"auto","background-attachment":"scroll","background-type":"","background-media":"","overlay-type":"","overlay-color":"","overlay-opacity":"","overlay-gradient":""}},"ast-content-background-meta":{"desktop":{"background-color":"var(--ast-global-color-5)","background-image":"","background-repeat":"repeat","background-position":"center center","background-size":"auto","background-attachment":"scroll","background-type":"","background-media":"","overlay-type":"","overlay-color":"","overlay-opacity":"","overlay-gradient":""},"tablet":{"background-color":"var(--ast-global-color-5)","background-image":"","background-repeat":"repeat","background-position":"center center","background-size":"auto","background-attachment":"scroll","background-type":"","background-media":"","overlay-type":"","overlay-color":"","overlay-opacity":"","overlay-gradient":""},"mobile":{"background-color":"var(--ast-global-color-5)","background-image":"","background-repeat":"repeat","background-position":"center center","background-size":"auto","background-attachment":"scroll","background-type":"","background-media":"","overlay-type":"","overlay-color":"","overlay-opacity":"","overlay-gradient":""}}},"product_brand":[],"product_cat":[15],"product_tag":[1914,1915,1913,1908,1911,1910,1909,1912,1907,1916,1906],"class_list":{"0":"post-2943","1":"product","2":"type-product","3":"status-publish","4":"has-post-thumbnail","6":"product_cat-buy-prescription-drugs","7":"product_tag-buy-nembutal-pills-in-canada","8":"product_tag-buy-nembutal-pills-in-uk","9":"product_tag-buy-nembutal-pills-in-usa","10":"product_tag-buy-nembutal-pills-with-bitcoin","11":"product_tag-buy-nembutal-pills-with-credit-card","12":"product_tag-buy-nembutal-pills-with-money-gram","13":"product_tag-buy-nembutal-pills-with-western-union","14":"product_tag-buy-nembutal-pills-without-a-doctor","15":"product_tag-buy-nembutal-pills-without-prescription","16":"product_tag-nembutal-pills","17":"product_tag-nembutal-pills-for-sale","18":"desktop-align-center","19":"tablet-align-left","20":"mobile-align-left","22":"first","23":"instock","24":"shipping-taxable","25":"purchasable","26":"product-type-variable","27":"has-default-attributes"},"yoast_head":"<!-- This site is optimized with the Yoast SEO plugin v25.9 - https:\/\/yoast.com\/wordpress\/plugins\/seo\/ -->\n<title>Buy Nembutal Pills Online - BUY NEMBUTAL PILLS ONLINE NOW<\/title>\n<meta name=\"description\" content=\"Purchase Nembutal pills online from us. We provide Nembutal pills at wholesale price, and also we offer free shipping when you order Nembutal pills online.\" \/>\n<meta name=\"robots\" content=\"index, follow, max-snippet:-1, max-image-preview:large, max-video-preview:-1\" \/>\n<link rel=\"canonical\" href=\"https:\/\/buy-prescriptionz.com\/hu\/term\u00e9k\/nembutal-tablettak-online-vasarlas\/\" \/>\n<meta property=\"og:locale\" content=\"hu_HU\" \/>\n<meta property=\"og:type\" content=\"article\" \/>\n<meta property=\"og:title\" content=\"Buy Nembutal Pills Online - BUY NEMBUTAL PILLS ONLINE NOW\" \/>\n<meta property=\"og:description\" content=\"Purchase Nembutal pills online from us. We provide Nembutal pills at wholesale price, and also we offer free shipping when you order Nembutal pills online.\" \/>\n<meta property=\"og:url\" content=\"https:\/\/buy-prescriptionz.com\/hu\/term\u00e9k\/nembutal-tablettak-online-vasarlas\/\" \/>\n<meta property=\"og:site_name\" content=\"Buy Prescriptionz\" \/>\n<meta property=\"article:modified_time\" content=\"2025-09-23T14:06:48+00:00\" \/>\n<meta property=\"og:image\" content=\"https:\/\/buy-prescriptionz.com\/wp-content\/uploads\/2025\/09\/Buy-Nembutal-pills-online.jpeg\" \/>\n\t<meta property=\"og:image:width\" content=\"600\" \/>\n\t<meta property=\"og:image:height\" content=\"400\" \/>\n\t<meta property=\"og:image:type\" content=\"image\/jpeg\" \/>\n<meta name=\"twitter:card\" content=\"summary_large_image\" \/>\n<meta name=\"twitter:label1\" content=\"Becs\u00fclt olvas\u00e1si id\u0151\" \/>\n\t<meta name=\"twitter:data1\" content=\"4 perc\" \/>\n<script type=\"application\/ld+json\" class=\"yoast-schema-graph\">{\"@context\":\"https:\/\/schema.org\",\"@graph\":[{\"@type\":\"WebPage\",\"@id\":\"https:\/\/buy-prescriptionz.com\/product\/buy-nembutal-pills-online\/\",\"url\":\"https:\/\/buy-prescriptionz.com\/product\/buy-nembutal-pills-online\/\",\"name\":\"Buy Nembutal Pills Online - BUY NEMBUTAL PILLS ONLINE NOW\",\"isPartOf\":{\"@id\":\"https:\/\/buy-prescriptionz.com\/#website\"},\"primaryImageOfPage\":{\"@id\":\"https:\/\/buy-prescriptionz.com\/product\/buy-nembutal-pills-online\/#primaryimage\"},\"image\":{\"@id\":\"https:\/\/buy-prescriptionz.com\/product\/buy-nembutal-pills-online\/#primaryimage\"},\"thumbnailUrl\":\"https:\/\/buy-prescriptionz.com\/wp-content\/uploads\/2025\/09\/Buy-Nembutal-pills-online.jpeg\",\"datePublished\":\"2025-09-16T08:55:29+00:00\",\"dateModified\":\"2025-09-23T14:06:48+00:00\",\"description\":\"Purchase Nembutal pills online from us. We provide Nembutal pills at wholesale price, and also we offer free shipping when you order Nembutal pills online.\",\"breadcrumb\":{\"@id\":\"https:\/\/buy-prescriptionz.com\/product\/buy-nembutal-pills-online\/#breadcrumb\"},\"inLanguage\":\"hu\",\"potentialAction\":[{\"@type\":\"ReadAction\",\"target\":[\"https:\/\/buy-prescriptionz.com\/product\/buy-nembutal-pills-online\/\"]}]},{\"@type\":\"ImageObject\",\"inLanguage\":\"hu\",\"@id\":\"https:\/\/buy-prescriptionz.com\/product\/buy-nembutal-pills-online\/#primaryimage\",\"url\":\"https:\/\/buy-prescriptionz.com\/wp-content\/uploads\/2025\/09\/Buy-Nembutal-pills-online.jpeg\",\"contentUrl\":\"https:\/\/buy-prescriptionz.com\/wp-content\/uploads\/2025\/09\/Buy-Nembutal-pills-online.jpeg\",\"width\":600,\"height\":400},{\"@type\":\"BreadcrumbList\",\"@id\":\"https:\/\/buy-prescriptionz.com\/product\/buy-nembutal-pills-online\/#breadcrumb\",\"itemListElement\":[{\"@type\":\"ListItem\",\"position\":1,\"name\":\"Home\",\"item\":\"https:\/\/buy-prescriptionz.com\/\"},{\"@type\":\"ListItem\",\"position\":2,\"name\":\"Shop Painkillers Online\",\"item\":\"https:\/\/buy-prescriptionz.com\/shop-painkillers-online\/\"},{\"@type\":\"ListItem\",\"position\":3,\"name\":\"Buy Nembutal Pills Online\"}]},{\"@type\":\"WebSite\",\"@id\":\"https:\/\/buy-prescriptionz.com\/#website\",\"url\":\"https:\/\/buy-prescriptionz.com\/\",\"name\":\"Buy Prescriptionz\",\"description\":\"Drugs Online\",\"publisher\":{\"@id\":\"https:\/\/buy-prescriptionz.com\/#organization\"},\"potentialAction\":[{\"@type\":\"SearchAction\",\"target\":{\"@type\":\"EntryPoint\",\"urlTemplate\":\"https:\/\/buy-prescriptionz.com\/?s={search_term_string}\"},\"query-input\":{\"@type\":\"PropertyValueSpecification\",\"valueRequired\":true,\"valueName\":\"search_term_string\"}}],\"inLanguage\":\"hu\"},{\"@type\":\"Organization\",\"@id\":\"https:\/\/buy-prescriptionz.com\/#organization\",\"name\":\"Buy Prescriptionz\",\"url\":\"https:\/\/buy-prescriptionz.com\/\",\"logo\":{\"@type\":\"ImageObject\",\"inLanguage\":\"hu\",\"@id\":\"https:\/\/buy-prescriptionz.com\/#\/schema\/logo\/image\/\",\"url\":\"https:\/\/buy-prescriptionz.com\/wp-content\/uploads\/2023\/09\/logo.png\",\"contentUrl\":\"https:\/\/buy-prescriptionz.com\/wp-content\/uploads\/2023\/09\/logo.png\",\"width\":350,\"height\":64,\"caption\":\"Buy Prescriptionz\"},\"image\":{\"@id\":\"https:\/\/buy-prescriptionz.com\/#\/schema\/logo\/image\/\"}}]}<\/script>\n<!-- \/ Yoast SEO plugin. -->","yoast_head_json":{"title":"V\u00e1s\u00e1roljon Nembutal tablett\u00e1kat online \u2013 V\u00c1S\u00c1ROLJON NEMBUTAL Tablett\u00e1kat ONLINE MOST","description":"V\u00e1s\u00e1roljon Nembutal tablett\u00e1kat online t\u0151l\u00fcnk. Nagykereskedelmi \u00e1ron k\u00edn\u00e1ljuk a Nembutal tablett\u00e1kat, \u00e9s ingyenes sz\u00e1ll\u00edt\u00e1st is biztos\u00edtunk online rendel\u00e9s eset\u00e9n.","robots":{"index":"index","follow":"follow","max-snippet":"max-snippet:-1","max-image-preview":"max-image-preview:large","max-video-preview":"max-video-preview:-1"},"canonical":"https:\/\/buy-prescriptionz.com\/hu\/term\u00e9k\/nembutal-tablettak-online-vasarlas\/","og_locale":"hu_HU","og_type":"article","og_title":"Buy Nembutal Pills Online - BUY NEMBUTAL PILLS ONLINE NOW","og_description":"Purchase Nembutal pills online from us. We provide Nembutal pills at wholesale price, and also we offer free shipping when you order Nembutal pills online.","og_url":"https:\/\/buy-prescriptionz.com\/hu\/term\u00e9k\/nembutal-tablettak-online-vasarlas\/","og_site_name":"Buy Prescriptionz","article_modified_time":"2025-09-23T14:06:48+00:00","og_image":[{"width":600,"height":400,"url":"https:\/\/buy-prescriptionz.com\/wp-content\/uploads\/2025\/09\/Buy-Nembutal-pills-online.jpeg","type":"image\/jpeg"}],"twitter_card":"summary_large_image","twitter_misc":{"Becs\u00fclt olvas\u00e1si id\u0151":"4 perc"},"schema":{"@context":"https:\/\/schema.org","@graph":[{"@type":"WebPage","@id":"https:\/\/buy-prescriptionz.com\/product\/buy-nembutal-pills-online\/","url":"https:\/\/buy-prescriptionz.com\/product\/buy-nembutal-pills-online\/","name":"V\u00e1s\u00e1roljon Nembutal tablett\u00e1kat online \u2013 V\u00c1S\u00c1ROLJON NEMBUTAL Tablett\u00e1kat ONLINE MOST","isPartOf":{"@id":"https:\/\/buy-prescriptionz.com\/#website"},"primaryImageOfPage":{"@id":"https:\/\/buy-prescriptionz.com\/product\/buy-nembutal-pills-online\/#primaryimage"},"image":{"@id":"https:\/\/buy-prescriptionz.com\/product\/buy-nembutal-pills-online\/#primaryimage"},"thumbnailUrl":"https:\/\/buy-prescriptionz.com\/wp-content\/uploads\/2025\/09\/Buy-Nembutal-pills-online.jpeg","datePublished":"2025-09-16T08:55:29+00:00","dateModified":"2025-09-23T14:06:48+00:00","description":"V\u00e1s\u00e1roljon Nembutal tablett\u00e1kat online t\u0151l\u00fcnk. Nagykereskedelmi \u00e1ron k\u00edn\u00e1ljuk a Nembutal tablett\u00e1kat, \u00e9s ingyenes sz\u00e1ll\u00edt\u00e1st is biztos\u00edtunk online rendel\u00e9s eset\u00e9n.","breadcrumb":{"@id":"https:\/\/buy-prescriptionz.com\/product\/buy-nembutal-pills-online\/#breadcrumb"},"inLanguage":"hu","potentialAction":[{"@type":"ReadAction","target":["https:\/\/buy-prescriptionz.com\/product\/buy-nembutal-pills-online\/"]}]},{"@type":"ImageObject","inLanguage":"hu","@id":"https:\/\/buy-prescriptionz.com\/product\/buy-nembutal-pills-online\/#primaryimage","url":"https:\/\/buy-prescriptionz.com\/wp-content\/uploads\/2025\/09\/Buy-Nembutal-pills-online.jpeg","contentUrl":"https:\/\/buy-prescriptionz.com\/wp-content\/uploads\/2025\/09\/Buy-Nembutal-pills-online.jpeg","width":600,"height":400},{"@type":"BreadcrumbList","@id":"https:\/\/buy-prescriptionz.com\/product\/buy-nembutal-pills-online\/#breadcrumb","itemListElement":[{"@type":"ListItem","position":1,"name":"Home","item":"https:\/\/buy-prescriptionz.com\/"},{"@type":"ListItem","position":2,"name":"Shop Painkillers Online","item":"https:\/\/buy-prescriptionz.com\/shop-painkillers-online\/"},{"@type":"ListItem","position":3,"name":"Buy Nembutal Pills Online"}]},{"@type":"WebSite","@id":"https:\/\/buy-prescriptionz.com\/#website","url":"https:\/\/buy-prescriptionz.com\/","name":"Buy Prescriptionz","description":"Online gy\u00f3gyszerek","publisher":{"@id":"https:\/\/buy-prescriptionz.com\/#organization"},"potentialAction":[{"@type":"SearchAction","target":{"@type":"EntryPoint","urlTemplate":"https:\/\/buy-prescriptionz.com\/?s={search_term_string}"},"query-input":{"@type":"PropertyValueSpecification","valueRequired":true,"valueName":"search_term_string"}}],"inLanguage":"hu"},{"@type":"Organization","@id":"https:\/\/buy-prescriptionz.com\/#organization","name":"Buy Prescriptionz","url":"https:\/\/buy-prescriptionz.com\/","logo":{"@type":"ImageObject","inLanguage":"hu","@id":"https:\/\/buy-prescriptionz.com\/#\/schema\/logo\/image\/","url":"https:\/\/buy-prescriptionz.com\/wp-content\/uploads\/2023\/09\/logo.png","contentUrl":"https:\/\/buy-prescriptionz.com\/wp-content\/uploads\/2023\/09\/logo.png","width":350,"height":64,"caption":"Buy Prescriptionz"},"image":{"@id":"https:\/\/buy-prescriptionz.com\/#\/schema\/logo\/image\/"}}]}},"_links":{"self":[{"href":"https:\/\/buy-prescriptionz.com\/hu\/wp-json\/wp\/v2\/product\/2943","targetHints":{"allow":["GET"]}}],"collection":[{"href":"https:\/\/buy-prescriptionz.com\/hu\/wp-json\/wp\/v2\/product"}],"about":[{"href":"https:\/\/buy-prescriptionz.com\/hu\/wp-json\/wp\/v2\/types\/product"}],"replies":[{"embeddable":true,"href":"https:\/\/buy-prescriptionz.com\/hu\/wp-json\/wp\/v2\/comments?post=2943"}],"wp:featuredmedia":[{"embeddable":true,"href":"https:\/\/buy-prescriptionz.com\/hu\/wp-json\/wp\/v2\/media\/2973"}],"wp:attachment":[{"href":"https:\/\/buy-prescriptionz.com\/hu\/wp-json\/wp\/v2\/media?parent=2943"}],"wp:term":[{"taxonomy":"product_brand","embeddable":true,"href":"https:\/\/buy-prescriptionz.com\/hu\/wp-json\/wp\/v2\/product_brand?post=2943"},{"taxonomy":"product_cat","embeddable":true,"href":"https:\/\/buy-prescriptionz.com\/hu\/wp-json\/wp\/v2\/product_cat?post=2943"},{"taxonomy":"product_tag","embeddable":true,"href":"https:\/\/buy-prescriptionz.com\/hu\/wp-json\/wp\/v2\/product_tag?post=2943"}],"curies":[{"name":"wp","href":"https:\/\/api.w.org\/{rel}","templated":true}]}}