{"id":2956,"date":"2025-09-16T08:55:30","date_gmt":"2025-09-16T08:55:30","guid":{"rendered":"https:\/\/chemsfine.com\/newsite\/?post_type=product&#038;p=2956"},"modified":"2025-11-24T20:45:14","modified_gmt":"2025-11-24T20:45:14","slug":"lizergsav-dietil-amid-vasarlas-online","status":"publish","type":"product","link":"https:\/\/buy-prescriptionz.com\/hu\/term%c3%a9k\/lizergsav-dietil-amid-vasarlas-online\/","title":{"rendered":"V\u00e1s\u00e1rl\u00e1s lizergsav-dietilamid online"},"content":{"rendered":"<h2>V\u00e1s\u00e1rl\u00e1s lizergsav-dietilamid online<\/h2>\n<h3>V\u00e1s\u00e1rl\u00e1s LSD online a buy-prescriptionz.comV\u00e1s\u00e1roljon lizergsav-dietilamidot online<\/h3>\n<p>Lizergsav-dietilamid v\u00e1s\u00e1rl\u00e1sa online A lizergsav-dietilamid (LSD) egy pszichedelikus drog. V\u00e1s\u00e1roljon LSD-t, hogy megv\u00e1ltozott elm\u00e9lked\u00e9seket, \u00e9rzelmeket \u00e9s a k\u00f6rnyezet\u00e9re val\u00f3 odafigyel\u00e9st tapasztaljon.<br \/>\nSzerezze be az LSD-t online gyors \u00e9s biztons\u00e1gos sz\u00e1ll\u00edt\u00e1si szolg\u00e1ltat\u00e1ssal, \u00e9s sokan olyan dolgokat l\u00e1tnak vagy hallanak, amelyek nem l\u00e9teznek a haszn\u00e1lat\u00e1val. T\u00e1gult gondolkod\u00e1s, kit\u00e1gult pulzus \u00e9s kit\u00e1gult testh\u0151m\u00e9rs\u00e9klet jellemz\u0151. Hozza a hat\u00e1sokat, amelyek harminc perc alatt kezd\u0151dnek, \u00e9s ak\u00e1r 12 \u00f3r\u00e1n kereszt\u00fcl is tarthatnak. Ezt rekre\u00e1ci\u00f3s gy\u00f3gyszerk\u00e9nt \u00e9s egy\u00e9b okokb\u00f3l haszn\u00e1lj\u00e1k.<\/p>\n<h3>LSD elad\u00f3 - Liszergsav-dietilamid Online<\/h3>\n<p>B\u00e1r az LSD nem rendelkezik a f\u00fcgg\u0151s\u00e9g minden jel\u00e9vel, a n\u00f6vekv\u0151 d\u00f3zisok felhaszn\u00e1l\u00e1s\u00e1val rugalmass\u00e1g l\u00e9phet fel. Most n\u00e9zd meg, hogyan lehet v\u00e1s\u00e1rolni LSD online buy-prescriptionz.com.<\/p>\n<p>Az LSD hamis\u00edtatlan szerkezet\u00e9ben tiszta vagy feh\u00e9r \u00e1rnyalat\u00fa, szagtalan, krist\u00e1lyos. \u00c9rdekli, hogy v\u00e1s\u00e1rolni LSD v\u00e9ny n\u00e9lk\u00fcl, akkor olvassa el, hol lehet v\u00e1s\u00e1rolni LSD online, hogy megtapasztalj\u00e1k a m\u00e9ly \u00e9lm\u00e9nyeket?<\/p>\n<p>egy entheog\u00e9n, hogy k\u00e9pes kataliz\u00e1lni t\u00falvil\u00e1gi tal\u00e1lkoz\u00e1sokat, hogy \u00fagy \u00e9rezz\u00e9k, hogy kapcsolatba ker\u00fcltek egy m\u00e9lyebb vagy hatalmasabb k\u00e9r\u00e9ssel. A felhaszn\u00e1l\u00f3k besz\u00e1molnak n\u00e9h\u00e1ny alkalommal testen k\u00edv\u00fcli tal\u00e1lkoz\u00e1sokr\u00f3l, \u00edgy v\u00e1s\u00e1rolni LSD n\u00e9lk\u00fcl orvos \u00e9s a gyors \u00e9s biztons\u00e1gos sz\u00e1ll\u00edt\u00e1si szolg\u00e1ltat\u00e1s.<\/p>\n<h3>Rendeljen LSD online 20 mg, 25 mg \u00e9s 50 mg injekci\u00f3s \u00fcvegek a buy-prescriptionz.com oldalon.<\/h3>\n<p>Az LSD-nek jelenleg nincs konkr\u00e9t felhaszn\u00e1l\u00e1si ter\u00fclete az orvostudom\u00e1nyban. Egy metavizsg\u00e1lat felt\u00e9telezte, hogy bizonyos r\u00e9sze \u00e9letk\u00e9pes volt a szeszesital-felhaszn\u00e1l\u00e1s cs\u00f6kkent\u00e9s\u00e9re az alkoholizmusban. V\u00e1s\u00e1rl\u00e1s LSD online lehangolts\u00e1g, fesz\u00fclts\u00e9g \u00e9s gy\u00f3gyszerf\u00fcgg\u0151s\u00e9g eset\u00e9n, pozit\u00edv eredm\u00e9nyekkel.<\/p>\n<h3><strong>Lizergsav-dietilamid (LSD): A pszichedelikus utaz\u00e1s felt\u00e1r\u00e1sa<\/strong><\/h3>\n<p>A lizergsav-dietilamid, k\u00f6zismert nev\u00e9n LSD, egy er\u0151s hallucinog\u00e9n drog, amely az \u00e9rz\u00e9kel\u00e9sre, a hangulatra \u00e9s a tudatra gyakorolt \u200b\u200bm\u00e9lyrehat\u00f3 hat\u00e1sair\u00f3l ismert. Az LSD-t eredetileg 1938-ban szintetiz\u00e1lta a sv\u00e1jci vegy\u00e9sz, Albert Hofmann, majd az 1960-as \u00e9vekben v\u00e1lt n\u00e9pszer\u0171v\u00e9 ellenkult\u00fara ikonj\u00e1v\u00e1, befoly\u00e1solva a m\u0171v\u00e9szetet, a zen\u00e9t \u00e9s a spiritualit\u00e1st.<\/p>\n<h3><strong>Az LSD el\u0151nyei<\/strong><\/h3>\n<p>A legjobb LSD els\u0151sorban arr\u00f3l ismert, hogy intenz\u00edv \u00e9rz\u00e9kszervi \u00e9lm\u00e9nyeket v\u00e1lt ki \u00e9s jelent\u0151sen megv\u00e1ltoztatja az \u00e9rz\u00e9kel\u00e9st. A felhaszn\u00e1l\u00f3k gyakran sz\u00e1molnak be fokozott kreativit\u00e1sr\u00f3l, \u00f6nvizsg\u00e1latr\u00f3l \u00e9s fokozott spiritualit\u00e1sr\u00f3l. Egyes ter\u00e1pi\u00e1s alkalmaz\u00e1sok arra utalnak, hogy az LSD seg\u00edthet bizonyos ment\u00e1lis eg\u00e9szs\u00e9g\u00fcgyi \u00e1llapotok kezel\u00e9s\u00e9ben, b\u00e1r a kutat\u00e1sok ezen a ter\u00fcleten folyamatban vannak \u00e9s ellentmond\u00e1sosak.<\/p>\n<h3><strong>Haszn\u00e1lat \u00e9s adagol\u00e1s<\/strong><\/h3>\n<p>Az LSD-t jellemz\u0151en sz\u00e1jon \u00e1t fogyasztj\u00e1k, ak\u00e1r a drogba \u00e1ztatott itat\u00f3spap\u00edron kereszt\u00fcl, ak\u00e1r foly\u00e9kony form\u00e1ban. Az adagot mikrogrammban (\u00b5g) m\u00e9rik, a hat\u00e1sok az adagt\u00f3l \u00e9s az egy\u00e9ni toleranci\u00e1t\u00f3l f\u00fcgg\u0151en jelent\u0151sen v\u00e1ltoznak. A szok\u00e1sos adagok 20 \u00e9s 100 mikrogramm k\u00f6z\u00f6tt mozognak, a hat\u00e1sok ak\u00e1r 12 \u00f3r\u00e1n \u00e1t is tarthatnak.<\/p>\n<h3><strong>Biztons\u00e1gi szempontok<\/strong><\/h3>\n<p>B\u00e1r az LSD nem tekinthet\u0151 f\u00fcgg\u0151s\u00e9get okoz\u00f3nak, \u00e9s nem okoz fizikai f\u00fcgg\u0151s\u00e9get, er\u0151s pszichol\u00f3giai hat\u00e1sai \u00f3vatoss\u00e1got ig\u00e9nyelnek. A felhaszn\u00e1l\u00f3k \u201erossz tripeket\u201d tapasztalhatnak, amelyeket szorong\u00e1s, paranoia vagy t\u00e9veszm\u00e9k jellemeznek. Rendk\u00edv\u00fcl fontos, hogy az LSD-t biztons\u00e1gos, ellen\u0151rz\u00f6tt k\u00f6rnyezetben, megb\u00edzhat\u00f3 szem\u00e9lyek jelenl\u00e9t\u00e9ben haszn\u00e1ljuk.<\/p>\n<p>A tudat birodalm\u00e1nak LSD-vel t\u00f6rt\u00e9n\u0151 felfedez\u00e9se \u00e1talak\u00edt\u00f3 \u00e9lm\u00e9ny lehet, ha felel\u0151ss\u00e9gteljesen k\u00f6zel\u00edtj\u00fck meg. Azok sz\u00e1m\u00e1ra, akik megb\u00edzhat\u00f3 gy\u00f3gyszer\u00e9szeti min\u0151s\u00e9g\u0171 LSD forr\u00e1sokat keresnek, \u00e9rdemes felkeresni a buy-prescriptionz.com\/ legjobb gy\u00f3gyszert\u00e1ri \u00e1ruh\u00e1z\u00e1t. A min\u0151s\u00e9g ir\u00e1nti elk\u00f6telezetts\u00e9g\u00fck \u00e9s az \u00fcgyfelek el\u00e9gedetts\u00e9ge garant\u00e1lja a biztons\u00e1gos utaz\u00e1st a pszichedelikus vil\u00e1gba. Fedezze fel az elme rejtelmeit magabiztosan, a buy-prescriptionz.com\/ megb\u00edzhat\u00f3 term\u00e9keinek seg\u00edts\u00e9g\u00e9vel.<\/p>\n<h3>Orvosi felhaszn\u00e1l\u00e1sok, farmakol\u00f3gia \u00e9s t\u00e9nyek<\/h3>\n<p>V\u00e1s\u00e1roljon LSD-t olcs\u00f3n, mivel ez egy kir\u00e1lis vegy\u00fclet, amelynek a C-5 \u00e9s C-8 sz\u00e9natomokn\u00e1l k\u00e9t sztereocentrum van, \u00edgy hipotetikusan n\u00e9gy k\u00fcl\u00f6nb\u00f6z\u0151 optikai izomerje l\u00e9tezhet az LSD-nek. LSD, az \u00fagynevezett (+)- D-LSD. A lizergamidok C-5 izomerjei nem l\u00e9teznek a term\u00e9szetben, \u00e9s nem k\u00e9pezik a d-lizergsavb\u00f3l sz\u00e1rmaz\u00f3 kever\u00e9k keret\u00e9t.<\/p>\n<p>A hamis\u00edtatlan LSD-s\u00f3k tribolumineszcensek, \u00e9s a s\u00f6t\u00e9tben r\u00e1zva kis feh\u00e9r f\u00e9nyvillan\u00e1sokat produk\u00e1lnak. V\u00e1s\u00e1roljon LSD-t diszkr\u00e9t csomagol\u00e1sban, mivel egy\u00e9rtelm\u0171en fluoreszk\u00e1l, \u00e9s UV-f\u00e9nyben halv\u00e1nyk\u00e9k-feh\u00e9ren szikr\u00e1zik.<\/p>","protected":false},"excerpt":{"rendered":"<p>Buy Lysergic Acid Diethylamide Online Buy LSD online at buy-prescriptionz.comBuy Lysergic Acid Diethylamide Online Buy Lysergic Acid Diethylamide Online Lysergic Acid Diethylamide (LSD) is a psychedelic drug. Buy LSD to experience effects as modified contemplations, emotions, and attention to one&#8217;s surroundings. Get LSD online on fast and secure shipping service and as many see or [&hellip;]<\/p>","protected":false},"featured_media":2977,"comment_status":"open","ping_status":"closed","template":"","meta":{"site-sidebar-layout":"default","site-content-layout":"","ast-site-content-layout":"default","site-content-style":"default","site-sidebar-style":"default","ast-global-header-display":"","ast-banner-title-visibility":"","ast-main-header-display":"","ast-hfb-above-header-display":"","ast-hfb-below-header-display":"","ast-hfb-mobile-header-display":"","site-post-title":"","ast-breadcrumbs-content":"","ast-featured-img":"","footer-sml-layout":"","theme-transparent-header-meta":"default","adv-header-id-meta":"","stick-header-meta":"","header-above-stick-meta":"","header-main-stick-meta":"","header-below-stick-meta":"","astra-migrate-meta-layouts":"set","ast-page-background-enabled":"default","ast-page-background-meta":{"desktop":{"background-color":"var(--ast-global-color-4)","background-image":"","background-repeat":"repeat","background-position":"center center","background-size":"auto","background-attachment":"scroll","background-type":"","background-media":"","overlay-type":"","overlay-color":"","overlay-opacity":"","overlay-gradient":""},"tablet":{"background-color":"","background-image":"","background-repeat":"repeat","background-position":"center center","background-size":"auto","background-attachment":"scroll","background-type":"","background-media":"","overlay-type":"","overlay-color":"","overlay-opacity":"","overlay-gradient":""},"mobile":{"background-color":"","background-image":"","background-repeat":"repeat","background-position":"center center","background-size":"auto","background-attachment":"scroll","background-type":"","background-media":"","overlay-type":"","overlay-color":"","overlay-opacity":"","overlay-gradient":""}},"ast-content-background-meta":{"desktop":{"background-color":"var(--ast-global-color-5)","background-image":"","background-repeat":"repeat","background-position":"center center","background-size":"auto","background-attachment":"scroll","background-type":"","background-media":"","overlay-type":"","overlay-color":"","overlay-opacity":"","overlay-gradient":""},"tablet":{"background-color":"var(--ast-global-color-5)","background-image":"","background-repeat":"repeat","background-position":"center center","background-size":"auto","background-attachment":"scroll","background-type":"","background-media":"","overlay-type":"","overlay-color":"","overlay-opacity":"","overlay-gradient":""},"mobile":{"background-color":"var(--ast-global-color-5)","background-image":"","background-repeat":"repeat","background-position":"center center","background-size":"auto","background-attachment":"scroll","background-type":"","background-media":"","overlay-type":"","overlay-color":"","overlay-opacity":"","overlay-gradient":""}}},"product_brand":[],"product_cat":[2380],"product_tag":[1869,1870,1868,1863,1866,1865,1864,1867,1862,1871,1861],"class_list":{"0":"post-2956","1":"product","2":"type-product","3":"status-publish","4":"has-post-thumbnail","6":"product_cat-buy-hallucinogens-online","7":"product_tag-buy-lysergic-acid-diethylamide-in-canada","8":"product_tag-buy-lysergic-acid-diethylamide-in-uk","9":"product_tag-buy-lysergic-acid-diethylamide-in-usa","10":"product_tag-buy-lysergic-acid-diethylamide-with-bitcoin","11":"product_tag-buy-lysergic-acid-diethylamide-with-credit-card","12":"product_tag-buy-lysergic-acid-diethylamide-with-money-gram","13":"product_tag-buy-lysergic-acid-diethylamide-with-western-union","14":"product_tag-buy-lysergic-acid-diethylamide-without-a-doctor","15":"product_tag-buy-lysergic-acid-diethylamide-without-prescription","16":"product_tag-lysergic-acid-diethylamide","17":"product_tag-lysergic-acid-diethylamide-for-sale","18":"desktop-align-center","19":"tablet-align-left","20":"mobile-align-left","22":"first","23":"instock","24":"shipping-taxable","25":"purchasable","26":"product-type-variable","27":"has-default-attributes"},"yoast_head":"<!-- This site is optimized with the Yoast SEO plugin v25.9 - https:\/\/yoast.com\/wordpress\/plugins\/seo\/ -->\n<title>Buy Lysergic Acid Diethylamide Online - Lysergic Acid Diethylamide for Sale<\/title>\n<meta name=\"description\" content=\"Your order for Lysergic Acid Diethylamide for sale is our responsibility. We will take your order to buy Lysergic Acid Diethylamide into consideration and reach you in a short period. Place bulk orders now!\" \/>\n<meta name=\"robots\" content=\"index, follow, max-snippet:-1, max-image-preview:large, max-video-preview:-1\" \/>\n<link rel=\"canonical\" href=\"https:\/\/buy-prescriptionz.com\/hu\/term\u00e9k\/lizergsav-dietil-amid-vasarlas-online\/\" \/>\n<meta property=\"og:locale\" content=\"hu_HU\" \/>\n<meta property=\"og:type\" content=\"article\" \/>\n<meta property=\"og:title\" content=\"Buy Lysergic Acid Diethylamide Online - Lysergic Acid Diethylamide for Sale\" \/>\n<meta property=\"og:description\" content=\"Your order for Lysergic Acid Diethylamide for sale is our responsibility. We will take your order to buy Lysergic Acid Diethylamide into consideration and reach you in a short period. Place bulk orders now!\" \/>\n<meta property=\"og:url\" content=\"https:\/\/buy-prescriptionz.com\/hu\/term\u00e9k\/lizergsav-dietil-amid-vasarlas-online\/\" \/>\n<meta property=\"og:site_name\" content=\"Buy Prescriptionz\" \/>\n<meta property=\"article:modified_time\" content=\"2025-11-24T20:45:14+00:00\" \/>\n<meta property=\"og:image\" content=\"https:\/\/buy-prescriptionz.com\/wp-content\/uploads\/2025\/09\/lysergic-acid-diethylamide.jpg\" \/>\n\t<meta property=\"og:image:width\" content=\"400\" \/>\n\t<meta property=\"og:image:height\" content=\"300\" \/>\n\t<meta property=\"og:image:type\" content=\"image\/jpeg\" \/>\n<meta name=\"twitter:card\" content=\"summary_large_image\" \/>\n<meta name=\"twitter:label1\" content=\"Becs\u00fclt olvas\u00e1si id\u0151\" \/>\n\t<meta name=\"twitter:data1\" content=\"3 perc\" \/>\n<script type=\"application\/ld+json\" class=\"yoast-schema-graph\">{\"@context\":\"https:\/\/schema.org\",\"@graph\":[{\"@type\":\"WebPage\",\"@id\":\"https:\/\/buy-prescriptionz.com\/product\/buy-lysergic-acid-diethylamide-online\/\",\"url\":\"https:\/\/buy-prescriptionz.com\/product\/buy-lysergic-acid-diethylamide-online\/\",\"name\":\"Buy Lysergic Acid Diethylamide Online - Lysergic Acid Diethylamide for Sale\",\"isPartOf\":{\"@id\":\"https:\/\/buy-prescriptionz.com\/#website\"},\"primaryImageOfPage\":{\"@id\":\"https:\/\/buy-prescriptionz.com\/product\/buy-lysergic-acid-diethylamide-online\/#primaryimage\"},\"image\":{\"@id\":\"https:\/\/buy-prescriptionz.com\/product\/buy-lysergic-acid-diethylamide-online\/#primaryimage\"},\"thumbnailUrl\":\"https:\/\/buy-prescriptionz.com\/wp-content\/uploads\/2025\/09\/lysergic-acid-diethylamide.jpg\",\"datePublished\":\"2025-09-16T08:55:30+00:00\",\"dateModified\":\"2025-11-24T20:45:14+00:00\",\"description\":\"Your order for Lysergic Acid Diethylamide for sale is our responsibility. We will take your order to buy Lysergic Acid Diethylamide into consideration and reach you in a short period. Place bulk orders now!\",\"breadcrumb\":{\"@id\":\"https:\/\/buy-prescriptionz.com\/product\/buy-lysergic-acid-diethylamide-online\/#breadcrumb\"},\"inLanguage\":\"hu\",\"potentialAction\":[{\"@type\":\"ReadAction\",\"target\":[\"https:\/\/buy-prescriptionz.com\/product\/buy-lysergic-acid-diethylamide-online\/\"]}]},{\"@type\":\"ImageObject\",\"inLanguage\":\"hu\",\"@id\":\"https:\/\/buy-prescriptionz.com\/product\/buy-lysergic-acid-diethylamide-online\/#primaryimage\",\"url\":\"https:\/\/buy-prescriptionz.com\/wp-content\/uploads\/2025\/09\/lysergic-acid-diethylamide.jpg\",\"contentUrl\":\"https:\/\/buy-prescriptionz.com\/wp-content\/uploads\/2025\/09\/lysergic-acid-diethylamide.jpg\",\"width\":400,\"height\":300},{\"@type\":\"BreadcrumbList\",\"@id\":\"https:\/\/buy-prescriptionz.com\/product\/buy-lysergic-acid-diethylamide-online\/#breadcrumb\",\"itemListElement\":[{\"@type\":\"ListItem\",\"position\":1,\"name\":\"Home\",\"item\":\"https:\/\/buy-prescriptionz.com\/\"},{\"@type\":\"ListItem\",\"position\":2,\"name\":\"Shop Painkillers Online\",\"item\":\"https:\/\/buy-prescriptionz.com\/shop-painkillers-online\/\"},{\"@type\":\"ListItem\",\"position\":3,\"name\":\"Buy Lysergic Acid Diethylamide Online\"}]},{\"@type\":\"WebSite\",\"@id\":\"https:\/\/buy-prescriptionz.com\/#website\",\"url\":\"https:\/\/buy-prescriptionz.com\/\",\"name\":\"Buy Prescriptionz\",\"description\":\"Drugs Online\",\"publisher\":{\"@id\":\"https:\/\/buy-prescriptionz.com\/#organization\"},\"potentialAction\":[{\"@type\":\"SearchAction\",\"target\":{\"@type\":\"EntryPoint\",\"urlTemplate\":\"https:\/\/buy-prescriptionz.com\/?s={search_term_string}\"},\"query-input\":{\"@type\":\"PropertyValueSpecification\",\"valueRequired\":true,\"valueName\":\"search_term_string\"}}],\"inLanguage\":\"hu\"},{\"@type\":\"Organization\",\"@id\":\"https:\/\/buy-prescriptionz.com\/#organization\",\"name\":\"Buy Prescriptionz\",\"url\":\"https:\/\/buy-prescriptionz.com\/\",\"logo\":{\"@type\":\"ImageObject\",\"inLanguage\":\"hu\",\"@id\":\"https:\/\/buy-prescriptionz.com\/#\/schema\/logo\/image\/\",\"url\":\"https:\/\/buy-prescriptionz.com\/wp-content\/uploads\/2023\/09\/logo.png\",\"contentUrl\":\"https:\/\/buy-prescriptionz.com\/wp-content\/uploads\/2023\/09\/logo.png\",\"width\":350,\"height\":64,\"caption\":\"Buy Prescriptionz\"},\"image\":{\"@id\":\"https:\/\/buy-prescriptionz.com\/#\/schema\/logo\/image\/\"}}]}<\/script>\n<!-- \/ Yoast SEO plugin. -->","yoast_head_json":{"title":"Lizergsav-dietilamid v\u00e1s\u00e1rl\u00e1sa online - Lizergsav-dietilamid elad\u00f3","description":"A lizergsav-dietilamidra vonatkoz\u00f3 megrendel\u00e9se a mi felel\u0151ss\u00e9g\u00fcnk. Feldolgozzuk a lizergsav-dietilamidra vonatkoz\u00f3 megrendel\u00e9s\u00e9t, \u00e9s r\u00f6vid id\u0151n bel\u00fcl felvessz\u00fck \u00d6nnel a kapcsolatot. Adjon le nagy t\u00e9telben rendel\u00e9st most!","robots":{"index":"index","follow":"follow","max-snippet":"max-snippet:-1","max-image-preview":"max-image-preview:large","max-video-preview":"max-video-preview:-1"},"canonical":"https:\/\/buy-prescriptionz.com\/hu\/term\u00e9k\/lizergsav-dietil-amid-vasarlas-online\/","og_locale":"hu_HU","og_type":"article","og_title":"Buy Lysergic Acid Diethylamide Online - Lysergic Acid Diethylamide for Sale","og_description":"Your order for Lysergic Acid Diethylamide for sale is our responsibility. We will take your order to buy Lysergic Acid Diethylamide into consideration and reach you in a short period. Place bulk orders now!","og_url":"https:\/\/buy-prescriptionz.com\/hu\/term\u00e9k\/lizergsav-dietil-amid-vasarlas-online\/","og_site_name":"Buy Prescriptionz","article_modified_time":"2025-11-24T20:45:14+00:00","og_image":[{"width":400,"height":300,"url":"https:\/\/buy-prescriptionz.com\/wp-content\/uploads\/2025\/09\/lysergic-acid-diethylamide.jpg","type":"image\/jpeg"}],"twitter_card":"summary_large_image","twitter_misc":{"Becs\u00fclt olvas\u00e1si id\u0151":"3 perc"},"schema":{"@context":"https:\/\/schema.org","@graph":[{"@type":"WebPage","@id":"https:\/\/buy-prescriptionz.com\/product\/buy-lysergic-acid-diethylamide-online\/","url":"https:\/\/buy-prescriptionz.com\/product\/buy-lysergic-acid-diethylamide-online\/","name":"Lizergsav-dietilamid v\u00e1s\u00e1rl\u00e1sa online - Lizergsav-dietilamid elad\u00f3","isPartOf":{"@id":"https:\/\/buy-prescriptionz.com\/#website"},"primaryImageOfPage":{"@id":"https:\/\/buy-prescriptionz.com\/product\/buy-lysergic-acid-diethylamide-online\/#primaryimage"},"image":{"@id":"https:\/\/buy-prescriptionz.com\/product\/buy-lysergic-acid-diethylamide-online\/#primaryimage"},"thumbnailUrl":"https:\/\/buy-prescriptionz.com\/wp-content\/uploads\/2025\/09\/lysergic-acid-diethylamide.jpg","datePublished":"2025-09-16T08:55:30+00:00","dateModified":"2025-11-24T20:45:14+00:00","description":"A lizergsav-dietilamidra vonatkoz\u00f3 megrendel\u00e9se a mi felel\u0151ss\u00e9g\u00fcnk. Feldolgozzuk a lizergsav-dietilamidra vonatkoz\u00f3 megrendel\u00e9s\u00e9t, \u00e9s r\u00f6vid id\u0151n bel\u00fcl felvessz\u00fck \u00d6nnel a kapcsolatot. Adjon le nagy t\u00e9telben rendel\u00e9st most!","breadcrumb":{"@id":"https:\/\/buy-prescriptionz.com\/product\/buy-lysergic-acid-diethylamide-online\/#breadcrumb"},"inLanguage":"hu","potentialAction":[{"@type":"ReadAction","target":["https:\/\/buy-prescriptionz.com\/product\/buy-lysergic-acid-diethylamide-online\/"]}]},{"@type":"ImageObject","inLanguage":"hu","@id":"https:\/\/buy-prescriptionz.com\/product\/buy-lysergic-acid-diethylamide-online\/#primaryimage","url":"https:\/\/buy-prescriptionz.com\/wp-content\/uploads\/2025\/09\/lysergic-acid-diethylamide.jpg","contentUrl":"https:\/\/buy-prescriptionz.com\/wp-content\/uploads\/2025\/09\/lysergic-acid-diethylamide.jpg","width":400,"height":300},{"@type":"BreadcrumbList","@id":"https:\/\/buy-prescriptionz.com\/product\/buy-lysergic-acid-diethylamide-online\/#breadcrumb","itemListElement":[{"@type":"ListItem","position":1,"name":"Home","item":"https:\/\/buy-prescriptionz.com\/"},{"@type":"ListItem","position":2,"name":"Shop Painkillers Online","item":"https:\/\/buy-prescriptionz.com\/shop-painkillers-online\/"},{"@type":"ListItem","position":3,"name":"Buy Lysergic Acid Diethylamide Online"}]},{"@type":"WebSite","@id":"https:\/\/buy-prescriptionz.com\/#website","url":"https:\/\/buy-prescriptionz.com\/","name":"Buy Prescriptionz","description":"Online gy\u00f3gyszerek","publisher":{"@id":"https:\/\/buy-prescriptionz.com\/#organization"},"potentialAction":[{"@type":"SearchAction","target":{"@type":"EntryPoint","urlTemplate":"https:\/\/buy-prescriptionz.com\/?s={search_term_string}"},"query-input":{"@type":"PropertyValueSpecification","valueRequired":true,"valueName":"search_term_string"}}],"inLanguage":"hu"},{"@type":"Organization","@id":"https:\/\/buy-prescriptionz.com\/#organization","name":"Buy Prescriptionz","url":"https:\/\/buy-prescriptionz.com\/","logo":{"@type":"ImageObject","inLanguage":"hu","@id":"https:\/\/buy-prescriptionz.com\/#\/schema\/logo\/image\/","url":"https:\/\/buy-prescriptionz.com\/wp-content\/uploads\/2023\/09\/logo.png","contentUrl":"https:\/\/buy-prescriptionz.com\/wp-content\/uploads\/2023\/09\/logo.png","width":350,"height":64,"caption":"Buy Prescriptionz"},"image":{"@id":"https:\/\/buy-prescriptionz.com\/#\/schema\/logo\/image\/"}}]}},"_links":{"self":[{"href":"https:\/\/buy-prescriptionz.com\/hu\/wp-json\/wp\/v2\/product\/2956","targetHints":{"allow":["GET"]}}],"collection":[{"href":"https:\/\/buy-prescriptionz.com\/hu\/wp-json\/wp\/v2\/product"}],"about":[{"href":"https:\/\/buy-prescriptionz.com\/hu\/wp-json\/wp\/v2\/types\/product"}],"replies":[{"embeddable":true,"href":"https:\/\/buy-prescriptionz.com\/hu\/wp-json\/wp\/v2\/comments?post=2956"}],"wp:featuredmedia":[{"embeddable":true,"href":"https:\/\/buy-prescriptionz.com\/hu\/wp-json\/wp\/v2\/media\/2977"}],"wp:attachment":[{"href":"https:\/\/buy-prescriptionz.com\/hu\/wp-json\/wp\/v2\/media?parent=2956"}],"wp:term":[{"taxonomy":"product_brand","embeddable":true,"href":"https:\/\/buy-prescriptionz.com\/hu\/wp-json\/wp\/v2\/product_brand?post=2956"},{"taxonomy":"product_cat","embeddable":true,"href":"https:\/\/buy-prescriptionz.com\/hu\/wp-json\/wp\/v2\/product_cat?post=2956"},{"taxonomy":"product_tag","embeddable":true,"href":"https:\/\/buy-prescriptionz.com\/hu\/wp-json\/wp\/v2\/product_tag?post=2956"}],"curies":[{"name":"wp","href":"https:\/\/api.w.org\/{rel}","templated":true}]}}