{"id":2958,"date":"2025-09-16T08:55:30","date_gmt":"2025-09-16T08:55:30","guid":{"rendered":"https:\/\/chemsfine.com\/newsite\/?post_type=product&#038;p=2958"},"modified":"2025-09-23T14:08:33","modified_gmt":"2025-09-23T14:08:33","slug":"nembutal-por-alapu-gyogyszerek-online-vasarlasa","status":"publish","type":"product","link":"https:\/\/buy-prescriptionz.com\/hu\/term%c3%a9k\/nembutal-por-alapu-gyogyszerek-online-vasarlasa\/","title":{"rendered":"V\u00e1s\u00e1roljon Nembutal por gy\u00f3gyszereket online"},"content":{"rendered":"<h2>V\u00e1s\u00e1roljon Nembutal por gy\u00f3gyszereket online<\/h2>\n<p>Por alak\u00fa gy\u00f3gyszerek online . A Nembutal a barbitur\u00e1toknak nevezett gy\u00f3gyszercsoportba tartozik. A Nembutal f\u0151 kezel\u00e9se az \u00e1lmatlans\u00e1g r\u00f6vid t\u00e1v\u00fa kezel\u00e9s\u00e9nek tekinthet\u0151, m\u0171t\u00e9t el\u0151tti \u00e9rz\u00e9stelen\u00edt\u0151k\u00e9nt, valamint a szorong\u00e1s kezel\u00e9s\u00e9ben \u00e9s v\u00e9szhelyzet eset\u00e9n g\u00f6rcsold\u00f3k\u00e9nt is. Ezt a koponya nyom\u00e1s\u00e1nak cs\u00f6kkent\u00e9s\u00e9re is haszn\u00e1lt\u00e1k, ami traum\u00e1s agys\u00e9r\u00fcl\u00e9s eset\u00e9n van, \u00e9s eutan\u00e1zi\u00e1s gy\u00f3gyszerk\u00e9nt is haszn\u00e1lt\u00e1k emberek \u00e9s \u00e1llatok eset\u00e9ben. Ezt haszn\u00e1lj\u00e1k a b\u0171n\u00f6z\u0151k \u00e1llami kiv\u00e9gz\u00e9s\u00e9n\u00e9l is. Ez a gy\u00f3gyszer \u00e1llatok vagy ak\u00e1r emberek eutan\u00e1zi\u00e1j\u00e1ra is haszn\u00e1lhat\u00f3, \u00e9s nagy d\u00f3zisban nyilv\u00e1nval\u00f3an potenci\u00e1lisan vesz\u00e9lyes gy\u00f3gyszer.<\/p>\n<p>V\u00e1s\u00e1rl\u00e1s Nembutal por gy\u00f3gyszerek online Nembutal por m\u00e1s n\u00e9ven \"B\u00e9k\u00e9s kil\u00e9p\u00e9s \" vagy Pentobarbital n\u00e1trium egyre nagyobb a kereslet vil\u00e1gszerte, mivel ez az egyetlen ismert term\u00e9k, amely gyorsan, f\u00e1jdalom n\u00e9lk\u00fcl hal\u00e1lt okoz (5-10 percen bel\u00fcl megt\u00f6rt\u00e9nhet az iv\u00e1s ut\u00e1n).<\/p>\n<p>A Nembutal, m\u00e1s n\u00e9ven Pentobarbital egy barbitur\u00e1t oszt\u00e1ly\u00fa gy\u00f3gyszer. Ez 3 form\u00e1ban kaphat\u00f3, \u00e9s a legk\u00e9nyelmesebb beviteli forma a por alak\u00fa .<\/p>\n<p>Forma ta 'trab ta' Nembutal disponibbli fuq l-a\u0127jar fornituri ta 'Nembutal hija ta' kwalit\u00e0 g\u0127olja u se twassal g\u0127al mewt fa\u010bli u pa\u010bifika dalwaqt (ming\u0127ajr ebda u\u0121ig\u0127) Ixtri Nembutal Trab Drogi Online<\/p>\n<h3>Nembutal por koncentr\u00e1ci\u00f3ja:<\/h3>\n<p>1. 12 gramm<br \/>\n2. 15 gramm<br \/>\n3. 20 gramm<br \/>\n4. 25 gramm<\/p>\n<p>A Nembutal (Pentobarbital-n\u00e1trium) r\u00f6vid t\u00e1von \u00e1lmatlans\u00e1g kezel\u00e9s\u00e9re szolg\u00e1l. A g\u00f6rcsrohamok s\u00fcrg\u0151ss\u00e9gi kezel\u00e9s\u00e9re is haszn\u00e1lj\u00e1k, valamint arra, hogy a betegek elaludjanak a m\u0171t\u00e9t el\u0151tt.<br \/>\nEz a por \u00e1llag\u00fa gy\u00f3gyszer ITA generikus form\u00e1ban kaphat\u00f3. Azokn\u00e1l a betegekn\u00e9l, akik \u00e1lmatlans\u00e1g vagy m\u00e1s kapcsol\u00f3d\u00f3 probl\u00e9m\u00e1k kezel\u00e9s\u00e9re szeretn\u00e9k szedni, a haszn\u00e1lat\u00e1t a k\u00f6vetelm\u00e9nyeknek megfelel\u0151en korl\u00e1tozni kell. Nembutal por \u00e1llag\u00fa gy\u00f3gyszerek v\u00e1s\u00e1rl\u00e1sa<\/p>\n<h2>Milyen hat\u00e1sai vannak a Nembutal vissza\u00e9l\u00e9snek?<\/h2>\n<p>A Nembutal vissza\u00e9l\u00e9se miatt a k\u00f6vetkez\u0151 k\u00f6vetkezm\u00e9nyekkel j\u00e1rhat:<\/p>\n<p>1. Eml\u00e9kezet vagy koncentr\u00e1ci\u00f3<br \/>\n2. Izgalom<br \/>\n3. Ingerl\u00e9kenys\u00e9g<br \/>\n4 Agresszi\u00f3<br \/>\n5 Zavar<br \/>\n6. Egyens\u00faly- vagy koordin\u00e1ci\u00f3s zavarok<br \/>\n7. R\u00e9m\u00e1lmok<br \/>\n8. Illam\u00e5ende<br \/>\n9 h\u00e1ny\u00e1s<br \/>\n10 Sz\u00e9kreked\u00e9s.<br \/>\n11. Fejf\u00e1j\u00e1s vagy \u00e1lmoss\u00e1g<\/p>\n<h3>ADAGOL\u00c1S:<\/h3>\n<p>A Nembutal (barbitur\u00e1tok) adagol\u00e1s\u00e1t a beteg eg\u00e9szs\u00e9gi \u00e1llapot\u00e1nak \u00e9s a bead\u00e1s aj\u00e1nlott sebess\u00e9g\u00e9nek ismeret\u00e9ben kell egy\u00e9nre szabni.<\/p>\n<h3>A Nembutal Powder Drugs meg\u00e9rt\u00e9se<\/h3>\n<p>A Nembutal, vagy pentobarbital, egy er\u0151s barbitur\u00e1t, amelyet sokf\u00e9lek\u00e9ppen alkalmaznak az orvosi \u00e9s \u00e1llatorvosi gyakorlatban, els\u0151sorban nyugtat\u00f3, altat\u00f3 \u00e9s g\u00f6rcsold\u00f3 tulajdons\u00e1gair\u00f3l ismert. Por form\u00e1j\u00e1ban kaphat\u00f3, \u00e9s \u00e9vtizedek \u00f3ta alapvet\u0151 szer a s\u00fcrg\u0151ss\u00e9gi \u00e9s seb\u00e9szeti ell\u00e1t\u00e1sban.<\/p>\n<h3>A Nembutal por orvosi alkalmaz\u00e1sai<\/h3>\n<ol>\n<li>Szed\u00e1ci\u00f3: a Nembutal legjobb v\u00e1laszt\u00e1s m\u00e9ly szed\u00e1ci\u00f3 kiv\u00e1lt\u00e1s\u00e1ra m\u0171t\u00e9tek vagy olyan beavatkoz\u00e1sok el\u0151tt, ahol a nyugtat\u00f3 hat\u00e1s kulcsfontoss\u00e1g\u00fa. Gyors elalv\u00e1st el\u0151seg\u00edt\u0151 k\u00e9pess\u00e9ge miatt el\u0151ny\u00f6s a kritikus ell\u00e1t\u00e1si helyzetekben.<\/li>\n<li>G\u00f6rcsrohamok kezel\u00e9se: G\u00f6rcsg\u00e1tl\u00f3k\u00e9nt a Nembutal hat\u00e9konyan meg\u00e1ll\u00edtja a s\u00falyos, m\u00e1s kezel\u00e9sekre nem reag\u00e1l\u00f3 rohamokat. Gyors hat\u00e1sa seg\u00edt stabiliz\u00e1lni a betegek \u00e1llapot\u00e1t orvosi v\u00e9szhelyzetek eset\u00e9n.<\/li>\n<li>Eutan\u00e1zia: Az \u00e1llatgy\u00f3gy\u00e1szatban a Nembutalt hum\u00e1nus eutan\u00e1zi\u00e1ra haszn\u00e1lj\u00e1k, mivel k\u00e9pes f\u00e1jdalommentes \u00e9s b\u00e9k\u00e9s elhunytat el\u0151id\u00e9zni az \u00e1llatokn\u00e1l, minim\u00e1lis szenved\u00e9st biztos\u00edtva.<\/li>\n<\/ol>\n<h3>A Nembutal por el\u0151nyei<\/h3>\n<ol>\n<li>Gyors hat\u00e1skezdet: A Nembutal gyors hat\u00e1skezdete jelent\u0151s el\u0151nyt jelent s\u00fcrg\u0151ss\u00e9gi helyzetekben, ahol a gyors szed\u00e1ci\u00f3 vagy rohamcsillap\u00edt\u00e1s kiemelked\u0151 fontoss\u00e1g\u00fa. Ez a tulajdons\u00e1g n\u00f6veli hasznoss\u00e1g\u00e1t a kritikus ell\u00e1t\u00e1sban \u00e9s a s\u00fcrg\u0151ss\u00e9gi ell\u00e1t\u00e1sban.<\/li>\n<li>Megb\u00edzhat\u00f3s\u00e1g: A Nembutal hossz\u00fa m\u00faltra tekint vissza az orvosi alkalmaz\u00e1sban, \u00e9s megb\u00edzhat\u00f3s\u00e1g\u00e1t a k\u00f6vetkezetes \u00e9s kisz\u00e1m\u00edthat\u00f3 hat\u00e1sai miatt ismerik el. Az eg\u00e9szs\u00e9g\u00fcgyi szakemberek a k\u00edv\u00e1nt eredm\u00e9nyek el\u00e9r\u00e9s\u00e9ben t\u00e1maszkodnak megb\u00edzhat\u00f3s\u00e1g\u00e1ra, legyen sz\u00f3 ak\u00e1r szed\u00e1ci\u00f3r\u00f3l, ak\u00e1r rohamok kezel\u00e9s\u00e9r\u0151l.<\/li>\n<li>Sokoldal\u00fas\u00e1g: Els\u0151dleges felhaszn\u00e1l\u00e1si ter\u00fcletein t\u00fal a Nembutal sokoldal\u00faan alkalmazhat\u00f3 orvosi c\u00e9lokra is, p\u00e9ld\u00e1ul kieg\u00e9sz\u00edt\u0151 ter\u00e1pi\u00e1k\u00e9nt bizonyos kezel\u00e9si rendekben, ahol szed\u00e1ci\u00f3 vagy rohamok kontroll\u00e1l\u00e1sa sz\u00fcks\u00e9ges.<\/li>\n<\/ol>\n<p>A Nembutal por tov\u00e1bbra is n\u00e9lk\u00fcl\u00f6zhetetlen gy\u00f3gyszer mind az orvosi, mind az \u00e1llatorvosi ter\u00fcleten, nagyra \u00e9rt\u00e9kelik a szed\u00e1ci\u00f3ban, a rohamok kezel\u00e9s\u00e9ben \u00e9s az eutan\u00e1zi\u00e1ban val\u00f3 hat\u00e9konys\u00e1g\u00e1t. A Nembutal por \u00e9s m\u00e1s alapvet\u0151 gy\u00f3gyszerek megb\u00edzhat\u00f3 beszerz\u00e9s\u00e9hez \u00e9rdemes a legjobb gy\u00f3gyszert\u00e1rat v\u00e1lasztani. <a href=\"https:\/\/buy-prescriptionz.com\/hu\/\">buy-prescriptionz.com<\/a>, ensuring dependable supply for critical healthcare needs.<\/p>\n<h3>Nembutal por figyelmeztet\u00e9sek<\/h3>\n<p>1. Terhess\u00e9g alatt nem szabad haszn\u00e1lni. A barbitur\u00e1t (Nembutal) magzatk\u00e1rosod\u00e1st okozhat, ha terhes n\u0151knek adj\u00e1k. Ez\u00e9rt az orvosok nem aj\u00e1nlj\u00e1k.<br \/>\n2. A t\u00fal gyors bead\u00e1s ak\u00e1r l\u00e9gz\u00e9sdepresszi\u00f3t, apno\u00e9t \u00e9s \u00e9rt\u00e1gulatot is okozhat, a v\u00e9rnyom\u00e1sok cs\u00f6kken\u00e9s\u00e9vel. <a href=\"https:\/\/en.wikipedia.org\/w\/index.php?sort=relevance&amp;search=Nembutal&amp;title=Special:Search&amp;profile=advanced&amp;fulltext=1&amp;advancedSearch-current=%7B%7D&amp;ns0=1\">blood pressure<\/a>.<\/p>\n<p>A legjobb min\u0151s\u00e9g\u0171 tiszta Nembutal (Pentobarbital por) elad\u00f3 a legjobb versenyk\u00e9pes \u00e1ron. K\u00edn\u00e1lunk 98% - 99,8% -os tisztas\u00e1g\u00fa, kiv\u00e1l\u00f3 min\u0151s\u00e9g\u0171 Nembutal (Pentobarbital n\u00e1trium) \u00e9s garant\u00e1ljuk a hat\u00e9kony \u00e9s diszkr\u00e9t sz\u00e1ll\u00edt\u00e1st. Kiv\u00e1l\u00f3 h\u00edrnev\u00fcnket az\u00e1ltal \u00e9p\u00edtett\u00fck fel, hogy \u00fcgyfeleinknek kiv\u00e1l\u00f3 min\u0151s\u00e9g\u0171\/nagy tisztas\u00e1g\u00fa Nembutal-t k\u00edn\u00e1lunk diszkr\u00e9t sz\u00e1ll\u00edt\u00e1ssal \u00e9s bar\u00e1ts\u00e1gos \u00fcgyf\u00e9lszolg\u00e1lattal. Kiv\u00e1l\u00f3 tisztas\u00e1got, biztons\u00e1gos fizet\u00e9st, nagyon diszkr\u00e9t, gyors \u00e9s 100%-ban hat\u00e9kony nemzetk\u00f6zi sz\u00e1ll\u00edt\u00e1st biztos\u00edtunk. V\u00e1s\u00e1rl\u00e1s Nembutal por gy\u00f3gyszerek<\/p>","protected":false},"excerpt":{"rendered":"<p>Buy Nembutal Powder Drugs Online Buy Nembutal Powder Drugs Online . Nembutal belongs to the class of drugs which is called as barbiturates. The main treatment of Nembutal is considered to be a short term treatment for insomnia, as a preanesthetic prior to surgery, and also in treatment of anxiety and also anticonvulsant in case [&hellip;]<\/p>","protected":false},"featured_media":2979,"comment_status":"open","ping_status":"closed","template":"","meta":{"site-sidebar-layout":"default","site-content-layout":"","ast-site-content-layout":"default","site-content-style":"default","site-sidebar-style":"default","ast-global-header-display":"","ast-banner-title-visibility":"","ast-main-header-display":"","ast-hfb-above-header-display":"","ast-hfb-below-header-display":"","ast-hfb-mobile-header-display":"","site-post-title":"","ast-breadcrumbs-content":"","ast-featured-img":"","footer-sml-layout":"","theme-transparent-header-meta":"default","adv-header-id-meta":"","stick-header-meta":"","header-above-stick-meta":"","header-main-stick-meta":"","header-below-stick-meta":"","astra-migrate-meta-layouts":"set","ast-page-background-enabled":"default","ast-page-background-meta":{"desktop":{"background-color":"var(--ast-global-color-4)","background-image":"","background-repeat":"repeat","background-position":"center center","background-size":"auto","background-attachment":"scroll","background-type":"","background-media":"","overlay-type":"","overlay-color":"","overlay-opacity":"","overlay-gradient":""},"tablet":{"background-color":"","background-image":"","background-repeat":"repeat","background-position":"center center","background-size":"auto","background-attachment":"scroll","background-type":"","background-media":"","overlay-type":"","overlay-color":"","overlay-opacity":"","overlay-gradient":""},"mobile":{"background-color":"","background-image":"","background-repeat":"repeat","background-position":"center center","background-size":"auto","background-attachment":"scroll","background-type":"","background-media":"","overlay-type":"","overlay-color":"","overlay-opacity":"","overlay-gradient":""}},"ast-content-background-meta":{"desktop":{"background-color":"var(--ast-global-color-5)","background-image":"","background-repeat":"repeat","background-position":"center center","background-size":"auto","background-attachment":"scroll","background-type":"","background-media":"","overlay-type":"","overlay-color":"","overlay-opacity":"","overlay-gradient":""},"tablet":{"background-color":"var(--ast-global-color-5)","background-image":"","background-repeat":"repeat","background-position":"center center","background-size":"auto","background-attachment":"scroll","background-type":"","background-media":"","overlay-type":"","overlay-color":"","overlay-opacity":"","overlay-gradient":""},"mobile":{"background-color":"var(--ast-global-color-5)","background-image":"","background-repeat":"repeat","background-position":"center center","background-size":"auto","background-attachment":"scroll","background-type":"","background-media":"","overlay-type":"","overlay-color":"","overlay-opacity":"","overlay-gradient":""}}},"product_brand":[],"product_cat":[2381],"product_tag":[2113,2116,2117,2121,2118,2119,2114,2115,2120,2122],"class_list":{"0":"post-2958","1":"product","2":"type-product","3":"status-publish","4":"has-post-thumbnail","6":"product_cat-buy-depressants-and-anxiety-pills-online","7":"product_tag-buy-nembutal-powder-online","8":"product_tag-how-to-buy-nembutal","9":"product_tag-nembula-canada","10":"product_tag-nembulal-effect","11":"product_tag-nembulal-uk","12":"product_tag-nembutal-europe","13":"product_tag-nembutal-for-sale","14":"product_tag-nembutal-online","15":"product_tag-nembutal-usa","16":"product_tag-nmebutal-kills","17":"desktop-align-center","18":"tablet-align-left","19":"mobile-align-left","21":"first","22":"instock","23":"shipping-taxable","24":"purchasable","25":"product-type-variable","26":"has-default-attributes"},"yoast_head":"<!-- This site is optimized with the Yoast SEO plugin v25.9 - https:\/\/yoast.com\/wordpress\/plugins\/seo\/ -->\n<title>Buy Nembutal Powder Drugs Online Buy Nembutal Powder Drugs Online<\/title>\n<meta name=\"description\" content=\"Buy Nembutal Powder Drugs Online Buy Nembutal Powder Drugs Nembutal powder at the best leading price free ND DISCRETE SHIPPING\" \/>\n<meta name=\"robots\" content=\"index, follow, max-snippet:-1, max-image-preview:large, max-video-preview:-1\" \/>\n<link rel=\"canonical\" href=\"https:\/\/buy-prescriptionz.com\/hu\/term\u00e9k\/nembutal-por-alapu-gyogyszerek-online-vasarlasa\/\" \/>\n<meta property=\"og:locale\" content=\"hu_HU\" \/>\n<meta property=\"og:type\" content=\"article\" \/>\n<meta property=\"og:title\" content=\"Buy Nembutal Powder Drugs Online Buy Nembutal Powder Drugs Online\" \/>\n<meta property=\"og:description\" content=\"Buy Nembutal Powder Drugs Online Buy Nembutal Powder Drugs Nembutal powder at the best leading price free ND DISCRETE SHIPPING\" \/>\n<meta property=\"og:url\" content=\"https:\/\/buy-prescriptionz.com\/hu\/term\u00e9k\/nembutal-por-alapu-gyogyszerek-online-vasarlasa\/\" \/>\n<meta property=\"og:site_name\" content=\"Buy Prescriptionz\" \/>\n<meta property=\"article:modified_time\" content=\"2025-09-23T14:08:33+00:00\" \/>\n<meta property=\"og:image\" content=\"https:\/\/buy-prescriptionz.com\/wp-content\/uploads\/2025\/09\/nembutal.jpg\" \/>\n\t<meta property=\"og:image:width\" content=\"400\" \/>\n\t<meta property=\"og:image:height\" content=\"300\" \/>\n\t<meta property=\"og:image:type\" content=\"image\/jpeg\" \/>\n<meta name=\"twitter:card\" content=\"summary_large_image\" \/>\n<meta name=\"twitter:label1\" content=\"Becs\u00fclt olvas\u00e1si id\u0151\" \/>\n\t<meta name=\"twitter:data1\" content=\"4 perc\" \/>\n<script type=\"application\/ld+json\" class=\"yoast-schema-graph\">{\"@context\":\"https:\/\/schema.org\",\"@graph\":[{\"@type\":\"WebPage\",\"@id\":\"https:\/\/buy-prescriptionz.com\/product\/buy-nembutal-powder-drugs-online\/\",\"url\":\"https:\/\/buy-prescriptionz.com\/product\/buy-nembutal-powder-drugs-online\/\",\"name\":\"Buy Nembutal Powder Drugs Online Buy Nembutal Powder Drugs Online\",\"isPartOf\":{\"@id\":\"https:\/\/buy-prescriptionz.com\/#website\"},\"primaryImageOfPage\":{\"@id\":\"https:\/\/buy-prescriptionz.com\/product\/buy-nembutal-powder-drugs-online\/#primaryimage\"},\"image\":{\"@id\":\"https:\/\/buy-prescriptionz.com\/product\/buy-nembutal-powder-drugs-online\/#primaryimage\"},\"thumbnailUrl\":\"https:\/\/buy-prescriptionz.com\/wp-content\/uploads\/2025\/09\/nembutal.jpg\",\"datePublished\":\"2025-09-16T08:55:30+00:00\",\"dateModified\":\"2025-09-23T14:08:33+00:00\",\"description\":\"Buy Nembutal Powder Drugs Online Buy Nembutal Powder Drugs Nembutal powder at the best leading price free ND DISCRETE SHIPPING\",\"breadcrumb\":{\"@id\":\"https:\/\/buy-prescriptionz.com\/product\/buy-nembutal-powder-drugs-online\/#breadcrumb\"},\"inLanguage\":\"hu\",\"potentialAction\":[{\"@type\":\"ReadAction\",\"target\":[\"https:\/\/buy-prescriptionz.com\/product\/buy-nembutal-powder-drugs-online\/\"]}]},{\"@type\":\"ImageObject\",\"inLanguage\":\"hu\",\"@id\":\"https:\/\/buy-prescriptionz.com\/product\/buy-nembutal-powder-drugs-online\/#primaryimage\",\"url\":\"https:\/\/buy-prescriptionz.com\/wp-content\/uploads\/2025\/09\/nembutal.jpg\",\"contentUrl\":\"https:\/\/buy-prescriptionz.com\/wp-content\/uploads\/2025\/09\/nembutal.jpg\",\"width\":400,\"height\":300},{\"@type\":\"BreadcrumbList\",\"@id\":\"https:\/\/buy-prescriptionz.com\/product\/buy-nembutal-powder-drugs-online\/#breadcrumb\",\"itemListElement\":[{\"@type\":\"ListItem\",\"position\":1,\"name\":\"Home\",\"item\":\"https:\/\/buy-prescriptionz.com\/\"},{\"@type\":\"ListItem\",\"position\":2,\"name\":\"Shop Painkillers Online\",\"item\":\"https:\/\/buy-prescriptionz.com\/shop-painkillers-online\/\"},{\"@type\":\"ListItem\",\"position\":3,\"name\":\"Buy Nembutal Powder Drugs Online\"}]},{\"@type\":\"WebSite\",\"@id\":\"https:\/\/buy-prescriptionz.com\/#website\",\"url\":\"https:\/\/buy-prescriptionz.com\/\",\"name\":\"Buy Prescriptionz\",\"description\":\"Drugs Online\",\"publisher\":{\"@id\":\"https:\/\/buy-prescriptionz.com\/#organization\"},\"potentialAction\":[{\"@type\":\"SearchAction\",\"target\":{\"@type\":\"EntryPoint\",\"urlTemplate\":\"https:\/\/buy-prescriptionz.com\/?s={search_term_string}\"},\"query-input\":{\"@type\":\"PropertyValueSpecification\",\"valueRequired\":true,\"valueName\":\"search_term_string\"}}],\"inLanguage\":\"hu\"},{\"@type\":\"Organization\",\"@id\":\"https:\/\/buy-prescriptionz.com\/#organization\",\"name\":\"Buy Prescriptionz\",\"url\":\"https:\/\/buy-prescriptionz.com\/\",\"logo\":{\"@type\":\"ImageObject\",\"inLanguage\":\"hu\",\"@id\":\"https:\/\/buy-prescriptionz.com\/#\/schema\/logo\/image\/\",\"url\":\"https:\/\/buy-prescriptionz.com\/wp-content\/uploads\/2023\/09\/logo.png\",\"contentUrl\":\"https:\/\/buy-prescriptionz.com\/wp-content\/uploads\/2023\/09\/logo.png\",\"width\":350,\"height\":64,\"caption\":\"Buy Prescriptionz\"},\"image\":{\"@id\":\"https:\/\/buy-prescriptionz.com\/#\/schema\/logo\/image\/\"}}]}<\/script>\n<!-- \/ Yoast SEO plugin. -->","yoast_head_json":{"title":"Nembutal por alap\u00fa gy\u00f3gyszerek v\u00e1s\u00e1rl\u00e1sa online Nembutal por alap\u00fa gy\u00f3gyszerek v\u00e1s\u00e1rl\u00e1sa online","description":"Nembutal por alap\u00fa gy\u00f3gyszerek v\u00e1s\u00e1rl\u00e1sa online Nembutal por alap\u00fa gy\u00f3gyszerek v\u00e1s\u00e1rl\u00e1sa Nembutal por a legjobb vezet\u0151 \u00e1ron ingyenes \u00c9S DISZKR\u00c9T SZ\u00c1LL\u00cdT\u00c1S","robots":{"index":"index","follow":"follow","max-snippet":"max-snippet:-1","max-image-preview":"max-image-preview:large","max-video-preview":"max-video-preview:-1"},"canonical":"https:\/\/buy-prescriptionz.com\/hu\/term\u00e9k\/nembutal-por-alapu-gyogyszerek-online-vasarlasa\/","og_locale":"hu_HU","og_type":"article","og_title":"Buy Nembutal Powder Drugs Online Buy Nembutal Powder Drugs Online","og_description":"Buy Nembutal Powder Drugs Online Buy Nembutal Powder Drugs Nembutal powder at the best leading price free ND DISCRETE SHIPPING","og_url":"https:\/\/buy-prescriptionz.com\/hu\/term\u00e9k\/nembutal-por-alapu-gyogyszerek-online-vasarlasa\/","og_site_name":"Buy Prescriptionz","article_modified_time":"2025-09-23T14:08:33+00:00","og_image":[{"width":400,"height":300,"url":"https:\/\/buy-prescriptionz.com\/wp-content\/uploads\/2025\/09\/nembutal.jpg","type":"image\/jpeg"}],"twitter_card":"summary_large_image","twitter_misc":{"Becs\u00fclt olvas\u00e1si id\u0151":"4 perc"},"schema":{"@context":"https:\/\/schema.org","@graph":[{"@type":"WebPage","@id":"https:\/\/buy-prescriptionz.com\/product\/buy-nembutal-powder-drugs-online\/","url":"https:\/\/buy-prescriptionz.com\/product\/buy-nembutal-powder-drugs-online\/","name":"Nembutal por alap\u00fa gy\u00f3gyszerek v\u00e1s\u00e1rl\u00e1sa online Nembutal por alap\u00fa gy\u00f3gyszerek v\u00e1s\u00e1rl\u00e1sa online","isPartOf":{"@id":"https:\/\/buy-prescriptionz.com\/#website"},"primaryImageOfPage":{"@id":"https:\/\/buy-prescriptionz.com\/product\/buy-nembutal-powder-drugs-online\/#primaryimage"},"image":{"@id":"https:\/\/buy-prescriptionz.com\/product\/buy-nembutal-powder-drugs-online\/#primaryimage"},"thumbnailUrl":"https:\/\/buy-prescriptionz.com\/wp-content\/uploads\/2025\/09\/nembutal.jpg","datePublished":"2025-09-16T08:55:30+00:00","dateModified":"2025-09-23T14:08:33+00:00","description":"Nembutal por alap\u00fa gy\u00f3gyszerek v\u00e1s\u00e1rl\u00e1sa online Nembutal por alap\u00fa gy\u00f3gyszerek v\u00e1s\u00e1rl\u00e1sa Nembutal por a legjobb vezet\u0151 \u00e1ron ingyenes \u00c9S DISZKR\u00c9T SZ\u00c1LL\u00cdT\u00c1S","breadcrumb":{"@id":"https:\/\/buy-prescriptionz.com\/product\/buy-nembutal-powder-drugs-online\/#breadcrumb"},"inLanguage":"hu","potentialAction":[{"@type":"ReadAction","target":["https:\/\/buy-prescriptionz.com\/product\/buy-nembutal-powder-drugs-online\/"]}]},{"@type":"ImageObject","inLanguage":"hu","@id":"https:\/\/buy-prescriptionz.com\/product\/buy-nembutal-powder-drugs-online\/#primaryimage","url":"https:\/\/buy-prescriptionz.com\/wp-content\/uploads\/2025\/09\/nembutal.jpg","contentUrl":"https:\/\/buy-prescriptionz.com\/wp-content\/uploads\/2025\/09\/nembutal.jpg","width":400,"height":300},{"@type":"BreadcrumbList","@id":"https:\/\/buy-prescriptionz.com\/product\/buy-nembutal-powder-drugs-online\/#breadcrumb","itemListElement":[{"@type":"ListItem","position":1,"name":"Home","item":"https:\/\/buy-prescriptionz.com\/"},{"@type":"ListItem","position":2,"name":"Shop Painkillers Online","item":"https:\/\/buy-prescriptionz.com\/shop-painkillers-online\/"},{"@type":"ListItem","position":3,"name":"Buy Nembutal Powder Drugs Online"}]},{"@type":"WebSite","@id":"https:\/\/buy-prescriptionz.com\/#website","url":"https:\/\/buy-prescriptionz.com\/","name":"Buy Prescriptionz","description":"Online gy\u00f3gyszerek","publisher":{"@id":"https:\/\/buy-prescriptionz.com\/#organization"},"potentialAction":[{"@type":"SearchAction","target":{"@type":"EntryPoint","urlTemplate":"https:\/\/buy-prescriptionz.com\/?s={search_term_string}"},"query-input":{"@type":"PropertyValueSpecification","valueRequired":true,"valueName":"search_term_string"}}],"inLanguage":"hu"},{"@type":"Organization","@id":"https:\/\/buy-prescriptionz.com\/#organization","name":"Buy Prescriptionz","url":"https:\/\/buy-prescriptionz.com\/","logo":{"@type":"ImageObject","inLanguage":"hu","@id":"https:\/\/buy-prescriptionz.com\/#\/schema\/logo\/image\/","url":"https:\/\/buy-prescriptionz.com\/wp-content\/uploads\/2023\/09\/logo.png","contentUrl":"https:\/\/buy-prescriptionz.com\/wp-content\/uploads\/2023\/09\/logo.png","width":350,"height":64,"caption":"Buy Prescriptionz"},"image":{"@id":"https:\/\/buy-prescriptionz.com\/#\/schema\/logo\/image\/"}}]}},"_links":{"self":[{"href":"https:\/\/buy-prescriptionz.com\/hu\/wp-json\/wp\/v2\/product\/2958","targetHints":{"allow":["GET"]}}],"collection":[{"href":"https:\/\/buy-prescriptionz.com\/hu\/wp-json\/wp\/v2\/product"}],"about":[{"href":"https:\/\/buy-prescriptionz.com\/hu\/wp-json\/wp\/v2\/types\/product"}],"replies":[{"embeddable":true,"href":"https:\/\/buy-prescriptionz.com\/hu\/wp-json\/wp\/v2\/comments?post=2958"}],"wp:featuredmedia":[{"embeddable":true,"href":"https:\/\/buy-prescriptionz.com\/hu\/wp-json\/wp\/v2\/media\/2979"}],"wp:attachment":[{"href":"https:\/\/buy-prescriptionz.com\/hu\/wp-json\/wp\/v2\/media?parent=2958"}],"wp:term":[{"taxonomy":"product_brand","embeddable":true,"href":"https:\/\/buy-prescriptionz.com\/hu\/wp-json\/wp\/v2\/product_brand?post=2958"},{"taxonomy":"product_cat","embeddable":true,"href":"https:\/\/buy-prescriptionz.com\/hu\/wp-json\/wp\/v2\/product_cat?post=2958"},{"taxonomy":"product_tag","embeddable":true,"href":"https:\/\/buy-prescriptionz.com\/hu\/wp-json\/wp\/v2\/product_tag?post=2958"}],"curies":[{"name":"wp","href":"https:\/\/api.w.org\/{rel}","templated":true}]}}