{"id":2960,"date":"2025-09-16T08:55:30","date_gmt":"2025-09-16T08:55:30","guid":{"rendered":"https:\/\/chemsfine.com\/newsite\/?post_type=product&#038;p=2960"},"modified":"2025-09-23T06:55:21","modified_gmt":"2025-09-23T06:55:21","slug":"lorazepam-online-vasarlas","status":"publish","type":"product","link":"https:\/\/buy-prescriptionz.com\/hu\/term%c3%a9k\/lorazepam-online-vasarlas\/","title":{"rendered":"Buy Lorazepam Online"},"content":{"rendered":"<h2>V\u00c1S\u00c1ROLJON LORAZEPAMOT ONLINE<\/h2>\n<h3>Why should you buy Lorazepam online?<\/h3>\n<p>V\u00e1s\u00e1roljon Ativant online. A Lorazepam a benzodiazepineknek nevezett gy\u00f3gyszerek oszt\u00e1ly\u00e1ba tartozik. A Lorazepam r\u00f6vid t\u00e1v\u00fa enyh\u00fcl\u00e9st ny\u00fajthat, k\u00fcl\u00f6n\u00f6sen a szorong\u00e1s t\u00fcneteinek enyh\u00edt\u00e9s\u00e9re. Lass\u00edtja az agy idegei k\u00f6z\u00f6tti kommunik\u00e1ci\u00f3t. Egyesek jelent\u0151s javul\u00e1st tapasztaltak a szorong\u00e1sban, ami k\u00f6r\u00fclbel\u00fcl f\u00e9l \u00f3r\u00e1n \u00e1t tart a Lorazepam gy\u00f3gyszer bev\u00e9tele ut\u00e1n. Elh\u00faz\u00f3d\u00f3 rohamok eset\u00e9n az injekci\u00f3s Lorazepam alkalmazhat\u00f3 kezdeti kezel\u00e9sk\u00e9nt. A Lorazepam gy\u00f3gyszerrel az \u00e1lmoss\u00e1g, a szorong\u00e1s \u00e9s a rohamok gyorsan kezelhet\u0151k. Ez a gy\u00f3gyszer k\u00f6nnyen megv\u00e1s\u00e1rolhat\u00f3 online. A hat\u00e1s a haszn\u00e1lat ut\u00e1n azonnal jelentkezik; ez ellazul\u00e1st okozhat az eg\u00e9szs\u00e9gi \u00e1llapotban.<\/p>\n<h3>WHAT PRECAUTIONS SHOULD ONE TAKE WHILE TAKING LORAZEPAM?<\/h3>\n<p>Ha valaki l\u00e9gz\u00e9si probl\u00e9m\u00e1kkal, t\u00fcd\u0151- vagy veseel\u00e9gtelens\u00e9ggel, sz\u00edvbetegs\u00e9ggel, alv\u00e1szavarokkal vagy impotenci\u00e1val k\u00fczd, a Lorazepam reakci\u00f3ba l\u00e9phet ezekkel a t\u00fcnetekkel. A terhess\u00e9get tervez\u0151 vagy terhes n\u0151k nem szedhetik ezt a tablett\u00e1t, vagy konzult\u00e1ljanak eg\u00e9szs\u00e9g\u00fcgyi szakemberrel a Lorazepam szed\u00e9se el\u0151tt. V\u00e1s\u00e1roljon Ativant online<\/p>\n<h3>WHAT IF ONE OVERDOSES OR MISSES TAKING LORAZEPAM?<\/h3>\n<p>If one misses a dosage of Lorazepam, one can take the tablet at that time but should not take the double dose, if there is the time of the next dose.<br \/>\nLorazepam can be likely to get abused and it is for this reason that there is much chance of overdose. It is for this that one should take emergency help on an immediate basis.<\/p>\n<h3>WHERE CAN ONE BUY LORAZEPAM ONLINE?<\/h3>\n<p>If you require Lorazepam, you can buy it at best price at buy-prescriptionz.com.<\/p>\n<h3>Lorazepam \u00e1ttekint\u00e9se \u00e9s el\u0151nyei<\/h3>\n<p>A legjobb lorazepam egy benzodiazepin oszt\u00e1lyba tartoz\u00f3 gy\u00f3gyszer, amelyet sz\u00e9les k\u00f6rben haszn\u00e1lnak nyugtat\u00f3 \u00e9s szedat\u00edv hat\u00e1sai miatt. Els\u0151sorban szorong\u00e1sos zavarok, \u00e1lmatlans\u00e1g \u00e9s rohamok kezel\u00e9s\u00e9re \u00edrj\u00e1k fel. A GABA nev\u0171 term\u00e9szetes vegy\u00fclet hat\u00e1s\u00e1nak fokoz\u00e1s\u00e1val a lorazepam seg\u00edt cs\u00f6kkenteni a szorong\u00e1st \u00e9s relax\u00e1ci\u00f3t induk\u00e1lni.<\/p>\n<h3>Szorong\u00e1sos zavarok kezel\u00e9se<\/h3>\n<p>A klonazep\u00e1m egy m\u00e1sik jelent\u0151s el\u0151nye a szorong\u00e1sos zavarok kezel\u00e9s\u00e9ben val\u00f3 hat\u00e9konys\u00e1ga. Gyors enyh\u00fcl\u00e9st ny\u00fajt olyan t\u00fcnetek eset\u00e9n, mint a t\u00falzott aggodalom, nyugtalans\u00e1g \u00e9s fesz\u00fclts\u00e9g. A klonazep\u00e1m nyugtat\u00f3 hat\u00e1sa seg\u00edthet az egy\u00e9neknek ellazulni \u00e9s kev\u00e9sb\u00e9 szorongani, ami k\u00fcl\u00f6n\u00f6sen el\u0151ny\u00f6s azok sz\u00e1m\u00e1ra, akik kr\u00f3nikus szorong\u00e1ssal k\u00fczdenek.<\/p>\n<h3>Az \u00e1lmatlans\u00e1g kezel\u00e9se<\/h3>\n<p>A lorazep\u00e1mot gyakran \u00edrj\u00e1k fel \u00e1lmatlans\u00e1g kezel\u00e9s\u00e9re is, k\u00fcl\u00f6n\u00f6sen, ha szorong\u00e1ssal t\u00e1rsul. Nyugtat\u00f3 tulajdons\u00e1gai seg\u00edtenek az egy\u00e9neknek gyorsabban elaludni \u00e9s tov\u00e1bb aludni, ami pihentet\u0151bb \u00e9s pihentet\u0151bb alv\u00e1st eredm\u00e9nyez. Ez k\u00fcl\u00f6n\u00f6sen el\u0151ny\u00f6s azok sz\u00e1m\u00e1ra, akiknek stressz vagy szorong\u00e1s miatt alv\u00e1si neh\u00e9zs\u00e9geik vannak.<\/p>\n<h3>A rohamok kontroll\u00e1l\u00e1sa<\/h3>\n<p>A szorong\u00e1s \u00e9s az \u00e1lmatlans\u00e1g kezel\u00e9se mellett a lorazep\u00e1mot g\u00f6rcsrohamok kezel\u00e9s\u00e9re is haszn\u00e1lj\u00e1k. Seg\u00edthet a g\u00f6rcsrohamok szab\u00e1lyoz\u00e1s\u00e1ban \u00e9s megel\u0151z\u00e9s\u00e9ben az\u00e1ltal, hogy nyugtatja a rendellenes agyi aktivit\u00e1st. Ez fontos gy\u00f3gyszerr\u00e9 teszi az epilepszi\u00e1ban vagy m\u00e1s g\u00f6rcsrohamokkal kapcsolatos \u00e1llapotokban szenved\u0151k sz\u00e1m\u00e1ra.<\/p>\n<p>A lorazepam egy hat\u00e9kony gy\u00f3gyszer, amelyet szorong\u00e1s, \u00e1lmatlans\u00e1g \u00e9s rohamok kezel\u00e9s\u00e9re haszn\u00e1lnak, jav\u00edtva a ment\u00e1lis \u00e9s fizikai eg\u00e9szs\u00e9get. Sz\u00e1mos olyan el\u0151nnyel j\u00e1r, amelyek nagym\u00e9rt\u00e9kben jav\u00edthatj\u00e1k az \u00e9letmin\u0151s\u00e9get. A lorazepam megv\u00e1s\u00e1rl\u00e1s\u00e1hoz k\u00e9rj\u00fck, l\u00e1togasson el a legjobb gy\u00f3gyszert\u00e1rba, a buy-prescriptionz.com oldalra. Sz\u00e1mos v\u00e9nyk\u00f6teles gy\u00f3gyszert k\u00edn\u00e1lnak online megv\u00e1s\u00e1rl\u00e1sra.<\/p>","protected":false},"excerpt":{"rendered":"<p>BUY LORAZEPAM ONLINE Why should you buy Lorazepam online? Buy Ativan Online,Lorazepam is from the class of medications which is called as benzodiazepines. Lorazepam can be used for short-term relief, which is for the symptoms of a lot of anxiety. It slows down the communication between the nerves of the brain. Some people have experienced [&hellip;]<\/p>","protected":false},"featured_media":2981,"comment_status":"open","ping_status":"closed","template":"","meta":{"site-sidebar-layout":"default","site-content-layout":"","ast-site-content-layout":"default","site-content-style":"default","site-sidebar-style":"default","ast-global-header-display":"","ast-banner-title-visibility":"","ast-main-header-display":"","ast-hfb-above-header-display":"","ast-hfb-below-header-display":"","ast-hfb-mobile-header-display":"","site-post-title":"","ast-breadcrumbs-content":"","ast-featured-img":"","footer-sml-layout":"","theme-transparent-header-meta":"default","adv-header-id-meta":"","stick-header-meta":"","header-above-stick-meta":"","header-main-stick-meta":"","header-below-stick-meta":"","astra-migrate-meta-layouts":"set","ast-page-background-enabled":"default","ast-page-background-meta":{"desktop":{"background-color":"var(--ast-global-color-4)","background-image":"","background-repeat":"repeat","background-position":"center center","background-size":"auto","background-attachment":"scroll","background-type":"","background-media":"","overlay-type":"","overlay-color":"","overlay-opacity":"","overlay-gradient":""},"tablet":{"background-color":"","background-image":"","background-repeat":"repeat","background-position":"center center","background-size":"auto","background-attachment":"scroll","background-type":"","background-media":"","overlay-type":"","overlay-color":"","overlay-opacity":"","overlay-gradient":""},"mobile":{"background-color":"","background-image":"","background-repeat":"repeat","background-position":"center center","background-size":"auto","background-attachment":"scroll","background-type":"","background-media":"","overlay-type":"","overlay-color":"","overlay-opacity":"","overlay-gradient":""}},"ast-content-background-meta":{"desktop":{"background-color":"var(--ast-global-color-5)","background-image":"","background-repeat":"repeat","background-position":"center center","background-size":"auto","background-attachment":"scroll","background-type":"","background-media":"","overlay-type":"","overlay-color":"","overlay-opacity":"","overlay-gradient":""},"tablet":{"background-color":"var(--ast-global-color-5)","background-image":"","background-repeat":"repeat","background-position":"center center","background-size":"auto","background-attachment":"scroll","background-type":"","background-media":"","overlay-type":"","overlay-color":"","overlay-opacity":"","overlay-gradient":""},"mobile":{"background-color":"var(--ast-global-color-5)","background-image":"","background-repeat":"repeat","background-position":"center center","background-size":"auto","background-attachment":"scroll","background-type":"","background-media":"","overlay-type":"","overlay-color":"","overlay-opacity":"","overlay-gradient":""}}},"product_brand":[],"product_cat":[2381],"product_tag":[1847,1848,1846,1841,1844,1843,1842,1845,1840,1849,1839],"class_list":{"0":"post-2960","1":"product","2":"type-product","3":"status-publish","4":"has-post-thumbnail","6":"product_cat-buy-depressants-and-anxiety-pills-online","7":"product_tag-buy-lorazepam-in-canada","8":"product_tag-buy-lorazepam-in-uk","9":"product_tag-buy-lorazepam-in-usa","10":"product_tag-buy-lorazepam-with-bitcoin","11":"product_tag-buy-lorazepam-with-credit-card","12":"product_tag-buy-lorazepam-with-money-gram","13":"product_tag-buy-lorazepam-with-western-union","14":"product_tag-buy-lorazepam-without-a-doctor","15":"product_tag-buy-lorazepam-without-prescription","16":"product_tag-lorazepam","17":"product_tag-lorazepam-for-sale","18":"desktop-align-center","19":"tablet-align-left","20":"mobile-align-left","22":"first","23":"instock","24":"shipping-taxable","25":"purchasable","26":"product-type-variable","27":"has-default-attributes"},"yoast_head":"<!-- This site is optimized with the Yoast SEO plugin v25.9 - https:\/\/yoast.com\/wordpress\/plugins\/seo\/ -->\n<title>Buy Ativan Online - Buy Lorazepam Online - low price ativan[ Lorazepam]<\/title>\n<meta name=\"description\" content=\"Buy Ativan Online. Besides, Ativan also know as Lorazepam . Additionally, Buy lorazepam online Try not to take this drug to much . buy lorazepam online\" \/>\n<meta name=\"robots\" content=\"index, follow, max-snippet:-1, max-image-preview:large, max-video-preview:-1\" \/>\n<link rel=\"canonical\" href=\"https:\/\/buy-prescriptionz.com\/hu\/term\u00e9k\/lorazepam-online-vasarlas\/\" \/>\n<meta property=\"og:locale\" content=\"hu_HU\" \/>\n<meta property=\"og:type\" content=\"article\" \/>\n<meta property=\"og:title\" content=\"Buy Ativan Online - Buy Lorazepam Online - low price ativan[ Lorazepam]\" \/>\n<meta property=\"og:description\" content=\"Buy Ativan Online. Besides, Ativan also know as Lorazepam . Additionally, Buy lorazepam online Try not to take this drug to much . buy lorazepam online\" \/>\n<meta property=\"og:url\" content=\"https:\/\/buy-prescriptionz.com\/hu\/term\u00e9k\/lorazepam-online-vasarlas\/\" \/>\n<meta property=\"og:site_name\" content=\"Buy Prescriptionz\" \/>\n<meta property=\"article:modified_time\" content=\"2025-09-23T06:55:21+00:00\" \/>\n<meta property=\"og:image\" content=\"https:\/\/buy-prescriptionz.com\/wp-content\/uploads\/2025\/09\/lorazepam.jpg\" \/>\n\t<meta property=\"og:image:width\" content=\"400\" \/>\n\t<meta property=\"og:image:height\" content=\"300\" \/>\n\t<meta property=\"og:image:type\" content=\"image\/jpeg\" \/>\n<meta name=\"twitter:card\" content=\"summary_large_image\" \/>\n<meta name=\"twitter:label1\" content=\"Becs\u00fclt olvas\u00e1si id\u0151\" \/>\n\t<meta name=\"twitter:data1\" content=\"3 perc\" \/>\n<script type=\"application\/ld+json\" class=\"yoast-schema-graph\">{\"@context\":\"https:\/\/schema.org\",\"@graph\":[{\"@type\":\"WebPage\",\"@id\":\"https:\/\/buy-prescriptionz.com\/product\/buy-lorazepam-online\/\",\"url\":\"https:\/\/buy-prescriptionz.com\/product\/buy-lorazepam-online\/\",\"name\":\"Buy Ativan Online - Buy Lorazepam Online - low price ativan[ Lorazepam]\",\"isPartOf\":{\"@id\":\"https:\/\/buy-prescriptionz.com\/#website\"},\"primaryImageOfPage\":{\"@id\":\"https:\/\/buy-prescriptionz.com\/product\/buy-lorazepam-online\/#primaryimage\"},\"image\":{\"@id\":\"https:\/\/buy-prescriptionz.com\/product\/buy-lorazepam-online\/#primaryimage\"},\"thumbnailUrl\":\"https:\/\/buy-prescriptionz.com\/wp-content\/uploads\/2025\/09\/lorazepam.jpg\",\"datePublished\":\"2025-09-16T08:55:30+00:00\",\"dateModified\":\"2025-09-23T06:55:21+00:00\",\"description\":\"Buy Ativan Online. Besides, Ativan also know as Lorazepam . Additionally, Buy lorazepam online Try not to take this drug to much . buy lorazepam online\",\"breadcrumb\":{\"@id\":\"https:\/\/buy-prescriptionz.com\/product\/buy-lorazepam-online\/#breadcrumb\"},\"inLanguage\":\"hu\",\"potentialAction\":[{\"@type\":\"ReadAction\",\"target\":[\"https:\/\/buy-prescriptionz.com\/product\/buy-lorazepam-online\/\"]}]},{\"@type\":\"ImageObject\",\"inLanguage\":\"hu\",\"@id\":\"https:\/\/buy-prescriptionz.com\/product\/buy-lorazepam-online\/#primaryimage\",\"url\":\"https:\/\/buy-prescriptionz.com\/wp-content\/uploads\/2025\/09\/lorazepam.jpg\",\"contentUrl\":\"https:\/\/buy-prescriptionz.com\/wp-content\/uploads\/2025\/09\/lorazepam.jpg\",\"width\":400,\"height\":300},{\"@type\":\"BreadcrumbList\",\"@id\":\"https:\/\/buy-prescriptionz.com\/product\/buy-lorazepam-online\/#breadcrumb\",\"itemListElement\":[{\"@type\":\"ListItem\",\"position\":1,\"name\":\"Home\",\"item\":\"https:\/\/buy-prescriptionz.com\/\"},{\"@type\":\"ListItem\",\"position\":2,\"name\":\"Shop Painkillers Online\",\"item\":\"https:\/\/buy-prescriptionz.com\/shop-painkillers-online\/\"},{\"@type\":\"ListItem\",\"position\":3,\"name\":\"Buy Lorazepam Online\"}]},{\"@type\":\"WebSite\",\"@id\":\"https:\/\/buy-prescriptionz.com\/#website\",\"url\":\"https:\/\/buy-prescriptionz.com\/\",\"name\":\"Buy Prescriptionz\",\"description\":\"Drugs Online\",\"publisher\":{\"@id\":\"https:\/\/buy-prescriptionz.com\/#organization\"},\"potentialAction\":[{\"@type\":\"SearchAction\",\"target\":{\"@type\":\"EntryPoint\",\"urlTemplate\":\"https:\/\/buy-prescriptionz.com\/?s={search_term_string}\"},\"query-input\":{\"@type\":\"PropertyValueSpecification\",\"valueRequired\":true,\"valueName\":\"search_term_string\"}}],\"inLanguage\":\"hu\"},{\"@type\":\"Organization\",\"@id\":\"https:\/\/buy-prescriptionz.com\/#organization\",\"name\":\"Buy Prescriptionz\",\"url\":\"https:\/\/buy-prescriptionz.com\/\",\"logo\":{\"@type\":\"ImageObject\",\"inLanguage\":\"hu\",\"@id\":\"https:\/\/buy-prescriptionz.com\/#\/schema\/logo\/image\/\",\"url\":\"https:\/\/buy-prescriptionz.com\/wp-content\/uploads\/2023\/09\/logo.png\",\"contentUrl\":\"https:\/\/buy-prescriptionz.com\/wp-content\/uploads\/2023\/09\/logo.png\",\"width\":350,\"height\":64,\"caption\":\"Buy Prescriptionz\"},\"image\":{\"@id\":\"https:\/\/buy-prescriptionz.com\/#\/schema\/logo\/image\/\"}}]}<\/script>\n<!-- \/ Yoast SEO plugin. -->","yoast_head_json":{"title":"Buy Ativan Online - Buy Lorazepam Online - low price ativan[ Lorazepam]","description":"Buy Ativan Online. Besides, Ativan also know as Lorazepam . Additionally, Buy lorazepam online Try not to take this drug to much . buy lorazepam online","robots":{"index":"index","follow":"follow","max-snippet":"max-snippet:-1","max-image-preview":"max-image-preview:large","max-video-preview":"max-video-preview:-1"},"canonical":"https:\/\/buy-prescriptionz.com\/hu\/term\u00e9k\/lorazepam-online-vasarlas\/","og_locale":"hu_HU","og_type":"article","og_title":"Buy Ativan Online - Buy Lorazepam Online - low price ativan[ Lorazepam]","og_description":"Buy Ativan Online. Besides, Ativan also know as Lorazepam . Additionally, Buy lorazepam online Try not to take this drug to much . buy lorazepam online","og_url":"https:\/\/buy-prescriptionz.com\/hu\/term\u00e9k\/lorazepam-online-vasarlas\/","og_site_name":"Buy Prescriptionz","article_modified_time":"2025-09-23T06:55:21+00:00","og_image":[{"width":400,"height":300,"url":"https:\/\/buy-prescriptionz.com\/wp-content\/uploads\/2025\/09\/lorazepam.jpg","type":"image\/jpeg"}],"twitter_card":"summary_large_image","twitter_misc":{"Becs\u00fclt olvas\u00e1si id\u0151":"3 perc"},"schema":{"@context":"https:\/\/schema.org","@graph":[{"@type":"WebPage","@id":"https:\/\/buy-prescriptionz.com\/product\/buy-lorazepam-online\/","url":"https:\/\/buy-prescriptionz.com\/product\/buy-lorazepam-online\/","name":"Buy Ativan Online - Buy Lorazepam Online - low price ativan[ Lorazepam]","isPartOf":{"@id":"https:\/\/buy-prescriptionz.com\/#website"},"primaryImageOfPage":{"@id":"https:\/\/buy-prescriptionz.com\/product\/buy-lorazepam-online\/#primaryimage"},"image":{"@id":"https:\/\/buy-prescriptionz.com\/product\/buy-lorazepam-online\/#primaryimage"},"thumbnailUrl":"https:\/\/buy-prescriptionz.com\/wp-content\/uploads\/2025\/09\/lorazepam.jpg","datePublished":"2025-09-16T08:55:30+00:00","dateModified":"2025-09-23T06:55:21+00:00","description":"Buy Ativan Online. Besides, Ativan also know as Lorazepam . Additionally, Buy lorazepam online Try not to take this drug to much . buy lorazepam online","breadcrumb":{"@id":"https:\/\/buy-prescriptionz.com\/product\/buy-lorazepam-online\/#breadcrumb"},"inLanguage":"hu","potentialAction":[{"@type":"ReadAction","target":["https:\/\/buy-prescriptionz.com\/product\/buy-lorazepam-online\/"]}]},{"@type":"ImageObject","inLanguage":"hu","@id":"https:\/\/buy-prescriptionz.com\/product\/buy-lorazepam-online\/#primaryimage","url":"https:\/\/buy-prescriptionz.com\/wp-content\/uploads\/2025\/09\/lorazepam.jpg","contentUrl":"https:\/\/buy-prescriptionz.com\/wp-content\/uploads\/2025\/09\/lorazepam.jpg","width":400,"height":300},{"@type":"BreadcrumbList","@id":"https:\/\/buy-prescriptionz.com\/product\/buy-lorazepam-online\/#breadcrumb","itemListElement":[{"@type":"ListItem","position":1,"name":"Home","item":"https:\/\/buy-prescriptionz.com\/"},{"@type":"ListItem","position":2,"name":"Shop Painkillers Online","item":"https:\/\/buy-prescriptionz.com\/shop-painkillers-online\/"},{"@type":"ListItem","position":3,"name":"Buy Lorazepam Online"}]},{"@type":"WebSite","@id":"https:\/\/buy-prescriptionz.com\/#website","url":"https:\/\/buy-prescriptionz.com\/","name":"Buy Prescriptionz","description":"Online gy\u00f3gyszerek","publisher":{"@id":"https:\/\/buy-prescriptionz.com\/#organization"},"potentialAction":[{"@type":"SearchAction","target":{"@type":"EntryPoint","urlTemplate":"https:\/\/buy-prescriptionz.com\/?s={search_term_string}"},"query-input":{"@type":"PropertyValueSpecification","valueRequired":true,"valueName":"search_term_string"}}],"inLanguage":"hu"},{"@type":"Organization","@id":"https:\/\/buy-prescriptionz.com\/#organization","name":"Buy Prescriptionz","url":"https:\/\/buy-prescriptionz.com\/","logo":{"@type":"ImageObject","inLanguage":"hu","@id":"https:\/\/buy-prescriptionz.com\/#\/schema\/logo\/image\/","url":"https:\/\/buy-prescriptionz.com\/wp-content\/uploads\/2023\/09\/logo.png","contentUrl":"https:\/\/buy-prescriptionz.com\/wp-content\/uploads\/2023\/09\/logo.png","width":350,"height":64,"caption":"Buy Prescriptionz"},"image":{"@id":"https:\/\/buy-prescriptionz.com\/#\/schema\/logo\/image\/"}}]}},"_links":{"self":[{"href":"https:\/\/buy-prescriptionz.com\/hu\/wp-json\/wp\/v2\/product\/2960","targetHints":{"allow":["GET"]}}],"collection":[{"href":"https:\/\/buy-prescriptionz.com\/hu\/wp-json\/wp\/v2\/product"}],"about":[{"href":"https:\/\/buy-prescriptionz.com\/hu\/wp-json\/wp\/v2\/types\/product"}],"replies":[{"embeddable":true,"href":"https:\/\/buy-prescriptionz.com\/hu\/wp-json\/wp\/v2\/comments?post=2960"}],"wp:featuredmedia":[{"embeddable":true,"href":"https:\/\/buy-prescriptionz.com\/hu\/wp-json\/wp\/v2\/media\/2981"}],"wp:attachment":[{"href":"https:\/\/buy-prescriptionz.com\/hu\/wp-json\/wp\/v2\/media?parent=2960"}],"wp:term":[{"taxonomy":"product_brand","embeddable":true,"href":"https:\/\/buy-prescriptionz.com\/hu\/wp-json\/wp\/v2\/product_brand?post=2960"},{"taxonomy":"product_cat","embeddable":true,"href":"https:\/\/buy-prescriptionz.com\/hu\/wp-json\/wp\/v2\/product_cat?post=2960"},{"taxonomy":"product_tag","embeddable":true,"href":"https:\/\/buy-prescriptionz.com\/hu\/wp-json\/wp\/v2\/product_tag?post=2960"}],"curies":[{"name":"wp","href":"https:\/\/api.w.org\/{rel}","templated":true}]}}