{"id":2982,"date":"2025-09-16T08:55:51","date_gmt":"2025-09-16T08:55:51","guid":{"rendered":"https:\/\/chemsfine.com\/newsite\/?post_type=product&#038;p=2982"},"modified":"2025-09-20T12:20:33","modified_gmt":"2025-09-20T12:20:33","slug":"klonazepam-online-vasarlas","status":"publish","type":"product","link":"https:\/\/buy-prescriptionz.com\/hu\/term%c3%a9k\/klonazepam-online-vasarlas\/","title":{"rendered":"Clonazepam online v\u00e1s\u00e1rl\u00e1sa"},"content":{"rendered":"<h2>V\u00e1s\u00e1roljon klonazep\u00e1mot online: Mi a klonazep\u00e1m?<\/h2>\n<p>Mi az a klonazep\u00e1m Clonazepam online v\u00e1s\u00e1rl\u00e1sa A klonazep\u00e1mot bizonyos t\u00edpus\u00fa rohamok kezel\u00e9s\u00e9re haszn\u00e1lj\u00e1k, \u00e9s \u00f6nmag\u00e1ban vagy m\u00e1s gy\u00f3gyszerekkel egy\u00fctt alkalmazhat\u00f3. P\u00e1nikrohamok enyh\u00edt\u00e9s\u00e9re is alkalmazhat\u00f3. A klonazep\u00e1m a benzodiazepineknek nevezett gy\u00f3gyszercsoportba tartozik. Cs\u00f6kkenti az abnorm\u00e1lis elektromos aktivit\u00e1st az agyban. Mi ...<\/p>\n<h3>Milyen tulajdons\u00e1gai vannak a Clonazepamnak?<\/h3>\n<p>A klonazep\u00e1mnak sz\u00e1mos ter\u00e1pi\u00e1s felhaszn\u00e1l\u00e1sa van, mivel benzodiazepin gy\u00f3gyszernek min\u0151s\u00fcl. Haszn\u00e1lhat\u00f3:<\/p>\n<p>1. Szab\u00e1lyozza a rohamokat<br \/>\n2. Szab\u00e1lyozza a szorong\u00e1sos zavart<br \/>\n3. Altat\u00f3k\u00e9nt m\u0171k\u00f6dik<\/p>\n<h3>Milyen \u00f3vint\u00e9zked\u00e9seket kell betartani a klonazep\u00e1m szed\u00e9se sor\u00e1n?<\/h3>\n<p>1. A Clonazepam szed\u00e9se el\u0151tt t\u00e1j\u00e9koztatni kell az orvost a kor\u00e1bbi eg\u00e9szs\u00e9g\u00fcgyi \u00e1llapotair\u00f3l, p\u00e9ld\u00e1ul l\u00e9gz\u00e9si probl\u00e9m\u00e1kr\u00f3l, ment\u00e1lis zavarokr\u00f3l, vese- vagy t\u00fcd\u0151betegs\u00e9gr\u0151l stb.<br \/>\n2. Vesz\u00e9lyes, ha valaki marihu\u00e1n\u00e1t vagy alkoholt fogyaszt a Clonazepam gy\u00f3gyszerrel egy\u00fctt. Vesz\u00e9lyes, mivel er\u0151s sz\u00e9d\u00fcl\u00e9st okozhat.<\/p>\n<h3>Mi t\u00f6rt\u00e9nhet, ha valaki kihagyja vagy t\u00faladagolja a Clonazepamot?<\/h3>\n<p>1. Ha valaki kihagyja a Clonazepam adagj\u00e1t, akkor vegye be, amikor esz\u00e9be jut, de ne vegye be a k\u00f6vetkez\u0151 adaggal egy\u00fctt.<br \/>\n2. Clonazepam t\u00faladagol\u00e1s eset\u00e9n fenyeget\u0151 vesz\u00e9ly \u00e1ll fenn. Ez\u00e9rt a sz\u00f6v\u0151dm\u00e9nyek elker\u00fcl\u00e9se \u00e9rdek\u00e9ben h\u00edvja a s\u00fcrg\u0151ss\u00e9gi seg\u00e9lyvonalat vagy az eg\u00e9szs\u00e9g\u00fcgyi szakembert.<\/p>\n<h3>Milyen tulajdons\u00e1gai vannak a Clonazepamnak?<\/h3>\n<p>Az al\u00e1bbiakban felsoroljuk a klonazep\u00e1m lehets\u00e9ges mell\u00e9khat\u00e1sait, p\u00e9ld\u00e1ul:<\/p>\n<p>1. R\u00e9m\u00e1lmok<br \/>\n2. Hallucin\u00e1ci\u00f3k<br \/>\n3. R\u00f6vid t\u00e1v\u00fa mem\u00f3riakies\u00e9sek<br \/>\n4. Ment\u00e1lis zavarts\u00e1g<br \/>\n5. Drasztikus hangulatingadoz\u00e1sok<br \/>\n6. Ingerl\u00e9kenys\u00e9g<\/p>\n<h3>A klonazep\u00e1m \u00e1ttekint\u00e9se \u00e9s el\u0151nyei<\/h3>\n<p>A klonazep\u00e1m egy benzodiazepin gy\u00f3gyszercsoportba tartoz\u00f3 gy\u00f3gyszer. \u00c1ltal\u00e1ban rohamok, p\u00e1nikbetegs\u00e9gek \u00e9s szorong\u00e1s kezel\u00e9s\u00e9re \u00edrj\u00e1k fel. A gy\u00f3gyszer az agy \u00e9s az idegek megnyugtat\u00e1s\u00e1val fejti ki hat\u00e1s\u00e1t, ami seg\u00edt cs\u00f6kkenteni a rohamok \u00e9s p\u00e1nikrohamok gyakoris\u00e1g\u00e1t \u00e9s s\u00falyoss\u00e1g\u00e1t.<\/p>\n<p>A legjobb klonazep\u00e1m egyik f\u0151 felhaszn\u00e1l\u00e1si m\u00f3dja a g\u00f6rcsrohamok, p\u00e9ld\u00e1ul az epilepszia kezel\u00e9se. Seg\u00edt megel\u0151zni \u00e9s kontroll\u00e1lni a rohamokat az\u00e1ltal, hogy stabiliz\u00e1lja az agy elektromos aktivit\u00e1s\u00e1t. Ez alapvet\u0151 gy\u00f3gyszerr\u00e9 teszi az epilepszi\u00e1ban szenved\u0151k sz\u00e1m\u00e1ra, jobb kontrollt biztos\u00edtva sz\u00e1mukra \u00e1llapotuk felett \u00e9s jav\u00edtva \u00e9letmin\u0151s\u00e9g\u00fcket.<\/p>\n<p>A klonazep\u00e1mot sz\u00e9les k\u00f6rben alkalmazz\u00e1k a p\u00e1nikbetegs\u00e9g kezel\u00e9s\u00e9re is, amelyet hirtelen \u00e9s v\u00e1ratlan, intenz\u00edv f\u00e9lelemmel teli epiz\u00f3dok jellemeznek. Ezek az epiz\u00f3dok legyeng\u00edt\u0151ek lehetnek, \u00e9s zavarhatj\u00e1k a mindennapi tev\u00e9kenys\u00e9geket. Azzal, hogy cs\u00f6kkenti a p\u00e1nikrohamokhoz vezet\u0151 rendellenes agyi aktivit\u00e1st, a klonazep\u00e1m seg\u00edt az egy\u00e9neknek hat\u00e9konyabban kezelni a t\u00fcneteiket, lehet\u0151v\u00e9 t\u00e9ve sz\u00e1mukra, hogy norm\u00e1lisabb \u00e9s produkt\u00edvabb \u00e9letet \u00e9ljenek.<\/p>\n<p>A klonazep\u00e1m egy m\u00e1sik jelent\u0151s el\u0151nye a szorong\u00e1sos zavarok kezel\u00e9s\u00e9ben val\u00f3 hat\u00e9konys\u00e1ga. Gyors enyh\u00fcl\u00e9st ny\u00fajt olyan t\u00fcnetek eset\u00e9n, mint a t\u00falzott aggodalom, nyugtalans\u00e1g \u00e9s fesz\u00fclts\u00e9g. A klonazep\u00e1m nyugtat\u00f3 hat\u00e1sa seg\u00edthet az egy\u00e9neknek ellazulni \u00e9s kev\u00e9sb\u00e9 szorongani, ami k\u00fcl\u00f6n\u00f6sen el\u0151ny\u00f6s azok sz\u00e1m\u00e1ra, akik kr\u00f3nikus szorong\u00e1ssal k\u00fczdenek.<\/p>\n<p>Els\u0151dleges felhaszn\u00e1l\u00e1si m\u00f3djai mellett a klonazep\u00e1mot m\u00e1s, az eg\u00e9szs\u00e9g\u00fcgyi szolg\u00e1ltat\u00f3 \u00e1ltal meghat\u00e1rozott betegs\u00e9gek eset\u00e9n is fel\u00edrhatj\u00e1k. Fontos azonban, hogy ezt a gy\u00f3gyszert orvosi fel\u00fcgyelet mellett alkalmazz\u00e1k a f\u00fcgg\u0151s\u00e9g \u00e9s egy\u00e9b mell\u00e9khat\u00e1sok lehet\u0151s\u00e9ge miatt.<\/p>\n<p>A klonazep\u00e1m \u00e9rt\u00e9kes el\u0151ny\u00f6kkel j\u00e1r a rohamokt\u00f3l, p\u00e1nikbetegs\u00e9gt\u0151l \u00e9s szorong\u00e1st\u00f3l szenved\u0151k sz\u00e1m\u00e1ra. Az agyi aktivit\u00e1s stabiliz\u00e1l\u00e1s\u00e1ra \u00e9s a t\u00fcnetek gyors enyh\u00edt\u00e9s\u00e9re val\u00f3 k\u00e9pess\u00e9ge miatt sok ember sz\u00e1m\u00e1ra l\u00e9tfontoss\u00e1g\u00fa gy\u00f3gyszer. Ha a klonazep\u00e1mot fontolgatja kezel\u00e9s\u00e9re, mindenk\u00e9ppen konzult\u00e1ljon eg\u00e9szs\u00e9g\u00fcgyi szakemberrel a megfelel\u0151 \u00fatmutat\u00e1s\u00e9rt.<\/p>\n<h3><strong>Hol lehet Clonazepamot venni?<\/strong><\/h3>\n<p>A Clonazepam k\u00e9nyelmes \u00e9s megb\u00edzhat\u00f3 beszerz\u00e9si forr\u00e1s\u00e1\u00e9rt l\u00e1togassa meg a legjobb gy\u00f3gyszert\u00e1rat. <a href=\"https:\/\/buy-prescriptionz.com\/hu\/\">buy-prescriptionz.com<\/a>Sz\u00e9les v\u00e1laszt\u00e9kban k\u00edn\u00e1lnak v\u00e9nyk\u00f6teles gy\u00f3gyszereket, hogy kiel\u00e9g\u00edts\u00e9k eg\u00e9szs\u00e9g\u00fcgyi sz\u00fcks\u00e9gleteit.<\/p>\n<h3>Hol lehet Clonazepamot online v\u00e1s\u00e1rolni?<\/h3>\n<p>A Clonazepam a Buy Prescriptions oldalon v\u00e1s\u00e1rolhat\u00f3 meg a legjobb \u00e1ron. Most megrendelheti a legjobb gy\u00f3gyszereket itt!<\/p>","protected":false},"excerpt":{"rendered":"<p>Buy Clonazepam Online: What is Clonazepam Buy Clonazepam Online Clonazepam is used to control certain types of seizures and can be used alone or with other medications. It can also be used to relieve panic attacks. Clonazepam comes in a class of medication which is called as benzodiazepines. It reduces the abnormal electric activity in [&hellip;]<\/p>","protected":false},"featured_media":3012,"comment_status":"open","ping_status":"closed","template":"","meta":{"site-sidebar-layout":"default","site-content-layout":"","ast-site-content-layout":"default","site-content-style":"default","site-sidebar-style":"default","ast-global-header-display":"","ast-banner-title-visibility":"","ast-main-header-display":"","ast-hfb-above-header-display":"","ast-hfb-below-header-display":"","ast-hfb-mobile-header-display":"","site-post-title":"","ast-breadcrumbs-content":"","ast-featured-img":"","footer-sml-layout":"","theme-transparent-header-meta":"default","adv-header-id-meta":"","stick-header-meta":"","header-above-stick-meta":"","header-main-stick-meta":"","header-below-stick-meta":"","astra-migrate-meta-layouts":"set","ast-page-background-enabled":"default","ast-page-background-meta":{"desktop":{"background-color":"var(--ast-global-color-4)","background-image":"","background-repeat":"repeat","background-position":"center center","background-size":"auto","background-attachment":"scroll","background-type":"","background-media":"","overlay-type":"","overlay-color":"","overlay-opacity":"","overlay-gradient":""},"tablet":{"background-color":"","background-image":"","background-repeat":"repeat","background-position":"center center","background-size":"auto","background-attachment":"scroll","background-type":"","background-media":"","overlay-type":"","overlay-color":"","overlay-opacity":"","overlay-gradient":""},"mobile":{"background-color":"","background-image":"","background-repeat":"repeat","background-position":"center center","background-size":"auto","background-attachment":"scroll","background-type":"","background-media":"","overlay-type":"","overlay-color":"","overlay-opacity":"","overlay-gradient":""}},"ast-content-background-meta":{"desktop":{"background-color":"var(--ast-global-color-5)","background-image":"","background-repeat":"repeat","background-position":"center center","background-size":"auto","background-attachment":"scroll","background-type":"","background-media":"","overlay-type":"","overlay-color":"","overlay-opacity":"","overlay-gradient":""},"tablet":{"background-color":"var(--ast-global-color-5)","background-image":"","background-repeat":"repeat","background-position":"center center","background-size":"auto","background-attachment":"scroll","background-type":"","background-media":"","overlay-type":"","overlay-color":"","overlay-opacity":"","overlay-gradient":""},"mobile":{"background-color":"var(--ast-global-color-5)","background-image":"","background-repeat":"repeat","background-position":"center center","background-size":"auto","background-attachment":"scroll","background-type":"","background-media":"","overlay-type":"","overlay-color":"","overlay-opacity":"","overlay-gradient":""}}},"product_brand":[],"product_cat":[2381],"product_tag":[1858,1859,1857,1852,1855,1854,1853,1856,1851,1850,1860],"class_list":{"0":"post-2982","1":"product","2":"type-product","3":"status-publish","4":"has-post-thumbnail","6":"product_cat-buy-depressants-and-anxiety-pills-online","7":"product_tag-buy-clonazepam-in-canada","8":"product_tag-buy-clonazepam-in-uk","9":"product_tag-buy-clonazepam-in-usa","10":"product_tag-buy-clonazepam-with-bitcoin","11":"product_tag-buy-clonazepam-with-credit-card","12":"product_tag-buy-clonazepam-with-money-gram","13":"product_tag-buy-clonazepam-with-western-union","14":"product_tag-buy-clonazepam-without-a-doctor","15":"product_tag-buy-clonazepam-without-prescription","16":"product_tag-clonazepam-for-sale","17":"product_tag-clonazepam-pills","18":"desktop-align-center","19":"tablet-align-left","20":"mobile-align-left","22":"first","23":"instock","24":"shipping-taxable","25":"purchasable","26":"product-type-variable","27":"has-default-attributes"},"yoast_head":"<!-- This site is optimized with the Yoast SEO plugin v25.9 - https:\/\/yoast.com\/wordpress\/plugins\/seo\/ -->\n<title>Buy Clonazepam Online, Buy Rivotril Online, Purchase Rivotril<\/title>\n<meta name=\"description\" content=\"Buy clonazepam online.Buy klonopin online, buy clonazepam online, buy clonazepam, Buy klonopin online legally, buy klonopin, buy klonopin online reviews\" \/>\n<meta name=\"robots\" content=\"index, follow, max-snippet:-1, max-image-preview:large, max-video-preview:-1\" \/>\n<link rel=\"canonical\" href=\"https:\/\/buy-prescriptionz.com\/hu\/term\u00e9k\/klonazepam-online-vasarlas\/\" \/>\n<meta property=\"og:locale\" content=\"hu_HU\" \/>\n<meta property=\"og:type\" content=\"article\" \/>\n<meta property=\"og:title\" content=\"Buy Clonazepam Online, Buy Rivotril Online, Purchase Rivotril\" \/>\n<meta property=\"og:description\" content=\"Buy clonazepam online.Buy klonopin online, buy clonazepam online, buy clonazepam, Buy klonopin online legally, buy klonopin, buy klonopin online reviews\" \/>\n<meta property=\"og:url\" content=\"https:\/\/buy-prescriptionz.com\/hu\/term\u00e9k\/klonazepam-online-vasarlas\/\" \/>\n<meta property=\"og:site_name\" content=\"Buy Prescriptionz\" \/>\n<meta property=\"article:modified_time\" content=\"2025-09-20T12:20:33+00:00\" \/>\n<meta property=\"og:image\" content=\"https:\/\/buy-prescriptionz.com\/wp-content\/uploads\/2025\/09\/clonazepam.jpg\" \/>\n\t<meta property=\"og:image:width\" content=\"400\" \/>\n\t<meta property=\"og:image:height\" content=\"300\" \/>\n\t<meta property=\"og:image:type\" content=\"image\/jpeg\" \/>\n<meta name=\"twitter:card\" content=\"summary_large_image\" \/>\n<meta name=\"twitter:label1\" content=\"Becs\u00fclt olvas\u00e1si id\u0151\" \/>\n\t<meta name=\"twitter:data1\" content=\"3 perc\" \/>\n<script type=\"application\/ld+json\" class=\"yoast-schema-graph\">{\"@context\":\"https:\/\/schema.org\",\"@graph\":[{\"@type\":\"WebPage\",\"@id\":\"https:\/\/buy-prescriptionz.com\/product\/buy-clonazepam-online\/\",\"url\":\"https:\/\/buy-prescriptionz.com\/product\/buy-clonazepam-online\/\",\"name\":\"Buy Clonazepam Online, Buy Rivotril Online, Purchase Rivotril\",\"isPartOf\":{\"@id\":\"https:\/\/buy-prescriptionz.com\/#website\"},\"primaryImageOfPage\":{\"@id\":\"https:\/\/buy-prescriptionz.com\/product\/buy-clonazepam-online\/#primaryimage\"},\"image\":{\"@id\":\"https:\/\/buy-prescriptionz.com\/product\/buy-clonazepam-online\/#primaryimage\"},\"thumbnailUrl\":\"https:\/\/buy-prescriptionz.com\/wp-content\/uploads\/2025\/09\/clonazepam.jpg\",\"datePublished\":\"2025-09-16T08:55:51+00:00\",\"dateModified\":\"2025-09-20T12:20:33+00:00\",\"description\":\"Buy clonazepam online.Buy klonopin online, buy clonazepam online, buy clonazepam, Buy klonopin online legally, buy klonopin, buy klonopin online reviews\",\"breadcrumb\":{\"@id\":\"https:\/\/buy-prescriptionz.com\/product\/buy-clonazepam-online\/#breadcrumb\"},\"inLanguage\":\"hu\",\"potentialAction\":[{\"@type\":\"ReadAction\",\"target\":[\"https:\/\/buy-prescriptionz.com\/product\/buy-clonazepam-online\/\"]}]},{\"@type\":\"ImageObject\",\"inLanguage\":\"hu\",\"@id\":\"https:\/\/buy-prescriptionz.com\/product\/buy-clonazepam-online\/#primaryimage\",\"url\":\"https:\/\/buy-prescriptionz.com\/wp-content\/uploads\/2025\/09\/clonazepam.jpg\",\"contentUrl\":\"https:\/\/buy-prescriptionz.com\/wp-content\/uploads\/2025\/09\/clonazepam.jpg\",\"width\":400,\"height\":300},{\"@type\":\"BreadcrumbList\",\"@id\":\"https:\/\/buy-prescriptionz.com\/product\/buy-clonazepam-online\/#breadcrumb\",\"itemListElement\":[{\"@type\":\"ListItem\",\"position\":1,\"name\":\"Home\",\"item\":\"https:\/\/buy-prescriptionz.com\/\"},{\"@type\":\"ListItem\",\"position\":2,\"name\":\"Shop Painkillers Online\",\"item\":\"https:\/\/buy-prescriptionz.com\/shop-painkillers-online\/\"},{\"@type\":\"ListItem\",\"position\":3,\"name\":\"Buy Clonazepam Online\"}]},{\"@type\":\"WebSite\",\"@id\":\"https:\/\/buy-prescriptionz.com\/#website\",\"url\":\"https:\/\/buy-prescriptionz.com\/\",\"name\":\"Buy Prescriptionz\",\"description\":\"Drugs Online\",\"publisher\":{\"@id\":\"https:\/\/buy-prescriptionz.com\/#organization\"},\"potentialAction\":[{\"@type\":\"SearchAction\",\"target\":{\"@type\":\"EntryPoint\",\"urlTemplate\":\"https:\/\/buy-prescriptionz.com\/?s={search_term_string}\"},\"query-input\":{\"@type\":\"PropertyValueSpecification\",\"valueRequired\":true,\"valueName\":\"search_term_string\"}}],\"inLanguage\":\"hu\"},{\"@type\":\"Organization\",\"@id\":\"https:\/\/buy-prescriptionz.com\/#organization\",\"name\":\"Buy Prescriptionz\",\"url\":\"https:\/\/buy-prescriptionz.com\/\",\"logo\":{\"@type\":\"ImageObject\",\"inLanguage\":\"hu\",\"@id\":\"https:\/\/buy-prescriptionz.com\/#\/schema\/logo\/image\/\",\"url\":\"https:\/\/buy-prescriptionz.com\/wp-content\/uploads\/2023\/09\/logo.png\",\"contentUrl\":\"https:\/\/buy-prescriptionz.com\/wp-content\/uploads\/2023\/09\/logo.png\",\"width\":350,\"height\":64,\"caption\":\"Buy Prescriptionz\"},\"image\":{\"@id\":\"https:\/\/buy-prescriptionz.com\/#\/schema\/logo\/image\/\"}}]}<\/script>\n<!-- \/ Yoast SEO plugin. -->","yoast_head_json":{"title":"Clonazepam v\u00e1s\u00e1rl\u00e1s online, Rivotril v\u00e1s\u00e1rl\u00e1s online, Rivotril v\u00e1s\u00e1rl\u00e1s","description":"V\u00e1s\u00e1roljon klonazep\u00e1mot online. V\u00e1s\u00e1roljon klonopint online, v\u00e1s\u00e1roljon klonazep\u00e1mot online, v\u00e1s\u00e1roljon klonazep\u00e1mot, V\u00e1s\u00e1roljon klonopint leg\u00e1lisan online, v\u00e1s\u00e1roljon klonopint, v\u00e1s\u00e1roljon klonopint online v\u00e9lem\u00e9nyek","robots":{"index":"index","follow":"follow","max-snippet":"max-snippet:-1","max-image-preview":"max-image-preview:large","max-video-preview":"max-video-preview:-1"},"canonical":"https:\/\/buy-prescriptionz.com\/hu\/term\u00e9k\/klonazepam-online-vasarlas\/","og_locale":"hu_HU","og_type":"article","og_title":"Buy Clonazepam Online, Buy Rivotril Online, Purchase Rivotril","og_description":"Buy clonazepam online.Buy klonopin online, buy clonazepam online, buy clonazepam, Buy klonopin online legally, buy klonopin, buy klonopin online reviews","og_url":"https:\/\/buy-prescriptionz.com\/hu\/term\u00e9k\/klonazepam-online-vasarlas\/","og_site_name":"Buy Prescriptionz","article_modified_time":"2025-09-20T12:20:33+00:00","og_image":[{"width":400,"height":300,"url":"https:\/\/buy-prescriptionz.com\/wp-content\/uploads\/2025\/09\/clonazepam.jpg","type":"image\/jpeg"}],"twitter_card":"summary_large_image","twitter_misc":{"Becs\u00fclt olvas\u00e1si id\u0151":"3 perc"},"schema":{"@context":"https:\/\/schema.org","@graph":[{"@type":"WebPage","@id":"https:\/\/buy-prescriptionz.com\/product\/buy-clonazepam-online\/","url":"https:\/\/buy-prescriptionz.com\/product\/buy-clonazepam-online\/","name":"Clonazepam v\u00e1s\u00e1rl\u00e1s online, Rivotril v\u00e1s\u00e1rl\u00e1s online, Rivotril v\u00e1s\u00e1rl\u00e1s","isPartOf":{"@id":"https:\/\/buy-prescriptionz.com\/#website"},"primaryImageOfPage":{"@id":"https:\/\/buy-prescriptionz.com\/product\/buy-clonazepam-online\/#primaryimage"},"image":{"@id":"https:\/\/buy-prescriptionz.com\/product\/buy-clonazepam-online\/#primaryimage"},"thumbnailUrl":"https:\/\/buy-prescriptionz.com\/wp-content\/uploads\/2025\/09\/clonazepam.jpg","datePublished":"2025-09-16T08:55:51+00:00","dateModified":"2025-09-20T12:20:33+00:00","description":"V\u00e1s\u00e1roljon klonazep\u00e1mot online. V\u00e1s\u00e1roljon klonopint online, v\u00e1s\u00e1roljon klonazep\u00e1mot online, v\u00e1s\u00e1roljon klonazep\u00e1mot, V\u00e1s\u00e1roljon klonopint leg\u00e1lisan online, v\u00e1s\u00e1roljon klonopint, v\u00e1s\u00e1roljon klonopint online v\u00e9lem\u00e9nyek","breadcrumb":{"@id":"https:\/\/buy-prescriptionz.com\/product\/buy-clonazepam-online\/#breadcrumb"},"inLanguage":"hu","potentialAction":[{"@type":"ReadAction","target":["https:\/\/buy-prescriptionz.com\/product\/buy-clonazepam-online\/"]}]},{"@type":"ImageObject","inLanguage":"hu","@id":"https:\/\/buy-prescriptionz.com\/product\/buy-clonazepam-online\/#primaryimage","url":"https:\/\/buy-prescriptionz.com\/wp-content\/uploads\/2025\/09\/clonazepam.jpg","contentUrl":"https:\/\/buy-prescriptionz.com\/wp-content\/uploads\/2025\/09\/clonazepam.jpg","width":400,"height":300},{"@type":"BreadcrumbList","@id":"https:\/\/buy-prescriptionz.com\/product\/buy-clonazepam-online\/#breadcrumb","itemListElement":[{"@type":"ListItem","position":1,"name":"Home","item":"https:\/\/buy-prescriptionz.com\/"},{"@type":"ListItem","position":2,"name":"Shop Painkillers Online","item":"https:\/\/buy-prescriptionz.com\/shop-painkillers-online\/"},{"@type":"ListItem","position":3,"name":"Buy Clonazepam Online"}]},{"@type":"WebSite","@id":"https:\/\/buy-prescriptionz.com\/#website","url":"https:\/\/buy-prescriptionz.com\/","name":"Buy Prescriptionz","description":"Online gy\u00f3gyszerek","publisher":{"@id":"https:\/\/buy-prescriptionz.com\/#organization"},"potentialAction":[{"@type":"SearchAction","target":{"@type":"EntryPoint","urlTemplate":"https:\/\/buy-prescriptionz.com\/?s={search_term_string}"},"query-input":{"@type":"PropertyValueSpecification","valueRequired":true,"valueName":"search_term_string"}}],"inLanguage":"hu"},{"@type":"Organization","@id":"https:\/\/buy-prescriptionz.com\/#organization","name":"Buy Prescriptionz","url":"https:\/\/buy-prescriptionz.com\/","logo":{"@type":"ImageObject","inLanguage":"hu","@id":"https:\/\/buy-prescriptionz.com\/#\/schema\/logo\/image\/","url":"https:\/\/buy-prescriptionz.com\/wp-content\/uploads\/2023\/09\/logo.png","contentUrl":"https:\/\/buy-prescriptionz.com\/wp-content\/uploads\/2023\/09\/logo.png","width":350,"height":64,"caption":"Buy Prescriptionz"},"image":{"@id":"https:\/\/buy-prescriptionz.com\/#\/schema\/logo\/image\/"}}]}},"_links":{"self":[{"href":"https:\/\/buy-prescriptionz.com\/hu\/wp-json\/wp\/v2\/product\/2982","targetHints":{"allow":["GET"]}}],"collection":[{"href":"https:\/\/buy-prescriptionz.com\/hu\/wp-json\/wp\/v2\/product"}],"about":[{"href":"https:\/\/buy-prescriptionz.com\/hu\/wp-json\/wp\/v2\/types\/product"}],"replies":[{"embeddable":true,"href":"https:\/\/buy-prescriptionz.com\/hu\/wp-json\/wp\/v2\/comments?post=2982"}],"wp:featuredmedia":[{"embeddable":true,"href":"https:\/\/buy-prescriptionz.com\/hu\/wp-json\/wp\/v2\/media\/3012"}],"wp:attachment":[{"href":"https:\/\/buy-prescriptionz.com\/hu\/wp-json\/wp\/v2\/media?parent=2982"}],"wp:term":[{"taxonomy":"product_brand","embeddable":true,"href":"https:\/\/buy-prescriptionz.com\/hu\/wp-json\/wp\/v2\/product_brand?post=2982"},{"taxonomy":"product_cat","embeddable":true,"href":"https:\/\/buy-prescriptionz.com\/hu\/wp-json\/wp\/v2\/product_cat?post=2982"},{"taxonomy":"product_tag","embeddable":true,"href":"https:\/\/buy-prescriptionz.com\/hu\/wp-json\/wp\/v2\/product_tag?post=2982"}],"curies":[{"name":"wp","href":"https:\/\/api.w.org\/{rel}","templated":true}]}}