{"id":2983,"date":"2025-09-16T08:55:51","date_gmt":"2025-09-16T08:55:51","guid":{"rendered":"https:\/\/chemsfine.com\/newsite\/?post_type=product&#038;p=2983"},"modified":"2025-09-24T06:26:41","modified_gmt":"2025-09-24T06:26:41","slug":"nirvana-online-vasarlas","status":"publish","type":"product","link":"https:\/\/buy-prescriptionz.com\/hu\/term%c3%a9k\/nirvana-online-vasarlas\/","title":{"rendered":"Niravam online v\u00e1s\u00e1rl\u00e1sa"},"content":{"rendered":"<h2>Niravam online v\u00e1s\u00e1rl\u00e1sa<\/h2>\n<p>Niravam v\u00e1s\u00e1rl\u00e1sa (generikus), A p\u00e1nikbetegs\u00e9gek \u00e9s a szorong\u00e1s kezel\u00e9s\u00e9re haszn\u00e1lt Niravam seg\u00edt meg\u0151rizni a nyugalm\u00e1t \u00e9s a kiegyens\u00falyozotts\u00e1g\u00e1t. V\u00e1s\u00e1roljon Niravamot online recept n\u00e9lk\u00fcl, \u00e9s hagyja, hogy a gy\u00f3gyszer hasson az agy\u00e1ra \u00e9s az idegeire, enyh\u00edtve az eml\u00edtett rohamok t\u00fcneteit.<\/p>\n<p><strong>Uses\u00a0<\/strong>\u2013 Treats panic disorders<\/p>\n<p><strong>Side effects\u00a0<\/strong>\u2013 Dizziness, increased saliva production Buy Niravam (Generic)<\/p>\n<p>Ha gy\u00f3gyszerre van sz\u00fcks\u00e9ge, akkor online is kereshet Niravamot. Ne szedje ezt a gy\u00f3gyszert magas zs\u00edrtartalm\u00fa \u00e9tkez\u00e9s k\u00f6zben, mivel ez a gy\u00f3gyszer lass\u00fa felsz\u00edv\u00f3d\u00e1s\u00e1hoz vezethet. V\u00e1s\u00e1roljon Niravamot, \u00e9s keressen akci\u00f3s Niravamot is, hogy alacsonyabb \u00e1ron jusson hozz\u00e1. A Niravam egy gyorsan old\u00f3d\u00f3, sz\u00e1jon \u00e1t szedhet\u0151 gy\u00f3gyszer, amelyet szorong\u00e1s \u00e9s p\u00e1nikbetegs\u00e9g kezel\u00e9s\u00e9re haszn\u00e1lnak. Alprazol\u00e1mot tartalmaz, egy benzodiazepin t\u00edpus\u00fa gy\u00f3gyszert, amely a szervezetben tal\u00e1lhat\u00f3 term\u00e9szetes vegyi anyag, a gamma-aminovajsav (GABA) hat\u00e1sainak fokoz\u00e1s\u00e1val fejti ki hat\u00e1s\u00e1t. Ez seg\u00edt megnyugtatni az idegrendszert \u00e9s enyh\u00edti a szorong\u00e1sos t\u00fcneteket.<\/p>\n<h3>Hogyan m\u0171k\u00f6dik a Niravam?<\/h3>\n<p>A legjobb Niravam egyed\u00fcl\u00e1ll\u00f3 abban, hogy gyorsan felold\u00f3dik a nyelven, \u00edgy k\u00f6nnyebb azok sz\u00e1m\u00e1ra, akiknek neh\u00e9zs\u00e9get okoz a tablett\u00e1k lenyel\u00e9se. Felold\u00f3d\u00e1s ut\u00e1n a gy\u00f3gyszer gyorsan felsz\u00edv\u00f3dik a v\u00e9r\u00e1ramba, gyors enyh\u00fcl\u00e9st ny\u00fajtva a szorong\u00e1s \u00e9s a p\u00e1nikrohamok eset\u00e9n. Ez a gyors hat\u00e1s k\u00fcl\u00f6n\u00f6sen el\u0151ny\u00f6s akut szorong\u00e1sos epiz\u00f3dok eset\u00e9n.<\/p>\n<h3>A Niravam el\u0151nyei<\/h3>\n<ol>\n<li>Gyors enyh\u00fcl\u00e9s: A Niravam gyorsan old\u00f3d\u00f3 formul\u00e1ja szinte azonnali enyh\u00fcl\u00e9st ny\u00fajt a szorong\u00e1s \u00e9s a p\u00e1nikrohamok eset\u00e9n, ami kulcsfontoss\u00e1g\u00fa a s\u00falyos epiz\u00f3dok sor\u00e1n.<\/li>\n<li>K\u00e9nyelmes adagol\u00e1s: A v\u00edzmentes haszn\u00e1latnak k\u00f6sz\u00f6nhet\u0151en a Niravam k\u00e9nyelmes v\u00e1laszt\u00e1s azok sz\u00e1m\u00e1ra, akiknek gyorsan hat\u00f3 szorong\u00e1sold\u00e1sra van sz\u00fcks\u00e9g\u00fck \u00fatk\u00f6zben.<\/li>\n<li>Hat\u00e9kony kezel\u00e9s: Az alprazol\u00e1m, a Niravam hat\u00f3anyaga, j\u00f3l dokument\u00e1ltan hat\u00e9kony a generaliz\u00e1lt szorong\u00e1sos zavar (GAD) \u00e9s a p\u00e1nikbetegs\u00e9g kezel\u00e9s\u00e9ben, seg\u00edtve a t\u00fcnetek cs\u00f6kkent\u00e9s\u00e9t \u00e9s az \u00e9letmin\u0151s\u00e9g jav\u00edt\u00e1s\u00e1t.<\/li>\n<\/ol>\n<h3>Megfontol\u00e1sok \u00e9s mell\u00e9khat\u00e1sok<\/h3>\n<p>B\u00e1r a Niravam hat\u00e9kony, fontos, hogy az eg\u00e9szs\u00e9g\u00fcgyi szakember utas\u00edt\u00e1sai szerint alkalmazza. A lehets\u00e9ges mell\u00e9khat\u00e1sok k\u00f6z\u00e9 tartozik az \u00e1lmoss\u00e1g, a sz\u00e9d\u00fcl\u00e9s \u00e9s a hossz\u00fa t\u00e1v\u00fa haszn\u00e1lat eset\u00e9n a f\u00fcgg\u0151s\u00e9g. A kock\u00e1zatok minimaliz\u00e1l\u00e1sa \u00e9s az el\u0151ny\u00f6k maximaliz\u00e1l\u00e1sa \u00e9rdek\u00e9ben elengedhetetlen az orvos utas\u00edt\u00e1sainak betart\u00e1sa. A Niravam k\u00e9nyelmes \u00e9s hat\u00e9kony megold\u00e1st k\u00edn\u00e1l a szorong\u00e1ssal \u00e9s p\u00e1nikbetegs\u00e9ggel k\u00fczd\u0151k sz\u00e1m\u00e1ra, gyors enyh\u00fcl\u00e9st ny\u00fajtva, amikor a legnagyobb sz\u00fcks\u00e9g van r\u00e1. A Niravamr\u00f3l \u00e9s m\u00e1s v\u00e9nyk\u00f6teles gy\u00f3gyszerekr\u0151l tov\u00e1bbi inform\u00e1ci\u00f3\u00e9rt keresse fel a legjobb gy\u00f3gyszert\u00e1rat. <a href=\"https:\/\/buy-prescriptionz.com\/hu\/\">buy-prescriptionz.com<\/a>K\u00fcl\u00f6nf\u00e9le term\u00e9keket k\u00edn\u00e1lnak az eg\u00e9szs\u00e9g \u00e9s a j\u00f3l\u00e9t t\u00e1mogat\u00e1s\u00e1ra.<\/p>","protected":false},"excerpt":{"rendered":"<p>Buy Niravam Online Buy Niravam (Generic) ,Used to treat panic disorders as well as anxiety, Niravam lets you stay calm and composed. Buy Niravam online without prescription and let the drug act on your brain and nerve so as to relieve you from the symptoms of mentioned attacks. Uses\u00a0\u2013 Treats panic disorders Side effects\u00a0\u2013 Dizziness, [&hellip;]<\/p>","protected":false},"featured_media":3013,"comment_status":"open","ping_status":"closed","template":"","meta":{"site-sidebar-layout":"default","site-content-layout":"","ast-site-content-layout":"default","site-content-style":"default","site-sidebar-style":"default","ast-global-header-display":"","ast-banner-title-visibility":"","ast-main-header-display":"","ast-hfb-above-header-display":"","ast-hfb-below-header-display":"","ast-hfb-mobile-header-display":"","site-post-title":"","ast-breadcrumbs-content":"","ast-featured-img":"","footer-sml-layout":"","theme-transparent-header-meta":"default","adv-header-id-meta":"","stick-header-meta":"","header-above-stick-meta":"","header-main-stick-meta":"","header-below-stick-meta":"","astra-migrate-meta-layouts":"set","ast-page-background-enabled":"default","ast-page-background-meta":{"desktop":{"background-color":"var(--ast-global-color-4)","background-image":"","background-repeat":"repeat","background-position":"center center","background-size":"auto","background-attachment":"scroll","background-type":"","background-media":"","overlay-type":"","overlay-color":"","overlay-opacity":"","overlay-gradient":""},"tablet":{"background-color":"","background-image":"","background-repeat":"repeat","background-position":"center center","background-size":"auto","background-attachment":"scroll","background-type":"","background-media":"","overlay-type":"","overlay-color":"","overlay-opacity":"","overlay-gradient":""},"mobile":{"background-color":"","background-image":"","background-repeat":"repeat","background-position":"center center","background-size":"auto","background-attachment":"scroll","background-type":"","background-media":"","overlay-type":"","overlay-color":"","overlay-opacity":"","overlay-gradient":""}},"ast-content-background-meta":{"desktop":{"background-color":"var(--ast-global-color-5)","background-image":"","background-repeat":"repeat","background-position":"center center","background-size":"auto","background-attachment":"scroll","background-type":"","background-media":"","overlay-type":"","overlay-color":"","overlay-opacity":"","overlay-gradient":""},"tablet":{"background-color":"var(--ast-global-color-5)","background-image":"","background-repeat":"repeat","background-position":"center center","background-size":"auto","background-attachment":"scroll","background-type":"","background-media":"","overlay-type":"","overlay-color":"","overlay-opacity":"","overlay-gradient":""},"mobile":{"background-color":"var(--ast-global-color-5)","background-image":"","background-repeat":"repeat","background-position":"center center","background-size":"auto","background-attachment":"scroll","background-type":"","background-media":"","overlay-type":"","overlay-color":"","overlay-opacity":"","overlay-gradient":""}}},"product_brand":[],"product_cat":[2381],"product_tag":[1836,1837,1835,1830,1833,1832,1831,1834,1829,1828,1838],"class_list":{"0":"post-2983","1":"product","2":"type-product","3":"status-publish","4":"has-post-thumbnail","6":"product_cat-buy-depressants-and-anxiety-pills-online","7":"product_tag-buy-niravam-in-canada","8":"product_tag-buy-niravam-in-uk","9":"product_tag-buy-niravam-in-usa","10":"product_tag-buy-niravam-with-bitcoin","11":"product_tag-buy-niravam-with-credit-card","12":"product_tag-buy-niravam-with-money-gram","13":"product_tag-buy-niravam-with-western-union","14":"product_tag-buy-niravam-without-a-doctor","15":"product_tag-buy-niravam-without-prescription","16":"product_tag-niravam-for-sale","17":"product_tag-niravam-tablets","18":"desktop-align-center","19":"tablet-align-left","20":"mobile-align-left","22":"first","23":"instock","24":"shipping-taxable","25":"purchasable","26":"product-type-variable","27":"has-default-attributes"},"yoast_head":"<!-- This site is optimized with the Yoast SEO plugin v25.9 - https:\/\/yoast.com\/wordpress\/plugins\/seo\/ -->\n<title>Buy Niravam (Generic) | Best Online Prices &amp; Good Deals<\/title>\n<meta name=\"description\" content=\"Buy Niravam (Generic) , niravam for sale online. Where to order niravam where to buy no prescription meds.Niravam 2mg (Alprazolam) tablets online\" \/>\n<meta name=\"robots\" content=\"index, follow, max-snippet:-1, max-image-preview:large, max-video-preview:-1\" \/>\n<link rel=\"canonical\" href=\"https:\/\/buy-prescriptionz.com\/hu\/term\u00e9k\/nirvana-online-vasarlas\/\" \/>\n<meta property=\"og:locale\" content=\"hu_HU\" \/>\n<meta property=\"og:type\" content=\"article\" \/>\n<meta property=\"og:title\" content=\"Buy Niravam (Generic) | Best Online Prices &amp; Good Deals\" \/>\n<meta property=\"og:description\" content=\"Buy Niravam (Generic) , niravam for sale online. Where to order niravam where to buy no prescription meds.Niravam 2mg (Alprazolam) tablets online\" \/>\n<meta property=\"og:url\" content=\"https:\/\/buy-prescriptionz.com\/hu\/term\u00e9k\/nirvana-online-vasarlas\/\" \/>\n<meta property=\"og:site_name\" content=\"Buy Prescriptionz\" \/>\n<meta property=\"article:modified_time\" content=\"2025-09-24T06:26:41+00:00\" \/>\n<meta property=\"og:image\" content=\"https:\/\/buy-prescriptionz.com\/wp-content\/uploads\/2025\/09\/niravam.jpg\" \/>\n\t<meta property=\"og:image:width\" content=\"400\" \/>\n\t<meta property=\"og:image:height\" content=\"300\" \/>\n\t<meta property=\"og:image:type\" content=\"image\/jpeg\" \/>\n<meta name=\"twitter:card\" content=\"summary_large_image\" \/>\n<meta name=\"twitter:label1\" content=\"Becs\u00fclt olvas\u00e1si id\u0151\" \/>\n\t<meta name=\"twitter:data1\" content=\"2 perc\" \/>\n<script type=\"application\/ld+json\" class=\"yoast-schema-graph\">{\"@context\":\"https:\/\/schema.org\",\"@graph\":[{\"@type\":\"WebPage\",\"@id\":\"https:\/\/buy-prescriptionz.com\/product\/buy-niravam-online\/\",\"url\":\"https:\/\/buy-prescriptionz.com\/product\/buy-niravam-online\/\",\"name\":\"Buy Niravam (Generic) | Best Online Prices & Good Deals\",\"isPartOf\":{\"@id\":\"https:\/\/buy-prescriptionz.com\/#website\"},\"primaryImageOfPage\":{\"@id\":\"https:\/\/buy-prescriptionz.com\/product\/buy-niravam-online\/#primaryimage\"},\"image\":{\"@id\":\"https:\/\/buy-prescriptionz.com\/product\/buy-niravam-online\/#primaryimage\"},\"thumbnailUrl\":\"https:\/\/buy-prescriptionz.com\/wp-content\/uploads\/2025\/09\/niravam.jpg\",\"datePublished\":\"2025-09-16T08:55:51+00:00\",\"dateModified\":\"2025-09-24T06:26:41+00:00\",\"description\":\"Buy Niravam (Generic) , niravam for sale online. Where to order niravam where to buy no prescription meds.Niravam 2mg (Alprazolam) tablets online\",\"breadcrumb\":{\"@id\":\"https:\/\/buy-prescriptionz.com\/product\/buy-niravam-online\/#breadcrumb\"},\"inLanguage\":\"hu\",\"potentialAction\":[{\"@type\":\"ReadAction\",\"target\":[\"https:\/\/buy-prescriptionz.com\/product\/buy-niravam-online\/\"]}]},{\"@type\":\"ImageObject\",\"inLanguage\":\"hu\",\"@id\":\"https:\/\/buy-prescriptionz.com\/product\/buy-niravam-online\/#primaryimage\",\"url\":\"https:\/\/buy-prescriptionz.com\/wp-content\/uploads\/2025\/09\/niravam.jpg\",\"contentUrl\":\"https:\/\/buy-prescriptionz.com\/wp-content\/uploads\/2025\/09\/niravam.jpg\",\"width\":400,\"height\":300},{\"@type\":\"BreadcrumbList\",\"@id\":\"https:\/\/buy-prescriptionz.com\/product\/buy-niravam-online\/#breadcrumb\",\"itemListElement\":[{\"@type\":\"ListItem\",\"position\":1,\"name\":\"Home\",\"item\":\"https:\/\/buy-prescriptionz.com\/\"},{\"@type\":\"ListItem\",\"position\":2,\"name\":\"Shop Painkillers Online\",\"item\":\"https:\/\/buy-prescriptionz.com\/shop-painkillers-online\/\"},{\"@type\":\"ListItem\",\"position\":3,\"name\":\"Buy Niravam Online\"}]},{\"@type\":\"WebSite\",\"@id\":\"https:\/\/buy-prescriptionz.com\/#website\",\"url\":\"https:\/\/buy-prescriptionz.com\/\",\"name\":\"Buy Prescriptionz\",\"description\":\"Drugs Online\",\"publisher\":{\"@id\":\"https:\/\/buy-prescriptionz.com\/#organization\"},\"potentialAction\":[{\"@type\":\"SearchAction\",\"target\":{\"@type\":\"EntryPoint\",\"urlTemplate\":\"https:\/\/buy-prescriptionz.com\/?s={search_term_string}\"},\"query-input\":{\"@type\":\"PropertyValueSpecification\",\"valueRequired\":true,\"valueName\":\"search_term_string\"}}],\"inLanguage\":\"hu\"},{\"@type\":\"Organization\",\"@id\":\"https:\/\/buy-prescriptionz.com\/#organization\",\"name\":\"Buy Prescriptionz\",\"url\":\"https:\/\/buy-prescriptionz.com\/\",\"logo\":{\"@type\":\"ImageObject\",\"inLanguage\":\"hu\",\"@id\":\"https:\/\/buy-prescriptionz.com\/#\/schema\/logo\/image\/\",\"url\":\"https:\/\/buy-prescriptionz.com\/wp-content\/uploads\/2023\/09\/logo.png\",\"contentUrl\":\"https:\/\/buy-prescriptionz.com\/wp-content\/uploads\/2023\/09\/logo.png\",\"width\":350,\"height\":64,\"caption\":\"Buy Prescriptionz\"},\"image\":{\"@id\":\"https:\/\/buy-prescriptionz.com\/#\/schema\/logo\/image\/\"}}]}<\/script>\n<!-- \/ Yoast SEO plugin. -->","yoast_head_json":{"title":"Buy Niravam (Generic) | Best Online Prices & Good Deals","description":"Buy Niravam (Generic) , niravam for sale online. Where to order niravam where to buy no prescription meds.Niravam 2mg (Alprazolam) tablets online","robots":{"index":"index","follow":"follow","max-snippet":"max-snippet:-1","max-image-preview":"max-image-preview:large","max-video-preview":"max-video-preview:-1"},"canonical":"https:\/\/buy-prescriptionz.com\/hu\/term\u00e9k\/nirvana-online-vasarlas\/","og_locale":"hu_HU","og_type":"article","og_title":"Buy Niravam (Generic) | Best Online Prices & Good Deals","og_description":"Buy Niravam (Generic) , niravam for sale online. Where to order niravam where to buy no prescription meds.Niravam 2mg (Alprazolam) tablets online","og_url":"https:\/\/buy-prescriptionz.com\/hu\/term\u00e9k\/nirvana-online-vasarlas\/","og_site_name":"Buy Prescriptionz","article_modified_time":"2025-09-24T06:26:41+00:00","og_image":[{"width":400,"height":300,"url":"https:\/\/buy-prescriptionz.com\/wp-content\/uploads\/2025\/09\/niravam.jpg","type":"image\/jpeg"}],"twitter_card":"summary_large_image","twitter_misc":{"Becs\u00fclt olvas\u00e1si id\u0151":"2 perc"},"schema":{"@context":"https:\/\/schema.org","@graph":[{"@type":"WebPage","@id":"https:\/\/buy-prescriptionz.com\/product\/buy-niravam-online\/","url":"https:\/\/buy-prescriptionz.com\/product\/buy-niravam-online\/","name":"Buy Niravam (Generic) | Best Online Prices & Good Deals","isPartOf":{"@id":"https:\/\/buy-prescriptionz.com\/#website"},"primaryImageOfPage":{"@id":"https:\/\/buy-prescriptionz.com\/product\/buy-niravam-online\/#primaryimage"},"image":{"@id":"https:\/\/buy-prescriptionz.com\/product\/buy-niravam-online\/#primaryimage"},"thumbnailUrl":"https:\/\/buy-prescriptionz.com\/wp-content\/uploads\/2025\/09\/niravam.jpg","datePublished":"2025-09-16T08:55:51+00:00","dateModified":"2025-09-24T06:26:41+00:00","description":"Buy Niravam (Generic) , niravam for sale online. Where to order niravam where to buy no prescription meds.Niravam 2mg (Alprazolam) tablets online","breadcrumb":{"@id":"https:\/\/buy-prescriptionz.com\/product\/buy-niravam-online\/#breadcrumb"},"inLanguage":"hu","potentialAction":[{"@type":"ReadAction","target":["https:\/\/buy-prescriptionz.com\/product\/buy-niravam-online\/"]}]},{"@type":"ImageObject","inLanguage":"hu","@id":"https:\/\/buy-prescriptionz.com\/product\/buy-niravam-online\/#primaryimage","url":"https:\/\/buy-prescriptionz.com\/wp-content\/uploads\/2025\/09\/niravam.jpg","contentUrl":"https:\/\/buy-prescriptionz.com\/wp-content\/uploads\/2025\/09\/niravam.jpg","width":400,"height":300},{"@type":"BreadcrumbList","@id":"https:\/\/buy-prescriptionz.com\/product\/buy-niravam-online\/#breadcrumb","itemListElement":[{"@type":"ListItem","position":1,"name":"Home","item":"https:\/\/buy-prescriptionz.com\/"},{"@type":"ListItem","position":2,"name":"Shop Painkillers Online","item":"https:\/\/buy-prescriptionz.com\/shop-painkillers-online\/"},{"@type":"ListItem","position":3,"name":"Buy Niravam Online"}]},{"@type":"WebSite","@id":"https:\/\/buy-prescriptionz.com\/#website","url":"https:\/\/buy-prescriptionz.com\/","name":"Buy Prescriptionz","description":"Online gy\u00f3gyszerek","publisher":{"@id":"https:\/\/buy-prescriptionz.com\/#organization"},"potentialAction":[{"@type":"SearchAction","target":{"@type":"EntryPoint","urlTemplate":"https:\/\/buy-prescriptionz.com\/?s={search_term_string}"},"query-input":{"@type":"PropertyValueSpecification","valueRequired":true,"valueName":"search_term_string"}}],"inLanguage":"hu"},{"@type":"Organization","@id":"https:\/\/buy-prescriptionz.com\/#organization","name":"Buy Prescriptionz","url":"https:\/\/buy-prescriptionz.com\/","logo":{"@type":"ImageObject","inLanguage":"hu","@id":"https:\/\/buy-prescriptionz.com\/#\/schema\/logo\/image\/","url":"https:\/\/buy-prescriptionz.com\/wp-content\/uploads\/2023\/09\/logo.png","contentUrl":"https:\/\/buy-prescriptionz.com\/wp-content\/uploads\/2023\/09\/logo.png","width":350,"height":64,"caption":"Buy Prescriptionz"},"image":{"@id":"https:\/\/buy-prescriptionz.com\/#\/schema\/logo\/image\/"}}]}},"_links":{"self":[{"href":"https:\/\/buy-prescriptionz.com\/hu\/wp-json\/wp\/v2\/product\/2983","targetHints":{"allow":["GET"]}}],"collection":[{"href":"https:\/\/buy-prescriptionz.com\/hu\/wp-json\/wp\/v2\/product"}],"about":[{"href":"https:\/\/buy-prescriptionz.com\/hu\/wp-json\/wp\/v2\/types\/product"}],"replies":[{"embeddable":true,"href":"https:\/\/buy-prescriptionz.com\/hu\/wp-json\/wp\/v2\/comments?post=2983"}],"wp:featuredmedia":[{"embeddable":true,"href":"https:\/\/buy-prescriptionz.com\/hu\/wp-json\/wp\/v2\/media\/3013"}],"wp:attachment":[{"href":"https:\/\/buy-prescriptionz.com\/hu\/wp-json\/wp\/v2\/media?parent=2983"}],"wp:term":[{"taxonomy":"product_brand","embeddable":true,"href":"https:\/\/buy-prescriptionz.com\/hu\/wp-json\/wp\/v2\/product_brand?post=2983"},{"taxonomy":"product_cat","embeddable":true,"href":"https:\/\/buy-prescriptionz.com\/hu\/wp-json\/wp\/v2\/product_cat?post=2983"},{"taxonomy":"product_tag","embeddable":true,"href":"https:\/\/buy-prescriptionz.com\/hu\/wp-json\/wp\/v2\/product_tag?post=2983"}],"curies":[{"name":"wp","href":"https:\/\/api.w.org\/{rel}","templated":true}]}}