{"id":2984,"date":"2025-09-16T08:55:51","date_gmt":"2025-09-16T08:55:51","guid":{"rendered":"https:\/\/chemsfine.com\/newsite\/?post_type=product&#038;p=2984"},"modified":"2025-09-26T10:12:51","modified_gmt":"2025-09-26T10:12:51","slug":"buy-xanax-online-2-2","status":"publish","type":"product","link":"https:\/\/buy-prescriptionz.com\/hu\/term%c3%a9k\/buy-xanax-online-2-2\/","title":{"rendered":"V\u00e1s\u00e1roljon Xanaxot online"},"content":{"rendered":"<h2>V\u00e1s\u00e1roljon Xanaxot online<\/h2>\n<p>V\u00e1s\u00e1rl\u00e1s Xanax Online A benzodiazepinek n\u00e9ven ismert gy\u00f3gyszercsoportba tartoz\u00f3 Xanax a p\u00e1nikrohamok gy\u00f3gy\u00edt\u00e1s\u00e1ra szolg\u00e1l. A Xanax online megv\u00e1s\u00e1rl\u00e1s\u00e1hoz keressen \u00e9s rendeljen. A folyamat a lehet\u0151 legegyszer\u0171bb. V\u00e1s\u00e1rl\u00e1s Xanax v\u00e9ny n\u00e9lk\u00fcl, mivel gyorsan m\u0171k\u00f6dik \u00e9s gy\u00f3gy\u00edtja a sz\u00fcks\u00e9ges t\u00fcneteket.<\/p>\n<p>A Xanax, m\u00e1s n\u00e9ven generikus nev\u00e9n Alprazolam, egy sz\u00e9les k\u00f6rben fel\u00edrt gy\u00f3gyszer, amelyet els\u0151sorban szorong\u00e1s \u00e9s p\u00e1nikbetegs\u00e9g kezel\u00e9s\u00e9re haszn\u00e1lnak. \u00cdme minden, amit tudni kell err\u0151l a gy\u00f3gyszerr\u0151l:<\/p>\n<h4>Milyen t\u00edpus\u00fa gy\u00f3gyszer a Xanax?<\/h4>\n<p>A Xanax a benzodiazepinek nev\u0171 gy\u00f3gyszercsoportba tartozik. \u00dagy fejti ki hat\u00e1s\u00e1t, hogy fokozza a gamma-aminovajsav (GABA) nev\u0171 neurotranszmitter hat\u00e1s\u00e1t az agyban, ami seg\u00edt megnyugtatni az idegrendszert.<\/p>\n<h4>A Xanax felhaszn\u00e1l\u00e1sa<\/h4>\n<ul>\n<li>Szorong\u00e1sos zavarok: a legjobb Xanaxot \u00e1ltal\u00e1ban a generaliz\u00e1lt szorong\u00e1sos zavar (GAD), a szoci\u00e1lis szorong\u00e1sos zavar \u00e9s a szorong\u00e1s m\u00e1s form\u00e1inak t\u00fcneteinek kezel\u00e9s\u00e9re \u00edrj\u00e1k fel.<\/li>\n<li>P\u00e1nikbetegs\u00e9gek: Hat\u00e9kony a p\u00e1nikrohamok kezel\u00e9s\u00e9ben \u00e9s ki\u00fajul\u00e1suk megel\u0151z\u00e9s\u00e9ben is.<\/li>\n<\/ul>\n<h4>Hogyan m\u0171k\u00f6dik a Xanax?<\/h4>\n<p>A Xanax gyorsan hat a szervezetben, jellemz\u0151en a bev\u00e9telt k\u00f6vet\u0151 1-2 \u00f3r\u00e1n bel\u00fcl \u00e9ri el a cs\u00facskoncentr\u00e1ci\u00f3j\u00e1t. Nyugtat\u00f3 hat\u00e1sa ak\u00e1r t\u00f6bb \u00f3r\u00e1n \u00e1t is tarthat, \u00edgy alkalmas a szorong\u00e1s akut t\u00fcneteinek kezel\u00e9s\u00e9re.<\/p>\n<h4>Mell\u00e9khat\u00e1sok \u00e9s kock\u00e1zatok<\/h4>\n<ul>\n<li>Gyakori mell\u00e9khat\u00e1sok: \u00c1lmoss\u00e1g, sz\u00e9d\u00fcl\u00e9s, fejf\u00e1j\u00e1s \u00e9s hom\u00e1lyos l\u00e1t\u00e1s.<\/li>\n<li>Lehets\u00e9ges kock\u00e1zatok: F\u00fcgg\u0151s\u00e9g \u00e9s elvon\u00e1si t\u00fcnetek hosszan tart\u00f3 haszn\u00e1lat eset\u00e9n, k\u00fcl\u00f6n\u00f6sen, ha nem az el\u0151\u00edrt m\u00f3don szedi.<\/li>\n<\/ul>\n<h4>Xanax v\u00e1s\u00e1rl\u00e1sa online<\/h4>\n<p>A legjobb Xanax online v\u00e1s\u00e1rl\u00e1sakor kulcsfontoss\u00e1g\u00fa a hiteless\u00e9g \u00e9s a biztons\u00e1g biztos\u00edt\u00e1sa. Mindig megb\u00edzhat\u00f3 forr\u00e1sokb\u00f3l, p\u00e9ld\u00e1ul a buy-prescriptionz.com oldalr\u00f3l v\u00e1s\u00e1roljon, ahol eredeti gy\u00f3gyszereket \u00e9s megb\u00edzhat\u00f3 szolg\u00e1ltat\u00e1st tal\u00e1lhat. A Xanax \u00e9rt\u00e9kes gy\u00f3gyszer a szorong\u00e1s \u00e9s a p\u00e1nikbetegs\u00e9gek kezel\u00e9s\u00e9re, \u00e9s felel\u0151ss\u00e9gteljes haszn\u00e1lat eset\u00e9n enyh\u00fcl\u00e9st ny\u00fajt. A Xanax \u00e9s m\u00e1s gy\u00f3gyszerek biztons\u00e1gos \u00e9s hiteles v\u00e1s\u00e1rl\u00e1s\u00e1hoz tekintse meg a legjobb online gy\u00f3gyszert\u00e1rat a buy-prescriptionz.com oldalon. Biztos\u00edtsa eg\u00e9szs\u00e9g\u00e9t \u00e9s lelki nyugalm\u00e1t megb\u00edzhat\u00f3 online besz\u00e1ll\u00edt\u00f3kkal.<\/p>\n<h3>P\u00e1nikbetegs\u00e9g \u00e9s szorong\u00e1s kezel\u00e9se: Xanax online v\u00e1s\u00e1rl\u00e1s<\/h3>\n<p>Online haszn\u00e1lt kezel\u00e9s\u00e9re p\u00e1nikbetegs\u00e9g egyfajta t\u00e1mad\u00e1s, amely nagyon k\u00e1ros hat\u00e1ssal van a szervezetre. Az emberek nem tudnak t\u00fcrelmesen \u00e9lni. V\u00e1s\u00e1rl\u00e1s Xanax online tabletta nagyon hasznos a p\u00e1nikbetegs\u00e9g ez kezelik, mint a ter\u00e1pia a betegs\u00e9g n\u00e9h\u00e1ny ember veszi a t\u00f6bbi p\u00e1nik probl\u00e9ma, valamint a kontroll \u0151ket. Van n\u00e9h\u00e1ny t\u00fcnete a p\u00e1nikroham adott, mint a k\u00f6vetkez\u0151 Szerencsej\u00e1t\u00e9k, izzad\u00e1s, Dyspnoe, sz\u00e9d\u00fcl\u00e9s, t\u00falzott izzad\u00e1s, gyors sz\u00edvver\u00e9s stb. Xanax a tabletta m\u00e1rkaneve, m\u00edg az Alprazolam a gy\u00f3gyszer \u00e1ltal\u00e1nos neve. Ez el\u00e9rhet\u0151 az orvosi boltban megfizethet\u0151 \u00e1ron, \u00e9s k\u00f6nnyen v\u00e1s\u00e1rolhat Xanax 1mg online innen, mert sz\u00e9les k\u00f6r\u0171 gy\u00f3gyszerekkel rendelkez\u00fcnk, \u00e9s online h\u00e1zhozsz\u00e1ll\u00edt\u00e1st biztos\u00edtunk. Xanax gy\u00f3gyszeres kezel\u00e9s is j\u00e1r, mint egy g\u00f6rcsold\u00f3. Xanax<br \/>\nA p\u00e1nikbetegs\u00e9gre jellemz\u0151ek a rohamok, amelyek \u00e1ltal\u00e1ban k\u00e1ros hat\u00e1ssal vannak a szem\u00e9lyre. A p\u00e1nikbetegs\u00e9geket gy\u00f3gyszerek \u00e9s ter\u00e1pia seg\u00edts\u00e9g\u00e9vel kezelik. Egyeseknek \u00e9let\u00fck v\u00e9g\u00e9ig gy\u00f3gyszereket kell szedni\u00fck, hogy kontroll\u00e1lni tudj\u00e1k p\u00e1nikprobl\u00e9m\u00e1ikat. A gyakori p\u00e1nikrohamok vagy \u00e1jul\u00e1sok k\u00f3rh\u00e1zi kezel\u00e9shez, s\u0151t hal\u00e1lhoz is vezethetnek, ha a probl\u00e9m\u00e1t nem siker\u00fcl megfelel\u0151en kezelni. A p\u00e1nikrohamot \u00e1t\u00e9l\u0151 n\u0151k \u00e9s f\u00e9rfiak eset\u00e9ben egyar\u00e1nt nagyobb a sz\u00edvroham vesz\u00e9lye, ha p\u00e1nikprobl\u00e9m\u00e1ikat nem tudj\u00e1k megfelel\u0151en kontroll\u00e1lni. Az olyan er\u0151s benzodiazepinekkel, mint a Xanax 1mg, azonban jelent\u0151sen kontroll\u00e1lni \u00e9s kezelni tudja a p\u00e1nikrohamokat.<br \/>\nEzeknek a rendelleness\u00e9geknek sz\u00e1mos oka lehet, de k\u00f6nnyen kider\u00fcl, hogy m\u00e1r az \u00e9let korai szakasz\u00e1ban jelentkeznek. Ha valaki megr\u00e1z\u00f3 vagy traumatikus \u00e9letesem\u00e9nyt \u00e9lt \u00e1t, akkor a tragikus esem\u00e9ny visszahat\u00e1sai elkezdik befoly\u00e1solni az illet\u0151 mindennapi tev\u00e9kenys\u00e9g\u00e9t \u00e9s \u00e9let\u00e9t, amelyet egy\u00e9bk\u00e9nt fel\u00e9lne. Id\u0151nk\u00e9nt a p\u00e1nikprobl\u00e9m\u00e1k legyeng\u00edtik az illet\u0151t, \u00e9s arra k\u00e9nyszer\u00edtik, hogy ne menjen nyilv\u00e1nos helyekre, vagy ne vegyen r\u00e9szt olyan tev\u00e9kenys\u00e9gekben, amelyeket kor\u00e1bban nagyra becs\u00fclt. Ezt a fajta \u00e9letm\u00f3dot senki sem k\u00edv\u00e1nja, ez\u00e9rt az orvosok gyakran javasolnak gy\u00f3gyszeres kezel\u00e9st. Orvosi aj\u00e1nl\u00e1ssal az emberek Xanaxot v\u00e1s\u00e1rolhatnak online egyik napr\u00f3l a m\u00e1sikra, hogy kezelj\u00e9k a p\u00e1nik- \u00e9s szorong\u00e1sos \u00e1llapotokat.<\/p>\n<h3>N\u00e9h\u00e1ny f\u0151bb mell\u00e9khat\u00e1sok a Xanax gy\u00f3gyszeres kezel\u00e9s adott, mint a k\u00f6vetkez\u0151:<\/h3>\n<p>\u00c1lmoss\u00e1g<br \/>\nNy\u00e1lki\u00fct\u00e9sek<br \/>\nMem\u00f3riaveszt\u00e9s<br \/>\nNeh\u00e9zs\u00e9gek a besz\u00e9dben, a l\u00e9gz\u00e9sben \u00e9s a j\u00e1r\u00e1sban<br \/>\nViselked\u00e9sbeli v\u00e1ltoz\u00e1s a szexu\u00e1lis v\u00e1gyban<br \/>\n\u00c1lmatlans\u00e1g<br \/>\nRossz l\u00e1t\u00e1s<br \/>\nHebeg\u0151<br \/>\nFejf\u00e1j\u00e1s<br \/>\nTestf\u00e1jdalom<br \/>\nIzzad\u00e1s<br \/>\nSzorong\u00e1s<br \/>\nSz\u00e9kreked\u00e9s.<br \/>\nRossz em\u00e9szt\u00e9s<br \/>\nRemeg\u00e9s<\/p>\n<p>Keresse meg az elad\u00f3 Xanaxot, \u00e9s haszn\u00e1lja, ha depresszi\u00f3s beteg, hogy kil\u00e9pjen a szorong\u00e1s \u00e9s a depresszi\u00f3 \u00f6rd\u00f6gi k\u00f6r\u00e9b\u0151l. Miut\u00e1n v\u00e1s\u00e1rolt Xanax online, vagy a boltokban, akkor k\u00e9pes lenne megtapasztalni az el\u0151ny\u00f6ket, amit h\u00fazna fogyaszt\u00e1s\u00e1val ezt a gy\u00f3gyszert.<\/p>\n<p>&nbsp;<\/p>","protected":false},"excerpt":{"rendered":"<p>Buy Xanax Online Buy Xanax Online\u00a0Belonging to a class of drugs known as benzodiazepines, Xanax is used to cure panic attacks. To buy Xanax online, search and order it. The process is as simple as it could get. Buy Xanax without prescription as works fast and cures the required symptoms. Xanax, also known by its [&hellip;]<\/p>","protected":false},"featured_media":3014,"comment_status":"open","ping_status":"closed","template":"","meta":{"site-sidebar-layout":"default","site-content-layout":"","ast-site-content-layout":"default","site-content-style":"default","site-sidebar-style":"default","ast-global-header-display":"","ast-banner-title-visibility":"","ast-main-header-display":"","ast-hfb-above-header-display":"","ast-hfb-below-header-display":"","ast-hfb-mobile-header-display":"","site-post-title":"","ast-breadcrumbs-content":"","ast-featured-img":"","footer-sml-layout":"","theme-transparent-header-meta":"default","adv-header-id-meta":"","stick-header-meta":"","header-above-stick-meta":"","header-main-stick-meta":"","header-below-stick-meta":"","astra-migrate-meta-layouts":"set","ast-page-background-enabled":"default","ast-page-background-meta":{"desktop":{"background-color":"var(--ast-global-color-4)","background-image":"","background-repeat":"repeat","background-position":"center center","background-size":"auto","background-attachment":"scroll","background-type":"","background-media":"","overlay-type":"","overlay-color":"","overlay-opacity":"","overlay-gradient":""},"tablet":{"background-color":"","background-image":"","background-repeat":"repeat","background-position":"center center","background-size":"auto","background-attachment":"scroll","background-type":"","background-media":"","overlay-type":"","overlay-color":"","overlay-opacity":"","overlay-gradient":""},"mobile":{"background-color":"","background-image":"","background-repeat":"repeat","background-position":"center center","background-size":"auto","background-attachment":"scroll","background-type":"","background-media":"","overlay-type":"","overlay-color":"","overlay-opacity":"","overlay-gradient":""}},"ast-content-background-meta":{"desktop":{"background-color":"var(--ast-global-color-5)","background-image":"","background-repeat":"repeat","background-position":"center center","background-size":"auto","background-attachment":"scroll","background-type":"","background-media":"","overlay-type":"","overlay-color":"","overlay-opacity":"","overlay-gradient":""},"tablet":{"background-color":"var(--ast-global-color-5)","background-image":"","background-repeat":"repeat","background-position":"center center","background-size":"auto","background-attachment":"scroll","background-type":"","background-media":"","overlay-type":"","overlay-color":"","overlay-opacity":"","overlay-gradient":""},"mobile":{"background-color":"var(--ast-global-color-5)","background-image":"","background-repeat":"repeat","background-position":"center center","background-size":"auto","background-attachment":"scroll","background-type":"","background-media":"","overlay-type":"","overlay-color":"","overlay-opacity":"","overlay-gradient":""}}},"product_brand":[],"product_cat":[2381],"product_tag":[2078,2079,2080,2081,2082,1825,1826,1824,1819,1822,1821,1820,1823,1818,1817,1827],"class_list":{"0":"post-2984","1":"product","2":"type-product","3":"status-publish","4":"has-post-thumbnail","6":"product_cat-buy-depressants-and-anxiety-pills-online","7":"product_tag-buy-all-medicine-online","8":"product_tag-buy-cialis-online","9":"product_tag-buy-soma-online","10":"product_tag-buy-tramadol-online","11":"product_tag-buy-viagra-online","12":"product_tag-buy-xanax-xr-in-canada","13":"product_tag-buy-xanax-xr-in-uk","14":"product_tag-buy-xanax-xr-in-usa","15":"product_tag-buy-xanax-xr-with-bitcoin","16":"product_tag-buy-xanax-xr-with-credit-card","17":"product_tag-buy-xanax-xr-with-money-gram","18":"product_tag-buy-xanax-xr-with-western-union","19":"product_tag-buy-xanax-xr-without-a-doctor","20":"product_tag-buy-xanax-xr-without-prescription","21":"product_tag-xanax-xr-for-sale","22":"product_tag-xanax-xr-pills","23":"desktop-align-center","24":"tablet-align-left","25":"mobile-align-left","27":"first","28":"instock","29":"shipping-taxable","30":"purchasable","31":"product-type-variable","32":"has-default-attributes"},"yoast_head":"<!-- This site is optimized with the Yoast SEO plugin v25.9 - https:\/\/yoast.com\/wordpress\/plugins\/seo\/ -->\n<title>Buy Xanax Online USA - Buy Xanax Online for Sale -<\/title>\n<meta name=\"description\" content=\"BUY XANAX ONLINE at buy-prescriptionz.com is an online pharmacy store where you can buy for a good prices with discout and also overnight and free shipping\" \/>\n<meta name=\"robots\" content=\"index, follow, max-snippet:-1, max-image-preview:large, max-video-preview:-1\" \/>\n<link rel=\"canonical\" href=\"https:\/\/buy-prescriptionz.com\/hu\/term\u00e9k\/buy-xanax-online-2-2\/\" \/>\n<meta property=\"og:locale\" content=\"hu_HU\" \/>\n<meta property=\"og:type\" content=\"article\" \/>\n<meta property=\"og:title\" content=\"Buy Xanax Online USA - Buy Xanax Online for Sale -\" \/>\n<meta property=\"og:description\" content=\"BUY XANAX ONLINE at buy-prescriptionz.com is an online pharmacy store where you can buy for a good prices with discout and also overnight and free shipping\" \/>\n<meta property=\"og:url\" content=\"https:\/\/buy-prescriptionz.com\/hu\/term\u00e9k\/buy-xanax-online-2-2\/\" \/>\n<meta property=\"og:site_name\" content=\"Buy Prescriptionz\" \/>\n<meta property=\"article:modified_time\" content=\"2025-09-26T10:12:51+00:00\" \/>\n<meta property=\"og:image\" content=\"https:\/\/buy-prescriptionz.com\/wp-content\/uploads\/2025\/09\/xanax-xr.jpg\" \/>\n\t<meta property=\"og:image:width\" content=\"400\" \/>\n\t<meta property=\"og:image:height\" content=\"300\" \/>\n\t<meta property=\"og:image:type\" content=\"image\/jpeg\" \/>\n<meta name=\"twitter:card\" content=\"summary_large_image\" \/>\n<meta name=\"twitter:label1\" content=\"Becs\u00fclt olvas\u00e1si id\u0151\" \/>\n\t<meta name=\"twitter:data1\" content=\"4 perc\" \/>\n<script type=\"application\/ld+json\" class=\"yoast-schema-graph\">{\"@context\":\"https:\/\/schema.org\",\"@graph\":[{\"@type\":\"WebPage\",\"@id\":\"https:\/\/buy-prescriptionz.com\/product\/buy-xanax-online-2-2\/\",\"url\":\"https:\/\/buy-prescriptionz.com\/product\/buy-xanax-online-2-2\/\",\"name\":\"Buy Xanax Online USA - Buy Xanax Online for Sale -\",\"isPartOf\":{\"@id\":\"https:\/\/buy-prescriptionz.com\/#website\"},\"primaryImageOfPage\":{\"@id\":\"https:\/\/buy-prescriptionz.com\/product\/buy-xanax-online-2-2\/#primaryimage\"},\"image\":{\"@id\":\"https:\/\/buy-prescriptionz.com\/product\/buy-xanax-online-2-2\/#primaryimage\"},\"thumbnailUrl\":\"https:\/\/buy-prescriptionz.com\/wp-content\/uploads\/2025\/09\/xanax-xr.jpg\",\"datePublished\":\"2025-09-16T08:55:51+00:00\",\"dateModified\":\"2025-09-26T10:12:51+00:00\",\"description\":\"BUY XANAX ONLINE at buy-prescriptionz.com is an online pharmacy store where you can buy for a good prices with discout and also overnight and free shipping\",\"breadcrumb\":{\"@id\":\"https:\/\/buy-prescriptionz.com\/product\/buy-xanax-online-2-2\/#breadcrumb\"},\"inLanguage\":\"hu\",\"potentialAction\":[{\"@type\":\"ReadAction\",\"target\":[\"https:\/\/buy-prescriptionz.com\/product\/buy-xanax-online-2-2\/\"]}]},{\"@type\":\"ImageObject\",\"inLanguage\":\"hu\",\"@id\":\"https:\/\/buy-prescriptionz.com\/product\/buy-xanax-online-2-2\/#primaryimage\",\"url\":\"https:\/\/buy-prescriptionz.com\/wp-content\/uploads\/2025\/09\/xanax-xr.jpg\",\"contentUrl\":\"https:\/\/buy-prescriptionz.com\/wp-content\/uploads\/2025\/09\/xanax-xr.jpg\",\"width\":400,\"height\":300},{\"@type\":\"BreadcrumbList\",\"@id\":\"https:\/\/buy-prescriptionz.com\/product\/buy-xanax-online-2-2\/#breadcrumb\",\"itemListElement\":[{\"@type\":\"ListItem\",\"position\":1,\"name\":\"Home\",\"item\":\"https:\/\/buy-prescriptionz.com\/\"},{\"@type\":\"ListItem\",\"position\":2,\"name\":\"Shop Painkillers Online\",\"item\":\"https:\/\/buy-prescriptionz.com\/shop-painkillers-online\/\"},{\"@type\":\"ListItem\",\"position\":3,\"name\":\"Buy Xanax Online\"}]},{\"@type\":\"WebSite\",\"@id\":\"https:\/\/buy-prescriptionz.com\/#website\",\"url\":\"https:\/\/buy-prescriptionz.com\/\",\"name\":\"Buy Prescriptionz\",\"description\":\"Drugs Online\",\"publisher\":{\"@id\":\"https:\/\/buy-prescriptionz.com\/#organization\"},\"potentialAction\":[{\"@type\":\"SearchAction\",\"target\":{\"@type\":\"EntryPoint\",\"urlTemplate\":\"https:\/\/buy-prescriptionz.com\/?s={search_term_string}\"},\"query-input\":{\"@type\":\"PropertyValueSpecification\",\"valueRequired\":true,\"valueName\":\"search_term_string\"}}],\"inLanguage\":\"hu\"},{\"@type\":\"Organization\",\"@id\":\"https:\/\/buy-prescriptionz.com\/#organization\",\"name\":\"Buy Prescriptionz\",\"url\":\"https:\/\/buy-prescriptionz.com\/\",\"logo\":{\"@type\":\"ImageObject\",\"inLanguage\":\"hu\",\"@id\":\"https:\/\/buy-prescriptionz.com\/#\/schema\/logo\/image\/\",\"url\":\"https:\/\/buy-prescriptionz.com\/wp-content\/uploads\/2023\/09\/logo.png\",\"contentUrl\":\"https:\/\/buy-prescriptionz.com\/wp-content\/uploads\/2023\/09\/logo.png\",\"width\":350,\"height\":64,\"caption\":\"Buy Prescriptionz\"},\"image\":{\"@id\":\"https:\/\/buy-prescriptionz.com\/#\/schema\/logo\/image\/\"}}]}<\/script>\n<!-- \/ Yoast SEO plugin. -->","yoast_head_json":{"title":"V\u00e1s\u00e1roljon Xanaxot online az USA-ban - V\u00e1s\u00e1roljon Xanaxot online elad\u00f3 -","description":"V\u00c1S\u00c1ROLJON XANAXOT ONLINE A buy-prescriptionz.com oldalon. Ez egy online gy\u00f3gyszert\u00e1r, ahol j\u00f3 \u00e1ron v\u00e1s\u00e1rolhat kedvezm\u00e9nnyel, valamint ingyenes sz\u00e1ll\u00edt\u00e1ssal \u00e9s egynapos \u00e1tfut\u00e1si id\u0151vel.","robots":{"index":"index","follow":"follow","max-snippet":"max-snippet:-1","max-image-preview":"max-image-preview:large","max-video-preview":"max-video-preview:-1"},"canonical":"https:\/\/buy-prescriptionz.com\/hu\/term\u00e9k\/buy-xanax-online-2-2\/","og_locale":"hu_HU","og_type":"article","og_title":"Buy Xanax Online USA - Buy Xanax Online for Sale -","og_description":"BUY XANAX ONLINE at buy-prescriptionz.com is an online pharmacy store where you can buy for a good prices with discout and also overnight and free shipping","og_url":"https:\/\/buy-prescriptionz.com\/hu\/term\u00e9k\/buy-xanax-online-2-2\/","og_site_name":"Buy Prescriptionz","article_modified_time":"2025-09-26T10:12:51+00:00","og_image":[{"width":400,"height":300,"url":"https:\/\/buy-prescriptionz.com\/wp-content\/uploads\/2025\/09\/xanax-xr.jpg","type":"image\/jpeg"}],"twitter_card":"summary_large_image","twitter_misc":{"Becs\u00fclt olvas\u00e1si id\u0151":"4 perc"},"schema":{"@context":"https:\/\/schema.org","@graph":[{"@type":"WebPage","@id":"https:\/\/buy-prescriptionz.com\/product\/buy-xanax-online-2-2\/","url":"https:\/\/buy-prescriptionz.com\/product\/buy-xanax-online-2-2\/","name":"V\u00e1s\u00e1roljon Xanaxot online az USA-ban - V\u00e1s\u00e1roljon Xanaxot online elad\u00f3 -","isPartOf":{"@id":"https:\/\/buy-prescriptionz.com\/#website"},"primaryImageOfPage":{"@id":"https:\/\/buy-prescriptionz.com\/product\/buy-xanax-online-2-2\/#primaryimage"},"image":{"@id":"https:\/\/buy-prescriptionz.com\/product\/buy-xanax-online-2-2\/#primaryimage"},"thumbnailUrl":"https:\/\/buy-prescriptionz.com\/wp-content\/uploads\/2025\/09\/xanax-xr.jpg","datePublished":"2025-09-16T08:55:51+00:00","dateModified":"2025-09-26T10:12:51+00:00","description":"V\u00c1S\u00c1ROLJON XANAXOT ONLINE A buy-prescriptionz.com oldalon. Ez egy online gy\u00f3gyszert\u00e1r, ahol j\u00f3 \u00e1ron v\u00e1s\u00e1rolhat kedvezm\u00e9nnyel, valamint ingyenes sz\u00e1ll\u00edt\u00e1ssal \u00e9s egynapos \u00e1tfut\u00e1si id\u0151vel.","breadcrumb":{"@id":"https:\/\/buy-prescriptionz.com\/product\/buy-xanax-online-2-2\/#breadcrumb"},"inLanguage":"hu","potentialAction":[{"@type":"ReadAction","target":["https:\/\/buy-prescriptionz.com\/product\/buy-xanax-online-2-2\/"]}]},{"@type":"ImageObject","inLanguage":"hu","@id":"https:\/\/buy-prescriptionz.com\/product\/buy-xanax-online-2-2\/#primaryimage","url":"https:\/\/buy-prescriptionz.com\/wp-content\/uploads\/2025\/09\/xanax-xr.jpg","contentUrl":"https:\/\/buy-prescriptionz.com\/wp-content\/uploads\/2025\/09\/xanax-xr.jpg","width":400,"height":300},{"@type":"BreadcrumbList","@id":"https:\/\/buy-prescriptionz.com\/product\/buy-xanax-online-2-2\/#breadcrumb","itemListElement":[{"@type":"ListItem","position":1,"name":"Home","item":"https:\/\/buy-prescriptionz.com\/"},{"@type":"ListItem","position":2,"name":"Shop Painkillers Online","item":"https:\/\/buy-prescriptionz.com\/shop-painkillers-online\/"},{"@type":"ListItem","position":3,"name":"Buy Xanax Online"}]},{"@type":"WebSite","@id":"https:\/\/buy-prescriptionz.com\/#website","url":"https:\/\/buy-prescriptionz.com\/","name":"Buy Prescriptionz","description":"Online gy\u00f3gyszerek","publisher":{"@id":"https:\/\/buy-prescriptionz.com\/#organization"},"potentialAction":[{"@type":"SearchAction","target":{"@type":"EntryPoint","urlTemplate":"https:\/\/buy-prescriptionz.com\/?s={search_term_string}"},"query-input":{"@type":"PropertyValueSpecification","valueRequired":true,"valueName":"search_term_string"}}],"inLanguage":"hu"},{"@type":"Organization","@id":"https:\/\/buy-prescriptionz.com\/#organization","name":"Buy Prescriptionz","url":"https:\/\/buy-prescriptionz.com\/","logo":{"@type":"ImageObject","inLanguage":"hu","@id":"https:\/\/buy-prescriptionz.com\/#\/schema\/logo\/image\/","url":"https:\/\/buy-prescriptionz.com\/wp-content\/uploads\/2023\/09\/logo.png","contentUrl":"https:\/\/buy-prescriptionz.com\/wp-content\/uploads\/2023\/09\/logo.png","width":350,"height":64,"caption":"Buy Prescriptionz"},"image":{"@id":"https:\/\/buy-prescriptionz.com\/#\/schema\/logo\/image\/"}}]}},"_links":{"self":[{"href":"https:\/\/buy-prescriptionz.com\/hu\/wp-json\/wp\/v2\/product\/2984","targetHints":{"allow":["GET"]}}],"collection":[{"href":"https:\/\/buy-prescriptionz.com\/hu\/wp-json\/wp\/v2\/product"}],"about":[{"href":"https:\/\/buy-prescriptionz.com\/hu\/wp-json\/wp\/v2\/types\/product"}],"replies":[{"embeddable":true,"href":"https:\/\/buy-prescriptionz.com\/hu\/wp-json\/wp\/v2\/comments?post=2984"}],"wp:featuredmedia":[{"embeddable":true,"href":"https:\/\/buy-prescriptionz.com\/hu\/wp-json\/wp\/v2\/media\/3014"}],"wp:attachment":[{"href":"https:\/\/buy-prescriptionz.com\/hu\/wp-json\/wp\/v2\/media?parent=2984"}],"wp:term":[{"taxonomy":"product_brand","embeddable":true,"href":"https:\/\/buy-prescriptionz.com\/hu\/wp-json\/wp\/v2\/product_brand?post=2984"},{"taxonomy":"product_cat","embeddable":true,"href":"https:\/\/buy-prescriptionz.com\/hu\/wp-json\/wp\/v2\/product_cat?post=2984"},{"taxonomy":"product_tag","embeddable":true,"href":"https:\/\/buy-prescriptionz.com\/hu\/wp-json\/wp\/v2\/product_tag?post=2984"}],"curies":[{"name":"wp","href":"https:\/\/api.w.org\/{rel}","templated":true}]}}