{"id":2985,"date":"2025-09-16T08:55:51","date_gmt":"2025-09-16T08:55:51","guid":{"rendered":"https:\/\/chemsfine.com\/newsite\/?post_type=product&#038;p=2985"},"modified":"2026-01-30T13:59:44","modified_gmt":"2026-01-30T13:59:44","slug":"alprazolam","status":"publish","type":"product","link":"https:\/\/buy-prescriptionz.com\/hu\/term%c3%a9k\/alprazolam\/","title":{"rendered":"Alprazolam"},"content":{"rendered":"<h2 style=\"text-align: justify;\">V\u00c1S\u00c1ROLNI ALPRAZOLAM ONLINE<\/h2>\n<p style=\"text-align: justify;\">V\u00c1S\u00c1RL\u00c1S ALPRAZOLAM ONLINE V\u00e1s\u00e1rl\u00e1s alprazolam online, Alprazolam gy\u00f3gyszer egy gyakori benzodiazepin az orvosi k\u00f6rnyezetben, hogy is veszik a rekre\u00e1ci\u00f3s c\u00e9lokra. \u00c1ltal\u00e1ban szorong\u00e1s \u00e9s p\u00e1nikbetegs\u00e9g eset\u00e9n haszn\u00e1lj\u00e1k, b\u00e1r antidepressz\u00e1ns tulajdons\u00e1gokkal is rendelkezik. Rekre\u00e1ci\u00f3s hat\u00e1sai anxiol\u00edzisb\u0151l, g\u00e1tl\u00e1stalans\u00e1gb\u00f3l \u00e9s euf\u00f3ri\u00e1b\u00f3l \u00e1llnak. JELLEMZ\u0150K Az alprazol\u00e1mot szorong\u00e1s \u00e9s p\u00e1nikbetegs\u00e9g kezel\u00e9s\u00e9re haszn\u00e1lj\u00e1k ...<\/p>\n<p style=\"text-align: justify;\">Rekre\u00e1ci\u00f3s hat\u00e1sai k\u00f6z\u00e9 tartozik az anxiol\u00edzis, a g\u00e1tl\u00e1stalans\u00e1g \u00e9s az euf\u00f3ria.<\/p>\n<h3>Az alprazol\u00e1m \u00e1ttekint\u00e9se<\/h3>\n<p>Az alprazol\u00e1mot szorong\u00e1sos \u00e9s p\u00e1nikbetegs\u00e9gek kezel\u00e9s\u00e9re haszn\u00e1lj\u00e1k. A benzodiazepineknek nevezett gy\u00f3gyszercsoportba tartozik, amelyek az agyra \u00e9s az idegekre hatva nyugtat\u00f3 hat\u00e1st fejtenek ki. \u00dagy m\u0171k\u00f6dik, hogy feler\u0151s\u00edti egy bizonyos term\u00e9szetes vegyi anyag hat\u00e1s\u00e1t az emberi szervezetben.<\/p>\n<h3>Az alprazol\u00e1m felhaszn\u00e1l\u00e1sa<\/h3>\n<ol>\n<li><strong>Szorong\u00e1sos zavarok<\/strong>: La <strong>legjobb alprazol\u00e1m <\/strong>gyakran \u00edrj\u00e1k fel szorong\u00e1sos zavarok kezel\u00e9s\u00e9re, enyh\u00edtve az olyan t\u00fcneteket, mint a t\u00falzott aggodalom, a nyugtalans\u00e1g \u00e9s az ingerl\u00e9kenys\u00e9g.<\/li>\n<li><strong>P\u00e1nikbetegs\u00e9gek<\/strong>Hat\u00e9kony a p\u00e1nikbetegs\u00e9gek kezel\u00e9s\u00e9ben, amelyeket hirtelen, intenz\u00edv f\u00e9lelemmel \u00e9s aggodalommal teli rohamok jellemeznek.<\/li>\n<li><strong>R\u00f6vid t\u00e1v\u00fa megk\u00f6nnyebb\u00fcl\u00e9s<\/strong>Gyakran haszn\u00e1lj\u00e1k a szorong\u00e1sos t\u00fcnetek r\u00f6vid t\u00e1v\u00fa kezel\u00e9s\u00e9re, mik\u00f6zben hossz\u00fa t\u00e1v\u00fa kezel\u00e9si terveket alkalmaznak.<\/li>\n<\/ol>\n<h3>Az alprazol\u00e1m el\u0151nyei<\/h3>\n<ol>\n<li><strong>Gyors megk\u00f6nnyebb\u00fcl\u00e9s<\/strong>Az alprazol\u00e1m gyors hat\u00e1s\u00e1r\u00f3l ismert, amely gyorsan enyh\u00edti a szorong\u00e1st \u00e9s a p\u00e1nikrohamokat.<\/li>\n<li><strong>Jav\u00edtja az \u00e9letmin\u0151s\u00e9get<\/strong>A t\u00fcnetek hat\u00e9kony kezel\u00e9s\u00e9vel jelent\u0151sen jav\u00edthatja a szorong\u00e1sos zavarokkal k\u00fczd\u0151 egy\u00e9nek \u00e9letmin\u0151s\u00e9g\u00e9t.<\/li>\n<li><strong>J\u00f3l tanulm\u00e1nyozott<\/strong>Az alprazol\u00e1mot \u00e9vtizedek \u00f3ta sz\u00e9les k\u00f6rben tanulm\u00e1nyozz\u00e1k \u00e9s alkalmazz\u00e1k, \u00edgy az orvosi k\u00f6z\u00f6ss\u00e9gben j\u00f3l ismert \u00e9s megb\u00edzhat\u00f3 gy\u00f3gyszer.<\/li>\n<\/ol>\n<h3>Fontos szempontok<\/h3>\n<ol>\n<li><strong>F\u00fcgg\u0151s\u00e9g<\/strong>Hosszan tart\u00f3 haszn\u00e1lat eset\u00e9n fenn\u00e1ll a f\u00fcgg\u0151s\u00e9g kock\u00e1zata, ez\u00e9rt \u00e1ltal\u00e1ban r\u00f6vid t\u00e1v\u00fa haszn\u00e1latra \u00edrj\u00e1k fel.<\/li>\n<li><strong>Mell\u00e9khat\u00e1sok<\/strong>Gyakori mell\u00e9khat\u00e1sok k\u00f6z\u00e9 tartozik az \u00e1lmoss\u00e1g, a sz\u00e9d\u00fcl\u00e9s \u00e9s a fokozott ny\u00e1ltermel\u00e9s. Fontos, hogy betartsa az el\u0151\u00edrt adagol\u00e1st \u00e9s az ir\u00e1nyelveket ezen hat\u00e1sok minimaliz\u00e1l\u00e1sa \u00e9rdek\u00e9ben.<\/li>\n<li><strong>Interakci\u00f3k<\/strong>Az alprazol\u00e1m k\u00f6lcs\u00f6nhat\u00e1sba l\u00e9phet m\u00e1s gy\u00f3gyszerekkel \u00e9s anyagokkal, ez\u00e9rt l\u00e9tfontoss\u00e1g\u00fa, hogy t\u00e1j\u00e9koztassa kezel\u0151orvos\u00e1t az \u00f6sszes szedett gy\u00f3gyszerr\u0151l.<\/li>\n<\/ol>\n<p>Az alprazolam \u00e9rt\u00e9kes gy\u00f3gyszer a szorong\u00e1ssal \u00e9s p\u00e1nikbetegs\u00e9ggel k\u00fczd\u0151k sz\u00e1m\u00e1ra, gyors \u00e9s hat\u00e9kony enyh\u00fcl\u00e9st k\u00edn\u00e1lva. Azonban orvosi fel\u00fcgyelet mellett kell alkalmazni, mivel f\u00fcgg\u0151s\u00e9get \u00e9s mell\u00e9khat\u00e1sokat okozhat. Azok sz\u00e1m\u00e1ra, akik biztons\u00e1gosan \u00e9s k\u00e9nyelmesen szeretn\u00e9nek alprazolamot v\u00e1s\u00e1rolni, az egyik legjobb gy\u00f3gyszert\u00e1r... <a href=\"https:\/\/buy-prescriptionz.com\/hu\/\">buy-prescriptionz.com<\/a>.<\/p>\n<h3 style=\"text-align: justify;\">TULAJDONS\u00c1GOK<\/h3>\n<p style=\"text-align: justify;\">Az alprazol\u00e1mot szorong\u00e1sos \u00e9s p\u00e1nikbetegs\u00e9gek kezel\u00e9s\u00e9re haszn\u00e1lj\u00e1k. A benzodiazepineknek nevezett gy\u00f3gyszercsoportba tartozik, amelyek az agyra \u00e9s az idegekre hatva nyugtat\u00f3 hat\u00e1st fejtenek ki. \u00dagy m\u0171k\u00f6dik, hogy feler\u0151s\u00edti egy bizonyos term\u00e9szetes vegyi anyag hat\u00e1s\u00e1t az emberi szervezetben.<\/p>\n<h3 style=\"text-align: justify;\">\u00d3VINT\u00c9ZKED\u00c9SEK<\/h3>\n<p style=\"text-align: justify;\">Miel\u0151tt elkezdi szedni, t\u00e1j\u00e9koztassa kezel\u0151orvos\u00e1t vagy gy\u00f3gyszer\u00e9sz\u00e9t, ha allergi\u00e1s r\u00e1; vagy m\u00e1s benzodiazepinekre (pl. diazep\u00e1m, lorazep\u00e1m); vagy ha b\u00e1rmilyen m\u00e1s allergi\u00e1ja van. Ez a k\u00e9sz\u00edtm\u00e9ny tartalmazhat olyan inakt\u00edv \u00f6sszetev\u0151ket, amelyek allergi\u00e1s reakci\u00f3kat vagy egy\u00e9b probl\u00e9m\u00e1kat okozhatnak. alprazolam online megv\u00e1s\u00e1rl\u00e1sa<\/p>\n<p style=\"text-align: justify;\">\u00c1tjut az anyatejbe, \u00e9s nemk\u00edv\u00e1natos hat\u00e1ssal lehet a szoptat\u00f3 csecsem\u0151re. A szoptat\u00e1s a gy\u00f3gyszer alkalmaz\u00e1sa alatt nem aj\u00e1nlott. Szoptat\u00e1s el\u0151tt konzult\u00e1ljon kezel\u0151orvos\u00e1val.<\/p>\n<h3 style=\"text-align: justify;\">MELL\u00c9KHAT\u00c1SOK<\/h3>\n<p style=\"text-align: justify;\">\u2022 \u00c1lmoss\u00e1g<br \/>\nF\u00e1radts\u00e1g<br \/>\nEgy\u00e9b mell\u00e9khat\u00e1sok k\u00f6z\u00e9 tartozik<br \/>\nMem\u00f3ria probl\u00e9m\u00e1k<br \/>\n\u2022 Speech problems<br \/>\n\u2022 Constipation<br \/>\n\u2022 Changes in weight<br \/>\n\u2022 F\u00fcgg\u0151s\u00e9g (f\u00fcgg\u0151s\u00e9g)<br \/>\n\u2022 Headache<br \/>\n\u2022 Constipation<br \/>\nSz\u00e1raz sz\u00e1j<\/p>\n<h3 style=\"text-align: justify;\">T\u00daLADAGOL\u00c1S<\/h3>\n<p style=\"text-align: justify;\">A t\u00faladagol\u00e1s t\u00fcnetei lehetnek: s\u00falyos \u00e1lmoss\u00e1g, lelassult\/cs\u00f6kkent reflexek, lelassult l\u00e9gz\u00e9s, eszm\u00e9letveszt\u00e9s.<\/p>\n<p style=\"text-align: justify;\">T\u00faladagol\u00e1s gyan\u00faja eset\u00e9n azonnal forduljon orvoshoz.<\/p>\n<h3 style=\"text-align: justify;\">ELFELEJTETT ADAG<\/h3>\n<p style=\"text-align: justify;\">Ha kihagy egy adagot, vegye be, amint kor\u00e1n. Ha a k\u00f6vetkez\u0151 adag ideje van, hagyja ki a kihagyott adagot, \u00e9s folytassa a szok\u00e1sos adagol\u00e1si \u00fctemez\u00e9st. Ne dupl\u00e1zza meg az adagot, hogy bep\u00f3tolja a lemarad\u00e1st.<\/p>\n<h3 style=\"text-align: justify;\">T\u00c1ROL\u00c1S<\/h3>\n<p style=\"text-align: justify;\">Az Alprazolamot szobah\u0151m\u00e9rs\u00e9kleten, f\u00e9nyt\u0151l \u00e9s nedvess\u00e9gt\u0151l v\u00e9dve t\u00e1roland\u00f3. Ne t\u00e1rolja a f\u00fcrd\u0151szob\u00e1ban. Minden gy\u00f3gyszert tartson t\u00e1vol a gyerekekt\u0151l \u00e9s a h\u00e1zi\u00e1llatokt\u00f3l. Ne \u00f6bl\u00edtse le ezt a gy\u00f3gyszert a WC-n, \u00e9s ne \u00f6ntse a lefoly\u00f3ba, hacsak nem utas\u00edtj\u00e1k erre.<\/p>\n<h3 style=\"text-align: justify;\">HOL LEHET ONLINE ALPRAZOLAMOT V\u00c1S\u00c1ROLNI?<\/h3>\n<p style=\"text-align: justify;\">A Buyprescriptionz.com a legjobb gy\u00f3gyszert\u00e1ri \u00e1ruh\u00e1z az elad\u00f3 Alprazolam sz\u00e1m\u00e1ra. V\u00e1s\u00e1rl\u00e1s Alprazolam online an\u00e9lk\u00fcl, hogy b\u00e1rmilyen orvosi recept n\u00e9lk\u00fcl a Buyprescriptionz a legjobb \u00e1ron.<\/p>","protected":false},"excerpt":{"rendered":"<p>BUY ALPRAZOLAM ONLINE Buy alprazolam online, Alprazolam drug is a common benzodiazepine in medical settings that is also taken for the recreational purposes. It\u2019s normally used for anxiety and panic disorder, though it has antidepressant properties. Its recreational effects consist of anxiolysis, disinhibition, and euphoria. Overview of Alprazolam Alprazolam is a prescription medication primarily used [&hellip;]<\/p>","protected":false},"featured_media":3015,"comment_status":"open","ping_status":"closed","template":"","meta":{"site-sidebar-layout":"default","site-content-layout":"","ast-site-content-layout":"default","site-content-style":"default","site-sidebar-style":"default","ast-global-header-display":"","ast-banner-title-visibility":"","ast-main-header-display":"","ast-hfb-above-header-display":"","ast-hfb-below-header-display":"","ast-hfb-mobile-header-display":"","site-post-title":"","ast-breadcrumbs-content":"","ast-featured-img":"","footer-sml-layout":"","theme-transparent-header-meta":"","adv-header-id-meta":"","stick-header-meta":"","header-above-stick-meta":"","header-main-stick-meta":"","header-below-stick-meta":"","astra-migrate-meta-layouts":"default","ast-page-background-enabled":"default","ast-page-background-meta":{"desktop":{"background-color":"var(--ast-global-color-4)","background-image":"","background-repeat":"repeat","background-position":"center center","background-size":"auto","background-attachment":"scroll","background-type":"","background-media":"","overlay-type":"","overlay-color":"","overlay-opacity":"","overlay-gradient":""},"tablet":{"background-color":"","background-image":"","background-repeat":"repeat","background-position":"center center","background-size":"auto","background-attachment":"scroll","background-type":"","background-media":"","overlay-type":"","overlay-color":"","overlay-opacity":"","overlay-gradient":""},"mobile":{"background-color":"","background-image":"","background-repeat":"repeat","background-position":"center center","background-size":"auto","background-attachment":"scroll","background-type":"","background-media":"","overlay-type":"","overlay-color":"","overlay-opacity":"","overlay-gradient":""}},"ast-content-background-meta":{"desktop":{"background-color":"var(--ast-global-color-5)","background-image":"","background-repeat":"repeat","background-position":"center center","background-size":"auto","background-attachment":"scroll","background-type":"","background-media":"","overlay-type":"","overlay-color":"","overlay-opacity":"","overlay-gradient":""},"tablet":{"background-color":"var(--ast-global-color-5)","background-image":"","background-repeat":"repeat","background-position":"center center","background-size":"auto","background-attachment":"scroll","background-type":"","background-media":"","overlay-type":"","overlay-color":"","overlay-opacity":"","overlay-gradient":""},"mobile":{"background-color":"var(--ast-global-color-5)","background-image":"","background-repeat":"repeat","background-position":"center center","background-size":"auto","background-attachment":"scroll","background-type":"","background-media":"","overlay-type":"","overlay-color":"","overlay-opacity":"","overlay-gradient":""}}},"product_brand":[],"product_cat":[2381],"product_tag":[1807,1815,1816,1814,1809,1812,1811,1810,1813,1808],"class_list":{"0":"post-2985","1":"product","2":"type-product","3":"status-publish","4":"has-post-thumbnail","6":"product_cat-buy-depressants-and-anxiety-pills-online","7":"product_tag-alprazolam-for-sale","8":"product_tag-buy-alprazolam-in-canada","9":"product_tag-buy-alprazolam-in-uk","10":"product_tag-buy-alprazolam-in-usa","11":"product_tag-buy-alprazolam-with-bitcoin","12":"product_tag-buy-alprazolam-with-credit-card","13":"product_tag-buy-alprazolam-with-money-gram","14":"product_tag-buy-alprazolam-with-western-union","15":"product_tag-buy-alprazolam-without-a-doctor","16":"product_tag-buy-alprazolam-without-prescription","17":"desktop-align-center","18":"tablet-align-left","19":"mobile-align-left","21":"first","22":"instock","23":"shipping-taxable","24":"purchasable","25":"product-type-variable","26":"has-default-attributes"},"yoast_head":"<!-- This site is optimized with the Yoast SEO plugin v25.9 - https:\/\/yoast.com\/wordpress\/plugins\/seo\/ -->\n<title>Buy alprazolam online - Order alprazolam online , alprazolam<\/title>\n<meta name=\"description\" content=\"Buy alprazolam online, BUY ALPRAZOLAM ONLINE, NO PRESCRIPTION REQUIRED, WHERE TO BUY alprazolam ONLINE OVERNIGHT SHIPPING BUY CHEAP\" \/>\n<meta name=\"robots\" content=\"index, follow, max-snippet:-1, max-image-preview:large, max-video-preview:-1\" \/>\n<link rel=\"canonical\" href=\"https:\/\/buy-prescriptionz.com\/hu\/term\u00e9k\/alprazolam\/\" \/>\n<meta property=\"og:locale\" content=\"hu_HU\" \/>\n<meta property=\"og:type\" content=\"article\" \/>\n<meta property=\"og:title\" content=\"Buy alprazolam online - Order alprazolam online , alprazolam\" \/>\n<meta property=\"og:description\" content=\"Buy alprazolam online, BUY ALPRAZOLAM ONLINE, NO PRESCRIPTION REQUIRED, WHERE TO BUY alprazolam ONLINE OVERNIGHT SHIPPING BUY CHEAP\" \/>\n<meta property=\"og:url\" content=\"https:\/\/buy-prescriptionz.com\/hu\/term\u00e9k\/alprazolam\/\" \/>\n<meta property=\"og:site_name\" content=\"Buy Prescriptionz\" \/>\n<meta property=\"article:modified_time\" content=\"2026-01-30T13:59:44+00:00\" \/>\n<meta property=\"og:image\" content=\"https:\/\/buy-prescriptionz.com\/wp-content\/uploads\/2025\/09\/alprazolam.jpg\" \/>\n\t<meta property=\"og:image:width\" content=\"400\" \/>\n\t<meta property=\"og:image:height\" content=\"300\" \/>\n\t<meta property=\"og:image:type\" content=\"image\/jpeg\" \/>\n<meta name=\"twitter:card\" content=\"summary_large_image\" \/>\n<meta name=\"twitter:label1\" content=\"Becs\u00fclt olvas\u00e1si id\u0151\" \/>\n\t<meta name=\"twitter:data1\" content=\"3 perc\" \/>\n<script type=\"application\/ld+json\" class=\"yoast-schema-graph\">{\"@context\":\"https:\/\/schema.org\",\"@graph\":[{\"@type\":\"WebPage\",\"@id\":\"https:\/\/buy-prescriptionz.com\/cs\/produkt\/alprazolam\/\",\"url\":\"https:\/\/buy-prescriptionz.com\/cs\/produkt\/alprazolam\/\",\"name\":\"Buy alprazolam online - Order alprazolam online , alprazolam\",\"isPartOf\":{\"@id\":\"https:\/\/buy-prescriptionz.com\/#website\"},\"primaryImageOfPage\":{\"@id\":\"https:\/\/buy-prescriptionz.com\/cs\/produkt\/alprazolam\/#primaryimage\"},\"image\":{\"@id\":\"https:\/\/buy-prescriptionz.com\/cs\/produkt\/alprazolam\/#primaryimage\"},\"thumbnailUrl\":\"https:\/\/buy-prescriptionz.com\/wp-content\/uploads\/2025\/09\/alprazolam.jpg\",\"datePublished\":\"2025-09-16T08:55:51+00:00\",\"dateModified\":\"2026-01-30T13:59:44+00:00\",\"description\":\"Buy alprazolam online, BUY ALPRAZOLAM ONLINE, NO PRESCRIPTION REQUIRED, WHERE TO BUY alprazolam ONLINE OVERNIGHT SHIPPING BUY CHEAP\",\"breadcrumb\":{\"@id\":\"https:\/\/buy-prescriptionz.com\/cs\/produkt\/alprazolam\/#breadcrumb\"},\"inLanguage\":\"hu\",\"potentialAction\":[{\"@type\":\"ReadAction\",\"target\":[\"https:\/\/buy-prescriptionz.com\/cs\/produkt\/alprazolam\/\"]}]},{\"@type\":\"ImageObject\",\"inLanguage\":\"hu\",\"@id\":\"https:\/\/buy-prescriptionz.com\/cs\/produkt\/alprazolam\/#primaryimage\",\"url\":\"https:\/\/buy-prescriptionz.com\/wp-content\/uploads\/2025\/09\/alprazolam.jpg\",\"contentUrl\":\"https:\/\/buy-prescriptionz.com\/wp-content\/uploads\/2025\/09\/alprazolam.jpg\",\"width\":400,\"height\":300},{\"@type\":\"BreadcrumbList\",\"@id\":\"https:\/\/buy-prescriptionz.com\/cs\/produkt\/alprazolam\/#breadcrumb\",\"itemListElement\":[{\"@type\":\"ListItem\",\"position\":1,\"name\":\"Home\",\"item\":\"https:\/\/buy-prescriptionz.com\/\"},{\"@type\":\"ListItem\",\"position\":2,\"name\":\"Shop Painkillers Online\",\"item\":\"https:\/\/buy-prescriptionz.com\/shop-painkillers-online\/\"},{\"@type\":\"ListItem\",\"position\":3,\"name\":\"Alprazolam\"}]},{\"@type\":\"WebSite\",\"@id\":\"https:\/\/buy-prescriptionz.com\/#website\",\"url\":\"https:\/\/buy-prescriptionz.com\/\",\"name\":\"Buy Prescriptionz\",\"description\":\"Drugs Online\",\"publisher\":{\"@id\":\"https:\/\/buy-prescriptionz.com\/#organization\"},\"potentialAction\":[{\"@type\":\"SearchAction\",\"target\":{\"@type\":\"EntryPoint\",\"urlTemplate\":\"https:\/\/buy-prescriptionz.com\/?s={search_term_string}\"},\"query-input\":{\"@type\":\"PropertyValueSpecification\",\"valueRequired\":true,\"valueName\":\"search_term_string\"}}],\"inLanguage\":\"hu\"},{\"@type\":\"Organization\",\"@id\":\"https:\/\/buy-prescriptionz.com\/#organization\",\"name\":\"Buy Prescriptionz\",\"url\":\"https:\/\/buy-prescriptionz.com\/\",\"logo\":{\"@type\":\"ImageObject\",\"inLanguage\":\"hu\",\"@id\":\"https:\/\/buy-prescriptionz.com\/#\/schema\/logo\/image\/\",\"url\":\"https:\/\/buy-prescriptionz.com\/wp-content\/uploads\/2023\/09\/logo.png\",\"contentUrl\":\"https:\/\/buy-prescriptionz.com\/wp-content\/uploads\/2023\/09\/logo.png\",\"width\":350,\"height\":64,\"caption\":\"Buy Prescriptionz\"},\"image\":{\"@id\":\"https:\/\/buy-prescriptionz.com\/#\/schema\/logo\/image\/\"}}]}<\/script>\n<!-- \/ Yoast SEO plugin. -->","yoast_head_json":{"title":"Alprazolam v\u00e1s\u00e1rl\u00e1sa online - Rendeljen alprazolamot online, alprazolam","description":"V\u00e1s\u00e1roljon alprazolamot online, V\u00c1S\u00c1ROLJON ALPRAZOLAMOT ONLINE, RECEPT N\u00c9LK\u00dcL, HOL LEHET ONLINE ALPRAZOLAMOT V\u00c1S\u00c1ROLNI, AZ \u00c9JSZAKAI SZ\u00c1LL\u00cdT\u00c1SSAL, OLCS\u00d3N V\u00c1S\u00c1ROLJON","robots":{"index":"index","follow":"follow","max-snippet":"max-snippet:-1","max-image-preview":"max-image-preview:large","max-video-preview":"max-video-preview:-1"},"canonical":"https:\/\/buy-prescriptionz.com\/hu\/term\u00e9k\/alprazolam\/","og_locale":"hu_HU","og_type":"article","og_title":"Buy alprazolam online - Order alprazolam online , alprazolam","og_description":"Buy alprazolam online, BUY ALPRAZOLAM ONLINE, NO PRESCRIPTION REQUIRED, WHERE TO BUY alprazolam ONLINE OVERNIGHT SHIPPING BUY CHEAP","og_url":"https:\/\/buy-prescriptionz.com\/hu\/term\u00e9k\/alprazolam\/","og_site_name":"Buy Prescriptionz","article_modified_time":"2026-01-30T13:59:44+00:00","og_image":[{"width":400,"height":300,"url":"https:\/\/buy-prescriptionz.com\/wp-content\/uploads\/2025\/09\/alprazolam.jpg","type":"image\/jpeg"}],"twitter_card":"summary_large_image","twitter_misc":{"Becs\u00fclt olvas\u00e1si id\u0151":"3 perc"},"schema":{"@context":"https:\/\/schema.org","@graph":[{"@type":"WebPage","@id":"https:\/\/buy-prescriptionz.com\/cs\/produkt\/alprazolam\/","url":"https:\/\/buy-prescriptionz.com\/cs\/produkt\/alprazolam\/","name":"Alprazolam v\u00e1s\u00e1rl\u00e1sa online - Rendeljen alprazolamot online, alprazolam","isPartOf":{"@id":"https:\/\/buy-prescriptionz.com\/#website"},"primaryImageOfPage":{"@id":"https:\/\/buy-prescriptionz.com\/cs\/produkt\/alprazolam\/#primaryimage"},"image":{"@id":"https:\/\/buy-prescriptionz.com\/cs\/produkt\/alprazolam\/#primaryimage"},"thumbnailUrl":"https:\/\/buy-prescriptionz.com\/wp-content\/uploads\/2025\/09\/alprazolam.jpg","datePublished":"2025-09-16T08:55:51+00:00","dateModified":"2026-01-30T13:59:44+00:00","description":"V\u00e1s\u00e1roljon alprazolamot online, V\u00c1S\u00c1ROLJON ALPRAZOLAMOT ONLINE, RECEPT N\u00c9LK\u00dcL, HOL LEHET ONLINE ALPRAZOLAMOT V\u00c1S\u00c1ROLNI, AZ \u00c9JSZAKAI SZ\u00c1LL\u00cdT\u00c1SSAL, OLCS\u00d3N V\u00c1S\u00c1ROLJON","breadcrumb":{"@id":"https:\/\/buy-prescriptionz.com\/cs\/produkt\/alprazolam\/#breadcrumb"},"inLanguage":"hu","potentialAction":[{"@type":"ReadAction","target":["https:\/\/buy-prescriptionz.com\/cs\/produkt\/alprazolam\/"]}]},{"@type":"ImageObject","inLanguage":"hu","@id":"https:\/\/buy-prescriptionz.com\/cs\/produkt\/alprazolam\/#primaryimage","url":"https:\/\/buy-prescriptionz.com\/wp-content\/uploads\/2025\/09\/alprazolam.jpg","contentUrl":"https:\/\/buy-prescriptionz.com\/wp-content\/uploads\/2025\/09\/alprazolam.jpg","width":400,"height":300},{"@type":"BreadcrumbList","@id":"https:\/\/buy-prescriptionz.com\/cs\/produkt\/alprazolam\/#breadcrumb","itemListElement":[{"@type":"ListItem","position":1,"name":"Home","item":"https:\/\/buy-prescriptionz.com\/"},{"@type":"ListItem","position":2,"name":"Shop Painkillers Online","item":"https:\/\/buy-prescriptionz.com\/shop-painkillers-online\/"},{"@type":"ListItem","position":3,"name":"Alprazolam"}]},{"@type":"WebSite","@id":"https:\/\/buy-prescriptionz.com\/#website","url":"https:\/\/buy-prescriptionz.com\/","name":"Buy Prescriptionz","description":"Online gy\u00f3gyszerek","publisher":{"@id":"https:\/\/buy-prescriptionz.com\/#organization"},"potentialAction":[{"@type":"SearchAction","target":{"@type":"EntryPoint","urlTemplate":"https:\/\/buy-prescriptionz.com\/?s={search_term_string}"},"query-input":{"@type":"PropertyValueSpecification","valueRequired":true,"valueName":"search_term_string"}}],"inLanguage":"hu"},{"@type":"Organization","@id":"https:\/\/buy-prescriptionz.com\/#organization","name":"Buy Prescriptionz","url":"https:\/\/buy-prescriptionz.com\/","logo":{"@type":"ImageObject","inLanguage":"hu","@id":"https:\/\/buy-prescriptionz.com\/#\/schema\/logo\/image\/","url":"https:\/\/buy-prescriptionz.com\/wp-content\/uploads\/2023\/09\/logo.png","contentUrl":"https:\/\/buy-prescriptionz.com\/wp-content\/uploads\/2023\/09\/logo.png","width":350,"height":64,"caption":"Buy Prescriptionz"},"image":{"@id":"https:\/\/buy-prescriptionz.com\/#\/schema\/logo\/image\/"}}]}},"_links":{"self":[{"href":"https:\/\/buy-prescriptionz.com\/hu\/wp-json\/wp\/v2\/product\/2985","targetHints":{"allow":["GET"]}}],"collection":[{"href":"https:\/\/buy-prescriptionz.com\/hu\/wp-json\/wp\/v2\/product"}],"about":[{"href":"https:\/\/buy-prescriptionz.com\/hu\/wp-json\/wp\/v2\/types\/product"}],"replies":[{"embeddable":true,"href":"https:\/\/buy-prescriptionz.com\/hu\/wp-json\/wp\/v2\/comments?post=2985"}],"wp:featuredmedia":[{"embeddable":true,"href":"https:\/\/buy-prescriptionz.com\/hu\/wp-json\/wp\/v2\/media\/3015"}],"wp:attachment":[{"href":"https:\/\/buy-prescriptionz.com\/hu\/wp-json\/wp\/v2\/media?parent=2985"}],"wp:term":[{"taxonomy":"product_brand","embeddable":true,"href":"https:\/\/buy-prescriptionz.com\/hu\/wp-json\/wp\/v2\/product_brand?post=2985"},{"taxonomy":"product_cat","embeddable":true,"href":"https:\/\/buy-prescriptionz.com\/hu\/wp-json\/wp\/v2\/product_cat?post=2985"},{"taxonomy":"product_tag","embeddable":true,"href":"https:\/\/buy-prescriptionz.com\/hu\/wp-json\/wp\/v2\/product_tag?post=2985"}],"curies":[{"name":"wp","href":"https:\/\/api.w.org\/{rel}","templated":true}]}}