{"id":2986,"date":"2025-09-16T08:55:51","date_gmt":"2025-09-16T08:55:51","guid":{"rendered":"https:\/\/chemsfine.com\/newsite\/?post_type=product&#038;p=2986"},"modified":"2026-04-20T05:58:05","modified_gmt":"2026-04-20T05:58:05","slug":"diazepam-online-vasarlas","status":"publish","type":"product","link":"https:\/\/buy-prescriptionz.com\/hu\/term%c3%a9k\/diazepam-online-vasarlas\/","title":{"rendered":"Buy Diazepam Online"},"content":{"rendered":"<h2>Diazepam v\u00e1s\u00e1rl\u00e1sa online: Mi\u00e9rt \u00e9rdemes Diazepamot online v\u00e1s\u00e1rolni?<\/h2>\n<p>A diazepamot benzodiazepinnek tekintik, amely g\u00f6rcsold\u00f3, nyugtat\u00f3, szorong\u00e1sold\u00f3, amn\u00e9zi\u00e1s tulajdons\u00e1gokkal \u00e9s izomlaz\u00edt\u00f3 hat\u00e1s\u00fa, valamint hossz\u00fa hat\u00e1startammal rendelkezik. Hat\u00e1sa k\u00f6zvet\u00edtett, ami a gamma-aminovajsav (GABA) aktivit\u00e1s\u00e1nak fokoz\u00e1s\u00e1val t\u00f6rt\u00e9nik. Ez n\u00f6veli a kloridcsatorna-ny\u00edl\u00e1s gyakoris\u00e1g\u00e1t, ami lehet\u0151v\u00e9 teszi a kloridionok be\u00e1raml\u00e1s\u00e1t a neuronokba. Ez v\u00e9gs\u0151 soron a membr\u00e1n hiperpolariz\u00e1ci\u00f3j\u00e1hoz vezet, \u00e9s cs\u00f6kkenti a neuron\u00e1lis ingerl\u00e9kenys\u00e9get is. Ez a tabletta s\u00falyos betegs\u00e9gek kezel\u00e9s\u00e9re alkalmas, \u00e9s az orvosok a betegeknek aj\u00e1nlj\u00e1k.<\/p>\n<h3>Milyen tulajdons\u00e1gai vannak a Diazepamnak?<\/h3>\n<p>A Diazepam or\u00e1lis tabletta a k\u00f6vetkez\u0151 \u00e1llapotok kezel\u00e9s\u00e9re alkalmazhat\u00f3:<\/p>\n<p>1. Kieg\u00e9sz\u00edt\u0151 kezel\u00e9s a v\u00e1zizomg\u00f6rcs\u00f6kre<br \/>\n2. Az alkoholmegvon\u00e1s t\u00fcnetei, mint p\u00e9ld\u00e1ul a remeg\u00e9s \u00e9s az izgatotts\u00e1g<br \/>\n3. Kieg\u00e9sz\u00edt\u0151 kezel\u00e9s a rohamok t\u00edpusaihoz<\/p>\n<h3>Milyen \u00f3vint\u00e9zked\u00e9seket kell tenni a diazepam szed\u00e9se alatt?<\/h3>\n<p>A Diazepam szed\u00e9se kock\u00e1zatos lehet terhess\u00e9g \u00e9s szoptat\u00e1s alatt, ez\u00e9rt ker\u00fclni kell ezt a gy\u00f3gyszert ebben az id\u0151szakban. Ez a gy\u00f3gyszer k\u00f6lcs\u00f6nhat\u00e1sba l\u00e9phet m\u00e1s gy\u00f3gyszerekkel, p\u00e9ld\u00e1ul narkotikumokkal, fenotiazinokkal, barbitur\u00e1tokkal, narkotikumokkal, antidepressz\u00e1nsokkal \u00e9s MAO-g\u00e1tl\u00f3kkal.<\/p>\n<p>A legjobb diazepam fokozza a gamma-aminovajsav (GABA) neurotranszmitter hat\u00e1s\u00e1t az agyban. Ez nyugtat\u00f3 hat\u00e1st fejt ki, ami seg\u00edt cs\u00f6kkenteni a szorong\u00e1st, az izomg\u00f6rcs\u00f6ket \u00e9s a rohamokat.<\/p>\n<h3>A diazepam els\u0151dleges felhaszn\u00e1l\u00e1si m\u00f3djai<\/h3>\n<ul>\n<li>Szorong\u00e1s kezel\u00e9se: A diazep\u00e1mot gyakran haszn\u00e1lj\u00e1k szorong\u00e1sos zavarok kezel\u00e9s\u00e9re, seg\u00edt cs\u00f6kkenteni a t\u00fcneteket \u00e9s el\u0151seg\u00edti a relax\u00e1ci\u00f3t.<\/li>\n<li>Izomg\u00f6rcs\u00f6k enyh\u00edt\u00e9se: Hat\u00e9konyan enyh\u00edti az olyan \u00e1llapotokkal \u00f6sszef\u00fcgg\u0151 izomg\u00f6rcs\u00f6ket \u00e9s izomlazul\u00e1st, mint a cerebr\u00e1lis b\u00e9nul\u00e1s, a szkler\u00f3zis multiplex \u00e9s a s\u00e9r\u00fcl\u00e9sek.<\/li>\n<li>G\u00f6rcsrohamok kezel\u00e9se: A diazepam seg\u00edt a rohamok kezel\u00e9s\u00e9ben \u00e9s megel\u0151z\u00e9s\u00e9ben, k\u00fcl\u00f6n\u00f6sen epilepszi\u00e1ban szenved\u0151kn\u00e9l.<\/li>\n<li>Alkoholmegvon\u00e1s: Seg\u00edt az alkoholmegvon\u00e1si t\u00fcnetek kezel\u00e9s\u00e9ben, cs\u00f6kkentve a s\u00falyos elvon\u00e1si sz\u00f6v\u0151dm\u00e9nyek kock\u00e1zat\u00e1t.<\/li>\n<\/ul>\n<h3>A diazepam el\u0151nyei<\/h3>\n<ul>\n<li>Gyors hat\u00e1s: A diazepam gyorsan enyh\u00edti a szorong\u00e1s \u00e9s az izomg\u00f6rcs\u00f6k t\u00fcneteit.<\/li>\n<li>T\u00f6bbsz\u00f6r\u00f6s alkalmaz\u00e1s: Sz\u00e1mos \u00e1llapot kezel\u00e9s\u00e9ben hasznos, bele\u00e9rtve a szorong\u00e1st, izomg\u00f6rcs\u00f6ket, rohamokat \u00e9s az alkoholmegvon\u00e1si t\u00fcneteket.<\/li>\n<li>Kiterjedt kutat\u00e1s: A gy\u00f3gyszert alaposan tanulm\u00e1nyozt\u00e1k, biztos\u00edtva annak hat\u00e9konys\u00e1g\u00e1t \u00e9s biztons\u00e1goss\u00e1g\u00e1t a helyes haszn\u00e1lat eset\u00e9n.<\/li>\n<\/ul>\n<p>A diazepam egy rendk\u00edv\u00fcl hat\u00e9kony gy\u00f3gyszer a szorong\u00e1s, az izomg\u00f6rcs\u00f6k \u00e9s a rohamok kezel\u00e9s\u00e9re. Gyors hat\u00e1sa \u00e9s j\u00f3l dokument\u00e1lt biztons\u00e1goss\u00e1ga miatt sz\u00e1mos beteg sz\u00e1m\u00e1ra megb\u00edzhat\u00f3 v\u00e1laszt\u00e1s. Tov\u00e1bbi inform\u00e1ci\u00f3k\u00e9rt vagy a diazepam megv\u00e1s\u00e1rl\u00e1s\u00e1hoz l\u00e1togassa meg a legjobb gy\u00f3gyszert\u00e1rakat. <a href=\"https:\/\/buy-prescriptionz.com\/hu\/\">buy-prescriptionz.com<\/a>.<\/p>\n<h3>Milyen mell\u00e9khat\u00e1sai vannak a Diazepamnak?<\/h3>\n<p>A gy\u00f3gyszer gyakori mell\u00e9khat\u00e1sai a k\u00f6vetkez\u0151k:<\/p>\n<p>\u2022 \u00c1lmoss\u00e1g<br \/>\n\u2022 Ingerl\u00e9kenys\u00e9g vagy nyugtalans\u00e1g \u00e9rz\u00e9se<br \/>\n\u2022 Izomgyenges\u00e9g<br \/>\n\u2022 Elmos\u00f3dott besz\u00e9d<br \/>\n\u2022 Sz\u00e1jsz\u00e1razs\u00e1g vagy ny\u00e1ladz\u00e1s<br \/>\n\u2022 Az izommozg\u00e1sok kontroll\u00e1lhatatlans\u00e1ga<\/p>\n<p>Ha ezek a mell\u00e9khat\u00e1sok nem m\u00falnak el, vagy s\u00falyosbodnak, akkor forduljon gy\u00f3gyszer\u00e9szhez vagy orvoshoz.<\/p>\n<h3>Hol \u00e9rdemes Diazepamot online v\u00e1s\u00e1rolni?<\/h3>\n<p>A Diazepam megv\u00e1s\u00e1rolhat\u00f3 a buy-prescriptionz.com oldalon. A Diazepam online kaphat\u00f3 a legjobb \u00e1ron.<\/p>","protected":false},"excerpt":{"rendered":"<p>Buy Diazepam Online: Why should you buy Diazepam online? Diazepam is considered to be a benzodiazepine which has anticonvulsant, sedative, anxiolytic, amnesic properties, and muscle relaxant and has a long duration of action. The actions of it are mediated, which is with the enhancement of the Gamma-Aminobutyric Acid (GABA) activity. This increases the frequency of [&hellip;]<\/p>","protected":false},"featured_media":3016,"comment_status":"open","ping_status":"closed","template":"","meta":{"site-sidebar-layout":"default","site-content-layout":"","ast-site-content-layout":"default","site-content-style":"default","site-sidebar-style":"default","ast-global-header-display":"","ast-banner-title-visibility":"","ast-main-header-display":"","ast-hfb-above-header-display":"","ast-hfb-below-header-display":"","ast-hfb-mobile-header-display":"","site-post-title":"","ast-breadcrumbs-content":"","ast-featured-img":"","footer-sml-layout":"","theme-transparent-header-meta":"default","adv-header-id-meta":"","stick-header-meta":"","header-above-stick-meta":"","header-main-stick-meta":"","header-below-stick-meta":"","astra-migrate-meta-layouts":"set","ast-page-background-enabled":"default","ast-page-background-meta":{"desktop":{"background-color":"var(--ast-global-color-4)","background-image":"","background-repeat":"repeat","background-position":"center center","background-size":"auto","background-attachment":"scroll","background-type":"","background-media":"","overlay-type":"","overlay-color":"","overlay-opacity":"","overlay-gradient":""},"tablet":{"background-color":"","background-image":"","background-repeat":"repeat","background-position":"center center","background-size":"auto","background-attachment":"scroll","background-type":"","background-media":"","overlay-type":"","overlay-color":"","overlay-opacity":"","overlay-gradient":""},"mobile":{"background-color":"","background-image":"","background-repeat":"repeat","background-position":"center center","background-size":"auto","background-attachment":"scroll","background-type":"","background-media":"","overlay-type":"","overlay-color":"","overlay-opacity":"","overlay-gradient":""}},"ast-content-background-meta":{"desktop":{"background-color":"var(--ast-global-color-5)","background-image":"","background-repeat":"repeat","background-position":"center center","background-size":"auto","background-attachment":"scroll","background-type":"","background-media":"","overlay-type":"","overlay-color":"","overlay-opacity":"","overlay-gradient":""},"tablet":{"background-color":"var(--ast-global-color-5)","background-image":"","background-repeat":"repeat","background-position":"center center","background-size":"auto","background-attachment":"scroll","background-type":"","background-media":"","overlay-type":"","overlay-color":"","overlay-opacity":"","overlay-gradient":""},"mobile":{"background-color":"var(--ast-global-color-5)","background-image":"","background-repeat":"repeat","background-position":"center center","background-size":"auto","background-attachment":"scroll","background-type":"","background-media":"","overlay-type":"","overlay-color":"","overlay-opacity":"","overlay-gradient":""}}},"product_brand":[],"product_cat":[2381],"product_tag":[1804,1805,1803,1798,1801,1800,1799,1802,1797,1806,1796],"class_list":{"0":"post-2986","1":"product","2":"type-product","3":"status-publish","4":"has-post-thumbnail","6":"product_cat-buy-depressants-and-anxiety-pills-online","7":"product_tag-buy-diazepam-in-canada","8":"product_tag-buy-diazepam-in-uk","9":"product_tag-buy-diazepam-in-usa","10":"product_tag-buy-diazepam-with-bitcoin","11":"product_tag-buy-diazepam-with-credit-card","12":"product_tag-buy-diazepam-with-money-gram","13":"product_tag-buy-diazepam-with-western-union","14":"product_tag-buy-diazepam-without-a-doctor","15":"product_tag-buy-diazepam-without-prescription","16":"product_tag-diazepam","17":"product_tag-diazepam-for-sale","18":"desktop-align-center","19":"tablet-align-left","20":"mobile-align-left","22":"first","23":"instock","24":"shipping-taxable","25":"purchasable","26":"product-type-variable","27":"has-default-attributes"},"yoast_head":"<!-- This site is optimized with the Yoast SEO plugin v25.9 - https:\/\/yoast.com\/wordpress\/plugins\/seo\/ -->\n<title>Buy Diazepam Online USA - Buy Diazepam Online for Sale - Buy Prescriptionz<\/title>\n<meta name=\"description\" content=\"Buyprescriptionz.com is an online pharmacy store where you can Buy Diazepam Online at best price without doctor&#039;s prescription. Buy Diazepam Online Now with Free &amp; Secure Shipping!\" \/>\n<meta name=\"robots\" content=\"index, follow, max-snippet:-1, max-image-preview:large, max-video-preview:-1\" \/>\n<link rel=\"canonical\" href=\"https:\/\/buy-prescriptionz.com\/hu\/term\u00e9k\/diazepam-online-vasarlas\/\" \/>\n<meta property=\"og:locale\" content=\"hu_HU\" \/>\n<meta property=\"og:type\" content=\"article\" \/>\n<meta property=\"og:title\" content=\"Buy Diazepam Online USA - Buy Diazepam Online for Sale - Buy Prescriptionz\" \/>\n<meta property=\"og:description\" content=\"Buyprescriptionz.com is an online pharmacy store where you can Buy Diazepam Online at best price without doctor&#039;s prescription. Buy Diazepam Online Now with Free &amp; Secure Shipping!\" \/>\n<meta property=\"og:url\" content=\"https:\/\/buy-prescriptionz.com\/hu\/term\u00e9k\/diazepam-online-vasarlas\/\" \/>\n<meta property=\"og:site_name\" content=\"Buy Prescriptionz\" \/>\n<meta property=\"article:modified_time\" content=\"2026-04-20T05:58:05+00:00\" \/>\n<meta property=\"og:image\" content=\"https:\/\/buy-prescriptionz.com\/wp-content\/uploads\/2025\/09\/diazepam.jpg\" \/>\n\t<meta property=\"og:image:width\" content=\"400\" \/>\n\t<meta property=\"og:image:height\" content=\"300\" \/>\n\t<meta property=\"og:image:type\" content=\"image\/jpeg\" \/>\n<meta name=\"twitter:card\" content=\"summary_large_image\" \/>\n<meta name=\"twitter:label1\" content=\"Becs\u00fclt olvas\u00e1si id\u0151\" \/>\n\t<meta name=\"twitter:data1\" content=\"3 perc\" \/>\n<script type=\"application\/ld+json\" class=\"yoast-schema-graph\">{\"@context\":\"https:\/\/schema.org\",\"@graph\":[{\"@type\":\"WebPage\",\"@id\":\"https:\/\/buy-prescriptionz.com\/product\/buy-diazepam-online\/\",\"url\":\"https:\/\/buy-prescriptionz.com\/product\/buy-diazepam-online\/\",\"name\":\"Buy Diazepam Online USA - Buy Diazepam Online for Sale - Buy Prescriptionz\",\"isPartOf\":{\"@id\":\"https:\/\/buy-prescriptionz.com\/#website\"},\"primaryImageOfPage\":{\"@id\":\"https:\/\/buy-prescriptionz.com\/product\/buy-diazepam-online\/#primaryimage\"},\"image\":{\"@id\":\"https:\/\/buy-prescriptionz.com\/product\/buy-diazepam-online\/#primaryimage\"},\"thumbnailUrl\":\"https:\/\/buy-prescriptionz.com\/wp-content\/uploads\/2025\/09\/diazepam.jpg\",\"datePublished\":\"2025-09-16T08:55:51+00:00\",\"dateModified\":\"2026-04-20T05:58:05+00:00\",\"description\":\"Buyprescriptionz.com is an online pharmacy store where you can Buy Diazepam Online at best price without doctor's prescription. Buy Diazepam Online Now with Free & Secure Shipping!\",\"breadcrumb\":{\"@id\":\"https:\/\/buy-prescriptionz.com\/product\/buy-diazepam-online\/#breadcrumb\"},\"inLanguage\":\"hu\",\"potentialAction\":[{\"@type\":\"ReadAction\",\"target\":[\"https:\/\/buy-prescriptionz.com\/product\/buy-diazepam-online\/\"]}]},{\"@type\":\"ImageObject\",\"inLanguage\":\"hu\",\"@id\":\"https:\/\/buy-prescriptionz.com\/product\/buy-diazepam-online\/#primaryimage\",\"url\":\"https:\/\/buy-prescriptionz.com\/wp-content\/uploads\/2025\/09\/diazepam.jpg\",\"contentUrl\":\"https:\/\/buy-prescriptionz.com\/wp-content\/uploads\/2025\/09\/diazepam.jpg\",\"width\":400,\"height\":300},{\"@type\":\"BreadcrumbList\",\"@id\":\"https:\/\/buy-prescriptionz.com\/product\/buy-diazepam-online\/#breadcrumb\",\"itemListElement\":[{\"@type\":\"ListItem\",\"position\":1,\"name\":\"Home\",\"item\":\"https:\/\/buy-prescriptionz.com\/\"},{\"@type\":\"ListItem\",\"position\":2,\"name\":\"Shop Painkillers Online\",\"item\":\"https:\/\/buy-prescriptionz.com\/shop-painkillers-online\/\"},{\"@type\":\"ListItem\",\"position\":3,\"name\":\"Buy Diazepam Online\"}]},{\"@type\":\"WebSite\",\"@id\":\"https:\/\/buy-prescriptionz.com\/#website\",\"url\":\"https:\/\/buy-prescriptionz.com\/\",\"name\":\"Buy Prescriptionz\",\"description\":\"Drugs Online\",\"publisher\":{\"@id\":\"https:\/\/buy-prescriptionz.com\/#organization\"},\"potentialAction\":[{\"@type\":\"SearchAction\",\"target\":{\"@type\":\"EntryPoint\",\"urlTemplate\":\"https:\/\/buy-prescriptionz.com\/?s={search_term_string}\"},\"query-input\":{\"@type\":\"PropertyValueSpecification\",\"valueRequired\":true,\"valueName\":\"search_term_string\"}}],\"inLanguage\":\"hu\"},{\"@type\":\"Organization\",\"@id\":\"https:\/\/buy-prescriptionz.com\/#organization\",\"name\":\"Buy Prescriptionz\",\"url\":\"https:\/\/buy-prescriptionz.com\/\",\"logo\":{\"@type\":\"ImageObject\",\"inLanguage\":\"hu\",\"@id\":\"https:\/\/buy-prescriptionz.com\/#\/schema\/logo\/image\/\",\"url\":\"https:\/\/buy-prescriptionz.com\/wp-content\/uploads\/2023\/09\/logo.png\",\"contentUrl\":\"https:\/\/buy-prescriptionz.com\/wp-content\/uploads\/2023\/09\/logo.png\",\"width\":350,\"height\":64,\"caption\":\"Buy Prescriptionz\"},\"image\":{\"@id\":\"https:\/\/buy-prescriptionz.com\/#\/schema\/logo\/image\/\"}}]}<\/script>\n<!-- \/ Yoast SEO plugin. -->","yoast_head_json":{"title":"Diazepam v\u00e1s\u00e1rl\u00e1s online az USA-ban - Diazepam v\u00e1s\u00e1rl\u00e1s online elad\u00f3 - Receptk\u00f6teles gy\u00f3gyszerek v\u00e1s\u00e1rl\u00e1sa","description":"Buyprescriptionz.com is an online pharmacy store where you can Buy Diazepam Online at best price without doctor's prescription. Buy Diazepam Online Now with Free & Secure Shipping!","robots":{"index":"index","follow":"follow","max-snippet":"max-snippet:-1","max-image-preview":"max-image-preview:large","max-video-preview":"max-video-preview:-1"},"canonical":"https:\/\/buy-prescriptionz.com\/hu\/term\u00e9k\/diazepam-online-vasarlas\/","og_locale":"hu_HU","og_type":"article","og_title":"Buy Diazepam Online USA - Buy Diazepam Online for Sale - Buy Prescriptionz","og_description":"Buyprescriptionz.com is an online pharmacy store where you can Buy Diazepam Online at best price without doctor's prescription. Buy Diazepam Online Now with Free & Secure Shipping!","og_url":"https:\/\/buy-prescriptionz.com\/hu\/term\u00e9k\/diazepam-online-vasarlas\/","og_site_name":"Buy Prescriptionz","article_modified_time":"2026-04-20T05:58:05+00:00","og_image":[{"width":400,"height":300,"url":"https:\/\/buy-prescriptionz.com\/wp-content\/uploads\/2025\/09\/diazepam.jpg","type":"image\/jpeg"}],"twitter_card":"summary_large_image","twitter_misc":{"Becs\u00fclt olvas\u00e1si id\u0151":"3 perc"},"schema":{"@context":"https:\/\/schema.org","@graph":[{"@type":"WebPage","@id":"https:\/\/buy-prescriptionz.com\/product\/buy-diazepam-online\/","url":"https:\/\/buy-prescriptionz.com\/product\/buy-diazepam-online\/","name":"Diazepam v\u00e1s\u00e1rl\u00e1s online az USA-ban - Diazepam v\u00e1s\u00e1rl\u00e1s online elad\u00f3 - Receptk\u00f6teles gy\u00f3gyszerek v\u00e1s\u00e1rl\u00e1sa","isPartOf":{"@id":"https:\/\/buy-prescriptionz.com\/#website"},"primaryImageOfPage":{"@id":"https:\/\/buy-prescriptionz.com\/product\/buy-diazepam-online\/#primaryimage"},"image":{"@id":"https:\/\/buy-prescriptionz.com\/product\/buy-diazepam-online\/#primaryimage"},"thumbnailUrl":"https:\/\/buy-prescriptionz.com\/wp-content\/uploads\/2025\/09\/diazepam.jpg","datePublished":"2025-09-16T08:55:51+00:00","dateModified":"2026-04-20T05:58:05+00:00","description":"Buyprescriptionz.com is an online pharmacy store where you can Buy Diazepam Online at best price without doctor's prescription. Buy Diazepam Online Now with Free & Secure Shipping!","breadcrumb":{"@id":"https:\/\/buy-prescriptionz.com\/product\/buy-diazepam-online\/#breadcrumb"},"inLanguage":"hu","potentialAction":[{"@type":"ReadAction","target":["https:\/\/buy-prescriptionz.com\/product\/buy-diazepam-online\/"]}]},{"@type":"ImageObject","inLanguage":"hu","@id":"https:\/\/buy-prescriptionz.com\/product\/buy-diazepam-online\/#primaryimage","url":"https:\/\/buy-prescriptionz.com\/wp-content\/uploads\/2025\/09\/diazepam.jpg","contentUrl":"https:\/\/buy-prescriptionz.com\/wp-content\/uploads\/2025\/09\/diazepam.jpg","width":400,"height":300},{"@type":"BreadcrumbList","@id":"https:\/\/buy-prescriptionz.com\/product\/buy-diazepam-online\/#breadcrumb","itemListElement":[{"@type":"ListItem","position":1,"name":"Home","item":"https:\/\/buy-prescriptionz.com\/"},{"@type":"ListItem","position":2,"name":"Shop Painkillers Online","item":"https:\/\/buy-prescriptionz.com\/shop-painkillers-online\/"},{"@type":"ListItem","position":3,"name":"Buy Diazepam Online"}]},{"@type":"WebSite","@id":"https:\/\/buy-prescriptionz.com\/#website","url":"https:\/\/buy-prescriptionz.com\/","name":"Buy Prescriptionz","description":"Online gy\u00f3gyszerek","publisher":{"@id":"https:\/\/buy-prescriptionz.com\/#organization"},"potentialAction":[{"@type":"SearchAction","target":{"@type":"EntryPoint","urlTemplate":"https:\/\/buy-prescriptionz.com\/?s={search_term_string}"},"query-input":{"@type":"PropertyValueSpecification","valueRequired":true,"valueName":"search_term_string"}}],"inLanguage":"hu"},{"@type":"Organization","@id":"https:\/\/buy-prescriptionz.com\/#organization","name":"Buy Prescriptionz","url":"https:\/\/buy-prescriptionz.com\/","logo":{"@type":"ImageObject","inLanguage":"hu","@id":"https:\/\/buy-prescriptionz.com\/#\/schema\/logo\/image\/","url":"https:\/\/buy-prescriptionz.com\/wp-content\/uploads\/2023\/09\/logo.png","contentUrl":"https:\/\/buy-prescriptionz.com\/wp-content\/uploads\/2023\/09\/logo.png","width":350,"height":64,"caption":"Buy Prescriptionz"},"image":{"@id":"https:\/\/buy-prescriptionz.com\/#\/schema\/logo\/image\/"}}]}},"_links":{"self":[{"href":"https:\/\/buy-prescriptionz.com\/hu\/wp-json\/wp\/v2\/product\/2986","targetHints":{"allow":["GET"]}}],"collection":[{"href":"https:\/\/buy-prescriptionz.com\/hu\/wp-json\/wp\/v2\/product"}],"about":[{"href":"https:\/\/buy-prescriptionz.com\/hu\/wp-json\/wp\/v2\/types\/product"}],"replies":[{"embeddable":true,"href":"https:\/\/buy-prescriptionz.com\/hu\/wp-json\/wp\/v2\/comments?post=2986"}],"wp:featuredmedia":[{"embeddable":true,"href":"https:\/\/buy-prescriptionz.com\/hu\/wp-json\/wp\/v2\/media\/3016"}],"wp:attachment":[{"href":"https:\/\/buy-prescriptionz.com\/hu\/wp-json\/wp\/v2\/media?parent=2986"}],"wp:term":[{"taxonomy":"product_brand","embeddable":true,"href":"https:\/\/buy-prescriptionz.com\/hu\/wp-json\/wp\/v2\/product_brand?post=2986"},{"taxonomy":"product_cat","embeddable":true,"href":"https:\/\/buy-prescriptionz.com\/hu\/wp-json\/wp\/v2\/product_cat?post=2986"},{"taxonomy":"product_tag","embeddable":true,"href":"https:\/\/buy-prescriptionz.com\/hu\/wp-json\/wp\/v2\/product_tag?post=2986"}],"curies":[{"name":"wp","href":"https:\/\/api.w.org\/{rel}","templated":true}]}}