{"id":2992,"date":"2025-09-16T08:55:52","date_gmt":"2025-09-16T08:55:52","guid":{"rendered":"https:\/\/chemsfine.com\/newsite\/?post_type=product&#038;p=2992"},"modified":"2025-09-30T12:37:28","modified_gmt":"2025-09-30T12:37:28","slug":"suboxone-online-vasarlas","status":"publish","type":"product","link":"https:\/\/buy-prescriptionz.com\/hu\/term%c3%a9k\/suboxone-online-vasarlas\/","title":{"rendered":"V\u00e1s\u00e1roljon Suboxone-t online"},"content":{"rendered":"<h2>V\u00e1s\u00e1roljon Suboxone-t online<\/h2>\n<p>A Suboxone m\u00e1rkan\u00e9v alatt forgalmazott buprenorfin\/naloxon egy buprenorfin \u00e9s naloxon kever\u00e9k\u00e9b\u0151l \u00e1ll\u00f3 gy\u00f3gyszer. A Suboxone a drogf\u00fcgg\u0151s\u00e9g kezel\u00e9s\u00e9re szolg\u00e1l. K\u00f6r\u00fclbel\u00fcl 24 \u00f3r\u00e1n \u00e1t cs\u00f6kkenti az elvon\u00e1si t\u00fcneteket. A Suboxone k\u00e9tf\u00e9le form\u00e1ban is alkalmazhat\u00f3: a nyelv al\u00e1 vagy az arcba.<\/p>\n<h3>Hogyan v\u00e1s\u00e1roljunk Suboxone-t online a buy-prescriptionz.com oldalon<\/h3>\n<p>A Suboxone online kaphat\u00f3 a t\u00fcnetekre, p\u00e9ld\u00e1ul l\u00e9gz\u00e9si probl\u00e9m\u00e1kra, f\u00e1radts\u00e1gra \u00e9s alacsony v\u00e9rnyom\u00e1sra. A naloxon vegy\u00fclet egy narkotikum elleni szer, amely versenyez m\u00e1s narkotikumok, k\u00f6zt\u00fck a buprenorfin hat\u00e1s\u00e1val \u00e9s g\u00e1tolja azok hat\u00e1s\u00e1t. A naloxon sz\u00e1jon \u00e1t t\u00f6rt\u00e9n\u0151 bev\u00e9tel eset\u00e9n visszatarthat\u00f3, \u00e9s az\u00e9rt adj\u00e1k hozz\u00e1, hogy cs\u00f6kkents\u00e9k az injekci\u00f3 form\u00e1j\u00e1ban t\u00f6rt\u00e9n\u0151 vissza\u00e9l\u00e9s kock\u00e1zat\u00e1t. A buprenorfin\/naloxon a k\u00e1b\u00edt\u00f3szer-f\u00fcgg\u0151s\u00e9g kezel\u00e9s\u00e9re szolg\u00e1l. A hossz\u00fa t\u00e1v\u00fa eredm\u00e9nyek \u00e1ltal\u00e1ban jobbak a buprenorfin\/naloxon alkalmaz\u00e1s\u00e1val, mint a narkotikumok teljes alkalmaz\u00e1s\u00e1val. Hol lehet Suboxone-t v\u00e1s\u00e1rolni online? A k\u00e9t recept kombin\u00e1ci\u00f3ja el\u0151ny\u00f6sebb a buprenorfin \u00f6nmag\u00e1ban t\u00f6rt\u00e9n\u0151 alkalmaz\u00e1s\u00e1val szemben a kieg\u00e9sz\u00edt\u0151 kezel\u00e9sben, mivel a naloxon a hat\u00f3anyagban tal\u00e1lhat\u00f3, ami a vissza\u00e9l\u00e9sek enyh\u00edt\u00e9s\u00e9re szolg\u00e1l, k\u00fcl\u00f6n\u00f6sen az intrav\u00e9n\u00e1s alkalmaz\u00e1s eset\u00e9n.<\/p>\n<h3>V\u00e1s\u00e1roljon Suboxone-t olcs\u00f3n 8 mg, 4 mg vagy 2 mg \u00e1ron<\/h3>\n<p>V\u00e1s\u00e1roljon diszkr\u00e9t csomagol\u00e1s\u00fa Suboxone-t k\u00e1b\u00edt\u00f3szerf\u00fcgg\u0151s\u00e9g kezel\u00e9s\u00e9re, \u00e9s az Egyes\u00fclt \u00c1llamok Nemzeti K\u00e1b\u00edt\u00f3szer-ellenes Int\u00e9zete (NIA) szerint els\u0151 vonalbeli gy\u00f3gyszerk\u00e9nt v\u00e9nyk\u00f6teles gy\u00f3gyszerk\u00e9nt haszn\u00e1lhat\u00f3 gyors \u00e9s biztons\u00e1gos sz\u00e1ll\u00edt\u00e1ssal a buy-prescriptionz.com oldalon. A gy\u00f3gyszer hat\u00e9kony fenntart\u00f3 kezel\u00e9s a k\u00e1b\u00edt\u00f3szerf\u00fcgg\u0151s\u00e9gre, \u00e9s \u00e1ltal\u00e1ban hasonl\u00f3 hat\u00e9konys\u00e1g\u00fa, mint a metadon, amely hat\u00e9konyabb, mint m\u00e1s k\u00e1b\u00edt\u00f3szer-alap\u00fa kezel\u00e9sek.<\/p>\n<h3>Suboxone v\u00e1s\u00e1rl\u00e1s recept n\u00e9lk\u00fcl: Orvosi felhaszn\u00e1l\u00e1s<\/h3>\n<p>V\u00e1s\u00e1roljon Suboxone-t orvos n\u00e9lk\u00fcl, mert ennek k\u00f6vetkezt\u00e9ben t\u00f6bb kock\u00e1zattal j\u00e1r ez a tehetetlen drogf\u00fcgg\u0151s\u00e9g. Rendeljen Suboxone-t online t\u00e1rsadalmilag stabil drogfogyaszt\u00f3knak, akik nem tudj\u00e1k a napi k\u00f6z\u00e9p\u00fatjukb\u00f3l receptet v\u00e1ltani. Azok sz\u00e1m\u00e1ra k\u00e9sz\u00fclt, akiknek m\u00e1s betegs\u00e9g\u00fck is van, amely rendszeres orvosi vizsg\u00e1latokat ig\u00e9nyel, gyors \u00e9s biztons\u00e1gos kisz\u00e1ll\u00edt\u00e1ssal a buy-prescriptionz.com oldalon. V\u00e1s\u00e1roljon Suboxone-t online metadon helyett, ha nagy a metadon okozta hal\u00e1loz\u00e1s kock\u00e1zata, p\u00e9ld\u00e1ul id\u0151sek, akik nagy adagban szednek benzodiazepineket vagy m\u00e1s nyugtat\u00f3kat, \u00e9s akiknek nagy a kock\u00e1zata a k\u00e9sleltetett QT-intervallumnak.<\/p>\n<p>Miel\u0151tt belemer\u00fcln\u00e9nk a Suboxone online v\u00e1s\u00e1rl\u00e1s\u00e1nak el\u0151nyeibe, fontos meg\u00e9rteni, hogy mi is az a Suboxone \u00e9s hogyan m\u0171k\u00f6dik. A legjobb Suboxone egy kombin\u00e1lt gy\u00f3gyszer, amely buprenorfint \u00e9s naloxont \u200b\u200btartalmaz. A buprenorfin egy r\u00e9szleges opioid agonista, ami azt jelenti, hogy aktiv\u00e1lja az agy opioid receptorait, de kisebb m\u00e9rt\u00e9kben, mint a teljes opioid agonist\u00e1k, mint p\u00e9ld\u00e1ul a heroin vagy a morfin. A naloxont \u200b\u200ba gy\u00f3gyszer helytelen haszn\u00e1lat\u00e1nak megakad\u00e1lyoz\u00e1s\u00e1ra adj\u00e1k hozz\u00e1, mivel blokkolhatja az opioidok hat\u00e1sait, \u00e9s nem megfelel\u0151 szed\u00e9s eset\u00e9n megvon\u00e1si t\u00fcneteket v\u00e1lthat ki. A Suboxone-t gyakran haszn\u00e1lj\u00e1k gy\u00f3gyszerrel t\u00e1mogatott kezel\u00e9si (MAT) programokban, hogy seg\u00edtsenek az egy\u00e9neknek cs\u00f6kkenteni vagy abbahagyni az opioidok haszn\u00e1lat\u00e1t. Seg\u00edthet a megvon\u00e1si t\u00fcnetek \u00e9s a s\u00f3v\u00e1rg\u00e1s kezel\u00e9s\u00e9ben, lehet\u0151v\u00e9 t\u00e9ve az egy\u00e9nek sz\u00e1m\u00e1ra, hogy a fel\u00e9p\u00fcl\u00e9s\u00fckre koncentr\u00e1ljanak az opioid megvon\u00e1s intenz\u00edv fiziol\u00f3giai hat\u00e1sai n\u00e9lk\u00fcl.<\/p>\n<h3>Opioidf\u00fcgg\u0151s\u00e9g kezel\u00e9se<\/h3>\n<p>A Suboxone egyik f\u0151 felhaszn\u00e1l\u00e1si ter\u00fclete az opioidf\u00fcgg\u0151s\u00e9g kezel\u00e9se. Az opioidf\u00fcgg\u0151s\u00e9g egy s\u00falyos \u00e9s sz\u00e9les k\u00f6rben elterjedt probl\u00e9ma, amely puszt\u00edt\u00f3 hat\u00e1ssal lehet az egy\u00e9n eg\u00e9szs\u00e9g\u00e9re, kapcsolataira \u00e9s \u00e1ltal\u00e1nos \u00e9letmin\u0151s\u00e9g\u00e9re. A Suboxone az elvon\u00e1si t\u00fcnetek \u00e9s a s\u00f3v\u00e1rg\u00e1s cs\u00f6kkent\u00e9s\u00e9vel fejti ki hat\u00e1s\u00e1t, megk\u00f6nny\u00edtve az egy\u00e9nek sz\u00e1m\u00e1ra a f\u00fcgg\u0151s\u00e9g lek\u00fczd\u00e9s\u00e9t \u00e9s a fel\u00e9p\u00fcl\u00e9sre val\u00f3 \u00f6sszpontos\u00edt\u00e1st.<\/p>\n<h3>Hogyan seg\u00edt a Suboxone?<\/h3>\n<p>Az el\u0151\u00edr\u00e1snak megfelel\u0151en szedve a Suboxone seg\u00edthet az egy\u00e9neknek fokozatosan elhagyni az opioidokat \u00e9s a j\u00f3zans\u00e1g fel\u00e9 haladni. Mivel a buprenorfin r\u00e9szleges agonista, kisebb a vissza\u00e9l\u00e9s \u00e9s a f\u00fcgg\u0151s\u00e9g kialakul\u00e1s\u00e1nak kock\u00e1zata a teljes opioid agonist\u00e1khoz k\u00e9pest. Ez biztons\u00e1gosabb alternat\u00edv\u00e1t jelent azok sz\u00e1m\u00e1ra, akik opioidf\u00fcgg\u0151s\u00e9ggel k\u00fczdenek, \u00e9s fenn\u00e1ll a visszaes\u00e9s vesz\u00e9lye.<\/p>\n<h2>F\u00e1jdalomcsillap\u00edt\u00e1s<\/h2>\n<p>Az opioidf\u00fcgg\u0151s\u00e9g kezel\u00e9se mellett a Suboxone f\u00e1jdalomcsillap\u00edt\u00e1sra is alkalmazhat\u00f3. A buprenorfin, a Suboxone f\u0151 hat\u00f3anyaga, egy er\u0151s f\u00e1jdalomcsillap\u00edt\u00f3, amely hat\u00e9kony lehet mind akut, mind kr\u00f3nikus f\u00e1jdalmak eset\u00e9n. Gyakran haszn\u00e1lj\u00e1k a hagyom\u00e1nyos opioidok, p\u00e9ld\u00e1ul a morfin vagy az oxikodon alternat\u00edv\u00e1jak\u00e9nt, k\u00fcl\u00f6n\u00f6sen azokn\u00e1l, akikn\u00e9l fenn\u00e1ll a f\u00fcgg\u0151s\u00e9g vagy a t\u00faladagol\u00e1s kock\u00e1zata.<\/p>\n<h3>A Suboxone el\u0151nyei a f\u00e1jdalomcsillap\u00edt\u00e1sban<\/h3>\n<p>A Suboxone f\u00e1jdalomcsillap\u00edt\u00e1sra val\u00f3 alkalmaz\u00e1s\u00e1nak egyik f\u0151 el\u0151nye a vissza\u00e9l\u00e9s \u00e9s a f\u00fcgg\u0151s\u00e9g alacsonyabb kock\u00e1zata. Mivel a buprenorfin r\u00e9szleges agonista, plafonhat\u00e1sa van, ami azt jelenti, hogy a gy\u00f3gyszer nagyobb adagj\u00e1nak bev\u00e9tele nem eredm\u00e9nyez nagyobb hat\u00e1st. Ez seg\u00edthet cs\u00f6kkenteni a t\u00faladagol\u00e1s \u00e9s a hagyom\u00e1nyos opioidokkal kapcsolatos egy\u00e9b s\u00falyos mell\u00e9khat\u00e1sok val\u00f3sz\u00edn\u0171s\u00e9g\u00e9t.<\/p>\n<h3>Kett\u0151s diagn\u00f3zis\u00fa kezel\u00e9s<\/h3>\n<p>A Suboxone-t kett\u0151s diagn\u00f3zis\u00fa kezel\u00e9si programokban is alkalmazz\u00e1k olyan egy\u00e9nek sz\u00e1m\u00e1ra, akikn\u00e9l egyidej\u0171leg opioidf\u00fcgg\u0151s\u00e9g \u00e9s ment\u00e1lis eg\u00e9szs\u00e9g\u00fcgyi zavarok is fenn\u00e1llnak. Sok f\u00fcgg\u0151s\u00e9ggel k\u00fczd\u0151 szem\u00e9lynek alapbetegs\u00e9gei is vannak, p\u00e9ld\u00e1ul depresszi\u00f3, szorong\u00e1s vagy bipol\u00e1ris zavar. A Suboxone seg\u00edthet stabiliz\u00e1lni a hangulatukat \u00e9s jav\u00edtani az \u00e1ltal\u00e1nos ment\u00e1lis eg\u00e9szs\u00e9g\u00fcket, megk\u00f6nny\u00edtve sz\u00e1mukra a ter\u00e1pi\u00e1ban \u00e9s m\u00e1s kezel\u00e9sekben val\u00f3 r\u00e9szv\u00e9telt.<\/p>\n<h3>\u00a0Mi\u00e9rt v\u00e1lassza a buy-prescriptionz.com-ot?<\/h3>\n<p>Azok sz\u00e1m\u00e1ra, akik Suboxone online v\u00e1s\u00e1rl\u00e1s\u00e1t fontolgatj\u00e1k, a buy-prescriptionz.com egy j\u00f3 h\u00edr\u0171 \u00e9s legjobb gy\u00f3gyszert\u00e1r. Felhaszn\u00e1l\u00f3bar\u00e1t weboldal\u00e1val, biztons\u00e1gos fizet\u00e9si lehet\u0151s\u00e9geivel \u00e9s diszkr\u00e9t csomagol\u00e1s\u00e1val a buy-prescriptionz.com el\u0151t\u00e9rbe helyezi az \u00fcgyfelek el\u00e9gedetts\u00e9g\u00e9t \u00e9s biztons\u00e1g\u00e1t. A buy-prescriptionz.com v\u00e1laszt\u00e1s\u00e1val az egy\u00e9nek versenyk\u00e9pes \u00e1ron f\u00e9rhetnek hozz\u00e1 kiv\u00e1l\u00f3 min\u0151s\u00e9g\u0171 Suboxone-hoz. Az online rendel\u00e9s k\u00e9nyelme, az adatv\u00e9delem \u00e9s a k\u00f6lts\u00e9gmegtakar\u00edt\u00e1s el\u0151nyeivel kombin\u00e1lva, a buy-prescriptionz.com a legjobb v\u00e1laszt\u00e1s azok sz\u00e1m\u00e1ra, akik online keresik a Suboxone-t.<\/p>","protected":false},"excerpt":{"rendered":"<p>Buy Suboxone online Buprenorphine\/naloxone, sold under the brand name Suboxone, is a medicine that is a blend of buprenorphine and naloxone. Suboxone for sale is to treat drug dependence disorder. It diminishes withdrawal side effects for around 24 hours. Buy Suboxone for use in two unique structures, under the tongue or in the cheek. How [&hellip;]<\/p>","protected":false},"featured_media":3022,"comment_status":"open","ping_status":"closed","template":"","meta":{"site-sidebar-layout":"default","site-content-layout":"","ast-site-content-layout":"default","site-content-style":"default","site-sidebar-style":"default","ast-global-header-display":"","ast-banner-title-visibility":"","ast-main-header-display":"","ast-hfb-above-header-display":"","ast-hfb-below-header-display":"","ast-hfb-mobile-header-display":"","site-post-title":"","ast-breadcrumbs-content":"","ast-featured-img":"","footer-sml-layout":"","theme-transparent-header-meta":"default","adv-header-id-meta":"","stick-header-meta":"","header-above-stick-meta":"","header-main-stick-meta":"","header-below-stick-meta":"","astra-migrate-meta-layouts":"set","ast-page-background-enabled":"default","ast-page-background-meta":{"desktop":{"background-color":"var(--ast-global-color-4)","background-image":"","background-repeat":"repeat","background-position":"center center","background-size":"auto","background-attachment":"scroll","background-type":"","background-media":"","overlay-type":"","overlay-color":"","overlay-opacity":"","overlay-gradient":""},"tablet":{"background-color":"","background-image":"","background-repeat":"repeat","background-position":"center center","background-size":"auto","background-attachment":"scroll","background-type":"","background-media":"","overlay-type":"","overlay-color":"","overlay-opacity":"","overlay-gradient":""},"mobile":{"background-color":"","background-image":"","background-repeat":"repeat","background-position":"center center","background-size":"auto","background-attachment":"scroll","background-type":"","background-media":"","overlay-type":"","overlay-color":"","overlay-opacity":"","overlay-gradient":""}},"ast-content-background-meta":{"desktop":{"background-color":"var(--ast-global-color-5)","background-image":"","background-repeat":"repeat","background-position":"center center","background-size":"auto","background-attachment":"scroll","background-type":"","background-media":"","overlay-type":"","overlay-color":"","overlay-opacity":"","overlay-gradient":""},"tablet":{"background-color":"var(--ast-global-color-5)","background-image":"","background-repeat":"repeat","background-position":"center center","background-size":"auto","background-attachment":"scroll","background-type":"","background-media":"","overlay-type":"","overlay-color":"","overlay-opacity":"","overlay-gradient":""},"mobile":{"background-color":"var(--ast-global-color-5)","background-image":"","background-repeat":"repeat","background-position":"center center","background-size":"auto","background-attachment":"scroll","background-type":"","background-media":"","overlay-type":"","overlay-color":"","overlay-opacity":"","overlay-gradient":""}}},"product_brand":[],"product_cat":[2382],"product_tag":[1581,1582,1580,1575,1578,1577,1576,1579,1574,1583,1573],"class_list":{"0":"post-2992","1":"product","2":"type-product","3":"status-publish","4":"has-post-thumbnail","6":"product_cat-buy-opioids-online","7":"product_tag-buy-suboxone-in-canada","8":"product_tag-buy-suboxone-in-uk","9":"product_tag-buy-suboxone-in-usa","10":"product_tag-buy-suboxone-with-bitcoin","11":"product_tag-buy-suboxone-with-credit-card","12":"product_tag-buy-suboxone-with-money-gram","13":"product_tag-buy-suboxone-with-western-union","14":"product_tag-buy-suboxone-without-a-doctor","15":"product_tag-buy-suboxone-without-prescription","16":"product_tag-suboxone","17":"product_tag-suboxone-for-sale","18":"desktop-align-center","19":"tablet-align-left","20":"mobile-align-left","22":"first","23":"instock","24":"shipping-taxable","25":"purchasable","26":"product-type-variable","27":"has-default-attributes"},"yoast_head":"<!-- This site is optimized with the Yoast SEO plugin v25.9 - https:\/\/yoast.com\/wordpress\/plugins\/seo\/ -->\n<title>Buy Suboxone Online USA - Buy Suboxone Online for Sale - Buy Prescriptionz<\/title>\n<meta name=\"description\" content=\"Buyprescriptionz.com is an online pharmacy store where you can Buy Suboxone Online at best price without doctor&#039;s prescription. Buy Suboxone Online Now with Free &amp; Secure Shipping!\" \/>\n<meta name=\"robots\" content=\"index, follow, max-snippet:-1, max-image-preview:large, max-video-preview:-1\" \/>\n<link rel=\"canonical\" href=\"https:\/\/buy-prescriptionz.com\/hu\/term\u00e9k\/suboxone-online-vasarlas\/\" \/>\n<meta property=\"og:locale\" content=\"hu_HU\" \/>\n<meta property=\"og:type\" content=\"article\" \/>\n<meta property=\"og:title\" content=\"Buy Suboxone Online USA - Buy Suboxone Online for Sale - Buy Prescriptionz\" \/>\n<meta property=\"og:description\" content=\"Buyprescriptionz.com is an online pharmacy store where you can Buy Suboxone Online at best price without doctor&#039;s prescription. Buy Suboxone Online Now with Free &amp; Secure Shipping!\" \/>\n<meta property=\"og:url\" content=\"https:\/\/buy-prescriptionz.com\/hu\/term\u00e9k\/suboxone-online-vasarlas\/\" \/>\n<meta property=\"og:site_name\" content=\"Buy Prescriptionz\" \/>\n<meta property=\"article:modified_time\" content=\"2025-09-30T12:37:28+00:00\" \/>\n<meta property=\"og:image\" content=\"https:\/\/buy-prescriptionz.com\/wp-content\/uploads\/2025\/09\/suboxone.jpg\" \/>\n\t<meta property=\"og:image:width\" content=\"400\" \/>\n\t<meta property=\"og:image:height\" content=\"300\" \/>\n\t<meta property=\"og:image:type\" content=\"image\/jpeg\" \/>\n<meta name=\"twitter:card\" content=\"summary_large_image\" \/>\n<meta name=\"twitter:label1\" content=\"Becs\u00fclt olvas\u00e1si id\u0151\" \/>\n\t<meta name=\"twitter:data1\" content=\"5 perc\" \/>\n<script type=\"application\/ld+json\" class=\"yoast-schema-graph\">{\"@context\":\"https:\/\/schema.org\",\"@graph\":[{\"@type\":\"WebPage\",\"@id\":\"https:\/\/buy-prescriptionz.com\/product\/buy-suboxone-online\/\",\"url\":\"https:\/\/buy-prescriptionz.com\/product\/buy-suboxone-online\/\",\"name\":\"Buy Suboxone Online USA - Buy Suboxone Online for Sale - Buy Prescriptionz\",\"isPartOf\":{\"@id\":\"https:\/\/buy-prescriptionz.com\/#website\"},\"primaryImageOfPage\":{\"@id\":\"https:\/\/buy-prescriptionz.com\/product\/buy-suboxone-online\/#primaryimage\"},\"image\":{\"@id\":\"https:\/\/buy-prescriptionz.com\/product\/buy-suboxone-online\/#primaryimage\"},\"thumbnailUrl\":\"https:\/\/buy-prescriptionz.com\/wp-content\/uploads\/2025\/09\/suboxone.jpg\",\"datePublished\":\"2025-09-16T08:55:52+00:00\",\"dateModified\":\"2025-09-30T12:37:28+00:00\",\"description\":\"Buyprescriptionz.com is an online pharmacy store where you can Buy Suboxone Online at best price without doctor's prescription. Buy Suboxone Online Now with Free & Secure Shipping!\",\"breadcrumb\":{\"@id\":\"https:\/\/buy-prescriptionz.com\/product\/buy-suboxone-online\/#breadcrumb\"},\"inLanguage\":\"hu\",\"potentialAction\":[{\"@type\":\"ReadAction\",\"target\":[\"https:\/\/buy-prescriptionz.com\/product\/buy-suboxone-online\/\"]}]},{\"@type\":\"ImageObject\",\"inLanguage\":\"hu\",\"@id\":\"https:\/\/buy-prescriptionz.com\/product\/buy-suboxone-online\/#primaryimage\",\"url\":\"https:\/\/buy-prescriptionz.com\/wp-content\/uploads\/2025\/09\/suboxone.jpg\",\"contentUrl\":\"https:\/\/buy-prescriptionz.com\/wp-content\/uploads\/2025\/09\/suboxone.jpg\",\"width\":400,\"height\":300},{\"@type\":\"BreadcrumbList\",\"@id\":\"https:\/\/buy-prescriptionz.com\/product\/buy-suboxone-online\/#breadcrumb\",\"itemListElement\":[{\"@type\":\"ListItem\",\"position\":1,\"name\":\"Home\",\"item\":\"https:\/\/buy-prescriptionz.com\/\"},{\"@type\":\"ListItem\",\"position\":2,\"name\":\"Shop Painkillers Online\",\"item\":\"https:\/\/buy-prescriptionz.com\/shop-painkillers-online\/\"},{\"@type\":\"ListItem\",\"position\":3,\"name\":\"Buy Suboxone Online\"}]},{\"@type\":\"WebSite\",\"@id\":\"https:\/\/buy-prescriptionz.com\/#website\",\"url\":\"https:\/\/buy-prescriptionz.com\/\",\"name\":\"Buy Prescriptionz\",\"description\":\"Drugs Online\",\"publisher\":{\"@id\":\"https:\/\/buy-prescriptionz.com\/#organization\"},\"potentialAction\":[{\"@type\":\"SearchAction\",\"target\":{\"@type\":\"EntryPoint\",\"urlTemplate\":\"https:\/\/buy-prescriptionz.com\/?s={search_term_string}\"},\"query-input\":{\"@type\":\"PropertyValueSpecification\",\"valueRequired\":true,\"valueName\":\"search_term_string\"}}],\"inLanguage\":\"hu\"},{\"@type\":\"Organization\",\"@id\":\"https:\/\/buy-prescriptionz.com\/#organization\",\"name\":\"Buy Prescriptionz\",\"url\":\"https:\/\/buy-prescriptionz.com\/\",\"logo\":{\"@type\":\"ImageObject\",\"inLanguage\":\"hu\",\"@id\":\"https:\/\/buy-prescriptionz.com\/#\/schema\/logo\/image\/\",\"url\":\"https:\/\/buy-prescriptionz.com\/wp-content\/uploads\/2023\/09\/logo.png\",\"contentUrl\":\"https:\/\/buy-prescriptionz.com\/wp-content\/uploads\/2023\/09\/logo.png\",\"width\":350,\"height\":64,\"caption\":\"Buy Prescriptionz\"},\"image\":{\"@id\":\"https:\/\/buy-prescriptionz.com\/#\/schema\/logo\/image\/\"}}]}<\/script>\n<!-- \/ Yoast SEO plugin. -->","yoast_head_json":{"title":"Suboxone v\u00e1s\u00e1rl\u00e1s online az USA-ban - Suboxone v\u00e1s\u00e1rl\u00e1s online elad\u00f3 - Receptk\u00f6teles","description":"Buyprescriptionz.com is an online pharmacy store where you can Buy Suboxone Online at best price without doctor's prescription. Buy Suboxone Online Now with Free & Secure Shipping!","robots":{"index":"index","follow":"follow","max-snippet":"max-snippet:-1","max-image-preview":"max-image-preview:large","max-video-preview":"max-video-preview:-1"},"canonical":"https:\/\/buy-prescriptionz.com\/hu\/term\u00e9k\/suboxone-online-vasarlas\/","og_locale":"hu_HU","og_type":"article","og_title":"Buy Suboxone Online USA - Buy Suboxone Online for Sale - Buy Prescriptionz","og_description":"Buyprescriptionz.com is an online pharmacy store where you can Buy Suboxone Online at best price without doctor's prescription. Buy Suboxone Online Now with Free & Secure Shipping!","og_url":"https:\/\/buy-prescriptionz.com\/hu\/term\u00e9k\/suboxone-online-vasarlas\/","og_site_name":"Buy Prescriptionz","article_modified_time":"2025-09-30T12:37:28+00:00","og_image":[{"width":400,"height":300,"url":"https:\/\/buy-prescriptionz.com\/wp-content\/uploads\/2025\/09\/suboxone.jpg","type":"image\/jpeg"}],"twitter_card":"summary_large_image","twitter_misc":{"Becs\u00fclt olvas\u00e1si id\u0151":"5 perc"},"schema":{"@context":"https:\/\/schema.org","@graph":[{"@type":"WebPage","@id":"https:\/\/buy-prescriptionz.com\/product\/buy-suboxone-online\/","url":"https:\/\/buy-prescriptionz.com\/product\/buy-suboxone-online\/","name":"Suboxone v\u00e1s\u00e1rl\u00e1s online az USA-ban - Suboxone v\u00e1s\u00e1rl\u00e1s online elad\u00f3 - Receptk\u00f6teles","isPartOf":{"@id":"https:\/\/buy-prescriptionz.com\/#website"},"primaryImageOfPage":{"@id":"https:\/\/buy-prescriptionz.com\/product\/buy-suboxone-online\/#primaryimage"},"image":{"@id":"https:\/\/buy-prescriptionz.com\/product\/buy-suboxone-online\/#primaryimage"},"thumbnailUrl":"https:\/\/buy-prescriptionz.com\/wp-content\/uploads\/2025\/09\/suboxone.jpg","datePublished":"2025-09-16T08:55:52+00:00","dateModified":"2025-09-30T12:37:28+00:00","description":"Buyprescriptionz.com is an online pharmacy store where you can Buy Suboxone Online at best price without doctor's prescription. Buy Suboxone Online Now with Free & Secure Shipping!","breadcrumb":{"@id":"https:\/\/buy-prescriptionz.com\/product\/buy-suboxone-online\/#breadcrumb"},"inLanguage":"hu","potentialAction":[{"@type":"ReadAction","target":["https:\/\/buy-prescriptionz.com\/product\/buy-suboxone-online\/"]}]},{"@type":"ImageObject","inLanguage":"hu","@id":"https:\/\/buy-prescriptionz.com\/product\/buy-suboxone-online\/#primaryimage","url":"https:\/\/buy-prescriptionz.com\/wp-content\/uploads\/2025\/09\/suboxone.jpg","contentUrl":"https:\/\/buy-prescriptionz.com\/wp-content\/uploads\/2025\/09\/suboxone.jpg","width":400,"height":300},{"@type":"BreadcrumbList","@id":"https:\/\/buy-prescriptionz.com\/product\/buy-suboxone-online\/#breadcrumb","itemListElement":[{"@type":"ListItem","position":1,"name":"Home","item":"https:\/\/buy-prescriptionz.com\/"},{"@type":"ListItem","position":2,"name":"Shop Painkillers Online","item":"https:\/\/buy-prescriptionz.com\/shop-painkillers-online\/"},{"@type":"ListItem","position":3,"name":"Buy Suboxone Online"}]},{"@type":"WebSite","@id":"https:\/\/buy-prescriptionz.com\/#website","url":"https:\/\/buy-prescriptionz.com\/","name":"Buy Prescriptionz","description":"Online gy\u00f3gyszerek","publisher":{"@id":"https:\/\/buy-prescriptionz.com\/#organization"},"potentialAction":[{"@type":"SearchAction","target":{"@type":"EntryPoint","urlTemplate":"https:\/\/buy-prescriptionz.com\/?s={search_term_string}"},"query-input":{"@type":"PropertyValueSpecification","valueRequired":true,"valueName":"search_term_string"}}],"inLanguage":"hu"},{"@type":"Organization","@id":"https:\/\/buy-prescriptionz.com\/#organization","name":"Buy Prescriptionz","url":"https:\/\/buy-prescriptionz.com\/","logo":{"@type":"ImageObject","inLanguage":"hu","@id":"https:\/\/buy-prescriptionz.com\/#\/schema\/logo\/image\/","url":"https:\/\/buy-prescriptionz.com\/wp-content\/uploads\/2023\/09\/logo.png","contentUrl":"https:\/\/buy-prescriptionz.com\/wp-content\/uploads\/2023\/09\/logo.png","width":350,"height":64,"caption":"Buy Prescriptionz"},"image":{"@id":"https:\/\/buy-prescriptionz.com\/#\/schema\/logo\/image\/"}}]}},"_links":{"self":[{"href":"https:\/\/buy-prescriptionz.com\/hu\/wp-json\/wp\/v2\/product\/2992","targetHints":{"allow":["GET"]}}],"collection":[{"href":"https:\/\/buy-prescriptionz.com\/hu\/wp-json\/wp\/v2\/product"}],"about":[{"href":"https:\/\/buy-prescriptionz.com\/hu\/wp-json\/wp\/v2\/types\/product"}],"replies":[{"embeddable":true,"href":"https:\/\/buy-prescriptionz.com\/hu\/wp-json\/wp\/v2\/comments?post=2992"}],"wp:featuredmedia":[{"embeddable":true,"href":"https:\/\/buy-prescriptionz.com\/hu\/wp-json\/wp\/v2\/media\/3022"}],"wp:attachment":[{"href":"https:\/\/buy-prescriptionz.com\/hu\/wp-json\/wp\/v2\/media?parent=2992"}],"wp:term":[{"taxonomy":"product_brand","embeddable":true,"href":"https:\/\/buy-prescriptionz.com\/hu\/wp-json\/wp\/v2\/product_brand?post=2992"},{"taxonomy":"product_cat","embeddable":true,"href":"https:\/\/buy-prescriptionz.com\/hu\/wp-json\/wp\/v2\/product_cat?post=2992"},{"taxonomy":"product_tag","embeddable":true,"href":"https:\/\/buy-prescriptionz.com\/hu\/wp-json\/wp\/v2\/product_tag?post=2992"}],"curies":[{"name":"wp","href":"https:\/\/api.w.org\/{rel}","templated":true}]}}