{"id":2995,"date":"2025-09-16T08:55:52","date_gmt":"2025-09-16T08:55:52","guid":{"rendered":"https:\/\/chemsfine.com\/newsite\/?post_type=product&#038;p=2995"},"modified":"2026-03-26T18:00:50","modified_gmt":"2026-03-26T18:00:50","slug":"tramadolt-online-vasarolni","status":"publish","type":"product","link":"https:\/\/buy-prescriptionz.com\/hu\/term%c3%a9k\/tramadolt-online-vasarolni\/","title":{"rendered":"V\u00e1s\u00e1roljon Tramadol Online"},"content":{"rendered":"<h2>V\u00e1s\u00e1roljon Tramadol Online<\/h2>\n<p>V\u00e1s\u00e1roljon Tramadolt online. A Tramadol egy narkotikus f\u00e1jdalomcsillap\u00edt\u00f3, amelyet kr\u00f3nikus f\u00e1jdalomra haszn\u00e1lnak. V\u00e1s\u00e1roljon Tramadolt online, sz\u00e1jon \u00e1t, gyorsan felsz\u00edv\u00f3d\u00f3 form\u00e1ban, a f\u00e1jdalom enyh\u00edt\u00e9se \u00e1ltal\u00e1ban k\u00f6r\u00fclbel\u00fcl egy \u00f3ra m\u00falva kezd\u0151dik. Injekci\u00f3 form\u00e1j\u00e1ban kaphat\u00f3. V\u00e1s\u00e1roljon Tramadolt paracetamollal keverve vagy hosszabb hat\u00e1startam\u00fa k\u00e9sz\u00edtm\u00e9nyek form\u00e1j\u00e1ban.<\/p>\n<h3>Tramadol elad\u00f3 100 mg-os \u00e9s 50 mg-os kiszerel\u00e9sben<\/h3>\n<p>A Tramadol online a neuronok \u03bc-narkotikus receptorain kereszt\u00fcl hat. Ez egy szerotonin-noradrenalin \u00fajrafelv\u00e9tel-g\u00e1tl\u00f3. A m\u00e1jban O-dezmetiltramadoll\u00e1 alakul, egy olyan narkotikumm\u00e1, amelynek er\u0151sebb a kapcsolata a \u03bc-narkotikus receptorral. Bizony\u00e1ra mindenhol keresi ezt az anyagot a kr\u00f3nikus f\u00e1jdalm\u00e1ra, \u00e9s tudnia kell, hogyan v\u00e1s\u00e1rolhat Tramadolt online. A v\u00e1lasz egyszer\u0171: a buy-prescriptionz.com oldalon szerezheti be. V\u00e1s\u00e1roljon Tramadolt v\u00e9ny n\u00e9lk\u00fcl, mivel f\u00e1jdalomcsillap\u00edt\u00f3 hat\u00e1sa k\u00f6r\u00fclbel\u00fcl egy \u00f3ra alatt alakul ki, \u00e9s 2-4 \u00f3ra m\u00falva jelentkezik lenyel\u00e9s ut\u00e1n, gyors felsz\u00edv\u00f3d\u00e1s\u00fa k\u00e9sz\u00edtm\u00e9ny form\u00e1j\u00e1ban. A tramadol intenzit\u00e1sa k\u00f6r\u00fclbel\u00fcl tizede a morfin\u00e9nak, \u00e9s hasonl\u00f3an er\u0151s, mint a petidin \u00e9s a kodein. A dezmetramadol egyed\u00fcl felel\u0151s a tramadol narkotikus hat\u00e1sai\u00e9rt. Mind a tramadol, mind a dezmetramadol kifejezett szelektivit\u00e1st mutat a MOR-ra a DOR-ral \u00e9s a KOR-ral szemben az affinit\u00e1s korl\u00e1toz\u00e1sa tekintet\u00e9ben.<\/p>\n<p>A tramadol egy sz\u00e9les k\u00f6rben fel\u00edrt gy\u00f3gyszer, amelyet k\u00f6zepes \u00e9s k\u00f6zepesen s\u00falyos f\u00e1jdalom kezel\u00e9s\u00e9re alkalmaznak. Ez egy opioid f\u00e1jdalomcsillap\u00edt\u00f3, amely \u00fagy fejti ki hat\u00e1s\u00e1t, hogy megv\u00e1ltoztatja az agy \u00e9s az idegrendszer f\u00e1jdalomra adott reakci\u00f3j\u00e1t, hat\u00e9kony enyh\u00fcl\u00e9st ny\u00fajtva sz\u00e1mos betegs\u00e9g eset\u00e9n. A tramadol els\u0151dleges el\u0151nye, hogy sokoldal\u00faan k\u00e9pes kezelni a k\u00fcl\u00f6nb\u00f6z\u0151 t\u00edpus\u00fa f\u00e1jdalmakat, legyenek azok akut vagy kr\u00f3nikusak. Gyakran alkalmazz\u00e1k olyan \u00e1llapotok eset\u00e9n, mint a posztoperat\u00edv f\u00e1jdalom, az \u00edz\u00fcleti gyullad\u00e1s \u00e9s m\u00e1s mozg\u00e1sszervi f\u00e1jdalomzavarok. A tramadol f\u00e1jdalomcsillap\u00edt\u00f3 k\u00e9pess\u00e9ge jelent\u0151sen jav\u00edthatja a beteg \u00e9letmin\u0151s\u00e9g\u00e9t, lehet\u0151v\u00e9 t\u00e9ve sz\u00e1mukra, hogy kevesebb kellemetlens\u00e9ggel v\u00e9gezz\u00e9k a mindennapi tev\u00e9kenys\u00e9geket. A tramadol k\u00fcl\u00f6nb\u00f6z\u0151 form\u00e1kban kaphat\u00f3, bele\u00e9rtve az azonnali hat\u00f3anyag-lead\u00e1s\u00fa \u00e9s a ny\u00fajtott hat\u00f3anyag-lead\u00e1s\u00fa k\u00e9sz\u00edtm\u00e9nyeket is, \u00edgy rugalmas adagol\u00e1st k\u00edn\u00e1l az egy\u00e9ni betegig\u00e9nyeknek megfelel\u0151en. A ny\u00fajtott hat\u00f3anyag-lead\u00e1s\u00fa v\u00e1ltozat hosszan tart\u00f3 f\u00e1jdalomcsillap\u00edt\u00e1st biztos\u00edt, cs\u00f6kkentve a nap folyam\u00e1n t\u00f6bb adag sz\u00fcks\u00e9gess\u00e9g\u00e9t. F\u00e1jdalomcsillap\u00edt\u00f3 tulajdons\u00e1gai mellett a tramadol \u00e1ltal\u00e1ban j\u00f3l toler\u00e1lhat\u00f3, ha az utas\u00edt\u00e1soknak megfelel\u0151en alkalmazz\u00e1k. Alacsonyabb a f\u00fcgg\u0151s\u00e9g \u00e9s a vissza\u00e9l\u00e9s potenci\u00e1lja m\u00e1s er\u0151sebb opioidokhoz k\u00e9pest, \u00edgy sok beteg sz\u00e1m\u00e1ra biztons\u00e1gosabb v\u00e1laszt\u00e1s. Azonban tov\u00e1bbra is fontos, hogy a Tramadolt eg\u00e9szs\u00e9g\u00fcgyi szolg\u00e1ltat\u00f3 fel\u00fcgyelete mellett alkalmazzuk, hogy elker\u00fclj\u00fck a lehets\u00e9ges mell\u00e9khat\u00e1sokat \u00e9s m\u00e1s gy\u00f3gyszerekkel val\u00f3 k\u00f6lcs\u00f6nhat\u00e1sokat. Azok sz\u00e1m\u00e1ra, akik k\u00e9nyelmesen \u00e9s biztons\u00e1gosan szeretn\u00e9k megv\u00e1s\u00e1rolni a legjobb Tramadolt, az olyan online forr\u00e1sok, mint a buy-prescriptionz.com, megb\u00edzhat\u00f3 lehet\u0151s\u00e9get k\u00edn\u00e1lnak. Ez a platform biztos\u00edtja, hogy a betegek eredeti gy\u00f3gyszert kapjanak, meg\u0151rizve a kezel\u00e9s hat\u00e9konys\u00e1g\u00e1t \u00e9s biztons\u00e1goss\u00e1g\u00e1t. A Tramadol egy hat\u00e9kony \u00e9s sokoldal\u00fa f\u00e1jdalomcsillap\u00edt\u00f3 lehet\u0151s\u00e9g, amely jelent\u0151sen jav\u00edthatja a k\u00fcl\u00f6nf\u00e9le f\u00e1jdalommal k\u00fczd\u0151 betegek \u00e9letmin\u0151s\u00e9g\u00e9t. Ha a legjobb gy\u00f3gyszert\u00e1rb\u00f3l, p\u00e9ld\u00e1ul a buy-prescriptionz.com-b\u00f3l szerzik be, a betegek biztosak lehetnek benne, hogy eredeti \u00e9s kiv\u00e1l\u00f3 min\u0151s\u00e9g\u0171 gy\u00f3gyszert kapnak.<\/p>\n<h3>A tramadol el\u00e9rhet\u0151s\u00e9g\u00e9nek mennyis\u00e9ge<\/h3>\n<p>Rendeljen Tramadolt online, el\u00e9rhet\u0151 mennyis\u00e9gben folyad\u00e9kok, szirupok, cseppek, elix\u00edrek, pezsg\u0151tablett\u00e1k \u00e9s v\u00edzzel elkeverhet\u0151 porok, tart\u00e1lyok, tablett\u00e1k, bele\u00e9rtve a hosszabb kiszerel\u00e9s\u0171eket, k\u00fapok, l\u00e1zcsillap\u00edt\u00f3 porok \u00e9s injekci\u00f3k form\u00e1j\u00e1ban. A Tramadolt online is megv\u00e1s\u00e1rolhatja gyors \u00e9s biztons\u00e1gos sz\u00e1ll\u00edt\u00e1ssal a buy-prescriptionz.com oldalon.<\/p>\n<h3>V\u00e1s\u00e1roljon diszkr\u00e9t csomagol\u00e1s\u00fa Tramadolt b\u00e1rhol, ahol csak szeretne<\/h3>\n<p>V\u00e1s\u00e1roljon Tramadolt olcs\u00f3n, amely a k\u00e1b\u00edt\u00f3szer-receptorokhoz k\u00f6t\u0151dik jelent\u0151s dinamikus metabolitj\u00e1n, a dezmetramadolon kereszt\u00fcl, amely ak\u00e1r 700-szor nagyobb \u00e9rz\u00e9kenys\u00e9get mutat a MOR-ra. A Tramadol gyors \u00e9s biztons\u00e1gos kisz\u00e1ll\u00edt\u00e1ssal kaphat\u00f3, \u00f6nmag\u00e1ban nem bizonyult hat\u00e9konynak a MOR aktiv\u00e1l\u00e1s\u00e1ban a hat\u00e9kony vizsg\u00e1lat sor\u00e1n. Nincs sok tal\u00e1lgat\u00e1s arr\u00f3l, hogy hol lehet Tramadolt online v\u00e1s\u00e1rolni, mivel hat\u00e9konys\u00e1ga megegyezik a morfin\u00e9val; s\u00falyos f\u00e1jdalom eset\u00e9n kev\u00e9sb\u00e9 hat\u00e9kony, mint a morfin. Ezek a f\u00e1jdalomcsillap\u00edt\u00f3 hat\u00e1sok k\u00f6r\u00fclbel\u00fcl 6 \u00f3r\u00e1n \u00e1t tartanak.<\/p>","protected":false},"excerpt":{"rendered":"<p>Buy Tramadol Online Buy Tramadol Online,Tramadol is a narcotic pain prescription used for chronic pain. Buy Tramadol online to take by mouth in a fast discharge formula, the relief from discomfort, for the most part, starts around an hour. It is accessible by injection. Buy Tramadol in blend with paracetamol or as longer-acting formulations. Tramadol [&hellip;]<\/p>","protected":false},"featured_media":3025,"comment_status":"open","ping_status":"closed","template":"","meta":{"site-sidebar-layout":"default","site-content-layout":"","ast-site-content-layout":"default","site-content-style":"default","site-sidebar-style":"default","ast-global-header-display":"","ast-banner-title-visibility":"","ast-main-header-display":"","ast-hfb-above-header-display":"","ast-hfb-below-header-display":"","ast-hfb-mobile-header-display":"","site-post-title":"","ast-breadcrumbs-content":"","ast-featured-img":"","footer-sml-layout":"","theme-transparent-header-meta":"default","adv-header-id-meta":"","stick-header-meta":"","header-above-stick-meta":"","header-main-stick-meta":"","header-below-stick-meta":"","astra-migrate-meta-layouts":"set","ast-page-background-enabled":"default","ast-page-background-meta":{"desktop":{"background-color":"var(--ast-global-color-4)","background-image":"","background-repeat":"repeat","background-position":"center center","background-size":"auto","background-attachment":"scroll","background-type":"","background-media":"","overlay-type":"","overlay-color":"","overlay-opacity":"","overlay-gradient":""},"tablet":{"background-color":"","background-image":"","background-repeat":"repeat","background-position":"center center","background-size":"auto","background-attachment":"scroll","background-type":"","background-media":"","overlay-type":"","overlay-color":"","overlay-opacity":"","overlay-gradient":""},"mobile":{"background-color":"","background-image":"","background-repeat":"repeat","background-position":"center center","background-size":"auto","background-attachment":"scroll","background-type":"","background-media":"","overlay-type":"","overlay-color":"","overlay-opacity":"","overlay-gradient":""}},"ast-content-background-meta":{"desktop":{"background-color":"var(--ast-global-color-5)","background-image":"","background-repeat":"repeat","background-position":"center center","background-size":"auto","background-attachment":"scroll","background-type":"","background-media":"","overlay-type":"","overlay-color":"","overlay-opacity":"","overlay-gradient":""},"tablet":{"background-color":"var(--ast-global-color-5)","background-image":"","background-repeat":"repeat","background-position":"center center","background-size":"auto","background-attachment":"scroll","background-type":"","background-media":"","overlay-type":"","overlay-color":"","overlay-opacity":"","overlay-gradient":""},"mobile":{"background-color":"var(--ast-global-color-5)","background-image":"","background-repeat":"repeat","background-position":"center center","background-size":"auto","background-attachment":"scroll","background-type":"","background-media":"","overlay-type":"","overlay-color":"","overlay-opacity":"","overlay-gradient":""}}},"product_brand":[],"product_cat":[2382],"product_tag":[1545,1546,1544,1539,1542,1541,1540,1543,1538,1537,1548,1547],"class_list":{"0":"post-2995","1":"product","2":"type-product","3":"status-publish","4":"has-post-thumbnail","6":"product_cat-buy-opioids-online","7":"product_tag-buy-tramadol-in-canada","8":"product_tag-buy-tramadol-in-uk","9":"product_tag-buy-tramadol-in-usa","10":"product_tag-buy-tramadol-with-bitcoin","11":"product_tag-buy-tramadol-with-credit-card","12":"product_tag-buy-tramadol-with-money-gram","13":"product_tag-buy-tramadol-with-western-union","14":"product_tag-buy-tramadol-without-a-doctor","15":"product_tag-buy-tramadol-without-prescription","16":"product_tag-tramadol-for-sale","17":"product_tag-tramadol-pills","18":"product_tag-tramadol-tablets","19":"desktop-align-center","20":"tablet-align-left","21":"mobile-align-left","23":"first","24":"instock","25":"shipping-taxable","26":"purchasable","27":"product-type-variable","28":"has-default-attributes"},"yoast_head":"<!-- This site is optimized with the Yoast SEO plugin v25.9 - https:\/\/yoast.com\/wordpress\/plugins\/seo\/ -->\n<title>Buy Tramadol Online - Tramadol for Sale Online<\/title>\n<meta name=\"description\" content=\"At our chem store, you can get Tramadol for sale at cheap rates. We deal with a-grade quality products only. Buy Tramadol online from our store now. Place your order right away!\" \/>\n<meta name=\"robots\" content=\"index, follow, max-snippet:-1, max-image-preview:large, max-video-preview:-1\" \/>\n<link rel=\"canonical\" href=\"https:\/\/buy-prescriptionz.com\/hu\/term\u00e9k\/tramadolt-online-vasarolni\/\" \/>\n<meta property=\"og:locale\" content=\"hu_HU\" \/>\n<meta property=\"og:type\" content=\"article\" \/>\n<meta property=\"og:title\" content=\"Buy Tramadol Online - Tramadol for Sale Online\" \/>\n<meta property=\"og:description\" content=\"At our chem store, you can get Tramadol for sale at cheap rates. We deal with a-grade quality products only. Buy Tramadol online from our store now. Place your order right away!\" \/>\n<meta property=\"og:url\" content=\"https:\/\/buy-prescriptionz.com\/hu\/term\u00e9k\/tramadolt-online-vasarolni\/\" \/>\n<meta property=\"og:site_name\" content=\"Buy Prescriptionz\" \/>\n<meta property=\"article:modified_time\" content=\"2026-03-26T18:00:50+00:00\" \/>\n<meta property=\"og:image\" content=\"https:\/\/buy-prescriptionz.com\/wp-content\/uploads\/2025\/09\/tramadol.jpg\" \/>\n\t<meta property=\"og:image:width\" content=\"400\" \/>\n\t<meta property=\"og:image:height\" content=\"300\" \/>\n\t<meta property=\"og:image:type\" content=\"image\/jpeg\" \/>\n<meta name=\"twitter:card\" content=\"summary_large_image\" \/>\n<meta name=\"twitter:label1\" content=\"Becs\u00fclt olvas\u00e1si id\u0151\" \/>\n\t<meta name=\"twitter:data1\" content=\"2 perc\" \/>\n<script type=\"application\/ld+json\" class=\"yoast-schema-graph\">{\"@context\":\"https:\/\/schema.org\",\"@graph\":[{\"@type\":\"WebPage\",\"@id\":\"https:\/\/buy-prescriptionz.com\/product\/buy-tramadol-online\/\",\"url\":\"https:\/\/buy-prescriptionz.com\/product\/buy-tramadol-online\/\",\"name\":\"Buy Tramadol Online - Tramadol for Sale Online\",\"isPartOf\":{\"@id\":\"https:\/\/buy-prescriptionz.com\/#website\"},\"primaryImageOfPage\":{\"@id\":\"https:\/\/buy-prescriptionz.com\/product\/buy-tramadol-online\/#primaryimage\"},\"image\":{\"@id\":\"https:\/\/buy-prescriptionz.com\/product\/buy-tramadol-online\/#primaryimage\"},\"thumbnailUrl\":\"https:\/\/buy-prescriptionz.com\/wp-content\/uploads\/2025\/09\/tramadol.jpg\",\"datePublished\":\"2025-09-16T08:55:52+00:00\",\"dateModified\":\"2026-03-26T18:00:50+00:00\",\"description\":\"At our chem store, you can get Tramadol for sale at cheap rates. We deal with a-grade quality products only. Buy Tramadol online from our store now. Place your order right away!\",\"breadcrumb\":{\"@id\":\"https:\/\/buy-prescriptionz.com\/product\/buy-tramadol-online\/#breadcrumb\"},\"inLanguage\":\"hu\",\"potentialAction\":[{\"@type\":\"ReadAction\",\"target\":[\"https:\/\/buy-prescriptionz.com\/product\/buy-tramadol-online\/\"]}]},{\"@type\":\"ImageObject\",\"inLanguage\":\"hu\",\"@id\":\"https:\/\/buy-prescriptionz.com\/product\/buy-tramadol-online\/#primaryimage\",\"url\":\"https:\/\/buy-prescriptionz.com\/wp-content\/uploads\/2025\/09\/tramadol.jpg\",\"contentUrl\":\"https:\/\/buy-prescriptionz.com\/wp-content\/uploads\/2025\/09\/tramadol.jpg\",\"width\":400,\"height\":300},{\"@type\":\"BreadcrumbList\",\"@id\":\"https:\/\/buy-prescriptionz.com\/product\/buy-tramadol-online\/#breadcrumb\",\"itemListElement\":[{\"@type\":\"ListItem\",\"position\":1,\"name\":\"Home\",\"item\":\"https:\/\/buy-prescriptionz.com\/\"},{\"@type\":\"ListItem\",\"position\":2,\"name\":\"Shop Painkillers Online\",\"item\":\"https:\/\/buy-prescriptionz.com\/shop-painkillers-online\/\"},{\"@type\":\"ListItem\",\"position\":3,\"name\":\"Buy Tramadol Online\"}]},{\"@type\":\"WebSite\",\"@id\":\"https:\/\/buy-prescriptionz.com\/#website\",\"url\":\"https:\/\/buy-prescriptionz.com\/\",\"name\":\"Buy Prescriptionz\",\"description\":\"Drugs Online\",\"publisher\":{\"@id\":\"https:\/\/buy-prescriptionz.com\/#organization\"},\"potentialAction\":[{\"@type\":\"SearchAction\",\"target\":{\"@type\":\"EntryPoint\",\"urlTemplate\":\"https:\/\/buy-prescriptionz.com\/?s={search_term_string}\"},\"query-input\":{\"@type\":\"PropertyValueSpecification\",\"valueRequired\":true,\"valueName\":\"search_term_string\"}}],\"inLanguage\":\"hu\"},{\"@type\":\"Organization\",\"@id\":\"https:\/\/buy-prescriptionz.com\/#organization\",\"name\":\"Buy Prescriptionz\",\"url\":\"https:\/\/buy-prescriptionz.com\/\",\"logo\":{\"@type\":\"ImageObject\",\"inLanguage\":\"hu\",\"@id\":\"https:\/\/buy-prescriptionz.com\/#\/schema\/logo\/image\/\",\"url\":\"https:\/\/buy-prescriptionz.com\/wp-content\/uploads\/2023\/09\/logo.png\",\"contentUrl\":\"https:\/\/buy-prescriptionz.com\/wp-content\/uploads\/2023\/09\/logo.png\",\"width\":350,\"height\":64,\"caption\":\"Buy Prescriptionz\"},\"image\":{\"@id\":\"https:\/\/buy-prescriptionz.com\/#\/schema\/logo\/image\/\"}}]}<\/script>\n<!-- \/ Yoast SEO plugin. -->","yoast_head_json":{"title":"Tramadol v\u00e1s\u00e1rl\u00e1sa online - Tramadol elad\u00f3 online","description":"Gy\u00f3gyszert\u00e1runkban olcs\u00f3n v\u00e1s\u00e1rolhat Tramadolt. Kiz\u00e1r\u00f3lag kiv\u00e1l\u00f3 min\u0151s\u00e9g\u0171 term\u00e9kekkel foglalkozunk. V\u00e1s\u00e1roljon Tramadolt online \u00e1ruh\u00e1zunkb\u00f3l most. Adja le rendel\u00e9s\u00e9t azonnal!","robots":{"index":"index","follow":"follow","max-snippet":"max-snippet:-1","max-image-preview":"max-image-preview:large","max-video-preview":"max-video-preview:-1"},"canonical":"https:\/\/buy-prescriptionz.com\/hu\/term\u00e9k\/tramadolt-online-vasarolni\/","og_locale":"hu_HU","og_type":"article","og_title":"Buy Tramadol Online - Tramadol for Sale Online","og_description":"At our chem store, you can get Tramadol for sale at cheap rates. We deal with a-grade quality products only. Buy Tramadol online from our store now. Place your order right away!","og_url":"https:\/\/buy-prescriptionz.com\/hu\/term\u00e9k\/tramadolt-online-vasarolni\/","og_site_name":"Buy Prescriptionz","article_modified_time":"2026-03-26T18:00:50+00:00","og_image":[{"width":400,"height":300,"url":"https:\/\/buy-prescriptionz.com\/wp-content\/uploads\/2025\/09\/tramadol.jpg","type":"image\/jpeg"}],"twitter_card":"summary_large_image","twitter_misc":{"Becs\u00fclt olvas\u00e1si id\u0151":"2 perc"},"schema":{"@context":"https:\/\/schema.org","@graph":[{"@type":"WebPage","@id":"https:\/\/buy-prescriptionz.com\/product\/buy-tramadol-online\/","url":"https:\/\/buy-prescriptionz.com\/product\/buy-tramadol-online\/","name":"Tramadol v\u00e1s\u00e1rl\u00e1sa online - Tramadol elad\u00f3 online","isPartOf":{"@id":"https:\/\/buy-prescriptionz.com\/#website"},"primaryImageOfPage":{"@id":"https:\/\/buy-prescriptionz.com\/product\/buy-tramadol-online\/#primaryimage"},"image":{"@id":"https:\/\/buy-prescriptionz.com\/product\/buy-tramadol-online\/#primaryimage"},"thumbnailUrl":"https:\/\/buy-prescriptionz.com\/wp-content\/uploads\/2025\/09\/tramadol.jpg","datePublished":"2025-09-16T08:55:52+00:00","dateModified":"2026-03-26T18:00:50+00:00","description":"Gy\u00f3gyszert\u00e1runkban olcs\u00f3n v\u00e1s\u00e1rolhat Tramadolt. Kiz\u00e1r\u00f3lag kiv\u00e1l\u00f3 min\u0151s\u00e9g\u0171 term\u00e9kekkel foglalkozunk. V\u00e1s\u00e1roljon Tramadolt online \u00e1ruh\u00e1zunkb\u00f3l most. Adja le rendel\u00e9s\u00e9t azonnal!","breadcrumb":{"@id":"https:\/\/buy-prescriptionz.com\/product\/buy-tramadol-online\/#breadcrumb"},"inLanguage":"hu","potentialAction":[{"@type":"ReadAction","target":["https:\/\/buy-prescriptionz.com\/product\/buy-tramadol-online\/"]}]},{"@type":"ImageObject","inLanguage":"hu","@id":"https:\/\/buy-prescriptionz.com\/product\/buy-tramadol-online\/#primaryimage","url":"https:\/\/buy-prescriptionz.com\/wp-content\/uploads\/2025\/09\/tramadol.jpg","contentUrl":"https:\/\/buy-prescriptionz.com\/wp-content\/uploads\/2025\/09\/tramadol.jpg","width":400,"height":300},{"@type":"BreadcrumbList","@id":"https:\/\/buy-prescriptionz.com\/product\/buy-tramadol-online\/#breadcrumb","itemListElement":[{"@type":"ListItem","position":1,"name":"Home","item":"https:\/\/buy-prescriptionz.com\/"},{"@type":"ListItem","position":2,"name":"Shop Painkillers Online","item":"https:\/\/buy-prescriptionz.com\/shop-painkillers-online\/"},{"@type":"ListItem","position":3,"name":"Buy Tramadol Online"}]},{"@type":"WebSite","@id":"https:\/\/buy-prescriptionz.com\/#website","url":"https:\/\/buy-prescriptionz.com\/","name":"Buy Prescriptionz","description":"Online gy\u00f3gyszerek","publisher":{"@id":"https:\/\/buy-prescriptionz.com\/#organization"},"potentialAction":[{"@type":"SearchAction","target":{"@type":"EntryPoint","urlTemplate":"https:\/\/buy-prescriptionz.com\/?s={search_term_string}"},"query-input":{"@type":"PropertyValueSpecification","valueRequired":true,"valueName":"search_term_string"}}],"inLanguage":"hu"},{"@type":"Organization","@id":"https:\/\/buy-prescriptionz.com\/#organization","name":"Buy Prescriptionz","url":"https:\/\/buy-prescriptionz.com\/","logo":{"@type":"ImageObject","inLanguage":"hu","@id":"https:\/\/buy-prescriptionz.com\/#\/schema\/logo\/image\/","url":"https:\/\/buy-prescriptionz.com\/wp-content\/uploads\/2023\/09\/logo.png","contentUrl":"https:\/\/buy-prescriptionz.com\/wp-content\/uploads\/2023\/09\/logo.png","width":350,"height":64,"caption":"Buy Prescriptionz"},"image":{"@id":"https:\/\/buy-prescriptionz.com\/#\/schema\/logo\/image\/"}}]}},"_links":{"self":[{"href":"https:\/\/buy-prescriptionz.com\/hu\/wp-json\/wp\/v2\/product\/2995","targetHints":{"allow":["GET"]}}],"collection":[{"href":"https:\/\/buy-prescriptionz.com\/hu\/wp-json\/wp\/v2\/product"}],"about":[{"href":"https:\/\/buy-prescriptionz.com\/hu\/wp-json\/wp\/v2\/types\/product"}],"replies":[{"embeddable":true,"href":"https:\/\/buy-prescriptionz.com\/hu\/wp-json\/wp\/v2\/comments?post=2995"}],"wp:featuredmedia":[{"embeddable":true,"href":"https:\/\/buy-prescriptionz.com\/hu\/wp-json\/wp\/v2\/media\/3025"}],"wp:attachment":[{"href":"https:\/\/buy-prescriptionz.com\/hu\/wp-json\/wp\/v2\/media?parent=2995"}],"wp:term":[{"taxonomy":"product_brand","embeddable":true,"href":"https:\/\/buy-prescriptionz.com\/hu\/wp-json\/wp\/v2\/product_brand?post=2995"},{"taxonomy":"product_cat","embeddable":true,"href":"https:\/\/buy-prescriptionz.com\/hu\/wp-json\/wp\/v2\/product_cat?post=2995"},{"taxonomy":"product_tag","embeddable":true,"href":"https:\/\/buy-prescriptionz.com\/hu\/wp-json\/wp\/v2\/product_tag?post=2995"}],"curies":[{"name":"wp","href":"https:\/\/api.w.org\/{rel}","templated":true}]}}