{"id":2996,"date":"2025-09-16T08:55:53","date_gmt":"2025-09-16T08:55:53","guid":{"rendered":"https:\/\/chemsfine.com\/newsite\/?post_type=product&#038;p=2996"},"modified":"2025-09-25T07:26:18","modified_gmt":"2025-09-25T07:26:18","slug":"percocet-online-vasarlas","status":"publish","type":"product","link":"https:\/\/buy-prescriptionz.com\/hu\/term%c3%a9k\/percocet-online-vasarlas\/","title":{"rendered":"Percocet online v\u00e1s\u00e1rl\u00e1sa"},"content":{"rendered":"<h2>V\u00c1S\u00c1ROLNI PERCOCET ONLINE<\/h2>\n<p>A percocet, m\u00e1s n\u00e9ven oxikodon \u00e9s paracetamol egy er\u0151s narkotikus f\u00e1jdalomcsillap\u00edt\u00f3 \u00e9s k\u00f6h\u00f6g\u00e9scsillap\u00edt\u00f3, hasonl\u00f3an a morfiumhoz, a kodeinhez \u00e9s a hidrokodonhoz. K\u00f6zepes vagy er\u0151s f\u00e1jdalom, fejf\u00e1j\u00e1s, migr\u00e9nes f\u00e1jdalom stb. kezel\u00e9s\u00e9re haszn\u00e1lj\u00e1k. Ez egy f\u00e1jdalomcsillap\u00edt\u00f3, amely a narkotikumoknak nevezett gy\u00f3gyszercsoport egy darabja. Annak ellen\u00e9re, hogy egyeseket norm\u00e1lisan hat\u00e1roznak meg, p\u00e9ld\u00e1ul a heroint vagy a morfint, m\u00e1sokat laborat\u00f3riumban kombin\u00e1lnak, bele\u00e9rtve a hidrokodont \u00e9s az oxikodont. Ez egy olyan gy\u00f3gyszer m\u00e1rkaneve, amely az oxikodont \u00e9s a paracetamolt, a gy\u00f3gyszerek, p\u00e9ld\u00e1ul a Tylenol hagyom\u00e1nyos nev\u00e9t keveri.<br \/>\nA percocet egy\u00fcttm\u0171k\u00f6dhet m\u00e1s opi\u00e1tos k\u00ednz\u00f3 gy\u00f3gyszerekkel, narkotikumokkal, nyugtat\u00f3kkal, altat\u00f3kkal, altat\u00f3kkal, izomlaz\u00edt\u00f3kkal, k\u00fcl\u00f6nb\u00f6z\u0151 receptekkel, amelyek letargikuss\u00e1 tehetik \u00d6nt vagy m\u00e9rs\u00e9kelhetik a l\u00e9gz\u00e9st, glikopirrol\u00e1ttal, mepenzol\u00e1ttal, atropinnal, benztropinnal, dimenhidrin\u00e1ttal, metszkopolaminnal, szkopolaminnal, h\u00f3lyag- vagy vizelet\u00fcr\u00edt\u0151 gy\u00f3gyszerekkel, h\u00f6rg\u0151t\u00e1g\u00edt\u00f3kkal vagy t\u00f6r\u00e9ses bels\u0151 gy\u00f3gyszerekkel. Ezek az \u00f3pi\u00e1tok egyen\u00e9rt\u00e9k\u0171 sejtszerkezettel rendelkeznek. A narkotikumok, p\u00e9ld\u00e1ul a Percocet a nagyagy narkotikus receptoraihoz z\u00e1r\u00f3dnak. Ezek elragadtat\u00e1s \u00e9rzet\u00e9t kelthetik \u00e9s zsibbasztj\u00e1k a k\u00ednokat, de ugyan\u00edgy m\u00e9rs\u00e9kelhetik a relax\u00e1ci\u00f3t.<\/p>\n<h3>Percocet online v\u00e1s\u00e1rl\u00e1sa<\/h3>\n<p>A Percocet egy v\u00e9nyk\u00f6teles gy\u00f3gyszer, amely k\u00e9t hat\u00f3anyagot kombin\u00e1l: oxikodont, egy opioid f\u00e1jdalomcsillap\u00edt\u00f3t, \u00e9s acetaminofent, egy nem opioid f\u00e1jdalomcsillap\u00edt\u00f3t. Els\u0151sorban k\u00f6zepes vagy s\u00falyos f\u00e1jdalom kezel\u00e9s\u00e9re haszn\u00e1lj\u00e1k, amelyet m\u00e1s f\u00e1jdalomcsillap\u00edt\u00f3kkal nem lehet csillap\u00edtani. \u00cdme egy \u00e1ttekint\u00e9s a Percocetr\u0151l \u00e9s el\u0151nyeir\u0151l:<\/p>\n<ul>\n<li>\u00d6sszet\u00e9tel: a legjobb Percocet oxikodont tartalmaz, amely megv\u00e1ltoztatja az agy f\u00e1jdalom\u00e9rz\u00e9kel\u00e9s\u00e9t, \u00e9s acetaminofent, amely fokozza az oxikodon f\u00e1jdalomcsillap\u00edt\u00f3 hat\u00e1s\u00e1t \u00e9s cs\u00f6kkentheti a l\u00e1zat.<\/li>\n<li>Form\u00e1k: Tabletta form\u00e1j\u00e1ban kaphat\u00f3, k\u00fcl\u00f6nb\u00f6z\u0151 er\u0151ss\u00e9g\u0171 oxikodonnal \u00e9s acetaminofennel.<\/li>\n<li>Haszn\u00e1lat: A Percocetet akut f\u00e1jdalom, p\u00e9ld\u00e1ul m\u0171t\u00e9t, s\u00e9r\u00fcl\u00e9s vagy s\u00falyos izomf\u00e1jdalom r\u00f6vid t\u00e1v\u00fa enyh\u00edt\u00e9s\u00e9re \u00edrj\u00e1k fel. \u00c1ltal\u00e1ban nem javallott hossz\u00fa t\u00e1v\u00fa haszn\u00e1latra a f\u00fcgg\u0151s\u00e9g \u00e9s a lehets\u00e9ges mell\u00e9khat\u00e1sok kock\u00e1zata miatt.<\/li>\n<\/ul>\n<h3>El\u0151ny\u00f6k<\/h3>\n<ol>\n<li>Hat\u00e9kony f\u00e1jdalomcsillap\u00edt\u00e1s: Az oxikodon \u00e9s az acetaminofen kombin\u00e1ci\u00f3ja rendk\u00edv\u00fcl hat\u00e9konny\u00e1 teszi a Percocetet olyan f\u00e1jdalom kezel\u00e9s\u00e9ben, amelyet m\u00e1s gy\u00f3gyszerek nem felt\u00e9tlen\u00fcl kontroll\u00e1lnak megfelel\u0151en.<\/li>\n<li>Kett\u0151s hat\u00e1s: Az opioid \u00e9s a nem opioid f\u00e1jdalomcsillap\u00edt\u00f3 kombin\u00e1ci\u00f3j\u00e1val a Percocet kett\u0151s mechanizmust biztos\u00edt a f\u00e1jdalomcsillap\u00edt\u00e1shoz, amely hat\u00e9konyabb lehet, mintha b\u00e1rmelyik komponenst \u00f6nmag\u00e1ban alkalmazn\u00e1nk.<\/li>\n<li>Javul\u00f3 \u00e9letmin\u0151s\u00e9g: A hat\u00e9kony f\u00e1jdalomcsillap\u00edt\u00e1s a hidrokodonnal jelent\u0151sen jav\u00edthatja a beteg \u00e9letmin\u0151s\u00e9g\u00e9t, lehet\u0151v\u00e9 t\u00e9ve a nagyobb funkcionalit\u00e1st \u00e9s k\u00e9nyelmet a mindennapi tev\u00e9kenys\u00e9gekben.<\/li>\n<li>R\u00f6vid t\u00e1v\u00fa haszn\u00e1lat: Akut f\u00e1jdalmak eset\u00e9n a Percocet \u00e9rt\u00e9kes lehet\u0151s\u00e9g, amely gyors enyh\u00fcl\u00e9st ny\u00fajthat, seg\u00edtve a betegeket a f\u00e1jdalom kritikus id\u0151szakaiban a k\u00e9nyelmesebb fel\u00e9p\u00fcl\u00e9sben.<\/li>\n<\/ol>\n<p>A Percocet egy hat\u00e9kony gy\u00f3gyszer a k\u00f6zepes \u00e9s s\u00falyos f\u00e1jdalom kezel\u00e9s\u00e9re, amely hat\u00e9kony \u00e9s gyors enyh\u00fcl\u00e9st ny\u00fajt az oxikodon \u00e9s az acetaminofen kombin\u00e1ci\u00f3j\u00e1n kereszt\u00fcl. B\u00e1r a f\u00fcgg\u0151s\u00e9g \u00e9s a mell\u00e9khat\u00e1sok kock\u00e1zat\u00e1nak elker\u00fcl\u00e9se \u00e9rdek\u00e9ben gondos orvosi fel\u00fcgyelet mellett kell alkalmazni, a Percocet jelent\u0151sen jav\u00edthatja az akut f\u00e1jdalommal k\u00fczd\u0151 betegek \u00e9letmin\u0151s\u00e9g\u00e9t. A gy\u00f3gyszer eredetis\u00e9g\u00e9nek \u00e9s biztons\u00e1goss\u00e1g\u00e1nak garant\u00e1l\u00e1sa \u00e9rdek\u00e9ben mindig gy\u0151z\u0151dj\u00f6n meg arr\u00f3l, hogy a Percocetet a legjobb gy\u00f3gyszert\u00e1rb\u00f3l, azaz a buy-prescriptionz.com oldalr\u00f3l v\u00e1s\u00e1rolja.<\/p>\n<p>A percocetet rendszeresen aj\u00e1nlj\u00e1k a k\u00ednokat \u00e1t\u00e9l\u0151 betegeknek, f\u00fcggetlen\u00fcl att\u00f3l, hogy cs\u00e1sz\u00e1rmetsz\u00e9sb\u0151l vagy csontt\u00f6r\u00e9sb\u0151l sz\u00e1rmazik. A narkotikumok k\u00fcl\u00f6nb\u00f6znek a bev\u00e9tel\u00fck \u00e9s a kliens \u00e1ltal \u00e9rzett hat\u00e1s k\u00f6z\u00f6tti id\u0151tartamban. Az oxikodon, a Percocetben l\u00e9v\u0151 narkotikum m\u00e9rs\u00e9kelten gyors hat\u00e1s\u00fa. A Percocet online megv\u00e1s\u00e1rolhat\u00f3 a info@buy-prescriptionz.com oldalon. A gy\u00f3gyszer megv\u00e1s\u00e1rl\u00e1s\u00e1hoz nincs sz\u00fcks\u00e9g receptre, \u00edgy a Percocet online olcs\u00f3 \u00e1ron, orvos n\u00e9lk\u00fcl is megv\u00e1s\u00e1rolhat\u00f3 a info@buy-prescriptionz.com oldalon.<\/p>\n<h3>A Percocet n\u00e9h\u00e1ny gyakori felhaszn\u00e1l\u00e1si m\u00f3dja a k\u00f6vetkez\u0151:<\/h3>\n<p>-f\u00e1jdalom<br \/>\n-f\u00e1jdalom a l\u00e1b(ak)ban<br \/>\n-migr\u00e9nes fejf\u00e1j\u00e1s<br \/>\n-az eg\u00e9sz testet \u00e9rint\u0151 f\u00e1jdalom<br \/>\n-\u00e1tt\u00f6r\u00e9si f\u00e1jdalom<br \/>\n-fibromyalgia<\/p>\n<h3><strong>TULAJDONS\u00c1GOK<\/strong>:<\/h3>\n<p><strong>Besz\u00e9lve a funkci\u00f3k Percocet , ez egy top f\u00e1jdalomcsillap\u00edt\u00f3 gy\u00f3gyszert haszn\u00e1lt:<\/strong><br \/>\n- S\u00falyos f\u00e1jdalmak kezel\u00e9se<br \/>\n- Kezelje idegess\u00e9g k\u00e9rd\u00e9s<br \/>\n- L\u00e9trehozza az elragadtat\u00e1st<br \/>\n- Aj\u00e1nljon nyugtat\u00f3t<br \/>\n- Hozzon l\u00e9tre szorong\u00e1sold\u00f3 \u00e9s g\u00e1tl\u00e1stalan\u00edt\u00f3 szereket.<\/p>\n<h3>A PERCOCET MELL\u00c9KHAT\u00c1SAI:<\/h3>\n<p><strong>A por \u00e1ltal okozott enyhe hat\u00e1sokr\u00f3l besz\u00e9lve:<\/strong><br \/>\n- alv\u00e1sprobl\u00e9ma<br \/>\n-sz\u00e9kreked\u00e9s<br \/>\n-ausea<br \/>\n-h\u00e1ny\u00e1s<br \/>\n-gyomorpanaszok<\/p>\n<h3>HOL LEHET PERCOCETET V\u00c1S\u00c1ROLNI?<\/h3>\n<p>V\u00e1s\u00e1rl\u00e1s Percocet online BUY PRESCRIPTIONZ, akkor megfelel a k\u00e9pz\u00e9si ig\u00e9nyeinek, mik\u00f6zben v\u00e9dett \u00e9s sikeres beteg figyelmet. B\u00e1rmilyen tov\u00e1bbi k\u00e9rd\u00e9s, akkor is kapcsolatba info@buy-prescriptionz.com el\u00e9rhet\u0151 online megv\u00e1s\u00e1rolhat\u00f3 el\u00e9rhet\u0151 itt, a legjobb esetben k\u00f6lts\u00e9g. K\u00e9rje a legjobb gy\u00f3gyszereket innen ezen a ponton!<br \/>\nGARANT\u00c1LJUK A LEGJOBB MIN\u0150S\u00c9GET, AHOGY V\u00c1S\u00c1ROLNI V\u00c1S\u00c1ROLNI PRESCRIPTIONZ ONLINE T\u0150L\u00dcNK, \u00c9S A P\u00c9NZT VISSZAT\u00c9R\u00cdTJ\u00dcK 100% HA NEM SZ\u00c1LL\u00cdTJ\u00c1K VAGY ROSSZ MIN\u0150S\u00c9G\u0170.<\/p>\n<p><strong>MEGV\u00c1S\u00c1ROLHATJA A LEGJOBB PERCOCET ONLINE TELJES BIZONYOSS\u00c1GGAL M\u00c9G DISZKR\u00c9T CSOMAGOL\u00c1SBAN A BUY PRESCRIPTIONZ.<\/strong><\/p>\n<p>GY\u00c1RTUNK KIV\u00c1L\u00d3 MIN\u0150S\u00c9G\u0170 PERCOCET \u00c9S VAN EGY HATALMAS NEMZETK\u00d6ZI C\u00c9LTER\u00dcLET AZ EGYES\u00dcLT \u00c1LLAMOK, AUSZTR\u00c1LIA, KANADA \u00c9S SZ\u00c1MOS EUR\u00d3PAI ORSZ\u00c1GBAN. MI ISMERT A MAGAS MIN\u0150S\u00c9G \u00c9S A SZOLG\u00c1LTAT\u00c1SOK EGY\u00dcTT EG\u00c9SZS\u00c9GES KEDVEZM\u00c9NYEK.<br \/>\nBIZTOS\u00cdTUNK KIV\u00c1L\u00d3 MIN\u0150S\u00c9G\u0170 SZ\u00c1LL\u00cdT\u00c1S \u00c9S AKKOR FIZETNI BITCOINS, WESTERN UNION, MONEY GRAM, BANKK\u00c1RTYA \u00c9S HITELK\u00c1RTYA.<br \/>\nT\u00d6R\u0150D\u00dcNK \u00dcGYFELEINKKEL, EZ\u00c9RT OLCS\u00d3 \u00c1RON \u00c9S GYORS SZ\u00c1LL\u00cdT\u00c1SSAL BIZTOS\u00cdTJUK, \u00c9S HISZ\u00dcNK AZ EG\u00c9SZS\u00c9GES, HOSSZ\u00da T\u00c1V\u00da \u00dcZLETI KAPCSOLAT FENNTART\u00c1S\u00c1BAN.<\/p>\n<p><strong>B\u00c1RMILYEN TOV\u00c1BBI K\u00c9RD\u00c9SSEL VAGY K\u00c9RD\u00c9SSEL FORDULJON HOZZ\u00c1NK:<\/strong><\/p>\n<p>C\u00cdM: 115 FIRE ACCESS ROAD, ALBANY, NY 12223 (USA)<br \/>\nEMAIL: info@buy-prescriptionz.com<br \/>\nH\u00cdV\u00c1S\/WHATSAPP: +1(510)972-3097<\/p>","protected":false},"excerpt":{"rendered":"<p>BUY PERCOCET ONLINE Percocet also known as oxycodone and acetaminophen is a strong narcotic pain-reliever and cough suppressant similar to morphine, codeine, and hydrocodone. It is used to treat moderate to severe pain, headaches, migraine pain etc. It is a painkiller that is a piece of a group of medications known as narcotics. In spite [&hellip;]<\/p>","protected":false},"featured_media":3026,"comment_status":"open","ping_status":"closed","template":"","meta":{"site-sidebar-layout":"default","site-content-layout":"","ast-site-content-layout":"default","site-content-style":"default","site-sidebar-style":"default","ast-global-header-display":"","ast-banner-title-visibility":"","ast-main-header-display":"","ast-hfb-above-header-display":"","ast-hfb-below-header-display":"","ast-hfb-mobile-header-display":"","site-post-title":"","ast-breadcrumbs-content":"","ast-featured-img":"","footer-sml-layout":"","theme-transparent-header-meta":"default","adv-header-id-meta":"","stick-header-meta":"","header-above-stick-meta":"","header-main-stick-meta":"","header-below-stick-meta":"","astra-migrate-meta-layouts":"set","ast-page-background-enabled":"default","ast-page-background-meta":{"desktop":{"background-color":"var(--ast-global-color-4)","background-image":"","background-repeat":"repeat","background-position":"center center","background-size":"auto","background-attachment":"scroll","background-type":"","background-media":"","overlay-type":"","overlay-color":"","overlay-opacity":"","overlay-gradient":""},"tablet":{"background-color":"","background-image":"","background-repeat":"repeat","background-position":"center center","background-size":"auto","background-attachment":"scroll","background-type":"","background-media":"","overlay-type":"","overlay-color":"","overlay-opacity":"","overlay-gradient":""},"mobile":{"background-color":"","background-image":"","background-repeat":"repeat","background-position":"center center","background-size":"auto","background-attachment":"scroll","background-type":"","background-media":"","overlay-type":"","overlay-color":"","overlay-opacity":"","overlay-gradient":""}},"ast-content-background-meta":{"desktop":{"background-color":"var(--ast-global-color-5)","background-image":"","background-repeat":"repeat","background-position":"center center","background-size":"auto","background-attachment":"scroll","background-type":"","background-media":"","overlay-type":"","overlay-color":"","overlay-opacity":"","overlay-gradient":""},"tablet":{"background-color":"var(--ast-global-color-5)","background-image":"","background-repeat":"repeat","background-position":"center center","background-size":"auto","background-attachment":"scroll","background-type":"","background-media":"","overlay-type":"","overlay-color":"","overlay-opacity":"","overlay-gradient":""},"mobile":{"background-color":"var(--ast-global-color-5)","background-image":"","background-repeat":"repeat","background-position":"center center","background-size":"auto","background-attachment":"scroll","background-type":"","background-media":"","overlay-type":"","overlay-color":"","overlay-opacity":"","overlay-gradient":""}}},"product_brand":[],"product_cat":[2382],"product_tag":[1533,1534,1532,1527,1530,1529,1528,1531,1526,1525,1536,1535],"class_list":{"0":"post-2996","1":"product","2":"type-product","3":"status-publish","4":"has-post-thumbnail","6":"product_cat-buy-opioids-online","7":"product_tag-buy-percocet-in-canada","8":"product_tag-buy-percocet-in-uk","9":"product_tag-buy-percocet-in-usa","10":"product_tag-buy-percocet-with-bitcoin","11":"product_tag-buy-percocet-with-credit-card","12":"product_tag-buy-percocet-with-money-gram","13":"product_tag-buy-percocet-with-western-union","14":"product_tag-buy-percocet-without-a-doctor","15":"product_tag-buy-percocet-without-prescription","16":"product_tag-percocet-for-sale","17":"product_tag-percocet-pills","18":"product_tag-percocet-tablets","19":"desktop-align-center","20":"tablet-align-left","21":"mobile-align-left","23":"first","24":"instock","25":"shipping-taxable","26":"purchasable","27":"product-type-variable","28":"has-default-attributes"},"yoast_head":"<!-- This site is optimized with the Yoast SEO plugin v25.9 - https:\/\/yoast.com\/wordpress\/plugins\/seo\/ -->\n<title>Percocet for Sale - Buy Percocet Online<\/title>\n<meta name=\"description\" content=\"Buyprescriptionz.com is an online pharmacy store where you can Buy Percocet Online at best price without doctor&#039;s prescription. Buy Percocet Online Now with Free &amp; Secure Shipping!\" \/>\n<meta name=\"robots\" content=\"index, follow, max-snippet:-1, max-image-preview:large, max-video-preview:-1\" \/>\n<link rel=\"canonical\" href=\"https:\/\/buy-prescriptionz.com\/hu\/term\u00e9k\/percocet-online-vasarlas\/\" \/>\n<meta property=\"og:locale\" content=\"hu_HU\" \/>\n<meta property=\"og:type\" content=\"article\" \/>\n<meta property=\"og:title\" content=\"Percocet for Sale - Buy Percocet Online\" \/>\n<meta property=\"og:description\" content=\"Buyprescriptionz.com is an online pharmacy store where you can Buy Percocet Online at best price without doctor&#039;s prescription. Buy Percocet Online Now with Free &amp; Secure Shipping!\" \/>\n<meta property=\"og:url\" content=\"https:\/\/buy-prescriptionz.com\/hu\/term\u00e9k\/percocet-online-vasarlas\/\" \/>\n<meta property=\"og:site_name\" content=\"Buy Prescriptionz\" \/>\n<meta property=\"article:modified_time\" content=\"2025-09-25T07:26:18+00:00\" \/>\n<meta property=\"og:image\" content=\"https:\/\/buy-prescriptionz.com\/wp-content\/uploads\/2025\/09\/percocet.jpg\" \/>\n\t<meta property=\"og:image:width\" content=\"400\" \/>\n\t<meta property=\"og:image:height\" content=\"300\" \/>\n\t<meta property=\"og:image:type\" content=\"image\/jpeg\" \/>\n<meta name=\"twitter:card\" content=\"summary_large_image\" \/>\n<meta name=\"twitter:label1\" content=\"Becs\u00fclt olvas\u00e1si id\u0151\" \/>\n\t<meta name=\"twitter:data1\" content=\"5 perc\" \/>\n<script type=\"application\/ld+json\" class=\"yoast-schema-graph\">{\"@context\":\"https:\/\/schema.org\",\"@graph\":[{\"@type\":\"WebPage\",\"@id\":\"https:\/\/buy-prescriptionz.com\/product\/buy-percocet-online\/\",\"url\":\"https:\/\/buy-prescriptionz.com\/product\/buy-percocet-online\/\",\"name\":\"Percocet for Sale - Buy Percocet Online\",\"isPartOf\":{\"@id\":\"https:\/\/buy-prescriptionz.com\/#website\"},\"primaryImageOfPage\":{\"@id\":\"https:\/\/buy-prescriptionz.com\/product\/buy-percocet-online\/#primaryimage\"},\"image\":{\"@id\":\"https:\/\/buy-prescriptionz.com\/product\/buy-percocet-online\/#primaryimage\"},\"thumbnailUrl\":\"https:\/\/buy-prescriptionz.com\/wp-content\/uploads\/2025\/09\/percocet.jpg\",\"datePublished\":\"2025-09-16T08:55:53+00:00\",\"dateModified\":\"2025-09-25T07:26:18+00:00\",\"description\":\"Buyprescriptionz.com is an online pharmacy store where you can Buy Percocet Online at best price without doctor's prescription. Buy Percocet Online Now with Free & Secure Shipping!\",\"breadcrumb\":{\"@id\":\"https:\/\/buy-prescriptionz.com\/product\/buy-percocet-online\/#breadcrumb\"},\"inLanguage\":\"hu\",\"potentialAction\":[{\"@type\":\"ReadAction\",\"target\":[\"https:\/\/buy-prescriptionz.com\/product\/buy-percocet-online\/\"]}]},{\"@type\":\"ImageObject\",\"inLanguage\":\"hu\",\"@id\":\"https:\/\/buy-prescriptionz.com\/product\/buy-percocet-online\/#primaryimage\",\"url\":\"https:\/\/buy-prescriptionz.com\/wp-content\/uploads\/2025\/09\/percocet.jpg\",\"contentUrl\":\"https:\/\/buy-prescriptionz.com\/wp-content\/uploads\/2025\/09\/percocet.jpg\",\"width\":400,\"height\":300},{\"@type\":\"BreadcrumbList\",\"@id\":\"https:\/\/buy-prescriptionz.com\/product\/buy-percocet-online\/#breadcrumb\",\"itemListElement\":[{\"@type\":\"ListItem\",\"position\":1,\"name\":\"Home\",\"item\":\"https:\/\/buy-prescriptionz.com\/\"},{\"@type\":\"ListItem\",\"position\":2,\"name\":\"Shop Painkillers Online\",\"item\":\"https:\/\/buy-prescriptionz.com\/shop-painkillers-online\/\"},{\"@type\":\"ListItem\",\"position\":3,\"name\":\"Buy Percocet Online\"}]},{\"@type\":\"WebSite\",\"@id\":\"https:\/\/buy-prescriptionz.com\/#website\",\"url\":\"https:\/\/buy-prescriptionz.com\/\",\"name\":\"Buy Prescriptionz\",\"description\":\"Drugs Online\",\"publisher\":{\"@id\":\"https:\/\/buy-prescriptionz.com\/#organization\"},\"potentialAction\":[{\"@type\":\"SearchAction\",\"target\":{\"@type\":\"EntryPoint\",\"urlTemplate\":\"https:\/\/buy-prescriptionz.com\/?s={search_term_string}\"},\"query-input\":{\"@type\":\"PropertyValueSpecification\",\"valueRequired\":true,\"valueName\":\"search_term_string\"}}],\"inLanguage\":\"hu\"},{\"@type\":\"Organization\",\"@id\":\"https:\/\/buy-prescriptionz.com\/#organization\",\"name\":\"Buy Prescriptionz\",\"url\":\"https:\/\/buy-prescriptionz.com\/\",\"logo\":{\"@type\":\"ImageObject\",\"inLanguage\":\"hu\",\"@id\":\"https:\/\/buy-prescriptionz.com\/#\/schema\/logo\/image\/\",\"url\":\"https:\/\/buy-prescriptionz.com\/wp-content\/uploads\/2023\/09\/logo.png\",\"contentUrl\":\"https:\/\/buy-prescriptionz.com\/wp-content\/uploads\/2023\/09\/logo.png\",\"width\":350,\"height\":64,\"caption\":\"Buy Prescriptionz\"},\"image\":{\"@id\":\"https:\/\/buy-prescriptionz.com\/#\/schema\/logo\/image\/\"}}]}<\/script>\n<!-- \/ Yoast SEO plugin. -->","yoast_head_json":{"title":"Percocet elad\u00f3 - V\u00e1s\u00e1roljon Percocetet online","description":"Buyprescriptionz.com egy online gy\u00f3gyszert\u00e1r, ahol lehet V\u00e1s\u00e1rl\u00e1s Percocet Online a legjobb \u00e1ron orvosi rendelv\u00e9ny n\u00e9lk\u00fcl. V\u00e1s\u00e1rl\u00e1s Percocet Online most ingyenes \u00e9s biztons\u00e1gos sz\u00e1ll\u00edt\u00e1s!","robots":{"index":"index","follow":"follow","max-snippet":"max-snippet:-1","max-image-preview":"max-image-preview:large","max-video-preview":"max-video-preview:-1"},"canonical":"https:\/\/buy-prescriptionz.com\/hu\/term\u00e9k\/percocet-online-vasarlas\/","og_locale":"hu_HU","og_type":"article","og_title":"Percocet for Sale - Buy Percocet Online","og_description":"Buyprescriptionz.com is an online pharmacy store where you can Buy Percocet Online at best price without doctor's prescription. Buy Percocet Online Now with Free & Secure Shipping!","og_url":"https:\/\/buy-prescriptionz.com\/hu\/term\u00e9k\/percocet-online-vasarlas\/","og_site_name":"Buy Prescriptionz","article_modified_time":"2025-09-25T07:26:18+00:00","og_image":[{"width":400,"height":300,"url":"https:\/\/buy-prescriptionz.com\/wp-content\/uploads\/2025\/09\/percocet.jpg","type":"image\/jpeg"}],"twitter_card":"summary_large_image","twitter_misc":{"Becs\u00fclt olvas\u00e1si id\u0151":"5 perc"},"schema":{"@context":"https:\/\/schema.org","@graph":[{"@type":"WebPage","@id":"https:\/\/buy-prescriptionz.com\/product\/buy-percocet-online\/","url":"https:\/\/buy-prescriptionz.com\/product\/buy-percocet-online\/","name":"Percocet elad\u00f3 - V\u00e1s\u00e1roljon Percocetet online","isPartOf":{"@id":"https:\/\/buy-prescriptionz.com\/#website"},"primaryImageOfPage":{"@id":"https:\/\/buy-prescriptionz.com\/product\/buy-percocet-online\/#primaryimage"},"image":{"@id":"https:\/\/buy-prescriptionz.com\/product\/buy-percocet-online\/#primaryimage"},"thumbnailUrl":"https:\/\/buy-prescriptionz.com\/wp-content\/uploads\/2025\/09\/percocet.jpg","datePublished":"2025-09-16T08:55:53+00:00","dateModified":"2025-09-25T07:26:18+00:00","description":"Buyprescriptionz.com egy online gy\u00f3gyszert\u00e1r, ahol lehet V\u00e1s\u00e1rl\u00e1s Percocet Online a legjobb \u00e1ron orvosi rendelv\u00e9ny n\u00e9lk\u00fcl. V\u00e1s\u00e1rl\u00e1s Percocet Online most ingyenes \u00e9s biztons\u00e1gos sz\u00e1ll\u00edt\u00e1s!","breadcrumb":{"@id":"https:\/\/buy-prescriptionz.com\/product\/buy-percocet-online\/#breadcrumb"},"inLanguage":"hu","potentialAction":[{"@type":"ReadAction","target":["https:\/\/buy-prescriptionz.com\/product\/buy-percocet-online\/"]}]},{"@type":"ImageObject","inLanguage":"hu","@id":"https:\/\/buy-prescriptionz.com\/product\/buy-percocet-online\/#primaryimage","url":"https:\/\/buy-prescriptionz.com\/wp-content\/uploads\/2025\/09\/percocet.jpg","contentUrl":"https:\/\/buy-prescriptionz.com\/wp-content\/uploads\/2025\/09\/percocet.jpg","width":400,"height":300},{"@type":"BreadcrumbList","@id":"https:\/\/buy-prescriptionz.com\/product\/buy-percocet-online\/#breadcrumb","itemListElement":[{"@type":"ListItem","position":1,"name":"Home","item":"https:\/\/buy-prescriptionz.com\/"},{"@type":"ListItem","position":2,"name":"Shop Painkillers Online","item":"https:\/\/buy-prescriptionz.com\/shop-painkillers-online\/"},{"@type":"ListItem","position":3,"name":"Buy Percocet Online"}]},{"@type":"WebSite","@id":"https:\/\/buy-prescriptionz.com\/#website","url":"https:\/\/buy-prescriptionz.com\/","name":"Buy Prescriptionz","description":"Online gy\u00f3gyszerek","publisher":{"@id":"https:\/\/buy-prescriptionz.com\/#organization"},"potentialAction":[{"@type":"SearchAction","target":{"@type":"EntryPoint","urlTemplate":"https:\/\/buy-prescriptionz.com\/?s={search_term_string}"},"query-input":{"@type":"PropertyValueSpecification","valueRequired":true,"valueName":"search_term_string"}}],"inLanguage":"hu"},{"@type":"Organization","@id":"https:\/\/buy-prescriptionz.com\/#organization","name":"Buy Prescriptionz","url":"https:\/\/buy-prescriptionz.com\/","logo":{"@type":"ImageObject","inLanguage":"hu","@id":"https:\/\/buy-prescriptionz.com\/#\/schema\/logo\/image\/","url":"https:\/\/buy-prescriptionz.com\/wp-content\/uploads\/2023\/09\/logo.png","contentUrl":"https:\/\/buy-prescriptionz.com\/wp-content\/uploads\/2023\/09\/logo.png","width":350,"height":64,"caption":"Buy Prescriptionz"},"image":{"@id":"https:\/\/buy-prescriptionz.com\/#\/schema\/logo\/image\/"}}]}},"_links":{"self":[{"href":"https:\/\/buy-prescriptionz.com\/hu\/wp-json\/wp\/v2\/product\/2996","targetHints":{"allow":["GET"]}}],"collection":[{"href":"https:\/\/buy-prescriptionz.com\/hu\/wp-json\/wp\/v2\/product"}],"about":[{"href":"https:\/\/buy-prescriptionz.com\/hu\/wp-json\/wp\/v2\/types\/product"}],"replies":[{"embeddable":true,"href":"https:\/\/buy-prescriptionz.com\/hu\/wp-json\/wp\/v2\/comments?post=2996"}],"wp:featuredmedia":[{"embeddable":true,"href":"https:\/\/buy-prescriptionz.com\/hu\/wp-json\/wp\/v2\/media\/3026"}],"wp:attachment":[{"href":"https:\/\/buy-prescriptionz.com\/hu\/wp-json\/wp\/v2\/media?parent=2996"}],"wp:term":[{"taxonomy":"product_brand","embeddable":true,"href":"https:\/\/buy-prescriptionz.com\/hu\/wp-json\/wp\/v2\/product_brand?post=2996"},{"taxonomy":"product_cat","embeddable":true,"href":"https:\/\/buy-prescriptionz.com\/hu\/wp-json\/wp\/v2\/product_cat?post=2996"},{"taxonomy":"product_tag","embeddable":true,"href":"https:\/\/buy-prescriptionz.com\/hu\/wp-json\/wp\/v2\/product_tag?post=2996"}],"curies":[{"name":"wp","href":"https:\/\/api.w.org\/{rel}","templated":true}]}}