{"id":2997,"date":"2025-09-16T08:55:53","date_gmt":"2025-09-16T08:55:53","guid":{"rendered":"https:\/\/chemsfine.com\/newsite\/?post_type=product&#038;p=2997"},"modified":"2025-09-22T05:13:48","modified_gmt":"2025-09-22T05:13:48","slug":"hidrokodon-online-vasarlas","status":"publish","type":"product","link":"https:\/\/buy-prescriptionz.com\/hu\/term%c3%a9k\/hidrokodon-online-vasarlas\/","title":{"rendered":"V\u00e1s\u00e1rl\u00e1s Hydrocodone Online"},"content":{"rendered":"<h2>V\u00c1S\u00c1ROLNI HIDROKODON ONLINE<\/h2>\n<p>V\u00e1s\u00e1roljon hidrokodont online. A hidrokodont k\u00f6zepes \u00e9s s\u00falyos f\u00e1jdalom csillap\u00edt\u00e1s\u00e1ra haszn\u00e1lj\u00e1k. Ez egy... <a href=\"https:\/\/buy-prescriptionz.com\/hu\/\">opioid<\/a> f\u00e1jdalomcsillap\u00edt\u00f3. A hidrokodon az agyban \u00fagy m\u0171k\u00f6dik, hogy megv\u00e1ltoztatja az emberi test f\u00e1jdalom\u00e9rzet\u00e9t \u00e9s a f\u00e1jdalomra adott reakci\u00f3it.<\/p>\n<h3>A HIDROKODON JELLEMZ\u0150I<\/h3>\n<p>A hidrokodon er\u0151s f\u00e1jdalomcsillap\u00edt\u00f3 hat\u00e1s\u00fa, \u00e9s k\u00e9pes cs\u00f6kkenteni a k\u00f6h\u00f6g\u00e9st a l\u00e9gutakra gyakorolt hat\u00e1sa r\u00e9v\u00e9n, cs\u00f6kkentve azok g\u00f6rcs\u00e9t. Sz\u00e1mos f\u00e1jdalomcsillap\u00edt\u00f3hoz adj\u00e1k hozz\u00e1, bele\u00e9rtve m\u00e1s orvosi komponenseket is.<\/p>\n<h3>TUDNIA KELL A HIDROKODONNAL KAPCSOLATOS \u00d3VINT\u00c9ZKED\u00c9SEKR\u0150L<\/h3>\n<p>Nem szabad hidrokodont haszn\u00e1lnia, ha b\u00e1rmilyen allergi\u00e1s r\u00e1. Ha terhess\u00e9g alatt haszn\u00e1lja, a baba f\u00fcgg\u0151v\u00e9 v\u00e1lhat a gy\u00f3gyszert\u0151l. Ezek alapj\u00e1n \u00e9letvesz\u00e9lyes elvon\u00e1si t\u00fcnetek jelentkezhetnek a bab\u00e1n\u00e1l, miut\u00e1n megsz\u00fcletett.<\/p>\n<h3>MELL\u00c9KHAT\u00c1SOK<\/h3>\n<p>asztma vagy l\u00e9gz\u00e9si probl\u00e9m\u00e1k; vagy<br \/>\nElz\u00e1r\u00f3d\u00e1s a gyomorban vagy a belekben.<br \/>\nFejs\u00e9r\u00fcl\u00e9s, agydaganat vagy rohamok;<\/p>\n<h3>Vizel\u00e9si probl\u00e9m\u00e1k;<\/h3>\n<p>Zajos l\u00e9gz\u00e9s, s\u00f3hajtoz\u00e1s, felsz\u00ednes l\u00e9gz\u00e9s;<br \/>\nM\u00e1j- vagy vesebetegs\u00e9g;<\/p>\n<p>Ez nem a mell\u00e9khat\u00e1sok teljes list\u00e1ja, \u00e9s tov\u00e1bbiak is el\u0151fordulhatnak. A mell\u00e9khat\u00e1sokkal kapcsolatos tov\u00e1bbi orvosi tan\u00e1cs\u00e9rt forduljon kezel\u0151orvos\u00e1hoz.<\/p>\n<p>A hidrokodon egy er\u0151s opioid f\u00e1jdalomcsillap\u00edt\u00f3, amelyet k\u00f6zepes \u00e9s s\u00falyos f\u00e1jdalom kezel\u00e9s\u00e9re haszn\u00e1lnak, \u00e9s gyakran akkor \u00edrj\u00e1k fel, ha m\u00e1s f\u00e1jdalomcsillap\u00edt\u00f3k nem hat\u00e9konyak. Acetaminofennel vagy ibuprofennel kombin\u00e1lva is alkalmazz\u00e1k a f\u00e1jdalomcsillap\u00edt\u00f3 hat\u00e1s fokoz\u00e1sa \u00e9rdek\u00e9ben.<\/p>\n<h3>\u00c1ttekint\u00e9s<\/h3>\n<ul>\n<li>\u00d6sszet\u00e9tel: A legjobb hidrokodont gyakran acetaminofennel vagy ibuprofennel kombin\u00e1lj\u00e1k a hat\u00e9konys\u00e1g n\u00f6vel\u00e9se \u00e9rdek\u00e9ben.<\/li>\n<li>Haszn\u00e1lat: S\u00e9r\u00fcl\u00e9sek, m\u0171t\u00e9tek vagy kr\u00f3nikus betegs\u00e9gek okozta s\u00falyos f\u00e1jdalom csillap\u00edt\u00e1s\u00e1ra \u00edrj\u00e1k fel, amelyek m\u00e1s gy\u00f3gyszerekre nem reag\u00e1lnak.<\/li>\n<li>Formas: Dispon\u00edvel em comprimidos, c\u00e1psulas e l\u00edquidos, permitindo flexibilidade na administra\u00e7\u00e3o com base nas necessidades do doente.<\/li>\n<\/ul>\n<h3>El\u0151ny\u00f6k<\/h3>\n<ol>\n<li>Hat\u00e9kony f\u00e1jdalomcsillap\u00edt\u00e1s: A hidrokodon rendk\u00edv\u00fcl hat\u00e9kony a k\u00f6zepes \u00e9s s\u00falyos f\u00e1jdalom enyh\u00edt\u00e9s\u00e9ben, \u00edgy alkalmass\u00e1 teszi azokat a betegeket, akiknek er\u0151s f\u00e1jdalomcsillap\u00edt\u00e1sra van sz\u00fcks\u00e9g\u00fck.<\/li>\n<li>Fokozott hat\u00e9konys\u00e1g: Acetaminofennel vagy ibuprofennel kombin\u00e1lva a hidrokodon f\u00e1jdalomcsillap\u00edt\u00f3 hat\u00e1sa feler\u0151s\u00f6dik, jobb enyh\u00fcl\u00e9st biztos\u00edtva, mint az egyes \u00f6sszetev\u0151k k\u00fcl\u00f6n-k\u00fcl\u00f6n t\u00f6rt\u00e9n\u0151 alkalmaz\u00e1sa.<\/li>\n<li>Javul\u00f3 \u00e9letmin\u0151s\u00e9g: A hat\u00e9kony f\u00e1jdalomcsillap\u00edt\u00e1s a hidrokodonnal jelent\u0151sen jav\u00edthatja a beteg \u00e9letmin\u0151s\u00e9g\u00e9t, lehet\u0151v\u00e9 t\u00e9ve a nagyobb funkcionalit\u00e1st \u00e9s k\u00e9nyelmet a mindennapi tev\u00e9kenys\u00e9gekben.<\/li>\n<li>Rugalmass\u00e1g a kezel\u00e9sben: A t\u00f6bbf\u00e9le k\u00e9sz\u00edtm\u00e9nyben kaphat\u00f3 Hydrocodone testreszabhat\u00f3 a betegek egyedi ig\u00e9nyeihez, legyen sz\u00f3 azonnali vagy tart\u00f3s f\u00e1jdalomcsillap\u00edt\u00e1sr\u00f3l.<\/li>\n<\/ol>\n<p>A hidrokodon egy er\u0151s opioid f\u00e1jdalomcsillap\u00edt\u00f3, amely jelent\u0151s el\u0151ny\u00f6kkel j\u00e1r a k\u00f6zepes \u00e9s s\u00falyos f\u00e1jdalom kezel\u00e9s\u00e9ben. M\u00e1s f\u00e1jdalomcsillap\u00edt\u00f3kkal, p\u00e9ld\u00e1ul acetaminofennel vagy ibuprofennel kombin\u00e1lva fokozza hat\u00e9konys\u00e1g\u00e1t, \u00e1tfog\u00f3 f\u00e1jdalomcsillap\u00edt\u00e1st biztos\u00edtva. Azok sz\u00e1m\u00e1ra, akik k\u00e9nyelmes \u00e9s megb\u00edzhat\u00f3 hozz\u00e1f\u00e9r\u00e9st keresnek a hidrokodonhoz, az olyan online forr\u00e1sok, mint a buy-prescriptionz.com, megb\u00edzhat\u00f3 lehet\u0151s\u00e9get k\u00edn\u00e1lnak. A gy\u00f3gyszer hiteless\u00e9g\u00e9t \u00e9s min\u0151s\u00e9g\u00e9t biztos\u00edtva a legjobb buy-prescriptionz.com gy\u00f3gyszert\u00e1r seg\u00edthet a betegeknek hat\u00e9konyan \u00e9s biztons\u00e1gosan kezelni a f\u00e1jdalmukat. Orvosi fel\u00fcgyelet mellett alkalmazva a hidrokodon jelent\u0151sen jav\u00edthatja a s\u00falyos f\u00e1jdalommal k\u00fczd\u0151 egy\u00e9nek \u00e9letmin\u0151s\u00e9g\u00e9t.<\/p>\n<h3>KIHAGYOTT ADAGOL\u00c1SI PROBL\u00c9M\u00c1K<\/h3>\n<p>Mivel a hidrokodont f\u00e1jdalomcsillap\u00edt\u00f3k\u00e9nt haszn\u00e1lj\u00e1k, nem val\u00f3sz\u00edn\u0171, hogy kihagy egy adagot. Hagyja ki a kihagyott adagot, ha elj\u00f6tt a k\u00f6vetkez\u0151 adag ideje. Ne haszn\u00e1ljon egyszerre k\u00e9t adagot.<\/p>\n<h3>A T\u00daLADAGOL\u00c1S N\u00c9HA A K\u00d6VETKEZ\u0150 PROBL\u00c9M\u00c1KAT OKOZZA<\/h3>\n<p>A t\u00faladagol\u00e1s hal\u00e1los lehet, k\u00fcl\u00f6n\u00f6sen a gy\u00f3gyszer v\u00e9ny n\u00e9lk\u00fcl t\u00f6rt\u00e9n\u0151 alkalmaz\u00e1sa eset\u00e9n. A t\u00faladagol\u00e1s sor\u00e1n lass\u00fa sz\u00edvver\u00e9s, izomgyenges\u00e9g, s\u00falyos \u00e1lmoss\u00e1g, hideg \u00e9s nyirkos b\u0151r, t\u0171hegyes pupill\u00e1k, nagyon lass\u00fa l\u00e9gz\u00e9s vagy k\u00f3ma jelentkezhet.<\/p>\n<h3>A HIDROKODON T\u00c1ROL\u00c1SA<\/h3>\n<p>Tartsa ezt a gy\u00f3gyszert a tart\u00e1lyban, amelyben \u00e9rkezik, szorosan lez\u00e1rva \u00e9s gyermekek sz\u00e1m\u00e1ra el\u00e9rhetetlen helyen. Szobah\u0151m\u00e9rs\u00e9kleten, a t\u00falzott h\u0151t\u0151l \u00e9s nedvess\u00e9gt\u0151l t\u00e1vol (ne a f\u00fcrd\u0151szob\u00e1ban) t\u00e1rolja. \u00d6bl\u00edtse le ezt a lej\u00e1rt vagy m\u00e1r nem sz\u00fcks\u00e9ges gy\u00f3gyszert a WC-n. Fontos, hogy a gy\u00f3gyszereket a gyermekek l\u00e1t\u00f3t\u00e1vols\u00e1g\u00e1n \u00e9s el\u00e9rhet\u0151s\u00e9gein k\u00edv\u00fcl tartsa. Hogy megv\u00e9dje gyermekeit a m\u00e9rgez\u00e9st\u0151l, mindig z\u00e1rja le a biztons\u00e1gi kupakot, \u00e9s azonnal helyezze a gy\u00f3gyszert biztons\u00e1gos helyre - olyan helyre, amely felfel\u00e9 \u00e9s t\u00e1vol van, \u00e9s nem l\u00e1that\u00f3 \u00e9s el\u00e9rhet\u0151.<\/p>\n<h3>HOL LEHET A LEGJOBB HIDROKODONT ONLINE V\u00c1S\u00c1ROLNI?<\/h3>\n<p>A Hydrocodone megv\u00e1s\u00e1rl\u00e1sa akkor lehets\u00e9ges, ha \u00d6n biztos abban, hogy nincs ellenjavallata a gy\u00f3gyszer haszn\u00e1lat\u00e1ra. Ez\u00e9rt, miel\u0151tt Hydrocodone online v\u00e1s\u00e1rolna, orvosi vizsg\u00e1latot v\u00e9gezzen. V\u00e1lassza ki a legjobb Hydrocodone nem haszn\u00e1lhat\u00f3 v\u00e9ny n\u00e9lk\u00fcl hossz\u00fa ideig.<\/p>\n<p>V\u00e1s\u00e1roljon j\u00f3 min\u0151s\u00e9g\u0171, eredeti Hydrocodone-t a buyprescriptionz-t\u0151l. A legjobb \u00e1rakat \u00e9s probl\u00e9mamentes fizet\u00e9si m\u00f3dokat biztos\u00edtjuk. Szerezze be a Hydrocodone-t \u00e9s v\u00e9gre megszabadulhat a csillap\u00edthatatlan f\u00e1jdalomt\u00f3l. V\u00e9gezze napi feladatait kellemetlens\u00e9gek n\u00e9lk\u00fcl, \u00e9s t\u00f6ltse nyugodtan a pihen\u00e9s \u00e9s gy\u00f3gyul\u00e1s napjait ahelyett, hogy eg\u00e9sz nap \u00e9s eg\u00e9sz \u00e9jjel szenvedne.<\/p>","protected":false},"excerpt":{"rendered":"<p>BUY HYDROCODONE ONLINE Buy hydrocodone online ,Hydrocodone is used for relieve moderate to severe pain. It is an opioid pain reliever. Hydrocodone works in the brain to change how human body feels and responds to pain. FEATURES OF HYDROCODONE Hydrocodone is a strong pain-killer action and able to reduce cough by means of the action [&hellip;]<\/p>","protected":false},"featured_media":3027,"comment_status":"open","ping_status":"closed","template":"","meta":{"site-sidebar-layout":"default","site-content-layout":"","ast-site-content-layout":"default","site-content-style":"default","site-sidebar-style":"default","ast-global-header-display":"","ast-banner-title-visibility":"","ast-main-header-display":"","ast-hfb-above-header-display":"","ast-hfb-below-header-display":"","ast-hfb-mobile-header-display":"","site-post-title":"","ast-breadcrumbs-content":"","ast-featured-img":"","footer-sml-layout":"","theme-transparent-header-meta":"default","adv-header-id-meta":"","stick-header-meta":"","header-above-stick-meta":"","header-main-stick-meta":"","header-below-stick-meta":"","astra-migrate-meta-layouts":"set","ast-page-background-enabled":"default","ast-page-background-meta":{"desktop":{"background-color":"var(--ast-global-color-4)","background-image":"","background-repeat":"repeat","background-position":"center center","background-size":"auto","background-attachment":"scroll","background-type":"","background-media":"","overlay-type":"","overlay-color":"","overlay-opacity":"","overlay-gradient":""},"tablet":{"background-color":"","background-image":"","background-repeat":"repeat","background-position":"center center","background-size":"auto","background-attachment":"scroll","background-type":"","background-media":"","overlay-type":"","overlay-color":"","overlay-opacity":"","overlay-gradient":""},"mobile":{"background-color":"","background-image":"","background-repeat":"repeat","background-position":"center center","background-size":"auto","background-attachment":"scroll","background-type":"","background-media":"","overlay-type":"","overlay-color":"","overlay-opacity":"","overlay-gradient":""}},"ast-content-background-meta":{"desktop":{"background-color":"var(--ast-global-color-5)","background-image":"","background-repeat":"repeat","background-position":"center center","background-size":"auto","background-attachment":"scroll","background-type":"","background-media":"","overlay-type":"","overlay-color":"","overlay-opacity":"","overlay-gradient":""},"tablet":{"background-color":"var(--ast-global-color-5)","background-image":"","background-repeat":"repeat","background-position":"center center","background-size":"auto","background-attachment":"scroll","background-type":"","background-media":"","overlay-type":"","overlay-color":"","overlay-opacity":"","overlay-gradient":""},"mobile":{"background-color":"var(--ast-global-color-5)","background-image":"","background-repeat":"repeat","background-position":"center center","background-size":"auto","background-attachment":"scroll","background-type":"","background-media":"","overlay-type":"","overlay-color":"","overlay-opacity":"","overlay-gradient":""}}},"product_brand":[],"product_cat":[2382],"product_tag":[1521,1522,1520,1515,1518,1517,1516,1519,1514,1513,1524,1523],"class_list":{"0":"post-2997","1":"product","2":"type-product","3":"status-publish","4":"has-post-thumbnail","6":"product_cat-buy-opioids-online","7":"product_tag-buy-hydrocodone-in-canada","8":"product_tag-buy-hydrocodone-in-uk","9":"product_tag-buy-hydrocodone-in-usa","10":"product_tag-buy-hydrocodone-with-bitcoin","11":"product_tag-buy-hydrocodone-with-credit-card","12":"product_tag-buy-hydrocodone-with-money-gram","13":"product_tag-buy-hydrocodone-with-western-union","14":"product_tag-buy-hydrocodone-without-a-doctor","15":"product_tag-buy-hydrocodone-without-prescription","16":"product_tag-hydrocodone-for-sale","17":"product_tag-hydrocodone-pills","18":"product_tag-hydrocodone-tablets","19":"desktop-align-center","20":"tablet-align-left","21":"mobile-align-left","23":"first","24":"instock","25":"shipping-taxable","26":"purchasable","27":"product-type-variable","28":"has-default-attributes"},"yoast_head":"<!-- This site is optimized with the Yoast SEO plugin v25.9 - https:\/\/yoast.com\/wordpress\/plugins\/seo\/ -->\n<title>Buy hydrocodone online, Order hydrocodone online USA, Pain Relief<\/title>\n<meta name=\"description\" content=\"Buy hydrocodone online. Buy hydrocodone online in the USA and Canada all States with overnight shipping. No Rx need to get hydrocodone online\" \/>\n<meta name=\"robots\" content=\"index, follow, max-snippet:-1, max-image-preview:large, max-video-preview:-1\" \/>\n<link rel=\"canonical\" href=\"https:\/\/buy-prescriptionz.com\/hu\/term\u00e9k\/hidrokodon-online-vasarlas\/\" \/>\n<meta property=\"og:locale\" content=\"hu_HU\" \/>\n<meta property=\"og:type\" content=\"article\" \/>\n<meta property=\"og:title\" content=\"Buy hydrocodone online, Order hydrocodone online USA, Pain Relief\" \/>\n<meta property=\"og:description\" content=\"Buy hydrocodone online. Buy hydrocodone online in the USA and Canada all States with overnight shipping. No Rx need to get hydrocodone online\" \/>\n<meta property=\"og:url\" content=\"https:\/\/buy-prescriptionz.com\/hu\/term\u00e9k\/hidrokodon-online-vasarlas\/\" \/>\n<meta property=\"og:site_name\" content=\"Buy Prescriptionz\" \/>\n<meta property=\"article:modified_time\" content=\"2025-09-22T05:13:48+00:00\" \/>\n<meta property=\"og:image\" content=\"https:\/\/buy-prescriptionz.com\/wp-content\/uploads\/2025\/09\/hydrocodone.jpg\" \/>\n\t<meta property=\"og:image:width\" content=\"400\" \/>\n\t<meta property=\"og:image:height\" content=\"300\" \/>\n\t<meta property=\"og:image:type\" content=\"image\/jpeg\" \/>\n<meta name=\"twitter:card\" content=\"summary_large_image\" \/>\n<meta name=\"twitter:label1\" content=\"Becs\u00fclt olvas\u00e1si id\u0151\" \/>\n\t<meta name=\"twitter:data1\" content=\"4 perc\" \/>\n<script type=\"application\/ld+json\" class=\"yoast-schema-graph\">{\"@context\":\"https:\/\/schema.org\",\"@graph\":[{\"@type\":\"WebPage\",\"@id\":\"https:\/\/buy-prescriptionz.com\/product\/buy-hydrocodone-online\/\",\"url\":\"https:\/\/buy-prescriptionz.com\/product\/buy-hydrocodone-online\/\",\"name\":\"Buy hydrocodone online, Order hydrocodone online USA, Pain Relief\",\"isPartOf\":{\"@id\":\"https:\/\/buy-prescriptionz.com\/#website\"},\"primaryImageOfPage\":{\"@id\":\"https:\/\/buy-prescriptionz.com\/product\/buy-hydrocodone-online\/#primaryimage\"},\"image\":{\"@id\":\"https:\/\/buy-prescriptionz.com\/product\/buy-hydrocodone-online\/#primaryimage\"},\"thumbnailUrl\":\"https:\/\/buy-prescriptionz.com\/wp-content\/uploads\/2025\/09\/hydrocodone.jpg\",\"datePublished\":\"2025-09-16T08:55:53+00:00\",\"dateModified\":\"2025-09-22T05:13:48+00:00\",\"description\":\"Buy hydrocodone online. Buy hydrocodone online in the USA and Canada all States with overnight shipping. No Rx need to get hydrocodone online\",\"breadcrumb\":{\"@id\":\"https:\/\/buy-prescriptionz.com\/product\/buy-hydrocodone-online\/#breadcrumb\"},\"inLanguage\":\"hu\",\"potentialAction\":[{\"@type\":\"ReadAction\",\"target\":[\"https:\/\/buy-prescriptionz.com\/product\/buy-hydrocodone-online\/\"]}]},{\"@type\":\"ImageObject\",\"inLanguage\":\"hu\",\"@id\":\"https:\/\/buy-prescriptionz.com\/product\/buy-hydrocodone-online\/#primaryimage\",\"url\":\"https:\/\/buy-prescriptionz.com\/wp-content\/uploads\/2025\/09\/hydrocodone.jpg\",\"contentUrl\":\"https:\/\/buy-prescriptionz.com\/wp-content\/uploads\/2025\/09\/hydrocodone.jpg\",\"width\":400,\"height\":300},{\"@type\":\"BreadcrumbList\",\"@id\":\"https:\/\/buy-prescriptionz.com\/product\/buy-hydrocodone-online\/#breadcrumb\",\"itemListElement\":[{\"@type\":\"ListItem\",\"position\":1,\"name\":\"Home\",\"item\":\"https:\/\/buy-prescriptionz.com\/\"},{\"@type\":\"ListItem\",\"position\":2,\"name\":\"Shop Painkillers Online\",\"item\":\"https:\/\/buy-prescriptionz.com\/shop-painkillers-online\/\"},{\"@type\":\"ListItem\",\"position\":3,\"name\":\"Buy Hydrocodone Online\"}]},{\"@type\":\"WebSite\",\"@id\":\"https:\/\/buy-prescriptionz.com\/#website\",\"url\":\"https:\/\/buy-prescriptionz.com\/\",\"name\":\"Buy Prescriptionz\",\"description\":\"Drugs Online\",\"publisher\":{\"@id\":\"https:\/\/buy-prescriptionz.com\/#organization\"},\"potentialAction\":[{\"@type\":\"SearchAction\",\"target\":{\"@type\":\"EntryPoint\",\"urlTemplate\":\"https:\/\/buy-prescriptionz.com\/?s={search_term_string}\"},\"query-input\":{\"@type\":\"PropertyValueSpecification\",\"valueRequired\":true,\"valueName\":\"search_term_string\"}}],\"inLanguage\":\"hu\"},{\"@type\":\"Organization\",\"@id\":\"https:\/\/buy-prescriptionz.com\/#organization\",\"name\":\"Buy Prescriptionz\",\"url\":\"https:\/\/buy-prescriptionz.com\/\",\"logo\":{\"@type\":\"ImageObject\",\"inLanguage\":\"hu\",\"@id\":\"https:\/\/buy-prescriptionz.com\/#\/schema\/logo\/image\/\",\"url\":\"https:\/\/buy-prescriptionz.com\/wp-content\/uploads\/2023\/09\/logo.png\",\"contentUrl\":\"https:\/\/buy-prescriptionz.com\/wp-content\/uploads\/2023\/09\/logo.png\",\"width\":350,\"height\":64,\"caption\":\"Buy Prescriptionz\"},\"image\":{\"@id\":\"https:\/\/buy-prescriptionz.com\/#\/schema\/logo\/image\/\"}}]}<\/script>\n<!-- \/ Yoast SEO plugin. -->","yoast_head_json":{"title":"V\u00e1s\u00e1roljon hidrokodon online, Rendeljen hidrokodon online USA, F\u00e1jdalomcsillap\u00edt\u00e1s","description":"V\u00e1s\u00e1roljon hidrokodont online. V\u00e1s\u00e1roljon hidrokodon online az USA-ban \u00e9s Kanad\u00e1ban minden \u00e1llamban, \u00e9jszakai sz\u00e1ll\u00edt\u00e1ssal. Nincs sz\u00fcks\u00e9g Rx-re ahhoz, hogy hidrokodonhoz jusson online.","robots":{"index":"index","follow":"follow","max-snippet":"max-snippet:-1","max-image-preview":"max-image-preview:large","max-video-preview":"max-video-preview:-1"},"canonical":"https:\/\/buy-prescriptionz.com\/hu\/term\u00e9k\/hidrokodon-online-vasarlas\/","og_locale":"hu_HU","og_type":"article","og_title":"Buy hydrocodone online, Order hydrocodone online USA, Pain Relief","og_description":"Buy hydrocodone online. Buy hydrocodone online in the USA and Canada all States with overnight shipping. No Rx need to get hydrocodone online","og_url":"https:\/\/buy-prescriptionz.com\/hu\/term\u00e9k\/hidrokodon-online-vasarlas\/","og_site_name":"Buy Prescriptionz","article_modified_time":"2025-09-22T05:13:48+00:00","og_image":[{"width":400,"height":300,"url":"https:\/\/buy-prescriptionz.com\/wp-content\/uploads\/2025\/09\/hydrocodone.jpg","type":"image\/jpeg"}],"twitter_card":"summary_large_image","twitter_misc":{"Becs\u00fclt olvas\u00e1si id\u0151":"4 perc"},"schema":{"@context":"https:\/\/schema.org","@graph":[{"@type":"WebPage","@id":"https:\/\/buy-prescriptionz.com\/product\/buy-hydrocodone-online\/","url":"https:\/\/buy-prescriptionz.com\/product\/buy-hydrocodone-online\/","name":"V\u00e1s\u00e1roljon hidrokodon online, Rendeljen hidrokodon online USA, F\u00e1jdalomcsillap\u00edt\u00e1s","isPartOf":{"@id":"https:\/\/buy-prescriptionz.com\/#website"},"primaryImageOfPage":{"@id":"https:\/\/buy-prescriptionz.com\/product\/buy-hydrocodone-online\/#primaryimage"},"image":{"@id":"https:\/\/buy-prescriptionz.com\/product\/buy-hydrocodone-online\/#primaryimage"},"thumbnailUrl":"https:\/\/buy-prescriptionz.com\/wp-content\/uploads\/2025\/09\/hydrocodone.jpg","datePublished":"2025-09-16T08:55:53+00:00","dateModified":"2025-09-22T05:13:48+00:00","description":"V\u00e1s\u00e1roljon hidrokodont online. V\u00e1s\u00e1roljon hidrokodon online az USA-ban \u00e9s Kanad\u00e1ban minden \u00e1llamban, \u00e9jszakai sz\u00e1ll\u00edt\u00e1ssal. Nincs sz\u00fcks\u00e9g Rx-re ahhoz, hogy hidrokodonhoz jusson online.","breadcrumb":{"@id":"https:\/\/buy-prescriptionz.com\/product\/buy-hydrocodone-online\/#breadcrumb"},"inLanguage":"hu","potentialAction":[{"@type":"ReadAction","target":["https:\/\/buy-prescriptionz.com\/product\/buy-hydrocodone-online\/"]}]},{"@type":"ImageObject","inLanguage":"hu","@id":"https:\/\/buy-prescriptionz.com\/product\/buy-hydrocodone-online\/#primaryimage","url":"https:\/\/buy-prescriptionz.com\/wp-content\/uploads\/2025\/09\/hydrocodone.jpg","contentUrl":"https:\/\/buy-prescriptionz.com\/wp-content\/uploads\/2025\/09\/hydrocodone.jpg","width":400,"height":300},{"@type":"BreadcrumbList","@id":"https:\/\/buy-prescriptionz.com\/product\/buy-hydrocodone-online\/#breadcrumb","itemListElement":[{"@type":"ListItem","position":1,"name":"Home","item":"https:\/\/buy-prescriptionz.com\/"},{"@type":"ListItem","position":2,"name":"Shop Painkillers Online","item":"https:\/\/buy-prescriptionz.com\/shop-painkillers-online\/"},{"@type":"ListItem","position":3,"name":"Buy Hydrocodone Online"}]},{"@type":"WebSite","@id":"https:\/\/buy-prescriptionz.com\/#website","url":"https:\/\/buy-prescriptionz.com\/","name":"Buy Prescriptionz","description":"Online gy\u00f3gyszerek","publisher":{"@id":"https:\/\/buy-prescriptionz.com\/#organization"},"potentialAction":[{"@type":"SearchAction","target":{"@type":"EntryPoint","urlTemplate":"https:\/\/buy-prescriptionz.com\/?s={search_term_string}"},"query-input":{"@type":"PropertyValueSpecification","valueRequired":true,"valueName":"search_term_string"}}],"inLanguage":"hu"},{"@type":"Organization","@id":"https:\/\/buy-prescriptionz.com\/#organization","name":"Buy Prescriptionz","url":"https:\/\/buy-prescriptionz.com\/","logo":{"@type":"ImageObject","inLanguage":"hu","@id":"https:\/\/buy-prescriptionz.com\/#\/schema\/logo\/image\/","url":"https:\/\/buy-prescriptionz.com\/wp-content\/uploads\/2023\/09\/logo.png","contentUrl":"https:\/\/buy-prescriptionz.com\/wp-content\/uploads\/2023\/09\/logo.png","width":350,"height":64,"caption":"Buy Prescriptionz"},"image":{"@id":"https:\/\/buy-prescriptionz.com\/#\/schema\/logo\/image\/"}}]}},"_links":{"self":[{"href":"https:\/\/buy-prescriptionz.com\/hu\/wp-json\/wp\/v2\/product\/2997","targetHints":{"allow":["GET"]}}],"collection":[{"href":"https:\/\/buy-prescriptionz.com\/hu\/wp-json\/wp\/v2\/product"}],"about":[{"href":"https:\/\/buy-prescriptionz.com\/hu\/wp-json\/wp\/v2\/types\/product"}],"replies":[{"embeddable":true,"href":"https:\/\/buy-prescriptionz.com\/hu\/wp-json\/wp\/v2\/comments?post=2997"}],"wp:featuredmedia":[{"embeddable":true,"href":"https:\/\/buy-prescriptionz.com\/hu\/wp-json\/wp\/v2\/media\/3027"}],"wp:attachment":[{"href":"https:\/\/buy-prescriptionz.com\/hu\/wp-json\/wp\/v2\/media?parent=2997"}],"wp:term":[{"taxonomy":"product_brand","embeddable":true,"href":"https:\/\/buy-prescriptionz.com\/hu\/wp-json\/wp\/v2\/product_brand?post=2997"},{"taxonomy":"product_cat","embeddable":true,"href":"https:\/\/buy-prescriptionz.com\/hu\/wp-json\/wp\/v2\/product_cat?post=2997"},{"taxonomy":"product_tag","embeddable":true,"href":"https:\/\/buy-prescriptionz.com\/hu\/wp-json\/wp\/v2\/product_tag?post=2997"}],"curies":[{"name":"wp","href":"https:\/\/api.w.org\/{rel}","templated":true}]}}