{"id":2998,"date":"2025-09-16T08:55:53","date_gmt":"2025-09-16T08:55:53","guid":{"rendered":"https:\/\/chemsfine.com\/newsite\/?post_type=product&#038;p=2998"},"modified":"2025-09-23T06:49:43","modified_gmt":"2025-09-23T06:49:43","slug":"levacetilmetadol-vasarlas-online","status":"publish","type":"product","link":"https:\/\/buy-prescriptionz.com\/hu\/term%c3%a9k\/levacetilmetadol-vasarlas-online\/","title":{"rendered":"V\u00e1s\u00e1rl\u00e1s Levacetylmethadol Online"},"content":{"rendered":"<h2>V\u00c1S\u00c1ROLNI LEVACETYLMETHADOL ONLINE<\/h2>\n<p>V\u00e1s\u00e1rl\u00e1s Levacetilmethadol Online ,A levacetilmethadol egy szintetikus opioid \u00e9rz\u00e9stelen\u00edt\u0151, amelynek sz\u00e1mos, a morfiumhoz mennyis\u00e9gileg hasonl\u00f3 mozg\u00e1sa van, amelyek k\u00f6z\u00fcl a legjelent\u0151sebbek a k\u00f6zponti idegrendszert \u00e9s a simaizomzatb\u00f3l \u00e1ll\u00f3 szerveket \u00e9rintik. Azonban akt\u00edvabb \u00e9s toxikusabb, mint m\u00e1sok.<\/p>\n<h3>A LEVACETILMETADOL JELLEMZ\u0150I<\/h3>\n<p>Ez egy hossz\u00fa hat\u00e1skezdet\u0171 \u00e9s id\u0151tartam\u00fa narkotikus f\u00e1jdalomcsillap\u00edt\u00f3. Els\u0151sorban a narkotikumf\u00fcgg\u0151s\u00e9g kezel\u00e9s\u00e9re haszn\u00e1lj\u00e1k.<\/p>\n<h3>A Lev acetilmetadol \u00e1ttekint\u00e9se \u00e9s el\u0151nyei<\/h3>\n<p>A levacetilmetadol egy szintetikus opioid, amelyet els\u0151sorban f\u00e1jdalomcsillap\u00edt\u00e1sra \u00e9s opioidf\u00fcgg\u0151s\u00e9g kezel\u00e9s\u00e9re haszn\u00e1lnak. Ismert arr\u00f3l, hogy m\u00e1s opioidokhoz k\u00e9pest hosszabb hat\u00e1startam\u00fa. A legjobb, ha a levacetilmetadol seg\u00edt cs\u00f6kkenteni az adagol\u00e1s gyakoris\u00e1g\u00e1t, ami el\u0151ny\u00f6s azoknak a betegeknek, akiknek neh\u00e9zs\u00e9get okoz a szigor\u00fa gy\u00f3gyszeres adagol\u00e1si rend betart\u00e1sa. A k\u00f6zponti idegrendszerre hat, hogy enyh\u00edtse a f\u00e1jdalmat \u00e9s az elvon\u00e1si t\u00fcneteket azokn\u00e1l, akik opioidf\u00fcgg\u0151s\u00e9g miatt kezel\u00e9s alatt \u00e1llnak.<\/p>\n<h3>El\u0151ny\u00f6k<\/h3>\n<ol>\n<li>Hosszabb hat\u00e1startam: A levacetilmetadol hosszan tart\u00f3 hat\u00e1sai miatt kevesebb adagra van sz\u00fcks\u00e9g, ami egyszer\u0171s\u00edti a gy\u00f3gyszeres kezel\u00e9si rutint \u00e9s jav\u00edtja a beteg egy\u00fcttm\u0171k\u00f6d\u00e9s\u00e9t.<\/li>\n<li>Hat\u00e9kony f\u00e1jdalomcsillap\u00edt\u00e1s: Jelent\u0151s enyh\u00fcl\u00e9st ny\u00fajt a kr\u00f3nikus f\u00e1jdalom eset\u00e9n, \u00edgy \u00e9rt\u00e9kes alternat\u00edva a tart\u00f3s f\u00e1jdalommal k\u00fczd\u0151 betegek sz\u00e1m\u00e1ra.<\/li>\n<li>Opioidf\u00fcgg\u0151s\u00e9g kezel\u00e9se: Hat\u00e9konyan cs\u00f6kkenti az elvon\u00e1si t\u00fcneteket \u00e9s a s\u00f3v\u00e1rg\u00e1st, seg\u00edtve az opioidf\u00fcgg\u0151s\u00e9gben szenved\u0151k fel\u00e9p\u00fcl\u00e9si folyamat\u00e1t.<\/li>\n<li>Cs\u00f6kkentett mell\u00e9khat\u00e1sok kock\u00e1zata: M\u00e1s opioidokhoz k\u00e9pest a levacetilmetadol kisebb kock\u00e1zattal j\u00e1r a l\u00e9gz\u00e9sdepresszi\u00f3 \u00e9s az euf\u00f3ria kiv\u00e1lt\u00e1s\u00e1ban, \u00edgy biztons\u00e1gosabb a hossz\u00fa t\u00e1v\u00fa haszn\u00e1lat.<\/li>\n<li>Javul\u00f3 \u00e9letmin\u0151s\u00e9g: A f\u00e1jdalom kezel\u00e9s\u00e9vel \u00e9s a f\u00fcgg\u0151s\u00e9gb\u0151l val\u00f3 fel\u00e9p\u00fcl\u00e9s t\u00e1mogat\u00e1s\u00e1val a levacetilmetadol seg\u00edt jav\u00edtani az \u00e1ltal\u00e1nos j\u00f3l\u00e9tet \u00e9s a mindennapi \u00e9letben val\u00f3 funkcionalit\u00e1st.<\/li>\n<\/ol>\n<p>A Levacetylmethadol v\u00e1s\u00e1rl\u00e1sa a legjobb gy\u00f3gyszert\u00e1ri \u00e1ruh\u00e1zb\u00f3l, a buy-prescriptionz.com-b\u00f3l sz\u00e1mos el\u0151nnyel j\u00e1r. Hat\u00e9kony f\u00e1jdalomcsillap\u00edt\u00e1st biztos\u00edt, \u00e9s a hosszabb hat\u00e1startam\u00e1nak k\u00f6sz\u00f6nhet\u0151en \u00e9rt\u00e9kes eszk\u00f6z az opioidf\u00fcgg\u0151s\u00e9g kezel\u00e9s\u00e9ben. A gy\u00f3gyszer s\u00falyos mell\u00e9khat\u00e1sainak alacsonyabb kock\u00e1zata biztons\u00e1gosabb v\u00e1laszt\u00e1ss\u00e1 teszi azok sz\u00e1m\u00e1ra, akiknek hossz\u00fa t\u00e1v\u00fa opioidter\u00e1pi\u00e1ra van sz\u00fcks\u00e9g\u00fck. A Levacetylmethadol megb\u00edzhat\u00f3 forr\u00e1sb\u00f3l, p\u00e9ld\u00e1ul a buy-prescriptionz.com-b\u00f3l t\u00f6rt\u00e9n\u0151 kiv\u00e1laszt\u00e1s\u00e1val a betegek kiv\u00e1l\u00f3 min\u0151s\u00e9g\u0171 gy\u00f3gyszerhez juthatnak, amely jelent\u0151sen jav\u00edthatja \u00e9letmin\u0151s\u00e9g\u00fcket.<\/p>\n<h3>MELL\u00c9KHAT\u00c1SOK<\/h3>\n<p>rossz k\u00f6z\u00e9rzet (rossz k\u00f6z\u00e9rzet)<\/p>\n<p>\u00c1lmatlans\u00e1g.<br \/>\nGyenges\u00e9g.<br \/>\nHasi f\u00e1jdalom.<br \/>\nSz\u00e9kreked\u00e9s.<br \/>\n\u00cdz\u00fcleti f\u00e1jdalom.<br \/>\nIdegess\u00e9g.<br \/>\nIzzad\u00e1s.<\/p>\n<h3>A LEVACETIL-METADOLRA VONATKOZ\u00d3 \u00d3VINT\u00c9ZKED\u00c9SEK<\/h3>\n<p>A l-acet\u00e1tot \u00e1ltal\u00e1ban hetente h\u00e1romszor adj\u00e1k be, vagy h\u00e9tf\u0151n, szerd\u00e1n \u00e9s p\u00e9nteken, vagy kedden, cs\u00fct\u00f6rt\u00f6k\u00f6n \u00e9s szombaton. Ha a 72 \u00f3r\u00e1s adagol\u00e1si id\u0151k\u00f6zbeni megvon\u00e1s probl\u00e9m\u00e1t okoz, az el\u0151z\u0151 adagot meg lehet emelni.<br \/>\nA levometadil-acet\u00e1t szok\u00e1sos adagjait nem szabad egym\u00e1st k\u00f6vet\u0151 napokon adni a hal\u00e1los t\u00faladagol\u00e1s vesz\u00e9lye miatt. A c\u00edmk\u00e9n eml\u00edtett adagok egyike sem napi adagk\u00e9nt adhat\u00f3<\/p>\n<p>\u00bb Az alkoholtartalm\u00fa italok \u00e9s az illeg\u00e1lis opioidok fogyaszt\u00e1s\u00e1nak ker\u00fcl\u00e9se, m\u00e9g elvon\u00e1si t\u00fcnetek \u00e9s s\u00f3v\u00e1rg\u00e1s eset\u00e9n is, a potenci\u00e1lisan hal\u00e1los addit\u00edv toxicit\u00e1s vagy t\u00faladagol\u00e1s kock\u00e1zata miatt.<br \/>\n\" T\u00e1j\u00e9koztatni kell az orvosokat \u00e9s a fogorvosokat a levometadil alkalmaz\u00e1s\u00e1r\u00f3l, k\u00fcl\u00f6n\u00f6sen, ha b\u00e1rmilyen m\u0171t\u00e9tre (bele\u00e9rtve a fog\u00e1szati m\u0171t\u00e9tet is) vagy s\u00fcrg\u0151ss\u00e9gi kezel\u00e9sre van sz\u00fcks\u00e9g.<\/p>\n<h3>ELFELEJTETT ADAG<\/h3>\n<p>Ha kihagyja az adagot, \u00e9s a k\u00f6vetkez\u0151 tervezett adag napj\u00e1n \u00e9rkezik a klinik\u00e1ra (kihagyja a h\u00e9tf\u0151t, szerd\u00e1n \u00e9rkezik), a szok\u00e1sos adagot maxim\u00e1lisan j\u00f3l toler\u00e1lja, b\u00e1r kiv\u00e1lasztott esetekben cs\u00f6kkentett adag is megfelel\u0151 lehet.<\/p>\n<h3>T\u00daLADAGOL\u00c1S<\/h3>\n<p>Az ORLAAM (levometadil-acet\u00e1t) fejl\u0151d\u00e9s\u00e9ben megfigyelt t\u00faladagol\u00e1s elemz\u00e9se azt mutatta, hogy amikor az ORLAAM (levometadil-acet\u00e1t) a vissza\u00e9l\u00e9s csatorn\u00e1iba ker\u00fcl, a t\u00e1j\u00e9kozatlan f\u00fcgg\u0151 t\u00fcrelmetlenn\u00e9 v\u00e1lhat a levometadil-acet\u00e1t lass\u00fa (2-4 \u00f3ra) hat\u00e1s\u00e1ra, \u00e9s tiltott k\u00e1b\u00edt\u00f3szereket vehet be, ami az ORLAAM (levometadil-acet\u00e1t) cs\u00facshat\u00e1s\u00e1nak kialakul\u00e1sakor potenci\u00e1lisan hal\u00e1los kombin\u00e1lt t\u00faladagol\u00e1shoz vezethet. Az elt\u00e9r\u00edt\u00e9s \u00e9s a v\u00e9letlen hal\u00e1loz\u00e1s ezen kock\u00e1zatai miatt a k\u00e9sz\u00edtm\u00e9nyt csak akkor enged\u00e9lyezt\u00e9k, ha azt enged\u00e9llyel rendelkez\u0151 int\u00e9zm\u00e9ny adja ki.<\/p>\n<h3>A LEVACETILMETADOL T\u00c1ROL\u00c1SA<\/h3>\n<p>A gy\u00e1rt\u00f3 elt\u00e9r\u0151 rendelkez\u00e9se hi\u00e1ny\u00e1ban 15 \u00e9s 30 \u00b0C k\u00f6z\u00f6tt, fagy\u00e1st\u00f3l v\u00e9dve kell t\u00e1rolni.<\/p>\n<h3>HOL LEHET MEGV\u00c1S\u00c1ROLNI A LEGJOBB LEVACETYLMETHADOL ONLINE?<\/h3>\n<p>V\u00e1s\u00e1rl\u00e1s Levacetylmethadol Online buyprescriptionz \u00d6n b\u00e1rhol a vil\u00e1gon, de lehet v\u00e1s\u00e1rolni a gy\u00f3gyszert\u00e1r online 100% biztons\u00e1gos. Mi adjuk a legjobb \u00e1rakat minden term\u00e9k\u00fcnkben. B\u00f6ng\u00e9szheti term\u00e9keinket.<\/p>","protected":false},"excerpt":{"rendered":"<p>BUY LEVACETYLMETHADOL ONLINE Buy Levacetylmethadol Online\u00a0,Levacetymethadol is a synthetic opioid anesthetic with numerous movements quantitatively similar to those as morphine, the most prominent of which involve the central nervous system and organs composed of smooth muscle. However, it is more active and more toxic than others. FEATURES OF LEVACETYLMETHADOL It is a narcotic pain-relieving with [&hellip;]<\/p>","protected":false},"featured_media":3028,"comment_status":"open","ping_status":"closed","template":"","meta":{"site-sidebar-layout":"default","site-content-layout":"","ast-site-content-layout":"default","site-content-style":"default","site-sidebar-style":"default","ast-global-header-display":"","ast-banner-title-visibility":"","ast-main-header-display":"","ast-hfb-above-header-display":"","ast-hfb-below-header-display":"","ast-hfb-mobile-header-display":"","site-post-title":"","ast-breadcrumbs-content":"","ast-featured-img":"","footer-sml-layout":"","theme-transparent-header-meta":"default","adv-header-id-meta":"","stick-header-meta":"","header-above-stick-meta":"","header-main-stick-meta":"","header-below-stick-meta":"","astra-migrate-meta-layouts":"set","ast-page-background-enabled":"default","ast-page-background-meta":{"desktop":{"background-color":"var(--ast-global-color-4)","background-image":"","background-repeat":"repeat","background-position":"center center","background-size":"auto","background-attachment":"scroll","background-type":"","background-media":"","overlay-type":"","overlay-color":"","overlay-opacity":"","overlay-gradient":""},"tablet":{"background-color":"","background-image":"","background-repeat":"repeat","background-position":"center center","background-size":"auto","background-attachment":"scroll","background-type":"","background-media":"","overlay-type":"","overlay-color":"","overlay-opacity":"","overlay-gradient":""},"mobile":{"background-color":"","background-image":"","background-repeat":"repeat","background-position":"center center","background-size":"auto","background-attachment":"scroll","background-type":"","background-media":"","overlay-type":"","overlay-color":"","overlay-opacity":"","overlay-gradient":""}},"ast-content-background-meta":{"desktop":{"background-color":"var(--ast-global-color-5)","background-image":"","background-repeat":"repeat","background-position":"center center","background-size":"auto","background-attachment":"scroll","background-type":"","background-media":"","overlay-type":"","overlay-color":"","overlay-opacity":"","overlay-gradient":""},"tablet":{"background-color":"var(--ast-global-color-5)","background-image":"","background-repeat":"repeat","background-position":"center center","background-size":"auto","background-attachment":"scroll","background-type":"","background-media":"","overlay-type":"","overlay-color":"","overlay-opacity":"","overlay-gradient":""},"mobile":{"background-color":"var(--ast-global-color-5)","background-image":"","background-repeat":"repeat","background-position":"center center","background-size":"auto","background-attachment":"scroll","background-type":"","background-media":"","overlay-type":"","overlay-color":"","overlay-opacity":"","overlay-gradient":""}}},"product_brand":[],"product_cat":[2382],"product_tag":[1509,1510,1508,1503,1506,1505,1504,1507,1502,1501,1512,1511],"class_list":{"0":"post-2998","1":"product","2":"type-product","3":"status-publish","4":"has-post-thumbnail","6":"product_cat-buy-opioids-online","7":"product_tag-buy-levacetylmethadol-in-canada","8":"product_tag-buy-levacetylmethadol-in-uk","9":"product_tag-buy-levacetylmethadol-in-usa","10":"product_tag-buy-levacetylmethadol-with-bitcoin","11":"product_tag-buy-levacetylmethadol-with-credit-card","12":"product_tag-buy-levacetylmethadol-with-money-gram","13":"product_tag-buy-levacetylmethadol-with-western-union","14":"product_tag-buy-levacetylmethadol-without-a-doctor","15":"product_tag-buy-levacetylmethadol-without-prescription","16":"product_tag-levacetylmethadol-for-sale","17":"product_tag-levacetylmethadol-pills","18":"product_tag-levacetylmethadol-tablets","19":"desktop-align-center","20":"tablet-align-left","21":"mobile-align-left","23":"first","24":"instock","25":"shipping-taxable","26":"purchasable","27":"product-type-variable","28":"has-default-attributes"},"yoast_head":"<!-- This site is optimized with the Yoast SEO plugin v25.9 - https:\/\/yoast.com\/wordpress\/plugins\/seo\/ -->\n<title>Buy LevacetylMethadol Online - LevacetylMethadol for Sale<\/title>\n<meta name=\"description\" content=\"If you want to buy Levacetylmethadol online, then visit our online Buy-Prescriptionz store is the best option. We have Levacetylmethadol for sale. Place your order now!\" \/>\n<meta name=\"robots\" content=\"index, follow, max-snippet:-1, max-image-preview:large, max-video-preview:-1\" \/>\n<link rel=\"canonical\" href=\"https:\/\/buy-prescriptionz.com\/hu\/term\u00e9k\/levacetilmetadol-vasarlas-online\/\" \/>\n<meta property=\"og:locale\" content=\"hu_HU\" \/>\n<meta property=\"og:type\" content=\"article\" \/>\n<meta property=\"og:title\" content=\"Buy LevacetylMethadol Online - LevacetylMethadol for Sale\" \/>\n<meta property=\"og:description\" content=\"If you want to buy Levacetylmethadol online, then visit our online Buy-Prescriptionz store is the best option. We have Levacetylmethadol for sale. Place your order now!\" \/>\n<meta property=\"og:url\" content=\"https:\/\/buy-prescriptionz.com\/hu\/term\u00e9k\/levacetilmetadol-vasarlas-online\/\" \/>\n<meta property=\"og:site_name\" content=\"Buy Prescriptionz\" \/>\n<meta property=\"article:modified_time\" content=\"2025-09-23T06:49:43+00:00\" \/>\n<meta property=\"og:image\" content=\"https:\/\/buy-prescriptionz.com\/wp-content\/uploads\/2025\/09\/levacetylmethadol.jpg\" \/>\n\t<meta property=\"og:image:width\" content=\"400\" \/>\n\t<meta property=\"og:image:height\" content=\"300\" \/>\n\t<meta property=\"og:image:type\" content=\"image\/jpeg\" \/>\n<meta name=\"twitter:card\" content=\"summary_large_image\" \/>\n<meta name=\"twitter:label1\" content=\"Becs\u00fclt olvas\u00e1si id\u0151\" \/>\n\t<meta name=\"twitter:data1\" content=\"4 perc\" \/>\n<script type=\"application\/ld+json\" class=\"yoast-schema-graph\">{\"@context\":\"https:\/\/schema.org\",\"@graph\":[{\"@type\":\"WebPage\",\"@id\":\"https:\/\/buy-prescriptionz.com\/product\/buy-levacetylmethadol-online\/\",\"url\":\"https:\/\/buy-prescriptionz.com\/product\/buy-levacetylmethadol-online\/\",\"name\":\"Buy LevacetylMethadol Online - LevacetylMethadol for Sale\",\"isPartOf\":{\"@id\":\"https:\/\/buy-prescriptionz.com\/#website\"},\"primaryImageOfPage\":{\"@id\":\"https:\/\/buy-prescriptionz.com\/product\/buy-levacetylmethadol-online\/#primaryimage\"},\"image\":{\"@id\":\"https:\/\/buy-prescriptionz.com\/product\/buy-levacetylmethadol-online\/#primaryimage\"},\"thumbnailUrl\":\"https:\/\/buy-prescriptionz.com\/wp-content\/uploads\/2025\/09\/levacetylmethadol.jpg\",\"datePublished\":\"2025-09-16T08:55:53+00:00\",\"dateModified\":\"2025-09-23T06:49:43+00:00\",\"description\":\"If you want to buy Levacetylmethadol online, then visit our online Buy-Prescriptionz store is the best option. We have Levacetylmethadol for sale. Place your order now!\",\"breadcrumb\":{\"@id\":\"https:\/\/buy-prescriptionz.com\/product\/buy-levacetylmethadol-online\/#breadcrumb\"},\"inLanguage\":\"hu\",\"potentialAction\":[{\"@type\":\"ReadAction\",\"target\":[\"https:\/\/buy-prescriptionz.com\/product\/buy-levacetylmethadol-online\/\"]}]},{\"@type\":\"ImageObject\",\"inLanguage\":\"hu\",\"@id\":\"https:\/\/buy-prescriptionz.com\/product\/buy-levacetylmethadol-online\/#primaryimage\",\"url\":\"https:\/\/buy-prescriptionz.com\/wp-content\/uploads\/2025\/09\/levacetylmethadol.jpg\",\"contentUrl\":\"https:\/\/buy-prescriptionz.com\/wp-content\/uploads\/2025\/09\/levacetylmethadol.jpg\",\"width\":400,\"height\":300},{\"@type\":\"BreadcrumbList\",\"@id\":\"https:\/\/buy-prescriptionz.com\/product\/buy-levacetylmethadol-online\/#breadcrumb\",\"itemListElement\":[{\"@type\":\"ListItem\",\"position\":1,\"name\":\"Home\",\"item\":\"https:\/\/buy-prescriptionz.com\/\"},{\"@type\":\"ListItem\",\"position\":2,\"name\":\"Shop Painkillers Online\",\"item\":\"https:\/\/buy-prescriptionz.com\/shop-painkillers-online\/\"},{\"@type\":\"ListItem\",\"position\":3,\"name\":\"Buy Levacetylmethadol Online\"}]},{\"@type\":\"WebSite\",\"@id\":\"https:\/\/buy-prescriptionz.com\/#website\",\"url\":\"https:\/\/buy-prescriptionz.com\/\",\"name\":\"Buy Prescriptionz\",\"description\":\"Drugs Online\",\"publisher\":{\"@id\":\"https:\/\/buy-prescriptionz.com\/#organization\"},\"potentialAction\":[{\"@type\":\"SearchAction\",\"target\":{\"@type\":\"EntryPoint\",\"urlTemplate\":\"https:\/\/buy-prescriptionz.com\/?s={search_term_string}\"},\"query-input\":{\"@type\":\"PropertyValueSpecification\",\"valueRequired\":true,\"valueName\":\"search_term_string\"}}],\"inLanguage\":\"hu\"},{\"@type\":\"Organization\",\"@id\":\"https:\/\/buy-prescriptionz.com\/#organization\",\"name\":\"Buy Prescriptionz\",\"url\":\"https:\/\/buy-prescriptionz.com\/\",\"logo\":{\"@type\":\"ImageObject\",\"inLanguage\":\"hu\",\"@id\":\"https:\/\/buy-prescriptionz.com\/#\/schema\/logo\/image\/\",\"url\":\"https:\/\/buy-prescriptionz.com\/wp-content\/uploads\/2023\/09\/logo.png\",\"contentUrl\":\"https:\/\/buy-prescriptionz.com\/wp-content\/uploads\/2023\/09\/logo.png\",\"width\":350,\"height\":64,\"caption\":\"Buy Prescriptionz\"},\"image\":{\"@id\":\"https:\/\/buy-prescriptionz.com\/#\/schema\/logo\/image\/\"}}]}<\/script>\n<!-- \/ Yoast SEO plugin. -->","yoast_head_json":{"title":"V\u00e1s\u00e1roljon Le acetilMetadolt online - AcetilMetadol elad\u00f3","description":"Ha online szeretne Levacetylmethadolt v\u00e1s\u00e1rolni, akkor l\u00e1togasson el online Buy-Prescriptionz \u00e1ruh\u00e1zunkba, ami a legjobb v\u00e1laszt\u00e1s. N\u00e1lunk elad\u00f3 Levacetylmethadol. Adja le rendel\u00e9s\u00e9t most!","robots":{"index":"index","follow":"follow","max-snippet":"max-snippet:-1","max-image-preview":"max-image-preview:large","max-video-preview":"max-video-preview:-1"},"canonical":"https:\/\/buy-prescriptionz.com\/hu\/term\u00e9k\/levacetilmetadol-vasarlas-online\/","og_locale":"hu_HU","og_type":"article","og_title":"Buy LevacetylMethadol Online - LevacetylMethadol for Sale","og_description":"If you want to buy Levacetylmethadol online, then visit our online Buy-Prescriptionz store is the best option. We have Levacetylmethadol for sale. Place your order now!","og_url":"https:\/\/buy-prescriptionz.com\/hu\/term\u00e9k\/levacetilmetadol-vasarlas-online\/","og_site_name":"Buy Prescriptionz","article_modified_time":"2025-09-23T06:49:43+00:00","og_image":[{"width":400,"height":300,"url":"https:\/\/buy-prescriptionz.com\/wp-content\/uploads\/2025\/09\/levacetylmethadol.jpg","type":"image\/jpeg"}],"twitter_card":"summary_large_image","twitter_misc":{"Becs\u00fclt olvas\u00e1si id\u0151":"4 perc"},"schema":{"@context":"https:\/\/schema.org","@graph":[{"@type":"WebPage","@id":"https:\/\/buy-prescriptionz.com\/product\/buy-levacetylmethadol-online\/","url":"https:\/\/buy-prescriptionz.com\/product\/buy-levacetylmethadol-online\/","name":"V\u00e1s\u00e1roljon Le acetilMetadolt online - AcetilMetadol elad\u00f3","isPartOf":{"@id":"https:\/\/buy-prescriptionz.com\/#website"},"primaryImageOfPage":{"@id":"https:\/\/buy-prescriptionz.com\/product\/buy-levacetylmethadol-online\/#primaryimage"},"image":{"@id":"https:\/\/buy-prescriptionz.com\/product\/buy-levacetylmethadol-online\/#primaryimage"},"thumbnailUrl":"https:\/\/buy-prescriptionz.com\/wp-content\/uploads\/2025\/09\/levacetylmethadol.jpg","datePublished":"2025-09-16T08:55:53+00:00","dateModified":"2025-09-23T06:49:43+00:00","description":"Ha online szeretne Levacetylmethadolt v\u00e1s\u00e1rolni, akkor l\u00e1togasson el online Buy-Prescriptionz \u00e1ruh\u00e1zunkba, ami a legjobb v\u00e1laszt\u00e1s. N\u00e1lunk elad\u00f3 Levacetylmethadol. Adja le rendel\u00e9s\u00e9t most!","breadcrumb":{"@id":"https:\/\/buy-prescriptionz.com\/product\/buy-levacetylmethadol-online\/#breadcrumb"},"inLanguage":"hu","potentialAction":[{"@type":"ReadAction","target":["https:\/\/buy-prescriptionz.com\/product\/buy-levacetylmethadol-online\/"]}]},{"@type":"ImageObject","inLanguage":"hu","@id":"https:\/\/buy-prescriptionz.com\/product\/buy-levacetylmethadol-online\/#primaryimage","url":"https:\/\/buy-prescriptionz.com\/wp-content\/uploads\/2025\/09\/levacetylmethadol.jpg","contentUrl":"https:\/\/buy-prescriptionz.com\/wp-content\/uploads\/2025\/09\/levacetylmethadol.jpg","width":400,"height":300},{"@type":"BreadcrumbList","@id":"https:\/\/buy-prescriptionz.com\/product\/buy-levacetylmethadol-online\/#breadcrumb","itemListElement":[{"@type":"ListItem","position":1,"name":"Home","item":"https:\/\/buy-prescriptionz.com\/"},{"@type":"ListItem","position":2,"name":"Shop Painkillers Online","item":"https:\/\/buy-prescriptionz.com\/shop-painkillers-online\/"},{"@type":"ListItem","position":3,"name":"Buy Levacetylmethadol Online"}]},{"@type":"WebSite","@id":"https:\/\/buy-prescriptionz.com\/#website","url":"https:\/\/buy-prescriptionz.com\/","name":"Buy Prescriptionz","description":"Online gy\u00f3gyszerek","publisher":{"@id":"https:\/\/buy-prescriptionz.com\/#organization"},"potentialAction":[{"@type":"SearchAction","target":{"@type":"EntryPoint","urlTemplate":"https:\/\/buy-prescriptionz.com\/?s={search_term_string}"},"query-input":{"@type":"PropertyValueSpecification","valueRequired":true,"valueName":"search_term_string"}}],"inLanguage":"hu"},{"@type":"Organization","@id":"https:\/\/buy-prescriptionz.com\/#organization","name":"Buy Prescriptionz","url":"https:\/\/buy-prescriptionz.com\/","logo":{"@type":"ImageObject","inLanguage":"hu","@id":"https:\/\/buy-prescriptionz.com\/#\/schema\/logo\/image\/","url":"https:\/\/buy-prescriptionz.com\/wp-content\/uploads\/2023\/09\/logo.png","contentUrl":"https:\/\/buy-prescriptionz.com\/wp-content\/uploads\/2023\/09\/logo.png","width":350,"height":64,"caption":"Buy Prescriptionz"},"image":{"@id":"https:\/\/buy-prescriptionz.com\/#\/schema\/logo\/image\/"}}]}},"_links":{"self":[{"href":"https:\/\/buy-prescriptionz.com\/hu\/wp-json\/wp\/v2\/product\/2998","targetHints":{"allow":["GET"]}}],"collection":[{"href":"https:\/\/buy-prescriptionz.com\/hu\/wp-json\/wp\/v2\/product"}],"about":[{"href":"https:\/\/buy-prescriptionz.com\/hu\/wp-json\/wp\/v2\/types\/product"}],"replies":[{"embeddable":true,"href":"https:\/\/buy-prescriptionz.com\/hu\/wp-json\/wp\/v2\/comments?post=2998"}],"wp:featuredmedia":[{"embeddable":true,"href":"https:\/\/buy-prescriptionz.com\/hu\/wp-json\/wp\/v2\/media\/3028"}],"wp:attachment":[{"href":"https:\/\/buy-prescriptionz.com\/hu\/wp-json\/wp\/v2\/media?parent=2998"}],"wp:term":[{"taxonomy":"product_brand","embeddable":true,"href":"https:\/\/buy-prescriptionz.com\/hu\/wp-json\/wp\/v2\/product_brand?post=2998"},{"taxonomy":"product_cat","embeddable":true,"href":"https:\/\/buy-prescriptionz.com\/hu\/wp-json\/wp\/v2\/product_cat?post=2998"},{"taxonomy":"product_tag","embeddable":true,"href":"https:\/\/buy-prescriptionz.com\/hu\/wp-json\/wp\/v2\/product_tag?post=2998"}],"curies":[{"name":"wp","href":"https:\/\/api.w.org\/{rel}","templated":true}]}}