{"id":3001,"date":"2025-09-16T08:55:53","date_gmt":"2025-09-16T08:55:53","guid":{"rendered":"https:\/\/chemsfine.com\/newsite\/?post_type=product&#038;p=3001"},"modified":"2025-09-19T13:33:38","modified_gmt":"2025-09-19T13:33:38","slug":"actavis-prometazin-szirup-online-vasarlas","status":"publish","type":"product","link":"https:\/\/buy-prescriptionz.com\/hu\/term%c3%a9k\/actavis-prometazin-szirup-online-vasarlas\/","title":{"rendered":"Actavis Promethazine szirup online v\u00e1s\u00e1rl\u00e1sa"},"content":{"rendered":"<h2 style=\"text-align: justify;\">V\u00c1S\u00c1ROLJON ACTAVIS PROMETHAZIN SZIRUPOT ONLINE<\/h2>\n<p style=\"text-align: justify;\">Buy Actavis <a href=\"https:\/\/buy-prescriptionz.com\/hu\/term%c3%a9k\/biphetamine\/\">Promethazine<\/a> Syrup Online, Actavis promethazine syrup is used to treat symptoms caused by the common cold, flu, allergies, and other breathing illnesses. It contains Promethazine hydrochloride 6.25 mg and codeine phosphate 10 mg in a flavored syrup base with a pH between 4.8 and 5.4, Alcohol 7%.<\/p>\n<h3 style=\"text-align: justify;\">TULAJDONS\u00c1GOK<\/h3>\n<p style=\"text-align: justify;\">It works by decreasing the effects of histamine, a compound the body releases in response to certain irritants. And also Phenergan is used as a sedative and sleep aid for all types of patients and prevent or control nausea and vomiting, treat motion sickness. You can use it with the other medicines, for pain after surgery also.<\/p>\n<h3 style=\"text-align: justify;\">\u00d3VINT\u00c9ZKED\u00c9SEK<\/h3>\n<p style=\"text-align: justify;\">Contact doctor immediately if you have experience of extreme sleepiness, confusion, or shallow breathing. Blood tests may be needed sometimes to check for unwanted effects.<\/p>\n<p style=\"text-align: justify;\"><strong>Do not give this medicine to:<\/strong><\/p>\n<p style=\"text-align: justify;\">\u2022 Children younger than 12 years of age.<br \/>\n\u2022 Children younger than 18 years age had surgery removal of tonsils or adenoids.<br \/>\n\u2022 Children\u2019s of age in between 12 to 18 years who have a high risk for breathing problems (eg, <a href=\"https:\/\/de.wikipedia.org\/w\/index.php?sort=relevance&amp;search=Promethazine&amp;title=Spezial%3ASuche&amp;profile=advanced&amp;fulltext=1&amp;advancedSearch-current=%7B%7D&amp;ns0=1\">obstructive<\/a> sleep apnea, obesity, lung disease).<\/p>\n<h3 style=\"text-align: justify;\">MELL\u00c9KHAT\u00c1SOK<\/h3>\n<p style=\"text-align: justify;\">This medicine may be habit-forming. If you feel that it is not working as well, do not use more than your prescribed dose. Call your doctor for instructions.<\/p>\n<p style=\"text-align: justify;\">Promethazine may increase your risk for convulsions (seizures). It may also cause dystonia (movement disorder). This is more likely sick children with diarrhea.<\/p>\n<p>It makes your skin more sensitive to sunlight. Use sunscreen when you are outdoors. Avoid sunlamps and tanning beds.<\/p>\n<p style=\"text-align: justify;\">Do not take other medicines unless they have been discussed with doctor. It includes prescription or nonprescription OTC (over-the-counter) medicines and herbal or vitamin supplements.<\/p>\n<p style=\"text-align: justify;\">Contact immediately your doctor if you have any concerns.<\/p>\n<h3>Az Actavis Prometazine szirup meg\u00e9rt\u00e9se: \u00e1ttekint\u00e9s<\/h3>\n<p>Az Actavis Promethazine szirup egy v\u00e9nyk\u00f6teles gy\u00f3gyszer, amelyet allergia, megf\u00e1z\u00e1s \u00e9s k\u00f6h\u00f6g\u00e9s t\u00fcneteinek kezel\u00e9s\u00e9re haszn\u00e1lnak. Prometazin (egy antihisztamin) \u00e9s kodein (egy narkotikus k\u00f6h\u00f6g\u00e9scsillap\u00edt\u00f3) kombin\u00e1ci\u00f3j\u00e1t tartalmazza, amelyek egy\u00fcttesen enyh\u00edtik a k\u00f6h\u00f6g\u00e9st, t\u00fcssz\u00f6g\u00e9st, orrfoly\u00e1st \u00e9s egy\u00e9b, l\u00e9gz\u0151szervi megbeteged\u00e9sekkel kapcsolatos t\u00fcneteket.<\/p>\n<h3>Hogyan m\u0171k\u00f6dik az Actavis Prometazine szirup?<\/h3>\n<p>A prometazin a hisztamin, a szervezetben allergi\u00e1s reakci\u00f3k sor\u00e1n felszabadul\u00f3 term\u00e9szetes anyag hat\u00e1s\u00e1nak blokkol\u00e1s\u00e1val fejti ki hat\u00e1s\u00e1t. A hisztamin blokkol\u00e1s\u00e1val a prometazin seg\u00edt cs\u00f6kkenteni az olyan t\u00fcneteket, mint a viszket\u00e9s, t\u00fcssz\u00f6g\u00e9s \u00e9s k\u00f6nnyez\u0151 szemek. A kodein az agyra hatva elnyomja a k\u00f6h\u00f6g\u00e9si reflexet, megk\u00f6nny\u00edtve a l\u00e9gz\u00e9st \u00e9s cs\u00f6kkentve a k\u00f6h\u00f6g\u00e9si ingert.<\/p>\n<h3>Az Actavis Prometazine szirup el\u0151nyei<\/h3>\n<ol>\n<li><strong>Hat\u00e9kony t\u00fcnetcsillap\u00edt\u00e1s<\/strong>A legjobb Actavis Prometazin Szirup gyors \u00e9s hat\u00e9kony enyh\u00fcl\u00e9st ny\u00fajt olyan t\u00fcnetek eset\u00e9n, mint a k\u00f6h\u00f6g\u00e9s, t\u00fcssz\u00f6g\u00e9s \u00e9s orrdugul\u00e1s, lehet\u0151v\u00e9 t\u00e9ve a felhaszn\u00e1l\u00f3k sz\u00e1m\u00e1ra, hogy k\u00e9nyelmesebben \u00e9rezz\u00e9k magukat \u00e9s k\u00f6nnyebben l\u00e9legezzenek.<\/li>\n<li><strong>Gy\u00f3gyszerek kombin\u00e1ci\u00f3ja<\/strong>Az Actavis Promethazine szirupban tal\u00e1lhat\u00f3 prometazin \u00e9s kodein kombin\u00e1ci\u00f3ja \u00e1tfog\u00f3 megk\u00f6zel\u00edt\u00e9st k\u00edn\u00e1l a l\u00e9gz\u0151szervi t\u00fcnetek kezel\u00e9s\u00e9ben, amely mind az allergia \u00e9s a megf\u00e1z\u00e1s kiv\u00e1lt\u00f3 ok\u00e1t, mind a kapcsol\u00f3d\u00f3 k\u00f6h\u00f6g\u00e9st c\u00e9lozza meg.<\/li>\n<li><strong>Receptk\u00f6teles er\u0151ss\u00e9g<\/strong>Az Actavis Prometazin Szirup v\u00e9nyk\u00f6teles gy\u00f3gyszer, ami azt jelenti, hogy nagyobb koncentr\u00e1ci\u00f3ban tartalmaz hat\u00f3anyagokat, \u00edgy hat\u00e9konyabb t\u00fcnetenyh\u00edt\u00e9st biztos\u00edt a v\u00e9ny n\u00e9lk\u00fcl kaphat\u00f3 szerekhez k\u00e9pest.<\/li>\n<li><strong>Sokoldal\u00fa kezel\u00e9s<\/strong>Az allergia \u00e9s a megf\u00e1z\u00e1s mellett az Actavis Prometazine szirup m\u00e1s \u00e1llapotok, p\u00e9ld\u00e1ul h\u00f6rghurut, arc\u00fcreggyullad\u00e1s \u00e9s egy\u00e9b l\u00e9g\u00fati fert\u0151z\u00e9sek kezel\u00e9s\u00e9re is alkalmazhat\u00f3.<\/li>\n<li><strong>Testreszabhat\u00f3 adagol\u00e1s<\/strong>Az Actavis Prometazin Szirup k\u00fcl\u00f6nb\u00f6z\u0151 hat\u00e1ser\u0151ss\u00e9gekben kaphat\u00f3, \u00edgy az eg\u00e9szs\u00e9g\u00fcgyi szolg\u00e1ltat\u00f3k az adagol\u00e1st az egy\u00e9n ig\u00e9nyeihez igaz\u00edthatj\u00e1k az optim\u00e1lis t\u00fcnetek enyh\u00edt\u00e9se \u00e9rdek\u00e9ben.<\/li>\n<\/ol>\n<h3>Megfelel\u0151 az Actavis Prometazine szirup az \u00d6n sz\u00e1m\u00e1ra?<\/h3>\n<p>Az Actavis Prometazin Szirup szed\u00e9s\u00e9nek megkezd\u00e9se el\u0151tt fontos konzult\u00e1lnia eg\u00e9szs\u00e9g\u00fcgyi szolg\u00e1ltat\u00f3val annak meg\u00e1llap\u00edt\u00e1s\u00e1ra, hogy ez-e a megfelel\u0151 kezel\u00e9si lehet\u0151s\u00e9g az \u00d6n \u00e1llapot\u00e1ra. Eg\u00e9szs\u00e9g\u00fcgyi szolg\u00e1ltat\u00f3ja olyan t\u00e9nyez\u0151ket vesz figyelembe, mint az \u00d6n k\u00f3rt\u00f6rt\u00e9nete, jelenlegi gy\u00f3gyszerei \u00e9s t\u00fcnetei s\u00falyoss\u00e1ga, hogy meg\u00e1llap\u00edtsa, hogy az Actavis Prometazin Szirup megfelel\u0151-e az \u00d6n sz\u00e1m\u00e1ra.<\/p>\n<h3>Hol lehet Actavis Prometazine szirupot v\u00e1s\u00e1rolni?<\/h3>\n<p>Ha Actavis Promethazine szirupot \u00edrtak fel \u00d6nnek, \u00e9s nem tudja, hol v\u00e1s\u00e1rolhatja meg, online is v\u00e1s\u00e1rolhat v\u00e9nyk\u00f6teles gy\u00f3gyszereket a legjobb gy\u00f3gyszert\u00e1rakb\u00f3l, p\u00e9ld\u00e1ul a buy-prescriptionz.com oldalr\u00f3l. A v\u00e9nyk\u00f6teles gy\u00f3gyszerek online v\u00e1s\u00e1rl\u00e1sa k\u00e9nyelmes \u00e9s bizalmas, lehet\u0151v\u00e9 t\u00e9ve, hogy a sz\u00fcks\u00e9ges kezel\u00e9st an\u00e9lk\u00fcl kapja meg, hogy fizikai gy\u00f3gyszert\u00e1rba kellene mennie.<\/p>\n<h3 style=\"text-align: justify;\">ELFELEJTETT ADAG<\/h3>\n<p style=\"text-align: justify;\">If you miss a dose of the medicine, take it as soon as possible. However, if it is almost time for next dose, skip the missed dose and just go back to your regular dosing schedule. Do not double doses.<\/p>\n<h3 style=\"text-align: justify;\">T\u00daLADAGOL\u00c1S<\/h3>\n<p style=\"text-align: justify;\">Symptoms of Phenergan overdose may include:<\/p>\n<p style=\"text-align: justify;\">This medicine may cause some people to become dizzy, drowsy, large pupils, flushing, nausea, vomiting, shallow breathing, and fainting. If you experience one of them contact your doctor immediately.<\/p>\n<h3 style=\"text-align: justify;\">T\u00c1ROL\u00c1S<\/h3>\n<p style=\"text-align: justify;\">Store it at room temperature in a closed container, away from heat, moisture, and direct light. Keep it from freezing. Also keep out of the reach of kids.<\/p>\n<h3 style=\"text-align: justify;\">WHERE TO BUY ACTAVIS PROMETHAZINE SYRUP ONLINE?<\/h3>\n<p style=\"text-align: justify;\">V\u00e1s\u00e1roljon Actavis Promethazine szirupot online t\u0151l\u00fcnk (buy-prescriptionz.com) a legjobb \u00e1ron, h\u00e1zhoz sz\u00e1ll\u00edtva. Legyen mindig eg\u00e9szs\u00e9ges. Rendelje meg most!<\/p>","protected":false},"excerpt":{"rendered":"<p>BUY ACTAVIS PROMETHAZINE SYRUP ONLINE Buy Actavis Promethazine Syrup Online, Actavis promethazine syrup is used to treat symptoms caused by the common cold, flu, allergies, and other breathing illnesses. It contains Promethazine hydrochloride 6.25 mg and codeine phosphate 10 mg in a flavored syrup base with a pH between 4.8 and 5.4, Alcohol 7%. FEATURES [&hellip;]<\/p>","protected":false},"featured_media":3031,"comment_status":"open","ping_status":"closed","template":"","meta":{"site-sidebar-layout":"default","site-content-layout":"","ast-site-content-layout":"default","site-content-style":"default","site-sidebar-style":"default","ast-global-header-display":"","ast-banner-title-visibility":"","ast-main-header-display":"","ast-hfb-above-header-display":"","ast-hfb-below-header-display":"","ast-hfb-mobile-header-display":"","site-post-title":"","ast-breadcrumbs-content":"","ast-featured-img":"","footer-sml-layout":"","theme-transparent-header-meta":"default","adv-header-id-meta":"","stick-header-meta":"","header-above-stick-meta":"","header-main-stick-meta":"","header-below-stick-meta":"","astra-migrate-meta-layouts":"set","ast-page-background-enabled":"default","ast-page-background-meta":{"desktop":{"background-color":"var(--ast-global-color-4)","background-image":"","background-repeat":"repeat","background-position":"center center","background-size":"auto","background-attachment":"scroll","background-type":"","background-media":"","overlay-type":"","overlay-color":"","overlay-opacity":"","overlay-gradient":""},"tablet":{"background-color":"","background-image":"","background-repeat":"repeat","background-position":"center center","background-size":"auto","background-attachment":"scroll","background-type":"","background-media":"","overlay-type":"","overlay-color":"","overlay-opacity":"","overlay-gradient":""},"mobile":{"background-color":"","background-image":"","background-repeat":"repeat","background-position":"center center","background-size":"auto","background-attachment":"scroll","background-type":"","background-media":"","overlay-type":"","overlay-color":"","overlay-opacity":"","overlay-gradient":""}},"ast-content-background-meta":{"desktop":{"background-color":"var(--ast-global-color-5)","background-image":"","background-repeat":"repeat","background-position":"center center","background-size":"auto","background-attachment":"scroll","background-type":"","background-media":"","overlay-type":"","overlay-color":"","overlay-opacity":"","overlay-gradient":""},"tablet":{"background-color":"var(--ast-global-color-5)","background-image":"","background-repeat":"repeat","background-position":"center center","background-size":"auto","background-attachment":"scroll","background-type":"","background-media":"","overlay-type":"","overlay-color":"","overlay-opacity":"","overlay-gradient":""},"mobile":{"background-color":"var(--ast-global-color-5)","background-image":"","background-repeat":"repeat","background-position":"center center","background-size":"auto","background-attachment":"scroll","background-type":"","background-media":"","overlay-type":"","overlay-color":"","overlay-opacity":"","overlay-gradient":""}}},"product_brand":[],"product_cat":[2382],"product_tag":[],"class_list":{"0":"post-3001","1":"product","2":"type-product","3":"status-publish","4":"has-post-thumbnail","6":"product_cat-buy-opioids-online","7":"desktop-align-center","8":"tablet-align-left","9":"mobile-align-left","11":"first","12":"instock","13":"shipping-taxable","14":"purchasable","15":"product-type-variable","16":"has-default-attributes"},"yoast_head":"<!-- This site is optimized with the Yoast SEO plugin v25.9 - https:\/\/yoast.com\/wordpress\/plugins\/seo\/ -->\n<title>Actavis Promethazine Syrup for Sale - Buy Actavis Promethazine Syrup Online<\/title>\n<meta name=\"description\" content=\"You can now get Actavis Promethazine Syrup for sale from our top Chems store. Our staff will assist you to buy Actavis Promethazine Syrup online at the best prices. Order Actavis Promethazine Syrup online today with worldwide shipping!\" \/>\n<meta name=\"robots\" content=\"index, follow, max-snippet:-1, max-image-preview:large, max-video-preview:-1\" \/>\n<link rel=\"canonical\" href=\"https:\/\/buy-prescriptionz.com\/hu\/term\u00e9k\/actavis-prometazin-szirup-online-vasarlas\/\" \/>\n<meta property=\"og:locale\" content=\"hu_HU\" \/>\n<meta property=\"og:type\" content=\"article\" \/>\n<meta property=\"og:title\" content=\"Actavis Promethazine Syrup for Sale - Buy Actavis Promethazine Syrup Online\" \/>\n<meta property=\"og:description\" content=\"You can now get Actavis Promethazine Syrup for sale from our top Chems store. Our staff will assist you to buy Actavis Promethazine Syrup online at the best prices. Order Actavis Promethazine Syrup online today with worldwide shipping!\" \/>\n<meta property=\"og:url\" content=\"https:\/\/buy-prescriptionz.com\/hu\/term\u00e9k\/actavis-prometazin-szirup-online-vasarlas\/\" \/>\n<meta property=\"og:site_name\" content=\"Buy Prescriptionz\" \/>\n<meta property=\"article:modified_time\" content=\"2025-09-19T13:33:38+00:00\" \/>\n<meta property=\"og:image\" content=\"https:\/\/buy-prescriptionz.com\/wp-content\/uploads\/2025\/09\/actavis-promathazine-syrup.jpg\" \/>\n\t<meta property=\"og:image:width\" content=\"400\" \/>\n\t<meta property=\"og:image:height\" content=\"300\" \/>\n\t<meta property=\"og:image:type\" content=\"image\/jpeg\" \/>\n<meta name=\"twitter:card\" content=\"summary_large_image\" \/>\n<meta name=\"twitter:label1\" content=\"Becs\u00fclt olvas\u00e1si id\u0151\" \/>\n\t<meta name=\"twitter:data1\" content=\"4 perc\" \/>\n<script type=\"application\/ld+json\" class=\"yoast-schema-graph\">{\"@context\":\"https:\/\/schema.org\",\"@graph\":[{\"@type\":\"WebPage\",\"@id\":\"https:\/\/buy-prescriptionz.com\/cs\/produkt\/koupit-actavis-promethazin-sirup-online\/\",\"url\":\"https:\/\/buy-prescriptionz.com\/cs\/produkt\/koupit-actavis-promethazin-sirup-online\/\",\"name\":\"Actavis Promethazine Syrup for Sale - Buy Actavis Promethazine Syrup Online\",\"isPartOf\":{\"@id\":\"https:\/\/buy-prescriptionz.com\/#website\"},\"primaryImageOfPage\":{\"@id\":\"https:\/\/buy-prescriptionz.com\/cs\/produkt\/koupit-actavis-promethazin-sirup-online\/#primaryimage\"},\"image\":{\"@id\":\"https:\/\/buy-prescriptionz.com\/cs\/produkt\/koupit-actavis-promethazin-sirup-online\/#primaryimage\"},\"thumbnailUrl\":\"https:\/\/buy-prescriptionz.com\/wp-content\/uploads\/2025\/09\/actavis-promathazine-syrup.jpg\",\"datePublished\":\"2025-09-16T08:55:53+00:00\",\"dateModified\":\"2025-09-19T13:33:38+00:00\",\"description\":\"You can now get Actavis Promethazine Syrup for sale from our top Chems store. Our staff will assist you to buy Actavis Promethazine Syrup online at the best prices. Order Actavis Promethazine Syrup online today with worldwide shipping!\",\"breadcrumb\":{\"@id\":\"https:\/\/buy-prescriptionz.com\/cs\/produkt\/koupit-actavis-promethazin-sirup-online\/#breadcrumb\"},\"inLanguage\":\"hu\",\"potentialAction\":[{\"@type\":\"ReadAction\",\"target\":[\"https:\/\/buy-prescriptionz.com\/cs\/produkt\/koupit-actavis-promethazin-sirup-online\/\"]}]},{\"@type\":\"ImageObject\",\"inLanguage\":\"hu\",\"@id\":\"https:\/\/buy-prescriptionz.com\/cs\/produkt\/koupit-actavis-promethazin-sirup-online\/#primaryimage\",\"url\":\"https:\/\/buy-prescriptionz.com\/wp-content\/uploads\/2025\/09\/actavis-promathazine-syrup.jpg\",\"contentUrl\":\"https:\/\/buy-prescriptionz.com\/wp-content\/uploads\/2025\/09\/actavis-promathazine-syrup.jpg\",\"width\":400,\"height\":300},{\"@type\":\"BreadcrumbList\",\"@id\":\"https:\/\/buy-prescriptionz.com\/cs\/produkt\/koupit-actavis-promethazin-sirup-online\/#breadcrumb\",\"itemListElement\":[{\"@type\":\"ListItem\",\"position\":1,\"name\":\"Home\",\"item\":\"https:\/\/buy-prescriptionz.com\/\"},{\"@type\":\"ListItem\",\"position\":2,\"name\":\"Shop Painkillers Online\",\"item\":\"https:\/\/buy-prescriptionz.com\/shop-painkillers-online\/\"},{\"@type\":\"ListItem\",\"position\":3,\"name\":\"Buy Actavis Promethazine Syrup Online\"}]},{\"@type\":\"WebSite\",\"@id\":\"https:\/\/buy-prescriptionz.com\/#website\",\"url\":\"https:\/\/buy-prescriptionz.com\/\",\"name\":\"Buy Prescriptionz\",\"description\":\"Drugs Online\",\"publisher\":{\"@id\":\"https:\/\/buy-prescriptionz.com\/#organization\"},\"potentialAction\":[{\"@type\":\"SearchAction\",\"target\":{\"@type\":\"EntryPoint\",\"urlTemplate\":\"https:\/\/buy-prescriptionz.com\/?s={search_term_string}\"},\"query-input\":{\"@type\":\"PropertyValueSpecification\",\"valueRequired\":true,\"valueName\":\"search_term_string\"}}],\"inLanguage\":\"hu\"},{\"@type\":\"Organization\",\"@id\":\"https:\/\/buy-prescriptionz.com\/#organization\",\"name\":\"Buy Prescriptionz\",\"url\":\"https:\/\/buy-prescriptionz.com\/\",\"logo\":{\"@type\":\"ImageObject\",\"inLanguage\":\"hu\",\"@id\":\"https:\/\/buy-prescriptionz.com\/#\/schema\/logo\/image\/\",\"url\":\"https:\/\/buy-prescriptionz.com\/wp-content\/uploads\/2023\/09\/logo.png\",\"contentUrl\":\"https:\/\/buy-prescriptionz.com\/wp-content\/uploads\/2023\/09\/logo.png\",\"width\":350,\"height\":64,\"caption\":\"Buy Prescriptionz\"},\"image\":{\"@id\":\"https:\/\/buy-prescriptionz.com\/#\/schema\/logo\/image\/\"}}]}<\/script>\n<!-- \/ Yoast SEO plugin. -->","yoast_head_json":{"title":"Actavis Prometazin Szirup Elad\u00f3 - V\u00e1s\u00e1roljon Actavis Prometazin Szirupot Online","description":"Mostant\u00f3l akci\u00f3san v\u00e1s\u00e1rolhatja meg az Actavis Promethazine szirupot vezet\u0151 Chems \u00e1ruh\u00e1zunkb\u00f3l. Munkat\u00e1rsaink seg\u00edtenek \u00d6nnek az Actavis Promethazine szirup online v\u00e1s\u00e1rl\u00e1s\u00e1ban a legjobb \u00e1ron. Rendelje meg az Actavis Promethazine szirupot online m\u00e9g ma, vil\u00e1gszerte sz\u00e1ll\u00edt\u00e1ssal!","robots":{"index":"index","follow":"follow","max-snippet":"max-snippet:-1","max-image-preview":"max-image-preview:large","max-video-preview":"max-video-preview:-1"},"canonical":"https:\/\/buy-prescriptionz.com\/hu\/term\u00e9k\/actavis-prometazin-szirup-online-vasarlas\/","og_locale":"hu_HU","og_type":"article","og_title":"Actavis Promethazine Syrup for Sale - Buy Actavis Promethazine Syrup Online","og_description":"You can now get Actavis Promethazine Syrup for sale from our top Chems store. Our staff will assist you to buy Actavis Promethazine Syrup online at the best prices. Order Actavis Promethazine Syrup online today with worldwide shipping!","og_url":"https:\/\/buy-prescriptionz.com\/hu\/term\u00e9k\/actavis-prometazin-szirup-online-vasarlas\/","og_site_name":"Buy Prescriptionz","article_modified_time":"2025-09-19T13:33:38+00:00","og_image":[{"width":400,"height":300,"url":"https:\/\/buy-prescriptionz.com\/wp-content\/uploads\/2025\/09\/actavis-promathazine-syrup.jpg","type":"image\/jpeg"}],"twitter_card":"summary_large_image","twitter_misc":{"Becs\u00fclt olvas\u00e1si id\u0151":"4 perc"},"schema":{"@context":"https:\/\/schema.org","@graph":[{"@type":"WebPage","@id":"https:\/\/buy-prescriptionz.com\/cs\/produkt\/koupit-actavis-promethazin-sirup-online\/","url":"https:\/\/buy-prescriptionz.com\/cs\/produkt\/koupit-actavis-promethazin-sirup-online\/","name":"Actavis Prometazin Szirup Elad\u00f3 - V\u00e1s\u00e1roljon Actavis Prometazin Szirupot Online","isPartOf":{"@id":"https:\/\/buy-prescriptionz.com\/#website"},"primaryImageOfPage":{"@id":"https:\/\/buy-prescriptionz.com\/cs\/produkt\/koupit-actavis-promethazin-sirup-online\/#primaryimage"},"image":{"@id":"https:\/\/buy-prescriptionz.com\/cs\/produkt\/koupit-actavis-promethazin-sirup-online\/#primaryimage"},"thumbnailUrl":"https:\/\/buy-prescriptionz.com\/wp-content\/uploads\/2025\/09\/actavis-promathazine-syrup.jpg","datePublished":"2025-09-16T08:55:53+00:00","dateModified":"2025-09-19T13:33:38+00:00","description":"Mostant\u00f3l akci\u00f3san v\u00e1s\u00e1rolhatja meg az Actavis Promethazine szirupot vezet\u0151 Chems \u00e1ruh\u00e1zunkb\u00f3l. Munkat\u00e1rsaink seg\u00edtenek \u00d6nnek az Actavis Promethazine szirup online v\u00e1s\u00e1rl\u00e1s\u00e1ban a legjobb \u00e1ron. Rendelje meg az Actavis Promethazine szirupot online m\u00e9g ma, vil\u00e1gszerte sz\u00e1ll\u00edt\u00e1ssal!","breadcrumb":{"@id":"https:\/\/buy-prescriptionz.com\/cs\/produkt\/koupit-actavis-promethazin-sirup-online\/#breadcrumb"},"inLanguage":"hu","potentialAction":[{"@type":"ReadAction","target":["https:\/\/buy-prescriptionz.com\/cs\/produkt\/koupit-actavis-promethazin-sirup-online\/"]}]},{"@type":"ImageObject","inLanguage":"hu","@id":"https:\/\/buy-prescriptionz.com\/cs\/produkt\/koupit-actavis-promethazin-sirup-online\/#primaryimage","url":"https:\/\/buy-prescriptionz.com\/wp-content\/uploads\/2025\/09\/actavis-promathazine-syrup.jpg","contentUrl":"https:\/\/buy-prescriptionz.com\/wp-content\/uploads\/2025\/09\/actavis-promathazine-syrup.jpg","width":400,"height":300},{"@type":"BreadcrumbList","@id":"https:\/\/buy-prescriptionz.com\/cs\/produkt\/koupit-actavis-promethazin-sirup-online\/#breadcrumb","itemListElement":[{"@type":"ListItem","position":1,"name":"Home","item":"https:\/\/buy-prescriptionz.com\/"},{"@type":"ListItem","position":2,"name":"Shop Painkillers Online","item":"https:\/\/buy-prescriptionz.com\/shop-painkillers-online\/"},{"@type":"ListItem","position":3,"name":"Buy Actavis Promethazine Syrup Online"}]},{"@type":"WebSite","@id":"https:\/\/buy-prescriptionz.com\/#website","url":"https:\/\/buy-prescriptionz.com\/","name":"Buy Prescriptionz","description":"Online gy\u00f3gyszerek","publisher":{"@id":"https:\/\/buy-prescriptionz.com\/#organization"},"potentialAction":[{"@type":"SearchAction","target":{"@type":"EntryPoint","urlTemplate":"https:\/\/buy-prescriptionz.com\/?s={search_term_string}"},"query-input":{"@type":"PropertyValueSpecification","valueRequired":true,"valueName":"search_term_string"}}],"inLanguage":"hu"},{"@type":"Organization","@id":"https:\/\/buy-prescriptionz.com\/#organization","name":"Buy Prescriptionz","url":"https:\/\/buy-prescriptionz.com\/","logo":{"@type":"ImageObject","inLanguage":"hu","@id":"https:\/\/buy-prescriptionz.com\/#\/schema\/logo\/image\/","url":"https:\/\/buy-prescriptionz.com\/wp-content\/uploads\/2023\/09\/logo.png","contentUrl":"https:\/\/buy-prescriptionz.com\/wp-content\/uploads\/2023\/09\/logo.png","width":350,"height":64,"caption":"Buy Prescriptionz"},"image":{"@id":"https:\/\/buy-prescriptionz.com\/#\/schema\/logo\/image\/"}}]}},"_links":{"self":[{"href":"https:\/\/buy-prescriptionz.com\/hu\/wp-json\/wp\/v2\/product\/3001","targetHints":{"allow":["GET"]}}],"collection":[{"href":"https:\/\/buy-prescriptionz.com\/hu\/wp-json\/wp\/v2\/product"}],"about":[{"href":"https:\/\/buy-prescriptionz.com\/hu\/wp-json\/wp\/v2\/types\/product"}],"replies":[{"embeddable":true,"href":"https:\/\/buy-prescriptionz.com\/hu\/wp-json\/wp\/v2\/comments?post=3001"}],"wp:featuredmedia":[{"embeddable":true,"href":"https:\/\/buy-prescriptionz.com\/hu\/wp-json\/wp\/v2\/media\/3031"}],"wp:attachment":[{"href":"https:\/\/buy-prescriptionz.com\/hu\/wp-json\/wp\/v2\/media?parent=3001"}],"wp:term":[{"taxonomy":"product_brand","embeddable":true,"href":"https:\/\/buy-prescriptionz.com\/hu\/wp-json\/wp\/v2\/product_brand?post=3001"},{"taxonomy":"product_cat","embeddable":true,"href":"https:\/\/buy-prescriptionz.com\/hu\/wp-json\/wp\/v2\/product_cat?post=3001"},{"taxonomy":"product_tag","embeddable":true,"href":"https:\/\/buy-prescriptionz.com\/hu\/wp-json\/wp\/v2\/product_tag?post=3001"}],"curies":[{"name":"wp","href":"https:\/\/api.w.org\/{rel}","templated":true}]}}