{"id":3002,"date":"2025-09-16T08:55:53","date_gmt":"2025-09-16T08:55:53","guid":{"rendered":"https:\/\/chemsfine.com\/newsite\/?post_type=product&#038;p=3002"},"modified":"2025-09-26T14:33:40","modified_gmt":"2025-09-26T14:33:40","slug":"morphine","status":"publish","type":"product","link":"https:\/\/buy-prescriptionz.com\/hu\/term%c3%a9k\/morphine\/","title":{"rendered":"Morfium"},"content":{"rendered":"<h2>ONLINE MORFIUMOT V\u00c1S\u00c1ROLNI<\/h2>\n<p>Az interneten a morfiumot k\u00f6zepes \u00e9s s\u00falyos f\u00e1jdalom enyh\u00edt\u00e9s\u00e9re haszn\u00e1lj\u00e1k. A morfiumkapszul\u00e1kat csak olyan s\u00falyos (\u00e9jjel-nappali) f\u00e1jdalom enyh\u00edt\u00e9s\u00e9re haszn\u00e1lj\u00e1k, amely m\u00e1s f\u00e1jdalomcsillap\u00edt\u00f3kkal nem szab\u00e1lyozhat\u00f3. A morfium nem alkalmazhat\u00f3 olyan f\u00e1jdalom kezel\u00e9s\u00e9re, amely sz\u00fcks\u00e9g szerint gy\u00f3gyszeres kezel\u00e9ssel szab\u00e1lyozhat\u00f3. A morfium az opi\u00e1t f\u00e1jdalomcsillap\u00edt\u00f3knak nevezett gy\u00f3gyszerek csoportja.<\/p>\n<h3>A MORFIUM JELLEMZ\u0150I<\/h3>\n<p>A morfium tabletta olyan er\u0151s f\u00e1jdalom kezel\u00e9s\u00e9re javallt, amely napi, \u00e9jjel-nappal tart\u00f3, hossz\u00fa t\u00e1v\u00fa, tart\u00f3s f\u00e1jdalomcsillap\u00edt\u00e1st ig\u00e9nyel. <a href=\"https:\/\/de.wikipedia.org\/w\/index.php?sort=relevance&amp;search=drungs&amp;title=Spezial%3ASuche&amp;profile=advanced&amp;fulltext=1&amp;advancedSearch-current=%7B%7D&amp;ns0=1\">opioid<\/a> kezel\u00e9s, \u00e9s amelyek eset\u00e9ben az alternat\u00edv kezel\u00e9si lehet\u0151s\u00e9gek nem megfelel\u0151ek.<\/p>\n<h3>MELL\u00c9KHAT\u00c1SOK<\/h3>\n<p><strong>A morfium mell\u00e9khat\u00e1sokat okozhat. T\u00e1j\u00e9koztassa kezel\u0151orvos\u00e1t, ha ezen t\u00fcnetek b\u00e1rmelyike s\u00falyos vagy nem m\u00falik el:<\/strong><br \/>\nGyomorf\u00e1jdalom \u00e9s g\u00f6rcs\u00f6k<br \/>\n\u00c1lmoss\u00e1g<br \/>\nSz\u00e1jsz\u00e1razs\u00e1g<br \/>\nIdegess\u00e9g<br \/>\nFejf\u00e1j\u00e1s<br \/>\nHangulatv\u00e1ltoz\u00e1sok<\/p>\n<h3><strong>Morfin: \u00c1ttekint\u00e9s \u00e9s el\u0151nyei a hat\u00e9kony f\u00e1jdalomcsillap\u00edt\u00e1shoz a buy-prescriptz.com oldalr\u00f3l<\/strong><\/h3>\n<p>A morfin, amely online forr\u00e1sokon, p\u00e9ld\u00e1ul a buy-prescriptionz.com oldalon kereszt\u00fcl kaphat\u00f3, az egyik leghat\u00e9konyabb gy\u00f3gyszer a s\u00falyos f\u00e1jdalom kezel\u00e9s\u00e9re. \u00c1ltal\u00e1ban kr\u00f3nikus f\u00e1jdalomt\u00f3l, m\u0171t\u00e9t ut\u00e1ni f\u00e1jdalomt\u00f3l vagy r\u00e1kkal \u00f6sszef\u00fcgg\u0151 f\u00e1jdalomt\u00f3l szenved\u0151 betegekn\u00e9l alkalmazz\u00e1k. A legjobb morfin egy rendk\u00edv\u00fcl hat\u00e9kony lehet\u0151s\u00e9g a s\u00falyos f\u00e1jdalom kezel\u00e9s\u00e9re.<\/p>\n<p>A morfin sz\u00e1mos fontos el\u0151nnyel j\u00e1r:<\/p>\n<ol>\n<li>Hat\u00e9kony f\u00e1jdalomcsillap\u00edt\u00e1s: A hidrokodon rendk\u00edv\u00fcl hat\u00e9kony a k\u00f6zepes \u00e9s s\u00falyos f\u00e1jdalom enyh\u00edt\u00e9s\u00e9ben, \u00edgy alkalmass\u00e1 teszi azokat a betegeket, akiknek er\u0151s f\u00e1jdalomcsillap\u00edt\u00e1sra van sz\u00fcks\u00e9g\u00fck.<\/li>\n<li>Gyors hat\u00e1skezdet: A gy\u00f3gyszer gyorsan hatni kezd, \u00e9s azonnal enyh\u00edti az akut f\u00e1jdalmakat.<\/li>\n<li>Sokoldal\u00fa k\u00e9sz\u00edtm\u00e9nyek: A morfin k\u00fcl\u00f6nf\u00e9le form\u00e1kban kaphat\u00f3, bele\u00e9rtve az or\u00e1lis, injekci\u00f3s \u00e9s ny\u00fajtott hat\u00f3anyag-lead\u00e1s\u00fa tablett\u00e1kat, ami lehet\u0151v\u00e9 teszi a beteg ig\u00e9nyeihez igaz\u00edtott rugalmas adagol\u00e1st.<\/li>\n<li>Javul\u00f3 \u00e9letmin\u0151s\u00e9g: A kr\u00f3nikus f\u00e1jdalomban szenved\u0151k sz\u00e1m\u00e1ra a morfin jelent\u0151sen jav\u00edthatja a mindennapi m\u0171k\u00f6d\u00e9st \u00e9s az \u00e1ltal\u00e1nos \u00e9letmin\u0151s\u00e9get a f\u00e1jdalomszint cs\u00f6kkent\u00e9s\u00e9vel.<\/li>\n<\/ol>\n<p>Azonban er\u0151ss\u00e9ge miatt a morfiumot szigor\u00fa orvosi fel\u00fcgyelet mellett kell alkalmazni. A betegeknek szigor\u00faan be kell tartaniuk eg\u00e9szs\u00e9g\u00fcgyi szolg\u00e1ltat\u00f3juk utas\u00edt\u00e1sait a f\u00fcgg\u0151s\u00e9g \u00e9s egy\u00e9b mell\u00e9khat\u00e1sok, p\u00e9ld\u00e1ul a l\u00e9gz\u00e9sdepresszi\u00f3, a sz\u00e9kreked\u00e9s \u00e9s az \u00e1lmoss\u00e1g kock\u00e1zat\u00e1nak minimaliz\u00e1l\u00e1sa \u00e9rdek\u00e9ben. Ha a legjobb gy\u00f3gyszert\u00e1rb\u00f3l, p\u00e9ld\u00e1ul a buy-prescriptionz.com oldalr\u00f3l szerzik be, \u00e9s felel\u0151ss\u00e9gteljesen, orvosi fel\u00fcgyelet mellett haszn\u00e1lj\u00e1k, nagyban hozz\u00e1j\u00e1rulhat a kr\u00f3nikus f\u00e1jdalomban szenved\u0151k jav\u00e1ra, jav\u00edtva \u00e9letmin\u0151s\u00e9g\u00fcket \u00e9s \u00e1ltal\u00e1nos j\u00f3l\u00e9t\u00fcket. Mindig konzult\u00e1ljon eg\u00e9szs\u00e9g\u00fcgyi szakemberrel a morfium biztons\u00e1gos \u00e9s megfelel\u0151 haszn\u00e1lat\u00e1nak biztos\u00edt\u00e1sa \u00e9rdek\u00e9ben.<\/p>\n<h3>A MORFIUMMAL KAPCSOLATOS \u00d3VINT\u00c9ZKED\u00c9SEK<\/h3>\n<p>A morfium oldat, retard tabletta \u00e9s retard (hossz\u00fa hat\u00e1s\u00fa) kapszula form\u00e1j\u00e1ban, sz\u00e1jon \u00e1t t\u00f6rt\u00e9n\u0151 bev\u00e9telre. A bels\u0151leges oldatot \u00e1ltal\u00e1ban 4 \u00f3r\u00e1nk\u00e9nt kell bevenni a f\u00e1jdalom eset\u00e9n. Egyes m\u00e1rk\u00e1k retard tablett\u00e1k, amelyeket \u00e1ltal\u00e1ban 8 vagy 12 \u00f3r\u00e1nk\u00e9nt kell bevenni. Figyelmesen k\u00f6vesse az orvos \u00e1ltal fel\u00edrt c\u00edmk\u00e9n szerepl\u0151 utas\u00edt\u00e1sokat, \u00e9s k\u00e9rdezze meg kezel\u0151orvos\u00e1t, ha b\u00e1rmilyen nem \u00e9rtett r\u00e9szt meg akar magyar\u00e1zni.<br \/>\nGy\u0151z\u0151dj\u00f6n meg r\u00f3la, hogy tudja, h\u00e1ny milliliter folyad\u00e9kot kell bevennie. K\u00e9rdezze meg kezel\u0151orvos\u00e1t, ha b\u00e1rmilyen k\u00e9rd\u00e9se van azzal kapcsolatban, hogy mennyi adagot kell bevennie ebb\u0151l a gy\u00f3gyszerb\u0151l, vagy hogyan kell haszn\u00e1lni az adagol\u00f3cs\u00e9sz\u00e9t vagy fecskend\u0151t.<br \/>\nHa m\u00e1rk\u00e1s elny\u00fajtott hat\u00f3anyag-lead\u00e1s\u00fa kapszul\u00e1kat szed, \u00e9s gasztroszt\u00f3m\u00e1s szond\u00e1ja van (seb\u00e9szetileg behelyezett t\u00e1pszonda), k\u00e9rdezze meg kezel\u0151orvos\u00e1t vagy gy\u00f3gyszer\u00e9sz\u00e9t, hogyan kell beadni a gy\u00f3gyszert a cs\u00f6v\u00f6n kereszt\u00fcl.<\/p>\n<h3>ELFELEJTETT ADAG<\/h3>\n<p>Ha morfiumot szed, orvosa val\u00f3sz\u00edn\u0171leg azt fogja mondani, hogy sz\u00fcks\u00e9g szerint szedje a gy\u00f3gyszert.<br \/>\nHa orvosa azt mondta, hogy f\u00e1jdalomcsillap\u00edt\u00e1sra szedjen metadont, vegye be a kihagyott adagot, amint esz\u00e9be jut, majd folytassa a szok\u00e1sos adagol\u00e1si rendet. Ha azonban m\u00e1r majdnem itt az ideje a k\u00f6vetkez\u0151 adagnak, hagyja ki a kihagyott adagot, \u00e9s folytassa a szok\u00e1sos adagol\u00e1si rendet. Ne vegyen be k\u00e9tszeres adagot a kihagyott adag\u00e9rt.<\/p>\n<h3>T\u00daLADAGOL\u00c1S<\/h3>\n<p><strong>A t\u00faladagol\u00e1s t\u00fcnetei a k\u00f6vetkez\u0151k lehetnek:<\/strong><\/p>\n<p>lass\u00fa, felsz\u00ednes vagy szab\u00e1lytalan l\u00e9gz\u00e9s<br \/>\n\u00e1lmoss\u00e1g<br \/>\neszm\u00e9letveszt\u00e9s<br \/>\npetyh\u00fcdt izmok<br \/>\nhideg, nyirkos b\u0151r<br \/>\nkis tanul\u00f3k<br \/>\nlass\u00fa sz\u00edvver\u00e9s<br \/>\nhom\u00e1lyos l\u00e1t\u00e1s<br \/>\nh\u00e1nyinger<br \/>\n\u00e1jul\u00e1s<\/p>\n<h3>A MORFIUM T\u00c1ROL\u00c1SA<\/h3>\n<p>Fontos, hogy ezt a gy\u00f3gyszert a gyermekek szeme el\u0151l \u00e9s el\u00e9rhet\u0151s\u00e9gein k\u00edv\u00fcl tartsa, \u00e9s szobah\u0151m\u00e9rs\u00e9kleten t\u00e1rolja.A gyermekek m\u00e9rgez\u00e9st\u0151l val\u00f3 v\u00e9delme \u00e9rdek\u00e9ben z\u00e1rja le a biztons\u00e1gi kupakot, \u00e9s helyezze a gy\u00f3gyszert biztons\u00e1gos helyre.<\/p>\n<h3>HOL LEHET A LEGJOBB MORFIUMOT ONLINE V\u00c1S\u00c1ROLNI?<\/h3>\n<p>V\u00e1s\u00e1roljon morfiumot az \u00d6n h\u00e1za t\u00e1j\u00e1n egyszer\u0171 \u00e9s k\u00f6nny\u0171 l\u00e9p\u00e9sekkel a buprescriptionz online a legjobb \u00e1ron, \u00e9s kap f\u00e1jdalomcsillap\u00edt\u00e1st.<\/p>","protected":false},"excerpt":{"rendered":"<p>BUY MORPHINE ONLINE Buy Morphine Online, Morphine is used for relief moderate to severe pain. Morphine capsules are only used to relieve severe (around-the-clock) pain that cannot be controlled by the use of other pain medications. Morphine should not be used to treat pain that can be controlled by medication that is taken as needed. [&hellip;]<\/p>","protected":false},"featured_media":3032,"comment_status":"open","ping_status":"closed","template":"","meta":{"site-sidebar-layout":"default","site-content-layout":"","ast-site-content-layout":"default","site-content-style":"default","site-sidebar-style":"default","ast-global-header-display":"","ast-banner-title-visibility":"","ast-main-header-display":"","ast-hfb-above-header-display":"","ast-hfb-below-header-display":"","ast-hfb-mobile-header-display":"","site-post-title":"","ast-breadcrumbs-content":"","ast-featured-img":"","footer-sml-layout":"","theme-transparent-header-meta":"default","adv-header-id-meta":"","stick-header-meta":"","header-above-stick-meta":"","header-main-stick-meta":"","header-below-stick-meta":"","astra-migrate-meta-layouts":"set","ast-page-background-enabled":"default","ast-page-background-meta":{"desktop":{"background-color":"var(--ast-global-color-4)","background-image":"","background-repeat":"repeat","background-position":"center center","background-size":"auto","background-attachment":"scroll","background-type":"","background-media":"","overlay-type":"","overlay-color":"","overlay-opacity":"","overlay-gradient":""},"tablet":{"background-color":"","background-image":"","background-repeat":"repeat","background-position":"center center","background-size":"auto","background-attachment":"scroll","background-type":"","background-media":"","overlay-type":"","overlay-color":"","overlay-opacity":"","overlay-gradient":""},"mobile":{"background-color":"","background-image":"","background-repeat":"repeat","background-position":"center center","background-size":"auto","background-attachment":"scroll","background-type":"","background-media":"","overlay-type":"","overlay-color":"","overlay-opacity":"","overlay-gradient":""}},"ast-content-background-meta":{"desktop":{"background-color":"var(--ast-global-color-5)","background-image":"","background-repeat":"repeat","background-position":"center center","background-size":"auto","background-attachment":"scroll","background-type":"","background-media":"","overlay-type":"","overlay-color":"","overlay-opacity":"","overlay-gradient":""},"tablet":{"background-color":"var(--ast-global-color-5)","background-image":"","background-repeat":"repeat","background-position":"center center","background-size":"auto","background-attachment":"scroll","background-type":"","background-media":"","overlay-type":"","overlay-color":"","overlay-opacity":"","overlay-gradient":""},"mobile":{"background-color":"var(--ast-global-color-5)","background-image":"","background-repeat":"repeat","background-position":"center center","background-size":"auto","background-attachment":"scroll","background-type":"","background-media":"","overlay-type":"","overlay-color":"","overlay-opacity":"","overlay-gradient":""}}},"product_brand":[],"product_cat":[2382],"product_tag":[2175,2177,2176,2178,2180,2179,2181],"class_list":{"0":"post-3002","1":"product","2":"type-product","3":"status-publish","4":"has-post-thumbnail","6":"product_cat-buy-opioids-online","7":"product_tag-best-of-morphine","8":"product_tag-buy-morphine-30mg-online","9":"product_tag-buy-morphine-online","10":"product_tag-buy-morphine-online-without-prescription","11":"product_tag-buy-pain-relief-tablets","12":"product_tag-morphine","13":"product_tag-morphine-sulfate","14":"desktop-align-center","15":"tablet-align-left","16":"mobile-align-left","18":"first","19":"instock","20":"shipping-taxable","21":"purchasable","22":"product-type-variable","23":"has-default-attributes"},"yoast_head":"<!-- This site is optimized with the Yoast SEO plugin v25.9 - https:\/\/yoast.com\/wordpress\/plugins\/seo\/ -->\n<title>Buy Morphine Online - Buy Pain Relief Tablets &amp; Treatments Online AU<\/title>\n<meta name=\"description\" content=\"Buy Morphine Online is an online pharmacy store where you can Morphine at best price without doctor&#039;s prescription. Morphine\" \/>\n<meta name=\"robots\" content=\"index, follow, max-snippet:-1, max-image-preview:large, max-video-preview:-1\" \/>\n<link rel=\"canonical\" href=\"https:\/\/buy-prescriptionz.com\/hu\/term\u00e9k\/morphine\/\" \/>\n<meta property=\"og:locale\" content=\"hu_HU\" \/>\n<meta property=\"og:type\" content=\"article\" \/>\n<meta property=\"og:title\" content=\"Buy Morphine Online - Buy Pain Relief Tablets &amp; Treatments Online AU\" \/>\n<meta property=\"og:description\" content=\"Buy Morphine Online is an online pharmacy store where you can Morphine at best price without doctor&#039;s prescription. Morphine\" \/>\n<meta property=\"og:url\" content=\"https:\/\/buy-prescriptionz.com\/hu\/term\u00e9k\/morphine\/\" \/>\n<meta property=\"og:site_name\" content=\"Buy Prescriptionz\" \/>\n<meta property=\"article:modified_time\" content=\"2025-09-26T14:33:40+00:00\" \/>\n<meta property=\"og:image\" content=\"https:\/\/buy-prescriptionz.com\/wp-content\/uploads\/2025\/09\/morphine.jpg\" \/>\n\t<meta property=\"og:image:width\" content=\"400\" \/>\n\t<meta property=\"og:image:height\" content=\"300\" \/>\n\t<meta property=\"og:image:type\" content=\"image\/jpeg\" \/>\n<meta name=\"twitter:card\" content=\"summary_large_image\" \/>\n<meta name=\"twitter:label1\" content=\"Becs\u00fclt olvas\u00e1si id\u0151\" \/>\n\t<meta name=\"twitter:data1\" content=\"4 perc\" \/>\n<script type=\"application\/ld+json\" class=\"yoast-schema-graph\">{\"@context\":\"https:\/\/schema.org\",\"@graph\":[{\"@type\":\"WebPage\",\"@id\":\"https:\/\/buy-prescriptionz.com\/product\/morphine\/\",\"url\":\"https:\/\/buy-prescriptionz.com\/product\/morphine\/\",\"name\":\"Buy Morphine Online - Buy Pain Relief Tablets & Treatments Online AU\",\"isPartOf\":{\"@id\":\"https:\/\/buy-prescriptionz.com\/#website\"},\"primaryImageOfPage\":{\"@id\":\"https:\/\/buy-prescriptionz.com\/product\/morphine\/#primaryimage\"},\"image\":{\"@id\":\"https:\/\/buy-prescriptionz.com\/product\/morphine\/#primaryimage\"},\"thumbnailUrl\":\"https:\/\/buy-prescriptionz.com\/wp-content\/uploads\/2025\/09\/morphine.jpg\",\"datePublished\":\"2025-09-16T08:55:53+00:00\",\"dateModified\":\"2025-09-26T14:33:40+00:00\",\"description\":\"Buy Morphine Online is an online pharmacy store where you can Morphine at best price without doctor's prescription. Morphine\",\"breadcrumb\":{\"@id\":\"https:\/\/buy-prescriptionz.com\/product\/morphine\/#breadcrumb\"},\"inLanguage\":\"hu\",\"potentialAction\":[{\"@type\":\"ReadAction\",\"target\":[\"https:\/\/buy-prescriptionz.com\/product\/morphine\/\"]}]},{\"@type\":\"ImageObject\",\"inLanguage\":\"hu\",\"@id\":\"https:\/\/buy-prescriptionz.com\/product\/morphine\/#primaryimage\",\"url\":\"https:\/\/buy-prescriptionz.com\/wp-content\/uploads\/2025\/09\/morphine.jpg\",\"contentUrl\":\"https:\/\/buy-prescriptionz.com\/wp-content\/uploads\/2025\/09\/morphine.jpg\",\"width\":400,\"height\":300},{\"@type\":\"BreadcrumbList\",\"@id\":\"https:\/\/buy-prescriptionz.com\/product\/morphine\/#breadcrumb\",\"itemListElement\":[{\"@type\":\"ListItem\",\"position\":1,\"name\":\"Home\",\"item\":\"https:\/\/buy-prescriptionz.com\/\"},{\"@type\":\"ListItem\",\"position\":2,\"name\":\"Shop Painkillers Online\",\"item\":\"https:\/\/buy-prescriptionz.com\/shop-painkillers-online\/\"},{\"@type\":\"ListItem\",\"position\":3,\"name\":\"Morphine\"}]},{\"@type\":\"WebSite\",\"@id\":\"https:\/\/buy-prescriptionz.com\/#website\",\"url\":\"https:\/\/buy-prescriptionz.com\/\",\"name\":\"Buy Prescriptionz\",\"description\":\"Drugs Online\",\"publisher\":{\"@id\":\"https:\/\/buy-prescriptionz.com\/#organization\"},\"potentialAction\":[{\"@type\":\"SearchAction\",\"target\":{\"@type\":\"EntryPoint\",\"urlTemplate\":\"https:\/\/buy-prescriptionz.com\/?s={search_term_string}\"},\"query-input\":{\"@type\":\"PropertyValueSpecification\",\"valueRequired\":true,\"valueName\":\"search_term_string\"}}],\"inLanguage\":\"hu\"},{\"@type\":\"Organization\",\"@id\":\"https:\/\/buy-prescriptionz.com\/#organization\",\"name\":\"Buy Prescriptionz\",\"url\":\"https:\/\/buy-prescriptionz.com\/\",\"logo\":{\"@type\":\"ImageObject\",\"inLanguage\":\"hu\",\"@id\":\"https:\/\/buy-prescriptionz.com\/#\/schema\/logo\/image\/\",\"url\":\"https:\/\/buy-prescriptionz.com\/wp-content\/uploads\/2023\/09\/logo.png\",\"contentUrl\":\"https:\/\/buy-prescriptionz.com\/wp-content\/uploads\/2023\/09\/logo.png\",\"width\":350,\"height\":64,\"caption\":\"Buy Prescriptionz\"},\"image\":{\"@id\":\"https:\/\/buy-prescriptionz.com\/#\/schema\/logo\/image\/\"}}]}<\/script>\n<!-- \/ Yoast SEO plugin. -->","yoast_head_json":{"title":"V\u00e1s\u00e1rl\u00e1s Morphine Online - V\u00e1s\u00e1rl\u00e1s f\u00e1jdalomcsillap\u00edt\u00f3 tablett\u00e1k \u00e9s kezel\u00e9sek Online AU","description":"V\u00e1s\u00e1rl\u00e1s Morphine Online egy online gy\u00f3gyszert\u00e1r, ahol Morphine a legjobb \u00e1ron, orvosi rendelv\u00e9ny n\u00e9lk\u00fcl. Morphine","robots":{"index":"index","follow":"follow","max-snippet":"max-snippet:-1","max-image-preview":"max-image-preview:large","max-video-preview":"max-video-preview:-1"},"canonical":"https:\/\/buy-prescriptionz.com\/hu\/term\u00e9k\/morphine\/","og_locale":"hu_HU","og_type":"article","og_title":"Buy Morphine Online - Buy Pain Relief Tablets & Treatments Online AU","og_description":"Buy Morphine Online is an online pharmacy store where you can Morphine at best price without doctor's prescription. Morphine","og_url":"https:\/\/buy-prescriptionz.com\/hu\/term\u00e9k\/morphine\/","og_site_name":"Buy Prescriptionz","article_modified_time":"2025-09-26T14:33:40+00:00","og_image":[{"width":400,"height":300,"url":"https:\/\/buy-prescriptionz.com\/wp-content\/uploads\/2025\/09\/morphine.jpg","type":"image\/jpeg"}],"twitter_card":"summary_large_image","twitter_misc":{"Becs\u00fclt olvas\u00e1si id\u0151":"4 perc"},"schema":{"@context":"https:\/\/schema.org","@graph":[{"@type":"WebPage","@id":"https:\/\/buy-prescriptionz.com\/product\/morphine\/","url":"https:\/\/buy-prescriptionz.com\/product\/morphine\/","name":"V\u00e1s\u00e1rl\u00e1s Morphine Online - V\u00e1s\u00e1rl\u00e1s f\u00e1jdalomcsillap\u00edt\u00f3 tablett\u00e1k \u00e9s kezel\u00e9sek Online AU","isPartOf":{"@id":"https:\/\/buy-prescriptionz.com\/#website"},"primaryImageOfPage":{"@id":"https:\/\/buy-prescriptionz.com\/product\/morphine\/#primaryimage"},"image":{"@id":"https:\/\/buy-prescriptionz.com\/product\/morphine\/#primaryimage"},"thumbnailUrl":"https:\/\/buy-prescriptionz.com\/wp-content\/uploads\/2025\/09\/morphine.jpg","datePublished":"2025-09-16T08:55:53+00:00","dateModified":"2025-09-26T14:33:40+00:00","description":"V\u00e1s\u00e1rl\u00e1s Morphine Online egy online gy\u00f3gyszert\u00e1r, ahol Morphine a legjobb \u00e1ron, orvosi rendelv\u00e9ny n\u00e9lk\u00fcl. Morphine","breadcrumb":{"@id":"https:\/\/buy-prescriptionz.com\/product\/morphine\/#breadcrumb"},"inLanguage":"hu","potentialAction":[{"@type":"ReadAction","target":["https:\/\/buy-prescriptionz.com\/product\/morphine\/"]}]},{"@type":"ImageObject","inLanguage":"hu","@id":"https:\/\/buy-prescriptionz.com\/product\/morphine\/#primaryimage","url":"https:\/\/buy-prescriptionz.com\/wp-content\/uploads\/2025\/09\/morphine.jpg","contentUrl":"https:\/\/buy-prescriptionz.com\/wp-content\/uploads\/2025\/09\/morphine.jpg","width":400,"height":300},{"@type":"BreadcrumbList","@id":"https:\/\/buy-prescriptionz.com\/product\/morphine\/#breadcrumb","itemListElement":[{"@type":"ListItem","position":1,"name":"Home","item":"https:\/\/buy-prescriptionz.com\/"},{"@type":"ListItem","position":2,"name":"Shop Painkillers Online","item":"https:\/\/buy-prescriptionz.com\/shop-painkillers-online\/"},{"@type":"ListItem","position":3,"name":"Morphine"}]},{"@type":"WebSite","@id":"https:\/\/buy-prescriptionz.com\/#website","url":"https:\/\/buy-prescriptionz.com\/","name":"Buy Prescriptionz","description":"Online gy\u00f3gyszerek","publisher":{"@id":"https:\/\/buy-prescriptionz.com\/#organization"},"potentialAction":[{"@type":"SearchAction","target":{"@type":"EntryPoint","urlTemplate":"https:\/\/buy-prescriptionz.com\/?s={search_term_string}"},"query-input":{"@type":"PropertyValueSpecification","valueRequired":true,"valueName":"search_term_string"}}],"inLanguage":"hu"},{"@type":"Organization","@id":"https:\/\/buy-prescriptionz.com\/#organization","name":"Buy Prescriptionz","url":"https:\/\/buy-prescriptionz.com\/","logo":{"@type":"ImageObject","inLanguage":"hu","@id":"https:\/\/buy-prescriptionz.com\/#\/schema\/logo\/image\/","url":"https:\/\/buy-prescriptionz.com\/wp-content\/uploads\/2023\/09\/logo.png","contentUrl":"https:\/\/buy-prescriptionz.com\/wp-content\/uploads\/2023\/09\/logo.png","width":350,"height":64,"caption":"Buy Prescriptionz"},"image":{"@id":"https:\/\/buy-prescriptionz.com\/#\/schema\/logo\/image\/"}}]}},"_links":{"self":[{"href":"https:\/\/buy-prescriptionz.com\/hu\/wp-json\/wp\/v2\/product\/3002","targetHints":{"allow":["GET"]}}],"collection":[{"href":"https:\/\/buy-prescriptionz.com\/hu\/wp-json\/wp\/v2\/product"}],"about":[{"href":"https:\/\/buy-prescriptionz.com\/hu\/wp-json\/wp\/v2\/types\/product"}],"replies":[{"embeddable":true,"href":"https:\/\/buy-prescriptionz.com\/hu\/wp-json\/wp\/v2\/comments?post=3002"}],"wp:featuredmedia":[{"embeddable":true,"href":"https:\/\/buy-prescriptionz.com\/hu\/wp-json\/wp\/v2\/media\/3032"}],"wp:attachment":[{"href":"https:\/\/buy-prescriptionz.com\/hu\/wp-json\/wp\/v2\/media?parent=3002"}],"wp:term":[{"taxonomy":"product_brand","embeddable":true,"href":"https:\/\/buy-prescriptionz.com\/hu\/wp-json\/wp\/v2\/product_brand?post=3002"},{"taxonomy":"product_cat","embeddable":true,"href":"https:\/\/buy-prescriptionz.com\/hu\/wp-json\/wp\/v2\/product_cat?post=3002"},{"taxonomy":"product_tag","embeddable":true,"href":"https:\/\/buy-prescriptionz.com\/hu\/wp-json\/wp\/v2\/product_tag?post=3002"}],"curies":[{"name":"wp","href":"https:\/\/api.w.org\/{rel}","templated":true}]}}