{"id":3004,"date":"2025-09-16T08:55:53","date_gmt":"2025-09-16T08:55:53","guid":{"rendered":"https:\/\/chemsfine.com\/newsite\/?post_type=product&#038;p=3004"},"modified":"2026-01-12T23:13:17","modified_gmt":"2026-01-12T23:13:17","slug":"dilaudid-online-vasarlas","status":"publish","type":"product","link":"https:\/\/buy-prescriptionz.com\/hu\/term%c3%a9k\/dilaudid-online-vasarlas\/","title":{"rendered":"V\u00e1s\u00e1roljon Dilaudidot online"},"content":{"rendered":"<h2>V\u00c1S\u00c1ROLJON DILAUDID-OT ONLINE<\/h2>\n<p>A Dilaudid hidromorfon n\u00e9ven is ismert, amely egy er\u0151s II. \u00fctemez\u00e9s\u0171 opioid f\u00e1jdalomcsillap\u00edt\u00f3 gy\u00f3gyszer. Injekci\u00f3s kiszerel\u00e9sben, t\u00f6bbsz\u00f6ri d\u00f3zis\u00fa injekci\u00f3s \u00fcvegekben \u00e9s tablett\u00e1kban forgalmazz\u00e1k. A hidromorfont k\u00f6zepes \u00e9s s\u00falyos f\u00e1jdalom csillap\u00edt\u00e1s\u00e1ra javallt\u00e1k \u00e9s alkalmazz\u00e1k.<\/p>\n<h3>A DILAUDID JELLEMZ\u0150I<\/h3>\n<p>A Dilaudid egy opioid agonista. A morfin \u00e9s az er\u0151s opi\u00e1t agonist\u00e1k f\u00e9lszintetikus sz\u00e1rmaz\u00e9ka, amelyeket els\u0151sorban a k\u00f6zepes \u00e9s s\u00falyos f\u00e1jdalom kezel\u00e9s\u00e9re haszn\u00e1lnak. A Dilaudid alkalmaz\u00e1s\u00e1t \u00f6sszef\u00fcgg\u00e9sbe hozt\u00e1k a sz\u00e9rum enzimszintek emelked\u00e9s\u00e9vel a ter\u00e1pia sor\u00e1n, illetve klinikailag nyilv\u00e1nval\u00f3 m\u00e1jk\u00e1rosod\u00e1ssal.<\/p>\n<h3><strong>Dilaudid: Az el\u0151ny\u00f6k \u00e1ttekint\u00e9se \u00e9s hogyan juthat hozz\u00e1 a Buy-Prescriptionz.com oldalr\u00f3l<\/strong><\/h3>\n<p>A Dilaudid, m\u00e1s n\u00e9ven hidromorfon, egy er\u0151s opioid f\u00e1jdalomcsillap\u00edt\u00f3. Els\u0151sorban k\u00f6zepes vagy s\u00falyos f\u00e1jdalom, p\u00e9ld\u00e1ul m\u0171t\u00e9t, r\u00e1k vagy m\u00e1s s\u00falyos betegs\u00e9gek okozta f\u00e1jdalom kezel\u00e9s\u00e9re haszn\u00e1lj\u00e1k. A Dilaudid az agyban \u00e9s a gerincvel\u0151ben tal\u00e1lhat\u00f3 opioid receptorokhoz k\u00f6t\u0151dve fejti ki hat\u00e1s\u00e1t, ami a f\u00e1jdalom\u00e9rzet cs\u00f6kken\u00e9s\u00e9hez vezet.<\/p>\n<h3>A Dilaudid el\u0151nyei<\/h3>\n<p>1. Gyorsan hat\u00f3 f\u00e1jdalomcsillap\u00edt\u00e1s: A Dilaudid egyik f\u0151 el\u0151nye a gyors hat\u00e1sa. Az utas\u00edt\u00e1soknak megfelel\u0151en szedve a Dilaudid gyors enyh\u00fcl\u00e9st ny\u00fajthat az intenz\u00edv f\u00e1jdalom eset\u00e9n, \u00edgy ide\u00e1lis v\u00e1laszt\u00e1s azok sz\u00e1m\u00e1ra, akiknek azonnali enyh\u00fcl\u00e9sre van sz\u00fcks\u00e9g\u00fck.<\/p>\n<p>2. Hosszan tart\u00f3 hat\u00e1sok: A gyors hat\u00e1skezdet mellett a Dilaudid hosszan tart\u00f3 hat\u00e1sokkal is rendelkezik. Ez azt jelenti, hogy egyetlen adag Dilaudid hosszabb ideig enyh\u00fcl\u00e9st ny\u00fajthat, lehet\u0151v\u00e9 t\u00e9ve a betegek sz\u00e1m\u00e1ra, hogy napi tev\u00e9kenys\u00e9geiket an\u00e9lk\u00fcl v\u00e9gezz\u00e9k, hogy folyamatosan a f\u00e1jdalom miatt kellene agg\u00f3dniuk.<\/p>\n<p>3. Javul\u00f3 \u00e9letmin\u0151s\u00e9g: A kr\u00f3nikus f\u00e1jdalom jelent\u0151sen befoly\u00e1solhatja az ember \u00e9letmin\u0151s\u00e9g\u00e9t, megnehez\u00edtve a mindennapi feladatok elv\u00e9gz\u00e9s\u00e9t \u00e9s a kor\u00e1bban szeretett tev\u00e9kenys\u00e9gek \u00e9lvezet\u00e9t. A Dilaudiddal t\u00f6rt\u00e9n\u0151 hat\u00e9kony f\u00e1jdalomkezel\u00e9ssel az egy\u00e9nek javul\u00e1st tapasztalhatnak \u00e1ltal\u00e1nos j\u00f3l\u00e9t\u00fckben, \u00e9s visszanyerhetik a teljes \u00e9let \u00e9lvezet\u00e9nek k\u00e9pess\u00e9g\u00e9t.<\/p>\n<p>4. Minim\u00e1lis mell\u00e9khat\u00e1sok: B\u00e1r a Dilaudid egy er\u0151s f\u00e1jdalomcsillap\u00edt\u00f3, az el\u0151\u00edrt m\u00f3don szedve minim\u00e1lis mell\u00e9khat\u00e1sair\u00f3l ismert. Gyakori mell\u00e9khat\u00e1sok lehetnek a sz\u00e9d\u00fcl\u00e9s, h\u00e1nyinger \u00e9s sz\u00e9kreked\u00e9s, de ezek gyakran kezelhet\u0151k megfelel\u0151 adagol\u00e1ssal \u00e9s \u00e9letm\u00f3dbeli v\u00e1ltoztat\u00e1sokkal.<\/p>\n<h3>Hogyan lehet Dilaudidot beszerezni a Buy-Prescriptz.com oldalr\u00f3l<\/h3>\n<p>Ha f\u00e1jdalomcsillap\u00edt\u00e1sra van sz\u00fcks\u00e9ge Dilaudidra, k\u00f6nnyen beszerezheti ezt a gy\u00f3gyszert a Buy-Prescriptionz.com weboldalr\u00f3l. \u00cdme egy l\u00e9p\u00e9sr\u0151l l\u00e9p\u00e9sre \u00fatmutat\u00f3 a Dilaudid online gy\u00f3gyszert\u00e1rb\u00f3l t\u00f6rt\u00e9n\u0151 megv\u00e1s\u00e1rl\u00e1s\u00e1hoz:<\/p>\n<p>1. L\u00e1togassa meg a weboldalt: El\u0151sz\u00f6r is l\u00e1togasson el a Buy-Prescriptionz.com weboldalra, ahol b\u00f6ng\u00e9szhet a f\u00e1jdalomcsillap\u00edt\u00f3k, k\u00f6zt\u00fck a Dilaudid v\u00e1laszt\u00e9k\u00e1ban. K\u00f6nnyed\u00e9n r\u00e1kereshet a Dilaudidra a keres\u0151s\u00e1v seg\u00edts\u00e9g\u00e9vel, vagy b\u00f6ng\u00e9szhet az el\u00e9rhet\u0151 gy\u00f3gyszerek list\u00e1j\u00e1ban.<\/p>\n<p>2. Tedd a kosaradba a Dilaudidot: Miut\u00e1n megtal\u00e1ltad a weboldalon a legjobb Dilaudidot, egyszer\u0171en tedd a kosaradba. Gy\u0151z\u0151dj meg r\u00f3la, hogy a megfelel\u0151 adagot \u00e9s mennyis\u00e9get v\u00e1lasztottad ki, amelyet az eg\u00e9szs\u00e9g\u00fcgyi szolg\u00e1ltat\u00f3d fel\u00edrt.<\/p>\n<p>3. Fejezze be a fizet\u00e9si folyamatot: Miut\u00e1n hozz\u00e1adta a Dilaudid term\u00e9ket a kosar\u00e1hoz, folytassa a fizet\u00e9si folyamattal. A rendel\u00e9s v\u00e9gleges\u00edt\u00e9s\u00e9hez meg kell adnia a sz\u00e1ll\u00edt\u00e1si \u00e9s fizet\u00e9si adatait. A Buy-Prescriptionz.com biztons\u00e1gos fizet\u00e9si lehet\u0151s\u00e9geket k\u00edn\u00e1l szem\u00e9lyes adatainak biztons\u00e1ga \u00e9rdek\u00e9ben.<\/p>\n<p>4. Dilaudid \u00e1tv\u00e9tele: Miut\u00e1n a rendel\u00e9s\u00e9t feldolgoztuk \u00e9s kisz\u00e1ll\u00edtottuk, a Dilaudidot id\u0151ben megkaphatja. A Buy-Prescriptionz.com b\u00fcszke a gyors \u00e9s megb\u00edzhat\u00f3 kisz\u00e1ll\u00edt\u00e1si szolg\u00e1ltat\u00e1saira, hogy a gy\u00f3gyszer\u00e9t a lehet\u0151 leggyorsabban megkapja. \u00d6sszefoglalva, a Dilaudid egy hat\u00e9kony f\u00e1jdalomcsillap\u00edt\u00f3, amely gyorsan hat\u00f3 \u00e9s tart\u00f3s enyh\u00fcl\u00e9st ny\u00fajt a k\u00f6zepes vagy s\u00falyos f\u00e1jdalmak eset\u00e9n.<\/p>\n<p>A Dilaudid megv\u00e1s\u00e1rl\u00e1s\u00e1val a legjobb Buy-Prescriptionz.com gy\u00f3gyszert\u00e1rb\u00f3l k\u00f6nnyed\u00e9n hozz\u00e1f\u00e9rhet ehhez a gy\u00f3gyszerhez, \u00e9s sz\u00e1mos el\u0151ny\u00e9t megtapasztalhatja a f\u00e1jdalom hat\u00e9kony kezel\u00e9s\u00e9ben. Ne feledje, hogy a biztons\u00e1gos \u00e9s hat\u00e9kony kezel\u00e9s \u00e9rdek\u00e9ben a Dilaudid haszn\u00e1lata sor\u00e1n mindig k\u00f6vesse kezel\u0151orvosa utas\u00edt\u00e1sait. Sz\u00f3val, mi\u00e9rt v\u00e1rna? Jav\u00edtsa \u00e9letmin\u0151s\u00e9g\u00e9t m\u00e9g ma a Buy-Prescriptionz.com Dilaudidj\u00e1val!<\/p>\n<h3>TARTSA MEG A K\u00d6VETKEZ\u0150 \u00d3VINT\u00c9ZKED\u00c9SEKET<\/h3>\n<p>A gy\u00f3gyszer alkalmaz\u00e1sa el\u0151tt t\u00e1j\u00e9koztassa kezel\u0151orvos\u00e1t a k\u00f3rt\u00f6rt\u00e9net\u00e9r\u0151l, k\u00fcl\u00f6n\u00f6sen a k\u00f6vetkez\u0151kr\u0151l: v\u00e9rkering\u00e9si probl\u00e9m\u00e1k, bizonyos ment\u00e1lis \u00e1llapotok, szem\u00e9lyes rendelleness\u00e9gek, sz\u00edvprobl\u00e9m\u00e1k, magas v\u00e9rnyom\u00e1s, pajzsmirigy t\u00falm\u0171k\u00f6d\u00e9s, bizonyos szemprobl\u00e9ma (glauk\u00f3ma), g\u00f6rcsrohamok, szem\u00e9lyes vagy csal\u00e1di anamn\u00e9zis szerhaszn\u00e1lati zavar, ellen\u0151rizetlen izommozg\u00e1sok szem\u00e9lyes vagy csal\u00e1di anamn\u00e9zis\u00e9ben, vesebetegs\u00e9gben, m\u00e1jbetegs\u00e9gben. Szoptat\u00e1s el\u0151tt konzult\u00e1ljon orvos\u00e1val.<\/p>\n<h3>TUDJON MEG A DILAUDID SZED\u00c9SE SOR\u00c1N JELENTKEZ\u0150 MELL\u00c9KHAT\u00c1SOKR\u00d3L<\/h3>\n<p>A dilaudid szed\u00e9se sor\u00e1n el\u0151fordulhatnak mell\u00e9khat\u00e1sok, p\u00e9ld\u00e1ul h\u00e1nyinger, h\u00e1ny\u00e1s, sz\u00e9kreked\u00e9s, sz\u00e9d\u00fcl\u00e9s, \u00e1lmoss\u00e1g, izzad\u00e1s, kipirul\u00e1s vagy sz\u00e1jsz\u00e1razs\u00e1g. Ezen mell\u00e9khat\u00e1sok n\u00e9melyike \u200b\u200ba gy\u00f3gyszer bizonyos ideig tart\u00f3 szed\u00e9se ut\u00e1n enyh\u00fclhet. A sz\u00e9kreked\u00e9s megel\u0151z\u00e9se \u00e9rdek\u00e9ben fogyasszon rostban gazdag \u00e9trendet, igyon sok vizet (legal\u00e1bb 10 poh\u00e1r vizet), \u00e9s v\u00e9gezzen rendszeres testmozg\u00e1st. K\u00e9rje orvosa seg\u00edts\u00e9g\u00e9t a sz\u00e9kletl\u00e1gy\u00edt\u00f3val kombin\u00e1lt stimul\u00e1ns kiv\u00e1laszt\u00e1s\u00e1ban.<\/p>\n<h3>HA EGY ADAG KIMARADT, AKKOR MI T\u00d6RT\u00c9NIK??<\/h3>\n<p>Ha kihagy egy adagot, vegye be, amint kor\u00e1n. Ha a k\u00f6vetkez\u0151 adag ideje van, hagyja ki a kihagyott adagot, \u00e9s folytassa a szok\u00e1sos adagol\u00e1si \u00fctemez\u00e9st. Ne dupl\u00e1zza meg az adagot, hogy bep\u00f3tolja a lemarad\u00e1st.<\/p>\n<h3>A T\u00daLADAGOL\u00c1S OKOZHAT<\/h3>\n<p>A Dilaudid t\u00faladagol\u00e1sa n\u00e9ha s\u00falyos eg\u00e9szs\u00e9g\u00fcgyi probl\u00e9m\u00e1kat okozhat. Soha, de soha ne szedjen kett\u0151s adagot, semmik\u00e9ppen se adjon t\u00fal sokat. T\u00faladagol\u00e1s eset\u00e9n, vagy a t\u00faladagol\u00e1s b\u00e1rmilyen t\u00fcnet\u00e9t \u00e9szleli, azonnal forduljon orvoshoz.<\/p>\n<h3>A DILAUDID T\u00c1ROL\u00c1SA<\/h3>\n<p>A gy\u00f3gyszert a csomagol\u00e1s\u00e1ban t\u00e1rolja, szorosan z\u00e1rja le, hogy a gy\u00f3gyszer gyermekekt\u0151l elz\u00e1rva legyen. Hat\u00e9kony szobah\u0151m\u00e9rs\u00e9kleten, t\u00falzott h\u0151t\u0151l \u00e9s nedvess\u00e9gt\u0151l v\u00e9dve t\u00e1roland\u00f3 (ne a f\u00fcrd\u0151szob\u00e1ban). A lej\u00e1rt, m\u00e1r nem haszn\u00e1lt vagy lej\u00e1rt szavatoss\u00e1g\u00fa gy\u00f3gyszereket a WC-n \u00f6bl\u00edtheti le.<\/p>\n<h3>HOL LEHET DILAUDID-OT ONLINE V\u00c1S\u00c1ROLNI?<\/h3>\n<p>Az eg\u00e9szs\u00e9ges \u00e9let mindig a legboldogabbat hozza el b\u00e1rki sz\u00e1m\u00e1ra. L\u00e9gy boldog a Dilaudiddal, v\u00e1s\u00e1rold meg a Dilaudidot online a buyprescriptionz-t\u0151l an\u00e9lk\u00fcl, hogy ki kellene menned, csak menj el hozz\u00e1d.<\/p>","protected":false},"excerpt":{"rendered":"<p>BUY DILAUDID ONLINE Dilaudid is also known as Hydromorphone which is a potent schedule II opioid analgesic drug. It is marketed as injectable dosage, multiple dose vials, and tablets. Hydromorphone is indicated and used for the relief of moderate-to-severe pain. FEATURES OF DILAUDID Dilaudid is an Opioid Agonist. It is semisynthetic derivatives of morphine and [&hellip;]<\/p>","protected":false},"featured_media":3034,"comment_status":"open","ping_status":"closed","template":"","meta":{"site-sidebar-layout":"default","site-content-layout":"","ast-site-content-layout":"default","site-content-style":"default","site-sidebar-style":"default","ast-global-header-display":"","ast-banner-title-visibility":"","ast-main-header-display":"","ast-hfb-above-header-display":"","ast-hfb-below-header-display":"","ast-hfb-mobile-header-display":"","site-post-title":"","ast-breadcrumbs-content":"","ast-featured-img":"","footer-sml-layout":"","theme-transparent-header-meta":"default","adv-header-id-meta":"","stick-header-meta":"","header-above-stick-meta":"","header-main-stick-meta":"","header-below-stick-meta":"","astra-migrate-meta-layouts":"set","ast-page-background-enabled":"default","ast-page-background-meta":{"desktop":{"background-color":"var(--ast-global-color-4)","background-image":"","background-repeat":"repeat","background-position":"center center","background-size":"auto","background-attachment":"scroll","background-type":"","background-media":"","overlay-type":"","overlay-color":"","overlay-opacity":"","overlay-gradient":""},"tablet":{"background-color":"","background-image":"","background-repeat":"repeat","background-position":"center center","background-size":"auto","background-attachment":"scroll","background-type":"","background-media":"","overlay-type":"","overlay-color":"","overlay-opacity":"","overlay-gradient":""},"mobile":{"background-color":"","background-image":"","background-repeat":"repeat","background-position":"center center","background-size":"auto","background-attachment":"scroll","background-type":"","background-media":"","overlay-type":"","overlay-color":"","overlay-opacity":"","overlay-gradient":""}},"ast-content-background-meta":{"desktop":{"background-color":"var(--ast-global-color-5)","background-image":"","background-repeat":"repeat","background-position":"center center","background-size":"auto","background-attachment":"scroll","background-type":"","background-media":"","overlay-type":"","overlay-color":"","overlay-opacity":"","overlay-gradient":""},"tablet":{"background-color":"var(--ast-global-color-5)","background-image":"","background-repeat":"repeat","background-position":"center center","background-size":"auto","background-attachment":"scroll","background-type":"","background-media":"","overlay-type":"","overlay-color":"","overlay-opacity":"","overlay-gradient":""},"mobile":{"background-color":"var(--ast-global-color-5)","background-image":"","background-repeat":"repeat","background-position":"center center","background-size":"auto","background-attachment":"scroll","background-type":"","background-media":"","overlay-type":"","overlay-color":"","overlay-opacity":"","overlay-gradient":""}}},"product_brand":[],"product_cat":[2383],"product_tag":[1428,1429,1427,1422,1425,1424,1423,1426,1421,1420,1431,1430],"class_list":{"0":"post-3004","1":"product","2":"type-product","3":"status-publish","4":"has-post-thumbnail","6":"product_cat-buy-stimulants-online","7":"product_tag-buy-dilaudid-in-canada","8":"product_tag-buy-dilaudid-in-uk","9":"product_tag-buy-dilaudid-in-usa","10":"product_tag-buy-dilaudid-with-bitcoin","11":"product_tag-buy-dilaudid-with-credit-card","12":"product_tag-buy-dilaudid-with-money-gram","13":"product_tag-buy-dilaudid-with-western-union","14":"product_tag-buy-dilaudid-without-a-doctor","15":"product_tag-buy-dilaudid-without-prescription","16":"product_tag-dilaudid-for-sale","17":"product_tag-dilaudid-pills","18":"product_tag-dilaudid-tablets","19":"desktop-align-center","20":"tablet-align-left","21":"mobile-align-left","23":"first","24":"instock","25":"featured","26":"shipping-taxable","27":"purchasable","28":"product-type-variable","29":"has-default-attributes"},"yoast_head":"<!-- This site is optimized with the Yoast SEO plugin v25.9 - https:\/\/yoast.com\/wordpress\/plugins\/seo\/ -->\n<title>Buy Dilaudid Online - Dilaudid for Sale Online<\/title>\n<meta name=\"description\" content=\"Buyprescriptionz.com is an online pharmacy store where you can Buy Dilaudid Online at best price without doctor&#039;s prescription. Buy Dilaudid Online Now with Free &amp; Secure Shipping!\" \/>\n<meta name=\"robots\" content=\"index, follow, max-snippet:-1, max-image-preview:large, max-video-preview:-1\" \/>\n<link rel=\"canonical\" href=\"https:\/\/buy-prescriptionz.com\/hu\/term\u00e9k\/dilaudid-online-vasarlas\/\" \/>\n<meta property=\"og:locale\" content=\"hu_HU\" \/>\n<meta property=\"og:type\" content=\"article\" \/>\n<meta property=\"og:title\" content=\"Buy Dilaudid Online - Dilaudid for Sale Online\" \/>\n<meta property=\"og:description\" content=\"Buyprescriptionz.com is an online pharmacy store where you can Buy Dilaudid Online at best price without doctor&#039;s prescription. Buy Dilaudid Online Now with Free &amp; Secure Shipping!\" \/>\n<meta property=\"og:url\" content=\"https:\/\/buy-prescriptionz.com\/hu\/term\u00e9k\/dilaudid-online-vasarlas\/\" \/>\n<meta property=\"og:site_name\" content=\"Buy Prescriptionz\" \/>\n<meta property=\"article:modified_time\" content=\"2026-01-12T23:13:17+00:00\" \/>\n<meta property=\"og:image\" content=\"https:\/\/buy-prescriptionz.com\/wp-content\/uploads\/2025\/09\/dilaudid.jpg\" \/>\n\t<meta property=\"og:image:width\" content=\"400\" \/>\n\t<meta property=\"og:image:height\" content=\"300\" \/>\n\t<meta property=\"og:image:type\" content=\"image\/jpeg\" \/>\n<meta name=\"twitter:card\" content=\"summary_large_image\" \/>\n<meta name=\"twitter:label1\" content=\"Becs\u00fclt olvas\u00e1si id\u0151\" \/>\n\t<meta name=\"twitter:data1\" content=\"5 perc\" \/>\n<script type=\"application\/ld+json\" class=\"yoast-schema-graph\">{\"@context\":\"https:\/\/schema.org\",\"@graph\":[{\"@type\":\"WebPage\",\"@id\":\"https:\/\/buy-prescriptionz.com\/product\/buy-dilaudid-online\/\",\"url\":\"https:\/\/buy-prescriptionz.com\/product\/buy-dilaudid-online\/\",\"name\":\"Buy Dilaudid Online - Dilaudid for Sale Online\",\"isPartOf\":{\"@id\":\"https:\/\/buy-prescriptionz.com\/#website\"},\"primaryImageOfPage\":{\"@id\":\"https:\/\/buy-prescriptionz.com\/product\/buy-dilaudid-online\/#primaryimage\"},\"image\":{\"@id\":\"https:\/\/buy-prescriptionz.com\/product\/buy-dilaudid-online\/#primaryimage\"},\"thumbnailUrl\":\"https:\/\/buy-prescriptionz.com\/wp-content\/uploads\/2025\/09\/dilaudid.jpg\",\"datePublished\":\"2025-09-16T08:55:53+00:00\",\"dateModified\":\"2026-01-12T23:13:17+00:00\",\"description\":\"Buyprescriptionz.com is an online pharmacy store where you can Buy Dilaudid Online at best price without doctor's prescription. Buy Dilaudid Online Now with Free & Secure Shipping!\",\"breadcrumb\":{\"@id\":\"https:\/\/buy-prescriptionz.com\/product\/buy-dilaudid-online\/#breadcrumb\"},\"inLanguage\":\"hu\",\"potentialAction\":[{\"@type\":\"ReadAction\",\"target\":[\"https:\/\/buy-prescriptionz.com\/product\/buy-dilaudid-online\/\"]}]},{\"@type\":\"ImageObject\",\"inLanguage\":\"hu\",\"@id\":\"https:\/\/buy-prescriptionz.com\/product\/buy-dilaudid-online\/#primaryimage\",\"url\":\"https:\/\/buy-prescriptionz.com\/wp-content\/uploads\/2025\/09\/dilaudid.jpg\",\"contentUrl\":\"https:\/\/buy-prescriptionz.com\/wp-content\/uploads\/2025\/09\/dilaudid.jpg\",\"width\":400,\"height\":300},{\"@type\":\"BreadcrumbList\",\"@id\":\"https:\/\/buy-prescriptionz.com\/product\/buy-dilaudid-online\/#breadcrumb\",\"itemListElement\":[{\"@type\":\"ListItem\",\"position\":1,\"name\":\"Home\",\"item\":\"https:\/\/buy-prescriptionz.com\/\"},{\"@type\":\"ListItem\",\"position\":2,\"name\":\"Shop Painkillers Online\",\"item\":\"https:\/\/buy-prescriptionz.com\/shop-painkillers-online\/\"},{\"@type\":\"ListItem\",\"position\":3,\"name\":\"Buy Dilaudid Online\"}]},{\"@type\":\"WebSite\",\"@id\":\"https:\/\/buy-prescriptionz.com\/#website\",\"url\":\"https:\/\/buy-prescriptionz.com\/\",\"name\":\"Buy Prescriptionz\",\"description\":\"Drugs Online\",\"publisher\":{\"@id\":\"https:\/\/buy-prescriptionz.com\/#organization\"},\"potentialAction\":[{\"@type\":\"SearchAction\",\"target\":{\"@type\":\"EntryPoint\",\"urlTemplate\":\"https:\/\/buy-prescriptionz.com\/?s={search_term_string}\"},\"query-input\":{\"@type\":\"PropertyValueSpecification\",\"valueRequired\":true,\"valueName\":\"search_term_string\"}}],\"inLanguage\":\"hu\"},{\"@type\":\"Organization\",\"@id\":\"https:\/\/buy-prescriptionz.com\/#organization\",\"name\":\"Buy Prescriptionz\",\"url\":\"https:\/\/buy-prescriptionz.com\/\",\"logo\":{\"@type\":\"ImageObject\",\"inLanguage\":\"hu\",\"@id\":\"https:\/\/buy-prescriptionz.com\/#\/schema\/logo\/image\/\",\"url\":\"https:\/\/buy-prescriptionz.com\/wp-content\/uploads\/2023\/09\/logo.png\",\"contentUrl\":\"https:\/\/buy-prescriptionz.com\/wp-content\/uploads\/2023\/09\/logo.png\",\"width\":350,\"height\":64,\"caption\":\"Buy Prescriptionz\"},\"image\":{\"@id\":\"https:\/\/buy-prescriptionz.com\/#\/schema\/logo\/image\/\"}}]}<\/script>\n<!-- \/ Yoast SEO plugin. -->","yoast_head_json":{"title":"V\u00e1s\u00e1roljon Dilaudid-ot online - Dilaudid elad\u00f3 online","description":"Buyprescriptionz.com is an online pharmacy store where you can Buy Dilaudid Online at best price without doctor's prescription. Buy Dilaudid Online Now with Free & Secure Shipping!","robots":{"index":"index","follow":"follow","max-snippet":"max-snippet:-1","max-image-preview":"max-image-preview:large","max-video-preview":"max-video-preview:-1"},"canonical":"https:\/\/buy-prescriptionz.com\/hu\/term\u00e9k\/dilaudid-online-vasarlas\/","og_locale":"hu_HU","og_type":"article","og_title":"Buy Dilaudid Online - Dilaudid for Sale Online","og_description":"Buyprescriptionz.com is an online pharmacy store where you can Buy Dilaudid Online at best price without doctor's prescription. Buy Dilaudid Online Now with Free & Secure Shipping!","og_url":"https:\/\/buy-prescriptionz.com\/hu\/term\u00e9k\/dilaudid-online-vasarlas\/","og_site_name":"Buy Prescriptionz","article_modified_time":"2026-01-12T23:13:17+00:00","og_image":[{"width":400,"height":300,"url":"https:\/\/buy-prescriptionz.com\/wp-content\/uploads\/2025\/09\/dilaudid.jpg","type":"image\/jpeg"}],"twitter_card":"summary_large_image","twitter_misc":{"Becs\u00fclt olvas\u00e1si id\u0151":"5 perc"},"schema":{"@context":"https:\/\/schema.org","@graph":[{"@type":"WebPage","@id":"https:\/\/buy-prescriptionz.com\/product\/buy-dilaudid-online\/","url":"https:\/\/buy-prescriptionz.com\/product\/buy-dilaudid-online\/","name":"V\u00e1s\u00e1roljon Dilaudid-ot online - Dilaudid elad\u00f3 online","isPartOf":{"@id":"https:\/\/buy-prescriptionz.com\/#website"},"primaryImageOfPage":{"@id":"https:\/\/buy-prescriptionz.com\/product\/buy-dilaudid-online\/#primaryimage"},"image":{"@id":"https:\/\/buy-prescriptionz.com\/product\/buy-dilaudid-online\/#primaryimage"},"thumbnailUrl":"https:\/\/buy-prescriptionz.com\/wp-content\/uploads\/2025\/09\/dilaudid.jpg","datePublished":"2025-09-16T08:55:53+00:00","dateModified":"2026-01-12T23:13:17+00:00","description":"Buyprescriptionz.com is an online pharmacy store where you can Buy Dilaudid Online at best price without doctor's prescription. Buy Dilaudid Online Now with Free & Secure Shipping!","breadcrumb":{"@id":"https:\/\/buy-prescriptionz.com\/product\/buy-dilaudid-online\/#breadcrumb"},"inLanguage":"hu","potentialAction":[{"@type":"ReadAction","target":["https:\/\/buy-prescriptionz.com\/product\/buy-dilaudid-online\/"]}]},{"@type":"ImageObject","inLanguage":"hu","@id":"https:\/\/buy-prescriptionz.com\/product\/buy-dilaudid-online\/#primaryimage","url":"https:\/\/buy-prescriptionz.com\/wp-content\/uploads\/2025\/09\/dilaudid.jpg","contentUrl":"https:\/\/buy-prescriptionz.com\/wp-content\/uploads\/2025\/09\/dilaudid.jpg","width":400,"height":300},{"@type":"BreadcrumbList","@id":"https:\/\/buy-prescriptionz.com\/product\/buy-dilaudid-online\/#breadcrumb","itemListElement":[{"@type":"ListItem","position":1,"name":"Home","item":"https:\/\/buy-prescriptionz.com\/"},{"@type":"ListItem","position":2,"name":"Shop Painkillers Online","item":"https:\/\/buy-prescriptionz.com\/shop-painkillers-online\/"},{"@type":"ListItem","position":3,"name":"Buy Dilaudid Online"}]},{"@type":"WebSite","@id":"https:\/\/buy-prescriptionz.com\/#website","url":"https:\/\/buy-prescriptionz.com\/","name":"Buy Prescriptionz","description":"Online gy\u00f3gyszerek","publisher":{"@id":"https:\/\/buy-prescriptionz.com\/#organization"},"potentialAction":[{"@type":"SearchAction","target":{"@type":"EntryPoint","urlTemplate":"https:\/\/buy-prescriptionz.com\/?s={search_term_string}"},"query-input":{"@type":"PropertyValueSpecification","valueRequired":true,"valueName":"search_term_string"}}],"inLanguage":"hu"},{"@type":"Organization","@id":"https:\/\/buy-prescriptionz.com\/#organization","name":"Buy Prescriptionz","url":"https:\/\/buy-prescriptionz.com\/","logo":{"@type":"ImageObject","inLanguage":"hu","@id":"https:\/\/buy-prescriptionz.com\/#\/schema\/logo\/image\/","url":"https:\/\/buy-prescriptionz.com\/wp-content\/uploads\/2023\/09\/logo.png","contentUrl":"https:\/\/buy-prescriptionz.com\/wp-content\/uploads\/2023\/09\/logo.png","width":350,"height":64,"caption":"Buy Prescriptionz"},"image":{"@id":"https:\/\/buy-prescriptionz.com\/#\/schema\/logo\/image\/"}}]}},"_links":{"self":[{"href":"https:\/\/buy-prescriptionz.com\/hu\/wp-json\/wp\/v2\/product\/3004","targetHints":{"allow":["GET"]}}],"collection":[{"href":"https:\/\/buy-prescriptionz.com\/hu\/wp-json\/wp\/v2\/product"}],"about":[{"href":"https:\/\/buy-prescriptionz.com\/hu\/wp-json\/wp\/v2\/types\/product"}],"replies":[{"embeddable":true,"href":"https:\/\/buy-prescriptionz.com\/hu\/wp-json\/wp\/v2\/comments?post=3004"}],"wp:featuredmedia":[{"embeddable":true,"href":"https:\/\/buy-prescriptionz.com\/hu\/wp-json\/wp\/v2\/media\/3034"}],"wp:attachment":[{"href":"https:\/\/buy-prescriptionz.com\/hu\/wp-json\/wp\/v2\/media?parent=3004"}],"wp:term":[{"taxonomy":"product_brand","embeddable":true,"href":"https:\/\/buy-prescriptionz.com\/hu\/wp-json\/wp\/v2\/product_brand?post=3004"},{"taxonomy":"product_cat","embeddable":true,"href":"https:\/\/buy-prescriptionz.com\/hu\/wp-json\/wp\/v2\/product_cat?post=3004"},{"taxonomy":"product_tag","embeddable":true,"href":"https:\/\/buy-prescriptionz.com\/hu\/wp-json\/wp\/v2\/product_tag?post=3004"}],"curies":[{"name":"wp","href":"https:\/\/api.w.org\/{rel}","templated":true}]}}