{"id":3005,"date":"2025-09-16T08:55:53","date_gmt":"2025-09-16T08:55:53","guid":{"rendered":"https:\/\/chemsfine.com\/newsite\/?post_type=product&#038;p=3005"},"modified":"2025-09-25T13:10:00","modified_gmt":"2025-09-25T13:10:00","slug":"quaaludes-mandrax-online-vasarlas","status":"publish","type":"product","link":"https:\/\/buy-prescriptionz.com\/hu\/term%c3%a9k\/quaaludes-mandrax-online-vasarlas\/","title":{"rendered":"V\u00e1s\u00e1rl\u00e1s Quaaludes (Mandrax) online"},"content":{"rendered":"<h2>BUY QUAALUDES (MANDRAX)ONLINE<\/h2>\n<p>Buy Mandrax Online, Quaaludes are the brand name for sedative-hypnotic drug Methaqualone, which function in the human body as a general central nervous system depressant.Quaaludes are the brand name for the sedative-hypnotic drug Methaqualone, which function in the human body as a general central nervous system depressant.<\/p>\n<h3>QUAALUDES FEATURES<\/h3>\n<p>Methaqualone is a essential nervous system depressant that increases the GABA receptors activity. It acts as a sedative and a hypnotic. Hypnotics help a person sleep and that was the top reason someone would be prescribed Quaaludes.<\/p>\n<h3>PRECAUTIONS OF FEATURES<\/h3>\n<p>Tell to you doctor if you have any health problems to overcome allergic reactions or other health problems.If you are using other drugs then discuss with the doctor about them,to know those combination causes any side effects or not. Buy Quaaludes (<a href=\"https:\/\/de.wikipedia.org\/w\/index.php?sort=relevance&amp;search=Quaaludes&amp;title=Spezial%3ASuche&amp;profile=advanced&amp;fulltext=1&amp;advancedSearch-current=%7B%7D&amp;ns0=1\">Mandrax<\/a>) Online<\/p>\n<h3><strong>Quaaludes (Mandrax) Online: \u00c1ttekint\u00e9s \u00e9s Felhaszn\u00e1l\u00e1s<\/strong><\/h3>\n<p>A Quaalude-okat, m\u00e1s n\u00e9ven Mandraxot vagy Methaqualont, a m\u00faltban sz\u00e9les k\u00f6rben alkalmazt\u00e1k nyugtat\u00f3k\u00e9nt \u00e9s altat\u00f3k\u00e9nt. Els\u0151sorban \u00e1lmatlans\u00e1g (alv\u00e1szavarok) \u00e9s szorong\u00e1s kezel\u00e9s\u00e9re haszn\u00e1lt\u00e1k \u0151ket, mivel nyugtat\u00f3 hat\u00e1suk van a k\u00f6zponti idegrendszerre. A legjobb Quaalude-ok \u00fagy fejtik ki hat\u00e1sukat, hogy fokozz\u00e1k a gamma-aminovajsav (GABA) nev\u0171 neurotranszmitter aktivit\u00e1s\u00e1t az agyban, ami seg\u00edt cs\u00f6kkenteni az agyi aktivit\u00e1st \u00e9s relax\u00e1ci\u00f3t id\u00e9z el\u0151. Ez\u00e1ltal hat\u00e9konyan seg\u00edtik az embereket a pihentet\u0151 alv\u00e1s el\u00e9r\u00e9s\u00e9ben \u00e9s a szorong\u00e1s enyh\u00edt\u00e9s\u00e9ben.<\/p>\n<h3>A Quaaludes (Mandrax) el\u0151nyei<\/h3>\n<ol>\n<li>Alv\u00e1sseg\u00edt\u0151: A quaalude-ok rendk\u00edv\u00fcl hat\u00e9konyak voltak az \u00e1lmatlans\u00e1g kezel\u00e9s\u00e9ben, mivel seg\u00edtettek az egy\u00e9neknek elaludni \u00e9s m\u00e9ly alv\u00e1st fenntartani eg\u00e9sz \u00e9jszaka. Ez el\u0151ny\u00f6s volt a kr\u00f3nikus alv\u00e1szavarokban szenved\u0151k sz\u00e1m\u00e1ra.<\/li>\n<li>Szorong\u00e1sold\u00e1s: Enyh\u00edtett\u00e9k a szorong\u00e1sos t\u00fcneteket az\u00e1ltal, hogy megnyugtatt\u00e1k az elm\u00e9t \u00e9s cs\u00f6kkentett\u00e9k az idegess\u00e9g vagy fesz\u00fclts\u00e9g \u00e9rz\u00e9s\u00e9t. Ez a kett\u0151s hat\u00e1s hasznoss\u00e1 tette \u0151ket azok sz\u00e1m\u00e1ra, akik alv\u00e1szavarokkal \u00e9s szorong\u00e1ssal is k\u00fczdenek.<\/li>\n<li>Izomlaz\u00edt\u00e1s: A kvaaludok izomlaz\u00edt\u00f3 tulajdons\u00e1gokkal rendelkeztek, ami hozz\u00e1j\u00e1rult ter\u00e1pi\u00e1s hat\u00e1saikhoz. Seg\u00edthettek enyh\u00edteni az izomfesz\u00fclts\u00e9get \u00e9s el\u0151seg\u00edteni az eg\u00e9sz test ellazul\u00e1s\u00e1t.<\/li>\n<li>Euforikus hat\u00e1sok: Orvosi felhaszn\u00e1l\u00e1sukon t\u00fal a kvaaludok euforikus hat\u00e1saikr\u00f3l is ismertek voltak, ami a m\u00faltban hozz\u00e1j\u00e1rult rekre\u00e1ci\u00f3s c\u00e9l\u00fa haszn\u00e1latukhoz. Ez azonban sz\u00e9les k\u00f6r\u0171 vissza\u00e9l\u00e9shez \u00e9s f\u00fcgg\u0151s\u00e9gi probl\u00e9m\u00e1khoz is vezetett.<\/li>\n<li>Korl\u00e1tozott el\u00e9rhet\u0151s\u00e9g: A vissza\u00e9l\u00e9s \u00e9s a f\u00fcgg\u0151s\u00e9g kialakul\u00e1s\u00e1nak lehet\u0151s\u00e9ge miatt a Quaalude-okat sz\u00e1mos orsz\u00e1gban I. jegyz\u00e9kben szerepl\u0151 ellen\u0151rz\u00f6tt anyagk\u00e9nt oszt\u00e1lyozt\u00e1k. Ez azt jelenti, hogy jogi el\u00e9rhet\u0151s\u00e9g\u00fck korl\u00e1tozott, \u00e9s a legt\u00f6bb helyen m\u00e1r nem \u00edrj\u00e1k fel \u0151ket orvosi haszn\u00e1latra.<\/li>\n<\/ol>\n<p>Ha Quaaludes (Mandrax) online v\u00e1s\u00e1rl\u00e1s\u00e1t fontolgatja, elengedhetetlen, hogy tiszt\u00e1ban legyen ellen\u0151rz\u00f6tt st\u00e1tusz\u00e1val \u00e9s a lehets\u00e9ges kock\u00e1zatokkal. A biztons\u00e1gos \u00e9s megb\u00edzhat\u00f3 v\u00e1s\u00e1rl\u00e1s \u00e9rdek\u00e9ben l\u00e1togassa meg a legjobb gy\u00f3gyszert\u00e1ri \u00e1ruh\u00e1zat, a buy-prescriptionz.com-ot. Ez a megb\u00edzhat\u00f3 platform eredeti term\u00e9keket k\u00edn\u00e1l diszkr\u00e9t sz\u00e1ll\u00edt\u00e1ssal \u00e9s versenyk\u00e9pes \u00e1rakkal. Mindig felel\u0151ss\u00e9gteljesen haszn\u00e1lja a gy\u00f3gyszereket, \u00e9s konzult\u00e1ljon eg\u00e9szs\u00e9g\u00fcgyi szakemberrel az alv\u00e1szavarok vagy a szorong\u00e1s kezel\u00e9s\u00e9vel kapcsolatban.<\/p>\n<h3>COMMON SIDE EFFECTS WHILE TAKING QUAALUDES<\/h3>\n<p>Dizziness<br \/>\nVomiting<br \/>\nNausea<br \/>\nDiarrhea<br \/>\nAbdominal cramps<br \/>\nItching<br \/>\nFatigue<br \/>\nRashes<br \/>\nSweating<br \/>\nSz\u00e1jsz\u00e1razs\u00e1g<br \/>\nTingling sensation in arms and legs<br \/>\nReduced heart rate<br \/>\nSeizures<br \/>\nSlowed breathing (respiration).<\/p>\n<p>Quaaludes also cause erectile dysfunction (ED)and difficulty achieving orgasms. At high doses it can cause mental confusion and loss of muscle control (ataxia).These are not a complete list of side effects and others may occur.<\/p>\n<h3>ELFELEJTETT ADAG<\/h3>\n<p>Sometimes people generally forget to take dose correct time to time. Never take missed dose of Quaaludes as double dose.Just take the single dose as usual.<\/p>\n<h3>OVER DOSE PROBLEMS<\/h3>\n<p>Quaaludes are a central nervous system (CNS) depressant. Examples of other CNS depressants include Diazepam (Valium),meprobamate, and gamma hydroxybutyrate (GHB). Overdose of Quaaludes can lead to coma, seizures, or death.<br \/>\nThe range of dangerous doses varies widely. Taking doses of over 300 mg can be very dangerous for first-time users. Quaalude doses of about 8,000 mg per day and it can be fatal; however, even higher doses may not be deadly depending upon the state of the user&#8217;s tolerance. Because these are made in illegal labs, the strength and contents of the actual product may not be known, putting the user at even higher risk.<\/p>\n<h3>QUAALUDES STORAGE<\/h3>\n<p>Store this medicine at general room temparture and never give it to children. Never keep it as near to child.<\/p>\n<h3>WHERE TO BUY QUAALUDES ONLINE?<\/h3>\n<p>There are many websites sale Quaaludes but never take fault and expiry medicines from all websites. Take care on purchasing this product. Buyprescription sale Quaaludes in online with the best price and a genuine product. Buy Quaaludes Online<\/p>","protected":false},"excerpt":{"rendered":"<p>BUY QUAALUDES (MANDRAX)ONLINE Buy Mandrax Online, Quaaludes are the brand name for sedative-hypnotic drug Methaqualone, which function in the human body as a general central nervous system depressant.Quaaludes are the brand name for the sedative-hypnotic drug Methaqualone, which function in the human body as a general central nervous system depressant. QUAALUDES FEATURES Methaqualone is a [&hellip;]<\/p>","protected":false},"featured_media":3035,"comment_status":"open","ping_status":"closed","template":"","meta":{"site-sidebar-layout":"default","site-content-layout":"","ast-site-content-layout":"default","site-content-style":"default","site-sidebar-style":"default","ast-global-header-display":"","ast-banner-title-visibility":"","ast-main-header-display":"","ast-hfb-above-header-display":"","ast-hfb-below-header-display":"","ast-hfb-mobile-header-display":"","site-post-title":"","ast-breadcrumbs-content":"","ast-featured-img":"","footer-sml-layout":"","theme-transparent-header-meta":"default","adv-header-id-meta":"","stick-header-meta":"","header-above-stick-meta":"","header-main-stick-meta":"","header-below-stick-meta":"","astra-migrate-meta-layouts":"set","ast-page-background-enabled":"default","ast-page-background-meta":{"desktop":{"background-color":"var(--ast-global-color-4)","background-image":"","background-repeat":"repeat","background-position":"center center","background-size":"auto","background-attachment":"scroll","background-type":"","background-media":"","overlay-type":"","overlay-color":"","overlay-opacity":"","overlay-gradient":""},"tablet":{"background-color":"","background-image":"","background-repeat":"repeat","background-position":"center center","background-size":"auto","background-attachment":"scroll","background-type":"","background-media":"","overlay-type":"","overlay-color":"","overlay-opacity":"","overlay-gradient":""},"mobile":{"background-color":"","background-image":"","background-repeat":"repeat","background-position":"center center","background-size":"auto","background-attachment":"scroll","background-type":"","background-media":"","overlay-type":"","overlay-color":"","overlay-opacity":"","overlay-gradient":""}},"ast-content-background-meta":{"desktop":{"background-color":"var(--ast-global-color-5)","background-image":"","background-repeat":"repeat","background-position":"center center","background-size":"auto","background-attachment":"scroll","background-type":"","background-media":"","overlay-type":"","overlay-color":"","overlay-opacity":"","overlay-gradient":""},"tablet":{"background-color":"var(--ast-global-color-5)","background-image":"","background-repeat":"repeat","background-position":"center center","background-size":"auto","background-attachment":"scroll","background-type":"","background-media":"","overlay-type":"","overlay-color":"","overlay-opacity":"","overlay-gradient":""},"mobile":{"background-color":"var(--ast-global-color-5)","background-image":"","background-repeat":"repeat","background-position":"center center","background-size":"auto","background-attachment":"scroll","background-type":"","background-media":"","overlay-type":"","overlay-color":"","overlay-opacity":"","overlay-gradient":""}}},"product_brand":[],"product_cat":[2383],"product_tag":[1380,1381,1379,1374,1377,1376,1375,1378,1373,1372,1383,1382],"class_list":{"0":"post-3005","1":"product","2":"type-product","3":"status-publish","4":"has-post-thumbnail","6":"product_cat-buy-stimulants-online","7":"product_tag-buy-quaaludes-mandrax-in-canada","8":"product_tag-buy-quaaludes-mandrax-in-uk","9":"product_tag-buy-quaaludes-mandrax-in-usa","10":"product_tag-buy-quaaludes-mandrax-with-bitcoin","11":"product_tag-buy-quaaludes-mandrax-with-credit-card","12":"product_tag-buy-quaaludes-mandrax-with-money-gram","13":"product_tag-buy-quaaludes-mandrax-with-western-union","14":"product_tag-buy-quaaludes-mandrax-without-a-doctor","15":"product_tag-buy-quaaludes-mandrax-without-prescription","16":"product_tag-quaaludes-mandrax-for-sale","17":"product_tag-quaaludes-mandrax-pills","18":"product_tag-quaaludes-mandrax-tablets","19":"desktop-align-center","20":"tablet-align-left","21":"mobile-align-left","23":"first","24":"instock","25":"shipping-taxable","26":"purchasable","27":"product-type-variable","28":"has-default-attributes"},"yoast_head":"<!-- This site is optimized with the Yoast SEO plugin v25.9 - https:\/\/yoast.com\/wordpress\/plugins\/seo\/ -->\n<title>Buy Quaaludes Online - Mandrax for sale online at very cheap price<\/title>\n<meta name=\"description\" content=\"Buy Quaaludes Online, Buy Lemmon 714 Online. Buy Mandraz Online - BUY LEMMON 714 ONLINE cheap from Blue Pearl Medshop without prescription\" \/>\n<meta name=\"robots\" content=\"index, follow, max-snippet:-1, max-image-preview:large, max-video-preview:-1\" \/>\n<link rel=\"canonical\" href=\"https:\/\/buy-prescriptionz.com\/hu\/term\u00e9k\/quaaludes-mandrax-online-vasarlas\/\" \/>\n<meta property=\"og:locale\" content=\"hu_HU\" \/>\n<meta property=\"og:type\" content=\"article\" \/>\n<meta property=\"og:title\" content=\"Buy Quaaludes Online - Mandrax for sale online at very cheap price\" \/>\n<meta property=\"og:description\" content=\"Buy Quaaludes Online, Buy Lemmon 714 Online. Buy Mandraz Online - BUY LEMMON 714 ONLINE cheap from Blue Pearl Medshop without prescription\" \/>\n<meta property=\"og:url\" content=\"https:\/\/buy-prescriptionz.com\/hu\/term\u00e9k\/quaaludes-mandrax-online-vasarlas\/\" \/>\n<meta property=\"og:site_name\" content=\"Buy Prescriptionz\" \/>\n<meta property=\"article:modified_time\" content=\"2025-09-25T13:10:00+00:00\" \/>\n<meta property=\"og:image\" content=\"https:\/\/buy-prescriptionz.com\/wp-content\/uploads\/2025\/09\/quaaludes-mandrax.jpg\" \/>\n\t<meta property=\"og:image:width\" content=\"400\" \/>\n\t<meta property=\"og:image:height\" content=\"300\" \/>\n\t<meta property=\"og:image:type\" content=\"image\/jpeg\" \/>\n<meta name=\"twitter:card\" content=\"summary_large_image\" \/>\n<meta name=\"twitter:label1\" content=\"Becs\u00fclt olvas\u00e1si id\u0151\" \/>\n\t<meta name=\"twitter:data1\" content=\"4 perc\" \/>\n<script type=\"application\/ld+json\" class=\"yoast-schema-graph\">{\"@context\":\"https:\/\/schema.org\",\"@graph\":[{\"@type\":\"WebPage\",\"@id\":\"https:\/\/buy-prescriptionz.com\/product\/buy-quaaludes-mandrax-online\/\",\"url\":\"https:\/\/buy-prescriptionz.com\/product\/buy-quaaludes-mandrax-online\/\",\"name\":\"Buy Quaaludes Online - Mandrax for sale online at very cheap price\",\"isPartOf\":{\"@id\":\"https:\/\/buy-prescriptionz.com\/#website\"},\"primaryImageOfPage\":{\"@id\":\"https:\/\/buy-prescriptionz.com\/product\/buy-quaaludes-mandrax-online\/#primaryimage\"},\"image\":{\"@id\":\"https:\/\/buy-prescriptionz.com\/product\/buy-quaaludes-mandrax-online\/#primaryimage\"},\"thumbnailUrl\":\"https:\/\/buy-prescriptionz.com\/wp-content\/uploads\/2025\/09\/quaaludes-mandrax.jpg\",\"datePublished\":\"2025-09-16T08:55:53+00:00\",\"dateModified\":\"2025-09-25T13:10:00+00:00\",\"description\":\"Buy Quaaludes Online, Buy Lemmon 714 Online. Buy Mandraz Online - BUY LEMMON 714 ONLINE cheap from Blue Pearl Medshop without prescription\",\"breadcrumb\":{\"@id\":\"https:\/\/buy-prescriptionz.com\/product\/buy-quaaludes-mandrax-online\/#breadcrumb\"},\"inLanguage\":\"hu\",\"potentialAction\":[{\"@type\":\"ReadAction\",\"target\":[\"https:\/\/buy-prescriptionz.com\/product\/buy-quaaludes-mandrax-online\/\"]}]},{\"@type\":\"ImageObject\",\"inLanguage\":\"hu\",\"@id\":\"https:\/\/buy-prescriptionz.com\/product\/buy-quaaludes-mandrax-online\/#primaryimage\",\"url\":\"https:\/\/buy-prescriptionz.com\/wp-content\/uploads\/2025\/09\/quaaludes-mandrax.jpg\",\"contentUrl\":\"https:\/\/buy-prescriptionz.com\/wp-content\/uploads\/2025\/09\/quaaludes-mandrax.jpg\",\"width\":400,\"height\":300},{\"@type\":\"BreadcrumbList\",\"@id\":\"https:\/\/buy-prescriptionz.com\/product\/buy-quaaludes-mandrax-online\/#breadcrumb\",\"itemListElement\":[{\"@type\":\"ListItem\",\"position\":1,\"name\":\"Home\",\"item\":\"https:\/\/buy-prescriptionz.com\/\"},{\"@type\":\"ListItem\",\"position\":2,\"name\":\"Shop Painkillers Online\",\"item\":\"https:\/\/buy-prescriptionz.com\/shop-painkillers-online\/\"},{\"@type\":\"ListItem\",\"position\":3,\"name\":\"Buy Quaaludes (Mandrax) Online\"}]},{\"@type\":\"WebSite\",\"@id\":\"https:\/\/buy-prescriptionz.com\/#website\",\"url\":\"https:\/\/buy-prescriptionz.com\/\",\"name\":\"Buy Prescriptionz\",\"description\":\"Drugs Online\",\"publisher\":{\"@id\":\"https:\/\/buy-prescriptionz.com\/#organization\"},\"potentialAction\":[{\"@type\":\"SearchAction\",\"target\":{\"@type\":\"EntryPoint\",\"urlTemplate\":\"https:\/\/buy-prescriptionz.com\/?s={search_term_string}\"},\"query-input\":{\"@type\":\"PropertyValueSpecification\",\"valueRequired\":true,\"valueName\":\"search_term_string\"}}],\"inLanguage\":\"hu\"},{\"@type\":\"Organization\",\"@id\":\"https:\/\/buy-prescriptionz.com\/#organization\",\"name\":\"Buy Prescriptionz\",\"url\":\"https:\/\/buy-prescriptionz.com\/\",\"logo\":{\"@type\":\"ImageObject\",\"inLanguage\":\"hu\",\"@id\":\"https:\/\/buy-prescriptionz.com\/#\/schema\/logo\/image\/\",\"url\":\"https:\/\/buy-prescriptionz.com\/wp-content\/uploads\/2023\/09\/logo.png\",\"contentUrl\":\"https:\/\/buy-prescriptionz.com\/wp-content\/uploads\/2023\/09\/logo.png\",\"width\":350,\"height\":64,\"caption\":\"Buy Prescriptionz\"},\"image\":{\"@id\":\"https:\/\/buy-prescriptionz.com\/#\/schema\/logo\/image\/\"}}]}<\/script>\n<!-- \/ Yoast SEO plugin. -->","yoast_head_json":{"title":"Buy Quaaludes Online - Mandrax for sale online at very cheap price","description":"Buy Quaaludes Online, Buy Lemmon 714 Online. Buy Mandraz Online - BUY LEMMON 714 ONLINE cheap from Blue Pearl Medshop without prescription","robots":{"index":"index","follow":"follow","max-snippet":"max-snippet:-1","max-image-preview":"max-image-preview:large","max-video-preview":"max-video-preview:-1"},"canonical":"https:\/\/buy-prescriptionz.com\/hu\/term\u00e9k\/quaaludes-mandrax-online-vasarlas\/","og_locale":"hu_HU","og_type":"article","og_title":"Buy Quaaludes Online - Mandrax for sale online at very cheap price","og_description":"Buy Quaaludes Online, Buy Lemmon 714 Online. Buy Mandraz Online - BUY LEMMON 714 ONLINE cheap from Blue Pearl Medshop without prescription","og_url":"https:\/\/buy-prescriptionz.com\/hu\/term\u00e9k\/quaaludes-mandrax-online-vasarlas\/","og_site_name":"Buy Prescriptionz","article_modified_time":"2025-09-25T13:10:00+00:00","og_image":[{"width":400,"height":300,"url":"https:\/\/buy-prescriptionz.com\/wp-content\/uploads\/2025\/09\/quaaludes-mandrax.jpg","type":"image\/jpeg"}],"twitter_card":"summary_large_image","twitter_misc":{"Becs\u00fclt olvas\u00e1si id\u0151":"4 perc"},"schema":{"@context":"https:\/\/schema.org","@graph":[{"@type":"WebPage","@id":"https:\/\/buy-prescriptionz.com\/product\/buy-quaaludes-mandrax-online\/","url":"https:\/\/buy-prescriptionz.com\/product\/buy-quaaludes-mandrax-online\/","name":"Buy Quaaludes Online - Mandrax for sale online at very cheap price","isPartOf":{"@id":"https:\/\/buy-prescriptionz.com\/#website"},"primaryImageOfPage":{"@id":"https:\/\/buy-prescriptionz.com\/product\/buy-quaaludes-mandrax-online\/#primaryimage"},"image":{"@id":"https:\/\/buy-prescriptionz.com\/product\/buy-quaaludes-mandrax-online\/#primaryimage"},"thumbnailUrl":"https:\/\/buy-prescriptionz.com\/wp-content\/uploads\/2025\/09\/quaaludes-mandrax.jpg","datePublished":"2025-09-16T08:55:53+00:00","dateModified":"2025-09-25T13:10:00+00:00","description":"Buy Quaaludes Online, Buy Lemmon 714 Online. Buy Mandraz Online - BUY LEMMON 714 ONLINE cheap from Blue Pearl Medshop without prescription","breadcrumb":{"@id":"https:\/\/buy-prescriptionz.com\/product\/buy-quaaludes-mandrax-online\/#breadcrumb"},"inLanguage":"hu","potentialAction":[{"@type":"ReadAction","target":["https:\/\/buy-prescriptionz.com\/product\/buy-quaaludes-mandrax-online\/"]}]},{"@type":"ImageObject","inLanguage":"hu","@id":"https:\/\/buy-prescriptionz.com\/product\/buy-quaaludes-mandrax-online\/#primaryimage","url":"https:\/\/buy-prescriptionz.com\/wp-content\/uploads\/2025\/09\/quaaludes-mandrax.jpg","contentUrl":"https:\/\/buy-prescriptionz.com\/wp-content\/uploads\/2025\/09\/quaaludes-mandrax.jpg","width":400,"height":300},{"@type":"BreadcrumbList","@id":"https:\/\/buy-prescriptionz.com\/product\/buy-quaaludes-mandrax-online\/#breadcrumb","itemListElement":[{"@type":"ListItem","position":1,"name":"Home","item":"https:\/\/buy-prescriptionz.com\/"},{"@type":"ListItem","position":2,"name":"Shop Painkillers Online","item":"https:\/\/buy-prescriptionz.com\/shop-painkillers-online\/"},{"@type":"ListItem","position":3,"name":"Buy Quaaludes (Mandrax) Online"}]},{"@type":"WebSite","@id":"https:\/\/buy-prescriptionz.com\/#website","url":"https:\/\/buy-prescriptionz.com\/","name":"Buy Prescriptionz","description":"Online gy\u00f3gyszerek","publisher":{"@id":"https:\/\/buy-prescriptionz.com\/#organization"},"potentialAction":[{"@type":"SearchAction","target":{"@type":"EntryPoint","urlTemplate":"https:\/\/buy-prescriptionz.com\/?s={search_term_string}"},"query-input":{"@type":"PropertyValueSpecification","valueRequired":true,"valueName":"search_term_string"}}],"inLanguage":"hu"},{"@type":"Organization","@id":"https:\/\/buy-prescriptionz.com\/#organization","name":"Buy Prescriptionz","url":"https:\/\/buy-prescriptionz.com\/","logo":{"@type":"ImageObject","inLanguage":"hu","@id":"https:\/\/buy-prescriptionz.com\/#\/schema\/logo\/image\/","url":"https:\/\/buy-prescriptionz.com\/wp-content\/uploads\/2023\/09\/logo.png","contentUrl":"https:\/\/buy-prescriptionz.com\/wp-content\/uploads\/2023\/09\/logo.png","width":350,"height":64,"caption":"Buy Prescriptionz"},"image":{"@id":"https:\/\/buy-prescriptionz.com\/#\/schema\/logo\/image\/"}}]}},"_links":{"self":[{"href":"https:\/\/buy-prescriptionz.com\/hu\/wp-json\/wp\/v2\/product\/3005","targetHints":{"allow":["GET"]}}],"collection":[{"href":"https:\/\/buy-prescriptionz.com\/hu\/wp-json\/wp\/v2\/product"}],"about":[{"href":"https:\/\/buy-prescriptionz.com\/hu\/wp-json\/wp\/v2\/types\/product"}],"replies":[{"embeddable":true,"href":"https:\/\/buy-prescriptionz.com\/hu\/wp-json\/wp\/v2\/comments?post=3005"}],"wp:featuredmedia":[{"embeddable":true,"href":"https:\/\/buy-prescriptionz.com\/hu\/wp-json\/wp\/v2\/media\/3035"}],"wp:attachment":[{"href":"https:\/\/buy-prescriptionz.com\/hu\/wp-json\/wp\/v2\/media?parent=3005"}],"wp:term":[{"taxonomy":"product_brand","embeddable":true,"href":"https:\/\/buy-prescriptionz.com\/hu\/wp-json\/wp\/v2\/product_brand?post=3005"},{"taxonomy":"product_cat","embeddable":true,"href":"https:\/\/buy-prescriptionz.com\/hu\/wp-json\/wp\/v2\/product_cat?post=3005"},{"taxonomy":"product_tag","embeddable":true,"href":"https:\/\/buy-prescriptionz.com\/hu\/wp-json\/wp\/v2\/product_tag?post=3005"}],"curies":[{"name":"wp","href":"https:\/\/api.w.org\/{rel}","templated":true}]}}