{"id":3006,"date":"2025-09-16T08:55:54","date_gmt":"2025-09-16T08:55:54","guid":{"rendered":"https:\/\/chemsfine.com\/newsite\/?post_type=product&#038;p=3006"},"modified":"2025-09-19T13:33:09","modified_gmt":"2025-09-19T13:33:09","slug":"adderall-vasarlas-online","status":"publish","type":"product","link":"https:\/\/buy-prescriptionz.com\/hu\/term%c3%a9k\/adderall-vasarlas-online\/","title":{"rendered":"Adderall online v\u00e1s\u00e1rl\u00e1sa"},"content":{"rendered":"<h2 style=\"text-align: justify;\">BUY ADDERALL ONLINE<\/h2>\n<p style=\"text-align: justify;\">Buy Adderall Online, <a href=\"https:\/\/buy-prescriptionz.com\/hu\/\">Adderall <\/a>(a combination of dextroamphetamine and amphetamine) is a central nervous system stimulant prescription medicine.<\/p>\n<h3 style=\"text-align: justify;\">TULAJDONS\u00c1GOK<\/h3>\n<p style=\"text-align: justify;\">It works by changing the amounts of natural substances in the brain. Adderall is used for the treatment of Attention-Deficit Hyperactivity Disorder (ADHD; more difficulty focusing, controlling actions, and remaining still or quiet than other people who are the same age). It may help increase the attention and decrease impulsiveness and hyperactivity in patients with ADHD.<\/p>\n<p style=\"text-align: justify;\">It is available as a tablet and as also an extended-release capsule (Adderall XR). It comes in various doses, ranging from 5 mg to 30 mg. The prescribed dose will be depend on the size of the patient and the severity of symptoms. Doctors typically start patients with a low dose and gradually increase the dose of medicine, according to the National Institutes of Health.<\/p>\n<p><strong>Az Adderall felfedez\u00e9se: \u00e1ttekint\u00e9s, el\u0151ny\u00f6k \u00e9s v\u00e1s\u00e1rl\u00e1si \u00fatmutat\u00f3<\/strong><\/p>\n<p>Az Adderall egy k\u00f6zponti idegrendszeri stimul\u00e1ns, amely amfetamin \u00e9s dextroamfetamin kombin\u00e1ci\u00f3j\u00e1b\u00f3l \u00e1ll. \u00dagy fejti ki hat\u00e1s\u00e1t, hogy bizonyos agyi vegyi anyagokra hat, amelyek hozz\u00e1j\u00e1rulnak a hiperaktivit\u00e1shoz \u00e9s az impulzuskontrollhoz. Az Adderallt gyakran \u00edrj\u00e1k fel ADHD-ban szenved\u0151knek, hogy seg\u00edtsen nekik jobban koncentr\u00e1lni, kontroll\u00e1lni a viselked\u00e9s\u00fcket \u00e9s jav\u00edtani az \u00e9letmin\u0151s\u00e9g\u00fcket.<\/p>\n<h3>Az Adderall el\u0151nyei<\/h3>\n<h3>1. Fokozott f\u00f3kusz \u00e9s koncentr\u00e1ci\u00f3<\/h3>\n<p>Az Adderall egyik f\u0151 el\u0151nye, hogy jav\u00edtja a f\u00f3kuszt \u00e9s a koncentr\u00e1ci\u00f3t az ADHD-ban szenved\u0151 egy\u00e9nekn\u00e9l. A k\u00f6zponti idegrendszer stimul\u00e1l\u00e1s\u00e1val az Adderall seg\u00edthet az egy\u00e9neknek figyelni, a feladatra koncentr\u00e1lni \u00e9s elker\u00fclni a zavar\u00f3 t\u00e9nyez\u0151ket.<\/p>\n<h3>2. Fokozott kognit\u00edv funkci\u00f3k<\/h3>\n<p>Az Adderallr\u00f3l kimutatt\u00e1k, hogy jav\u00edtja az ADHD-s egy\u00e9nek kognit\u00edv funkci\u00f3it, lehet\u0151v\u00e9 t\u00e9ve sz\u00e1mukra a tiszt\u00e1bb gondolkod\u00e1st, a jobb d\u00f6nt\u00e9sek meghozatal\u00e1t \u00e9s a feladatok hat\u00e9konyabb elv\u00e9gz\u00e9s\u00e9t. Ez k\u00fcl\u00f6n\u00f6sen el\u0151ny\u00f6s lehet a di\u00e1kok vagy a szakemberek sz\u00e1m\u00e1ra, akiknek a legjobb teljes\u00edtm\u00e9nyt kell ny\u00fajtaniuk.<\/p>\n<h3>3. Fokozott energia \u00e9s \u00e9bers\u00e9g<\/h3>\n<p>A <strong>best Adderall<\/strong> arr\u00f3l ismert, hogy k\u00e9pes n\u00f6velni az energiaszintet \u00e9s az \u00e9bers\u00e9get azokn\u00e1l, akik szedik. Ez seg\u00edthet lek\u00fczdeni a f\u00e1radts\u00e1g vagy letargia \u00e9rz\u00e9s\u00e9t, lehet\u0151v\u00e9 t\u00e9ve az egy\u00e9nek sz\u00e1m\u00e1ra, hogy produkt\u00edvabbak \u00e9s koncentr\u00e1ltabbak legyenek a nap folyam\u00e1n.<\/p>\n<h3>4. Az impulz\u00edv viselked\u00e9s kontroll\u00e1l\u00e1sa<\/h3>\n<p>Az ADHD-ban szenved\u0151k gyakran k\u00fczdenek impulz\u00edv viselked\u00e9ssel, p\u00e9ld\u00e1ul m\u00e1sok f\u00e9lbeszak\u00edt\u00e1s\u00e1val vagy gondolkod\u00e1s n\u00e9lk\u00fcli cselekv\u00e9ssel. Az Adderall seg\u00edthet ezeknek a viselked\u00e9seknek a kontroll\u00e1l\u00e1s\u00e1ban, lehet\u0151v\u00e9 t\u00e9ve az egy\u00e9nek sz\u00e1m\u00e1ra, hogy gondolkodjanak, miel\u0151tt cselekszenek, \u00e9s jobb d\u00f6nt\u00e9seket hozzanak.<\/p>\n<h3>5. A narkolepszia kezel\u00e9se<\/h3>\n<p>Az ADHD-ban szenved\u0151k sz\u00e1m\u00e1ra ny\u00fajtott el\u0151ny\u00f6k mellett az Adderall a narkolepszia, egy olyan alv\u00e1szavar kezel\u00e9s\u00e9re is alkalmazhat\u00f3, amelyet a nappali \u00e1lmoss\u00e1g \u00e9s a hirtelen elalv\u00e1si rohamok jellemeznek. Az Adderall seg\u00edthet a narkolepszi\u00e1ban szenved\u0151knek \u00e9bren \u00e9s \u00e9bernek maradni a nap folyam\u00e1n, jav\u00edtva \u00e9letmin\u0151s\u00e9g\u00fcket.<\/p>\n<h2><strong>Hogyan v\u00e1s\u00e1roljunk Adderall-t online a buy-prescriptionz.com oldalon?<\/strong><\/h2>\n<p>Ha \u00d6nnek vagy egy szeretett szem\u00e9ly\u00e9nek Adderallt \u00edrtak fel, \u00e9s megb\u00edzhat\u00f3 forr\u00e1sb\u00f3l szeretn\u00e9 online megv\u00e1s\u00e1rolni, a buy-prescriptionz.com oldalon megtal\u00e1lja a megfelel\u0151t. A v\u00e9nyk\u00f6teles gy\u00f3gyszerek sz\u00e9les v\u00e1laszt\u00e9k\u00e1val, bele\u00e9rtve az Adderallt is, a buy-prescriptionz.com egy megb\u00edzhat\u00f3 forr\u00e1s, ahol biztons\u00e1gosan \u00e9s k\u00e9nyelmesen juthat hozz\u00e1 a sz\u00fcks\u00e9ges gy\u00f3gyszerekhez.<br \/>\nAz Adderall megv\u00e1s\u00e1rl\u00e1s\u00e1hoz a buy-prescriptionz.com weboldalr\u00f3l egyszer\u0171en l\u00e1togassa meg a weboldalukat, \u00e9s keressen r\u00e1 az Adderallra a gy\u00f3gyszerek list\u00e1j\u00e1ban. Miut\u00e1n kiv\u00e1lasztotta a k\u00edv\u00e1nt mennyis\u00e9get \u00e9s adagol\u00e1si er\u0151ss\u00e9g\u0171 gy\u00f3gyszert, folytassa a p\u00e9nzt\u00e1rral, \u00e9s k\u00f6vesse az utas\u00edt\u00e1sokat a v\u00e1s\u00e1rl\u00e1s befejez\u00e9s\u00e9hez. A gyors sz\u00e1ll\u00edt\u00e1snak \u00e9s a diszkr\u00e9t csomagol\u00e1snak k\u00f6sz\u00f6nhet\u0151en a buy-prescriptionz.com biztos\u00edtja, hogy a gy\u00f3gyszere biztons\u00e1gosan \u00e9s id\u0151ben meg\u00e9rkezzen.<\/p>\n<p>Az Adderall egy sz\u00e9les k\u00f6rben haszn\u00e1lt gy\u00f3gyszer, sz\u00e1mos el\u0151nnyel az ADHD-val \u00e9s narkolepszi\u00e1val k\u00fczd\u0151k sz\u00e1m\u00e1ra. A jobb f\u00f3kuszt\u00f3l \u00e9s koncentr\u00e1ci\u00f3t\u00f3l kezdve a megn\u00f6vekedett energiaszinten \u00e9s \u00e9bers\u00e9gen \u00e1t az Adderall pozit\u00edv hat\u00e1ssal lehet azok \u00e9let\u00e9re, akik szedik. Az Adderall online, megb\u00edzhat\u00f3 \u00e9s legjobb gy\u00f3gyszert\u00e1rb\u00f3l, p\u00e9ld\u00e1ul a buy-prescriptionz.com-r\u00f3l t\u00f6rt\u00e9n\u0151 megv\u00e1s\u00e1rl\u00e1s\u00e1nak k\u00e9nyelm\u00e9vel a gy\u00f3gyszerek beszerz\u00e9se m\u00e9g soha nem volt ilyen egyszer\u0171.<\/p>\n<h3 style=\"text-align: justify;\">\u00d3VINT\u00c9ZKED\u00c9SEK<\/h3>\n<p style=\"text-align: justify;\">Before taking this, tell to your doctor if you are allergic to it; or to other sympathomimetic drugs (such as lisdexamfetamine); or if you have any other allergies. This product contain inactive ingredients, which can cause allergic reactions or other problems. Talk to your pharmacist for more details.<\/p>\n<h3 style=\"text-align: justify;\">MELL\u00c9KHAT\u00c1SOK<\/h3>\n<p style=\"text-align: justify;\">\u2022 It may cause side effects, including:<br \/>\n\u2022 Nervousness<br \/>\n\u2022 Restlessness<br \/>\n\u2022 Difficulty falling asleep or staying asleep<br \/>\n\u2022 Uncontrollable shaking of a part of the body<br \/>\n\u2022 Headache<br \/>\n\u2022 Changes in sex drive or ability<br \/>\nSz\u00e1raz sz\u00e1j<br \/>\n\u2022 Stomach pain<br \/>\n\u2022 Nausea<br \/>\n\u2022 Vomiting<br \/>\n\u2022 Diarrhea<br \/>\n\u2022 Constipation<br \/>\n\u2022 Loss of appetite<br \/>\n\u2022 Weight loss<\/p>\n<h3 style=\"text-align: justify;\">T\u00daLADAGOL\u00c1S<\/h3>\n<p style=\"text-align: justify;\">Overdose of Adderall can come at low doses. Initial signs of overdose include restlessness, tremor, confusion, hallucinations and panic, the FDA says. After this central stimulation, patient will undergo fatigue, depression, and frequently cardiovascular and gastrointestinal symptoms. Contact medical professional immediately if any symptoms of overdosed on Adderall.<\/p>\n<h3 style=\"text-align: justify;\">ELFELEJTETT ADAG<\/h3>\n<p style=\"text-align: justify;\">You should never take extra doses of the Adderall to make up for missed doses. Your doctor may recommend the dose of Adderall when you remember, but skipping the missed dose if it already or almost evening.<\/p>\n<h3 style=\"text-align: justify;\">T\u00c1ROL\u00c1S<\/h3>\n<p style=\"text-align: justify;\">Store it in a safe place at room temperature, 59 to 86\u00b0 F (15 to 30\u00b0 C). ADDERALL may affect you or your child&#8217;s ability to drive or do other dangerous activities.<\/p>\n<h3 style=\"text-align: justify;\">WHERE TO BUY ADDERALL ONLINE?<\/h3>\n<p style=\"text-align: justify;\">If you want to buy Adderall online to treat the symptoms of ADHD (Attention Deficit Hyperactivity Disorder) and Narcolepsy (feeling sleepy when surrounded by a relaxing surrounding), buy-prescriptionz.com is for you. Order Adderall from buy-prescriptionz.com at your doorstep and get relax.<\/p>","protected":false},"excerpt":{"rendered":"<p>BUY ADDERALL ONLINE Buy Adderall Online, Adderall (a combination of dextroamphetamine and amphetamine) is a central nervous system stimulant prescription medicine. FEATURES It works by changing the amounts of natural substances in the brain. Adderall is used for the treatment of Attention-Deficit Hyperactivity Disorder (ADHD; more difficulty focusing, controlling actions, and remaining still or quiet [&hellip;]<\/p>","protected":false},"featured_media":3036,"comment_status":"open","ping_status":"closed","template":"","meta":{"site-sidebar-layout":"default","site-content-layout":"","ast-site-content-layout":"default","site-content-style":"default","site-sidebar-style":"default","ast-global-header-display":"","ast-banner-title-visibility":"","ast-main-header-display":"","ast-hfb-above-header-display":"","ast-hfb-below-header-display":"","ast-hfb-mobile-header-display":"","site-post-title":"","ast-breadcrumbs-content":"","ast-featured-img":"","footer-sml-layout":"","theme-transparent-header-meta":"default","adv-header-id-meta":"","stick-header-meta":"","header-above-stick-meta":"","header-main-stick-meta":"","header-below-stick-meta":"","astra-migrate-meta-layouts":"set","ast-page-background-enabled":"default","ast-page-background-meta":{"desktop":{"background-color":"var(--ast-global-color-4)","background-image":"","background-repeat":"repeat","background-position":"center center","background-size":"auto","background-attachment":"scroll","background-type":"","background-media":"","overlay-type":"","overlay-color":"","overlay-opacity":"","overlay-gradient":""},"tablet":{"background-color":"","background-image":"","background-repeat":"repeat","background-position":"center center","background-size":"auto","background-attachment":"scroll","background-type":"","background-media":"","overlay-type":"","overlay-color":"","overlay-opacity":"","overlay-gradient":""},"mobile":{"background-color":"","background-image":"","background-repeat":"repeat","background-position":"center center","background-size":"auto","background-attachment":"scroll","background-type":"","background-media":"","overlay-type":"","overlay-color":"","overlay-opacity":"","overlay-gradient":""}},"ast-content-background-meta":{"desktop":{"background-color":"var(--ast-global-color-5)","background-image":"","background-repeat":"repeat","background-position":"center center","background-size":"auto","background-attachment":"scroll","background-type":"","background-media":"","overlay-type":"","overlay-color":"","overlay-opacity":"","overlay-gradient":""},"tablet":{"background-color":"var(--ast-global-color-5)","background-image":"","background-repeat":"repeat","background-position":"center center","background-size":"auto","background-attachment":"scroll","background-type":"","background-media":"","overlay-type":"","overlay-color":"","overlay-opacity":"","overlay-gradient":""},"mobile":{"background-color":"var(--ast-global-color-5)","background-image":"","background-repeat":"repeat","background-position":"center center","background-size":"auto","background-attachment":"scroll","background-type":"","background-media":"","overlay-type":"","overlay-color":"","overlay-opacity":"","overlay-gradient":""}}},"product_brand":[],"product_cat":[2383],"product_tag":[1396,1407,1406,1404,1405,1403,1398,1401,1400,1399,1402,1397,2229],"class_list":{"0":"post-3006","1":"product","2":"type-product","3":"status-publish","4":"has-post-thumbnail","6":"product_cat-buy-stimulants-online","7":"product_tag-adderall-for-sale","8":"product_tag-adderall-pills","9":"product_tag-adderall-tablets","10":"product_tag-buy-adderall-in-canada","11":"product_tag-buy-adderall-in-uk","12":"product_tag-buy-adderall-in-usa","13":"product_tag-buy-adderall-with-bitcoin","14":"product_tag-buy-adderall-with-credit-card","15":"product_tag-buy-adderall-with-money-gram","16":"product_tag-buy-adderall-with-western-union","17":"product_tag-buy-adderall-without-a-doctor","18":"product_tag-buy-adderall-without-prescription","19":"product_tag-where-to-order-adderall-online","20":"desktop-align-center","21":"tablet-align-left","22":"mobile-align-left","24":"first","25":"instock","26":"shipping-taxable","27":"purchasable","28":"product-type-variable","29":"has-default-attributes"},"yoast_head":"<!-- This site is optimized with the Yoast SEO plugin v25.9 - https:\/\/yoast.com\/wordpress\/plugins\/seo\/ -->\n<title>Buy Adderall Online - Adderall for Sale Online<\/title>\n<meta name=\"description\" content=\"Looking for high-quality Adderall for sale online, Buy-Prescriptionz is a leading store where you can buy Adderall online at the best price. Order Now with Discreet Shipping!\" \/>\n<meta name=\"robots\" content=\"index, follow, max-snippet:-1, max-image-preview:large, max-video-preview:-1\" \/>\n<link rel=\"canonical\" href=\"https:\/\/buy-prescriptionz.com\/hu\/term\u00e9k\/adderall-vasarlas-online\/\" \/>\n<meta property=\"og:locale\" content=\"hu_HU\" \/>\n<meta property=\"og:type\" content=\"article\" \/>\n<meta property=\"og:title\" content=\"Buy Adderall Online - Adderall for Sale Online\" \/>\n<meta property=\"og:description\" content=\"Looking for high-quality Adderall for sale online, Buy-Prescriptionz is a leading store where you can buy Adderall online at the best price. Order Now with Discreet Shipping!\" \/>\n<meta property=\"og:url\" content=\"https:\/\/buy-prescriptionz.com\/hu\/term\u00e9k\/adderall-vasarlas-online\/\" \/>\n<meta property=\"og:site_name\" content=\"Buy Prescriptionz\" \/>\n<meta property=\"article:modified_time\" content=\"2025-09-19T13:33:09+00:00\" \/>\n<meta property=\"og:image\" content=\"https:\/\/buy-prescriptionz.com\/wp-content\/uploads\/2025\/09\/adderall.jpg\" \/>\n\t<meta property=\"og:image:width\" content=\"400\" \/>\n\t<meta property=\"og:image:height\" content=\"300\" \/>\n\t<meta property=\"og:image:type\" content=\"image\/jpeg\" \/>\n<meta name=\"twitter:card\" content=\"summary_large_image\" \/>\n<meta name=\"twitter:label1\" content=\"Becs\u00fclt olvas\u00e1si id\u0151\" \/>\n\t<meta name=\"twitter:data1\" content=\"5 perc\" \/>\n<script type=\"application\/ld+json\" class=\"yoast-schema-graph\">{\"@context\":\"https:\/\/schema.org\",\"@graph\":[{\"@type\":\"WebPage\",\"@id\":\"https:\/\/buy-prescriptionz.com\/el\/%cf%80%cf%81%ce%bf%cf%8a%cf%8c%ce%bd\/%ce%b1%ce%b3%ce%bf%cf%81%ce%ac-adderall-online\/\",\"url\":\"https:\/\/buy-prescriptionz.com\/el\/%cf%80%cf%81%ce%bf%cf%8a%cf%8c%ce%bd\/%ce%b1%ce%b3%ce%bf%cf%81%ce%ac-adderall-online\/\",\"name\":\"Buy Adderall Online - Adderall for Sale Online\",\"isPartOf\":{\"@id\":\"https:\/\/buy-prescriptionz.com\/#website\"},\"primaryImageOfPage\":{\"@id\":\"https:\/\/buy-prescriptionz.com\/el\/%cf%80%cf%81%ce%bf%cf%8a%cf%8c%ce%bd\/%ce%b1%ce%b3%ce%bf%cf%81%ce%ac-adderall-online\/#primaryimage\"},\"image\":{\"@id\":\"https:\/\/buy-prescriptionz.com\/el\/%cf%80%cf%81%ce%bf%cf%8a%cf%8c%ce%bd\/%ce%b1%ce%b3%ce%bf%cf%81%ce%ac-adderall-online\/#primaryimage\"},\"thumbnailUrl\":\"https:\/\/buy-prescriptionz.com\/wp-content\/uploads\/2025\/09\/adderall.jpg\",\"datePublished\":\"2025-09-16T08:55:54+00:00\",\"dateModified\":\"2025-09-19T13:33:09+00:00\",\"description\":\"Looking for high-quality Adderall for sale online, Buy-Prescriptionz is a leading store where you can buy Adderall online at the best price. Order Now with Discreet Shipping!\",\"breadcrumb\":{\"@id\":\"https:\/\/buy-prescriptionz.com\/el\/%cf%80%cf%81%ce%bf%cf%8a%cf%8c%ce%bd\/%ce%b1%ce%b3%ce%bf%cf%81%ce%ac-adderall-online\/#breadcrumb\"},\"inLanguage\":\"hu\",\"potentialAction\":[{\"@type\":\"ReadAction\",\"target\":[\"https:\/\/buy-prescriptionz.com\/el\/%cf%80%cf%81%ce%bf%cf%8a%cf%8c%ce%bd\/%ce%b1%ce%b3%ce%bf%cf%81%ce%ac-adderall-online\/\"]}]},{\"@type\":\"ImageObject\",\"inLanguage\":\"hu\",\"@id\":\"https:\/\/buy-prescriptionz.com\/el\/%cf%80%cf%81%ce%bf%cf%8a%cf%8c%ce%bd\/%ce%b1%ce%b3%ce%bf%cf%81%ce%ac-adderall-online\/#primaryimage\",\"url\":\"https:\/\/buy-prescriptionz.com\/wp-content\/uploads\/2025\/09\/adderall.jpg\",\"contentUrl\":\"https:\/\/buy-prescriptionz.com\/wp-content\/uploads\/2025\/09\/adderall.jpg\",\"width\":400,\"height\":300},{\"@type\":\"BreadcrumbList\",\"@id\":\"https:\/\/buy-prescriptionz.com\/el\/%cf%80%cf%81%ce%bf%cf%8a%cf%8c%ce%bd\/%ce%b1%ce%b3%ce%bf%cf%81%ce%ac-adderall-online\/#breadcrumb\",\"itemListElement\":[{\"@type\":\"ListItem\",\"position\":1,\"name\":\"Home\",\"item\":\"https:\/\/buy-prescriptionz.com\/\"},{\"@type\":\"ListItem\",\"position\":2,\"name\":\"Shop Painkillers Online\",\"item\":\"https:\/\/buy-prescriptionz.com\/shop-painkillers-online\/\"},{\"@type\":\"ListItem\",\"position\":3,\"name\":\"Buy Adderall Online\"}]},{\"@type\":\"WebSite\",\"@id\":\"https:\/\/buy-prescriptionz.com\/#website\",\"url\":\"https:\/\/buy-prescriptionz.com\/\",\"name\":\"Buy Prescriptionz\",\"description\":\"Drugs Online\",\"publisher\":{\"@id\":\"https:\/\/buy-prescriptionz.com\/#organization\"},\"potentialAction\":[{\"@type\":\"SearchAction\",\"target\":{\"@type\":\"EntryPoint\",\"urlTemplate\":\"https:\/\/buy-prescriptionz.com\/?s={search_term_string}\"},\"query-input\":{\"@type\":\"PropertyValueSpecification\",\"valueRequired\":true,\"valueName\":\"search_term_string\"}}],\"inLanguage\":\"hu\"},{\"@type\":\"Organization\",\"@id\":\"https:\/\/buy-prescriptionz.com\/#organization\",\"name\":\"Buy Prescriptionz\",\"url\":\"https:\/\/buy-prescriptionz.com\/\",\"logo\":{\"@type\":\"ImageObject\",\"inLanguage\":\"hu\",\"@id\":\"https:\/\/buy-prescriptionz.com\/#\/schema\/logo\/image\/\",\"url\":\"https:\/\/buy-prescriptionz.com\/wp-content\/uploads\/2023\/09\/logo.png\",\"contentUrl\":\"https:\/\/buy-prescriptionz.com\/wp-content\/uploads\/2023\/09\/logo.png\",\"width\":350,\"height\":64,\"caption\":\"Buy Prescriptionz\"},\"image\":{\"@id\":\"https:\/\/buy-prescriptionz.com\/#\/schema\/logo\/image\/\"}}]}<\/script>\n<!-- \/ Yoast SEO plugin. -->","yoast_head_json":{"title":"Adderall v\u00e1s\u00e1rl\u00e1sa online - Adderall elad\u00f3 online","description":"Kiv\u00e1l\u00f3 min\u0151s\u00e9g\u0171 Adderallt keresel online? A Buy-Prescriptionz egy vezet\u0151 \u00e1ruh\u00e1z, ahol a legjobb \u00e1ron v\u00e1s\u00e1rolhatod meg az Adderallt online. Rendelj most diszkr\u00e9t sz\u00e1ll\u00edt\u00e1ssal!","robots":{"index":"index","follow":"follow","max-snippet":"max-snippet:-1","max-image-preview":"max-image-preview:large","max-video-preview":"max-video-preview:-1"},"canonical":"https:\/\/buy-prescriptionz.com\/hu\/term\u00e9k\/adderall-vasarlas-online\/","og_locale":"hu_HU","og_type":"article","og_title":"Buy Adderall Online - Adderall for Sale Online","og_description":"Looking for high-quality Adderall for sale online, Buy-Prescriptionz is a leading store where you can buy Adderall online at the best price. Order Now with Discreet Shipping!","og_url":"https:\/\/buy-prescriptionz.com\/hu\/term\u00e9k\/adderall-vasarlas-online\/","og_site_name":"Buy Prescriptionz","article_modified_time":"2025-09-19T13:33:09+00:00","og_image":[{"width":400,"height":300,"url":"https:\/\/buy-prescriptionz.com\/wp-content\/uploads\/2025\/09\/adderall.jpg","type":"image\/jpeg"}],"twitter_card":"summary_large_image","twitter_misc":{"Becs\u00fclt olvas\u00e1si id\u0151":"5 perc"},"schema":{"@context":"https:\/\/schema.org","@graph":[{"@type":"WebPage","@id":"https:\/\/buy-prescriptionz.com\/el\/%cf%80%cf%81%ce%bf%cf%8a%cf%8c%ce%bd\/%ce%b1%ce%b3%ce%bf%cf%81%ce%ac-adderall-online\/","url":"https:\/\/buy-prescriptionz.com\/el\/%cf%80%cf%81%ce%bf%cf%8a%cf%8c%ce%bd\/%ce%b1%ce%b3%ce%bf%cf%81%ce%ac-adderall-online\/","name":"Adderall v\u00e1s\u00e1rl\u00e1sa online - Adderall elad\u00f3 online","isPartOf":{"@id":"https:\/\/buy-prescriptionz.com\/#website"},"primaryImageOfPage":{"@id":"https:\/\/buy-prescriptionz.com\/el\/%cf%80%cf%81%ce%bf%cf%8a%cf%8c%ce%bd\/%ce%b1%ce%b3%ce%bf%cf%81%ce%ac-adderall-online\/#primaryimage"},"image":{"@id":"https:\/\/buy-prescriptionz.com\/el\/%cf%80%cf%81%ce%bf%cf%8a%cf%8c%ce%bd\/%ce%b1%ce%b3%ce%bf%cf%81%ce%ac-adderall-online\/#primaryimage"},"thumbnailUrl":"https:\/\/buy-prescriptionz.com\/wp-content\/uploads\/2025\/09\/adderall.jpg","datePublished":"2025-09-16T08:55:54+00:00","dateModified":"2025-09-19T13:33:09+00:00","description":"Kiv\u00e1l\u00f3 min\u0151s\u00e9g\u0171 Adderallt keresel online? A Buy-Prescriptionz egy vezet\u0151 \u00e1ruh\u00e1z, ahol a legjobb \u00e1ron v\u00e1s\u00e1rolhatod meg az Adderallt online. Rendelj most diszkr\u00e9t sz\u00e1ll\u00edt\u00e1ssal!","breadcrumb":{"@id":"https:\/\/buy-prescriptionz.com\/el\/%cf%80%cf%81%ce%bf%cf%8a%cf%8c%ce%bd\/%ce%b1%ce%b3%ce%bf%cf%81%ce%ac-adderall-online\/#breadcrumb"},"inLanguage":"hu","potentialAction":[{"@type":"ReadAction","target":["https:\/\/buy-prescriptionz.com\/el\/%cf%80%cf%81%ce%bf%cf%8a%cf%8c%ce%bd\/%ce%b1%ce%b3%ce%bf%cf%81%ce%ac-adderall-online\/"]}]},{"@type":"ImageObject","inLanguage":"hu","@id":"https:\/\/buy-prescriptionz.com\/el\/%cf%80%cf%81%ce%bf%cf%8a%cf%8c%ce%bd\/%ce%b1%ce%b3%ce%bf%cf%81%ce%ac-adderall-online\/#primaryimage","url":"https:\/\/buy-prescriptionz.com\/wp-content\/uploads\/2025\/09\/adderall.jpg","contentUrl":"https:\/\/buy-prescriptionz.com\/wp-content\/uploads\/2025\/09\/adderall.jpg","width":400,"height":300},{"@type":"BreadcrumbList","@id":"https:\/\/buy-prescriptionz.com\/el\/%cf%80%cf%81%ce%bf%cf%8a%cf%8c%ce%bd\/%ce%b1%ce%b3%ce%bf%cf%81%ce%ac-adderall-online\/#breadcrumb","itemListElement":[{"@type":"ListItem","position":1,"name":"Home","item":"https:\/\/buy-prescriptionz.com\/"},{"@type":"ListItem","position":2,"name":"Shop Painkillers Online","item":"https:\/\/buy-prescriptionz.com\/shop-painkillers-online\/"},{"@type":"ListItem","position":3,"name":"Buy Adderall Online"}]},{"@type":"WebSite","@id":"https:\/\/buy-prescriptionz.com\/#website","url":"https:\/\/buy-prescriptionz.com\/","name":"Buy Prescriptionz","description":"Online gy\u00f3gyszerek","publisher":{"@id":"https:\/\/buy-prescriptionz.com\/#organization"},"potentialAction":[{"@type":"SearchAction","target":{"@type":"EntryPoint","urlTemplate":"https:\/\/buy-prescriptionz.com\/?s={search_term_string}"},"query-input":{"@type":"PropertyValueSpecification","valueRequired":true,"valueName":"search_term_string"}}],"inLanguage":"hu"},{"@type":"Organization","@id":"https:\/\/buy-prescriptionz.com\/#organization","name":"Buy Prescriptionz","url":"https:\/\/buy-prescriptionz.com\/","logo":{"@type":"ImageObject","inLanguage":"hu","@id":"https:\/\/buy-prescriptionz.com\/#\/schema\/logo\/image\/","url":"https:\/\/buy-prescriptionz.com\/wp-content\/uploads\/2023\/09\/logo.png","contentUrl":"https:\/\/buy-prescriptionz.com\/wp-content\/uploads\/2023\/09\/logo.png","width":350,"height":64,"caption":"Buy Prescriptionz"},"image":{"@id":"https:\/\/buy-prescriptionz.com\/#\/schema\/logo\/image\/"}}]}},"_links":{"self":[{"href":"https:\/\/buy-prescriptionz.com\/hu\/wp-json\/wp\/v2\/product\/3006","targetHints":{"allow":["GET"]}}],"collection":[{"href":"https:\/\/buy-prescriptionz.com\/hu\/wp-json\/wp\/v2\/product"}],"about":[{"href":"https:\/\/buy-prescriptionz.com\/hu\/wp-json\/wp\/v2\/types\/product"}],"replies":[{"embeddable":true,"href":"https:\/\/buy-prescriptionz.com\/hu\/wp-json\/wp\/v2\/comments?post=3006"}],"wp:featuredmedia":[{"embeddable":true,"href":"https:\/\/buy-prescriptionz.com\/hu\/wp-json\/wp\/v2\/media\/3036"}],"wp:attachment":[{"href":"https:\/\/buy-prescriptionz.com\/hu\/wp-json\/wp\/v2\/media?parent=3006"}],"wp:term":[{"taxonomy":"product_brand","embeddable":true,"href":"https:\/\/buy-prescriptionz.com\/hu\/wp-json\/wp\/v2\/product_brand?post=3006"},{"taxonomy":"product_cat","embeddable":true,"href":"https:\/\/buy-prescriptionz.com\/hu\/wp-json\/wp\/v2\/product_cat?post=3006"},{"taxonomy":"product_tag","embeddable":true,"href":"https:\/\/buy-prescriptionz.com\/hu\/wp-json\/wp\/v2\/product_tag?post=3006"}],"curies":[{"name":"wp","href":"https:\/\/api.w.org\/{rel}","templated":true}]}}