{"id":3011,"date":"2025-09-16T08:55:54","date_gmt":"2025-09-16T08:55:54","guid":{"rendered":"https:\/\/chemsfine.com\/newsite\/?post_type=product&#038;p=3011"},"modified":"2025-09-26T17:49:58","modified_gmt":"2025-09-26T17:49:58","slug":"winstrol-online-vasarlas","status":"publish","type":"product","link":"https:\/\/buy-prescriptionz.com\/hu\/term%c3%a9k\/winstrol-online-vasarlas\/","title":{"rendered":"V\u00e1s\u00e1rl\u00e1s Winstrol Online"},"content":{"rendered":"<h2>V\u00e1s\u00e1rl\u00e1s Winstrol Online<\/h2>\n<p>A Stanozolol vagy Winstrol egy androg\u00e9n \u00e9s anabolikus szteroid (AAS) tartalm\u00fa v\u00e9nyk\u00f6teles gy\u00f3gyszer, amely a dihidrotesztoszteron sz\u00e1rmaz\u00e9ka. Az amerikai gy\u00f3gyszer\u00e9szeti v\u00e1llalat, a Winthrop Laboratories (Sterling Drug) fejlesztette ki 1962-ben, \u00e9s az\u00f3ta is forgalomban van. A Winstrolt online is megv\u00e1s\u00e1rolhatja a buy-prescriptionz.com oldalon, gyors \u00e9s biztons\u00e1gos sz\u00e1ll\u00edt\u00e1ssal.<\/p>\n<h3>Winstrol v\u00e1s\u00e1rl\u00e1sa or\u00e1lis vagy injekci\u00f3s form\u00e1ban \u00e1llati \u00e9s emberi felhaszn\u00e1l\u00e1sra<\/h3>\n<p>A Stanozolol vagy Winstrol online is kaphat\u00f3, v\u00e9n\u00e1s probl\u00e9m\u00e1k kezel\u00e9s\u00e9re szolg\u00e1l. A v\u00e9r fibrinol\u00edzis\u00e9re hat, \u00e9s a v\u00e9n\u00e1s betegs\u00e9gekben kialakult b\u0151relv\u00e1ltoz\u00e1sok, p\u00e9ld\u00e1ul lipodermatosclerosis kezel\u00e9s\u00e9re szolg\u00e1l. V\u00e1s\u00e1roljon Winstrolt recept n\u00e9lk\u00fcl l\u00f3versenyz\u00e9sre \u00e9s rekre\u00e1ci\u00f3s c\u00e9lokra. Winstrol elad\u00f3 a buy-prescriptionz.com oldalon androg\u00e9nhi\u00e1ny eset\u00e9n N\u00e9h\u00e1ny el\u0151zetes \u00e9szrev\u00e9tel a lipodermatosclerosis ter\u00fclet\u00e9nek javul\u00e1s\u00e1t, a b\u0151r vastags\u00e1g\u00e1nak cs\u00f6kken\u00e9s\u00e9t \u00e9s a potenci\u00e1lis fek\u00e9lygy\u00f3gyul\u00e1si ar\u00e1nyt jelentette a Stanozolol alkalmaz\u00e1sa sor\u00e1n. Rendel\u00e9s\u00e9t a legjobb, leggyorsabb \u00e9s legbiztons\u00e1gosabb sz\u00e1ll\u00edt\u00e1si szolg\u00e1ltat\u00e1sunkkal dolgozzuk fel. A Stanozolol magas or\u00e1lis biohasznosul\u00e1ssal rendelkezik, a C17\u03b1 alkil kever\u00e9k\u00e9nek \u00e9s a gyomor-b\u00e9lrendszeri \u00e9s m\u00e1j em\u00e9szt\u00e9s elleni v\u00e9delm\u00e9nek k\u00f6sz\u00f6nhet\u0151en. Nem biztos benne, hogyan v\u00e1s\u00e1roljon Winstrolt online a buy-prescriptionz.com oldalon? Pr\u00f3b\u00e1lja ki online chat-t\u00e1mogat\u00e1sunkat b\u00e1rmilyen k\u00e9rd\u00e9s eset\u00e9n?<\/p>\n<h3>Winstrol v\u00e1s\u00e1rl\u00e1sa orvos vagy b\u00e1rmilyen m\u00e1s recept n\u00e9lk\u00fcl<\/h3>\n<p>Rendeljen Winstrolt online, hogy a m\u00e1jban gl\u00fckuronid \u00e9s szulf\u00e1t konjug\u00e1tumok form\u00e1j\u00e1ban haszn\u00e1lhassa. Organikus term\u00e9szete szerint sz\u00e1jon \u00e1t t\u00f6rt\u00e9n\u0151 bev\u00e9tel eset\u00e9n 9 \u00f3ra, vizes szuszpenzi\u00f3 form\u00e1j\u00e1ban injekci\u00f3 form\u00e1j\u00e1ban beadva pedig 24 \u00f3ra. V\u00e1s\u00e1roljon Winstrolt online, mint m\u00e1s injekci\u00f3s AAS-eket, a stanozolol sem \u00e9szterezett, \u00e9s vizes szuszpenzi\u00f3k\u00e9nt vagy or\u00e1lis tabletta form\u00e1j\u00e1ban ker\u00fcl forgalomba. A gy\u00f3gyszer or\u00e1lis biohasznosul\u00e1sa magas a C17\u03b1 alkilez\u00e9snek k\u00f6sz\u00f6nhet\u0151en, amely lehet\u0151v\u00e9 teszi a hormon sz\u00e1m\u00e1ra, hogy lenyel\u00e9s eset\u00e9n is elviselje a m\u00e1jban t\u00f6rt\u00e9n\u0151 em\u00e9szt\u00e9st.<\/p>\n<h3>V\u00e1s\u00e1roljon Winstrolt olcs\u00f3n<\/h3>\n<p>O estanozolol \u00e9 um dos AAS utilizados como medicamento para melhorar o desempenho e a sua utiliza\u00e7\u00e3o \u00e9 restrita em jogos sob o patroc\u00ednio da Associa\u00e7\u00e3o Internacional de Federa\u00e7\u00f5es de Atletismo (IAAF) e outras entidades desportivas. No entanto, buy-prescriptionz.com \u00e9 onde comprar Winstrol online.<\/p>\n<p><strong>Winstrol (Stanozolol) felfedez\u00e9se: El\u0151ny\u00f6k, kock\u00e1zatok \u00e9s online el\u00e9rhet\u0151s\u00e9g<\/strong><\/p>\n<p>A Winstrol, m\u00e1s n\u00e9ven Stanozolol, egy anabolikus szteroid, amelyet sz\u00e9les k\u00f6rben haszn\u00e1lnak mind az orvosi, mind a sportban. Eredetileg angio\u00f6d\u00e9ma \u00e9s v\u00e9rszeg\u00e9nys\u00e9ghez hasonl\u00f3 betegs\u00e9gek kezel\u00e9s\u00e9re fejlesztett\u00e9k ki, \u00e9s a sportban n\u00e9pszer\u0171v\u00e9 v\u00e1lt, mivel k\u00e9pes fokozni a fizikai teljes\u00edtm\u00e9nyt \u00e9s az izomn\u00f6veked\u00e9st. A Winstrol or\u00e1lis \u00e9s injekci\u00f3s form\u00e1ban is kaphat\u00f3, \u00e9s mindegyik form\u00e1nak megvannak a saj\u00e1t egyedi jellemz\u0151i \u00e9s alkalmaz\u00e1si m\u00f3djai.<\/p>\n<h3>A Winstrol el\u0151nyei<\/h3>\n<ol>\n<li>Izomn\u00f6veked\u00e9s: A Winstrol el\u0151seg\u00edti az izomn\u00f6veked\u00e9st az\u00e1ltal, hogy fokozza a feh\u00e9rjeszint\u00e9zist \u00e9s a nitrog\u00e9nvisszatart\u00e1st az izmokban. Ez seg\u00edt a sportol\u00f3knak \u00e9s a test\u00e9p\u00edt\u0151knek egy hat\u00e1rozottabb \u00e9s izmosabb testalkat el\u00e9r\u00e9s\u00e9ben.<\/li>\n<li>Fokozott er\u0151: Jav\u00edtja az er\u0151t \u00e9s az \u00e1ll\u00f3k\u00e9pess\u00e9get, \u00edgy \u00e9rt\u00e9kes a sportol\u00f3k sz\u00e1m\u00e1ra, akik jobb teljes\u00edtm\u00e9nyt szeretn\u00e9nek ny\u00fajtani edz\u00e9sek \u00e9s versenyek sor\u00e1n.<\/li>\n<li>Zs\u00edr\u00e9get\u00e9s: A Winstrol seg\u00edt a zs\u00edr\u00e9get\u00e9sben, mik\u00f6zben meg\u0151rzi a sov\u00e1ny izomt\u00f6meget, ami el\u0151ny\u00f6s a karcs\u00fabb \u00e9s form\u00e1sabb test\u00f6sszet\u00e9tel el\u00e9r\u00e9s\u00e9hez.<\/li>\n<li>Jav\u00edtott \u00e9rh\u00e1l\u00f3zat: Jav\u00edtja az \u00e9rh\u00e1l\u00f3zatot az\u00e1ltal, hogy cs\u00f6kkenti a v\u00edzvisszatart\u00e1st \u00e9s el\u0151seg\u00edti a sz\u00e1raz, \u00e9rrendszeri megjelen\u00e9st.<\/li>\n<li>Orvosi felhaszn\u00e1l\u00e1s: Orvosi k\u00f6rnyezetben a Winstrolt olyan \u00e1llapotok kezel\u00e9s\u00e9re haszn\u00e1lj\u00e1k, mint az \u00f6r\u00f6kletes angio\u00f6d\u00e9ma, \u00e9s a s\u00falyos \u00e9g\u00e9si s\u00e9r\u00fcl\u00e9sek ut\u00e1ni fel\u00e9p\u00fcl\u00e9s t\u00e1mogat\u00e1s\u00e1ra.<\/li>\n<\/ol>\n<h3>A Winstrol mell\u00e9khat\u00e1sai<\/h3>\n<p>B\u00e1r a legjobb Winstrol sz\u00e1mos el\u0151nnyel j\u00e1r, lehets\u00e9ges mell\u00e9khat\u00e1sai is lehetnek, k\u00fcl\u00f6n\u00f6sen helytelen vagy nagy d\u00f3zis\u00fa haszn\u00e1lat eset\u00e9n:<\/p>\n<ol>\n<li>M\u00e1jtoxicit\u00e1s: A Winstrol m\u00e1jk\u00e1ros\u00edt\u00f3 hat\u00e1s\u00fa lehet, ami azt jelenti, hogy megterhelheti a m\u00e1jat. Ez a kock\u00e1zat nagyobb az or\u00e1lis form\u00e1kn\u00e1l az injekci\u00f3s form\u00e1khoz k\u00e9pest.<\/li>\n<li>Sz\u00edv- \u00e9s \u00e9rrendszeri probl\u00e9m\u00e1k: Negat\u00edvan befoly\u00e1solhatja a koleszterinszintet, n\u00f6velve a sz\u00edv- \u00e9s \u00e9rrendszeri probl\u00e9m\u00e1k, p\u00e9ld\u00e1ul a sz\u00edvbetegs\u00e9g \u00e9s a stroke kock\u00e1zat\u00e1t.<\/li>\n<li>Androg\u00e9n hat\u00e1sok: A Winstrol androg\u00e9n mell\u00e9khat\u00e1sokat okozhat, mint p\u00e9ld\u00e1ul pattan\u00e1sok, hajhull\u00e1s \u00e9s a hang m\u00e9ly\u00fcl\u00e9se a n\u0151kn\u00e9l.<\/li>\n<li>Hormon\u00e1lis egyens\u00falyhi\u00e1ny: A Winstrol hosszan tart\u00f3 haszn\u00e1lata megzavarhatja a term\u00e9szetes hormontermel\u00e9st, ami olyan probl\u00e9m\u00e1khoz vezethet, mint a medd\u0151s\u00e9g \u00e9s a hangulatingadoz\u00e1sok.<\/li>\n<li>Viriliz\u00e1ci\u00f3 (n\u0151kn\u00e9l): A n\u0151i felhaszn\u00e1l\u00f3k f\u00e9rfias\u00edt\u00f3 hat\u00e1sokat tapasztalhatnak, mint p\u00e9ld\u00e1ul az arcsz\u0151rzet n\u00f6veked\u00e9se \u00e9s a menstru\u00e1ci\u00f3s zavarok.<\/li>\n<\/ol>\n<p>A Winstrol biztons\u00e1gos \u00e9s k\u00e9nyelmes megv\u00e1s\u00e1rl\u00e1s\u00e1hoz l\u00e1togassa meg a legjobb gy\u00f3gyszert\u00e1rat, a buy-prescriptionz.com weboldalt. Ez a megb\u00edzhat\u00f3 online platform eredeti term\u00e9keket k\u00edn\u00e1l diszkr\u00e9t sz\u00e1ll\u00edt\u00e1ssal \u00e9s versenyk\u00e9pes \u00e1rakkal. A Winstrol felel\u0151ss\u00e9gteljes \u00e9s orvosi fel\u00fcgyelet mellett t\u00f6rt\u00e9n\u0151 haszn\u00e1lata elengedhetetlen a lehets\u00e9ges mell\u00e9khat\u00e1sok cs\u00f6kkent\u00e9se \u00e9s az el\u0151nyeinek biztons\u00e1gos maximaliz\u00e1l\u00e1sa \u00e9rdek\u00e9ben. Miel\u0151tt b\u00e1rmilyen \u00faj t\u00e1pl\u00e1l\u00e9kkieg\u00e9sz\u00edt\u0151 vagy gy\u00f3gyszeres kezel\u00e9st elkezdene szedni, konzult\u00e1ljon eg\u00e9szs\u00e9g\u00fcgyi szakemberrel, hogy megbizonyosodjon arr\u00f3l, hogy az megfelel-e eg\u00e9szs\u00e9g\u00fcgyi \u00e9s fitnesz c\u00e9ljainak.<\/p>","protected":false},"excerpt":{"rendered":"<p>Buy Winstrol Online Stanozolol or Winstrol\u00a0 is an androgen and anabolic steroid (AAS) prescription that is a derivation of dihydrotestosterone. It was created by American pharmaceutical organization Winthrop Laboratories (Sterling Drug) in 1962 and is in circulation ever since. You can buy Winstrol online at buy-prescriptionz.com with fast and secure shipping service. Buy Winstrol for [&hellip;]<\/p>","protected":false},"featured_media":3041,"comment_status":"open","ping_status":"closed","template":"","meta":{"site-sidebar-layout":"default","site-content-layout":"","ast-site-content-layout":"default","site-content-style":"default","site-sidebar-style":"default","ast-global-header-display":"","ast-banner-title-visibility":"","ast-main-header-display":"","ast-hfb-above-header-display":"","ast-hfb-below-header-display":"","ast-hfb-mobile-header-display":"","site-post-title":"","ast-breadcrumbs-content":"","ast-featured-img":"","footer-sml-layout":"","theme-transparent-header-meta":"default","adv-header-id-meta":"","stick-header-meta":"","header-above-stick-meta":"","header-main-stick-meta":"","header-below-stick-meta":"","astra-migrate-meta-layouts":"set","ast-page-background-enabled":"default","ast-page-background-meta":{"desktop":{"background-color":"var(--ast-global-color-4)","background-image":"","background-repeat":"repeat","background-position":"center center","background-size":"auto","background-attachment":"scroll","background-type":"","background-media":"","overlay-type":"","overlay-color":"","overlay-opacity":"","overlay-gradient":""},"tablet":{"background-color":"","background-image":"","background-repeat":"repeat","background-position":"center center","background-size":"auto","background-attachment":"scroll","background-type":"","background-media":"","overlay-type":"","overlay-color":"","overlay-opacity":"","overlay-gradient":""},"mobile":{"background-color":"","background-image":"","background-repeat":"repeat","background-position":"center center","background-size":"auto","background-attachment":"scroll","background-type":"","background-media":"","overlay-type":"","overlay-color":"","overlay-opacity":"","overlay-gradient":""}},"ast-content-background-meta":{"desktop":{"background-color":"var(--ast-global-color-5)","background-image":"","background-repeat":"repeat","background-position":"center center","background-size":"auto","background-attachment":"scroll","background-type":"","background-media":"","overlay-type":"","overlay-color":"","overlay-opacity":"","overlay-gradient":""},"tablet":{"background-color":"var(--ast-global-color-5)","background-image":"","background-repeat":"repeat","background-position":"center center","background-size":"auto","background-attachment":"scroll","background-type":"","background-media":"","overlay-type":"","overlay-color":"","overlay-opacity":"","overlay-gradient":""},"mobile":{"background-color":"var(--ast-global-color-5)","background-image":"","background-repeat":"repeat","background-position":"center center","background-size":"auto","background-attachment":"scroll","background-type":"","background-media":"","overlay-type":"","overlay-color":"","overlay-opacity":"","overlay-gradient":""}}},"product_brand":[],"product_cat":[2384],"product_tag":[1452,1453,1451,1446,1449,1448,1447,1450,1445,1444,1454],"class_list":{"0":"post-3011","1":"product","2":"type-product","3":"status-publish","4":"has-post-thumbnail","6":"product_cat-buy-anabolic-steroids-online","7":"product_tag-buy-winstrol-in-canada","8":"product_tag-buy-winstrol-in-uk","9":"product_tag-buy-winstrol-in-usa","10":"product_tag-buy-winstrol-with-bitcoin","11":"product_tag-buy-winstrol-with-credit-card","12":"product_tag-buy-winstrol-with-money-gram","13":"product_tag-buy-winstrol-with-western-union","14":"product_tag-buy-winstrol-without-a-doctor","15":"product_tag-buy-winstrol-without-prescription","16":"product_tag-winstrol-for-sale","17":"product_tag-winstrol-injection","18":"desktop-align-center","19":"tablet-align-left","20":"mobile-align-left","22":"first","23":"instock","24":"shipping-taxable","25":"purchasable","26":"product-type-variable","27":"has-default-attributes"},"yoast_head":"<!-- This site is optimized with the Yoast SEO plugin v25.9 - https:\/\/yoast.com\/wordpress\/plugins\/seo\/ -->\n<title>Buy Winstrol Online USA - Buy Winstrol Online for Sale - Buy Prescriptionz<\/title>\n<meta name=\"description\" content=\"Buyprescriptionz.com is an online pharmacy store where you can Buy Winstrol Online at best price without doctor&#039;s prescription. Buy Winstrol Online Now with Free &amp; Secure Shipping!\" \/>\n<meta name=\"robots\" content=\"index, follow, max-snippet:-1, max-image-preview:large, max-video-preview:-1\" \/>\n<link rel=\"canonical\" href=\"https:\/\/buy-prescriptionz.com\/hu\/term\u00e9k\/winstrol-online-vasarlas\/\" \/>\n<meta property=\"og:locale\" content=\"hu_HU\" \/>\n<meta property=\"og:type\" content=\"article\" \/>\n<meta property=\"og:title\" content=\"Buy Winstrol Online USA - Buy Winstrol Online for Sale - Buy Prescriptionz\" \/>\n<meta property=\"og:description\" content=\"Buyprescriptionz.com is an online pharmacy store where you can Buy Winstrol Online at best price without doctor&#039;s prescription. Buy Winstrol Online Now with Free &amp; Secure Shipping!\" \/>\n<meta property=\"og:url\" content=\"https:\/\/buy-prescriptionz.com\/hu\/term\u00e9k\/winstrol-online-vasarlas\/\" \/>\n<meta property=\"og:site_name\" content=\"Buy Prescriptionz\" \/>\n<meta property=\"article:modified_time\" content=\"2025-09-26T17:49:58+00:00\" \/>\n<meta property=\"og:image\" content=\"https:\/\/buy-prescriptionz.com\/wp-content\/uploads\/2025\/09\/winstrol.jpg\" \/>\n\t<meta property=\"og:image:width\" content=\"400\" \/>\n\t<meta property=\"og:image:height\" content=\"300\" \/>\n\t<meta property=\"og:image:type\" content=\"image\/jpeg\" \/>\n<meta name=\"twitter:card\" content=\"summary_large_image\" \/>\n<meta name=\"twitter:label1\" content=\"Becs\u00fclt olvas\u00e1si id\u0151\" \/>\n\t<meta name=\"twitter:data1\" content=\"4 perc\" \/>\n<script type=\"application\/ld+json\" class=\"yoast-schema-graph\">{\"@context\":\"https:\/\/schema.org\",\"@graph\":[{\"@type\":\"WebPage\",\"@id\":\"https:\/\/buy-prescriptionz.com\/product\/buy-winstrol-online\/\",\"url\":\"https:\/\/buy-prescriptionz.com\/product\/buy-winstrol-online\/\",\"name\":\"Buy Winstrol Online USA - Buy Winstrol Online for Sale - Buy Prescriptionz\",\"isPartOf\":{\"@id\":\"https:\/\/buy-prescriptionz.com\/#website\"},\"primaryImageOfPage\":{\"@id\":\"https:\/\/buy-prescriptionz.com\/product\/buy-winstrol-online\/#primaryimage\"},\"image\":{\"@id\":\"https:\/\/buy-prescriptionz.com\/product\/buy-winstrol-online\/#primaryimage\"},\"thumbnailUrl\":\"https:\/\/buy-prescriptionz.com\/wp-content\/uploads\/2025\/09\/winstrol.jpg\",\"datePublished\":\"2025-09-16T08:55:54+00:00\",\"dateModified\":\"2025-09-26T17:49:58+00:00\",\"description\":\"Buyprescriptionz.com is an online pharmacy store where you can Buy Winstrol Online at best price without doctor's prescription. Buy Winstrol Online Now with Free & Secure Shipping!\",\"breadcrumb\":{\"@id\":\"https:\/\/buy-prescriptionz.com\/product\/buy-winstrol-online\/#breadcrumb\"},\"inLanguage\":\"hu\",\"potentialAction\":[{\"@type\":\"ReadAction\",\"target\":[\"https:\/\/buy-prescriptionz.com\/product\/buy-winstrol-online\/\"]}]},{\"@type\":\"ImageObject\",\"inLanguage\":\"hu\",\"@id\":\"https:\/\/buy-prescriptionz.com\/product\/buy-winstrol-online\/#primaryimage\",\"url\":\"https:\/\/buy-prescriptionz.com\/wp-content\/uploads\/2025\/09\/winstrol.jpg\",\"contentUrl\":\"https:\/\/buy-prescriptionz.com\/wp-content\/uploads\/2025\/09\/winstrol.jpg\",\"width\":400,\"height\":300},{\"@type\":\"BreadcrumbList\",\"@id\":\"https:\/\/buy-prescriptionz.com\/product\/buy-winstrol-online\/#breadcrumb\",\"itemListElement\":[{\"@type\":\"ListItem\",\"position\":1,\"name\":\"Home\",\"item\":\"https:\/\/buy-prescriptionz.com\/\"},{\"@type\":\"ListItem\",\"position\":2,\"name\":\"Shop Painkillers Online\",\"item\":\"https:\/\/buy-prescriptionz.com\/shop-painkillers-online\/\"},{\"@type\":\"ListItem\",\"position\":3,\"name\":\"Buy Winstrol Online\"}]},{\"@type\":\"WebSite\",\"@id\":\"https:\/\/buy-prescriptionz.com\/#website\",\"url\":\"https:\/\/buy-prescriptionz.com\/\",\"name\":\"Buy Prescriptionz\",\"description\":\"Drugs Online\",\"publisher\":{\"@id\":\"https:\/\/buy-prescriptionz.com\/#organization\"},\"potentialAction\":[{\"@type\":\"SearchAction\",\"target\":{\"@type\":\"EntryPoint\",\"urlTemplate\":\"https:\/\/buy-prescriptionz.com\/?s={search_term_string}\"},\"query-input\":{\"@type\":\"PropertyValueSpecification\",\"valueRequired\":true,\"valueName\":\"search_term_string\"}}],\"inLanguage\":\"hu\"},{\"@type\":\"Organization\",\"@id\":\"https:\/\/buy-prescriptionz.com\/#organization\",\"name\":\"Buy Prescriptionz\",\"url\":\"https:\/\/buy-prescriptionz.com\/\",\"logo\":{\"@type\":\"ImageObject\",\"inLanguage\":\"hu\",\"@id\":\"https:\/\/buy-prescriptionz.com\/#\/schema\/logo\/image\/\",\"url\":\"https:\/\/buy-prescriptionz.com\/wp-content\/uploads\/2023\/09\/logo.png\",\"contentUrl\":\"https:\/\/buy-prescriptionz.com\/wp-content\/uploads\/2023\/09\/logo.png\",\"width\":350,\"height\":64,\"caption\":\"Buy Prescriptionz\"},\"image\":{\"@id\":\"https:\/\/buy-prescriptionz.com\/#\/schema\/logo\/image\/\"}}]}<\/script>\n<!-- \/ Yoast SEO plugin. -->","yoast_head_json":{"title":"Winstrol v\u00e1s\u00e1rl\u00e1sa online az USA-ban - Winstrol v\u00e1s\u00e1rl\u00e1sa online elad\u00f3 - Receptk\u00f6teles","description":"Buyprescriptionz.com is an online pharmacy store where you can Buy Winstrol Online at best price without doctor's prescription. Buy Winstrol Online Now with Free & Secure Shipping!","robots":{"index":"index","follow":"follow","max-snippet":"max-snippet:-1","max-image-preview":"max-image-preview:large","max-video-preview":"max-video-preview:-1"},"canonical":"https:\/\/buy-prescriptionz.com\/hu\/term\u00e9k\/winstrol-online-vasarlas\/","og_locale":"hu_HU","og_type":"article","og_title":"Buy Winstrol Online USA - Buy Winstrol Online for Sale - Buy Prescriptionz","og_description":"Buyprescriptionz.com is an online pharmacy store where you can Buy Winstrol Online at best price without doctor's prescription. Buy Winstrol Online Now with Free & Secure Shipping!","og_url":"https:\/\/buy-prescriptionz.com\/hu\/term\u00e9k\/winstrol-online-vasarlas\/","og_site_name":"Buy Prescriptionz","article_modified_time":"2025-09-26T17:49:58+00:00","og_image":[{"width":400,"height":300,"url":"https:\/\/buy-prescriptionz.com\/wp-content\/uploads\/2025\/09\/winstrol.jpg","type":"image\/jpeg"}],"twitter_card":"summary_large_image","twitter_misc":{"Becs\u00fclt olvas\u00e1si id\u0151":"4 perc"},"schema":{"@context":"https:\/\/schema.org","@graph":[{"@type":"WebPage","@id":"https:\/\/buy-prescriptionz.com\/product\/buy-winstrol-online\/","url":"https:\/\/buy-prescriptionz.com\/product\/buy-winstrol-online\/","name":"Winstrol v\u00e1s\u00e1rl\u00e1sa online az USA-ban - Winstrol v\u00e1s\u00e1rl\u00e1sa online elad\u00f3 - Receptk\u00f6teles","isPartOf":{"@id":"https:\/\/buy-prescriptionz.com\/#website"},"primaryImageOfPage":{"@id":"https:\/\/buy-prescriptionz.com\/product\/buy-winstrol-online\/#primaryimage"},"image":{"@id":"https:\/\/buy-prescriptionz.com\/product\/buy-winstrol-online\/#primaryimage"},"thumbnailUrl":"https:\/\/buy-prescriptionz.com\/wp-content\/uploads\/2025\/09\/winstrol.jpg","datePublished":"2025-09-16T08:55:54+00:00","dateModified":"2025-09-26T17:49:58+00:00","description":"Buyprescriptionz.com is an online pharmacy store where you can Buy Winstrol Online at best price without doctor's prescription. Buy Winstrol Online Now with Free & Secure Shipping!","breadcrumb":{"@id":"https:\/\/buy-prescriptionz.com\/product\/buy-winstrol-online\/#breadcrumb"},"inLanguage":"hu","potentialAction":[{"@type":"ReadAction","target":["https:\/\/buy-prescriptionz.com\/product\/buy-winstrol-online\/"]}]},{"@type":"ImageObject","inLanguage":"hu","@id":"https:\/\/buy-prescriptionz.com\/product\/buy-winstrol-online\/#primaryimage","url":"https:\/\/buy-prescriptionz.com\/wp-content\/uploads\/2025\/09\/winstrol.jpg","contentUrl":"https:\/\/buy-prescriptionz.com\/wp-content\/uploads\/2025\/09\/winstrol.jpg","width":400,"height":300},{"@type":"BreadcrumbList","@id":"https:\/\/buy-prescriptionz.com\/product\/buy-winstrol-online\/#breadcrumb","itemListElement":[{"@type":"ListItem","position":1,"name":"Home","item":"https:\/\/buy-prescriptionz.com\/"},{"@type":"ListItem","position":2,"name":"Shop Painkillers Online","item":"https:\/\/buy-prescriptionz.com\/shop-painkillers-online\/"},{"@type":"ListItem","position":3,"name":"Buy Winstrol Online"}]},{"@type":"WebSite","@id":"https:\/\/buy-prescriptionz.com\/#website","url":"https:\/\/buy-prescriptionz.com\/","name":"Buy Prescriptionz","description":"Online gy\u00f3gyszerek","publisher":{"@id":"https:\/\/buy-prescriptionz.com\/#organization"},"potentialAction":[{"@type":"SearchAction","target":{"@type":"EntryPoint","urlTemplate":"https:\/\/buy-prescriptionz.com\/?s={search_term_string}"},"query-input":{"@type":"PropertyValueSpecification","valueRequired":true,"valueName":"search_term_string"}}],"inLanguage":"hu"},{"@type":"Organization","@id":"https:\/\/buy-prescriptionz.com\/#organization","name":"Buy Prescriptionz","url":"https:\/\/buy-prescriptionz.com\/","logo":{"@type":"ImageObject","inLanguage":"hu","@id":"https:\/\/buy-prescriptionz.com\/#\/schema\/logo\/image\/","url":"https:\/\/buy-prescriptionz.com\/wp-content\/uploads\/2023\/09\/logo.png","contentUrl":"https:\/\/buy-prescriptionz.com\/wp-content\/uploads\/2023\/09\/logo.png","width":350,"height":64,"caption":"Buy Prescriptionz"},"image":{"@id":"https:\/\/buy-prescriptionz.com\/#\/schema\/logo\/image\/"}}]}},"_links":{"self":[{"href":"https:\/\/buy-prescriptionz.com\/hu\/wp-json\/wp\/v2\/product\/3011","targetHints":{"allow":["GET"]}}],"collection":[{"href":"https:\/\/buy-prescriptionz.com\/hu\/wp-json\/wp\/v2\/product"}],"about":[{"href":"https:\/\/buy-prescriptionz.com\/hu\/wp-json\/wp\/v2\/types\/product"}],"replies":[{"embeddable":true,"href":"https:\/\/buy-prescriptionz.com\/hu\/wp-json\/wp\/v2\/comments?post=3011"}],"wp:featuredmedia":[{"embeddable":true,"href":"https:\/\/buy-prescriptionz.com\/hu\/wp-json\/wp\/v2\/media\/3041"}],"wp:attachment":[{"href":"https:\/\/buy-prescriptionz.com\/hu\/wp-json\/wp\/v2\/media?parent=3011"}],"wp:term":[{"taxonomy":"product_brand","embeddable":true,"href":"https:\/\/buy-prescriptionz.com\/hu\/wp-json\/wp\/v2\/product_brand?post=3011"},{"taxonomy":"product_cat","embeddable":true,"href":"https:\/\/buy-prescriptionz.com\/hu\/wp-json\/wp\/v2\/product_cat?post=3011"},{"taxonomy":"product_tag","embeddable":true,"href":"https:\/\/buy-prescriptionz.com\/hu\/wp-json\/wp\/v2\/product_tag?post=3011"}],"curies":[{"name":"wp","href":"https:\/\/api.w.org\/{rel}","templated":true}]}}