{"id":3042,"date":"2025-09-16T08:56:08","date_gmt":"2025-09-16T08:56:08","guid":{"rendered":"https:\/\/chemsfine.com\/newsite\/?post_type=product&#038;p=3042"},"modified":"2025-09-26T15:37:45","modified_gmt":"2025-09-26T15:37:45","slug":"trenbolon-online-vasarlas","status":"publish","type":"product","link":"https:\/\/buy-prescriptionz.com\/hu\/term%c3%a9k\/trenbolon-online-vasarlas\/","title":{"rendered":"Trenbolon online v\u00e1s\u00e1rl\u00e1s"},"content":{"rendered":"<h2>Trenbolon online v\u00e1s\u00e1rl\u00e1s<\/h2>\n<p>Trenbolon online v\u00e1s\u00e1rl\u00e1s A trenbolon egy androg\u00e9n \u00e9s anabolikus szteroid a nandrolon oszt\u00e1lyba tartoz\u00f3 androg\u00e9n \u00e9s anabolikus szteroid. Trenbolon 10 ml-t v\u00e1s\u00e1roljon online \u00e1llatgy\u00f3gy\u00e1szati \u00e9s klinikai felhaszn\u00e1l\u00e1sra.<\/p>\n<h3>Trenbolon: \u00c1ttekint\u00e9s \u00e9s el\u0151ny\u00f6k<\/h3>\n<p>A trenbolon egy er\u0151s anabolikus szteroid, amely izom\u00e9p\u00edt\u0151 tulajdons\u00e1gair\u00f3l ismert, \u00e9s sz\u00e9les k\u00f6rben haszn\u00e1lj\u00e1k a test\u00e9p\u00edt\u0151 \u00e9s fitnesz k\u00f6z\u00f6ss\u00e9gben. A tesztoszteronb\u00f3l sz\u00e1rmaz\u00f3 szintetikus szteroidok kateg\u00f3ri\u00e1j\u00e1ba tartozik, amelyek magas anabolikus \u00e9s androg\u00e9n hat\u00e1sair\u00f3l ismertek. A trenbolon nem enged\u00e9lyezett emberi gy\u00f3gy\u00e1szatban val\u00f3 alkalmaz\u00e1sra, de n\u00e9pszer\u0171 a sportol\u00f3k \u00e9s test\u00e9p\u00edt\u0151k k\u00f6r\u00e9ben, mivel k\u00e9pes fokozni az izomn\u00f6veked\u00e9st, n\u00f6velni az er\u0151t \u00e9s jav\u00edtani a sportteljes\u00edtm\u00e9nyt. \u00dagy fejti ki hat\u00e1s\u00e1t, hogy k\u00f6t\u0151dik a szervezet androg\u00e9nreceptoraihoz, el\u0151seg\u00edtve a feh\u00e9rjeszint\u00e9zist \u00e9s a nitrog\u00e9nvisszatart\u00e1st, ami kulcsfontoss\u00e1g\u00fa az izomn\u00f6veked\u00e9shez \u00e9s -fel\u00e9p\u00fcl\u00e9shez.<\/p>\n<h4>A trenbolon el\u0151nyei<\/h4>\n<ol>\n<li>Izomn\u00f6veked\u00e9s: A legjobb trenbolon jelent\u0151s izomn\u00f6veked\u00e9st eredm\u00e9nyez a feh\u00e9rjeszint\u00e9zis fokoz\u00e1s\u00e1val, ami gyors izomn\u00f6veked\u00e9shez \u00e9s er\u0151n\u00f6veked\u00e9shez vezet.<\/li>\n<li>Fokozott er\u0151: A felhaszn\u00e1l\u00f3k gyakran dr\u00e1mai er\u0151n\u00f6veked\u00e9st tapasztalnak, ami intenz\u00edvebb edz\u00e9seket \u00e9s jobb teljes\u00edtm\u00e9nyt tesz lehet\u0151v\u00e9.<\/li>\n<li>Zs\u00edr\u00e9get\u00e9s: Seg\u00edt a zs\u00edr\u00e9get\u00e9sben az anyagcsere fokoz\u00e1s\u00e1val \u00e9s a sz\u00e1lk\u00e1sabb testalkat el\u0151seg\u00edt\u00e9s\u00e9vel.<\/li>\n<li>Jav\u00edtott regener\u00e1l\u00f3d\u00e1s: A trenbolon felgyors\u00edtja az edz\u00e9sek k\u00f6z\u00f6tti regener\u00e1l\u00f3d\u00e1si id\u0151t, lehet\u0151v\u00e9 t\u00e9ve a gyakoribb \u00e9s intenz\u00edvebb edz\u00e9seket.<\/li>\n<\/ol>\n<p>Hat\u00e9konys\u00e1ga miatt a Trenbolon jelent\u0151s mell\u00e9khat\u00e1sokat okozhat, \u00e9s nem aj\u00e1nlott alkalmi vagy tapasztalatlan felhaszn\u00e1l\u00f3k sz\u00e1m\u00e1ra. Csak orvosi fel\u00fcgyelet mellett vagy tapasztalt szem\u00e9lyek haszn\u00e1lhatj\u00e1k, akik tiszt\u00e1ban vannak a kock\u00e1zataival \u00e9s el\u0151nyeivel. Azok sz\u00e1m\u00e1ra, akik fontolgatj\u00e1k a Trenbolon haszn\u00e1lat\u00e1t, mindenk\u00e9ppen egy megb\u00edzhat\u00f3 \u00e9s legjobb gy\u00f3gyszert\u00e1rb\u00f3l, p\u00e9ld\u00e1ul a buy-prescriptionz.com-b\u00f3l v\u00e1s\u00e1roljanak, hogy biztos\u00edts\u00e1k a term\u00e9k eredetis\u00e9g\u00e9t \u00e9s min\u0151s\u00e9g\u00e9t.<\/p>\n<h3>V\u00e1s\u00e1roljon trenbolon 10 ml injekci\u00f3 vagy sz\u00e1jon \u00e1t t\u00f6rt\u00e9n\u0151 haszn\u00e1latra<\/h3>\n<p>Trenbolon v\u00e1s\u00e1rl\u00e1sa online A Trenbolon 10 ml online anabolikus \u00e9s androg\u00e9n hat\u00e1sokkal is rendelkezik. A trenbolon n\u00f6veli az amm\u00f3niumr\u00e9szecsk\u00e9k izmok \u00e1ltali felv\u00e9tel\u00e9t, ami a feh\u00e9rjekever\u00e9k ar\u00e1ny\u00e1nak n\u00f6veked\u00e9s\u00e9hez vezet.<br \/>\nLehet v\u00e1s\u00e1rolni trenbolon 10 ml orvos n\u00e9lk\u00fcl, \u00e9s lehet, hogy a kieg\u00e9sz\u00edt\u0151 hat\u00e1sok \u00e9l\u00e9nk\u00edt\u0151 v\u00e1gy \u00e9s cs\u00f6kkenti a sebess\u00e9g\u00e9t a katabolizmus, mint minden egyes anabolikus szteroid elfogadott.<br \/>\nMost el\u00e9rhet\u0151, Trenbolon 10 ml elad\u00f3 a buy-prescriptionz.com oldalon. Trenbolon okozhat b\u0151v\u00fcl\u00e9st a f\u00e9rfi opcion\u00e1lis nemi tulajdons\u00e1gok an\u00e9lk\u00fcl, hogy \u00e1t kell v\u00e1ltani egy fokozatosan er\u0151s androg\u00e9n a szervezetben.<\/p>\n<h4>Trenbolon 10 ml olcs\u00f3 \u00e1ron<\/h4>\n<p>Trenbolon v\u00e1s\u00e1rl\u00e1sa online A trenbolon intenzit\u00e1sa t\u00f6bbsz\u00f6r\u00f6se a tesztoszteron\u00e9nak. A trenbolon er\u0151sen k\u00f6t\u0151dik a progeszteronreceptorhoz, a trenbolon pedig a gl\u00fckokortikoid receptorhoz is.<br \/>\nPr\u00f3b\u00e1lja meg v\u00e1s\u00e1rolni trenbolon 10 ml diszkr\u00e9t csomagol\u00e1sban buy-prescriptionz.com gyors \u00e9s biztons\u00e1gos sz\u00e1ll\u00edt\u00e1si szolg\u00e1ltat\u00e1s.<\/p>\n<p>A trenbolon \u00e9s a 17-epitrenbolon egyar\u00e1nt konjug\u00e1tumk\u00e9nt szabadul fel a vizeletben, amely b\u00e9ta-gl\u00fckuronid\u00e1zzal hidroliz\u00e1lhat\u00f3. Ez arra utal, hogy a trenbolon b\u00e9ta-gl\u00fckuronidok vagy szulf\u00e1tok form\u00e1j\u00e1ban hagyja el a szervezetet. Ez a gy\u00f3gyszer a bevitelt k\u00f6vet\u0151 24 \u00f3r\u00e1n bel\u00fcl elhagyja a szervezetet.<br \/>\nHogyan lehet v\u00e1s\u00e1rolni trenbolon 10 ml, ez m\u00e1r nem neh\u00e9z. A buy-prescriptionz.com, akkor v\u00e1s\u00e1rolni b\u00e1rmilyen mennyis\u00e9g\u0171 vagy min\u0151s\u00e9g\u0171, amire sz\u00fcks\u00e9ge van a gy\u00f3gyszer b\u00e1rhol a vil\u00e1gon egy biztons\u00e1gos \u00e9s tesztelt k\u00f6rnyezetben. M\u00e9g mindig nem tudja, hol lehet megv\u00e1s\u00e1rolni a Trenbolon 10 ml-t?<br \/>\nA trenbolon prodrugk\u00e9nt \u00e9szterkonjug\u00e1tumk\u00e9nt, p\u00e9ld\u00e1ul trenbolon-ecetsav sz\u00e1rmaz\u00e9kk\u00e9nt, enanth\u00e1tk\u00e9nt vagy trenbolon-hexahidrobenzil-karbon\u00e1tk\u00e9nt ir\u00e1nyul.<\/p>\n<p>&nbsp;<\/p>\n<h5>V\u00e1s\u00e1rl\u00e1s anabolikus szteroid trenbolon-acet\u00e1t (Tern A) USA, EU, vil\u00e1gszerte<\/h5>\n<p>Ha az ok, ami\u00e9rt ezen az oldalon van, az a v\u00e1gy, hogy megv\u00e1s\u00e1rolja a trenbolon-acet\u00e1tot, javasoljuk, hogy ezt vel\u00fcnk tegye. El\u0151ny\u00fcnk a gy\u00e1rt\u00f3 ZPHC min\u0151s\u00e9ge. Ez\u00e9rt nem kell extra id\u0151t t\u00f6ltenie ahhoz, hogy el\u00e9rje \u00e1lm\u00e1t a t\u00f6k\u00e9letes testr\u0151l. Kiv\u00e1l\u00f3 sz\u00e1ll\u00edt\u00e1si szolg\u00e1ltat\u00e1st is k\u00edn\u00e1lunk, mind az Egyes\u00fclt \u00c1llamokon bel\u00fcl, mind Eur\u00f3p\u00e1ban, mind a vil\u00e1g minden t\u00e1j\u00e1n. Csapatunk is sok sikert \u00e9s \u00faj eredm\u00e9nyeket k\u00edv\u00e1n a sportban.<\/p>","protected":false},"excerpt":{"rendered":"<p>Buy Trenbolone Online Buy Trenbolone Online Trenbolone is an androgen and anabolic steroid of the nandrolone class. Buy Trenbolone 10 ml online for veterinary and clinical use. Trenbolone: Overview and Benefits Trenbolone is a potent anabolic steroid renowned for its muscle-building properties and is widely used in the bodybuilding and fitness community. It belongs to [&hellip;]<\/p>","protected":false},"featured_media":3072,"comment_status":"open","ping_status":"closed","template":"","meta":{"site-sidebar-layout":"default","site-content-layout":"","ast-site-content-layout":"default","site-content-style":"default","site-sidebar-style":"default","ast-global-header-display":"","ast-banner-title-visibility":"","ast-main-header-display":"","ast-hfb-above-header-display":"","ast-hfb-below-header-display":"","ast-hfb-mobile-header-display":"","site-post-title":"","ast-breadcrumbs-content":"","ast-featured-img":"","footer-sml-layout":"","theme-transparent-header-meta":"default","adv-header-id-meta":"","stick-header-meta":"","header-above-stick-meta":"","header-main-stick-meta":"","header-below-stick-meta":"","astra-migrate-meta-layouts":"set","ast-page-background-enabled":"default","ast-page-background-meta":{"desktop":{"background-color":"var(--ast-global-color-4)","background-image":"","background-repeat":"repeat","background-position":"center center","background-size":"auto","background-attachment":"scroll","background-type":"","background-media":"","overlay-type":"","overlay-color":"","overlay-opacity":"","overlay-gradient":""},"tablet":{"background-color":"","background-image":"","background-repeat":"repeat","background-position":"center center","background-size":"auto","background-attachment":"scroll","background-type":"","background-media":"","overlay-type":"","overlay-color":"","overlay-opacity":"","overlay-gradient":""},"mobile":{"background-color":"","background-image":"","background-repeat":"repeat","background-position":"center center","background-size":"auto","background-attachment":"scroll","background-type":"","background-media":"","overlay-type":"","overlay-color":"","overlay-opacity":"","overlay-gradient":""}},"ast-content-background-meta":{"desktop":{"background-color":"var(--ast-global-color-5)","background-image":"","background-repeat":"repeat","background-position":"center center","background-size":"auto","background-attachment":"scroll","background-type":"","background-media":"","overlay-type":"","overlay-color":"","overlay-opacity":"","overlay-gradient":""},"tablet":{"background-color":"var(--ast-global-color-5)","background-image":"","background-repeat":"repeat","background-position":"center center","background-size":"auto","background-attachment":"scroll","background-type":"","background-media":"","overlay-type":"","overlay-color":"","overlay-opacity":"","overlay-gradient":""},"mobile":{"background-color":"var(--ast-global-color-5)","background-image":"","background-repeat":"repeat","background-position":"center center","background-size":"auto","background-attachment":"scroll","background-type":"","background-media":"","overlay-type":"","overlay-color":"","overlay-opacity":"","overlay-gradient":""}}},"product_brand":[],"product_cat":[2384],"product_tag":[1324,1325,1323,1318,1321,1320,1319,1322,1317,1316,1326],"class_list":{"0":"post-3042","1":"product","2":"type-product","3":"status-publish","4":"has-post-thumbnail","6":"product_cat-buy-anabolic-steroids-online","7":"product_tag-buy-trenbolone-in-canada","8":"product_tag-buy-trenbolone-in-uk","9":"product_tag-buy-trenbolone-in-usa","10":"product_tag-buy-trenbolone-with-bitcoin","11":"product_tag-buy-trenbolone-with-credit-card","12":"product_tag-buy-trenbolone-with-money-gram","13":"product_tag-buy-trenbolone-with-western-union","14":"product_tag-buy-trenbolone-without-a-doctor","15":"product_tag-buy-trenbolone-without-prescription","16":"product_tag-trenbolone-for-sale","17":"product_tag-trenbolone-injection","18":"desktop-align-center","19":"tablet-align-left","20":"mobile-align-left","22":"first","23":"instock","24":"shipping-taxable","25":"purchasable","26":"product-type-variable","27":"has-default-attributes"},"yoast_head":"<!-- This site is optimized with the Yoast SEO plugin v25.9 - https:\/\/yoast.com\/wordpress\/plugins\/seo\/ -->\n<title>Buy Trenbolone Online-buy trenbolone acetate injectable online<\/title>\n<meta name=\"description\" content=\"Buy Trenbolone Online,buy trenbolone acetate injectable onlinewhere can i buy trenbolonetrenbolone acetate for salebuy trenbolone acetate online\" \/>\n<meta name=\"robots\" content=\"index, follow, max-snippet:-1, max-image-preview:large, max-video-preview:-1\" \/>\n<link rel=\"canonical\" href=\"https:\/\/buy-prescriptionz.com\/hu\/term\u00e9k\/trenbolon-online-vasarlas\/\" \/>\n<meta property=\"og:locale\" content=\"hu_HU\" \/>\n<meta property=\"og:type\" content=\"article\" \/>\n<meta property=\"og:title\" content=\"Buy Trenbolone Online-buy trenbolone acetate injectable online\" \/>\n<meta property=\"og:description\" content=\"Buy Trenbolone Online,buy trenbolone acetate injectable onlinewhere can i buy trenbolonetrenbolone acetate for salebuy trenbolone acetate online\" \/>\n<meta property=\"og:url\" content=\"https:\/\/buy-prescriptionz.com\/hu\/term\u00e9k\/trenbolon-online-vasarlas\/\" \/>\n<meta property=\"og:site_name\" content=\"Buy Prescriptionz\" \/>\n<meta property=\"article:modified_time\" content=\"2025-09-26T15:37:45+00:00\" \/>\n<meta property=\"og:image\" content=\"https:\/\/buy-prescriptionz.com\/wp-content\/uploads\/2025\/09\/trenbolone.jpg\" \/>\n\t<meta property=\"og:image:width\" content=\"400\" \/>\n\t<meta property=\"og:image:height\" content=\"300\" \/>\n\t<meta property=\"og:image:type\" content=\"image\/jpeg\" \/>\n<meta name=\"twitter:card\" content=\"summary_large_image\" \/>\n<meta name=\"twitter:label1\" content=\"Becs\u00fclt olvas\u00e1si id\u0151\" \/>\n\t<meta name=\"twitter:data1\" content=\"3 perc\" \/>\n<script type=\"application\/ld+json\" class=\"yoast-schema-graph\">{\"@context\":\"https:\/\/schema.org\",\"@graph\":[{\"@type\":\"WebPage\",\"@id\":\"https:\/\/buy-prescriptionz.com\/product\/buy-trenbolone-online\/\",\"url\":\"https:\/\/buy-prescriptionz.com\/product\/buy-trenbolone-online\/\",\"name\":\"Buy Trenbolone Online-buy trenbolone acetate injectable online\",\"isPartOf\":{\"@id\":\"https:\/\/buy-prescriptionz.com\/#website\"},\"primaryImageOfPage\":{\"@id\":\"https:\/\/buy-prescriptionz.com\/product\/buy-trenbolone-online\/#primaryimage\"},\"image\":{\"@id\":\"https:\/\/buy-prescriptionz.com\/product\/buy-trenbolone-online\/#primaryimage\"},\"thumbnailUrl\":\"https:\/\/buy-prescriptionz.com\/wp-content\/uploads\/2025\/09\/trenbolone.jpg\",\"datePublished\":\"2025-09-16T08:56:08+00:00\",\"dateModified\":\"2025-09-26T15:37:45+00:00\",\"description\":\"Buy Trenbolone Online,buy trenbolone acetate injectable onlinewhere can i buy trenbolonetrenbolone acetate for salebuy trenbolone acetate online\",\"breadcrumb\":{\"@id\":\"https:\/\/buy-prescriptionz.com\/product\/buy-trenbolone-online\/#breadcrumb\"},\"inLanguage\":\"hu\",\"potentialAction\":[{\"@type\":\"ReadAction\",\"target\":[\"https:\/\/buy-prescriptionz.com\/product\/buy-trenbolone-online\/\"]}]},{\"@type\":\"ImageObject\",\"inLanguage\":\"hu\",\"@id\":\"https:\/\/buy-prescriptionz.com\/product\/buy-trenbolone-online\/#primaryimage\",\"url\":\"https:\/\/buy-prescriptionz.com\/wp-content\/uploads\/2025\/09\/trenbolone.jpg\",\"contentUrl\":\"https:\/\/buy-prescriptionz.com\/wp-content\/uploads\/2025\/09\/trenbolone.jpg\",\"width\":400,\"height\":300},{\"@type\":\"BreadcrumbList\",\"@id\":\"https:\/\/buy-prescriptionz.com\/product\/buy-trenbolone-online\/#breadcrumb\",\"itemListElement\":[{\"@type\":\"ListItem\",\"position\":1,\"name\":\"Home\",\"item\":\"https:\/\/buy-prescriptionz.com\/\"},{\"@type\":\"ListItem\",\"position\":2,\"name\":\"Shop Painkillers Online\",\"item\":\"https:\/\/buy-prescriptionz.com\/shop-painkillers-online\/\"},{\"@type\":\"ListItem\",\"position\":3,\"name\":\"Buy Trenbolone Online\"}]},{\"@type\":\"WebSite\",\"@id\":\"https:\/\/buy-prescriptionz.com\/#website\",\"url\":\"https:\/\/buy-prescriptionz.com\/\",\"name\":\"Buy Prescriptionz\",\"description\":\"Drugs Online\",\"publisher\":{\"@id\":\"https:\/\/buy-prescriptionz.com\/#organization\"},\"potentialAction\":[{\"@type\":\"SearchAction\",\"target\":{\"@type\":\"EntryPoint\",\"urlTemplate\":\"https:\/\/buy-prescriptionz.com\/?s={search_term_string}\"},\"query-input\":{\"@type\":\"PropertyValueSpecification\",\"valueRequired\":true,\"valueName\":\"search_term_string\"}}],\"inLanguage\":\"hu\"},{\"@type\":\"Organization\",\"@id\":\"https:\/\/buy-prescriptionz.com\/#organization\",\"name\":\"Buy Prescriptionz\",\"url\":\"https:\/\/buy-prescriptionz.com\/\",\"logo\":{\"@type\":\"ImageObject\",\"inLanguage\":\"hu\",\"@id\":\"https:\/\/buy-prescriptionz.com\/#\/schema\/logo\/image\/\",\"url\":\"https:\/\/buy-prescriptionz.com\/wp-content\/uploads\/2023\/09\/logo.png\",\"contentUrl\":\"https:\/\/buy-prescriptionz.com\/wp-content\/uploads\/2023\/09\/logo.png\",\"width\":350,\"height\":64,\"caption\":\"Buy Prescriptionz\"},\"image\":{\"@id\":\"https:\/\/buy-prescriptionz.com\/#\/schema\/logo\/image\/\"}}]}<\/script>\n<!-- \/ Yoast SEO plugin. -->","yoast_head_json":{"title":"V\u00e1s\u00e1rl\u00e1s trenbolon Online-v\u00e1s\u00e1rolja trenbolon-acet\u00e1t injekt\u00e1lhat\u00f3 online","description":"V\u00e1s\u00e1rl\u00e1s trenbolon online,v\u00e1s\u00e1rolni trenbolon-acet\u00e1t injekt\u00e1lhat\u00f3 onlinehol lehet v\u00e1s\u00e1rolni trenbolonetrenbolon-acet\u00e1t elad\u00f3v\u00e1s\u00e1rolni trenbolon-acet\u00e1t online","robots":{"index":"index","follow":"follow","max-snippet":"max-snippet:-1","max-image-preview":"max-image-preview:large","max-video-preview":"max-video-preview:-1"},"canonical":"https:\/\/buy-prescriptionz.com\/hu\/term\u00e9k\/trenbolon-online-vasarlas\/","og_locale":"hu_HU","og_type":"article","og_title":"Buy Trenbolone Online-buy trenbolone acetate injectable online","og_description":"Buy Trenbolone Online,buy trenbolone acetate injectable onlinewhere can i buy trenbolonetrenbolone acetate for salebuy trenbolone acetate online","og_url":"https:\/\/buy-prescriptionz.com\/hu\/term\u00e9k\/trenbolon-online-vasarlas\/","og_site_name":"Buy Prescriptionz","article_modified_time":"2025-09-26T15:37:45+00:00","og_image":[{"width":400,"height":300,"url":"https:\/\/buy-prescriptionz.com\/wp-content\/uploads\/2025\/09\/trenbolone.jpg","type":"image\/jpeg"}],"twitter_card":"summary_large_image","twitter_misc":{"Becs\u00fclt olvas\u00e1si id\u0151":"3 perc"},"schema":{"@context":"https:\/\/schema.org","@graph":[{"@type":"WebPage","@id":"https:\/\/buy-prescriptionz.com\/product\/buy-trenbolone-online\/","url":"https:\/\/buy-prescriptionz.com\/product\/buy-trenbolone-online\/","name":"V\u00e1s\u00e1rl\u00e1s trenbolon Online-v\u00e1s\u00e1rolja trenbolon-acet\u00e1t injekt\u00e1lhat\u00f3 online","isPartOf":{"@id":"https:\/\/buy-prescriptionz.com\/#website"},"primaryImageOfPage":{"@id":"https:\/\/buy-prescriptionz.com\/product\/buy-trenbolone-online\/#primaryimage"},"image":{"@id":"https:\/\/buy-prescriptionz.com\/product\/buy-trenbolone-online\/#primaryimage"},"thumbnailUrl":"https:\/\/buy-prescriptionz.com\/wp-content\/uploads\/2025\/09\/trenbolone.jpg","datePublished":"2025-09-16T08:56:08+00:00","dateModified":"2025-09-26T15:37:45+00:00","description":"V\u00e1s\u00e1rl\u00e1s trenbolon online,v\u00e1s\u00e1rolni trenbolon-acet\u00e1t injekt\u00e1lhat\u00f3 onlinehol lehet v\u00e1s\u00e1rolni trenbolonetrenbolon-acet\u00e1t elad\u00f3v\u00e1s\u00e1rolni trenbolon-acet\u00e1t online","breadcrumb":{"@id":"https:\/\/buy-prescriptionz.com\/product\/buy-trenbolone-online\/#breadcrumb"},"inLanguage":"hu","potentialAction":[{"@type":"ReadAction","target":["https:\/\/buy-prescriptionz.com\/product\/buy-trenbolone-online\/"]}]},{"@type":"ImageObject","inLanguage":"hu","@id":"https:\/\/buy-prescriptionz.com\/product\/buy-trenbolone-online\/#primaryimage","url":"https:\/\/buy-prescriptionz.com\/wp-content\/uploads\/2025\/09\/trenbolone.jpg","contentUrl":"https:\/\/buy-prescriptionz.com\/wp-content\/uploads\/2025\/09\/trenbolone.jpg","width":400,"height":300},{"@type":"BreadcrumbList","@id":"https:\/\/buy-prescriptionz.com\/product\/buy-trenbolone-online\/#breadcrumb","itemListElement":[{"@type":"ListItem","position":1,"name":"Home","item":"https:\/\/buy-prescriptionz.com\/"},{"@type":"ListItem","position":2,"name":"Shop Painkillers Online","item":"https:\/\/buy-prescriptionz.com\/shop-painkillers-online\/"},{"@type":"ListItem","position":3,"name":"Buy Trenbolone Online"}]},{"@type":"WebSite","@id":"https:\/\/buy-prescriptionz.com\/#website","url":"https:\/\/buy-prescriptionz.com\/","name":"Buy Prescriptionz","description":"Online gy\u00f3gyszerek","publisher":{"@id":"https:\/\/buy-prescriptionz.com\/#organization"},"potentialAction":[{"@type":"SearchAction","target":{"@type":"EntryPoint","urlTemplate":"https:\/\/buy-prescriptionz.com\/?s={search_term_string}"},"query-input":{"@type":"PropertyValueSpecification","valueRequired":true,"valueName":"search_term_string"}}],"inLanguage":"hu"},{"@type":"Organization","@id":"https:\/\/buy-prescriptionz.com\/#organization","name":"Buy Prescriptionz","url":"https:\/\/buy-prescriptionz.com\/","logo":{"@type":"ImageObject","inLanguage":"hu","@id":"https:\/\/buy-prescriptionz.com\/#\/schema\/logo\/image\/","url":"https:\/\/buy-prescriptionz.com\/wp-content\/uploads\/2023\/09\/logo.png","contentUrl":"https:\/\/buy-prescriptionz.com\/wp-content\/uploads\/2023\/09\/logo.png","width":350,"height":64,"caption":"Buy Prescriptionz"},"image":{"@id":"https:\/\/buy-prescriptionz.com\/#\/schema\/logo\/image\/"}}]}},"_links":{"self":[{"href":"https:\/\/buy-prescriptionz.com\/hu\/wp-json\/wp\/v2\/product\/3042","targetHints":{"allow":["GET"]}}],"collection":[{"href":"https:\/\/buy-prescriptionz.com\/hu\/wp-json\/wp\/v2\/product"}],"about":[{"href":"https:\/\/buy-prescriptionz.com\/hu\/wp-json\/wp\/v2\/types\/product"}],"replies":[{"embeddable":true,"href":"https:\/\/buy-prescriptionz.com\/hu\/wp-json\/wp\/v2\/comments?post=3042"}],"wp:featuredmedia":[{"embeddable":true,"href":"https:\/\/buy-prescriptionz.com\/hu\/wp-json\/wp\/v2\/media\/3072"}],"wp:attachment":[{"href":"https:\/\/buy-prescriptionz.com\/hu\/wp-json\/wp\/v2\/media?parent=3042"}],"wp:term":[{"taxonomy":"product_brand","embeddable":true,"href":"https:\/\/buy-prescriptionz.com\/hu\/wp-json\/wp\/v2\/product_brand?post=3042"},{"taxonomy":"product_cat","embeddable":true,"href":"https:\/\/buy-prescriptionz.com\/hu\/wp-json\/wp\/v2\/product_cat?post=3042"},{"taxonomy":"product_tag","embeddable":true,"href":"https:\/\/buy-prescriptionz.com\/hu\/wp-json\/wp\/v2\/product_tag?post=3042"}],"curies":[{"name":"wp","href":"https:\/\/api.w.org\/{rel}","templated":true}]}}