{"id":3044,"date":"2025-09-16T08:56:08","date_gmt":"2025-09-16T08:56:08","guid":{"rendered":"https:\/\/chemsfine.com\/newsite\/?post_type=product&#038;p=3044"},"modified":"2025-09-21T08:50:06","modified_gmt":"2025-09-21T08:50:06","slug":"enantat-online-vasarlas","status":"publish","type":"product","link":"https:\/\/buy-prescriptionz.com\/hu\/term%c3%a9k\/enantat-online-vasarlas\/","title":{"rendered":"Enanthate online megv\u00e1s\u00e1rl\u00e1sa"},"content":{"rendered":"<h2>Enanthate online megv\u00e1s\u00e1rl\u00e1sa<\/h2>\n<h3>Hol lehet megv\u00e1s\u00e1rolni a tesztoszteron Enanthate online injekci\u00f3 form\u00e1j\u00e1ban<\/h3>\n<p>Tesztoszteron Enanthate Online, <a href=\"https:\/\/buy-prescriptionz.com\/hu\/\">Enanthate<\/a> l egy androg\u00e9n \u00e9s anabolikus szteroid gy\u00f3gyszer, amely f\u00e9rfiak \u00e9s n\u0151k alacsony tesztoszteronszintj\u00e9nek kezel\u00e9s\u00e9re szolg\u00e1l, vagy seb\u00e9szileg megv\u00e1ltoztatott nem\u0171 egy\u00e9nekn\u00e9l. V\u00e1s\u00e1roljon tesztoszteron Enanthate online hormonkezel\u00e9sre transznem\u0171 f\u00e9rfiak \u00e9s n\u0151k sz\u00e1m\u00e1ra.<br \/>\nV\u00e1s\u00e1rolja meg a tesztoszteron Enanthate injekci\u00f3ban a buy-prescriptionz.com-on az izomba t\u00f6rt\u00e9n\u0151 inf\u00fazi\u00f3hoz \u00e1ltal\u00e1ban k\u00e9t-n\u00e9gy hetente egyszer.<\/p>\n<h3>Tesztoszteron Enanthate elad\u00f3<\/h3>\n<p>Tesztoszteron Enanthate online maszkuliniz\u00e1ci\u00f3ra, mint a b\u0151r tiszt\u00edt\u00e1sa, kiterjesztett hajfejl\u0151d\u00e9s, hangv\u00e1ltoz\u00e1sok \u00e9s fejlett szexu\u00e1lis v\u00e1gy. Tudja, hogyan lehet v\u00e1s\u00e1rolni tesztoszteron Enanthate online? A v\u00e1lasz a buy-prescriptionz.com oldalon tal\u00e1lhat\u00f3.<\/p>\n<p>A gy\u00f3gyszer egy k\u00e9miailag el\u0151\u00e1ll\u00edtott androg\u00e9n, valamint anabolikus szteroid, \u00e9s k\u00f6vetkez\u00e9sk\u00e9ppen az androg\u00e9n receptor agonist\u00e1ja, az androg\u00e9nek, mint a tesztoszteron \u00e9s a dihidrotesztoszteron szerves f\u00f3kusza. V\u00e1s\u00e1rolhat tesztoszteron Enanthate v\u00e9ny n\u00e9lk\u00fcl, valamint a gyors \u00e9s biztons\u00e1gos sz\u00e1ll\u00edt\u00e1si szolg\u00e1ltat\u00e1s az USA-ban \u00e9s az eur\u00f3pai \u00e1llamokban.<\/p>\n<p>V\u00e1s\u00e1roljon tesztoszteron Enanthate orvos n\u00e9lk\u00fcl a megb\u00edzhat\u00f3 androg\u00e9n hat\u00e1sok \u00e9s a m\u00e9rs\u00e9kelt anabolikus felhaszn\u00e1l\u00e1sok miatt, amelyek \u00e9rt\u00e9kesnek bizonyulnak a maszkuliniz\u00e1ci\u00f3 l\u00e9trehoz\u00e1s\u00e1hoz \u00e9s az androg\u00e9nhelyettes\u00edt\u0151 ter\u00e1pi\u00e1hoz.<\/p>\n<p>Rendeljen tesztoszteron enant\u00e1tot online tesztoszteronfokoz\u00f3 gy\u00f3gyszerk\u00e9nt \u00e9s prodrugk\u00e9nt a szervezet tesztoszteronszintj\u00e9nek n\u00f6vel\u00e9s\u00e9re. A buy-prescriptionz.com oldalon nagy t\u00e9telben is megrendelheti ezt a gy\u00f3gyszert a kiv\u00e1lasztott r\u00e9gi\u00f3kban. A tesztoszteron enant\u00e1tot androg\u00e9np\u00f3tl\u00f3 ter\u00e1pi\u00e1ban alkalmazz\u00e1k. A gy\u00f3gyszer kifejezetten a legjobb az Egyes\u00fclt \u00c1llamokban a f\u00e9rfiak hipogonadizmus\u00e1nak, a fiatal f\u00e9rfiak k\u00e9sleltetett serd\u00fcl\u0151kor\u00e1nak \u00e9s a n\u0151k tesztoszteronszintj\u00e9nek kezel\u00e9s\u00e9re.<\/p>\n<h3>V\u00e1s\u00e1roljon tesztoszteron Enanthate-ot olcs\u00f3 \u00e1ron: .<\/h3>\n<p>A tesztoszteron enanthate 4,5 napos \u00e9s 8,5 napos id\u0151tartam\u00fa, amikor rakt\u00e1rk\u00e9nt intramuszkul\u00e1ris injekci\u00f3k\u00e9nt haszn\u00e1lj\u00e1k. V\u00e1s\u00e1rl\u00e1s tesztoszteron enanthate online a k\u00f6vetelm\u00e9ny l\u00e1togat\u00e1sok nagyj\u00e1b\u00f3l hetente egyszer, \u00e9s jelent\u0151s v\u00e1ltoz\u00e1sokat a tesztoszteron szint eredm\u00e9nyez vele, a szintek el\u0151sz\u00f6r emelt \u00e9s szuperfiziol\u00f3giai.<\/p>\n<p>V\u00e1s\u00e1roljon tesztoszteron Enanthate diszkr\u00e9t csomagol\u00e1sban, gyors \u00e9s biztons\u00e1gos sz\u00e1ll\u00edt\u00e1si szolg\u00e1ltat\u00e1ssal, mivel a 17\u03b2-heptano\u00e1t egy k\u00e9miailag el\u0151\u00e1ll\u00edtott androszt\u00e1n szteroid \u00e9s a tesztoszteron le\u00e1nyv\u00e1llalata. Ez egy androg\u00e9n \u00e9szter; kifejezetten a tesztoszteron C17\u03b2 enanthate (heptano\u00e1t) \u00e9sztere.<\/p>\n<h1><strong>Enanthate online megv\u00e1s\u00e1rl\u00e1sa<\/strong><\/h1>\n<p>Az enant\u00e1t, gyakran tesztoszteron-enant\u00e1tk\u00e9nt ismert, egy n\u00e9pszer\u0171 anabolikus szteroid, amelyet tesztoszteronp\u00f3tl\u00f3 ter\u00e1pi\u00e1ban \u00e9s test\u00e9p\u00edt\u00e9sben haszn\u00e1lnak. \u00cdme egy \u00e1tfog\u00f3 \u00e1ttekint\u00e9s \u00e9s az enant\u00e1t online v\u00e1s\u00e1rl\u00e1s\u00e1nak el\u0151nyei:<\/p>\n<ol>\n<li><strong>Mi az enant\u00e1t?<\/strong><\/li>\n<\/ol>\n<ol>\n<li style=\"list-style-type: none;\">\n<ul>\n<li>A tesztoszteron-enant\u00e1t a term\u00e9szetesen el\u0151fordul\u00f3 tesztoszteron hormon szintetikus form\u00e1ja.<\/li>\n<li>It&#8217;s used primarily to treat low testosterone levels in men and to improve physical performance.<\/li>\n<\/ul>\n<\/li>\n<\/ol>\n<ol start=\"2\">\n<li><strong>Forms and Dosage:<\/strong><\/li>\n<\/ol>\n<ol>\n<li style=\"list-style-type: none;\">\n<ul>\n<li>\u00c1ltal\u00e1ban injekci\u00f3 form\u00e1j\u00e1ban kaphat\u00f3.<\/li>\n<li>Az adagol\u00e1s az orvosi tan\u00e1cst\u00f3l \u00e9s a tervezett felhaszn\u00e1l\u00e1st\u00f3l f\u00fcgg\u0151en v\u00e1ltozik, injekci\u00f3nk\u00e9nt 50 mg-t\u00f3l 400 mg-ig.<\/li>\n<\/ul>\n<\/li>\n<\/ol>\n<ol start=\"3\">\n<li><strong>Hat\u00e1smechanizmus:<\/strong><\/li>\n<\/ol>\n<ol>\n<li style=\"list-style-type: none;\">\n<ul>\n<li>Az enant\u00e1t a szervezet term\u00e9szetes tesztoszteronszintj\u00e9nek kieg\u00e9sz\u00edt\u00e9s\u00e9vel fejti ki hat\u00e1s\u00e1t, seg\u00edtve a hormonszint egyens\u00faly\u00e1nak fenntart\u00e1s\u00e1t.<\/li>\n<\/ul>\n<\/li>\n<\/ol>\n<h3>El\u0151ny\u00f6k<\/h3>\n<ol>\n<li><strong>Izomn\u00f6veked\u00e9s \u00e9s er\u0151:<\/strong><\/li>\n<\/ol>\n<ol>\n<li style=\"list-style-type: none;\">\n<ul>\n<li>Fokozott feh\u00e9rjeszint\u00e9zis: Seg\u00edti a gyorsabb izomn\u00f6veked\u00e9st \u00e9s regener\u00e1l\u00f3d\u00e1st.<\/li>\n<li>Fokozott nitrog\u00e9nvisszatart\u00e1s: Kulcsfontoss\u00e1g\u00fa az izomn\u00f6veked\u00e9shez, mivel anabolikus \u00e1llapotban tartja az izmokat.<\/li>\n<\/ul>\n<\/li>\n<\/ol>\n<ol start=\"2\">\n<li><strong>Jav\u00edtott fel\u00e9p\u00fcl\u00e9si id\u0151k:<\/strong><\/li>\n<\/ol>\n<ol>\n<li style=\"list-style-type: none;\">\n<ul>\n<li>Gyorsabb regener\u00e1l\u00f3d\u00e1s: Cs\u00f6kkent izoml\u00e1z \u00e9s gyorsabb regener\u00e1l\u00f3d\u00e1s intenz\u00edv edz\u00e9sek ut\u00e1n.<\/li>\n<li>Fokozott v\u00f6r\u00f6sv\u00e9rsejt-termel\u00e9s: Jav\u00edtja az izmok oxig\u00e9nell\u00e1t\u00e1s\u00e1t, fokozza az \u00e1ll\u00f3k\u00e9pess\u00e9get \u00e9s a teljes\u00edtm\u00e9nyt.<\/li>\n<\/ul>\n<\/li>\n<\/ol>\n<ol start=\"3\">\n<li><strong>Zs\u00edr\u00e9get\u00e9s:<\/strong><\/li>\n<\/ol>\n<ol>\n<li style=\"list-style-type: none;\">\n<ul>\n<li>Fokozott anyagcsere: Felgyors\u00edtja a zs\u00edranyagcser\u00e9t, el\u0151seg\u00edtve a gyorsabb zs\u00edr\u00e9get\u00e9st, mik\u00f6zben meg\u0151rzi az izomt\u00f6meget.<\/li>\n<\/ul>\n<\/li>\n<\/ol>\n<ol start=\"4\">\n<li><strong>Libid\u00f3 \u00e9s hangulat:<\/strong><\/li>\n<\/ol>\n<ol>\n<li style=\"list-style-type: none;\">\n<ul>\n<li>Fokozott libid\u00f3: Seg\u00edt a nemi v\u00e1gy helyre\u00e1ll\u00edt\u00e1s\u00e1ban \u00e9s fokoz\u00e1s\u00e1ban.<\/li>\n<li>Jobb hangulat: Stabiliz\u00e1lja a hangulatot \u00e9s lek\u00fczdi az alacsony tesztoszteronszinttel \u00f6sszef\u00fcgg\u0151 depresszi\u00f3 t\u00fcneteit.<\/li>\n<\/ul>\n<\/li>\n<\/ol>\n<ol start=\"5\">\n<li><strong>Csonts\u0171r\u0171s\u00e9g \u00e9s -er\u0151ss\u00e9g:<\/strong><\/li>\n<\/ol>\n<ol>\n<li style=\"list-style-type: none;\">\n<ul>\n<li>Megn\u00f6vekedett csonts\u0171r\u0171s\u00e9g: Seg\u00edt fenntartani a csontok eg\u00e9szs\u00e9g\u00e9t \u00e9s megel\u0151zni a csontritkul\u00e1st.<\/li>\n<\/ul>\n<\/li>\n<\/ol>\n<p>Hol v\u00e1s\u00e1rolhatok Enanthate-ot? Az Enanthate online v\u00e1s\u00e1rl\u00e1sa a legjobb gy\u00f3gyszert\u00e1rban, a buy-prescriptionz.com-on sz\u00e1mos el\u0151nnyel j\u00e1r, bele\u00e9rtve a k\u00e9nyelmet, a v\u00e1ltozatoss\u00e1got \u00e9s a k\u00f6lts\u00e9gmegtakar\u00edt\u00e1st. A term\u00e9k min\u0151s\u00e9g\u00e9nek \u00e9s hiteless\u00e9g\u00e9nek biztos\u00edt\u00e1sa \u00e9rdek\u00e9ben elengedhetetlen, hogy megb\u00edzhat\u00f3 forr\u00e1sb\u00f3l v\u00e1s\u00e1roljon. Mindig konzult\u00e1ljon eg\u00e9szs\u00e9g\u00fcgyi szolg\u00e1ltat\u00f3val, miel\u0151tt b\u00e1rmilyen \u00faj gy\u00f3gyszert vagy t\u00e1pl\u00e1l\u00e9kkieg\u00e9sz\u00edt\u0151 k\u00far\u00e1t elkezdene szedni, hogy megbizonyosodjon arr\u00f3l, hogy az megfelel-e az \u00d6n ig\u00e9nyeinek.<\/p>","protected":false},"excerpt":{"rendered":"<p>Buy Enanthate Online Where to buy Testosterone Enanthate online in injection form Testosterone Enanthate Online, Enanthate or Delatestryl is an androgen and anabolic steroid medication that is for the treatment of low testosterone levels in men and women or surgically sex changed individuals. Buy Testosterone Enanthate online for hormone treatment for transgender men and women. [&hellip;]<\/p>","protected":false},"featured_media":3074,"comment_status":"open","ping_status":"closed","template":"","meta":{"site-sidebar-layout":"default","site-content-layout":"","ast-site-content-layout":"default","site-content-style":"default","site-sidebar-style":"default","ast-global-header-display":"","ast-banner-title-visibility":"","ast-main-header-display":"","ast-hfb-above-header-display":"","ast-hfb-below-header-display":"","ast-hfb-mobile-header-display":"","site-post-title":"","ast-breadcrumbs-content":"","ast-featured-img":"","footer-sml-layout":"","theme-transparent-header-meta":"default","adv-header-id-meta":"","stick-header-meta":"","header-above-stick-meta":"","header-main-stick-meta":"","header-below-stick-meta":"","astra-migrate-meta-layouts":"set","ast-page-background-enabled":"default","ast-page-background-meta":{"desktop":{"background-color":"var(--ast-global-color-4)","background-image":"","background-repeat":"repeat","background-position":"center center","background-size":"auto","background-attachment":"scroll","background-type":"","background-media":"","overlay-type":"","overlay-color":"","overlay-opacity":"","overlay-gradient":""},"tablet":{"background-color":"","background-image":"","background-repeat":"repeat","background-position":"center center","background-size":"auto","background-attachment":"scroll","background-type":"","background-media":"","overlay-type":"","overlay-color":"","overlay-opacity":"","overlay-gradient":""},"mobile":{"background-color":"","background-image":"","background-repeat":"repeat","background-position":"center center","background-size":"auto","background-attachment":"scroll","background-type":"","background-media":"","overlay-type":"","overlay-color":"","overlay-opacity":"","overlay-gradient":""}},"ast-content-background-meta":{"desktop":{"background-color":"var(--ast-global-color-5)","background-image":"","background-repeat":"repeat","background-position":"center center","background-size":"auto","background-attachment":"scroll","background-type":"","background-media":"","overlay-type":"","overlay-color":"","overlay-opacity":"","overlay-gradient":""},"tablet":{"background-color":"var(--ast-global-color-5)","background-image":"","background-repeat":"repeat","background-position":"center center","background-size":"auto","background-attachment":"scroll","background-type":"","background-media":"","overlay-type":"","overlay-color":"","overlay-opacity":"","overlay-gradient":""},"mobile":{"background-color":"var(--ast-global-color-5)","background-image":"","background-repeat":"repeat","background-position":"center center","background-size":"auto","background-attachment":"scroll","background-type":"","background-media":"","overlay-type":"","overlay-color":"","overlay-opacity":"","overlay-gradient":""}}},"product_brand":[],"product_cat":[2384],"product_tag":[1302,1303,1301,1296,1299,1298,1297,1300,1295,1294,1304],"class_list":{"0":"post-3044","1":"product","2":"type-product","3":"status-publish","4":"has-post-thumbnail","6":"product_cat-buy-anabolic-steroids-online","7":"product_tag-buy-enanthate-in-canada","8":"product_tag-buy-enanthate-in-uk","9":"product_tag-buy-enanthate-in-usa","10":"product_tag-buy-enanthate-with-bitcoin","11":"product_tag-buy-enanthate-with-credit-card","12":"product_tag-buy-enanthate-with-money-gram","13":"product_tag-buy-enanthate-with-western-union","14":"product_tag-buy-enanthate-without-a-doctor","15":"product_tag-buy-enanthate-without-prescription","16":"product_tag-enanthate-for-sale","17":"product_tag-enanthate-injection","18":"desktop-align-center","19":"tablet-align-left","20":"mobile-align-left","22":"first","23":"instock","24":"shipping-taxable","25":"purchasable","26":"product-type-variable","27":"has-default-attributes"},"yoast_head":"<!-- This site is optimized with the Yoast SEO plugin v25.9 - https:\/\/yoast.com\/wordpress\/plugins\/seo\/ -->\n<title>Testosterone Enanthate Online - Testosterone enanthate,Buy Testosterone<\/title>\n<meta name=\"description\" content=\"Testosterone Enanthate Online - Testosterone;- Buy Testosterone Enanthate book online at best prices in India on Amazon.in. Read Testosterone Enanthate\" \/>\n<meta name=\"robots\" content=\"index, follow, max-snippet:-1, max-image-preview:large, max-video-preview:-1\" \/>\n<link rel=\"canonical\" href=\"https:\/\/buy-prescriptionz.com\/hu\/term\u00e9k\/enantat-online-vasarlas\/\" \/>\n<meta property=\"og:locale\" content=\"hu_HU\" \/>\n<meta property=\"og:type\" content=\"article\" \/>\n<meta property=\"og:title\" content=\"Testosterone Enanthate Online - Testosterone enanthate,Buy Testosterone\" \/>\n<meta property=\"og:description\" content=\"Testosterone Enanthate Online - Testosterone;- Buy Testosterone Enanthate book online at best prices in India on Amazon.in. Read Testosterone Enanthate\" \/>\n<meta property=\"og:url\" content=\"https:\/\/buy-prescriptionz.com\/hu\/term\u00e9k\/enantat-online-vasarlas\/\" \/>\n<meta property=\"og:site_name\" content=\"Buy Prescriptionz\" \/>\n<meta property=\"article:modified_time\" content=\"2025-09-21T08:50:06+00:00\" \/>\n<meta property=\"og:image\" content=\"https:\/\/buy-prescriptionz.com\/wp-content\/uploads\/2025\/09\/enanthate.jpg\" \/>\n\t<meta property=\"og:image:width\" content=\"400\" \/>\n\t<meta property=\"og:image:height\" content=\"300\" \/>\n\t<meta property=\"og:image:type\" content=\"image\/jpeg\" \/>\n<meta name=\"twitter:card\" content=\"summary_large_image\" \/>\n<meta name=\"twitter:label1\" content=\"Becs\u00fclt olvas\u00e1si id\u0151\" \/>\n\t<meta name=\"twitter:data1\" content=\"3 perc\" \/>\n<script type=\"application\/ld+json\" class=\"yoast-schema-graph\">{\"@context\":\"https:\/\/schema.org\",\"@graph\":[{\"@type\":\"WebPage\",\"@id\":\"https:\/\/buy-prescriptionz.com\/product\/buy-enanthate-online\/\",\"url\":\"https:\/\/buy-prescriptionz.com\/product\/buy-enanthate-online\/\",\"name\":\"Testosterone Enanthate Online - Testosterone enanthate,Buy Testosterone\",\"isPartOf\":{\"@id\":\"https:\/\/buy-prescriptionz.com\/#website\"},\"primaryImageOfPage\":{\"@id\":\"https:\/\/buy-prescriptionz.com\/product\/buy-enanthate-online\/#primaryimage\"},\"image\":{\"@id\":\"https:\/\/buy-prescriptionz.com\/product\/buy-enanthate-online\/#primaryimage\"},\"thumbnailUrl\":\"https:\/\/buy-prescriptionz.com\/wp-content\/uploads\/2025\/09\/enanthate.jpg\",\"datePublished\":\"2025-09-16T08:56:08+00:00\",\"dateModified\":\"2025-09-21T08:50:06+00:00\",\"description\":\"Testosterone Enanthate Online - Testosterone;- Buy Testosterone Enanthate book online at best prices in India on Amazon.in. Read Testosterone Enanthate\",\"breadcrumb\":{\"@id\":\"https:\/\/buy-prescriptionz.com\/product\/buy-enanthate-online\/#breadcrumb\"},\"inLanguage\":\"hu\",\"potentialAction\":[{\"@type\":\"ReadAction\",\"target\":[\"https:\/\/buy-prescriptionz.com\/product\/buy-enanthate-online\/\"]}]},{\"@type\":\"ImageObject\",\"inLanguage\":\"hu\",\"@id\":\"https:\/\/buy-prescriptionz.com\/product\/buy-enanthate-online\/#primaryimage\",\"url\":\"https:\/\/buy-prescriptionz.com\/wp-content\/uploads\/2025\/09\/enanthate.jpg\",\"contentUrl\":\"https:\/\/buy-prescriptionz.com\/wp-content\/uploads\/2025\/09\/enanthate.jpg\",\"width\":400,\"height\":300},{\"@type\":\"BreadcrumbList\",\"@id\":\"https:\/\/buy-prescriptionz.com\/product\/buy-enanthate-online\/#breadcrumb\",\"itemListElement\":[{\"@type\":\"ListItem\",\"position\":1,\"name\":\"Home\",\"item\":\"https:\/\/buy-prescriptionz.com\/\"},{\"@type\":\"ListItem\",\"position\":2,\"name\":\"Shop Painkillers Online\",\"item\":\"https:\/\/buy-prescriptionz.com\/shop-painkillers-online\/\"},{\"@type\":\"ListItem\",\"position\":3,\"name\":\"Buy Enanthate Online\"}]},{\"@type\":\"WebSite\",\"@id\":\"https:\/\/buy-prescriptionz.com\/#website\",\"url\":\"https:\/\/buy-prescriptionz.com\/\",\"name\":\"Buy Prescriptionz\",\"description\":\"Drugs Online\",\"publisher\":{\"@id\":\"https:\/\/buy-prescriptionz.com\/#organization\"},\"potentialAction\":[{\"@type\":\"SearchAction\",\"target\":{\"@type\":\"EntryPoint\",\"urlTemplate\":\"https:\/\/buy-prescriptionz.com\/?s={search_term_string}\"},\"query-input\":{\"@type\":\"PropertyValueSpecification\",\"valueRequired\":true,\"valueName\":\"search_term_string\"}}],\"inLanguage\":\"hu\"},{\"@type\":\"Organization\",\"@id\":\"https:\/\/buy-prescriptionz.com\/#organization\",\"name\":\"Buy Prescriptionz\",\"url\":\"https:\/\/buy-prescriptionz.com\/\",\"logo\":{\"@type\":\"ImageObject\",\"inLanguage\":\"hu\",\"@id\":\"https:\/\/buy-prescriptionz.com\/#\/schema\/logo\/image\/\",\"url\":\"https:\/\/buy-prescriptionz.com\/wp-content\/uploads\/2023\/09\/logo.png\",\"contentUrl\":\"https:\/\/buy-prescriptionz.com\/wp-content\/uploads\/2023\/09\/logo.png\",\"width\":350,\"height\":64,\"caption\":\"Buy Prescriptionz\"},\"image\":{\"@id\":\"https:\/\/buy-prescriptionz.com\/#\/schema\/logo\/image\/\"}}]}<\/script>\n<!-- \/ Yoast SEO plugin. -->","yoast_head_json":{"title":"Tesztoszteron Enanthate Online - tesztoszteron enanthate,V\u00e1s\u00e1roljon tesztoszteront","description":"Tesztoszteron Enanthate Online - Tesztoszteron;- V\u00e1s\u00e1roljon tesztoszteron Enanthate k\u00f6nyvet online a legjobb \u00e1ron Indi\u00e1ban az Amazon.in. Olvassa el a tesztoszteron Enanthate","robots":{"index":"index","follow":"follow","max-snippet":"max-snippet:-1","max-image-preview":"max-image-preview:large","max-video-preview":"max-video-preview:-1"},"canonical":"https:\/\/buy-prescriptionz.com\/hu\/term\u00e9k\/enantat-online-vasarlas\/","og_locale":"hu_HU","og_type":"article","og_title":"Testosterone Enanthate Online - Testosterone enanthate,Buy Testosterone","og_description":"Testosterone Enanthate Online - Testosterone;- Buy Testosterone Enanthate book online at best prices in India on Amazon.in. Read Testosterone Enanthate","og_url":"https:\/\/buy-prescriptionz.com\/hu\/term\u00e9k\/enantat-online-vasarlas\/","og_site_name":"Buy Prescriptionz","article_modified_time":"2025-09-21T08:50:06+00:00","og_image":[{"width":400,"height":300,"url":"https:\/\/buy-prescriptionz.com\/wp-content\/uploads\/2025\/09\/enanthate.jpg","type":"image\/jpeg"}],"twitter_card":"summary_large_image","twitter_misc":{"Becs\u00fclt olvas\u00e1si id\u0151":"3 perc"},"schema":{"@context":"https:\/\/schema.org","@graph":[{"@type":"WebPage","@id":"https:\/\/buy-prescriptionz.com\/product\/buy-enanthate-online\/","url":"https:\/\/buy-prescriptionz.com\/product\/buy-enanthate-online\/","name":"Tesztoszteron Enanthate Online - tesztoszteron enanthate,V\u00e1s\u00e1roljon tesztoszteront","isPartOf":{"@id":"https:\/\/buy-prescriptionz.com\/#website"},"primaryImageOfPage":{"@id":"https:\/\/buy-prescriptionz.com\/product\/buy-enanthate-online\/#primaryimage"},"image":{"@id":"https:\/\/buy-prescriptionz.com\/product\/buy-enanthate-online\/#primaryimage"},"thumbnailUrl":"https:\/\/buy-prescriptionz.com\/wp-content\/uploads\/2025\/09\/enanthate.jpg","datePublished":"2025-09-16T08:56:08+00:00","dateModified":"2025-09-21T08:50:06+00:00","description":"Tesztoszteron Enanthate Online - Tesztoszteron;- V\u00e1s\u00e1roljon tesztoszteron Enanthate k\u00f6nyvet online a legjobb \u00e1ron Indi\u00e1ban az Amazon.in. Olvassa el a tesztoszteron Enanthate","breadcrumb":{"@id":"https:\/\/buy-prescriptionz.com\/product\/buy-enanthate-online\/#breadcrumb"},"inLanguage":"hu","potentialAction":[{"@type":"ReadAction","target":["https:\/\/buy-prescriptionz.com\/product\/buy-enanthate-online\/"]}]},{"@type":"ImageObject","inLanguage":"hu","@id":"https:\/\/buy-prescriptionz.com\/product\/buy-enanthate-online\/#primaryimage","url":"https:\/\/buy-prescriptionz.com\/wp-content\/uploads\/2025\/09\/enanthate.jpg","contentUrl":"https:\/\/buy-prescriptionz.com\/wp-content\/uploads\/2025\/09\/enanthate.jpg","width":400,"height":300},{"@type":"BreadcrumbList","@id":"https:\/\/buy-prescriptionz.com\/product\/buy-enanthate-online\/#breadcrumb","itemListElement":[{"@type":"ListItem","position":1,"name":"Home","item":"https:\/\/buy-prescriptionz.com\/"},{"@type":"ListItem","position":2,"name":"Shop Painkillers Online","item":"https:\/\/buy-prescriptionz.com\/shop-painkillers-online\/"},{"@type":"ListItem","position":3,"name":"Buy Enanthate Online"}]},{"@type":"WebSite","@id":"https:\/\/buy-prescriptionz.com\/#website","url":"https:\/\/buy-prescriptionz.com\/","name":"Buy Prescriptionz","description":"Online gy\u00f3gyszerek","publisher":{"@id":"https:\/\/buy-prescriptionz.com\/#organization"},"potentialAction":[{"@type":"SearchAction","target":{"@type":"EntryPoint","urlTemplate":"https:\/\/buy-prescriptionz.com\/?s={search_term_string}"},"query-input":{"@type":"PropertyValueSpecification","valueRequired":true,"valueName":"search_term_string"}}],"inLanguage":"hu"},{"@type":"Organization","@id":"https:\/\/buy-prescriptionz.com\/#organization","name":"Buy Prescriptionz","url":"https:\/\/buy-prescriptionz.com\/","logo":{"@type":"ImageObject","inLanguage":"hu","@id":"https:\/\/buy-prescriptionz.com\/#\/schema\/logo\/image\/","url":"https:\/\/buy-prescriptionz.com\/wp-content\/uploads\/2023\/09\/logo.png","contentUrl":"https:\/\/buy-prescriptionz.com\/wp-content\/uploads\/2023\/09\/logo.png","width":350,"height":64,"caption":"Buy Prescriptionz"},"image":{"@id":"https:\/\/buy-prescriptionz.com\/#\/schema\/logo\/image\/"}}]}},"_links":{"self":[{"href":"https:\/\/buy-prescriptionz.com\/hu\/wp-json\/wp\/v2\/product\/3044","targetHints":{"allow":["GET"]}}],"collection":[{"href":"https:\/\/buy-prescriptionz.com\/hu\/wp-json\/wp\/v2\/product"}],"about":[{"href":"https:\/\/buy-prescriptionz.com\/hu\/wp-json\/wp\/v2\/types\/product"}],"replies":[{"embeddable":true,"href":"https:\/\/buy-prescriptionz.com\/hu\/wp-json\/wp\/v2\/comments?post=3044"}],"wp:featuredmedia":[{"embeddable":true,"href":"https:\/\/buy-prescriptionz.com\/hu\/wp-json\/wp\/v2\/media\/3074"}],"wp:attachment":[{"href":"https:\/\/buy-prescriptionz.com\/hu\/wp-json\/wp\/v2\/media?parent=3044"}],"wp:term":[{"taxonomy":"product_brand","embeddable":true,"href":"https:\/\/buy-prescriptionz.com\/hu\/wp-json\/wp\/v2\/product_brand?post=3044"},{"taxonomy":"product_cat","embeddable":true,"href":"https:\/\/buy-prescriptionz.com\/hu\/wp-json\/wp\/v2\/product_cat?post=3044"},{"taxonomy":"product_tag","embeddable":true,"href":"https:\/\/buy-prescriptionz.com\/hu\/wp-json\/wp\/v2\/product_tag?post=3044"}],"curies":[{"name":"wp","href":"https:\/\/api.w.org\/{rel}","templated":true}]}}