{"id":3045,"date":"2025-09-16T08:56:09","date_gmt":"2025-09-16T08:56:09","guid":{"rendered":"https:\/\/chemsfine.com\/newsite\/?post_type=product&#038;p=3045"},"modified":"2025-09-16T08:56:35","modified_gmt":"2025-09-16T08:56:35","slug":"cypionate-online-vasarlas","status":"publish","type":"product","link":"https:\/\/buy-prescriptionz.com\/hu\/term%c3%a9k\/cypionate-online-vasarlas\/","title":{"rendered":"Cypionate online megv\u00e1s\u00e1rl\u00e1sa"},"content":{"rendered":"<h2>Cypionate online megv\u00e1s\u00e1rl\u00e1sa<\/h2>\n<h3>Tesztoszteron Cypionate online a buy-prescriptionz.com-on<\/h3>\n<p>V\u00e1s\u00e1roljon Cypionate-ot online, tesztoszteron-cipion\u00e1tot vagy Depo-tesztoszteront, ez egy androg\u00e9n \u00e9s anabolikus szteroid, amely n\u00f6veli a tesztoszteronszintet az emberi szervezetben. V\u00e1s\u00e1roljon Tesztoszteron-cipion\u00e1tot online az alacsony tesztoszteronszint kezel\u00e9s\u00e9re f\u00e9rfiakn\u00e1l \u00e9s n\u0151kn\u00e9l.<\/p>\n<h3>V\u00e1s\u00e1roljon 100 mg \u00e9s 200 mg tesztoszteron Cypionate mennyis\u00e9get az Egyes\u00fclt \u00c1llamokban<\/h3>\n<p>Tesztoszteron-cipion\u00e1t elad\u00f3 izomba injekci\u00f3zva vagy havonta egyszer, a klinikai indik\u00e1ci\u00f3t\u00f3l f\u00fcgg\u0151en. Minden egyes adag injekci\u00f3 form\u00e1j\u00e1ban \u00e9s sz\u00e1jon \u00e1t t\u00f6rt\u00e9n\u0151 bev\u00e9telre is el\u00e9rhet\u0151 a buy-prescriptionz.com oldalon.<\/p>\n<p>A tesztoszteron cypionate reakci\u00f3i csatlakoznak a maszkuliniz\u00e1ci\u00f3 jeleihez, mint a b\u0151r s\u00falyosbod\u00e1sa, kiterjesztett hajn\u00f6veked\u00e9s, hangv\u00e1ltoz\u00e1sok \u00e9s meghosszabb\u00edtott szexu\u00e1lis v\u00e1gy.<br \/>\nV\u00e1s\u00e1rl\u00e1s tesztoszteron Cypionate v\u00e9ny n\u00e9lk\u00fcl, tervezett androg\u00e9n, \u00e9s anabolikus szteroid, \u00e9s egy agonista az androg\u00e9n receptor, az androg\u00e9nek, mint a tesztoszteron \u00e9s a dihidrotesztoszteron.<\/p>\n<p>V\u00e1s\u00e1roljon tesztoszteron Cypionate olcs\u00f3 \u00e1ron az er\u0151s androg\u00e9n hat\u00e1sai \u00e9s \u00e1tlagos anabolikus hat\u00e1sai miatt, amelyek nyeres\u00e9gess\u00e9 teszik a maszkuliniz\u00e1ci\u00f3t \u00e9s alkalmasak az androg\u00e9nhelyettes\u00edt\u0151 ter\u00e1pi\u00e1ra.<\/p>\n<h3>V\u00e1s\u00e1roljon tesztoszteron Cypionate diszkr\u00e9t csomagol\u00e1sban az USA-ban \u00e9s N\u00e9metorsz\u00e1gban<\/h3>\n<p><strong>gyors \u00e9s biztons\u00e1gos sz\u00e1ll\u00edt\u00e1si szolg\u00e1ltat\u00e1s<\/strong><\/p>\n<p>A tesztoszteron cypionate egy tesztoszteron-\u00e9szter \u00e9s a tesztoszteron egy kem\u00e9ny prodrugja a szervezetben. Emiatt a tesztoszteron v\u00e9djegy\u00e9nek \u00e9s bioidentikus fajt\u00e1j\u00e1nak tekintik. A buy-prescriptionz.com, akkor rendelni, \u00e9s megtapasztalj\u00e1k a gyors \u00e9s biztons\u00e1gos sz\u00e1ll\u00edt\u00e1si szolg\u00e1ltat\u00e1s.<\/p>\n<h3>Rendeljen tesztoszteron Cypionate online: Gy\u00f3gyszerkinetika<\/h3>\n<p>A tesztoszteron cypionate az intramuszkul\u00e1ris imbuement eml\u00e9keztet\u0151, bele\u00e9rtve az \u00e1tviteli cselekv\u00e9si id\u0151, megk\u00fcl\u00f6nb\u00f6ztethetetlen, \u00e9s ez\u00fattal el\u0151re l\u00e9nyeg\u00e9ben ar\u00e1nyos a tesztoszteron enanthate. Hogyan kell v\u00e1s\u00e1rolni tesztoszteron Cypionate online is arr\u00f3l sz\u00f3l, hogy hogyan kell, hogy sz\u00e1ll\u00edtani az \u00d6n hely\u00e9n kereszt\u00fcl buy-prescriptionz.com.<\/p>\n<p>V\u00e1s\u00e1roljon tesztoszteron Cypionate orvos n\u00e9lk\u00fcl minden \u00e9rtelemben felcser\u00e9lhet\u0151, mint a gy\u00f3gyszerek. Nagy v\u00e1ltoz\u00e1sok a tesztoszteronszintek eredm\u00e9nyeznek vele, a szintek el\u0151sz\u00f6r megemelkednek \u00e9s szuperfiziol\u00f3gi\u00e1sak.<\/p>\n<p>V\u00e1s\u00e1roljon tesztoszteron Cypionate online androg\u00e9nhelyettes\u00edt\u0151 kezel\u00e9sre. Az FDA j\u00f3v\u00e1hagyta az esszenci\u00e1lis vagy hipogonadotrop hipogonadizmus kezel\u00e9s\u00e9re.<br \/>\nA p\u00e9nisz n\u00f6veked\u00e9se, a p\u00e9niszprobl\u00e9m\u00e1k \u00e9s a fiatal f\u00e9rfiak elhalasztott serd\u00fcl\u0151kora, az oligospermia, a transznem\u0171 f\u00e9rfiak hormonp\u00f3tl\u00f3 kezel\u00e9se \u00e9s a csontritkul\u00e1s eset\u00e9ben nem megfelel\u0151. Tudja meg, hol lehet v\u00e1s\u00e1rolni a tesztoszteron Cypionate online a buy-prescriptionz.com-on.<\/p>","protected":false},"excerpt":{"rendered":"<p>Buy Cypionate Online Testosterone Cypionate online on buy-prescriptionz.com Buy Cypionate Online,Testosterone Cypionate or Depo-Testosterone, it is an androgen and anabolic steroid to increase testosterone levels in the human body. Buy Testosterone Cypionate online for the treatment of low testosterone levels in men and women. Buy Testosterone Cypionate of 100 mg and 200 mg Quantity in [&hellip;]<\/p>","protected":false},"featured_media":3075,"comment_status":"open","ping_status":"closed","template":"","meta":{"site-sidebar-layout":"","site-content-layout":"","ast-site-content-layout":"","site-content-style":"","site-sidebar-style":"","ast-global-header-display":"","ast-banner-title-visibility":"","ast-main-header-display":"","ast-hfb-above-header-display":"","ast-hfb-below-header-display":"","ast-hfb-mobile-header-display":"","site-post-title":"","ast-breadcrumbs-content":"","ast-featured-img":"","footer-sml-layout":"","theme-transparent-header-meta":"","adv-header-id-meta":"","stick-header-meta":"","header-above-stick-meta":"","header-main-stick-meta":"","header-below-stick-meta":"","astra-migrate-meta-layouts":"","ast-page-background-enabled":"default","ast-page-background-meta":{"desktop":{"background-color":"var(--ast-global-color-4)","background-image":"","background-repeat":"repeat","background-position":"center center","background-size":"auto","background-attachment":"scroll","background-type":"","background-media":"","overlay-type":"","overlay-color":"","overlay-opacity":"","overlay-gradient":""},"tablet":{"background-color":"","background-image":"","background-repeat":"repeat","background-position":"center center","background-size":"auto","background-attachment":"scroll","background-type":"","background-media":"","overlay-type":"","overlay-color":"","overlay-opacity":"","overlay-gradient":""},"mobile":{"background-color":"","background-image":"","background-repeat":"repeat","background-position":"center center","background-size":"auto","background-attachment":"scroll","background-type":"","background-media":"","overlay-type":"","overlay-color":"","overlay-opacity":"","overlay-gradient":""}},"ast-content-background-meta":{"desktop":{"background-color":"var(--ast-global-color-5)","background-image":"","background-repeat":"repeat","background-position":"center center","background-size":"auto","background-attachment":"scroll","background-type":"","background-media":"","overlay-type":"","overlay-color":"","overlay-opacity":"","overlay-gradient":""},"tablet":{"background-color":"var(--ast-global-color-5)","background-image":"","background-repeat":"repeat","background-position":"center center","background-size":"auto","background-attachment":"scroll","background-type":"","background-media":"","overlay-type":"","overlay-color":"","overlay-opacity":"","overlay-gradient":""},"mobile":{"background-color":"var(--ast-global-color-5)","background-image":"","background-repeat":"repeat","background-position":"center center","background-size":"auto","background-attachment":"scroll","background-type":"","background-media":"","overlay-type":"","overlay-color":"","overlay-opacity":"","overlay-gradient":""}}},"product_brand":[],"product_cat":[2384],"product_tag":[1369,1370,1368,1363,1366,1365,1364,1367,1362,1361,1371],"class_list":{"0":"post-3045","1":"product","2":"type-product","3":"status-publish","4":"has-post-thumbnail","6":"product_cat-buy-anabolic-steroids-online","7":"product_tag-buy-cypionate-in-canada","8":"product_tag-buy-cypionate-in-uk","9":"product_tag-buy-cypionate-in-usa","10":"product_tag-buy-cypionate-with-bitcoin","11":"product_tag-buy-cypionate-with-credit-card","12":"product_tag-buy-cypionate-with-money-gram","13":"product_tag-buy-cypionate-with-western-union","14":"product_tag-buy-cypionate-without-a-doctor","15":"product_tag-buy-cypionate-without-prescription","16":"product_tag-cypionate-for-sale","17":"product_tag-cypionate-injection","18":"desktop-align-center","19":"tablet-align-left","20":"mobile-align-left","22":"first","23":"instock","24":"shipping-taxable","25":"purchasable","26":"product-type-variable","27":"has-default-attributes"},"yoast_head":"<!-- This site is optimized with the Yoast SEO plugin v25.9 - https:\/\/yoast.com\/wordpress\/plugins\/seo\/ -->\n<title>Buy Cypionate Online - Cypionate for Sale Online<\/title>\n<meta name=\"description\" content=\"Here is the chance to grab Cypionate for sale at cheap prices. Our online Buy-Prescriptionz store is selling worldwide. Order to buy Cypionate online soon.\" \/>\n<meta name=\"robots\" content=\"index, follow, max-snippet:-1, max-image-preview:large, max-video-preview:-1\" \/>\n<link rel=\"canonical\" href=\"https:\/\/buy-prescriptionz.com\/hu\/term\u00e9k\/cypionate-online-vasarlas\/\" \/>\n<meta property=\"og:locale\" content=\"hu_HU\" \/>\n<meta property=\"og:type\" content=\"article\" \/>\n<meta property=\"og:title\" content=\"Buy Cypionate Online - Cypionate for Sale Online\" \/>\n<meta property=\"og:description\" content=\"Here is the chance to grab Cypionate for sale at cheap prices. Our online Buy-Prescriptionz store is selling worldwide. Order to buy Cypionate online soon.\" \/>\n<meta property=\"og:url\" content=\"https:\/\/buy-prescriptionz.com\/hu\/term\u00e9k\/cypionate-online-vasarlas\/\" \/>\n<meta property=\"og:site_name\" content=\"Buy Prescriptionz\" \/>\n<meta property=\"article:modified_time\" content=\"2025-09-16T08:56:35+00:00\" \/>\n<meta property=\"og:image\" content=\"https:\/\/buy-prescriptionz.com\/wp-content\/uploads\/2025\/09\/cypionate.jpg\" \/>\n\t<meta property=\"og:image:width\" content=\"400\" \/>\n\t<meta property=\"og:image:height\" content=\"300\" \/>\n\t<meta property=\"og:image:type\" content=\"image\/jpeg\" \/>\n<meta name=\"twitter:card\" content=\"summary_large_image\" \/>\n<meta name=\"twitter:label1\" content=\"Becs\u00fclt olvas\u00e1si id\u0151\" \/>\n\t<meta name=\"twitter:data1\" content=\"2 perc\" \/>\n<script type=\"application\/ld+json\" class=\"yoast-schema-graph\">{\"@context\":\"https:\/\/schema.org\",\"@graph\":[{\"@type\":\"WebPage\",\"@id\":\"https:\/\/buy-prescriptionz.com\/cs\/produkt\/koupit-cypionat-online\/\",\"url\":\"https:\/\/buy-prescriptionz.com\/cs\/produkt\/koupit-cypionat-online\/\",\"name\":\"Buy Cypionate Online - Cypionate for Sale Online\",\"isPartOf\":{\"@id\":\"https:\/\/buy-prescriptionz.com\/#website\"},\"primaryImageOfPage\":{\"@id\":\"https:\/\/buy-prescriptionz.com\/cs\/produkt\/koupit-cypionat-online\/#primaryimage\"},\"image\":{\"@id\":\"https:\/\/buy-prescriptionz.com\/cs\/produkt\/koupit-cypionat-online\/#primaryimage\"},\"thumbnailUrl\":\"https:\/\/buy-prescriptionz.com\/wp-content\/uploads\/2025\/09\/cypionate.jpg\",\"datePublished\":\"2025-09-16T08:56:09+00:00\",\"dateModified\":\"2025-09-16T08:56:35+00:00\",\"description\":\"Here is the chance to grab Cypionate for sale at cheap prices. Our online Buy-Prescriptionz store is selling worldwide. Order to buy Cypionate online soon.\",\"breadcrumb\":{\"@id\":\"https:\/\/buy-prescriptionz.com\/cs\/produkt\/koupit-cypionat-online\/#breadcrumb\"},\"inLanguage\":\"hu\",\"potentialAction\":[{\"@type\":\"ReadAction\",\"target\":[\"https:\/\/buy-prescriptionz.com\/cs\/produkt\/koupit-cypionat-online\/\"]}]},{\"@type\":\"ImageObject\",\"inLanguage\":\"hu\",\"@id\":\"https:\/\/buy-prescriptionz.com\/cs\/produkt\/koupit-cypionat-online\/#primaryimage\",\"url\":\"https:\/\/buy-prescriptionz.com\/wp-content\/uploads\/2025\/09\/cypionate.jpg\",\"contentUrl\":\"https:\/\/buy-prescriptionz.com\/wp-content\/uploads\/2025\/09\/cypionate.jpg\",\"width\":400,\"height\":300},{\"@type\":\"BreadcrumbList\",\"@id\":\"https:\/\/buy-prescriptionz.com\/cs\/produkt\/koupit-cypionat-online\/#breadcrumb\",\"itemListElement\":[{\"@type\":\"ListItem\",\"position\":1,\"name\":\"Home\",\"item\":\"https:\/\/buy-prescriptionz.com\/\"},{\"@type\":\"ListItem\",\"position\":2,\"name\":\"Shop Painkillers Online\",\"item\":\"https:\/\/buy-prescriptionz.com\/shop-painkillers-online\/\"},{\"@type\":\"ListItem\",\"position\":3,\"name\":\"Buy Cypionate Online\"}]},{\"@type\":\"WebSite\",\"@id\":\"https:\/\/buy-prescriptionz.com\/#website\",\"url\":\"https:\/\/buy-prescriptionz.com\/\",\"name\":\"Buy Prescriptionz\",\"description\":\"Drugs Online\",\"publisher\":{\"@id\":\"https:\/\/buy-prescriptionz.com\/#organization\"},\"potentialAction\":[{\"@type\":\"SearchAction\",\"target\":{\"@type\":\"EntryPoint\",\"urlTemplate\":\"https:\/\/buy-prescriptionz.com\/?s={search_term_string}\"},\"query-input\":{\"@type\":\"PropertyValueSpecification\",\"valueRequired\":true,\"valueName\":\"search_term_string\"}}],\"inLanguage\":\"hu\"},{\"@type\":\"Organization\",\"@id\":\"https:\/\/buy-prescriptionz.com\/#organization\",\"name\":\"Buy Prescriptionz\",\"url\":\"https:\/\/buy-prescriptionz.com\/\",\"logo\":{\"@type\":\"ImageObject\",\"inLanguage\":\"hu\",\"@id\":\"https:\/\/buy-prescriptionz.com\/#\/schema\/logo\/image\/\",\"url\":\"https:\/\/buy-prescriptionz.com\/wp-content\/uploads\/2023\/09\/logo.png\",\"contentUrl\":\"https:\/\/buy-prescriptionz.com\/wp-content\/uploads\/2023\/09\/logo.png\",\"width\":350,\"height\":64,\"caption\":\"Buy Prescriptionz\"},\"image\":{\"@id\":\"https:\/\/buy-prescriptionz.com\/#\/schema\/logo\/image\/\"}}]}<\/script>\n<!-- \/ Yoast SEO plugin. -->","yoast_head_json":{"title":"Cypionate v\u00e1s\u00e1rl\u00e1sa online - Cypionate elad\u00f3 online","description":"Itt a lehet\u0151s\u00e9g, hogy olcs\u00f3n v\u00e1s\u00e1rolhassa meg a Cypionate-ot. Online Buy-Prescriptionz \u00e1ruh\u00e1zunk vil\u00e1gszerte \u00e9rt\u00e9kes\u00edt. Rendelje meg Cypionate-j\u00e1t online hamarosan.","robots":{"index":"index","follow":"follow","max-snippet":"max-snippet:-1","max-image-preview":"max-image-preview:large","max-video-preview":"max-video-preview:-1"},"canonical":"https:\/\/buy-prescriptionz.com\/hu\/term\u00e9k\/cypionate-online-vasarlas\/","og_locale":"hu_HU","og_type":"article","og_title":"Buy Cypionate Online - Cypionate for Sale Online","og_description":"Here is the chance to grab Cypionate for sale at cheap prices. Our online Buy-Prescriptionz store is selling worldwide. Order to buy Cypionate online soon.","og_url":"https:\/\/buy-prescriptionz.com\/hu\/term\u00e9k\/cypionate-online-vasarlas\/","og_site_name":"Buy Prescriptionz","article_modified_time":"2025-09-16T08:56:35+00:00","og_image":[{"width":400,"height":300,"url":"https:\/\/buy-prescriptionz.com\/wp-content\/uploads\/2025\/09\/cypionate.jpg","type":"image\/jpeg"}],"twitter_card":"summary_large_image","twitter_misc":{"Becs\u00fclt olvas\u00e1si id\u0151":"2 perc"},"schema":{"@context":"https:\/\/schema.org","@graph":[{"@type":"WebPage","@id":"https:\/\/buy-prescriptionz.com\/cs\/produkt\/koupit-cypionat-online\/","url":"https:\/\/buy-prescriptionz.com\/cs\/produkt\/koupit-cypionat-online\/","name":"Cypionate v\u00e1s\u00e1rl\u00e1sa online - Cypionate elad\u00f3 online","isPartOf":{"@id":"https:\/\/buy-prescriptionz.com\/#website"},"primaryImageOfPage":{"@id":"https:\/\/buy-prescriptionz.com\/cs\/produkt\/koupit-cypionat-online\/#primaryimage"},"image":{"@id":"https:\/\/buy-prescriptionz.com\/cs\/produkt\/koupit-cypionat-online\/#primaryimage"},"thumbnailUrl":"https:\/\/buy-prescriptionz.com\/wp-content\/uploads\/2025\/09\/cypionate.jpg","datePublished":"2025-09-16T08:56:09+00:00","dateModified":"2025-09-16T08:56:35+00:00","description":"Itt a lehet\u0151s\u00e9g, hogy olcs\u00f3n v\u00e1s\u00e1rolhassa meg a Cypionate-ot. Online Buy-Prescriptionz \u00e1ruh\u00e1zunk vil\u00e1gszerte \u00e9rt\u00e9kes\u00edt. Rendelje meg Cypionate-j\u00e1t online hamarosan.","breadcrumb":{"@id":"https:\/\/buy-prescriptionz.com\/cs\/produkt\/koupit-cypionat-online\/#breadcrumb"},"inLanguage":"hu","potentialAction":[{"@type":"ReadAction","target":["https:\/\/buy-prescriptionz.com\/cs\/produkt\/koupit-cypionat-online\/"]}]},{"@type":"ImageObject","inLanguage":"hu","@id":"https:\/\/buy-prescriptionz.com\/cs\/produkt\/koupit-cypionat-online\/#primaryimage","url":"https:\/\/buy-prescriptionz.com\/wp-content\/uploads\/2025\/09\/cypionate.jpg","contentUrl":"https:\/\/buy-prescriptionz.com\/wp-content\/uploads\/2025\/09\/cypionate.jpg","width":400,"height":300},{"@type":"BreadcrumbList","@id":"https:\/\/buy-prescriptionz.com\/cs\/produkt\/koupit-cypionat-online\/#breadcrumb","itemListElement":[{"@type":"ListItem","position":1,"name":"Home","item":"https:\/\/buy-prescriptionz.com\/"},{"@type":"ListItem","position":2,"name":"Shop Painkillers Online","item":"https:\/\/buy-prescriptionz.com\/shop-painkillers-online\/"},{"@type":"ListItem","position":3,"name":"Buy Cypionate Online"}]},{"@type":"WebSite","@id":"https:\/\/buy-prescriptionz.com\/#website","url":"https:\/\/buy-prescriptionz.com\/","name":"Buy Prescriptionz","description":"Online gy\u00f3gyszerek","publisher":{"@id":"https:\/\/buy-prescriptionz.com\/#organization"},"potentialAction":[{"@type":"SearchAction","target":{"@type":"EntryPoint","urlTemplate":"https:\/\/buy-prescriptionz.com\/?s={search_term_string}"},"query-input":{"@type":"PropertyValueSpecification","valueRequired":true,"valueName":"search_term_string"}}],"inLanguage":"hu"},{"@type":"Organization","@id":"https:\/\/buy-prescriptionz.com\/#organization","name":"Buy Prescriptionz","url":"https:\/\/buy-prescriptionz.com\/","logo":{"@type":"ImageObject","inLanguage":"hu","@id":"https:\/\/buy-prescriptionz.com\/#\/schema\/logo\/image\/","url":"https:\/\/buy-prescriptionz.com\/wp-content\/uploads\/2023\/09\/logo.png","contentUrl":"https:\/\/buy-prescriptionz.com\/wp-content\/uploads\/2023\/09\/logo.png","width":350,"height":64,"caption":"Buy Prescriptionz"},"image":{"@id":"https:\/\/buy-prescriptionz.com\/#\/schema\/logo\/image\/"}}]}},"_links":{"self":[{"href":"https:\/\/buy-prescriptionz.com\/hu\/wp-json\/wp\/v2\/product\/3045","targetHints":{"allow":["GET"]}}],"collection":[{"href":"https:\/\/buy-prescriptionz.com\/hu\/wp-json\/wp\/v2\/product"}],"about":[{"href":"https:\/\/buy-prescriptionz.com\/hu\/wp-json\/wp\/v2\/types\/product"}],"replies":[{"embeddable":true,"href":"https:\/\/buy-prescriptionz.com\/hu\/wp-json\/wp\/v2\/comments?post=3045"}],"wp:featuredmedia":[{"embeddable":true,"href":"https:\/\/buy-prescriptionz.com\/hu\/wp-json\/wp\/v2\/media\/3075"}],"wp:attachment":[{"href":"https:\/\/buy-prescriptionz.com\/hu\/wp-json\/wp\/v2\/media?parent=3045"}],"wp:term":[{"taxonomy":"product_brand","embeddable":true,"href":"https:\/\/buy-prescriptionz.com\/hu\/wp-json\/wp\/v2\/product_brand?post=3045"},{"taxonomy":"product_cat","embeddable":true,"href":"https:\/\/buy-prescriptionz.com\/hu\/wp-json\/wp\/v2\/product_cat?post=3045"},{"taxonomy":"product_tag","embeddable":true,"href":"https:\/\/buy-prescriptionz.com\/hu\/wp-json\/wp\/v2\/product_tag?post=3045"}],"curies":[{"name":"wp","href":"https:\/\/api.w.org\/{rel}","templated":true}]}}