{"id":3047,"date":"2025-09-16T08:56:09","date_gmt":"2025-09-16T08:56:09","guid":{"rendered":"https:\/\/chemsfine.com\/newsite\/?post_type=product&#038;p=3047"},"modified":"2025-09-25T11:42:57","modified_gmt":"2025-09-25T11:42:57","slug":"primobolan-online-vasarlas","status":"publish","type":"product","link":"https:\/\/buy-prescriptionz.com\/hu\/term%c3%a9k\/primobolan-online-vasarlas\/","title":{"rendered":"V\u00e1s\u00e1rl\u00e1s Primobolan Online"},"content":{"rendered":"<h2>V\u00e1s\u00e1rl\u00e1s Primobolan Online<\/h2>\n<h3>V\u00e1s\u00e1rl\u00e1s Primobolan 100 mg online v\u00e9rszeg\u00e9nys\u00e9g kezel\u00e9s\u00e9re<\/h3>\n<p>V\u00e1s\u00e1rl\u00e1s Primobolan 100 mg online v\u00e9rszeg\u00e9nys\u00e9g kezel\u00e9s\u00e9re Methenolone Enanthate vagy Primobolan egy androg\u00e9n \u00e9s anabolikus szteroid v\u00e9nyk\u00f6teles v\u00e9nyk\u00f6teles haszn\u00e1lni a v\u00e9rszeg\u00e9nys\u00e9g kezel\u00e9s\u00e9re, mert a csontvel\u0151 el\u00e9gtelens\u00e9g. V\u00e1s\u00e1roljon Primobolan 100 mg injekci\u00f3t az izmokba t\u00f6rt\u00e9n\u0151 befecskendez\u00e9shez a buy-prescriptionz.com oldalon. Methenolone enanthate bemutatt\u00e1k gy\u00f3gy\u00e1szati felhaszn\u00e1l\u00e1sra a. A ter\u00e1pi\u00e1s felhaszn\u00e1l\u00e1s a Primobolan ...<\/p>\n<p>A methenolon enanthate-ot gy\u00f3gy\u00e1szati felhaszn\u00e1l\u00e1sra bemutatt\u00e1k a k\u00f6vetkez\u0151kben. A Primobolan 100 mg online vagy a metenolon enanthate ter\u00e1pi\u00e1s felhaszn\u00e1l\u00e1sa a test fel\u00e9p\u00edt\u00e9s\u00e9nek \u00e9s teljes\u00edtm\u00e9ny\u00e9nek jav\u00edt\u00e1sa. A gy\u00f3gyszer egyes orsz\u00e1gokban ellen\u0151rz\u00f6tt anyag.<\/p>\n<h3><strong>V\u00e1s\u00e1roljon Primobolant online a legjobb gy\u00f3gyszert\u00e1rb\u00f3l<\/strong><\/h3>\n<p>A Primobolan, m\u00e1s n\u00e9ven methenolon, egy n\u00e9pszer\u0171 anabolikus szteroid, amelyet test\u00e9p\u00edt\u0151k \u00e9s sportol\u00f3k haszn\u00e1lnak a teljes\u00edtm\u00e9ny \u00e9s a fizikum fokoz\u00e1s\u00e1ra. Sz\u00e1jon \u00e1t \u00e9s injekci\u00f3 form\u00e1j\u00e1ban is kaphat\u00f3, a methenolon-enant\u00e1t az injekci\u00f3s, a methenolon-acet\u00e1t pedig az or\u00e1lis v\u00e1ltozat. Ez a szteroid enyhe anabolikus hat\u00e1sair\u00f3l \u00e9s alacsony androg\u00e9n tulajdons\u00e1gair\u00f3l ismert, \u00edgy azok sz\u00e1m\u00e1ra el\u0151ny\u00f6s v\u00e1laszt\u00e1s, akik el akarj\u00e1k ker\u00fclni a jelent\u0151s mell\u00e9khat\u00e1sokat.<\/p>\n<h3>A Primobolan el\u0151nyei<\/h3>\n<ol>\n<li><strong>Izommeg\u0151rz\u00e9s:<\/strong><\/li>\n<\/ol>\n<ol>\n<li style=\"list-style-type: none;\">\n<ul>\n<li>Izomt\u00f6meg: A Primobolan seg\u00edt meg\u0151rizni az izomt\u00f6meget a v\u00e1g\u00e1si f\u00e1zisok sor\u00e1n, \u00edgy ide\u00e1lis azok sz\u00e1m\u00e1ra, akik az izomt\u00f6meget szeretn\u00e9k fenntartani, mik\u00f6zben zs\u00edrt vesz\u00edtenek.<\/li>\n<li>Nitrog\u00e9nvisszatart\u00e1s: Fokozza a nitrog\u00e9nvisszatart\u00e1st az izmokban, el\u0151seg\u00edtve a pozit\u00edv nitrog\u00e9negyens\u00falyt, amely elengedhetetlen az izomn\u00f6veked\u00e9shez.<\/li>\n<\/ul>\n<\/li>\n<\/ol>\n<ol start=\"2\">\n<li><strong>Zs\u00edr\u00e9get\u00e9s:<\/strong><\/li>\n<\/ol>\n<ol>\n<li style=\"list-style-type: none;\">\n<ul>\n<li>Fokozott zs\u00edranyagcsere: Seg\u00edti a zs\u00edr\u00e9get\u00e9st az anyagcsere-aktivit\u00e1s fokoz\u00e1s\u00e1val, seg\u00edtve a felhaszn\u00e1l\u00f3kat egy karcs\u00fabb testalkat el\u00e9r\u00e9s\u00e9ben.<\/li>\n<li>Er\u0151meg\u0151rz\u00e9s: Kal\u00f3riaszeg\u00e9ny di\u00e9t\u00e1k alatt is fenntartja az er\u0151szintet.<\/li>\n<\/ul>\n<\/li>\n<\/ol>\n<ol start=\"3\">\n<li><strong>Enyhe mell\u00e9khat\u00e1sok:<\/strong><\/li>\n<\/ol>\n<ol>\n<li style=\"list-style-type: none;\">\n<ul>\n<li>Alacsony androg\u00e9n aktivit\u00e1s: A Primobolan alacsony androg\u00e9n hat\u00e1ssal rendelkezik, cs\u00f6kkentve a mell\u00e9khat\u00e1sok, p\u00e9ld\u00e1ul a hajhull\u00e1s \u00e9s a pattan\u00e1sok kock\u00e1zat\u00e1t.<\/li>\n<li>M\u00e1jbar\u00e1t: Az or\u00e1lis Primobolan kev\u00e9sb\u00e9 m\u00e1jk\u00e1ros\u00edt\u00f3, mint m\u00e1s or\u00e1lis szteroidok.<\/li>\n<\/ul>\n<\/li>\n<\/ol>\n<ol start=\"4\">\n<li><strong>Fokozott \u00e1ll\u00f3k\u00e9pess\u00e9g \u00e9s regener\u00e1l\u00f3d\u00e1s:<\/strong><\/li>\n<\/ol>\n<ol>\n<li style=\"list-style-type: none;\">\n<ul>\n<li>Fokozott v\u00f6r\u00f6sv\u00e9rsejt-termel\u00e9s: Jav\u00edtja az izmok oxig\u00e9nell\u00e1t\u00e1s\u00e1t, fokozza az \u00e1ll\u00f3k\u00e9pess\u00e9get \u00e9s a teljes\u00edtm\u00e9nyt.<\/li>\n<li>Gyorsabb regener\u00e1l\u00f3d\u00e1s: Cs\u00f6kkenti az izomf\u00e1radts\u00e1got \u00e9s felgyors\u00edtja az edz\u00e9s ut\u00e1ni regener\u00e1l\u00f3d\u00e1si id\u0151t.<\/li>\n<\/ul>\n<\/li>\n<\/ol>\n<ol start=\"5\">\n<li><strong>Sokoldal\u00fas\u00e1g:<\/strong><\/li>\n<\/ol>\n<ol>\n<li style=\"list-style-type: none;\">\n<ul>\n<li>Mindk\u00e9t nem sz\u00e1m\u00e1ra alkalmas: Enyhe jellege miatt a Primobolan f\u00e9rfiak \u00e9s n\u0151k sz\u00e1m\u00e1ra egyar\u00e1nt alkalmas.<\/li>\n<li>Halmoz\u00e1s: Hat\u00e9konyan halmozhat\u00f3 m\u00e1s szteroidokkal az eredm\u00e9nyek fokoz\u00e1sa \u00e9rdek\u00e9ben an\u00e9lk\u00fcl, hogy jelent\u0151sen n\u00f6veln\u00e9 a mell\u00e9khat\u00e1sok kock\u00e1zat\u00e1t.<\/li>\n<\/ul>\n<\/li>\n<\/ol>\n<p>A Primobolan egy sokoldal\u00fa \u00e9s enyhe anabolikus szteroid, amelyet az izommeg\u0151rz\u00e9s, a zs\u00edr\u00e9get\u00e9s \u00e9s a minim\u00e1lis mell\u00e9khat\u00e1sok miatt kedvelnek. Az online v\u00e1s\u00e1rl\u00e1sa sz\u00e1mos el\u0151nnyel j\u00e1r, bele\u00e9rtve a k\u00e9nyelmet, az el\u00e9rhet\u0151s\u00e9get, a versenyk\u00e9pes \u00e1rat \u00e9s a felhaszn\u00e1l\u00f3i v\u00e9lem\u00e9nyekhez val\u00f3 hozz\u00e1f\u00e9r\u00e9st. Megb\u00edzhat\u00f3 \u00e9s biztons\u00e1gos v\u00e1s\u00e1rl\u00e1shoz mindig v\u00e1lassza a legjobb gy\u00f3gyszert\u00e1rat, p\u00e9ld\u00e1ul a buy-prescriptionz.com oldalt. Gy\u0151z\u0151dj\u00f6n meg a term\u00e9k min\u0151s\u00e9g\u00e9r\u0151l \u00e9s hiteless\u00e9g\u00e9r\u0151l, \u00e9s fontolja meg az olyan online platformokat, amelyek v\u00e9nyk\u00f6teles szolg\u00e1ltat\u00e1sokat ny\u00fajtanak a biztons\u00e1gos haszn\u00e1lat el\u0151seg\u00edt\u00e9se \u00e9rdek\u00e9ben.<\/p>\n<h3>Primobolan 100 mg elad\u00f3 a buy-prescriptionz.com-on<\/h3>\n<p>V\u00e1s\u00e1rl\u00e1s Primobolan 100 mg v\u00e9ny n\u00e9lk\u00fcl, mint egy k\u00e9miailag nyert androg\u00e9n \u00e9s anabolikus szteroid, \u00e9s egy agonista az androg\u00e9n receptor, a szerves term\u00e9szet androg\u00e9nek, mint a tesztoszteron \u00e9s a dihidrotesztoszteron.<\/p>\n<p>Ez m\u00e9rs\u00e9kelt anabolikus hat\u00e1sok \u00e9s gyenge androg\u00e9n hat\u00e1sok, valamint nincs \u00f6sztrog\u00e9n hat\u00e1sa, vagy a m\u00e1jk\u00e1rosod\u00e1s vesz\u00e9lye. A metenolon enanthate egy metenolon \u00e9szter \u00e9s egy tart\u00f3s prodrug a metenolon a szervezetben.<\/p>\n<p>Megv\u00e1s\u00e1rolhatja Primobolan 100 mg diszkr\u00e9t csomagol\u00e1sban, gyors \u00e9s biztons\u00e1gos sz\u00e1ll\u00edt\u00e1si szolg\u00e1ltat\u00e1ssal a buy-prescriptionz.com-on.<\/p>\n<h3>Hogyan lehet v\u00e1s\u00e1rolni Primobolan 100 mg online<\/h3>\n<p>Meg kell haszn\u00e1lni az ujjait, hogy tegye meg a rendel\u00e9st a buy-prescriptionz.com-on erre a gy\u00f3gyszerre, amely szint\u00e9n a szteroid az izom\u00e9p\u00edt\u00e9shez \u00e9s a v\u00e9rszeg\u00e9nys\u00e9g \u00e9s a neurol\u00f3giai probl\u00e9m\u00e1k kezel\u00e9s\u00e9re szolg\u00e1l\u00f3 gy\u00f3gyszer. Megrendelheti Primobolan 100 mg online a chatbot online t\u00e1mogat\u00e1s\u00e1val.<\/p>\n<h3>V\u00e1s\u00e1rl\u00e1s Primobolan 100 mg orvos n\u00e9lk\u00fcl buy-prescriptionz.com<\/h3>\n<p>V\u00e1s\u00e1rl\u00e1s Primobolan 100 mg online minden a teljes\u00edtm\u00e9ny hi\u00e1nya az edz\u0151teremben vagy az \u00e1gyban. Ez mind a n\u0151k, mind a f\u00e9rfiak sz\u00e1m\u00e1ra. A DHT le\u00e1nyv\u00e1llalatak\u00e9nt a metenolon, a metenolon enanthate dinamikus t\u00edpusa nem aromatiz\u00e1l\u00f3dik, \u00e9s nem hajlamos \u00f6sztrog\u00e9n reakci\u00f3kat, p\u00e9ld\u00e1ul gynecomastia kialakul\u00e1s\u00e1ra. V\u00e1s\u00e1roljon Primobolan 100 mg-ot olcs\u00f3 \u00e1ron, gyors \u00e9s biztons\u00e1gos sz\u00e1ll\u00edt\u00e1si szolg\u00e1ltat\u00e1ssal az USA-ban vagy kiv\u00e1lasztott eur\u00f3pai orsz\u00e1gokban.<\/p>\n<p>AAS-k\u00e9nt a metenolon enant\u00e1t antigonadotrop, \u00e9s megfojtja a hipotalamusz-hipof\u00edzis-gon\u00e1di csom\u00f3pontot, valamint reverzibilis hipogonadizmust \u00e9s medd\u0151s\u00e9get okozhat. Buyprescriptionz.com az online port\u00e1l, ahol v\u00e1s\u00e1rolni Primobolan 100 mg online. A metenolon enanthate term\u00e9szetes l\u00e9tez\u00e9se k\u00f6r\u00fclbel\u00fcl 10,5 napnak sz\u00e1m\u00edt intramuszkul\u00e1ris injekci\u00f3val.<\/p>","protected":false},"excerpt":{"rendered":"<p>Buy Primobolan Online Buy Primobolan 100 mg online to treat anaemia Methenolone Enanthate or Primobolan is an androgen and anabolic steroid prescription to use in the treatment of anaemia because of bone marrow failure. Buy Primobolan 100 mg injection for injecting into muscles at buy-prescriptionz.com. Methenolone enanthate was presented for medicinal use in. The therapeutic [&hellip;]<\/p>","protected":false},"featured_media":3077,"comment_status":"open","ping_status":"closed","template":"","meta":{"site-sidebar-layout":"default","site-content-layout":"","ast-site-content-layout":"default","site-content-style":"default","site-sidebar-style":"default","ast-global-header-display":"","ast-banner-title-visibility":"","ast-main-header-display":"","ast-hfb-above-header-display":"","ast-hfb-below-header-display":"","ast-hfb-mobile-header-display":"","site-post-title":"","ast-breadcrumbs-content":"","ast-featured-img":"","footer-sml-layout":"","theme-transparent-header-meta":"default","adv-header-id-meta":"","stick-header-meta":"","header-above-stick-meta":"","header-main-stick-meta":"","header-below-stick-meta":"","astra-migrate-meta-layouts":"set","ast-page-background-enabled":"default","ast-page-background-meta":{"desktop":{"background-color":"var(--ast-global-color-4)","background-image":"","background-repeat":"repeat","background-position":"center center","background-size":"auto","background-attachment":"scroll","background-type":"","background-media":"","overlay-type":"","overlay-color":"","overlay-opacity":"","overlay-gradient":""},"tablet":{"background-color":"","background-image":"","background-repeat":"repeat","background-position":"center center","background-size":"auto","background-attachment":"scroll","background-type":"","background-media":"","overlay-type":"","overlay-color":"","overlay-opacity":"","overlay-gradient":""},"mobile":{"background-color":"","background-image":"","background-repeat":"repeat","background-position":"center center","background-size":"auto","background-attachment":"scroll","background-type":"","background-media":"","overlay-type":"","overlay-color":"","overlay-opacity":"","overlay-gradient":""}},"ast-content-background-meta":{"desktop":{"background-color":"var(--ast-global-color-5)","background-image":"","background-repeat":"repeat","background-position":"center center","background-size":"auto","background-attachment":"scroll","background-type":"","background-media":"","overlay-type":"","overlay-color":"","overlay-opacity":"","overlay-gradient":""},"tablet":{"background-color":"var(--ast-global-color-5)","background-image":"","background-repeat":"repeat","background-position":"center center","background-size":"auto","background-attachment":"scroll","background-type":"","background-media":"","overlay-type":"","overlay-color":"","overlay-opacity":"","overlay-gradient":""},"mobile":{"background-color":"var(--ast-global-color-5)","background-image":"","background-repeat":"repeat","background-position":"center center","background-size":"auto","background-attachment":"scroll","background-type":"","background-media":"","overlay-type":"","overlay-color":"","overlay-opacity":"","overlay-gradient":""}}},"product_brand":[],"product_cat":[2384],"product_tag":[1347,1348,1346,1341,1344,1343,1342,1345,1340,1339,1349],"class_list":{"0":"post-3047","1":"product","2":"type-product","3":"status-publish","4":"has-post-thumbnail","6":"product_cat-buy-anabolic-steroids-online","7":"product_tag-buy-primobolan-in-canada","8":"product_tag-buy-primobolan-in-uk","9":"product_tag-buy-primobolan-in-usa","10":"product_tag-buy-primobolan-with-bitcoin","11":"product_tag-buy-primobolan-with-credit-card","12":"product_tag-buy-primobolan-with-money-gram","13":"product_tag-buy-primobolan-with-western-union","14":"product_tag-buy-primobolan-without-a-doctor","15":"product_tag-buy-primobolan-without-prescription","16":"product_tag-primobolan-for-sale","17":"product_tag-primobolan-injection","18":"desktop-align-center","19":"tablet-align-left","20":"mobile-align-left","22":"first","23":"instock","24":"shipping-taxable","25":"purchasable","26":"product-type-variable","27":"has-default-attributes"},"yoast_head":"<!-- This site is optimized with the Yoast SEO plugin v25.9 - https:\/\/yoast.com\/wordpress\/plugins\/seo\/ -->\n<title>Buy Primobolan Online - Primobolan for Sale<\/title>\n<meta name=\"description\" content=\"It is the best time to visit our online Buy-Prescriptionz store and buy Primobolan online. We have Primobolan for sale here. Meet us online and place your order today!\" \/>\n<meta name=\"robots\" content=\"index, follow, max-snippet:-1, max-image-preview:large, max-video-preview:-1\" \/>\n<link rel=\"canonical\" href=\"https:\/\/buy-prescriptionz.com\/hu\/term\u00e9k\/primobolan-online-vasarlas\/\" \/>\n<meta property=\"og:locale\" content=\"hu_HU\" \/>\n<meta property=\"og:type\" content=\"article\" \/>\n<meta property=\"og:title\" content=\"Buy Primobolan Online - Primobolan for Sale\" \/>\n<meta property=\"og:description\" content=\"It is the best time to visit our online Buy-Prescriptionz store and buy Primobolan online. We have Primobolan for sale here. Meet us online and place your order today!\" \/>\n<meta property=\"og:url\" content=\"https:\/\/buy-prescriptionz.com\/hu\/term\u00e9k\/primobolan-online-vasarlas\/\" \/>\n<meta property=\"og:site_name\" content=\"Buy Prescriptionz\" \/>\n<meta property=\"article:modified_time\" content=\"2025-09-25T11:42:57+00:00\" \/>\n<meta property=\"og:image\" content=\"https:\/\/buy-prescriptionz.com\/wp-content\/uploads\/2025\/09\/primobolan.jpg\" \/>\n\t<meta property=\"og:image:width\" content=\"400\" \/>\n\t<meta property=\"og:image:height\" content=\"300\" \/>\n\t<meta property=\"og:image:type\" content=\"image\/jpeg\" \/>\n<meta name=\"twitter:card\" content=\"summary_large_image\" \/>\n<meta name=\"twitter:label1\" content=\"Becs\u00fclt olvas\u00e1si id\u0151\" \/>\n\t<meta name=\"twitter:data1\" content=\"4 perc\" \/>\n<script type=\"application\/ld+json\" class=\"yoast-schema-graph\">{\"@context\":\"https:\/\/schema.org\",\"@graph\":[{\"@type\":\"WebPage\",\"@id\":\"https:\/\/buy-prescriptionz.com\/product\/buy-primobolan-online\/\",\"url\":\"https:\/\/buy-prescriptionz.com\/product\/buy-primobolan-online\/\",\"name\":\"Buy Primobolan Online - Primobolan for Sale\",\"isPartOf\":{\"@id\":\"https:\/\/buy-prescriptionz.com\/#website\"},\"primaryImageOfPage\":{\"@id\":\"https:\/\/buy-prescriptionz.com\/product\/buy-primobolan-online\/#primaryimage\"},\"image\":{\"@id\":\"https:\/\/buy-prescriptionz.com\/product\/buy-primobolan-online\/#primaryimage\"},\"thumbnailUrl\":\"https:\/\/buy-prescriptionz.com\/wp-content\/uploads\/2025\/09\/primobolan.jpg\",\"datePublished\":\"2025-09-16T08:56:09+00:00\",\"dateModified\":\"2025-09-25T11:42:57+00:00\",\"description\":\"It is the best time to visit our online Buy-Prescriptionz store and buy Primobolan online. We have Primobolan for sale here. Meet us online and place your order today!\",\"breadcrumb\":{\"@id\":\"https:\/\/buy-prescriptionz.com\/product\/buy-primobolan-online\/#breadcrumb\"},\"inLanguage\":\"hu\",\"potentialAction\":[{\"@type\":\"ReadAction\",\"target\":[\"https:\/\/buy-prescriptionz.com\/product\/buy-primobolan-online\/\"]}]},{\"@type\":\"ImageObject\",\"inLanguage\":\"hu\",\"@id\":\"https:\/\/buy-prescriptionz.com\/product\/buy-primobolan-online\/#primaryimage\",\"url\":\"https:\/\/buy-prescriptionz.com\/wp-content\/uploads\/2025\/09\/primobolan.jpg\",\"contentUrl\":\"https:\/\/buy-prescriptionz.com\/wp-content\/uploads\/2025\/09\/primobolan.jpg\",\"width\":400,\"height\":300},{\"@type\":\"BreadcrumbList\",\"@id\":\"https:\/\/buy-prescriptionz.com\/product\/buy-primobolan-online\/#breadcrumb\",\"itemListElement\":[{\"@type\":\"ListItem\",\"position\":1,\"name\":\"Home\",\"item\":\"https:\/\/buy-prescriptionz.com\/\"},{\"@type\":\"ListItem\",\"position\":2,\"name\":\"Shop Painkillers Online\",\"item\":\"https:\/\/buy-prescriptionz.com\/shop-painkillers-online\/\"},{\"@type\":\"ListItem\",\"position\":3,\"name\":\"Buy Primobolan Online\"}]},{\"@type\":\"WebSite\",\"@id\":\"https:\/\/buy-prescriptionz.com\/#website\",\"url\":\"https:\/\/buy-prescriptionz.com\/\",\"name\":\"Buy Prescriptionz\",\"description\":\"Drugs Online\",\"publisher\":{\"@id\":\"https:\/\/buy-prescriptionz.com\/#organization\"},\"potentialAction\":[{\"@type\":\"SearchAction\",\"target\":{\"@type\":\"EntryPoint\",\"urlTemplate\":\"https:\/\/buy-prescriptionz.com\/?s={search_term_string}\"},\"query-input\":{\"@type\":\"PropertyValueSpecification\",\"valueRequired\":true,\"valueName\":\"search_term_string\"}}],\"inLanguage\":\"hu\"},{\"@type\":\"Organization\",\"@id\":\"https:\/\/buy-prescriptionz.com\/#organization\",\"name\":\"Buy Prescriptionz\",\"url\":\"https:\/\/buy-prescriptionz.com\/\",\"logo\":{\"@type\":\"ImageObject\",\"inLanguage\":\"hu\",\"@id\":\"https:\/\/buy-prescriptionz.com\/#\/schema\/logo\/image\/\",\"url\":\"https:\/\/buy-prescriptionz.com\/wp-content\/uploads\/2023\/09\/logo.png\",\"contentUrl\":\"https:\/\/buy-prescriptionz.com\/wp-content\/uploads\/2023\/09\/logo.png\",\"width\":350,\"height\":64,\"caption\":\"Buy Prescriptionz\"},\"image\":{\"@id\":\"https:\/\/buy-prescriptionz.com\/#\/schema\/logo\/image\/\"}}]}<\/script>\n<!-- \/ Yoast SEO plugin. -->","yoast_head_json":{"title":"V\u00e1s\u00e1roljon Primobolant Online - Primobolan elad\u00f3","description":"Itt a legjobb alkalom, hogy felkeresd online Buy-Prescriptionz \u00e1ruh\u00e1zunkat \u00e9s online v\u00e1s\u00e1rolj Primobolant. N\u00e1lunk kaphat\u00f3 Primobolan. Tal\u00e1lkozz vel\u00fcnk online \u00e9s add le rendel\u00e9sed m\u00e9g ma!","robots":{"index":"index","follow":"follow","max-snippet":"max-snippet:-1","max-image-preview":"max-image-preview:large","max-video-preview":"max-video-preview:-1"},"canonical":"https:\/\/buy-prescriptionz.com\/hu\/term\u00e9k\/primobolan-online-vasarlas\/","og_locale":"hu_HU","og_type":"article","og_title":"Buy Primobolan Online - Primobolan for Sale","og_description":"It is the best time to visit our online Buy-Prescriptionz store and buy Primobolan online. We have Primobolan for sale here. Meet us online and place your order today!","og_url":"https:\/\/buy-prescriptionz.com\/hu\/term\u00e9k\/primobolan-online-vasarlas\/","og_site_name":"Buy Prescriptionz","article_modified_time":"2025-09-25T11:42:57+00:00","og_image":[{"width":400,"height":300,"url":"https:\/\/buy-prescriptionz.com\/wp-content\/uploads\/2025\/09\/primobolan.jpg","type":"image\/jpeg"}],"twitter_card":"summary_large_image","twitter_misc":{"Becs\u00fclt olvas\u00e1si id\u0151":"4 perc"},"schema":{"@context":"https:\/\/schema.org","@graph":[{"@type":"WebPage","@id":"https:\/\/buy-prescriptionz.com\/product\/buy-primobolan-online\/","url":"https:\/\/buy-prescriptionz.com\/product\/buy-primobolan-online\/","name":"V\u00e1s\u00e1roljon Primobolant Online - Primobolan elad\u00f3","isPartOf":{"@id":"https:\/\/buy-prescriptionz.com\/#website"},"primaryImageOfPage":{"@id":"https:\/\/buy-prescriptionz.com\/product\/buy-primobolan-online\/#primaryimage"},"image":{"@id":"https:\/\/buy-prescriptionz.com\/product\/buy-primobolan-online\/#primaryimage"},"thumbnailUrl":"https:\/\/buy-prescriptionz.com\/wp-content\/uploads\/2025\/09\/primobolan.jpg","datePublished":"2025-09-16T08:56:09+00:00","dateModified":"2025-09-25T11:42:57+00:00","description":"Itt a legjobb alkalom, hogy felkeresd online Buy-Prescriptionz \u00e1ruh\u00e1zunkat \u00e9s online v\u00e1s\u00e1rolj Primobolant. N\u00e1lunk kaphat\u00f3 Primobolan. Tal\u00e1lkozz vel\u00fcnk online \u00e9s add le rendel\u00e9sed m\u00e9g ma!","breadcrumb":{"@id":"https:\/\/buy-prescriptionz.com\/product\/buy-primobolan-online\/#breadcrumb"},"inLanguage":"hu","potentialAction":[{"@type":"ReadAction","target":["https:\/\/buy-prescriptionz.com\/product\/buy-primobolan-online\/"]}]},{"@type":"ImageObject","inLanguage":"hu","@id":"https:\/\/buy-prescriptionz.com\/product\/buy-primobolan-online\/#primaryimage","url":"https:\/\/buy-prescriptionz.com\/wp-content\/uploads\/2025\/09\/primobolan.jpg","contentUrl":"https:\/\/buy-prescriptionz.com\/wp-content\/uploads\/2025\/09\/primobolan.jpg","width":400,"height":300},{"@type":"BreadcrumbList","@id":"https:\/\/buy-prescriptionz.com\/product\/buy-primobolan-online\/#breadcrumb","itemListElement":[{"@type":"ListItem","position":1,"name":"Home","item":"https:\/\/buy-prescriptionz.com\/"},{"@type":"ListItem","position":2,"name":"Shop Painkillers Online","item":"https:\/\/buy-prescriptionz.com\/shop-painkillers-online\/"},{"@type":"ListItem","position":3,"name":"Buy Primobolan Online"}]},{"@type":"WebSite","@id":"https:\/\/buy-prescriptionz.com\/#website","url":"https:\/\/buy-prescriptionz.com\/","name":"Buy Prescriptionz","description":"Online gy\u00f3gyszerek","publisher":{"@id":"https:\/\/buy-prescriptionz.com\/#organization"},"potentialAction":[{"@type":"SearchAction","target":{"@type":"EntryPoint","urlTemplate":"https:\/\/buy-prescriptionz.com\/?s={search_term_string}"},"query-input":{"@type":"PropertyValueSpecification","valueRequired":true,"valueName":"search_term_string"}}],"inLanguage":"hu"},{"@type":"Organization","@id":"https:\/\/buy-prescriptionz.com\/#organization","name":"Buy Prescriptionz","url":"https:\/\/buy-prescriptionz.com\/","logo":{"@type":"ImageObject","inLanguage":"hu","@id":"https:\/\/buy-prescriptionz.com\/#\/schema\/logo\/image\/","url":"https:\/\/buy-prescriptionz.com\/wp-content\/uploads\/2023\/09\/logo.png","contentUrl":"https:\/\/buy-prescriptionz.com\/wp-content\/uploads\/2023\/09\/logo.png","width":350,"height":64,"caption":"Buy Prescriptionz"},"image":{"@id":"https:\/\/buy-prescriptionz.com\/#\/schema\/logo\/image\/"}}]}},"_links":{"self":[{"href":"https:\/\/buy-prescriptionz.com\/hu\/wp-json\/wp\/v2\/product\/3047","targetHints":{"allow":["GET"]}}],"collection":[{"href":"https:\/\/buy-prescriptionz.com\/hu\/wp-json\/wp\/v2\/product"}],"about":[{"href":"https:\/\/buy-prescriptionz.com\/hu\/wp-json\/wp\/v2\/types\/product"}],"replies":[{"embeddable":true,"href":"https:\/\/buy-prescriptionz.com\/hu\/wp-json\/wp\/v2\/comments?post=3047"}],"wp:featuredmedia":[{"embeddable":true,"href":"https:\/\/buy-prescriptionz.com\/hu\/wp-json\/wp\/v2\/media\/3077"}],"wp:attachment":[{"href":"https:\/\/buy-prescriptionz.com\/hu\/wp-json\/wp\/v2\/media?parent=3047"}],"wp:term":[{"taxonomy":"product_brand","embeddable":true,"href":"https:\/\/buy-prescriptionz.com\/hu\/wp-json\/wp\/v2\/product_brand?post=3047"},{"taxonomy":"product_cat","embeddable":true,"href":"https:\/\/buy-prescriptionz.com\/hu\/wp-json\/wp\/v2\/product_cat?post=3047"},{"taxonomy":"product_tag","embeddable":true,"href":"https:\/\/buy-prescriptionz.com\/hu\/wp-json\/wp\/v2\/product_tag?post=3047"}],"curies":[{"name":"wp","href":"https:\/\/api.w.org\/{rel}","templated":true}]}}