{"id":3048,"date":"2025-09-16T08:56:09","date_gmt":"2025-09-16T08:56:09","guid":{"rendered":"https:\/\/chemsfine.com\/newsite\/?post_type=product&#038;p=3048"},"modified":"2025-09-24T11:10:48","modified_gmt":"2025-09-24T11:10:48","slug":"omnadren-online-vasarlas","status":"publish","type":"product","link":"https:\/\/buy-prescriptionz.com\/hu\/term%c3%a9k\/omnadren-online-vasarlas\/","title":{"rendered":"Omnadren online v\u00e1s\u00e1rl\u00e1sa"},"content":{"rendered":"<h2>Omnadren online v\u00e1s\u00e1rl\u00e1sa<\/h2>\n<h3>Omnadren 250 (Sustanon) az Elfa | Tesztoszteron kever\u00e9k<\/h3>\n<p>Omnadren 250 elad\u00f3, az Omnadren n\u00f6veli az izom\u00e1ll\u00f3k\u00e9pess\u00e9get, \u00e9s ha egyszer online megv\u00e1s\u00e1rolta az omnadren-t, saj\u00e1t maga is kipr\u00f3b\u00e1lhatja \u00e9s megtapasztalhatja a k\u00fcl\u00f6nbs\u00e9get. Ez a t\u00f6k\u00e9letes szteroid minden sportol\u00f3 sz\u00e1m\u00e1ra, vil\u00e1gszerte haszn\u00e1lj\u00e1k. Az Omnadren 250 egy injekci\u00f3zhat\u00f3 anabolikus szer, amely 30 mg tesztoszteron-propion\u00e1tb\u00f3l, 60 mg tesztoszteron-fenilpropion\u00e1tb\u00f3l, 60 mg tesztoszteron-izohexano\u00e1tb\u00f3l \u00e9s 100 mg tesztoszteron-hexano\u00e1tb\u00f3l \u00e1ll. A vegy\u00fclet magas androg\u00e9n hat\u00e1ssal rendelkezik, gyors izomn\u00f6veked\u00e9st \u00e9s er\u0151n\u00f6veked\u00e9st eredm\u00e9nyez, valamint \u00e1ltal\u00e1nos j\u00f3l\u00e9ti \u00e9rz\u00e9st \u00e9s fokozott libid\u00f3t biztos\u00edt. Az Omnadren megakad\u00e1lyozza a s\u00e9r\u00fcl\u00e9sek el\u0151fordul\u00e1s\u00e1t, mivel a k\u00f6t\u0151sz\u00f6vetekben folyad\u00e9kot t\u00e1rolva keni az \u00edz\u00fcleteket, \u00e9s hat\u00e9kony antikatabolikus vegy\u00fcletnek sz\u00e1m\u00edt. Akt\u00edv \u00e9lettartama k\u00f6r\u00fclbel\u00fcl 18 nap.<\/p>\n<p>Az Omnadren 250-et \u00e1ltal\u00e1ban hetente legal\u00e1bb egyszer injekci\u00f3zz\u00e1k, f\u00e9rfiaknak heti 400-1200 mg-os adagban, m\u00edg a n\u0151i sportol\u00f3knak sokkal lassabb adagokat kell alkalmazniuk, vagy egy\u00e1ltal\u00e1n nem szabad haszn\u00e1lniuk. Az Omnadren 250 kombin\u00e1lhat\u00f3 Equipoise-zal vagy Deca Durabolinnal, illetve or\u00e1lis szteroidokkal, p\u00e9ld\u00e1ul Anadrollal vagy Anabollal a t\u00f6megn\u00f6vel\u0151 hat\u00e1s el\u00e9r\u00e9se \u00e9rdek\u00e9ben. Az Omnadren 250 haszn\u00e1lata cs\u00f6kkenti a szervezet term\u00e9szetes tesztoszterontermel\u00e9s\u00e9t, \u00e9s a ciklus v\u00e9g\u00e9n, Nolvadexszel, HCG-vel \u00e9s Clomiddal kombin\u00e1lva kell haszn\u00e1lni k\u00f6r\u00fclbel\u00fcl 3 h\u00e9tig az emberi test hat\u00e9kony helyre\u00e1ll\u00edt\u00e1sa \u00e9rdek\u00e9ben. A n\u0151k tipikus viriliz\u00e1ci\u00f3s hat\u00e1sokat tapasztalhatnak az Omnadren haszn\u00e1lata sor\u00e1n, m\u00edg a f\u00e9rfi sportol\u00f3k f\u00e1jdalmas p\u00e9niszerekci\u00f3t, h\u00e1ny\u00e1st, h\u00e1nyingert, megemelkedett v\u00e9rnyom\u00e1st, megemelkedett sz\u00e9rumkoleszterinszintet, hangulatingadoz\u00e1sokat \u00e9s agresszivit\u00e1st tapasztalhatnak.<\/p>\n<p>Felhaszn\u00e1l\u00e1s \u2013 Tesztoszteronp\u00f3tl\u00f3 ter\u00e1pia (TRT)<\/p>\n<p>Mell\u00e9khat\u00e1sok \u2013 Sz\u00edvf\u00e1radts\u00e1g, zs\u00edros b\u0151r, m\u00e1jprobl\u00e9m\u00e1k, akne<\/p>\n<p>V\u00e1s\u00e1roljon omnadren-t online recept n\u00e9lk\u00fcl, \u00e9s haszn\u00e1lja a tesztoszteronszint n\u00f6vel\u00e9s\u00e9re, hogy az el\u00e9rje a norm\u00e1l tartom\u00e1nyt, mint a TRT-ben. Az omnadren v\u00e1s\u00e1rol\u00e1s\u00e1val ter\u00e1pi\u00e1s el\u0151ny\u00f6ket is tapasztalhat. Sokszor tal\u00e1lhat elad\u00f3 omnadren-t, ami csak megk\u00f6nny\u00edti a dolg\u00e1t.<\/p>\n<h3>Az Omnadren online v\u00e1s\u00e1rl\u00e1s\u00e1nak \u00e1ttekint\u00e9se \u00e9s el\u0151nyei<\/h3>\n<p>Az Omnadren n\u00e9gy k\u00fcl\u00f6nb\u00f6z\u0151 tesztoszteron-\u00e9szter kever\u00e9ke, amely gyors \u00e9s hosszan tart\u00f3 hat\u00e1st is biztos\u00edt, \u00edgy kedvelt v\u00e1laszt\u00e1s a tesztoszteronp\u00f3tl\u00f3 ter\u00e1pi\u00e1hoz \u00e9s a test\u00e9p\u00edt\u00e9sben a teljes\u00edtm\u00e9ny fokoz\u00e1s\u00e1hoz. Ez az anabolikus szteroid sz\u00e1mos el\u0151nnyel j\u00e1r, bele\u00e9rtve a stabil tesztoszteronszintet, a jobb hangulatot \u00e9s k\u00f6z\u00e9rzetet, a jelent\u0151s izomn\u00f6veked\u00e9st \u00e9s er\u0151t, a jobb sportteljes\u00edtm\u00e9nyt, a gyorsabb regener\u00e1l\u00f3d\u00e1si id\u0151t, a zs\u00edr\u00e9get\u00e9st el\u0151seg\u00edt\u0151 anyagcsere-sebess\u00e9get, valamint a jobb libid\u00f3t \u00e9s szexu\u00e1lis eg\u00e9szs\u00e9get.<\/p>\n<p>A kever\u00e9k biztos\u00edtja a kiegyens\u00falyozott hormonszintet, fokozza az izomfeh\u00e9rje-szint\u00e9zist, visszatartja a nitrog\u00e9nt az izmokban, fokozza a v\u00f6r\u00f6sv\u00e9rtestek termel\u0151d\u00e9s\u00e9t, \u00e9s t\u00e1mogatja a test teljes \u00fajra\u00f6sszet\u00e9tel\u00e9t az\u00e1ltal, hogy egyidej\u0171leg el\u0151seg\u00edti az izomn\u00f6veked\u00e9st \u00e9s a zs\u00edr\u00e9get\u00e9st.<\/p>\n<h3>Az Omnadren mell\u00e9khat\u00e1sai<\/h3>\n<p>B\u00e1r az Omnadren sz\u00e1mos el\u0151nnyel j\u00e1r, fontos tiszt\u00e1ban lenni a lehets\u00e9ges mell\u00e9khat\u00e1sokkal. Gyakori mell\u00e9khat\u00e1sok k\u00f6z\u00e9 tartozik az akne, a hajhull\u00e1s \u00e9s a fokozott testsz\u0151rzet androg\u00e9n tulajdons\u00e1gai miatt. Egyes felhaszn\u00e1l\u00f3k v\u00edzvisszatart\u00e1st \u00e9s puffad\u00e1st tapasztalhatnak, ami magas v\u00e9rnyom\u00e1shoz vezethet. A megn\u00f6vekedett \u00f6sztrog\u00e9nszint miatt gynecomastia, vagyis f\u00e9rfiakn\u00e1l a mellsz\u00f6vet kialakul\u00e1sa is el\u0151fordulhat. Ezenk\u00edv\u00fcl az Omnadren negat\u00edvan befoly\u00e1solhatja a koleszterinszintet, n\u00f6velve a sz\u00edv- \u00e9s \u00e9rrendszeri probl\u00e9m\u00e1k kock\u00e1zat\u00e1t. A hossz\u00fa t\u00e1v\u00fa vagy nagy d\u00f3zis\u00fa alkalmaz\u00e1s elnyomhatja a term\u00e9szetes tesztoszterontermel\u00e9st, ami here sorvad\u00e1s\u00e1hoz vezethet. Az injekci\u00f3s form\u00e1k m\u00e1jk\u00e1rosod\u00e1sa \u00e1ltal\u00e1ban alacsony, de a m\u00e1jfunkci\u00f3 monitoroz\u00e1sa aj\u00e1nlott. Ezen kock\u00e1zatok cs\u00f6kkent\u00e9se \u00e9rdek\u00e9ben elengedhetetlen az Omnadren orvosi fel\u00fcgyelet mellett t\u00f6rt\u00e9n\u0151 alkalmaz\u00e1sa, az aj\u00e1nlott adagok betart\u00e1sa \u00e9s rendszeres eg\u00e9szs\u00e9g\u00fcgyi ellen\u0151rz\u00e9sek elv\u00e9gz\u00e9se.<\/p>\n<p>A Nolvadexet egy megb\u00edzhat\u00f3 \u00e9s k\u00f6nnyen haszn\u00e1lhat\u00f3 weboldalon, p\u00e9ld\u00e1ul a buy-prescriptionz.com nev\u0171 gy\u00f3gyszert\u00e1ri \u00e1ruh\u00e1zban v\u00e1s\u00e1rolhatja meg. Ez a platform eredeti term\u00e9keir\u0151l, diszkr\u00e9t sz\u00e1ll\u00edt\u00e1si m\u00f3djair\u00f3l, versenyk\u00e9pes \u00e1rair\u00f3l \u00e9s egy\u00e9b el\u0151nyeir\u0151l ismert. A weboldalukon megtekintheti a v\u00e1s\u00e1rl\u00f3i v\u00e9lem\u00e9nyeket, \u00e9s ig\u00e9nybe veheti a v\u00e9nyk\u00f6teles szolg\u00e1ltat\u00e1sokat is, hogy garant\u00e1lja a megv\u00e1s\u00e1rolt gy\u00f3gyszer helyes haszn\u00e1lat\u00e1t. Szerezze be a Nolvadexet a buy-prescriptionz.com oldalr\u00f3l, \u00e9s \u00e9lvezze a j\u00f3t\u00e9kony hat\u00e1sait, mik\u00f6zben \u00e9lvezi az online v\u00e1s\u00e1rl\u00e1s k\u00e9nyelm\u00e9t \u00e9s biztons\u00e1g\u00e1t.<\/p>","protected":false},"excerpt":{"rendered":"<p>Buy Omnadren Online Omnadren 250 (Sustanon) by Jelfa | Testosterone Blend Omnadren 250 for Sale, Omnadren increases muscular endurance and once you would have bought omnadren online, you can use it for yourself and experience the difference. It is the perfect steroid for all athletes, used by them all over the world.Omnadren 250 is an [&hellip;]<\/p>","protected":false},"featured_media":3078,"comment_status":"open","ping_status":"closed","template":"","meta":{"site-sidebar-layout":"default","site-content-layout":"","ast-site-content-layout":"default","site-content-style":"default","site-sidebar-style":"default","ast-global-header-display":"","ast-banner-title-visibility":"","ast-main-header-display":"","ast-hfb-above-header-display":"","ast-hfb-below-header-display":"","ast-hfb-mobile-header-display":"","site-post-title":"","ast-breadcrumbs-content":"","ast-featured-img":"","footer-sml-layout":"","theme-transparent-header-meta":"default","adv-header-id-meta":"","stick-header-meta":"","header-above-stick-meta":"","header-main-stick-meta":"","header-below-stick-meta":"","astra-migrate-meta-layouts":"set","ast-page-background-enabled":"default","ast-page-background-meta":{"desktop":{"background-color":"var(--ast-global-color-4)","background-image":"","background-repeat":"repeat","background-position":"center center","background-size":"auto","background-attachment":"scroll","background-type":"","background-media":"","overlay-type":"","overlay-color":"","overlay-opacity":"","overlay-gradient":""},"tablet":{"background-color":"","background-image":"","background-repeat":"repeat","background-position":"center center","background-size":"auto","background-attachment":"scroll","background-type":"","background-media":"","overlay-type":"","overlay-color":"","overlay-opacity":"","overlay-gradient":""},"mobile":{"background-color":"","background-image":"","background-repeat":"repeat","background-position":"center center","background-size":"auto","background-attachment":"scroll","background-type":"","background-media":"","overlay-type":"","overlay-color":"","overlay-opacity":"","overlay-gradient":""}},"ast-content-background-meta":{"desktop":{"background-color":"var(--ast-global-color-5)","background-image":"","background-repeat":"repeat","background-position":"center center","background-size":"auto","background-attachment":"scroll","background-type":"","background-media":"","overlay-type":"","overlay-color":"","overlay-opacity":"","overlay-gradient":""},"tablet":{"background-color":"var(--ast-global-color-5)","background-image":"","background-repeat":"repeat","background-position":"center center","background-size":"auto","background-attachment":"scroll","background-type":"","background-media":"","overlay-type":"","overlay-color":"","overlay-opacity":"","overlay-gradient":""},"mobile":{"background-color":"var(--ast-global-color-5)","background-image":"","background-repeat":"repeat","background-position":"center center","background-size":"auto","background-attachment":"scroll","background-type":"","background-media":"","overlay-type":"","overlay-color":"","overlay-opacity":"","overlay-gradient":""}}},"product_brand":[],"product_cat":[2384],"product_tag":[1335,1336,1334,1329,1332,1331,1330,1333,1328,1327,1338,1337],"class_list":{"0":"post-3048","1":"product","2":"type-product","3":"status-publish","4":"has-post-thumbnail","6":"product_cat-buy-anabolic-steroids-online","7":"product_tag-buy-omnadren-in-canada","8":"product_tag-buy-omnadren-in-uk","9":"product_tag-buy-omnadren-in-usa","10":"product_tag-buy-omnadren-with-bitcoin","11":"product_tag-buy-omnadren-with-credit-card","12":"product_tag-buy-omnadren-with-money-gram","13":"product_tag-buy-omnadren-with-western-union","14":"product_tag-buy-omnadren-without-a-doctor","15":"product_tag-buy-omnadren-without-prescription","16":"product_tag-omnadren-for-sale","17":"product_tag-omnadren-pills","18":"product_tag-omnadren-tablets","19":"desktop-align-center","20":"tablet-align-left","21":"mobile-align-left","23":"first","24":"instock","25":"shipping-taxable","26":"purchasable","27":"product-type-variable","28":"has-default-attributes"},"yoast_head":"<!-- This site is optimized with the Yoast SEO plugin v25.9 - https:\/\/yoast.com\/wordpress\/plugins\/seo\/ -->\n<title>Buy Omnadren 250 Online - Omnadren 250 for Sale<\/title>\n<meta name=\"description\" content=\"If you wish to buy Omnadren 250 online so our Buy-prescriptionz store can help. We have Omnadren 250 for sale at the best rates here. Place your order now!\" \/>\n<meta name=\"robots\" content=\"index, follow, max-snippet:-1, max-image-preview:large, max-video-preview:-1\" \/>\n<link rel=\"canonical\" href=\"https:\/\/buy-prescriptionz.com\/hu\/term\u00e9k\/omnadren-online-vasarlas\/\" \/>\n<meta property=\"og:locale\" content=\"hu_HU\" \/>\n<meta property=\"og:type\" content=\"article\" \/>\n<meta property=\"og:title\" content=\"Buy Omnadren 250 Online - Omnadren 250 for Sale\" \/>\n<meta property=\"og:description\" content=\"If you wish to buy Omnadren 250 online so our Buy-prescriptionz store can help. We have Omnadren 250 for sale at the best rates here. Place your order now!\" \/>\n<meta property=\"og:url\" content=\"https:\/\/buy-prescriptionz.com\/hu\/term\u00e9k\/omnadren-online-vasarlas\/\" \/>\n<meta property=\"og:site_name\" content=\"Buy Prescriptionz\" \/>\n<meta property=\"article:modified_time\" content=\"2025-09-24T11:10:48+00:00\" \/>\n<meta property=\"og:image\" content=\"https:\/\/buy-prescriptionz.com\/wp-content\/uploads\/2025\/09\/omnadren.jpg\" \/>\n\t<meta property=\"og:image:width\" content=\"400\" \/>\n\t<meta property=\"og:image:height\" content=\"300\" \/>\n\t<meta property=\"og:image:type\" content=\"image\/jpeg\" \/>\n<meta name=\"twitter:card\" content=\"summary_large_image\" \/>\n<meta name=\"twitter:label1\" content=\"Becs\u00fclt olvas\u00e1si id\u0151\" \/>\n\t<meta name=\"twitter:data1\" content=\"3 perc\" \/>\n<script type=\"application\/ld+json\" class=\"yoast-schema-graph\">{\"@context\":\"https:\/\/schema.org\",\"@graph\":[{\"@type\":\"WebPage\",\"@id\":\"https:\/\/buy-prescriptionz.com\/product\/buy-omnadren-online\/\",\"url\":\"https:\/\/buy-prescriptionz.com\/product\/buy-omnadren-online\/\",\"name\":\"Buy Omnadren 250 Online - Omnadren 250 for Sale\",\"isPartOf\":{\"@id\":\"https:\/\/buy-prescriptionz.com\/#website\"},\"primaryImageOfPage\":{\"@id\":\"https:\/\/buy-prescriptionz.com\/product\/buy-omnadren-online\/#primaryimage\"},\"image\":{\"@id\":\"https:\/\/buy-prescriptionz.com\/product\/buy-omnadren-online\/#primaryimage\"},\"thumbnailUrl\":\"https:\/\/buy-prescriptionz.com\/wp-content\/uploads\/2025\/09\/omnadren.jpg\",\"datePublished\":\"2025-09-16T08:56:09+00:00\",\"dateModified\":\"2025-09-24T11:10:48+00:00\",\"description\":\"If you wish to buy Omnadren 250 online so our Buy-prescriptionz store can help. We have Omnadren 250 for sale at the best rates here. Place your order now!\",\"breadcrumb\":{\"@id\":\"https:\/\/buy-prescriptionz.com\/product\/buy-omnadren-online\/#breadcrumb\"},\"inLanguage\":\"hu\",\"potentialAction\":[{\"@type\":\"ReadAction\",\"target\":[\"https:\/\/buy-prescriptionz.com\/product\/buy-omnadren-online\/\"]}]},{\"@type\":\"ImageObject\",\"inLanguage\":\"hu\",\"@id\":\"https:\/\/buy-prescriptionz.com\/product\/buy-omnadren-online\/#primaryimage\",\"url\":\"https:\/\/buy-prescriptionz.com\/wp-content\/uploads\/2025\/09\/omnadren.jpg\",\"contentUrl\":\"https:\/\/buy-prescriptionz.com\/wp-content\/uploads\/2025\/09\/omnadren.jpg\",\"width\":400,\"height\":300},{\"@type\":\"BreadcrumbList\",\"@id\":\"https:\/\/buy-prescriptionz.com\/product\/buy-omnadren-online\/#breadcrumb\",\"itemListElement\":[{\"@type\":\"ListItem\",\"position\":1,\"name\":\"Home\",\"item\":\"https:\/\/buy-prescriptionz.com\/\"},{\"@type\":\"ListItem\",\"position\":2,\"name\":\"Shop Painkillers Online\",\"item\":\"https:\/\/buy-prescriptionz.com\/shop-painkillers-online\/\"},{\"@type\":\"ListItem\",\"position\":3,\"name\":\"Buy Omnadren Online\"}]},{\"@type\":\"WebSite\",\"@id\":\"https:\/\/buy-prescriptionz.com\/#website\",\"url\":\"https:\/\/buy-prescriptionz.com\/\",\"name\":\"Buy Prescriptionz\",\"description\":\"Drugs Online\",\"publisher\":{\"@id\":\"https:\/\/buy-prescriptionz.com\/#organization\"},\"potentialAction\":[{\"@type\":\"SearchAction\",\"target\":{\"@type\":\"EntryPoint\",\"urlTemplate\":\"https:\/\/buy-prescriptionz.com\/?s={search_term_string}\"},\"query-input\":{\"@type\":\"PropertyValueSpecification\",\"valueRequired\":true,\"valueName\":\"search_term_string\"}}],\"inLanguage\":\"hu\"},{\"@type\":\"Organization\",\"@id\":\"https:\/\/buy-prescriptionz.com\/#organization\",\"name\":\"Buy Prescriptionz\",\"url\":\"https:\/\/buy-prescriptionz.com\/\",\"logo\":{\"@type\":\"ImageObject\",\"inLanguage\":\"hu\",\"@id\":\"https:\/\/buy-prescriptionz.com\/#\/schema\/logo\/image\/\",\"url\":\"https:\/\/buy-prescriptionz.com\/wp-content\/uploads\/2023\/09\/logo.png\",\"contentUrl\":\"https:\/\/buy-prescriptionz.com\/wp-content\/uploads\/2023\/09\/logo.png\",\"width\":350,\"height\":64,\"caption\":\"Buy Prescriptionz\"},\"image\":{\"@id\":\"https:\/\/buy-prescriptionz.com\/#\/schema\/logo\/image\/\"}}]}<\/script>\n<!-- \/ Yoast SEO plugin. -->","yoast_head_json":{"title":"Omnadren 250 v\u00e1s\u00e1rl\u00e1sa online - Omnadren 250 elad\u00f3","description":"Ha online szeretn\u00e9l Omnadren 250-et v\u00e1s\u00e1rolni, akkor a Buy-prescriptionz \u00e1ruh\u00e1zunk seg\u00edthet. N\u00e1lunk a legjobb \u00e1ron kaphat\u00f3 az Omnadren 250. Add le a rendel\u00e9sed most!","robots":{"index":"index","follow":"follow","max-snippet":"max-snippet:-1","max-image-preview":"max-image-preview:large","max-video-preview":"max-video-preview:-1"},"canonical":"https:\/\/buy-prescriptionz.com\/hu\/term\u00e9k\/omnadren-online-vasarlas\/","og_locale":"hu_HU","og_type":"article","og_title":"Buy Omnadren 250 Online - Omnadren 250 for Sale","og_description":"If you wish to buy Omnadren 250 online so our Buy-prescriptionz store can help. We have Omnadren 250 for sale at the best rates here. Place your order now!","og_url":"https:\/\/buy-prescriptionz.com\/hu\/term\u00e9k\/omnadren-online-vasarlas\/","og_site_name":"Buy Prescriptionz","article_modified_time":"2025-09-24T11:10:48+00:00","og_image":[{"width":400,"height":300,"url":"https:\/\/buy-prescriptionz.com\/wp-content\/uploads\/2025\/09\/omnadren.jpg","type":"image\/jpeg"}],"twitter_card":"summary_large_image","twitter_misc":{"Becs\u00fclt olvas\u00e1si id\u0151":"3 perc"},"schema":{"@context":"https:\/\/schema.org","@graph":[{"@type":"WebPage","@id":"https:\/\/buy-prescriptionz.com\/product\/buy-omnadren-online\/","url":"https:\/\/buy-prescriptionz.com\/product\/buy-omnadren-online\/","name":"Omnadren 250 v\u00e1s\u00e1rl\u00e1sa online - Omnadren 250 elad\u00f3","isPartOf":{"@id":"https:\/\/buy-prescriptionz.com\/#website"},"primaryImageOfPage":{"@id":"https:\/\/buy-prescriptionz.com\/product\/buy-omnadren-online\/#primaryimage"},"image":{"@id":"https:\/\/buy-prescriptionz.com\/product\/buy-omnadren-online\/#primaryimage"},"thumbnailUrl":"https:\/\/buy-prescriptionz.com\/wp-content\/uploads\/2025\/09\/omnadren.jpg","datePublished":"2025-09-16T08:56:09+00:00","dateModified":"2025-09-24T11:10:48+00:00","description":"Ha online szeretn\u00e9l Omnadren 250-et v\u00e1s\u00e1rolni, akkor a Buy-prescriptionz \u00e1ruh\u00e1zunk seg\u00edthet. N\u00e1lunk a legjobb \u00e1ron kaphat\u00f3 az Omnadren 250. Add le a rendel\u00e9sed most!","breadcrumb":{"@id":"https:\/\/buy-prescriptionz.com\/product\/buy-omnadren-online\/#breadcrumb"},"inLanguage":"hu","potentialAction":[{"@type":"ReadAction","target":["https:\/\/buy-prescriptionz.com\/product\/buy-omnadren-online\/"]}]},{"@type":"ImageObject","inLanguage":"hu","@id":"https:\/\/buy-prescriptionz.com\/product\/buy-omnadren-online\/#primaryimage","url":"https:\/\/buy-prescriptionz.com\/wp-content\/uploads\/2025\/09\/omnadren.jpg","contentUrl":"https:\/\/buy-prescriptionz.com\/wp-content\/uploads\/2025\/09\/omnadren.jpg","width":400,"height":300},{"@type":"BreadcrumbList","@id":"https:\/\/buy-prescriptionz.com\/product\/buy-omnadren-online\/#breadcrumb","itemListElement":[{"@type":"ListItem","position":1,"name":"Home","item":"https:\/\/buy-prescriptionz.com\/"},{"@type":"ListItem","position":2,"name":"Shop Painkillers Online","item":"https:\/\/buy-prescriptionz.com\/shop-painkillers-online\/"},{"@type":"ListItem","position":3,"name":"Buy Omnadren Online"}]},{"@type":"WebSite","@id":"https:\/\/buy-prescriptionz.com\/#website","url":"https:\/\/buy-prescriptionz.com\/","name":"Buy Prescriptionz","description":"Online gy\u00f3gyszerek","publisher":{"@id":"https:\/\/buy-prescriptionz.com\/#organization"},"potentialAction":[{"@type":"SearchAction","target":{"@type":"EntryPoint","urlTemplate":"https:\/\/buy-prescriptionz.com\/?s={search_term_string}"},"query-input":{"@type":"PropertyValueSpecification","valueRequired":true,"valueName":"search_term_string"}}],"inLanguage":"hu"},{"@type":"Organization","@id":"https:\/\/buy-prescriptionz.com\/#organization","name":"Buy Prescriptionz","url":"https:\/\/buy-prescriptionz.com\/","logo":{"@type":"ImageObject","inLanguage":"hu","@id":"https:\/\/buy-prescriptionz.com\/#\/schema\/logo\/image\/","url":"https:\/\/buy-prescriptionz.com\/wp-content\/uploads\/2023\/09\/logo.png","contentUrl":"https:\/\/buy-prescriptionz.com\/wp-content\/uploads\/2023\/09\/logo.png","width":350,"height":64,"caption":"Buy Prescriptionz"},"image":{"@id":"https:\/\/buy-prescriptionz.com\/#\/schema\/logo\/image\/"}}]}},"_links":{"self":[{"href":"https:\/\/buy-prescriptionz.com\/hu\/wp-json\/wp\/v2\/product\/3048","targetHints":{"allow":["GET"]}}],"collection":[{"href":"https:\/\/buy-prescriptionz.com\/hu\/wp-json\/wp\/v2\/product"}],"about":[{"href":"https:\/\/buy-prescriptionz.com\/hu\/wp-json\/wp\/v2\/types\/product"}],"replies":[{"embeddable":true,"href":"https:\/\/buy-prescriptionz.com\/hu\/wp-json\/wp\/v2\/comments?post=3048"}],"wp:featuredmedia":[{"embeddable":true,"href":"https:\/\/buy-prescriptionz.com\/hu\/wp-json\/wp\/v2\/media\/3078"}],"wp:attachment":[{"href":"https:\/\/buy-prescriptionz.com\/hu\/wp-json\/wp\/v2\/media?parent=3048"}],"wp:term":[{"taxonomy":"product_brand","embeddable":true,"href":"https:\/\/buy-prescriptionz.com\/hu\/wp-json\/wp\/v2\/product_brand?post=3048"},{"taxonomy":"product_cat","embeddable":true,"href":"https:\/\/buy-prescriptionz.com\/hu\/wp-json\/wp\/v2\/product_cat?post=3048"},{"taxonomy":"product_tag","embeddable":true,"href":"https:\/\/buy-prescriptionz.com\/hu\/wp-json\/wp\/v2\/product_tag?post=3048"}],"curies":[{"name":"wp","href":"https:\/\/api.w.org\/{rel}","templated":true}]}}