{"id":3050,"date":"2025-09-16T08:56:09","date_gmt":"2025-09-16T08:56:09","guid":{"rendered":"https:\/\/chemsfine.com\/newsite\/?post_type=product&#038;p=3050"},"modified":"2025-09-23T06:56:26","modified_gmt":"2025-09-23T06:56:26","slug":"metiltesztoszteron-vasarlas-online","status":"publish","type":"product","link":"https:\/\/buy-prescriptionz.com\/hu\/term%c3%a9k\/metiltesztoszteron-vasarlas-online\/","title":{"rendered":"V\u00e1s\u00e1rl\u00e1s Methyltestosterone Online"},"content":{"rendered":"<h2>V\u00e1s\u00e1rl\u00e1s Methyltestosterone Online<\/h2>\n<h3>V\u00e1s\u00e1rl\u00e1s Methyltestosterone 25 mg online a buy-prescriptionz.com oldalon.<\/h3>\n<p>V\u00e1s\u00e1roljon <a href=\"https:\/\/buy-prescriptionz.com\/hu\/\">Metil-tesztoszteron<\/a> szteroid anyag a f\u00e9rfiak alacsony tesztoszteronszintj\u00e9nek \u00e9s a fiatal f\u00e9rfiak k\u00e9s\u0151i pubert\u00e1s\u00e1nak kezel\u00e9s\u00e9re. Alacsony d\u00f3zisban klimaxos hormonkezel\u00e9sk\u00e9nt klimaxos probl\u00e9m\u00e1k, p\u00e9ld\u00e1ul h\u0151hull\u00e1mok, csontritkul\u00e1s \u00e9s alacsony szexu\u00e1lis v\u00e1gy n\u0151kn\u00e9l, valamint mellprobl\u00e9m\u00e1k kezel\u00e9s\u00e9re n\u0151kn\u00e9l. V\u00e1s\u00e1rl\u00e1s<br \/>\n25 mg metil-tesztoszteron sz\u00e1jon \u00e1t t\u00f6rt\u00e9n\u0151 alkalmaz\u00e1sra.<\/p>\n<h3>Metil-tesztoszteron 25 mg elad\u00f3 n\u0151k sz\u00e1m\u00e1ra<\/h3>\n<p>Metil-tesztoszteron 25 mg online a k\u00e9s\u0151i pubert\u00e1s, hipogonadizmus, kriptorchizmus \u00e9s mereved\u00e9si zavarok kezel\u00e9s\u00e9re f\u00e9rfiakn\u00e1l, valamint alacsony d\u00f3zisban a menopauza mell\u00e9khat\u00e1sainak kezel\u00e9s\u00e9re \u00e9s csontritkul\u00e1s, h\u0151hull\u00e1mok, valamint a hajt\u00f3er\u0151 \u00e9s vitalit\u00e1s n\u00f6vel\u00e9s\u00e9re.<\/p>\n<p>Kis d\u00f3zisban, \u00e9szterezett \u00f6sztrog\u00e9nekkel keverve, a n\u0151kn\u00e9l a menopauz\u00e1val kapcsolatos m\u00e9rs\u00e9kelt \u00e9s sz\u00e9ls\u0151s\u00e9ges vasomotoros t\u00fcnetek kezel\u00e9s\u00e9re szolg\u00e1l\u00f3 j\u00f3v\u00e1hagy\u00e1sk\u00e9nt kaphat\u00f3. A buy-prescriptionz.com, tudni fogja, hogyan kell v\u00e1s\u00e1rolni Methyltestosterone 25 mg online l\u00e9p\u00e9sr\u0151l l\u00e9p\u00e9sre online t\u00e1mogat\u00e1ssal.<\/p>\n<h3>V\u00e1s\u00e1rl\u00e1s Methyltestosterone Online<\/h3>\n<p>A metiltesztoszteron egy szintetikus anabolikus szteroid, amelyet tesztoszteronb\u00f3l sz\u00e1rmaztatnak. Els\u0151sorban f\u00e9rfiakn\u00e1l az alacsony tesztoszteronszint okozta \u00e1llapotok, p\u00e9ld\u00e1ul a hipogonadizmus, a k\u00e9sleltetett pubert\u00e1s \u00e9s az impotencia kezel\u00e9s\u00e9re haszn\u00e1lj\u00e1k. N\u0151knek eml\u0151r\u00e1k \u00e9s bizonyos t\u00edpus\u00fa eml\u0151f\u00e1jdalmak kezel\u00e9s\u00e9re is fel\u00edrj\u00e1k. A legjobb metiltesztoszteron a szervezet term\u00e9szetes tesztoszteronszintj\u00e9nek kieg\u00e9sz\u00edt\u00e9s\u00e9vel fejti ki hat\u00e1s\u00e1t, ez\u00e1ltal el\u0151seg\u00edtve a f\u00e9rfi nemi jellegek kialakul\u00e1s\u00e1t \u00e9s fenntart\u00e1s\u00e1t, valamint t\u00e1mogatva a k\u00fcl\u00f6nb\u00f6z\u0151 testi funkci\u00f3kat.<\/p>\n<h4>A metiltesztoszteron el\u0151nyei<\/h4>\n<ol>\n<li>Hipogonadizmus kezel\u00e9se: A metiltesztoszteron hat\u00e9kony a f\u00e9rfiak hipogonadizmus\u00e1nak kezel\u00e9s\u00e9ben, amely \u00e1llapot sor\u00e1n a szervezet nem termel elegend\u0151 tesztoszteront. Ez a kezel\u00e9s seg\u00edt vissza\u00e1ll\u00edtani a norm\u00e1lis tesztoszteronszintet, jav\u00edtva a szexu\u00e1lis funkci\u00f3kat \u00e9s az \u00e1ltal\u00e1nos j\u00f3l\u00e9tet.<\/li>\n<li>K\u00e9sleltetett pubert\u00e1s: A k\u00e9sleltetett pubert\u00e1skorban szenved\u0151 fi\u00fakn\u00e1l a metiltesztoszteron serkentheti a m\u00e1sodlagos szexu\u00e1lis jellemz\u0151k kialakul\u00e1s\u00e1t, mint p\u00e9ld\u00e1ul a megn\u00f6vekedett izomt\u00f6meg, a hang m\u00e9ly\u00fcl\u00e9se, valamint az arc- \u00e9s testsz\u0151rzet n\u00f6veked\u00e9se.<\/li>\n<li>Fokozott izomt\u00f6meg \u00e9s er\u0151: A metiltesztoszteron el\u0151seg\u00edti a feh\u00e9rjeszint\u00e9zist, ami az izomt\u00f6meg \u00e9s az er\u0151 n\u00f6veked\u00e9s\u00e9hez vezet. Ez k\u00fcl\u00f6n\u00f6sen el\u0151ny\u00f6s a test\u00e9p\u00edt\u0151k \u00e9s a sportol\u00f3k sz\u00e1m\u00e1ra, b\u00e1r felel\u0151ss\u00e9gteljesen kell haszn\u00e1lni a vissza\u00e9l\u00e9sek elker\u00fcl\u00e9se \u00e9rdek\u00e9ben.<\/li>\n<li>Mellr\u00e1k kezel\u00e9se: N\u0151kn\u00e9l a metiltesztoszteron bizonyos t\u00edpus\u00fa eml\u0151r\u00e1k kezel\u00e9s\u00e9re alkalmazhat\u00f3. Az \u00f6sztrog\u00e9ntermel\u00e9s cs\u00f6kkent\u00e9s\u00e9vel lass\u00edtja az \u00f6sztrog\u00e9nf\u00fcgg\u0151 r\u00e1kos sejtek n\u00f6veked\u00e9s\u00e9t.<\/li>\n<li>Jav\u00edtott csonts\u0171r\u0171s\u00e9g: A tesztoszteronszint n\u00f6vel\u00e9s\u00e9vel a metiltesztoszteron seg\u00edt jav\u00edtani a csonts\u0171r\u0171s\u00e9get, cs\u00f6kkentve a csontritkul\u00e1s \u00e9s a t\u00f6r\u00e9sek kock\u00e1zat\u00e1t, k\u00fcl\u00f6n\u00f6sen az alacsony tesztoszteronszint\u0171 f\u00e9rfiakn\u00e1l.<\/li>\n<\/ol>\n<h4>A metiltesztoszteron mell\u00e9khat\u00e1sai<\/h4>\n<ol>\n<li>M\u00e1jtoxicit\u00e1s: A metiltesztoszteron egyik jelent\u0151s kock\u00e1zata a m\u00e1jtoxicit\u00e1s, amely s\u00falyos m\u00e1jk\u00e1rosod\u00e1shoz vezethet, ha nem ellen\u0151rzik szorosan.<\/li>\n<li>Sz\u00edv- \u00e9s \u00e9rrendszeri probl\u00e9m\u00e1k: A metiltesztoszteron n\u00f6velheti a sz\u00edv- \u00e9s \u00e9rrendszeri probl\u00e9m\u00e1k, t\u00f6bbek k\u00f6z\u00f6tt a sz\u00edvroham, a stroke \u00e9s a magas v\u00e9rnyom\u00e1s kock\u00e1zat\u00e1t.<\/li>\n<li>Hormon\u00e1lis egyens\u00falyhi\u00e1ny: F\u00e9rfiakn\u00e1l a t\u00falzott haszn\u00e1lat hormon\u00e1lis egyens\u00falyhi\u00e1nyhoz vezethet, ami olyan \u00e1llapotokat okozhat, mint a gynecomastia (mellnagyobbod\u00e1s) \u00e9s a her\u00e9k sorvad\u00e1sa (a her\u00e9k zsugorod\u00e1sa).<\/li>\n<li>Hangulatv\u00e1ltoz\u00e1sok: A felhaszn\u00e1l\u00f3k hangulatingadoz\u00e1sokat, agresszi\u00f3t \u00e9s egy\u00e9b pszichol\u00f3giai hat\u00e1sokat tapasztalhatnak.<\/li>\n<li>Viriliz\u00e1ci\u00f3 n\u0151kn\u00e9l: A metiltesztoszteront szed\u0151 n\u0151k viriliz\u00e1ci\u00f3t tapasztalhatnak, amely olyan t\u00fcneteket foglal mag\u00e1ban, mint a hang m\u00e9ly\u00fcl\u00e9se, a fokozott testsz\u0151rzet \u00e9s a menstru\u00e1ci\u00f3s zavarok.<\/li>\n<li>Egy\u00e9b mell\u00e9khat\u00e1sok: Gyakori mell\u00e9khat\u00e1sok k\u00f6z\u00e9 tartozik a pattan\u00e1sok, a hajhull\u00e1s \u00e9s a libid\u00f3 v\u00e1ltoz\u00e1sa.<\/li>\n<\/ol>\n<p>Er\u0151s hat\u00e1sai \u00e9s lehets\u00e9ges kock\u00e1zatai miatt a metiltesztoszteront szigor\u00fa orvosi fel\u00fcgyelet mellett kell alkalmazni. Rendk\u00edv\u00fcl fontos az el\u0151\u00edrt adagol\u00e1s betart\u00e1sa \u00e9s rendszeres orvosi vizsg\u00e1latokon val\u00f3 r\u00e9szv\u00e9tel az eg\u00e9szs\u00e9gre gyakorolt \u200b\u200bhat\u00e1s\u00e1nak nyomon k\u00f6vet\u00e9se \u00e9rdek\u00e9ben.<\/p>\n<p>Tov\u00e1bbi inform\u00e1ci\u00f3k\u00e9rt \u00e9s a metiltesztoszteron megv\u00e1s\u00e1rl\u00e1s\u00e1hoz l\u00e1togassa meg a buy-prescriptionz.com legjobb gy\u00f3gyszert\u00e1ri \u00e1ruh\u00e1zat.<\/p>\n<h3>V\u00e1s\u00e1rl\u00e1s Methyltestosterone 25 mg diszkr\u00e9t csomagol\u00e1sban<\/h3>\n<p>A rendelkez\u00e9sre \u00e1ll\u00f3 d\u00f3zisok f\u00e9rfiakn\u00e1l 10-50 mg\/nap alapvet\u0151en hipogonadizmus \u00e9s k\u00e9s\u0151i pubert\u00e1s kezel\u00e9s\u00e9re, n\u0151kn\u00e9l pedig 2,5 mg\/nap menopauz\u00e1lis t\u00fcnetek kezel\u00e9s\u00e9re. Kapjon gyors \u00e9s biztons\u00e1gos sz\u00e1ll\u00edt\u00e1si szolg\u00e1ltat\u00e1st a magasabb, 50 \u00e9s 200 mg\/nap k\u00f6z\u00f6tti d\u00f3zisokhoz a mellekkel kapcsolatos probl\u00e9m\u00e1k eset\u00e9n.<\/p>\n<h3>V\u00e1s\u00e1rl\u00e1s Methyltestosterone 25 mg v\u00e9ny n\u00e9lk\u00fcl<\/h3>\n<p>A metiltesztoszteront s\u00falyemel\u0151k haszn\u00e1lj\u00e1k. A buy-prescriptionz.com a megfelel\u0151 hely a 25 mg-os metiltesztoszteron online v\u00e1s\u00e1rl\u00e1s\u00e1hoz. AAS-k\u00e9nt a metiltesztoszteron az androg\u00e9nreceptor agonist\u00e1ja, szemben az olyan androg\u00e9nekkel, mint a tesztoszteron \u00e9s a dihidrotesztoszteron.<\/p>\n<p>Rendeljen metil-tesztoszteron 25 mg online, mint az 5\u03b1-redukt\u00e1z szubsztr\u00e1tja, mint a tesztoszteron, mivel potenci\u00e1l\u00f3dik az \u00e1ll\u00edt\u00f3lagos androg\u00e9n sz\u00f6vetekben, mint a b\u0151r, a sz\u0151rt\u00fcsz\u0151k \u00e9s a prosztata szerv.<\/p>\n<p>Mint ilyen, a metil-tesztoszteron m\u00e9rs\u00e9kelten alacsony ar\u00e1nyban anabolikus \u00e9s androg\u00e9n hat\u00e1s\u00fa, a tesztoszteron\u00e9hoz k\u00e9pest egyens\u00falyban van. Most, akkor v\u00e1s\u00e1rolni Methyltestosterone 25 mg orvos n\u00e9lk\u00fcl a buy-prescriptionz.com gyors \u00e9s biztons\u00e1gos sz\u00e1ll\u00edt\u00e1si szolg\u00e1ltat\u00e1ssal.<\/p>\n<p>V\u00e1s\u00e1rl\u00e1s Methyltestosterone 25 mg online mind a f\u00e9rfiak, mind a n\u0151k sz\u00e1m\u00e1ra, akik keresik ezt a gy\u00f3gyszert, hogy v\u00e1s\u00e1rolni Methyltestosterone 25 mg olcs\u00f3 \u00e1ron, akkor buy-prescriptionz.com az online port\u00e1l minden sz\u00fcks\u00e9ges min\u0151s\u00e9g\u0171 \u00e9s mennyis\u00e9g\u0171.<\/p>","protected":false},"excerpt":{"rendered":"<p>Buy Methyltestosterone Online Buy Methyltestosterone 25 mg online at buy-prescriptionz.com Buy Methyltestosterone Online, is an androgen and anabolic steroid substance for the treatment of low testosterone levels in men, and late puberty in young men. At low dosages as a menopausal hormone treatment for menopausal issues like hot flashes, osteoporosis, and low sexual drive in [&hellip;]<\/p>","protected":false},"featured_media":3080,"comment_status":"open","ping_status":"closed","template":"","meta":{"site-sidebar-layout":"default","site-content-layout":"","ast-site-content-layout":"default","site-content-style":"default","site-sidebar-style":"default","ast-global-header-display":"","ast-banner-title-visibility":"","ast-main-header-display":"","ast-hfb-above-header-display":"","ast-hfb-below-header-display":"","ast-hfb-mobile-header-display":"","site-post-title":"","ast-breadcrumbs-content":"","ast-featured-img":"","footer-sml-layout":"","theme-transparent-header-meta":"default","adv-header-id-meta":"","stick-header-meta":"","header-above-stick-meta":"","header-main-stick-meta":"","header-below-stick-meta":"","astra-migrate-meta-layouts":"set","ast-page-background-enabled":"default","ast-page-background-meta":{"desktop":{"background-color":"var(--ast-global-color-4)","background-image":"","background-repeat":"repeat","background-position":"center center","background-size":"auto","background-attachment":"scroll","background-type":"","background-media":"","overlay-type":"","overlay-color":"","overlay-opacity":"","overlay-gradient":""},"tablet":{"background-color":"","background-image":"","background-repeat":"repeat","background-position":"center center","background-size":"auto","background-attachment":"scroll","background-type":"","background-media":"","overlay-type":"","overlay-color":"","overlay-opacity":"","overlay-gradient":""},"mobile":{"background-color":"","background-image":"","background-repeat":"repeat","background-position":"center center","background-size":"auto","background-attachment":"scroll","background-type":"","background-media":"","overlay-type":"","overlay-color":"","overlay-opacity":"","overlay-gradient":""}},"ast-content-background-meta":{"desktop":{"background-color":"var(--ast-global-color-5)","background-image":"","background-repeat":"repeat","background-position":"center center","background-size":"auto","background-attachment":"scroll","background-type":"","background-media":"","overlay-type":"","overlay-color":"","overlay-opacity":"","overlay-gradient":""},"tablet":{"background-color":"var(--ast-global-color-5)","background-image":"","background-repeat":"repeat","background-position":"center center","background-size":"auto","background-attachment":"scroll","background-type":"","background-media":"","overlay-type":"","overlay-color":"","overlay-opacity":"","overlay-gradient":""},"mobile":{"background-color":"var(--ast-global-color-5)","background-image":"","background-repeat":"repeat","background-position":"center center","background-size":"auto","background-attachment":"scroll","background-type":"","background-media":"","overlay-type":"","overlay-color":"","overlay-opacity":"","overlay-gradient":""}}},"product_brand":[],"product_cat":[2384],"product_tag":[1194,1195,1193,1188,1191,1190,1189,1192,1187,1186,1197,1196],"class_list":{"0":"post-3050","1":"product","2":"type-product","3":"status-publish","4":"has-post-thumbnail","6":"product_cat-buy-anabolic-steroids-online","7":"product_tag-buy-methyltestosterone-in-canada","8":"product_tag-buy-methyltestosterone-in-uk","9":"product_tag-buy-methyltestosterone-in-usa","10":"product_tag-buy-methyltestosterone-with-bitcoin","11":"product_tag-buy-methyltestosterone-with-credit-card","12":"product_tag-buy-methyltestosterone-with-money-gram","13":"product_tag-buy-methyltestosterone-with-western-union","14":"product_tag-buy-methyltestosterone-without-a-doctor","15":"product_tag-buy-methyltestosterone-without-prescription","16":"product_tag-methyltestosterone-for-sale","17":"product_tag-methyltestosterone-pills","18":"product_tag-methyltestosterone-tablets","19":"desktop-align-center","20":"tablet-align-left","21":"mobile-align-left","23":"first","24":"instock","25":"shipping-taxable","26":"purchasable","27":"product-type-variable","28":"has-default-attributes"},"yoast_head":"<!-- This site is optimized with the Yoast SEO plugin v25.9 - https:\/\/yoast.com\/wordpress\/plugins\/seo\/ -->\n<title>Buy Methyltestosterone Online - Methyltestosterone for Sale<\/title>\n<meta name=\"description\" content=\"You can get Methyltestosterone for sale at our Buy-Prescriptionz store and get it at your doorstep without any hassle. We help you buy Methyltestosterone online. Order Now!\" \/>\n<meta name=\"robots\" content=\"index, follow, max-snippet:-1, max-image-preview:large, max-video-preview:-1\" \/>\n<link rel=\"canonical\" href=\"https:\/\/buy-prescriptionz.com\/hu\/term\u00e9k\/metiltesztoszteron-vasarlas-online\/\" \/>\n<meta property=\"og:locale\" content=\"hu_HU\" \/>\n<meta property=\"og:type\" content=\"article\" \/>\n<meta property=\"og:title\" content=\"Buy Methyltestosterone Online - Methyltestosterone for Sale\" \/>\n<meta property=\"og:description\" content=\"You can get Methyltestosterone for sale at our Buy-Prescriptionz store and get it at your doorstep without any hassle. We help you buy Methyltestosterone online. Order Now!\" \/>\n<meta property=\"og:url\" content=\"https:\/\/buy-prescriptionz.com\/hu\/term\u00e9k\/metiltesztoszteron-vasarlas-online\/\" \/>\n<meta property=\"og:site_name\" content=\"Buy Prescriptionz\" \/>\n<meta property=\"article:modified_time\" content=\"2025-09-23T06:56:26+00:00\" \/>\n<meta property=\"og:image\" content=\"https:\/\/buy-prescriptionz.com\/wp-content\/uploads\/2025\/09\/methyltestosterone.jpg\" \/>\n\t<meta property=\"og:image:width\" content=\"400\" \/>\n\t<meta property=\"og:image:height\" content=\"300\" \/>\n\t<meta property=\"og:image:type\" content=\"image\/jpeg\" \/>\n<meta name=\"twitter:card\" content=\"summary_large_image\" \/>\n<meta name=\"twitter:label1\" content=\"Becs\u00fclt olvas\u00e1si id\u0151\" \/>\n\t<meta name=\"twitter:data1\" content=\"4 perc\" \/>\n<script type=\"application\/ld+json\" class=\"yoast-schema-graph\">{\"@context\":\"https:\/\/schema.org\",\"@graph\":[{\"@type\":\"WebPage\",\"@id\":\"https:\/\/buy-prescriptionz.com\/product\/buy-methyltestosterone-online\/\",\"url\":\"https:\/\/buy-prescriptionz.com\/product\/buy-methyltestosterone-online\/\",\"name\":\"Buy Methyltestosterone Online - Methyltestosterone for Sale\",\"isPartOf\":{\"@id\":\"https:\/\/buy-prescriptionz.com\/#website\"},\"primaryImageOfPage\":{\"@id\":\"https:\/\/buy-prescriptionz.com\/product\/buy-methyltestosterone-online\/#primaryimage\"},\"image\":{\"@id\":\"https:\/\/buy-prescriptionz.com\/product\/buy-methyltestosterone-online\/#primaryimage\"},\"thumbnailUrl\":\"https:\/\/buy-prescriptionz.com\/wp-content\/uploads\/2025\/09\/methyltestosterone.jpg\",\"datePublished\":\"2025-09-16T08:56:09+00:00\",\"dateModified\":\"2025-09-23T06:56:26+00:00\",\"description\":\"You can get Methyltestosterone for sale at our Buy-Prescriptionz store and get it at your doorstep without any hassle. We help you buy Methyltestosterone online. Order Now!\",\"breadcrumb\":{\"@id\":\"https:\/\/buy-prescriptionz.com\/product\/buy-methyltestosterone-online\/#breadcrumb\"},\"inLanguage\":\"hu\",\"potentialAction\":[{\"@type\":\"ReadAction\",\"target\":[\"https:\/\/buy-prescriptionz.com\/product\/buy-methyltestosterone-online\/\"]}]},{\"@type\":\"ImageObject\",\"inLanguage\":\"hu\",\"@id\":\"https:\/\/buy-prescriptionz.com\/product\/buy-methyltestosterone-online\/#primaryimage\",\"url\":\"https:\/\/buy-prescriptionz.com\/wp-content\/uploads\/2025\/09\/methyltestosterone.jpg\",\"contentUrl\":\"https:\/\/buy-prescriptionz.com\/wp-content\/uploads\/2025\/09\/methyltestosterone.jpg\",\"width\":400,\"height\":300},{\"@type\":\"BreadcrumbList\",\"@id\":\"https:\/\/buy-prescriptionz.com\/product\/buy-methyltestosterone-online\/#breadcrumb\",\"itemListElement\":[{\"@type\":\"ListItem\",\"position\":1,\"name\":\"Home\",\"item\":\"https:\/\/buy-prescriptionz.com\/\"},{\"@type\":\"ListItem\",\"position\":2,\"name\":\"Shop Painkillers Online\",\"item\":\"https:\/\/buy-prescriptionz.com\/shop-painkillers-online\/\"},{\"@type\":\"ListItem\",\"position\":3,\"name\":\"Buy Methyltestosterone Online\"}]},{\"@type\":\"WebSite\",\"@id\":\"https:\/\/buy-prescriptionz.com\/#website\",\"url\":\"https:\/\/buy-prescriptionz.com\/\",\"name\":\"Buy Prescriptionz\",\"description\":\"Drugs Online\",\"publisher\":{\"@id\":\"https:\/\/buy-prescriptionz.com\/#organization\"},\"potentialAction\":[{\"@type\":\"SearchAction\",\"target\":{\"@type\":\"EntryPoint\",\"urlTemplate\":\"https:\/\/buy-prescriptionz.com\/?s={search_term_string}\"},\"query-input\":{\"@type\":\"PropertyValueSpecification\",\"valueRequired\":true,\"valueName\":\"search_term_string\"}}],\"inLanguage\":\"hu\"},{\"@type\":\"Organization\",\"@id\":\"https:\/\/buy-prescriptionz.com\/#organization\",\"name\":\"Buy Prescriptionz\",\"url\":\"https:\/\/buy-prescriptionz.com\/\",\"logo\":{\"@type\":\"ImageObject\",\"inLanguage\":\"hu\",\"@id\":\"https:\/\/buy-prescriptionz.com\/#\/schema\/logo\/image\/\",\"url\":\"https:\/\/buy-prescriptionz.com\/wp-content\/uploads\/2023\/09\/logo.png\",\"contentUrl\":\"https:\/\/buy-prescriptionz.com\/wp-content\/uploads\/2023\/09\/logo.png\",\"width\":350,\"height\":64,\"caption\":\"Buy Prescriptionz\"},\"image\":{\"@id\":\"https:\/\/buy-prescriptionz.com\/#\/schema\/logo\/image\/\"}}]}<\/script>\n<!-- \/ Yoast SEO plugin. -->","yoast_head_json":{"title":"V\u00e1s\u00e1roljon metiltesztoszteront online - Elad\u00f3 metiltesztoszteron","description":"A Buy-Prescriptionz \u00fczlet\u00fcnkben metiltesztoszteront v\u00e1s\u00e1rolhat akci\u00f3san, \u00e9s gond n\u00e9lk\u00fcl h\u00e1zhoz viheti. Seg\u00edt\u00fcnk online metiltesztoszteront v\u00e1s\u00e1rolni. Rendelje meg most!","robots":{"index":"index","follow":"follow","max-snippet":"max-snippet:-1","max-image-preview":"max-image-preview:large","max-video-preview":"max-video-preview:-1"},"canonical":"https:\/\/buy-prescriptionz.com\/hu\/term\u00e9k\/metiltesztoszteron-vasarlas-online\/","og_locale":"hu_HU","og_type":"article","og_title":"Buy Methyltestosterone Online - Methyltestosterone for Sale","og_description":"You can get Methyltestosterone for sale at our Buy-Prescriptionz store and get it at your doorstep without any hassle. We help you buy Methyltestosterone online. Order Now!","og_url":"https:\/\/buy-prescriptionz.com\/hu\/term\u00e9k\/metiltesztoszteron-vasarlas-online\/","og_site_name":"Buy Prescriptionz","article_modified_time":"2025-09-23T06:56:26+00:00","og_image":[{"width":400,"height":300,"url":"https:\/\/buy-prescriptionz.com\/wp-content\/uploads\/2025\/09\/methyltestosterone.jpg","type":"image\/jpeg"}],"twitter_card":"summary_large_image","twitter_misc":{"Becs\u00fclt olvas\u00e1si id\u0151":"4 perc"},"schema":{"@context":"https:\/\/schema.org","@graph":[{"@type":"WebPage","@id":"https:\/\/buy-prescriptionz.com\/product\/buy-methyltestosterone-online\/","url":"https:\/\/buy-prescriptionz.com\/product\/buy-methyltestosterone-online\/","name":"V\u00e1s\u00e1roljon metiltesztoszteront online - Elad\u00f3 metiltesztoszteron","isPartOf":{"@id":"https:\/\/buy-prescriptionz.com\/#website"},"primaryImageOfPage":{"@id":"https:\/\/buy-prescriptionz.com\/product\/buy-methyltestosterone-online\/#primaryimage"},"image":{"@id":"https:\/\/buy-prescriptionz.com\/product\/buy-methyltestosterone-online\/#primaryimage"},"thumbnailUrl":"https:\/\/buy-prescriptionz.com\/wp-content\/uploads\/2025\/09\/methyltestosterone.jpg","datePublished":"2025-09-16T08:56:09+00:00","dateModified":"2025-09-23T06:56:26+00:00","description":"A Buy-Prescriptionz \u00fczlet\u00fcnkben metiltesztoszteront v\u00e1s\u00e1rolhat akci\u00f3san, \u00e9s gond n\u00e9lk\u00fcl h\u00e1zhoz viheti. Seg\u00edt\u00fcnk online metiltesztoszteront v\u00e1s\u00e1rolni. Rendelje meg most!","breadcrumb":{"@id":"https:\/\/buy-prescriptionz.com\/product\/buy-methyltestosterone-online\/#breadcrumb"},"inLanguage":"hu","potentialAction":[{"@type":"ReadAction","target":["https:\/\/buy-prescriptionz.com\/product\/buy-methyltestosterone-online\/"]}]},{"@type":"ImageObject","inLanguage":"hu","@id":"https:\/\/buy-prescriptionz.com\/product\/buy-methyltestosterone-online\/#primaryimage","url":"https:\/\/buy-prescriptionz.com\/wp-content\/uploads\/2025\/09\/methyltestosterone.jpg","contentUrl":"https:\/\/buy-prescriptionz.com\/wp-content\/uploads\/2025\/09\/methyltestosterone.jpg","width":400,"height":300},{"@type":"BreadcrumbList","@id":"https:\/\/buy-prescriptionz.com\/product\/buy-methyltestosterone-online\/#breadcrumb","itemListElement":[{"@type":"ListItem","position":1,"name":"Home","item":"https:\/\/buy-prescriptionz.com\/"},{"@type":"ListItem","position":2,"name":"Shop Painkillers Online","item":"https:\/\/buy-prescriptionz.com\/shop-painkillers-online\/"},{"@type":"ListItem","position":3,"name":"Buy Methyltestosterone Online"}]},{"@type":"WebSite","@id":"https:\/\/buy-prescriptionz.com\/#website","url":"https:\/\/buy-prescriptionz.com\/","name":"Buy Prescriptionz","description":"Online gy\u00f3gyszerek","publisher":{"@id":"https:\/\/buy-prescriptionz.com\/#organization"},"potentialAction":[{"@type":"SearchAction","target":{"@type":"EntryPoint","urlTemplate":"https:\/\/buy-prescriptionz.com\/?s={search_term_string}"},"query-input":{"@type":"PropertyValueSpecification","valueRequired":true,"valueName":"search_term_string"}}],"inLanguage":"hu"},{"@type":"Organization","@id":"https:\/\/buy-prescriptionz.com\/#organization","name":"Buy Prescriptionz","url":"https:\/\/buy-prescriptionz.com\/","logo":{"@type":"ImageObject","inLanguage":"hu","@id":"https:\/\/buy-prescriptionz.com\/#\/schema\/logo\/image\/","url":"https:\/\/buy-prescriptionz.com\/wp-content\/uploads\/2023\/09\/logo.png","contentUrl":"https:\/\/buy-prescriptionz.com\/wp-content\/uploads\/2023\/09\/logo.png","width":350,"height":64,"caption":"Buy Prescriptionz"},"image":{"@id":"https:\/\/buy-prescriptionz.com\/#\/schema\/logo\/image\/"}}]}},"_links":{"self":[{"href":"https:\/\/buy-prescriptionz.com\/hu\/wp-json\/wp\/v2\/product\/3050","targetHints":{"allow":["GET"]}}],"collection":[{"href":"https:\/\/buy-prescriptionz.com\/hu\/wp-json\/wp\/v2\/product"}],"about":[{"href":"https:\/\/buy-prescriptionz.com\/hu\/wp-json\/wp\/v2\/types\/product"}],"replies":[{"embeddable":true,"href":"https:\/\/buy-prescriptionz.com\/hu\/wp-json\/wp\/v2\/comments?post=3050"}],"wp:featuredmedia":[{"embeddable":true,"href":"https:\/\/buy-prescriptionz.com\/hu\/wp-json\/wp\/v2\/media\/3080"}],"wp:attachment":[{"href":"https:\/\/buy-prescriptionz.com\/hu\/wp-json\/wp\/v2\/media?parent=3050"}],"wp:term":[{"taxonomy":"product_brand","embeddable":true,"href":"https:\/\/buy-prescriptionz.com\/hu\/wp-json\/wp\/v2\/product_brand?post=3050"},{"taxonomy":"product_cat","embeddable":true,"href":"https:\/\/buy-prescriptionz.com\/hu\/wp-json\/wp\/v2\/product_cat?post=3050"},{"taxonomy":"product_tag","embeddable":true,"href":"https:\/\/buy-prescriptionz.com\/hu\/wp-json\/wp\/v2\/product_tag?post=3050"}],"curies":[{"name":"wp","href":"https:\/\/api.w.org\/{rel}","templated":true}]}}