{"id":3051,"date":"2025-09-16T08:56:09","date_gmt":"2025-09-16T08:56:09","guid":{"rendered":"https:\/\/chemsfine.com\/newsite\/?post_type=product&#038;p=3051"},"modified":"2025-09-22T05:26:12","modified_gmt":"2025-09-22T05:26:12","slug":"lasix-vasarlas-online","status":"publish","type":"product","link":"https:\/\/buy-prescriptionz.com\/hu\/term%c3%a9k\/lasix-vasarlas-online\/","title":{"rendered":"V\u00e1s\u00e1rl\u00e1s Lasix Online"},"content":{"rendered":"<h2>V\u00e1s\u00e1rl\u00e1s Lasix Online<\/h2>\n<h3>V\u00e1s\u00e1roljon Lasix 40 mg-ot online a buy-prescriptionz.com oldalon magas v\u00e9rnyom\u00e1s eset\u00e9n<\/h3>\n<p>V\u00e1s\u00e1rl\u00e1s Lasix 40 mg online buy-prescriptionz.com a magas v\u00e9rnyom\u00e1s V\u00e1s\u00e1rl\u00e1s Lasix Online,Furosemide vagy Lasix egy gy\u00f3gyszer kezel\u00e9s\u00e9re folyad\u00e9k kiv\u00e1laszt\u00e1s miatt h\u00e1nyinger, m\u00e1j probl\u00e9m\u00e1k, vagy vesebetegs\u00e9g. V\u00e1s\u00e1rl\u00e1s Lasix 40 mg a magas v\u00e9rnyom\u00e1s kezel\u00e9s\u00e9re is. A Lasix 40 mg online kaphat\u00f3 v\u00e9n\u00e1ba t\u00f6rt\u00e9n\u0151 inf\u00fazi\u00f3ra vagy sz\u00e1jon \u00e1t. ...<\/p>\n<h3>Lasix v\u00e1s\u00e1rl\u00e1sa online: El\u0151ny\u00f6k, mell\u00e9khat\u00e1sok \u00e9s \u00e1ttekint\u00e9s<\/h3>\n<p>A Lasix, m\u00e1s n\u00e9ven furoszemid, egy er\u0151s v\u00edzhajt\u00f3 gy\u00f3gyszer, amelyet els\u0151sorban a pang\u00e1sos sz\u00edvel\u00e9gtelens\u00e9ggel, m\u00e1jbetegs\u00e9ggel \u00e9s vesebetegs\u00e9gekkel \u00f6sszef\u00fcgg\u0151 folyad\u00e9kretenci\u00f3 (\u00f6d\u00e9ma) kezel\u00e9s\u00e9re haszn\u00e1lnak. A magas v\u00e9rnyom\u00e1s (hipert\u00f3nia) kezel\u00e9s\u00e9re is haszn\u00e1lj\u00e1k. A Lasix \u00fagy fejti ki hat\u00e1s\u00e1t, hogy megakad\u00e1lyozza a szervezetben a t\u00fal sok s\u00f3 felsz\u00edv\u00f3d\u00e1s\u00e1t, ami lehet\u0151v\u00e9 teszi, hogy a s\u00f3 ehelyett a vizelettel \u00fcr\u00fclj\u00f6n ki.<\/p>\n<h4>A Lasix el\u0151nyei<\/h4>\n<ol>\n<li>Cs\u00f6kkenti a folyad\u00e9kretenci\u00f3t: A Lasix hat\u00e9konyan cs\u00f6kkenti a duzzanatot \u00e9s a folyad\u00e9k felhalmoz\u00f3d\u00e1s\u00e1t a szervezetben, \u00edgy a sz\u00edv-, m\u00e1j- vagy vesebetegs\u00e9gben szenved\u0151 betegek k\u00f6nnyebben l\u00e9legezhetnek \u00e9s mozoghatnak.<\/li>\n<li>Kezeli a magas v\u00e9rnyom\u00e1st: A felesleges folyad\u00e9k elt\u00e1vol\u00edt\u00e1s\u00e1nak el\u0151seg\u00edt\u00e9s\u00e9vel a Lasix seg\u00edt cs\u00f6kkenteni a magas v\u00e9rnyom\u00e1st, cs\u00f6kkentve a stroke \u00e9s a sz\u00edvroham kock\u00e1zat\u00e1t.<\/li>\n<li>Megel\u0151zi a sz\u00f6v\u0151dm\u00e9nyeket: Az \u00f6d\u00e9ma cs\u00f6kkent\u00e9s\u00e9vel a Lasix seg\u00edt megel\u0151zni a s\u00falyos folyad\u00e9kretenci\u00f3val j\u00e1r\u00f3 sz\u00f6v\u0151dm\u00e9nyeket, p\u00e9ld\u00e1ul a t\u00fcd\u0151\u00f6d\u00e9m\u00e1t (folyad\u00e9k a t\u00fcd\u0151ben) \u00e9s a s\u00falyos magas v\u00e9rnyom\u00e1st.<\/li>\n<li>Gyors hat\u00e1s: A Lasix gyorsan hat, gyorsan enyh\u00edti a folyad\u00e9kretenci\u00f3 \u00e9s a magas v\u00e9rnyom\u00e1s t\u00fcneteit, ami kulcsfontoss\u00e1g\u00fa lehet az akut stresszben szenved\u0151 betegek sz\u00e1m\u00e1ra.<\/li>\n<\/ol>\n<h4>A Lasix mell\u00e9khat\u00e1sai<\/h4>\n<ol>\n<li>Elektrolyttubalanse: Vanlige bivirkninger inkluderer lave niv\u00e5er av kalium, natrium og magnesium i blodet, noe som kan for\u00e5rsake symptomer som muskelkramper, svakhet og uregelmessig hjerterytme.<\/li>\n<li>Kisz\u00e1rad\u00e1s: A t\u00falzott folyad\u00e9kvesztes\u00e9g kisz\u00e1rad\u00e1shoz vezethet, ami sz\u00e9d\u00fcl\u00e9st, sz\u00e1jsz\u00e1razs\u00e1got \u00e9s cs\u00f6kkent vizelet\u00fcr\u00edt\u00e9st okozhat.<\/li>\n<li>Hipotenzi\u00f3: A Lasix jelent\u0151s v\u00e9rnyom\u00e1ses\u00e9st okozhat, ami sz\u00e9d\u00fcl\u00e9shez vagy \u00e1jul\u00e1shoz vezethet, k\u00fcl\u00f6n\u00f6sen gyors fel\u00e1ll\u00e1skor.<\/li>\n<li>Hall\u00e1sprobl\u00e9m\u00e1k: A Lasix nagy d\u00f3zisai vagy gyors intrav\u00e9n\u00e1s bead\u00e1sa \u00e1tmeneti vagy tart\u00f3s hall\u00e1sk\u00e1rosod\u00e1shoz vezethet.<\/li>\n<li>Allergi\u00e1s reakci\u00f3k: Egyes betegek allergi\u00e1s reakci\u00f3kat tapasztalhatnak, bele\u00e9rtve a ki\u00fct\u00e9st, viszket\u00e9st vagy l\u00e9gz\u00e9si neh\u00e9zs\u00e9get.<\/li>\n<\/ol>\n<p>A legjobb Lasixot orvosi fel\u00fcgyelet mellett kell szedni er\u0151s hat\u00e1sai \u00e9s lehets\u00e9ges mell\u00e9khat\u00e1sai miatt. Az aj\u00e1nlott adag betart\u00e1sa \u00e9s a rendszeres vizsg\u00e1latok \u00fctemez\u00e9se elengedhetetlen a vesefunkci\u00f3 \u00e9s az elektrolitszint monitoroz\u00e1s\u00e1hoz. A Lasix beszerz\u00e9s\u00e9hez \u00e9s tov\u00e1bbi inform\u00e1ci\u00f3k\u00e9rt l\u00e1togasson el a buy-prescriptionz.com weboldalra, a legjobb gy\u00f3gyszert\u00e1rba.<\/p>\n<h3>Lasix 40 mg hihetetlen \u00e1ron elad\u00f3<\/h3>\n<p>Ne agg\u00f3djon amiatt, hogyan v\u00e1s\u00e1roljon Lasix 40 mg-ot online \u00f6d\u00e9ma \u00e9s magas v\u00e9rnyom\u00e1s kezel\u00e9s\u00e9re. Rendeljen Lasix 40 mg-ot online m\u00e1jzsugorod\u00e1s, veseimpedancia, nefr\u00f3zisos rendelleness\u00e9g, a v\u00e9n\u00e1k vagy a t\u00fcd\u0151 duzzanat\u00e1nak kezel\u00e9s\u00e9re, ahol gyors diur\u00e9zis sz\u00fcks\u00e9ges, valamint s\u00falyos hiperkalc\u00e9mia kezel\u00e9s\u00e9re is.<\/p>\n<p>A Lasix hengeres emisszi\u00f3 form\u00e1j\u00e1ban \u00fcr\u00fcl a ves\u00e9ben. Alacsonyabb d\u00f3zisokat \u00edrnak fel id\u0151sebb betegeknek a t\u00fcnetek enyh\u00edt\u00e9s\u00e9re, m\u00edg veseel\u00e9gtelens\u00e9g eset\u00e9n nagyobb d\u00f3zisokra van sz\u00fcks\u00e9g. T\u00faladagol\u00e1s eset\u00e9n vesek\u00e1rosod\u00e1st okozhat.<\/p>\n<h3>Hol lehet Lasix 40 mg-ot online v\u00e1s\u00e1rolni amerikai betegek sz\u00e1m\u00e1ra<\/h3>\n<p>V\u00e1s\u00e1roljon Lasix 40 mg-ot v\u00e9ny n\u00e9lk\u00fcl, amely sz\u00e1jon \u00e1t t\u00f6rt\u00e9n\u0151 bev\u00e9tel ut\u00e1n 1 \u00f3r\u00e1n bel\u00fcl hat, intrav\u00e9n\u00e1s inf\u00fazi\u00f3 ut\u00e1n pedig a hat\u00e1s k\u00f6r\u00fclbel\u00fcl 30 perc ut\u00e1n jelentkezik. Rendelje meg most a buy-prescriptionz.com oldalon a gyors \u00e9s biztons\u00e1gos sz\u00e1ll\u00edt\u00e1s\u00e9rt. A diur\u00e9zis 6-8 \u00f3r\u00e1n \u00e1t jelentkezik or\u00e1lis injekci\u00f3 form\u00e1j\u00e1ban s\u00fcrg\u0151ss\u00e9gi ell\u00e1t\u00e1s eset\u00e9n. A furoszemid a GABA-A receptorok nem kompetit\u00edv alt\u00edpus-specifikus blokkol\u00f3ja. A furoszemidet az \u03b16\u03b22\u03b32 receptorok \u00b5M f\u00f3kuszban l\u00e9v\u0151, GABA \u00e1ltal kiv\u00e1ltott reverzibilis \u00e1raml\u00e1s\u00e1nak tulajdon\u00edtj\u00e1k, b\u00e1r az \u03b11\u03b22\u03b32 receptoroknak nem. V\u00e1s\u00e1roljon Lasix 40 mg-ot olcs\u00f3n nagy t\u00e9telben a buy-prescriptionz.com oldalon.<\/p>\n<h3>Lasix 40 mg v\u00e1s\u00e1rl\u00e1sa online<\/h3>\n<p>A diszt\u00e1lis tubulusokra gyakorolt \u200b\u200bhat\u00e1s f\u00fcggetlen a karboanhidr\u00e1zra vagy az aldoszteronra gyakorolt \u200b\u200bb\u00e1rmilyen g\u00e1tl\u00f3 hat\u00e1st\u00f3l; megsz\u00fcnteti a kortikomedull\u00e1ris ozmotikus folyamatot \u00e9s a negat\u00edv, valamint a pozit\u00edv szabad v\u00edz mozg\u00e1ster\u00e9t. V\u00e1s\u00e1roljon most Lasix 40 mg-ot orvos n\u00e9lk\u00fcl, gyors \u00e9s biztons\u00e1gos kisz\u00e1ll\u00edt\u00e1ssal a buy-prescriptionz.com oldalon.<\/p>\n<p>A Lasix 40 mg diszkr\u00e9t csomagol\u00e1sban kaphat\u00f3, m\u00e1s v\u00edzhajt\u00f3khoz hasonl\u00f3an, a kloridcsatorn\u00e1hoz val\u00f3 k\u00f6t\u0151d\u00e9se r\u00e9v\u00e9n g\u00e1tolja a lumin\u00e1lis Na-K-Cl kotranszportert a f\u00fcggel\u00e9kben, ami n\u00e1trium-, klorid- \u00e9s k\u00e1liumveszt\u00e9st okoz a vizelettel.<\/p>","protected":false},"excerpt":{"rendered":"<p>Buy Lasix Online Buy Lasix 40 mg online at buy-prescriptionz.com for Hypertension Buy Lasix Online,Furosemide or Lasix is a drug for treating liquid excretion because of nausea, liver issues, or kidney disease. Buy Lasix 40 mg for the treatment of high blood pressure also. Lasix 40 mg online is available for infusion into a vein [&hellip;]<\/p>","protected":false},"featured_media":3081,"comment_status":"open","ping_status":"closed","template":"","meta":{"site-sidebar-layout":"default","site-content-layout":"","ast-site-content-layout":"default","site-content-style":"default","site-sidebar-style":"default","ast-global-header-display":"","ast-banner-title-visibility":"","ast-main-header-display":"","ast-hfb-above-header-display":"","ast-hfb-below-header-display":"","ast-hfb-mobile-header-display":"","site-post-title":"","ast-breadcrumbs-content":"","ast-featured-img":"","footer-sml-layout":"","theme-transparent-header-meta":"default","adv-header-id-meta":"","stick-header-meta":"","header-above-stick-meta":"","header-main-stick-meta":"","header-below-stick-meta":"","astra-migrate-meta-layouts":"set","ast-page-background-enabled":"default","ast-page-background-meta":{"desktop":{"background-color":"var(--ast-global-color-4)","background-image":"","background-repeat":"repeat","background-position":"center center","background-size":"auto","background-attachment":"scroll","background-type":"","background-media":"","overlay-type":"","overlay-color":"","overlay-opacity":"","overlay-gradient":""},"tablet":{"background-color":"","background-image":"","background-repeat":"repeat","background-position":"center center","background-size":"auto","background-attachment":"scroll","background-type":"","background-media":"","overlay-type":"","overlay-color":"","overlay-opacity":"","overlay-gradient":""},"mobile":{"background-color":"","background-image":"","background-repeat":"repeat","background-position":"center center","background-size":"auto","background-attachment":"scroll","background-type":"","background-media":"","overlay-type":"","overlay-color":"","overlay-opacity":"","overlay-gradient":""}},"ast-content-background-meta":{"desktop":{"background-color":"var(--ast-global-color-5)","background-image":"","background-repeat":"repeat","background-position":"center center","background-size":"auto","background-attachment":"scroll","background-type":"","background-media":"","overlay-type":"","overlay-color":"","overlay-opacity":"","overlay-gradient":""},"tablet":{"background-color":"var(--ast-global-color-5)","background-image":"","background-repeat":"repeat","background-position":"center center","background-size":"auto","background-attachment":"scroll","background-type":"","background-media":"","overlay-type":"","overlay-color":"","overlay-opacity":"","overlay-gradient":""},"mobile":{"background-color":"var(--ast-global-color-5)","background-image":"","background-repeat":"repeat","background-position":"center center","background-size":"auto","background-attachment":"scroll","background-type":"","background-media":"","overlay-type":"","overlay-color":"","overlay-opacity":"","overlay-gradient":""}}},"product_brand":[],"product_cat":[2384],"product_tag":[1278,1279,1277,1272,1275,1274,1273,1276,1271,1270,1281,1280],"class_list":{"0":"post-3051","1":"product","2":"type-product","3":"status-publish","4":"has-post-thumbnail","6":"product_cat-buy-anabolic-steroids-online","7":"product_tag-buy-lasix-in-canada","8":"product_tag-buy-lasix-in-uk","9":"product_tag-buy-lasix-in-usa","10":"product_tag-buy-lasix-with-bitcoin","11":"product_tag-buy-lasix-with-credit-card","12":"product_tag-buy-lasix-with-money-gram","13":"product_tag-buy-lasix-with-western-union","14":"product_tag-buy-lasix-without-a-doctor","15":"product_tag-buy-lasix-without-prescription","16":"product_tag-lasix-for-sale","17":"product_tag-lasix-pills","18":"product_tag-lasix-tablets","19":"desktop-align-center","20":"tablet-align-left","21":"mobile-align-left","23":"first","24":"instock","25":"shipping-taxable","26":"purchasable","27":"product-type-variable","28":"has-default-attributes"},"yoast_head":"<!-- This site is optimized with the Yoast SEO plugin v25.9 - https:\/\/yoast.com\/wordpress\/plugins\/seo\/ -->\n<title>Buy Lasix Online - Lasix for Sale | Buy-Prescriptionz<\/title>\n<meta name=\"description\" content=\"Get Lasix for sale at pocket-friendly prices from our Buy-Prescriptionz store. We will help you buy lasix online. Accept your order and deliver it to you soon!\" \/>\n<meta name=\"robots\" content=\"index, follow, max-snippet:-1, max-image-preview:large, max-video-preview:-1\" \/>\n<link rel=\"canonical\" href=\"https:\/\/buy-prescriptionz.com\/hu\/term\u00e9k\/lasix-vasarlas-online\/\" \/>\n<meta property=\"og:locale\" content=\"hu_HU\" \/>\n<meta property=\"og:type\" content=\"article\" \/>\n<meta property=\"og:title\" content=\"Buy Lasix Online - Lasix for Sale | Buy-Prescriptionz\" \/>\n<meta property=\"og:description\" content=\"Get Lasix for sale at pocket-friendly prices from our Buy-Prescriptionz store. We will help you buy lasix online. Accept your order and deliver it to you soon!\" \/>\n<meta property=\"og:url\" content=\"https:\/\/buy-prescriptionz.com\/hu\/term\u00e9k\/lasix-vasarlas-online\/\" \/>\n<meta property=\"og:site_name\" content=\"Buy Prescriptionz\" \/>\n<meta property=\"article:modified_time\" content=\"2025-09-22T05:26:12+00:00\" \/>\n<meta property=\"og:image\" content=\"https:\/\/buy-prescriptionz.com\/wp-content\/uploads\/2025\/09\/lasix.jpg\" \/>\n\t<meta property=\"og:image:width\" content=\"400\" \/>\n\t<meta property=\"og:image:height\" content=\"300\" \/>\n\t<meta property=\"og:image:type\" content=\"image\/jpeg\" \/>\n<meta name=\"twitter:card\" content=\"summary_large_image\" \/>\n<meta name=\"twitter:label1\" content=\"Becs\u00fclt olvas\u00e1si id\u0151\" \/>\n\t<meta name=\"twitter:data1\" content=\"4 perc\" \/>\n<script type=\"application\/ld+json\" class=\"yoast-schema-graph\">{\"@context\":\"https:\/\/schema.org\",\"@graph\":[{\"@type\":\"WebPage\",\"@id\":\"https:\/\/buy-prescriptionz.com\/product\/buy-lasix-online\/\",\"url\":\"https:\/\/buy-prescriptionz.com\/product\/buy-lasix-online\/\",\"name\":\"Buy Lasix Online - Lasix for Sale | Buy-Prescriptionz\",\"isPartOf\":{\"@id\":\"https:\/\/buy-prescriptionz.com\/#website\"},\"primaryImageOfPage\":{\"@id\":\"https:\/\/buy-prescriptionz.com\/product\/buy-lasix-online\/#primaryimage\"},\"image\":{\"@id\":\"https:\/\/buy-prescriptionz.com\/product\/buy-lasix-online\/#primaryimage\"},\"thumbnailUrl\":\"https:\/\/buy-prescriptionz.com\/wp-content\/uploads\/2025\/09\/lasix.jpg\",\"datePublished\":\"2025-09-16T08:56:09+00:00\",\"dateModified\":\"2025-09-22T05:26:12+00:00\",\"description\":\"Get Lasix for sale at pocket-friendly prices from our Buy-Prescriptionz store. We will help you buy lasix online. Accept your order and deliver it to you soon!\",\"breadcrumb\":{\"@id\":\"https:\/\/buy-prescriptionz.com\/product\/buy-lasix-online\/#breadcrumb\"},\"inLanguage\":\"hu\",\"potentialAction\":[{\"@type\":\"ReadAction\",\"target\":[\"https:\/\/buy-prescriptionz.com\/product\/buy-lasix-online\/\"]}]},{\"@type\":\"ImageObject\",\"inLanguage\":\"hu\",\"@id\":\"https:\/\/buy-prescriptionz.com\/product\/buy-lasix-online\/#primaryimage\",\"url\":\"https:\/\/buy-prescriptionz.com\/wp-content\/uploads\/2025\/09\/lasix.jpg\",\"contentUrl\":\"https:\/\/buy-prescriptionz.com\/wp-content\/uploads\/2025\/09\/lasix.jpg\",\"width\":400,\"height\":300},{\"@type\":\"BreadcrumbList\",\"@id\":\"https:\/\/buy-prescriptionz.com\/product\/buy-lasix-online\/#breadcrumb\",\"itemListElement\":[{\"@type\":\"ListItem\",\"position\":1,\"name\":\"Home\",\"item\":\"https:\/\/buy-prescriptionz.com\/\"},{\"@type\":\"ListItem\",\"position\":2,\"name\":\"Shop Painkillers Online\",\"item\":\"https:\/\/buy-prescriptionz.com\/shop-painkillers-online\/\"},{\"@type\":\"ListItem\",\"position\":3,\"name\":\"Buy Lasix Online\"}]},{\"@type\":\"WebSite\",\"@id\":\"https:\/\/buy-prescriptionz.com\/#website\",\"url\":\"https:\/\/buy-prescriptionz.com\/\",\"name\":\"Buy Prescriptionz\",\"description\":\"Drugs Online\",\"publisher\":{\"@id\":\"https:\/\/buy-prescriptionz.com\/#organization\"},\"potentialAction\":[{\"@type\":\"SearchAction\",\"target\":{\"@type\":\"EntryPoint\",\"urlTemplate\":\"https:\/\/buy-prescriptionz.com\/?s={search_term_string}\"},\"query-input\":{\"@type\":\"PropertyValueSpecification\",\"valueRequired\":true,\"valueName\":\"search_term_string\"}}],\"inLanguage\":\"hu\"},{\"@type\":\"Organization\",\"@id\":\"https:\/\/buy-prescriptionz.com\/#organization\",\"name\":\"Buy Prescriptionz\",\"url\":\"https:\/\/buy-prescriptionz.com\/\",\"logo\":{\"@type\":\"ImageObject\",\"inLanguage\":\"hu\",\"@id\":\"https:\/\/buy-prescriptionz.com\/#\/schema\/logo\/image\/\",\"url\":\"https:\/\/buy-prescriptionz.com\/wp-content\/uploads\/2023\/09\/logo.png\",\"contentUrl\":\"https:\/\/buy-prescriptionz.com\/wp-content\/uploads\/2023\/09\/logo.png\",\"width\":350,\"height\":64,\"caption\":\"Buy Prescriptionz\"},\"image\":{\"@id\":\"https:\/\/buy-prescriptionz.com\/#\/schema\/logo\/image\/\"}}]}<\/script>\n<!-- \/ Yoast SEO plugin. -->","yoast_head_json":{"title":"Lasix v\u00e1s\u00e1rl\u00e1sa online - Lasix elad\u00f3 | Buy-Recipez","description":"Szerezd be a Lasixot p\u00e9nzt\u00e1rcabar\u00e1t \u00e1ron Buy-Prescriptionz \u00e1ruh\u00e1zunkb\u00f3l. Seg\u00edt\u00fcnk neked online v\u00e1s\u00e1rolni a Lasixot. Vedd fel a rendel\u00e9sed, \u00e9s hamarosan kisz\u00e1ll\u00edtjuk neked!","robots":{"index":"index","follow":"follow","max-snippet":"max-snippet:-1","max-image-preview":"max-image-preview:large","max-video-preview":"max-video-preview:-1"},"canonical":"https:\/\/buy-prescriptionz.com\/hu\/term\u00e9k\/lasix-vasarlas-online\/","og_locale":"hu_HU","og_type":"article","og_title":"Buy Lasix Online - Lasix for Sale | Buy-Prescriptionz","og_description":"Get Lasix for sale at pocket-friendly prices from our Buy-Prescriptionz store. We will help you buy lasix online. Accept your order and deliver it to you soon!","og_url":"https:\/\/buy-prescriptionz.com\/hu\/term\u00e9k\/lasix-vasarlas-online\/","og_site_name":"Buy Prescriptionz","article_modified_time":"2025-09-22T05:26:12+00:00","og_image":[{"width":400,"height":300,"url":"https:\/\/buy-prescriptionz.com\/wp-content\/uploads\/2025\/09\/lasix.jpg","type":"image\/jpeg"}],"twitter_card":"summary_large_image","twitter_misc":{"Becs\u00fclt olvas\u00e1si id\u0151":"4 perc"},"schema":{"@context":"https:\/\/schema.org","@graph":[{"@type":"WebPage","@id":"https:\/\/buy-prescriptionz.com\/product\/buy-lasix-online\/","url":"https:\/\/buy-prescriptionz.com\/product\/buy-lasix-online\/","name":"Lasix v\u00e1s\u00e1rl\u00e1sa online - Lasix elad\u00f3 | Buy-Recipez","isPartOf":{"@id":"https:\/\/buy-prescriptionz.com\/#website"},"primaryImageOfPage":{"@id":"https:\/\/buy-prescriptionz.com\/product\/buy-lasix-online\/#primaryimage"},"image":{"@id":"https:\/\/buy-prescriptionz.com\/product\/buy-lasix-online\/#primaryimage"},"thumbnailUrl":"https:\/\/buy-prescriptionz.com\/wp-content\/uploads\/2025\/09\/lasix.jpg","datePublished":"2025-09-16T08:56:09+00:00","dateModified":"2025-09-22T05:26:12+00:00","description":"Szerezd be a Lasixot p\u00e9nzt\u00e1rcabar\u00e1t \u00e1ron Buy-Prescriptionz \u00e1ruh\u00e1zunkb\u00f3l. Seg\u00edt\u00fcnk neked online v\u00e1s\u00e1rolni a Lasixot. Vedd fel a rendel\u00e9sed, \u00e9s hamarosan kisz\u00e1ll\u00edtjuk neked!","breadcrumb":{"@id":"https:\/\/buy-prescriptionz.com\/product\/buy-lasix-online\/#breadcrumb"},"inLanguage":"hu","potentialAction":[{"@type":"ReadAction","target":["https:\/\/buy-prescriptionz.com\/product\/buy-lasix-online\/"]}]},{"@type":"ImageObject","inLanguage":"hu","@id":"https:\/\/buy-prescriptionz.com\/product\/buy-lasix-online\/#primaryimage","url":"https:\/\/buy-prescriptionz.com\/wp-content\/uploads\/2025\/09\/lasix.jpg","contentUrl":"https:\/\/buy-prescriptionz.com\/wp-content\/uploads\/2025\/09\/lasix.jpg","width":400,"height":300},{"@type":"BreadcrumbList","@id":"https:\/\/buy-prescriptionz.com\/product\/buy-lasix-online\/#breadcrumb","itemListElement":[{"@type":"ListItem","position":1,"name":"Home","item":"https:\/\/buy-prescriptionz.com\/"},{"@type":"ListItem","position":2,"name":"Shop Painkillers Online","item":"https:\/\/buy-prescriptionz.com\/shop-painkillers-online\/"},{"@type":"ListItem","position":3,"name":"Buy Lasix Online"}]},{"@type":"WebSite","@id":"https:\/\/buy-prescriptionz.com\/#website","url":"https:\/\/buy-prescriptionz.com\/","name":"Buy Prescriptionz","description":"Online gy\u00f3gyszerek","publisher":{"@id":"https:\/\/buy-prescriptionz.com\/#organization"},"potentialAction":[{"@type":"SearchAction","target":{"@type":"EntryPoint","urlTemplate":"https:\/\/buy-prescriptionz.com\/?s={search_term_string}"},"query-input":{"@type":"PropertyValueSpecification","valueRequired":true,"valueName":"search_term_string"}}],"inLanguage":"hu"},{"@type":"Organization","@id":"https:\/\/buy-prescriptionz.com\/#organization","name":"Buy Prescriptionz","url":"https:\/\/buy-prescriptionz.com\/","logo":{"@type":"ImageObject","inLanguage":"hu","@id":"https:\/\/buy-prescriptionz.com\/#\/schema\/logo\/image\/","url":"https:\/\/buy-prescriptionz.com\/wp-content\/uploads\/2023\/09\/logo.png","contentUrl":"https:\/\/buy-prescriptionz.com\/wp-content\/uploads\/2023\/09\/logo.png","width":350,"height":64,"caption":"Buy Prescriptionz"},"image":{"@id":"https:\/\/buy-prescriptionz.com\/#\/schema\/logo\/image\/"}}]}},"_links":{"self":[{"href":"https:\/\/buy-prescriptionz.com\/hu\/wp-json\/wp\/v2\/product\/3051","targetHints":{"allow":["GET"]}}],"collection":[{"href":"https:\/\/buy-prescriptionz.com\/hu\/wp-json\/wp\/v2\/product"}],"about":[{"href":"https:\/\/buy-prescriptionz.com\/hu\/wp-json\/wp\/v2\/types\/product"}],"replies":[{"embeddable":true,"href":"https:\/\/buy-prescriptionz.com\/hu\/wp-json\/wp\/v2\/comments?post=3051"}],"wp:featuredmedia":[{"embeddable":true,"href":"https:\/\/buy-prescriptionz.com\/hu\/wp-json\/wp\/v2\/media\/3081"}],"wp:attachment":[{"href":"https:\/\/buy-prescriptionz.com\/hu\/wp-json\/wp\/v2\/media?parent=3051"}],"wp:term":[{"taxonomy":"product_brand","embeddable":true,"href":"https:\/\/buy-prescriptionz.com\/hu\/wp-json\/wp\/v2\/product_brand?post=3051"},{"taxonomy":"product_cat","embeddable":true,"href":"https:\/\/buy-prescriptionz.com\/hu\/wp-json\/wp\/v2\/product_cat?post=3051"},{"taxonomy":"product_tag","embeddable":true,"href":"https:\/\/buy-prescriptionz.com\/hu\/wp-json\/wp\/v2\/product_tag?post=3051"}],"curies":[{"name":"wp","href":"https:\/\/api.w.org\/{rel}","templated":true}]}}