{"id":3054,"date":"2025-09-16T08:56:09","date_gmt":"2025-09-16T08:56:09","guid":{"rendered":"https:\/\/chemsfine.com\/newsite\/?post_type=product&#038;p=3054"},"modified":"2025-09-26T17:43:17","modified_gmt":"2025-09-26T17:43:17","slug":"vicodin-es-online-vasarlas","status":"publish","type":"product","link":"https:\/\/buy-prescriptionz.com\/hu\/term%c3%a9k\/vicodin-es-online-vasarlas\/","title":{"rendered":"Vicodin ES online v\u00e1s\u00e1rl\u00e1sa"},"content":{"rendered":"<h2>Vicodin online v\u00e1s\u00e1rl\u00e1sa<\/h2>\n<p>A k\u00f6zepesen s\u00falyos \u00e9s s\u00falyos f\u00e1jdalmat ezzel a kombin\u00e1lt gy\u00f3gyszerrel kezelik. K\u00e9tf\u00e9le f\u00e1jdalomcsillap\u00edt\u00f3t tartalmaz: acetaminofent, egy nem opioidot, \u00e9s hidrokodont, egy opioidot. A hidrokodon agyra gyakorolt \u200b\u200bhat\u00e1sa megv\u00e1ltoztatja, ahogyan a szervezet \u00e9rz\u00e9keli \u00e9s reag\u00e1l a f\u00e1jdalomra. A l\u00e1z paracetamollal is cs\u00f6kkenthet\u0151.<\/p>\n<h3>Hogyan kell bevenni a Vicodint?<\/h3>\n<p>A Vicodint az orvos utas\u00edt\u00e1sa szerint szedje. Tartsa be a gy\u00f3gyszer c\u00edmk\u00e9j\u00e9n tal\u00e1lhat\u00f3 utas\u00edt\u00e1sokat. Soha ne alkalmazza ezt a gy\u00f3gyszert az aj\u00e1nlottn\u00e1l hosszabb ideig vagy nagyobb adagokban. A t\u00faladagol\u00e1s hal\u00e1los kimenetel\u0171 vagy m\u00e1jk\u00e1rosod\u00e1st okozhat. T\u00e1j\u00e9koztassa orvos\u00e1t, ha a gy\u00f3gyszer nem t\u0171nik olyan hat\u00e9konynak a f\u00e1jdalom enyh\u00edt\u00e9s\u00e9ben. M\u00e9g norm\u00e1l adagokban is a hidrokodon f\u00fcgg\u0151s\u00e9get okozhat. A Vicodint soha nem szabad senki m\u00e1snak adni, k\u00fcl\u00f6n\u00f6sen, ha kor\u00e1bban k\u00e1b\u00edt\u00f3szer-haszn\u00e1lat vagy f\u00fcgg\u0151s\u00e9g szerepelt a k\u00f3rt\u00f6rt\u00e9net\u00e9ben. K\u00fcl\u00f6n\u00f6sen azokban az esetekben, amikor a gy\u00f3gyszert gyermekek vagy m\u00e1s szem\u00e9lyek v\u00e9ny n\u00e9lk\u00fcl haszn\u00e1lj\u00e1k, a k\u00e1b\u00edt\u00f3szer helytelen haszn\u00e1lata f\u00fcgg\u0151s\u00e9ghez, t\u00faladagol\u00e1shoz vagy hal\u00e1lhoz vezethet. Tilos a Vicodint b\u00e1rkinek eladni vagy \u00e1tadni.<\/p>\n<p>El\u0151re t\u00e1j\u00e9koztassa kezel\u0151orvos\u00e1t, ha ezt a gy\u00f3gyszert fogja szedni, ha m\u0171t\u00e9tre vagy egy\u00e9b orvosi vizsg\u00e1latra van sz\u00fcks\u00e9ge. Lehet, hogy kis sz\u00fcnetet kell tartania a gy\u00f3gyszer szed\u00e9s\u00e9ben. A Vicodin hossz\u00fa t\u00e1v\u00fa szed\u00e9se ut\u00e1n ne hagyja abba hirtelen a gy\u00f3gyszer szed\u00e9s\u00e9t, mivel ez kellemetlen elvon\u00e1si t\u00fcneteket okozhat. Konzult\u00e1ljon kezel\u0151orvos\u00e1val a Vicodin biztons\u00e1gos abbahagy\u00e1s\u00e1val kapcsolatban. Szobah\u0151m\u00e9rs\u00e9kleten, h\u0151t\u0151l \u00e9s nedvess\u00e9gt\u0151l v\u00e9dve tartand\u00f3. Jegyezze fel, hogy mennyi gy\u00f3gyszert vett be az egyes friss \u00fcvegekb\u0151l. Mivel a hidrokodon egy k\u00e1b\u00edt\u00f3szer, figyeljen a gy\u00f3gyszer nem megfelel\u0151 vagy v\u00e9ny n\u00e9lk\u00fcl kaphat\u00f3 haszn\u00e1lat\u00e1ra. Gy\u0151z\u0151dj\u00f6n meg arr\u00f3l, hogy ugyanazokat a tablett\u00e1kat kapja \u2013 pontosan azt a fajt\u00e1t \u00e9s m\u00e1rk\u00e1t \u2013, amelyeket orvosa fel\u00edrt, mindig ellen\u0151rizze az \u00fcveget. Ezeket a gy\u00f3gyszereket csak a megb\u00edzhat\u00f3 \u00e9s legjobb gy\u00f3gyszert\u00e1rb\u00f3l, a Buy-prescriptionz.com-b\u00f3l v\u00e1s\u00e1rolja meg.<\/p>\n<h3>V\u00e1s\u00e1roljon Vicodin ES-t<\/h3>\n<p>V\u00e1s\u00e1roljon Vicodin ES-t online. A hidrokodon vagy dihidrokodeinon egy f\u00e9lig gy\u00e1rtott k\u00e1b\u00edt\u00f3szer, amelyet k\u00e9t \u00e1ltal\u00e1nosan el\u0151fordul\u00f3 nyugtat\u00f3b\u00f3l, a kodeinb\u0151l \u00e9s a tebainb\u00f3l nyernek. A hidrokodon egy or\u00e1lisan hat\u00f3anyag\u00fa opi\u00e1t f\u00e1jdalomcsillap\u00edt\u00f3 \u00e9s k\u00f6h\u00f6g\u00e9scsillap\u00edt\u00f3. \u00c1ltal\u00e1ban tabletta, tart\u00e1ly \u00e9s szirup form\u00e1j\u00e1ban kaphat\u00f3, \u00e9s gyakran m\u00e1s f\u00e1jdalomcsillap\u00edt\u00f3 kever\u00e9kekkel, p\u00e9ld\u00e1ul acetaminofennel vagy ibuprofennel keverik. V\u00e1ltoz\u00f3 form\u00e1iban k\u00fcl\u00f6nb\u00f6z\u0151 m\u00e1rkanevek alatt ker\u00fcl forgalomba, bele\u00e9rtve a Vicodin, Anexsia, Dicodid, Hycodan (vagy hagyom\u00e1nyosan Hydromet), Hycomine, Lorcet, Lortab, Norco, Novahistex, Hydroco, Tussionex, Gentex, Vicoprofen, Xodol, Bekadid, Calmodid, Codinovo, Dunedin, Kolikodol, Orthoxycol, Mercodinone, Synkonin, Norgan \u00e9s Hydrokon term\u00e9keket. A hidrokodont el\u0151sz\u00f6r 1920-ban alap\u00edtott\u00e1k N\u00e9metorsz\u00e1gban, \u00e9s az FDA 1943. m\u00e1rcius 23-\u00e1n hagyta j\u00f3v\u00e1, az Egyes\u00fclt \u00c1llamokban Hycodan m\u00e1rkan\u00e9v alatt megv\u00e1s\u00e1rolhat\u00f3. (Vicodin v\u00e1s\u00e1rl\u00e1sa)<\/p>\n<h3>(VICODIN v\u00e1s\u00e1rl\u00e1sa) HIDROKODON \u00c1TTEKINT\u00c9S<\/h3>\n<p>Opi\u00e1tk\u00e9nt a hidrokodon cs\u00f6kkenti a f\u00e1jdalmat az agyban \u00e9s a gerincvel\u0151ben tal\u00e1lhat\u00f3 narkotikus receptorokhoz val\u00f3 k\u00f6t\u0151d\u00e9se r\u00e9v\u00e9n. Sz\u00fcks\u00e9g szerint \u00e9tellel vagy an\u00e9lk\u00fcl is bevehet\u0151. Alkohollal egy\u00fctt szedve fokozhatja a b\u00e1gyadts\u00e1got. K\u00f6lcs\u00f6nhat\u00e1sba l\u00e9phet a monoamin-oxid\u00e1z-g\u00e1tl\u00f3kkal, valamint m\u00e1s, f\u00e1radts\u00e1got okoz\u00f3 gy\u00f3gyszerekkel. Az FDA B terhess\u00e9gi oszt\u00e1ly\u00e1ba tartozik: a magzatra vagy a magzatra gyakorolt \u200b\u200bhat\u00e1sa nem egy\u00e9rtelm\u0171en ismert, \u00e9s a v\u00e1rand\u00f3s n\u0151knek konzult\u00e1lniuk kell orvosukkal a szed\u00e9se el\u0151tt. A gyakori t\u00fcnetek k\u00f6z\u00e9 tartozik a decombobul\u00e1ci\u00f3, sz\u00e9d\u00fcl\u00e9s, h\u00e1nyinger, f\u00e1radts\u00e1g, elz\u00e1r\u00f3d\u00e1s, \u00f6klendez\u00e9s \u00e9s ext\u00e1zis. N\u00e9h\u00e1ny kev\u00e9sb\u00e9 gyakori t\u00fcnet a kedvez\u0151tlen allergi\u00e1s reakci\u00f3, v\u00e9rk\u00e9pz\u0151rendszeri probl\u00e9m\u00e1k, hangulatv\u00e1ltoz\u00e1sok, hom\u00e1lyos l\u00e1t\u00e1s, szorong\u00e1s, alv\u00e1si zavarok, vizel\u00e9si neh\u00e9zs\u00e9gek, h\u00fagyvezet\u00e9k g\u00f6rcse, sz\u00f3rv\u00e1nyos vagy neh\u00e9zl\u00e9gz\u00e9s \u00e9s ki\u00fct\u00e9s. V\u00e1s\u00e1roljon Vicodin ES-t online<\/p>\n<p>Vicodin v\u00e1s\u00e1rl\u00e1sa: hajlamform\u00e1l\u00f3 hat\u00e1s\u00fa, \u00e9s fizikai \u00e9s ment\u00e1lis f\u00fcgg\u0151s\u00e9get okozhat, azonban a f\u00fcgg\u0151s\u00e9g kialakul\u00e1s\u00e1nak lehet\u0151s\u00e9ge egy\u00e9nenk\u00e9nt v\u00e1ltozik a rendk\u00edv\u00fcli term\u00e9szetes k\u00fcl\u00f6nbs\u00e9gekt\u0151l f\u00fcgg\u0151en. A gy\u00f3gyszer keresked\u00e9se \u00e9s gy\u00e1rt\u00e1sa az ut\u00f3bbi id\u0151ben jelent\u0151sen megn\u0151tt, ak\u00e1rcsak az \u00e1tir\u00e1ny\u00edt\u00e1s \u00e9s az illeg\u00e1lis haszn\u00e1lat. Az Egyes\u00fclt \u00c1llamokban a tiszta hidrokodont \u00e9s a 15 mg-n\u00e1l t\u00f6bb hidrokodont tartalmaz\u00f3 k\u00e9sz\u00edtm\u00e9nyeket II. jegyz\u00e9k\u0171 gy\u00f3gyszereknek tekintik. Azokat, amelyek acetaminofennel vagy m\u00e1s nem ellen\u0151rz\u00f6tt gy\u00f3gyszerrel keverve nem pontosan vagy azzal egyen\u00e9rt\u00e9k\u0171 mennyis\u00e9get tartalmaznak acetaminofennel vagy m\u00e1s nem ellen\u0151rz\u00f6tt gy\u00f3gyszerrel, hidrokodonkever\u00e9keknek nevezik, \u00e9s III. jegyz\u00e9k\u0171 gy\u00f3gyszereknek tekintik. A hidrokodont gyakran m\u00e1s gy\u00f3gyszerekkel, p\u00e9ld\u00e1ul paracetamol f\u00e1jdalomcsillap\u00edt\u00f3val, ibuprofennel \u00e9s homatropin-metilbromiddal keverve tal\u00e1lj\u00e1k meg. A nem ellen\u0151rz\u00f6tt gy\u00f3gyszerek kever\u00e9kben val\u00f3 felhaszn\u00e1l\u00e1s\u00e1nak oka \u00e1ltal\u00e1ban kett\u0151s. 1) A f\u00e1jdalomcsillap\u00edt\u00e1s fokoz\u00e1sa a gy\u00f3gyszer kooperat\u00edv erej\u00e9vel. 2) A hidrokodon bevitel\u00e9nek korl\u00e1toz\u00e1sa az\u00e1ltal, hogy s\u00falyos \u00e9s gyakran vesz\u00e9lyes t\u00fcneteket okoz az el\u0151\u00edrtn\u00e1l nagyobb adagokban (l\u00e1sd al\u00e1bb). Az Egyes\u00fclt Kir\u00e1lys\u00e1gban az 1971-es k\u00e1b\u00edt\u00f3szer-vissza\u00e9l\u00e9sr\u0151l sz\u00f3l\u00f3 t\u00f6rv\u00e9ny \u00e9rtelm\u00e9ben A oszt\u00e1ly\u00fa gy\u00f3gyszerk\u00e9nt van nyilv\u00e1ntartva. A hidrokodon az Egyes\u00fclt \u00c1llamokban egy m\u00e1sik ir\u00e1nyelv miatt nem kaphat\u00f3 tiszta form\u00e1ban, \u00e9s mindig NSAID-dal, acetaminofennel vagy antihisztaminnal egy\u00fctt \u00e9rt\u00e9kes\u00edtik. A Codiclear DH nev\u0171, hamis\u00edtott k\u00e9sz\u00edtm\u00e9ny a legkiv\u00e1l\u00f3bb amerikai hidrokodonterm\u00e9k, amely guaifenezint \u00e9s kis mennyis\u00e9g\u0171 etanolt tartalmaz dinamikus hat\u00f3anyagk\u00e9nt. N\u00e9metorsz\u00e1gban \u00e9s m\u00e1sutt a hidrokodon egyetlen dinamikus hat\u00f3anyagot tartalmaz\u00f3 tabletta form\u00e1j\u00e1ban kaphat\u00f3 Dicodid n\u00e9ven (az eredeti gy\u00e1rt\u00f3 m\u00e1s term\u00e9keihez, a Dilaudidhoz \u00e9s a Dinarkonhoz stb. hasonl\u00f3an), 5 \u00e9s 10 mg-os kiszerel\u00e9sben.<\/p>\n<p>Vicodin v\u00e1s\u00e1rl\u00e1s, hidrokodon k\u00e9r\u00e9se, kopott hidrokodon, hidrokodon az interneten, hidrokodon, gy\u00f3gyszerek, el\u00e9rhet\u0151, tartalmaz\u00f3, hat\u00e1sok, b\u00e1gyadts\u00e1g, acetaminofen, kever\u00e9k, dinamikus, norm\u00e1lis, kontroll\u00e1lt, f\u00fcgg\u0151s\u00e9g, egy\u00e9ni, figyelembe vett, terv, kib\u0151v\u00edtett, d\u00f3zis, \u00f6sszevonva, be\u00e9p\u00edtett, f\u00e1jdalomcsillap\u00edt\u00f3, opi\u00e1t, narkotikum, kever\u00e9kek, ibuprofen, N\u00e9metorsz\u00e1g, hycodan, dek\u00f3dol\u00e1s, szerkezetek, \u00e1llapotok, reakci\u00f3k, m\u00e9rt\u00e9kegys\u00e9g, d\u00f3zisonk\u00e9nt, figyelembe veszik, figyelembe vett\u00e9k az \u00fctemtervet, nem kontroll\u00e1lt, kever\u00e9s, norm\u00e1l oldal, USA, az egys\u00e9ges, a, egy\u00fctt szedve, k\u00fcl\u00f6nb\u00f6z\u0151 gy\u00f3gyszerek, m\u00e1ssal<\/p>","protected":false},"excerpt":{"rendered":"<p>Buy Vicodin Online Moderate to severe pain is treated with this combo medicine. It has two types of painkillers: acetaminophen, a non-opioid, and hydrocodone, an opioid. The way your body perceives and reacts to pain is altered by hydrocodone&#8217;s action on the brain. Fever may also be lowered with paracetamol. How do I take Vicodin? [&hellip;]<\/p>","protected":false},"featured_media":3084,"comment_status":"open","ping_status":"closed","template":"","meta":{"site-sidebar-layout":"default","site-content-layout":"","ast-site-content-layout":"default","site-content-style":"default","site-sidebar-style":"default","ast-global-header-display":"","ast-banner-title-visibility":"","ast-main-header-display":"","ast-hfb-above-header-display":"","ast-hfb-below-header-display":"","ast-hfb-mobile-header-display":"","site-post-title":"","ast-breadcrumbs-content":"","ast-featured-img":"","footer-sml-layout":"","theme-transparent-header-meta":"default","adv-header-id-meta":"","stick-header-meta":"","header-above-stick-meta":"","header-main-stick-meta":"","header-below-stick-meta":"","astra-migrate-meta-layouts":"set","ast-page-background-enabled":"default","ast-page-background-meta":{"desktop":{"background-color":"var(--ast-global-color-4)","background-image":"","background-repeat":"repeat","background-position":"center center","background-size":"auto","background-attachment":"scroll","background-type":"","background-media":"","overlay-type":"","overlay-color":"","overlay-opacity":"","overlay-gradient":""},"tablet":{"background-color":"","background-image":"","background-repeat":"repeat","background-position":"center center","background-size":"auto","background-attachment":"scroll","background-type":"","background-media":"","overlay-type":"","overlay-color":"","overlay-opacity":"","overlay-gradient":""},"mobile":{"background-color":"","background-image":"","background-repeat":"repeat","background-position":"center center","background-size":"auto","background-attachment":"scroll","background-type":"","background-media":"","overlay-type":"","overlay-color":"","overlay-opacity":"","overlay-gradient":""}},"ast-content-background-meta":{"desktop":{"background-color":"var(--ast-global-color-5)","background-image":"","background-repeat":"repeat","background-position":"center center","background-size":"auto","background-attachment":"scroll","background-type":"","background-media":"","overlay-type":"","overlay-color":"","overlay-opacity":"","overlay-gradient":""},"tablet":{"background-color":"var(--ast-global-color-5)","background-image":"","background-repeat":"repeat","background-position":"center center","background-size":"auto","background-attachment":"scroll","background-type":"","background-media":"","overlay-type":"","overlay-color":"","overlay-opacity":"","overlay-gradient":""},"mobile":{"background-color":"var(--ast-global-color-5)","background-image":"","background-repeat":"repeat","background-position":"center center","background-size":"auto","background-attachment":"scroll","background-type":"","background-media":"","overlay-type":"","overlay-color":"","overlay-opacity":"","overlay-gradient":""}}},"product_brand":[],"product_cat":[2385],"product_tag":[1266,1267,1265,1260,1263,1262,1261,1264,1259,1258,1269,1268],"class_list":{"0":"post-3054","1":"product","2":"type-product","3":"status-publish","4":"has-post-thumbnail","6":"product_cat-buy-pain-killer-pills-online","7":"product_tag-buy-vicodin-es-in-canada","8":"product_tag-buy-vicodin-es-in-uk","9":"product_tag-buy-vicodin-es-in-usa","10":"product_tag-buy-vicodin-es-with-bitcoin","11":"product_tag-buy-vicodin-es-with-credit-card","12":"product_tag-buy-vicodin-es-with-money-gram","13":"product_tag-buy-vicodin-es-with-western-union","14":"product_tag-buy-vicodin-es-without-a-doctor","15":"product_tag-buy-vicodin-es-without-prescription","16":"product_tag-vicodin-es-for-sale","17":"product_tag-vicodin-es-pills","18":"product_tag-vicodin-es-tablets","19":"desktop-align-center","20":"tablet-align-left","21":"mobile-align-left","23":"first","24":"instock","25":"shipping-taxable","26":"purchasable","27":"product-type-variable","28":"has-default-attributes"},"yoast_head":"<!-- This site is optimized with the Yoast SEO plugin v25.9 - https:\/\/yoast.com\/wordpress\/plugins\/seo\/ -->\n<title>Buy Vicodin-ES Online - Vicodin-ES for Sale - Order Vicodin-ES<\/title>\n<meta name=\"description\" content=\"You can get in touch with our online Buy-Prescriptionz store and buy Vicodin-ES online. You can get Vicodin-ES for sale at cheap prices. Place order right away!\" \/>\n<meta name=\"robots\" content=\"index, follow, max-snippet:-1, max-image-preview:large, max-video-preview:-1\" \/>\n<link rel=\"canonical\" href=\"https:\/\/buy-prescriptionz.com\/hu\/term\u00e9k\/vicodin-es-online-vasarlas\/\" \/>\n<meta property=\"og:locale\" content=\"hu_HU\" \/>\n<meta property=\"og:type\" content=\"article\" \/>\n<meta property=\"og:title\" content=\"Buy Vicodin-ES Online - Vicodin-ES for Sale - Order Vicodin-ES\" \/>\n<meta property=\"og:description\" content=\"You can get in touch with our online Buy-Prescriptionz store and buy Vicodin-ES online. You can get Vicodin-ES for sale at cheap prices. Place order right away!\" \/>\n<meta property=\"og:url\" content=\"https:\/\/buy-prescriptionz.com\/hu\/term\u00e9k\/vicodin-es-online-vasarlas\/\" \/>\n<meta property=\"og:site_name\" content=\"Buy Prescriptionz\" \/>\n<meta property=\"article:modified_time\" content=\"2025-09-26T17:43:17+00:00\" \/>\n<meta property=\"og:image\" content=\"https:\/\/buy-prescriptionz.com\/wp-content\/uploads\/2025\/09\/vicodin-es.jpg\" \/>\n\t<meta property=\"og:image:width\" content=\"400\" \/>\n\t<meta property=\"og:image:height\" content=\"300\" \/>\n\t<meta property=\"og:image:type\" content=\"image\/jpeg\" \/>\n<meta name=\"twitter:card\" content=\"summary_large_image\" \/>\n<meta name=\"twitter:label1\" content=\"Becs\u00fclt olvas\u00e1si id\u0151\" \/>\n\t<meta name=\"twitter:data1\" content=\"5 perc\" \/>\n<script type=\"application\/ld+json\" class=\"yoast-schema-graph\">{\"@context\":\"https:\/\/schema.org\",\"@graph\":[{\"@type\":\"WebPage\",\"@id\":\"https:\/\/buy-prescriptionz.com\/product\/buy-vicodin-es-online\/\",\"url\":\"https:\/\/buy-prescriptionz.com\/product\/buy-vicodin-es-online\/\",\"name\":\"Buy Vicodin-ES Online - Vicodin-ES for Sale - Order Vicodin-ES\",\"isPartOf\":{\"@id\":\"https:\/\/buy-prescriptionz.com\/#website\"},\"primaryImageOfPage\":{\"@id\":\"https:\/\/buy-prescriptionz.com\/product\/buy-vicodin-es-online\/#primaryimage\"},\"image\":{\"@id\":\"https:\/\/buy-prescriptionz.com\/product\/buy-vicodin-es-online\/#primaryimage\"},\"thumbnailUrl\":\"https:\/\/buy-prescriptionz.com\/wp-content\/uploads\/2025\/09\/vicodin-es.jpg\",\"datePublished\":\"2025-09-16T08:56:09+00:00\",\"dateModified\":\"2025-09-26T17:43:17+00:00\",\"description\":\"You can get in touch with our online Buy-Prescriptionz store and buy Vicodin-ES online. You can get Vicodin-ES for sale at cheap prices. Place order right away!\",\"breadcrumb\":{\"@id\":\"https:\/\/buy-prescriptionz.com\/product\/buy-vicodin-es-online\/#breadcrumb\"},\"inLanguage\":\"hu\",\"potentialAction\":[{\"@type\":\"ReadAction\",\"target\":[\"https:\/\/buy-prescriptionz.com\/product\/buy-vicodin-es-online\/\"]}]},{\"@type\":\"ImageObject\",\"inLanguage\":\"hu\",\"@id\":\"https:\/\/buy-prescriptionz.com\/product\/buy-vicodin-es-online\/#primaryimage\",\"url\":\"https:\/\/buy-prescriptionz.com\/wp-content\/uploads\/2025\/09\/vicodin-es.jpg\",\"contentUrl\":\"https:\/\/buy-prescriptionz.com\/wp-content\/uploads\/2025\/09\/vicodin-es.jpg\",\"width\":400,\"height\":300},{\"@type\":\"BreadcrumbList\",\"@id\":\"https:\/\/buy-prescriptionz.com\/product\/buy-vicodin-es-online\/#breadcrumb\",\"itemListElement\":[{\"@type\":\"ListItem\",\"position\":1,\"name\":\"Home\",\"item\":\"https:\/\/buy-prescriptionz.com\/\"},{\"@type\":\"ListItem\",\"position\":2,\"name\":\"Shop Painkillers Online\",\"item\":\"https:\/\/buy-prescriptionz.com\/shop-painkillers-online\/\"},{\"@type\":\"ListItem\",\"position\":3,\"name\":\"Buy Vicodin ES Online\"}]},{\"@type\":\"WebSite\",\"@id\":\"https:\/\/buy-prescriptionz.com\/#website\",\"url\":\"https:\/\/buy-prescriptionz.com\/\",\"name\":\"Buy Prescriptionz\",\"description\":\"Drugs Online\",\"publisher\":{\"@id\":\"https:\/\/buy-prescriptionz.com\/#organization\"},\"potentialAction\":[{\"@type\":\"SearchAction\",\"target\":{\"@type\":\"EntryPoint\",\"urlTemplate\":\"https:\/\/buy-prescriptionz.com\/?s={search_term_string}\"},\"query-input\":{\"@type\":\"PropertyValueSpecification\",\"valueRequired\":true,\"valueName\":\"search_term_string\"}}],\"inLanguage\":\"hu\"},{\"@type\":\"Organization\",\"@id\":\"https:\/\/buy-prescriptionz.com\/#organization\",\"name\":\"Buy Prescriptionz\",\"url\":\"https:\/\/buy-prescriptionz.com\/\",\"logo\":{\"@type\":\"ImageObject\",\"inLanguage\":\"hu\",\"@id\":\"https:\/\/buy-prescriptionz.com\/#\/schema\/logo\/image\/\",\"url\":\"https:\/\/buy-prescriptionz.com\/wp-content\/uploads\/2023\/09\/logo.png\",\"contentUrl\":\"https:\/\/buy-prescriptionz.com\/wp-content\/uploads\/2023\/09\/logo.png\",\"width\":350,\"height\":64,\"caption\":\"Buy Prescriptionz\"},\"image\":{\"@id\":\"https:\/\/buy-prescriptionz.com\/#\/schema\/logo\/image\/\"}}]}<\/script>\n<!-- \/ Yoast SEO plugin. -->","yoast_head_json":{"title":"Vicodin-ES online v\u00e1s\u00e1rl\u00e1sa - Vicodin-ES elad\u00f3 - Vicodin-ES rendel\u00e9se","description":"L\u00e9pjen kapcsolatba online Buy-Prescriptionz \u00e1ruh\u00e1zunkkal, \u00e9s v\u00e1s\u00e1roljon Vicodin-ES-t online. A Vicodin-ES-t olcs\u00f3n v\u00e1s\u00e1rolhatja meg. Adja le rendel\u00e9s\u00e9t most!","robots":{"index":"index","follow":"follow","max-snippet":"max-snippet:-1","max-image-preview":"max-image-preview:large","max-video-preview":"max-video-preview:-1"},"canonical":"https:\/\/buy-prescriptionz.com\/hu\/term\u00e9k\/vicodin-es-online-vasarlas\/","og_locale":"hu_HU","og_type":"article","og_title":"Buy Vicodin-ES Online - Vicodin-ES for Sale - Order Vicodin-ES","og_description":"You can get in touch with our online Buy-Prescriptionz store and buy Vicodin-ES online. You can get Vicodin-ES for sale at cheap prices. Place order right away!","og_url":"https:\/\/buy-prescriptionz.com\/hu\/term\u00e9k\/vicodin-es-online-vasarlas\/","og_site_name":"Buy Prescriptionz","article_modified_time":"2025-09-26T17:43:17+00:00","og_image":[{"width":400,"height":300,"url":"https:\/\/buy-prescriptionz.com\/wp-content\/uploads\/2025\/09\/vicodin-es.jpg","type":"image\/jpeg"}],"twitter_card":"summary_large_image","twitter_misc":{"Becs\u00fclt olvas\u00e1si id\u0151":"5 perc"},"schema":{"@context":"https:\/\/schema.org","@graph":[{"@type":"WebPage","@id":"https:\/\/buy-prescriptionz.com\/product\/buy-vicodin-es-online\/","url":"https:\/\/buy-prescriptionz.com\/product\/buy-vicodin-es-online\/","name":"Vicodin-ES online v\u00e1s\u00e1rl\u00e1sa - Vicodin-ES elad\u00f3 - Vicodin-ES rendel\u00e9se","isPartOf":{"@id":"https:\/\/buy-prescriptionz.com\/#website"},"primaryImageOfPage":{"@id":"https:\/\/buy-prescriptionz.com\/product\/buy-vicodin-es-online\/#primaryimage"},"image":{"@id":"https:\/\/buy-prescriptionz.com\/product\/buy-vicodin-es-online\/#primaryimage"},"thumbnailUrl":"https:\/\/buy-prescriptionz.com\/wp-content\/uploads\/2025\/09\/vicodin-es.jpg","datePublished":"2025-09-16T08:56:09+00:00","dateModified":"2025-09-26T17:43:17+00:00","description":"L\u00e9pjen kapcsolatba online Buy-Prescriptionz \u00e1ruh\u00e1zunkkal, \u00e9s v\u00e1s\u00e1roljon Vicodin-ES-t online. A Vicodin-ES-t olcs\u00f3n v\u00e1s\u00e1rolhatja meg. Adja le rendel\u00e9s\u00e9t most!","breadcrumb":{"@id":"https:\/\/buy-prescriptionz.com\/product\/buy-vicodin-es-online\/#breadcrumb"},"inLanguage":"hu","potentialAction":[{"@type":"ReadAction","target":["https:\/\/buy-prescriptionz.com\/product\/buy-vicodin-es-online\/"]}]},{"@type":"ImageObject","inLanguage":"hu","@id":"https:\/\/buy-prescriptionz.com\/product\/buy-vicodin-es-online\/#primaryimage","url":"https:\/\/buy-prescriptionz.com\/wp-content\/uploads\/2025\/09\/vicodin-es.jpg","contentUrl":"https:\/\/buy-prescriptionz.com\/wp-content\/uploads\/2025\/09\/vicodin-es.jpg","width":400,"height":300},{"@type":"BreadcrumbList","@id":"https:\/\/buy-prescriptionz.com\/product\/buy-vicodin-es-online\/#breadcrumb","itemListElement":[{"@type":"ListItem","position":1,"name":"Home","item":"https:\/\/buy-prescriptionz.com\/"},{"@type":"ListItem","position":2,"name":"Shop Painkillers Online","item":"https:\/\/buy-prescriptionz.com\/shop-painkillers-online\/"},{"@type":"ListItem","position":3,"name":"Buy Vicodin ES Online"}]},{"@type":"WebSite","@id":"https:\/\/buy-prescriptionz.com\/#website","url":"https:\/\/buy-prescriptionz.com\/","name":"Buy Prescriptionz","description":"Online gy\u00f3gyszerek","publisher":{"@id":"https:\/\/buy-prescriptionz.com\/#organization"},"potentialAction":[{"@type":"SearchAction","target":{"@type":"EntryPoint","urlTemplate":"https:\/\/buy-prescriptionz.com\/?s={search_term_string}"},"query-input":{"@type":"PropertyValueSpecification","valueRequired":true,"valueName":"search_term_string"}}],"inLanguage":"hu"},{"@type":"Organization","@id":"https:\/\/buy-prescriptionz.com\/#organization","name":"Buy Prescriptionz","url":"https:\/\/buy-prescriptionz.com\/","logo":{"@type":"ImageObject","inLanguage":"hu","@id":"https:\/\/buy-prescriptionz.com\/#\/schema\/logo\/image\/","url":"https:\/\/buy-prescriptionz.com\/wp-content\/uploads\/2023\/09\/logo.png","contentUrl":"https:\/\/buy-prescriptionz.com\/wp-content\/uploads\/2023\/09\/logo.png","width":350,"height":64,"caption":"Buy Prescriptionz"},"image":{"@id":"https:\/\/buy-prescriptionz.com\/#\/schema\/logo\/image\/"}}]}},"_links":{"self":[{"href":"https:\/\/buy-prescriptionz.com\/hu\/wp-json\/wp\/v2\/product\/3054","targetHints":{"allow":["GET"]}}],"collection":[{"href":"https:\/\/buy-prescriptionz.com\/hu\/wp-json\/wp\/v2\/product"}],"about":[{"href":"https:\/\/buy-prescriptionz.com\/hu\/wp-json\/wp\/v2\/types\/product"}],"replies":[{"embeddable":true,"href":"https:\/\/buy-prescriptionz.com\/hu\/wp-json\/wp\/v2\/comments?post=3054"}],"wp:featuredmedia":[{"embeddable":true,"href":"https:\/\/buy-prescriptionz.com\/hu\/wp-json\/wp\/v2\/media\/3084"}],"wp:attachment":[{"href":"https:\/\/buy-prescriptionz.com\/hu\/wp-json\/wp\/v2\/media?parent=3054"}],"wp:term":[{"taxonomy":"product_brand","embeddable":true,"href":"https:\/\/buy-prescriptionz.com\/hu\/wp-json\/wp\/v2\/product_brand?post=3054"},{"taxonomy":"product_cat","embeddable":true,"href":"https:\/\/buy-prescriptionz.com\/hu\/wp-json\/wp\/v2\/product_cat?post=3054"},{"taxonomy":"product_tag","embeddable":true,"href":"https:\/\/buy-prescriptionz.com\/hu\/wp-json\/wp\/v2\/product_tag?post=3054"}],"curies":[{"name":"wp","href":"https:\/\/api.w.org\/{rel}","templated":true}]}}